{"id":1025,"date":"2023-06-23T06:06:37","date_gmt":"2023-06-23T06:06:37","guid":{"rendered":"https:\/\/www.eikholt.no\/?page_id=1025"},"modified":"2025-05-08T12:14:15","modified_gmt":"2025-05-08T12:14:15","slug":"organisation-egetrae","status":"publish","type":"page","link":"https:\/\/www.eikholt.no\/da\/organisation-egetrae\/","title":{"rendered":"Organisation"},"content":{"rendered":"<p><strong>Bestyrelse<\/strong><br>Bestyrelsen er Eikholt's \u00f8verste organ og best\u00e5r af en formand og fire medlemmer. To af bestyrelsesmedlemmerne skal repr\u00e6sentere brugere af Eikholt's tjenester.<\/p>\n\n\n\n<p><strong>Formand for bestyrelsen<\/strong><\/p>\n\n\n\n<ul class=\"wp-block-list\">\n<li>Kristin \u00d8rmen Johnsen<\/li>\n<\/ul>\n\n\n\n<p><strong>Bestyrelsesmedlemmer<\/strong><\/p>\n\n\n\n<ul class=\"wp-block-list\">\n<li>Simen Eriksen - brugerrepr\u00e6sentant<\/li>\n\n\n\n<li>Kathrine Bordevich - brugerrepr\u00e6sentant<\/li>\n\n\n\n<li>Kirsti Kolle Gr\u00f8ndahl<\/li>\n\n\n\n<li>Cathrine Timm Sundin - medarbejderrepr\u00e6sentant<\/li>\n<\/ul>\n\n\n\n<p><strong>Stedfortr\u00e6dende medlemmer<\/strong><\/p>\n\n\n\n<ul class=\"wp-block-list\">\n<li>Andreas Muri<\/li>\n\n\n\n<li>Nina Helene Skorge - brugerrepr\u00e6sentant<\/li>\n\n\n\n<li>H\u00e5kon Lundhaug - medarbejderrepr\u00e6sentant<\/li>\n<\/ul>\n\n\n\n<p><strong>Nomineringsudvalg<\/strong><\/p>\n\n\n\n<ul class=\"wp-block-list\">\n<li>Erik Dalheim (leder)<\/li>\n\n\n\n<li>Kari Kristine Engan<\/li>\n\n\n\n<li>Roar Meland<\/li>\n<\/ul>\n\n\n\n<p><strong>Ledelse<\/strong><br>Eikholt's ledelse best\u00e5r af direkt\u00f8ren og lederne af de tekniske og driftsm\u00e6ssige afdelinger. Ledelsesm\u00f8det er et r\u00e5dgivende organ for direkt\u00f8ren.<\/p>\n\n\n\n<p><strong>Administrerende direkt\u00f8r:<\/strong><\/p>\n\n\n\n<ul class=\"wp-block-list\">\n<li>Roar Meland<\/li>\n<\/ul>\n\n\n\n<p><strong>Afdelingsledere<\/strong><\/p>\n\n\n\n<ul class=\"wp-block-list\">\n<li>Thomas \u00d8verby, programleder<\/li>\n\n\n\n<li>Veronica Samuelsen, driftsleder<\/li>\n<\/ul>\n\n\n\n<h2 class=\"wp-block-heading\">\u00c5rsrapport for Eikholt<\/h2>\n\n\n\n<p>Her finder du to versioner af \u00e5rsrapporten for Eikholt, en lang og en kort. Begge kan downloades som PDF.<\/p>\n\n\n\n<p><strong><a href=\"https:\/\/www.eikholt.no\/da\/app\/uploads\/2025\/04\/arsrapport-2024-for-eikholt-pdf\/\">\u00c5rsrapport 2024 - lang version<\/a><\/strong><\/p>\n\n\n\n<p><strong><a href=\"https:\/\/www.eikholt.no\/da\/app\/uploads\/2025\/04\/arsrapport-2024-eikholt-kort-version-pdf\/\">\u00c5rsrapport 2024 - kort version<\/a><\/strong><\/p>\n\n\n\n<h2 class=\"wp-block-heading\">L\u00e6s mere?<\/h2>\n\n\n\n<p>Her kan du l\u00e6se om <strong><a href=\"https:\/\/www.eikholt.no\/da\/app\/uploads\/2025\/05\/vedtekter_eikholt-1.pdf\/\">Vedt\u00e6gter for Eikholt<\/a><\/strong><\/p>\n\n\n\n<p>Her kan du l\u00e6se om <strong><a href=\"https:\/\/www.eikholt.no\/da\/app\/uploads\/2025\/05\/retningslinjer-for-valgkomite_vedtatt-2013.12.09.pdf\/\">Retningslinjer for nomineringsudvalget<\/a><\/strong><\/p>\n\n\n\n<p>L\u00e6r at kende\u00a0<strong><a href=\"https:\/\/www.eikholt.no\/da\/historie\/\">Eikholt's historie<\/a><\/strong><\/p>\n\n\n\n<p>L\u00e6s mere om<a href=\"https:\/\/www.eikholt.no\/da\/om-os\/om-os-vores-mission\/\"> <strong>Eikholt's missioner<\/strong><\/a><\/p>\n\n\n\n<h2 class=\"wp-block-heading\">Har du nogen sp\u00f8rgsm\u00e5l?<\/h2>\n\n\n\n<p>Kom i kontakt med os! Du kan finde vores kontaktoplysninger her:\u00a0\u00a0<strong><a href=\"https:\/\/www.eikholt.no\/da\/kontakt-os\/\" target=\"_blank\" rel=\"noreferrer noopener\">Kontakt os<\/a>\u00a0\u00a0<\/strong><\/p>\n\n\n\n<p><\/p>","protected":false},"excerpt":{"rendered":"<p>BestyrelsenBestyrelsen er Eikholt's \u00f8verste organ og best\u00e5r af en formand og fire medlemmer. To af bestyrelsesmedlemmerne skal repr\u00e6sentere brugere af Eikholt's tjenester. LedelsenEikholt's ledelse best\u00e5r af direkt\u00f8ren og lederne af de tekniske og operationelle afdelinger. Ledelsesm\u00f8det er et r\u00e5dgivende organ for den administrerende direkt\u00f8r. Administrerende direkt\u00f8r: Afdelingsledere \u00c5rsrapport for Eikholt Her finder du to versioner af \u00e5rsrapporten for Eikholt, en<\/p>","protected":false},"author":1,"featured_media":0,"parent":0,"menu_order":0,"comment_status":"closed","ping_status":"closed","template":"","meta":{"_acf_changed":false,"inline_featured_image":false,"ep_exclude_from_search":false,"footnotes":""},"class_list":["post-1025","page","type-page","status-publish","hentry"],"acf":[],"yoast_head":"<!-- This site is optimized with the Yoast SEO plugin v25.8 - https:\/\/yoast.com\/wordpress\/plugins\/seo\/ -->\n<title>Organisasjon - Eikholt<\/title>\n<meta name=\"description\" content=\"Styret er Eikholts \u00f8verste organ, og best\u00e5r av\u00a0styreleder og\u00a0fire medlemmer. Les mer her;\" \/>\n<meta name=\"robots\" content=\"index, follow, max-snippet:-1, max-image-preview:large, max-video-preview:-1\" \/>\n<link rel=\"canonical\" href=\"https:\/\/www.eikholt.no\/da\/organisation-egetrae\/\" \/>\n<meta property=\"og:locale\" content=\"da_DK\" \/>\n<meta property=\"og:type\" content=\"article\" \/>\n<meta property=\"og:title\" content=\"Organisasjon - Eikholt\" \/>\n<meta property=\"og:description\" content=\"Styret er Eikholts \u00f8verste organ, og best\u00e5r av\u00a0styreleder og\u00a0fire medlemmer. Les mer her;\" \/>\n<meta property=\"og:url\" content=\"https:\/\/www.eikholt.no\/da\/organisation-egetrae\/\" \/>\n<meta property=\"og:site_name\" content=\"Eikholt\" \/>\n<meta property=\"article:publisher\" content=\"https:\/\/www.facebook.com\/eikholt.kompetansesenter\" \/>\n<meta property=\"article:modified_time\" content=\"2025-05-08T12:14:15+00:00\" \/>\n<meta name=\"twitter:card\" content=\"summary_large_image\" \/>\n<meta name=\"twitter:label1\" content=\"Est. reading time\" \/>\n\t<meta name=\"twitter:data1\" content=\"1 minute\" \/>\n<script type=\"application\/ld+json\" class=\"yoast-schema-graph\">{\"@context\":\"https:\/\/schema.org\",\"@graph\":[{\"@type\":\"WebPage\",\"@id\":\"https:\/\/www.eikholt.no\/organisasjon-eikholt\/\",\"url\":\"https:\/\/www.eikholt.no\/organisasjon-eikholt\/\",\"name\":\"Organisasjon - Eikholt\",\"isPartOf\":{\"@id\":\"https:\/\/www.eikholt.no\/#website\"},\"datePublished\":\"2023-06-23T06:06:37+00:00\",\"dateModified\":\"2025-05-08T12:14:15+00:00\",\"description\":\"Styret er Eikholts \u00f8verste organ, og best\u00e5r av\u00a0styreleder og\u00a0fire medlemmer. Les mer her;\",\"breadcrumb\":{\"@id\":\"https:\/\/www.eikholt.no\/organisasjon-eikholt\/#breadcrumb\"},\"inLanguage\":\"da-DK\",\"potentialAction\":[{\"@type\":\"ReadAction\",\"target\":[\"https:\/\/www.eikholt.no\/organisasjon-eikholt\/\"]}]},{\"@type\":\"BreadcrumbList\",\"@id\":\"https:\/\/www.eikholt.no\/organisasjon-eikholt\/#breadcrumb\",\"itemListElement\":[{\"@type\":\"ListItem\",\"position\":1,\"name\":\"Forside\",\"item\":\"https:\/\/www.eikholt.no\/\"},{\"@type\":\"ListItem\",\"position\":2,\"name\":\"Organisasjon\"}]},{\"@type\":\"WebSite\",\"@id\":\"https:\/\/www.eikholt.no\/#website\",\"url\":\"https:\/\/www.eikholt.no\/\",\"name\":\"Eikholt\",\"description\":\"\",\"publisher\":{\"@id\":\"https:\/\/www.eikholt.no\/#organization\"},\"potentialAction\":[{\"@type\":\"SearchAction\",\"target\":{\"@type\":\"EntryPoint\",\"urlTemplate\":\"https:\/\/www.eikholt.no\/?s={search_term_string}\"},\"query-input\":{\"@type\":\"PropertyValueSpecification\",\"valueRequired\":true,\"valueName\":\"search_term_string\"}}],\"inLanguage\":\"da-DK\"},{\"@type\":\"Organization\",\"@id\":\"https:\/\/www.eikholt.no\/#organization\",\"name\":\"Eikholt\",\"url\":\"https:\/\/www.eikholt.no\/\",\"logo\":{\"@type\":\"ImageObject\",\"inLanguage\":\"da-DK\",\"@id\":\"https:\/\/www.eikholt.no\/#\/schema\/logo\/image\/\",\"url\":\"https:\/\/www.eikholt.no\/app\/uploads\/2024\/04\/cropped-Logo-Eikholt-ny.jpg\",\"contentUrl\":\"https:\/\/www.eikholt.no\/app\/uploads\/2024\/04\/cropped-Logo-Eikholt-ny.jpg\",\"width\":419,\"height\":209,\"caption\":\"Eikholt\"},\"image\":{\"@id\":\"https:\/\/www.eikholt.no\/#\/schema\/logo\/image\/\"},\"sameAs\":[\"https:\/\/www.facebook.com\/eikholt.kompetansesenter\"]}]}<\/script>\n<!-- \/ Yoast SEO plugin. -->","yoast_head_json":{"title":"Organisation - Eikholt","description":"Bestyrelsen er Eikholt's \u00f8verste organ og best\u00e5r af formanden og fire medlemmer. L\u00e6s mere her;","robots":{"index":"index","follow":"follow","max-snippet":"max-snippet:-1","max-image-preview":"max-image-preview:large","max-video-preview":"max-video-preview:-1"},"canonical":"https:\/\/www.eikholt.no\/da\/organisation-egetrae\/","og_locale":"da_DK","og_type":"article","og_title":"Organisasjon - Eikholt","og_description":"Styret er Eikholts \u00f8verste organ, og best\u00e5r av\u00a0styreleder og\u00a0fire medlemmer. Les mer her;","og_url":"https:\/\/www.eikholt.no\/da\/organisation-egetrae\/","og_site_name":"Eikholt","article_publisher":"https:\/\/www.facebook.com\/eikholt.kompetansesenter","article_modified_time":"2025-05-08T12:14:15+00:00","twitter_card":"summary_large_image","twitter_misc":{"Est. reading time":"1 minute"},"schema":{"@context":"https:\/\/schema.org","@graph":[{"@type":"WebPage","@id":"https:\/\/www.eikholt.no\/organisasjon-eikholt\/","url":"https:\/\/www.eikholt.no\/organisasjon-eikholt\/","name":"Organisation - Eikholt","isPartOf":{"@id":"https:\/\/www.eikholt.no\/#website"},"datePublished":"2023-06-23T06:06:37+00:00","dateModified":"2025-05-08T12:14:15+00:00","description":"Bestyrelsen er Eikholt's \u00f8verste organ og best\u00e5r af formanden og fire medlemmer. L\u00e6s mere her;","breadcrumb":{"@id":"https:\/\/www.eikholt.no\/organisasjon-eikholt\/#breadcrumb"},"inLanguage":"da-DK","potentialAction":[{"@type":"ReadAction","target":["https:\/\/www.eikholt.no\/organisasjon-eikholt\/"]}]},{"@type":"BreadcrumbList","@id":"https:\/\/www.eikholt.no\/organisasjon-eikholt\/#breadcrumb","itemListElement":[{"@type":"ListItem","position":1,"name":"Forside","item":"https:\/\/www.eikholt.no\/"},{"@type":"ListItem","position":2,"name":"Organisasjon"}]},{"@type":"WebSite","@id":"https:\/\/www.eikholt.no\/#website","url":"https:\/\/www.eikholt.no\/","name":"Eikholt","description":"","publisher":{"@id":"https:\/\/www.eikholt.no\/#organization"},"potentialAction":[{"@type":"SearchAction","target":{"@type":"EntryPoint","urlTemplate":"https:\/\/www.eikholt.no\/?s={search_term_string}"},"query-input":{"@type":"PropertyValueSpecification","valueRequired":true,"valueName":"search_term_string"}}],"inLanguage":"da-DK"},{"@type":"Organization","@id":"https:\/\/www.eikholt.no\/#organization","name":"Eikholt","url":"https:\/\/www.eikholt.no\/","logo":{"@type":"ImageObject","inLanguage":"da-DK","@id":"https:\/\/www.eikholt.no\/#\/schema\/logo\/image\/","url":"https:\/\/www.eikholt.no\/app\/uploads\/2024\/04\/cropped-Logo-Eikholt-ny.jpg","contentUrl":"https:\/\/www.eikholt.no\/app\/uploads\/2024\/04\/cropped-Logo-Eikholt-ny.jpg","width":419,"height":209,"caption":"Eikholt"},"image":{"@id":"https:\/\/www.eikholt.no\/#\/schema\/logo\/image\/"},"sameAs":["https:\/\/www.facebook.com\/eikholt.kompetansesenter"]}]}},"_links":{"self":[{"href":"https:\/\/www.eikholt.no\/da\/wp-json\/wp\/v2\/pages\/1025","targetHints":{"allow":["GET"]}}],"collection":[{"href":"https:\/\/www.eikholt.no\/da\/wp-json\/wp\/v2\/pages"}],"about":[{"href":"https:\/\/www.eikholt.no\/da\/wp-json\/wp\/v2\/types\/page"}],"author":[{"embeddable":true,"href":"https:\/\/www.eikholt.no\/da\/wp-json\/wp\/v2\/users\/1"}],"replies":[{"embeddable":true,"href":"https:\/\/www.eikholt.no\/da\/wp-json\/wp\/v2\/comments?post=1025"}],"version-history":[{"count":15,"href":"https:\/\/www.eikholt.no\/da\/wp-json\/wp\/v2\/pages\/1025\/revisions"}],"predecessor-version":[{"id":4649,"href":"https:\/\/www.eikholt.no\/da\/wp-json\/wp\/v2\/pages\/1025\/revisions\/4649"}],"wp:attachment":[{"href":"https:\/\/www.eikholt.no\/da\/wp-json\/wp\/v2\/media?parent=1025"}],"curies":[{"name":"wp","href":"https:\/\/api.w.org\/{rel}","templated":true}]}}