{"id":1029,"date":"2023-06-23T06:30:52","date_gmt":"2023-06-23T06:30:52","guid":{"rendered":"https:\/\/www.eikholt.no\/?page_id=1029"},"modified":"2025-01-06T08:00:14","modified_gmt":"2025-01-06T08:00:14","slug":"historie","status":"publish","type":"page","link":"https:\/\/www.eikholt.no\/da\/historie\/","title":{"rendered":"Eikholt's historie"},"content":{"rendered":"<p>Konnerud bestod oprindeligt af fem g\u00e5rde. Eikholt var en af disse g\u00e5rde, som blev ryddet allerede i det 14. \u00e5rhundrede. Hvor Eikholt nu ligger, blev der i 1600-tallet bygget en d\u00e6mning, Hammerdammen, med tilh\u00f8rende industrianl\u00e6g i forbindelse med minedrift i omr\u00e5det.<\/p>\n\n\n\n<h2 class=\"wp-block-heading\"><strong>Hvordan begyndte det?\u00a0<\/strong><\/h2>\n\n\n\n<p>Der var ikke tidligere nogen indikation p\u00e5, at Eikholt og Konnerud skulle blive centrale navne i norsk d\u00f8vblindehistorie. Det er en af historiens mange tilf\u00e6ldigheder.<\/p>\n\n\n\n<p>Ud over at v\u00e6re en dygtig h\u00e5ndv\u00e6rker med eget firma var murer Olaf Fr\u00f8iland ogs\u00e5 us\u00e6dvanligt socialt engageret. Dette engagement bragte ham i kontakt med Halvdan Larsen, som var d\u00f8vblind. Med sin indlevelsesevne s\u00e5 Olaf Fr\u00f8iland hurtigt, at det, Halvdan Larsen og andre d\u00f8vblinde havde brug for, var et m\u00f8dested. Fr\u00f8iland ejede et stort omr\u00e5de p\u00e5 Konnerud, som han var parat til at bruge til dette form\u00e5l. Da ideen om et m\u00f8dested blev diskuteret, overvejede d\u00f8vblinde flere steder i landet. I sidste ende faldt valget p\u00e5 Eikholt. Resultatet blev, at den 24 hektar store ejendom blev udskilt og afsat til at bygge et center for d\u00f8vblinde.<\/p>\n\n\n\n<p>Der var aldrig blevet bygget noget lignende i Norge. Der var ingen rollemodeller. Der var heller ingen penge. Og som alt andet nyt m\u00f8dte projektet modstand fra dem, der mente, at det b\u00e5de var storhedsvanvid, meningsl\u00f8st og fagligt uacceptabelt. Men pengene kom, ikke mindst gennem Lions, hvor Olaf Fr\u00f8iland ogs\u00e5 var en drivende kraft. Han og Larsen rejste land og rige rundt for at inspirere og samle penge ind. I slutningen af 1970'erne blev planerne og tegningerne udarbejdet, og endelig kunne spaden stikkes i jorden for at bygge Norges f\u00f8rste og eneste landsd\u00e6kkende center for d\u00f8vblinde.<\/p>\n\n\n\n<figure class=\"wp-block-image size-full is-resized\"><img loading=\"lazy\" decoding=\"async\" width=\"378\" height=\"224\" src=\"https:\/\/www.eikholt.no\/app\/uploads\/2023\/06\/Kongen.jpg\" alt=\"\" class=\"wp-image-1030\" style=\"width:684px;height:auto\" srcset=\"https:\/\/www.eikholt.no\/app\/uploads\/2023\/06\/Kongen.jpg 378w, https:\/\/www.eikholt.no\/app\/uploads\/2023\/06\/Kongen-300x178.jpg 300w\" sizes=\"auto, (max-width: 378px) 100vw, 378px\" \/><figcaption class=\"wp-element-caption\">Eikholt Nationalt ressourcecenter for d\u00f8vblindhed stod f\u00e6rdigt i 1980 og blev indviet den 26. august samme \u00e5r af kong Olav V.<\/figcaption><\/figure>\n\n\n\n<h2 class=\"wp-block-heading\"><strong>Vejen frem<\/strong><\/h2>\n\n\n\n<p>Hvad var Eikholt, der hvor det l\u00e5 med sine mange moderne bygninger? Hvad skulle der ske i disse bygninger og lokaler? Hvem skulle bruge alt dette? Ingen havde erfaring med et nationalt center for mennesker med d\u00f8vblindhed. I begyndelsen s\u00e5 mange Eikholt som en sundhedsinstitution. Deltagerne i organisationen blev omtalt som \"patienter\". Eikholt lejede 10 lejligheder ud, og nogle af lejerne spurgte endda lederen, om de m\u00e5tte have g\u00e6ster i deres egne lejligheder. Udviklingen gik sin gang, og til sidst blev patienterne til kursusdeltagere, lederen blev direkt\u00f8r, der blev oprettet en specialiseret afdeling, og der blev talt om hotelfunktioner og g\u00e6ster. En normalisering var p\u00e5 vej.<\/p>\n\n\n\n<p>Per Sanne var Eikholt's f\u00f8rste direkt\u00f8r fra 1980 til han gik p\u00e5 pension i 2001. I perioden fra 1984 til 1994 var Per Sanne direkt\u00f8r for S\u00f8rvangen N\u00e6ringspark ved siden af sit arbejde som direkt\u00f8r for Eikholt.<\/p>\n\n\n\n<p>I begyndelsen var der en d\u00f8gnrytme som p\u00e5 et plejehjem. I dag har de en d\u00f8gnrytme som p\u00e5 et hotel. I begyndelsen blev d\u00f8vblinde transporteret kollektivt til og fra aktiviteter og knudepunkter. I dag kommer man rundt p\u00e5 egen h\u00e5nd eller med en ledsager. Livet med d\u00f8vblindhed er blevet langt mere uafh\u00e6ngigt, normaliseret, selvstyret og individualiseret. Alle aktiviteter p\u00e5 Eikholt er pr\u00e6get af dette.<\/p>\n\n\n\n<h2 class=\"wp-block-heading\"><strong>Fra rekreation til viden og f\u00e6rdigheder<\/strong><\/h2>\n\n\n\n<p>I slutningen af 1970'erne observerede Olaf Fr\u00f8iland, at d\u00f8vblinde havde et stort behov for et sted, hvor de kunne m\u00f8des, og et sted til rekreation. Der var ingen erfaring med et nationalt center. I Fr\u00f8ilands samtaler med mennesker med d\u00f8vblindhed var det netop rekreation og m\u00f8desteder, som de anerkendte som en stor mangel.<\/p>\n\n\n\n<p>Der blev ikke t\u00e6nkt p\u00e5 andre muligheder. Da Eikholt blev en realitet, tog det ikke lang tid, f\u00f8r centrets brugere bem\u00e6rkede, at rekreation er godt, men at de savnede aktiviteter. Den samme oplevelse havde man med m\u00f8destedsfunktionen. Alle vidste, at det var vigtigt at m\u00f8des, men der opstod hurtigt et nyt sp\u00f8rgsm\u00e5l: Hvad skulle de tale om i det lange l\u00f8b? Der manglede nogen! Ud fra disse reaktioner er der opst\u00e5et et omfattende udbud af kurser og vidensproduktion p\u00e5 Eikholt. De er altid blevet udviklet i t\u00e6t kontakt med brugerne af sitet. Ingen er bedre i stand til at sige, hvad mennesker med d\u00f8vblindhed har brug for, end dem, der selv lever med dette handicap.<\/p>\n\n\n\n<p>I dag d\u00e6kker vores uddannelsesvirksomhed en bred vifte af muligheder.<br>Der kommer hele tiden nye tilbud til, og nogle udg\u00e5r, alt efter udviklingen i samfundet og m\u00e5lgruppens behov. Kurserne giver ikke kun traditionel viden, men ogs\u00e5 f\u00e6rdigheder, tr\u00e6ning, fors\u00f8g og nye indsigter.<\/p>\n\n\n\n<p>Her kan du se <a href=\"https:\/\/www.eikholt.no\/da\/faciliteter\/\"><strong>vores faciliteter<\/strong><\/a><\/p>\n\n\n\n<p>Her kan du l\u00e6se om<strong> <a href=\"https:\/\/www.eikholt.no\/da\/tjenester\/\">vores tjenester<\/a><\/strong><\/p>\n\n\n\n<h2 class=\"wp-block-heading\">Har du nogen sp\u00f8rgsm\u00e5l? <\/h2>\n\n\n\n<p>Du kan finde kontaktoplysninger her:\u00a0\u00a0<strong><a href=\"https:\/\/www.eikholt.no\/da\/kontakt-os\/\" target=\"_blank\" rel=\"noreferrer noopener\">Kontakt os<\/a>\u00a0\u00a0<\/strong><\/p>\n\n\n\n<h2 class=\"wp-block-heading\">Er du interesseret i mere information om Eikholt?<\/h2>\n\n\n\n<p>Download appen Info Screen Go i App Store eller Google Play.<\/p>\n\n\n\n<p>Brug koden&nbsp;<strong>Eikholt80<\/strong><\/p>\n\n\n\n<figure class=\"wp-block-image\"><img loading=\"lazy\" decoding=\"async\" width=\"231\" height=\"300\" src=\"https:\/\/www.eikholt.no\/app\/uploads\/2024\/03\/My_App-1-231x300.png\" alt=\"\" class=\"wp-image-2599\" srcset=\"https:\/\/www.eikholt.no\/app\/uploads\/2024\/03\/My_App-1-231x300.png 231w, https:\/\/www.eikholt.no\/app\/uploads\/2024\/03\/My_App-1-790x1024.png 790w, https:\/\/www.eikholt.no\/app\/uploads\/2024\/03\/My_App-1-768x996.png 768w, https:\/\/www.eikholt.no\/app\/uploads\/2024\/03\/My_App-1-1185x1536.png 1185w, https:\/\/www.eikholt.no\/app\/uploads\/2024\/03\/My_App-1-1580x2048.png 1580w\" sizes=\"auto, (max-width: 231px) 100vw, 231px\" \/><\/figure>","protected":false},"excerpt":{"rendered":"<p>Konnerud bestod oprindeligt af fem g\u00e5rde. Eikholt var en af disse g\u00e5rde, som blev ryddet allerede i det 14. \u00e5rhundrede. Hvor Eikholt nu ligger, blev der i 1600-tallet bygget en d\u00e6mning, Hammerdammen, med tilh\u00f8rende industrianl\u00e6g i forbindelse med minedrift i omr\u00e5det. Hvordan begyndte det hele?  Der var tidligere ingen tegn p\u00e5, at Eikholt og Konnerud skulle blive centrale navne i norsk d\u00f8vblindehistorie. Det er en af historiens<\/p>","protected":false},"author":1,"featured_media":0,"parent":0,"menu_order":0,"comment_status":"closed","ping_status":"closed","template":"","meta":{"_acf_changed":false,"inline_featured_image":false,"ep_exclude_from_search":false,"footnotes":""},"class_list":["post-1029","page","type-page","status-publish","hentry"],"acf":[],"yoast_head":"<!-- This site is optimized with the Yoast SEO plugin v25.8 - https:\/\/yoast.com\/wordpress\/plugins\/seo\/ -->\n<title>Eikholt sin historie - Eikholt<\/title>\n<meta name=\"description\" content=\"At Eikholt og Konnerud skulle bli sentrale navn i norsk d\u00f8vblindehistorie, fantes det tidligere ikke noen indikasjoner p\u00e5. Det er en av historiens mange tilfeldigheter.\" \/>\n<meta name=\"robots\" content=\"index, follow, max-snippet:-1, max-image-preview:large, max-video-preview:-1\" \/>\n<link rel=\"canonical\" href=\"https:\/\/www.eikholt.no\/da\/historie\/\" \/>\n<meta property=\"og:locale\" content=\"da_DK\" \/>\n<meta property=\"og:type\" content=\"article\" \/>\n<meta property=\"og:title\" content=\"Eikholt sin historie - Eikholt\" \/>\n<meta property=\"og:description\" content=\"At Eikholt og Konnerud skulle bli sentrale navn i norsk d\u00f8vblindehistorie, fantes det tidligere ikke noen indikasjoner p\u00e5. Det er en av historiens mange tilfeldigheter.\" \/>\n<meta property=\"og:url\" content=\"https:\/\/www.eikholt.no\/da\/historie\/\" \/>\n<meta property=\"og:site_name\" content=\"Eikholt\" \/>\n<meta property=\"article:publisher\" content=\"https:\/\/www.facebook.com\/eikholt.kompetansesenter\" \/>\n<meta property=\"article:modified_time\" content=\"2025-01-06T08:00:14+00:00\" \/>\n<meta property=\"og:image\" content=\"https:\/\/www.eikholt.no\/app\/uploads\/2023\/06\/Kongen.jpg\" \/>\n\t<meta property=\"og:image:width\" content=\"378\" \/>\n\t<meta property=\"og:image:height\" content=\"224\" \/>\n\t<meta property=\"og:image:type\" content=\"image\/jpeg\" \/>\n<meta name=\"twitter:card\" content=\"summary_large_image\" \/>\n<meta name=\"twitter:label1\" content=\"Est. reading time\" \/>\n\t<meta name=\"twitter:data1\" content=\"5 minutes\" \/>\n<script type=\"application\/ld+json\" class=\"yoast-schema-graph\">{\"@context\":\"https:\/\/schema.org\",\"@graph\":[{\"@type\":\"WebPage\",\"@id\":\"https:\/\/www.eikholt.no\/historikk\/\",\"url\":\"https:\/\/www.eikholt.no\/historikk\/\",\"name\":\"Eikholt sin historie - Eikholt\",\"isPartOf\":{\"@id\":\"https:\/\/www.eikholt.no\/#website\"},\"primaryImageOfPage\":{\"@id\":\"https:\/\/www.eikholt.no\/historikk\/#primaryimage\"},\"image\":{\"@id\":\"https:\/\/www.eikholt.no\/historikk\/#primaryimage\"},\"thumbnailUrl\":\"https:\/\/www.eikholt.no\/app\/uploads\/2023\/06\/Kongen.jpg\",\"datePublished\":\"2023-06-23T06:30:52+00:00\",\"dateModified\":\"2025-01-06T08:00:14+00:00\",\"description\":\"At Eikholt og Konnerud skulle bli sentrale navn i norsk d\u00f8vblindehistorie, fantes det tidligere ikke noen indikasjoner p\u00e5. Det er en av historiens mange tilfeldigheter.\",\"breadcrumb\":{\"@id\":\"https:\/\/www.eikholt.no\/historikk\/#breadcrumb\"},\"inLanguage\":\"da-DK\",\"potentialAction\":[{\"@type\":\"ReadAction\",\"target\":[\"https:\/\/www.eikholt.no\/historikk\/\"]}]},{\"@type\":\"ImageObject\",\"inLanguage\":\"da-DK\",\"@id\":\"https:\/\/www.eikholt.no\/historikk\/#primaryimage\",\"url\":\"https:\/\/www.eikholt.no\/app\/uploads\/2023\/06\/Kongen.jpg\",\"contentUrl\":\"https:\/\/www.eikholt.no\/app\/uploads\/2023\/06\/Kongen.jpg\"},{\"@type\":\"BreadcrumbList\",\"@id\":\"https:\/\/www.eikholt.no\/historikk\/#breadcrumb\",\"itemListElement\":[{\"@type\":\"ListItem\",\"position\":1,\"name\":\"Forside\",\"item\":\"https:\/\/www.eikholt.no\/\"},{\"@type\":\"ListItem\",\"position\":2,\"name\":\"Eikholt sin historie\"}]},{\"@type\":\"WebSite\",\"@id\":\"https:\/\/www.eikholt.no\/#website\",\"url\":\"https:\/\/www.eikholt.no\/\",\"name\":\"Eikholt\",\"description\":\"\",\"publisher\":{\"@id\":\"https:\/\/www.eikholt.no\/#organization\"},\"potentialAction\":[{\"@type\":\"SearchAction\",\"target\":{\"@type\":\"EntryPoint\",\"urlTemplate\":\"https:\/\/www.eikholt.no\/?s={search_term_string}\"},\"query-input\":{\"@type\":\"PropertyValueSpecification\",\"valueRequired\":true,\"valueName\":\"search_term_string\"}}],\"inLanguage\":\"da-DK\"},{\"@type\":\"Organization\",\"@id\":\"https:\/\/www.eikholt.no\/#organization\",\"name\":\"Eikholt\",\"url\":\"https:\/\/www.eikholt.no\/\",\"logo\":{\"@type\":\"ImageObject\",\"inLanguage\":\"da-DK\",\"@id\":\"https:\/\/www.eikholt.no\/#\/schema\/logo\/image\/\",\"url\":\"https:\/\/www.eikholt.no\/app\/uploads\/2024\/04\/cropped-Logo-Eikholt-ny.jpg\",\"contentUrl\":\"https:\/\/www.eikholt.no\/app\/uploads\/2024\/04\/cropped-Logo-Eikholt-ny.jpg\",\"width\":419,\"height\":209,\"caption\":\"Eikholt\"},\"image\":{\"@id\":\"https:\/\/www.eikholt.no\/#\/schema\/logo\/image\/\"},\"sameAs\":[\"https:\/\/www.facebook.com\/eikholt.kompetansesenter\"]}]}<\/script>\n<!-- \/ Yoast SEO plugin. -->","yoast_head_json":{"title":"Eikholt's historie - Eikholt","description":"Der var ikke tidligere nogen indikation p\u00e5, at Eikholt og Konnerud skulle blive centrale navne i norsk d\u00f8vblindehistorie. Det er en af historiens mange tilf\u00e6ldigheder.","robots":{"index":"index","follow":"follow","max-snippet":"max-snippet:-1","max-image-preview":"max-image-preview:large","max-video-preview":"max-video-preview:-1"},"canonical":"https:\/\/www.eikholt.no\/da\/historie\/","og_locale":"da_DK","og_type":"article","og_title":"Eikholt sin historie - Eikholt","og_description":"At Eikholt og Konnerud skulle bli sentrale navn i norsk d\u00f8vblindehistorie, fantes det tidligere ikke noen indikasjoner p\u00e5. Det er en av historiens mange tilfeldigheter.","og_url":"https:\/\/www.eikholt.no\/da\/historie\/","og_site_name":"Eikholt","article_publisher":"https:\/\/www.facebook.com\/eikholt.kompetansesenter","article_modified_time":"2025-01-06T08:00:14+00:00","og_image":[{"width":378,"height":224,"url":"https:\/\/www.eikholt.no\/app\/uploads\/2023\/06\/Kongen.jpg","type":"image\/jpeg"}],"twitter_card":"summary_large_image","twitter_misc":{"Est. reading time":"5 minutes"},"schema":{"@context":"https:\/\/schema.org","@graph":[{"@type":"WebPage","@id":"https:\/\/www.eikholt.no\/historikk\/","url":"https:\/\/www.eikholt.no\/historikk\/","name":"Eikholt's historie - Eikholt","isPartOf":{"@id":"https:\/\/www.eikholt.no\/#website"},"primaryImageOfPage":{"@id":"https:\/\/www.eikholt.no\/historikk\/#primaryimage"},"image":{"@id":"https:\/\/www.eikholt.no\/historikk\/#primaryimage"},"thumbnailUrl":"https:\/\/www.eikholt.no\/app\/uploads\/2023\/06\/Kongen.jpg","datePublished":"2023-06-23T06:30:52+00:00","dateModified":"2025-01-06T08:00:14+00:00","description":"Der var ikke tidligere nogen indikation p\u00e5, at Eikholt og Konnerud skulle blive centrale navne i norsk d\u00f8vblindehistorie. Det er en af historiens mange tilf\u00e6ldigheder.","breadcrumb":{"@id":"https:\/\/www.eikholt.no\/historikk\/#breadcrumb"},"inLanguage":"da-DK","potentialAction":[{"@type":"ReadAction","target":["https:\/\/www.eikholt.no\/historikk\/"]}]},{"@type":"ImageObject","inLanguage":"da-DK","@id":"https:\/\/www.eikholt.no\/historikk\/#primaryimage","url":"https:\/\/www.eikholt.no\/app\/uploads\/2023\/06\/Kongen.jpg","contentUrl":"https:\/\/www.eikholt.no\/app\/uploads\/2023\/06\/Kongen.jpg"},{"@type":"BreadcrumbList","@id":"https:\/\/www.eikholt.no\/historikk\/#breadcrumb","itemListElement":[{"@type":"ListItem","position":1,"name":"Forside","item":"https:\/\/www.eikholt.no\/"},{"@type":"ListItem","position":2,"name":"Eikholt sin historie"}]},{"@type":"WebSite","@id":"https:\/\/www.eikholt.no\/#website","url":"https:\/\/www.eikholt.no\/","name":"Eikholt","description":"","publisher":{"@id":"https:\/\/www.eikholt.no\/#organization"},"potentialAction":[{"@type":"SearchAction","target":{"@type":"EntryPoint","urlTemplate":"https:\/\/www.eikholt.no\/?s={search_term_string}"},"query-input":{"@type":"PropertyValueSpecification","valueRequired":true,"valueName":"search_term_string"}}],"inLanguage":"da-DK"},{"@type":"Organization","@id":"https:\/\/www.eikholt.no\/#organization","name":"Eikholt","url":"https:\/\/www.eikholt.no\/","logo":{"@type":"ImageObject","inLanguage":"da-DK","@id":"https:\/\/www.eikholt.no\/#\/schema\/logo\/image\/","url":"https:\/\/www.eikholt.no\/app\/uploads\/2024\/04\/cropped-Logo-Eikholt-ny.jpg","contentUrl":"https:\/\/www.eikholt.no\/app\/uploads\/2024\/04\/cropped-Logo-Eikholt-ny.jpg","width":419,"height":209,"caption":"Eikholt"},"image":{"@id":"https:\/\/www.eikholt.no\/#\/schema\/logo\/image\/"},"sameAs":["https:\/\/www.facebook.com\/eikholt.kompetansesenter"]}]}},"_links":{"self":[{"href":"https:\/\/www.eikholt.no\/da\/wp-json\/wp\/v2\/pages\/1029","targetHints":{"allow":["GET"]}}],"collection":[{"href":"https:\/\/www.eikholt.no\/da\/wp-json\/wp\/v2\/pages"}],"about":[{"href":"https:\/\/www.eikholt.no\/da\/wp-json\/wp\/v2\/types\/page"}],"author":[{"embeddable":true,"href":"https:\/\/www.eikholt.no\/da\/wp-json\/wp\/v2\/users\/1"}],"replies":[{"embeddable":true,"href":"https:\/\/www.eikholt.no\/da\/wp-json\/wp\/v2\/comments?post=1029"}],"version-history":[{"count":4,"href":"https:\/\/www.eikholt.no\/da\/wp-json\/wp\/v2\/pages\/1029\/revisions"}],"predecessor-version":[{"id":4091,"href":"https:\/\/www.eikholt.no\/da\/wp-json\/wp\/v2\/pages\/1029\/revisions\/4091"}],"wp:attachment":[{"href":"https:\/\/www.eikholt.no\/da\/wp-json\/wp\/v2\/media?parent=1029"}],"curies":[{"name":"wp","href":"https:\/\/api.w.org\/{rel}","templated":true}]}}