{"id":1047,"date":"2026-03-03T14:10:01","date_gmt":"2026-03-03T14:10:01","guid":{"rendered":"https:\/\/www.eikholt.no\/?page_id=1047"},"modified":"2026-03-03T14:10:02","modified_gmt":"2026-03-03T14:10:02","slug":"rettigheder","status":"publish","type":"page","link":"https:\/\/www.eikholt.no\/da\/rettigheder\/","title":{"rendered":"Dine rettigheder"},"content":{"rendered":"<details class=\"wp-block-sail-accordion\"><summary class=\"--title\">Hvad har du lyst til at l\u00e6se om?<\/summary><main class=\"--content\">\n<p><a href=\"#Tilpasningskurs-for-personer-med-d\u00f8vblindhet\"><strong>Tilpasningskurser for personer med d\u00f8vblindhed<\/strong><\/a><\/p>\n\n\n\n<p><strong><a href=\"#Refusjon-av-reiseutgifter-for-kursdeltakere\">Refusion af rejseudgifter<\/a><\/strong><\/p>\n\n\n\n<p><strong><a href=\"#Utgifter-for-ledsager\">Ledsagerudgifter til personer med d\u00f8vblindhed, der bor p\u00e5 plejehjem<\/a><\/strong><\/p>\n\n\n\n<p><strong><a href=\"#N\u00e5r-p\u00e5r\u00f8rende-deltar-p\u00e5-tilpasningskurs-som-ledsagere\">N\u00e5r p\u00e5r\u00f8rende deltager i tilpasningskurser som ledsagere<\/a><\/strong><\/p>\n\n\n\n<p id=\"Oppl\u00e6ringspenger\"><strong><a href=\"#Oppl\u00e6ringspenger-tilpasningskurs\">Uddannelsesgodtg\u00f8relse for deltagelse i NAV-tilpasningskurser<\/a><\/strong><\/p>\n\n\n\n<p><strong><a href=\"#Gr\u00f8nt-kort\">Gr\u00f8nt kort<\/a><\/strong><\/p>\n<\/main><\/details>\n\n\n\n<h2 class=\"wp-block-heading\" id=\"Tilpasningskurs-for-personer-med-d\u00f8vblindhet\">Tilpasningskurser for personer med d\u00f8vblindhed<\/h2>\n\n\n\n<p>Tilpasningskurser for personer med d\u00f8vblindhed er en vigtig ressource for at styrke deres evne til at klare sig i hverdagen og arbejdslivet. I Norge har personer med d\u00f8vblindhed ret til s\u00e5danne kurser i henhold til folketrygdlovens \u00a7 10-7. Retten kan ogs\u00e5 omfatte n\u00e6re kontakter\/p\u00e5r\u00f8rende.<\/p>\n\n\n\n<p>Kurserne kan gives b\u00e5de som gruppe- og individuelle kurser, og de kan afholdes hos Eikholt, som har det nationale ansvar for tilpasningskurser, hjemme hos brugeren eller p\u00e5 arbejdspladsen eller uddannelsesstedet.<\/p>\n\n\n\n<h3 class=\"wp-block-heading\" id=\"Refusjon-av-reiseutgifter-for-kursdeltakere\"><strong>Refusion af rejseudgifter for kursusdeltagere<\/strong><\/h3>\n\n\n\n<p>N\u00e5r kursisterne kommer til Eikholt p\u00e5 NAV-tilpasningskurser, har de ret til at f\u00e5 refunderet rejseudgifterne. Det er vigtigt at huske, at <strong>NAV refunderer den billigste rejseform.<\/strong><\/p>\n\n\n\n<p><strong>Undtagelser:<\/strong><\/p>\n\n\n\n<p>NAV d\u00e6kker den billigste transportform, men der er nogle undtagelser. Du har ret til refusion for anden transport end den billigste planlagte transport, hvis:<\/p>\n\n\n\n<ul class=\"wp-block-list\">\n<li>dit handicap g\u00f8r det n\u00f8dvendigt<\/li>\n\n\n\n<li>kommunikationsforholdene g\u00f8r det n\u00f8dvendigt, f.eks. hvis der ikke er offentlig transport p\u00e5 ruten<\/li>\n\n\n\n<li>De samlede omkostninger ved at bruge anden transport er ikke h\u00f8jere end omkostningerne ved at bruge offentlig transport.&nbsp;<\/li>\n<\/ul>\n\n\n\n<p>Brugeren skal vedl\u00e6gge dokumentation for, hvorfor det var n\u00f8dvendigt at foretage en dyrere rejse i ans\u00f8gningen. Et link til ans\u00f8gningsskemaet findes l\u00e6ngere nede, og her finder du mere information om den kr\u00e6vede dokumentation.&nbsp;<\/p>\n\n\n\n<h3 class=\"wp-block-heading\"><strong>Anmodning om rejse<\/strong><\/h3>\n\n\n\n<p>Hvis du som kursusdeltager er forhindret i at rejse, kan NAV Arbejdsmarked og Ydelser udstede en rekvisition. I s\u00e5 fald skal du kontakte NAV i god tid inden rejsen. Telefonisk:<a href=\"tlf:45614404\"><strong>55 55 33 33<\/strong><\/a><\/p>\n\n\n\n<p><strong>L\u00e6s mere om rejseudgifter p\u00e5 NAV's hjemmeside:<\/strong><\/p>\n\n\n\n<p><a href=\"https:\/\/www.nav.no\/reiseutgifter \">https:\/\/www.nav.no\/reiseutgifter <\/a><\/p>\n\n\n\n<p><strong>Ans\u00f8gningsskema til refusion:&nbsp;<\/strong><\/p>\n\n\n\n<p><a href=\"https:\/\/nav.no\/soknader\">https:\/\/www.nav.no\/soknader<\/a><\/p>\n\n\n\n<p><strong>Du kan l\u00e6se mere om NAV's tilpasningskurser p\u00e5 NAV's hjemmeside: <\/strong><\/p>\n\n\n\n<p><a href=\"https:\/\/www.nav.no\/tilpasningskurs#hvem\">Kursus i tilpasning - nav.no<\/a><\/p>\n\n\n\n<h2 class=\"wp-block-heading\" id=\"Utgifter-for-ledsager\"><strong>Ledsagerudgifter til personer med d\u00f8vblindhed, der bor p\u00e5 plejehjem<\/strong><\/h2>\n\n\n\n<p><strong>Udgifter til ledsager\/praktisk hj\u00e6lp ved deltagelse i tilpasningskurser for d\u00f8vblinde d\u00e6kkes af den offentlige sygesikring.<\/strong><\/p>\n\n\n\n<p>I 2020 konkluderede den norske arbejds- og velf\u00e6rdsforvaltning (NAV), at folketrygden d\u00e6kker ekstraudgifter til ledsagere for d\u00f8vblinde, der bor p\u00e5 plejehjem, under deltagelse i tilpasningskurser for d\u00f8vblinde.<\/p>\n\n\n\n<p>Personer med medf\u00f8dt d\u00f8vblindhed har sj\u00e6ldent mulighed for at bruge en tolk fra NAV's tolketjeneste. Som regel f\u00f8lges denne brugergruppe op af personale i bo- og\/eller dagcentre. Dette personale b\u00f8r ledsage deltageren p\u00e5 tilpasningskurser. Dette medf\u00f8rer ekstra omkostninger for kommunen. Disse ledsageromkostninger d\u00e6kkes af NAV.<\/p>\n\n\n\n<h3 class=\"wp-block-heading\"><strong>Hvordan g\u00f8r man det?<\/strong><\/h3>\n\n\n\n<p>Eikholt aftaler med den kommune\/organisation, hvor kursisten bor eller modtager sit dagsprogram, at betale for ekstra udgifter til en ledsager og praktisk hj\u00e6lp, ud over hvad der er kommunens\/organisationens ansvar. Eikholt d\u00e6kker udgifter til ledsageren og f\u00e5r dem refunderet af NAV efter endt kursus. <\/p>\n\n\n\n<h3 class=\"wp-block-heading\" id=\"N\u00e5r-p\u00e5r\u00f8rende-deltar-p\u00e5-tilpasningskurs-som-ledsagere\"><strong>N\u00e5r p\u00e5r\u00f8rende deltager i tilpasningskurser som ledsagere<\/strong><\/h3>\n\n\n\n<p>N\u00e5r p\u00e5r\u00f8rende deltager som ledsagere, har de ikke ret til sygedagpenge. De skal s\u00e5 s\u00f8ge om refusion for tabt arbejdsfortjeneste efter kurset.&nbsp;<\/p>\n\n\n\n<p>Det sker via en formular: <em>10.07.16 Rejseudgifter i forbindelse med behov for protese, ortose, specialsko, fodseng, brystprotese, ansigtsdefektprotese, \u00f8jenprotese, paryk, tilpasningskursus, h\u00f8jskole eller grundm\u00f8nster.<\/em><\/p>\n\n\n\n<p><strong>Link til ans\u00f8gningsskema:&nbsp;<\/strong><\/p>\n\n\n\n<p><a href=\"https:\/\/www.nav.no\/fyllut\/nav100716\">Ans\u00f8gning om refusion af rejseudgifter<\/a><\/p>\n\n\n\n<h4 class=\"wp-block-heading\"><strong>N\u00f8dvendig dokumentation<\/strong><\/h4>\n\n\n\n<p><strong>Behov for ledsager:<\/strong><\/p>\n\n\n\n<p>For at f\u00e5 refunderet tabt arbejdsfortjeneste skal terapeuten dokumentere, at det er n\u00f8dvendigt for dig at have en ledsager med. Dette kan dokumenteres af din l\u00e6ge. <em>D\u00e6kning i forbindelse med en ledsager kan bevilges, men terapeuten skal dokumentere, at ledsageren er n\u00f8dvendig, <\/em>jf. folkeforsikringslovens \u00a7 10-7.<\/p>\n\n\n\n<p><strong>Tabt arbejdsindkomst:&nbsp;<\/strong><\/p>\n\n\n\n<p>Der skal ogs\u00e5 indsendes dokumentation for, hvor mange penge ledsageren har mistet ved at v\u00e6re v\u00e6k fra arbejdet. Det kan v\u00e6re en l\u00f8nseddel, der viser fradrag i l\u00f8nnen.&nbsp;<\/p>\n\n\n\n<h2 class=\"wp-block-heading\" id=\"Oppl\u00e6ringspenger-tilpasningskurs\">Uddannelsesgodtg\u00f8relse for deltagelse i NAV-tilpasningskurser<\/h2>\n\n\n\n<p>Du kan f\u00e5 uddannelsesgodtg\u00f8relse, hvis du skal v\u00e6re v\u00e6k fra arbejdet i forbindelse med NAV's tilpasningskurser. Det g\u00e6lder for dem, der har brug for uddannelse for at passe en person med et handicap eller en langvarig sygdom.<\/p>\n\n\n\n<p><strong>Retten til uddannelsesgodtg\u00f8relse kr\u00e6ver:<\/strong><\/p>\n\n\n\n<ul class=\"wp-block-list\">\n<li>At tr\u00e6ningen er n\u00f8dvendig. Dette skal dokumenteres af en l\u00e6ge.<\/li>\n\n\n\n<li>Du skal have en \u00e5rlig indkomst p\u00e5 mindst 65.080 NOK.<\/li>\n\n\n\n<li>Din arbejdstid eller indkomst er blevet reduceret med mindst 20%.<\/li>\n\n\n\n<li>Du er under 70 \u00e5r gammel<\/li>\n\n\n\n<li>I princippet skal du have arbejdet i mindst fire uger f\u00f8r uddannelsens start for at kunne f\u00e5 uddannelsesgodtg\u00f8relse. Der er flere undtagelser. Sygedagpenge, arbejdsl\u00f8shedsdagpenge, barsels- og graviditetsdagpenge, pleje-, uddannelses- og omsorgstill\u00e6g samt ul\u00f8nnet orlov kan ogs\u00e5 give ret til denne ydelse.<\/li>\n\n\n\n<li>At du er medlem af National Insurance Scheme<\/li>\n<\/ul>\n\n\n\n<h3 class=\"wp-block-heading\"><strong>Hvem kan modtage uddannelsespenge?<\/strong><\/h3>\n\n\n\n<ul class=\"wp-block-list\">\n<li>For\u00e6ldre, stedfor\u00e6ldre og plejefor\u00e6ldre<\/li>\n\n\n\n<li>Andre n\u00e6re omsorgspersoner, der har en klar rolle i omsorgen for barnet<\/li>\n<\/ul>\n\n\n\n<p><strong>L\u00e6s mere om uddannelsesgodtg\u00f8relse p\u00e5 Nav's hjemmeside:<\/strong><\/p>\n\n\n\n<p><a href=\"https:\/\/www.nav.no\/opplaringspenger\">Uddannelsesgodtg\u00f8relse - nav.no<\/a><\/p>\n\n\n\n<h3 class=\"wp-block-heading\" id=\"Gr\u00f8nt-kort\"><strong>Gr\u00f8nt kort<\/strong><\/h3>\n\n\n\n<p>Det gr\u00f8nne kort giver brugeren en gratis ledsager p\u00e5 offentlige transportmidler, men ikke p\u00e5 flyrejser. Det giver ogs\u00e5 brugeren en loyalitetsrabat. Det udstedes af de regionale centre, og personen skal v\u00e6re identificeret som d\u00f8vblind.<\/p>\n\n\n\n<p>Du kan l\u00e6se mere om dette p\u00e5 hjemmesiden for National Advisory Service on Deafblindness:<a href=\"https:\/\/www.dovblindhet.no\/hva-kan-hjelpe\/gront-kort\/\"> Gr\u00f8nt kort<\/a><\/p>\n\n\n\n<h3 class=\"wp-block-heading\">Har du sp\u00f8rgsm\u00e5l om rettigheder?<\/h3>\n\n\n\n<p>Tag kontakt til din r\u00e5dgiver og socialr\u00e5dgiver <a href=\"mailto:victoria.falen@eikholt.no\"><strong>victoria.falen@eikholt.no<\/strong><\/a><\/p>\n\n\n\n<h2 class=\"wp-block-heading\"><strong>Har du sp\u00f8rgsm\u00e5l om kombineret syns- og h\u00f8reneds\u00e6ttelse?<\/strong><\/h2>\n\n\n\n<p><a href=\"https:\/\/www.eikholt.no\/da\/kontakt-os\/\">Kontakt os - Eikholt<\/a><\/p>\n\n\n\n<p id=\"Oppl\u00e6ringspenger\"><\/p>\n\n\n\n<p><\/p>","protected":false},"excerpt":{"rendered":"<p>Tilpasningskurser for personer med d\u00f8vblindhed Tilpasningskurser for personer med d\u00f8vblindhed er en vigtig ressource for at styrke evnen til at klare sig i hverdagen og arbejdslivet. I Norge har personer med d\u00f8vblindhed ret til s\u00e5danne kurser i henhold til folketrygdlovens \u00a7 10-7. Retten kan ogs\u00e5 omfatte n\u00e6re kontakter\/p\u00e5r\u00f8rende. Kurserne kan gives b\u00e5de som gruppekurser og individuelt.<\/p>","protected":false},"author":1,"featured_media":0,"parent":0,"menu_order":0,"comment_status":"closed","ping_status":"closed","template":"","meta":{"_acf_changed":false,"inline_featured_image":false,"ep_exclude_from_search":false,"footnotes":""},"class_list":["post-1047","page","type-page","status-publish","hentry"],"acf":[],"yoast_head":"<!-- This site is optimized with the Yoast SEO plugin v25.8 - https:\/\/yoast.com\/wordpress\/plugins\/seo\/ -->\n<title>Rettigheter - Eikholt<\/title>\n<meta name=\"description\" content=\"Les om rettigheter knyttet til NAV-tilpasningskurs ved Eikholt. Har du sp\u00f8rsm\u00e5l om refusjon av reiseutgifter? Dekkes kostnader for ledsager og p\u00e5r\u00f8rende?\" \/>\n<meta name=\"robots\" content=\"index, follow, max-snippet:-1, max-image-preview:large, max-video-preview:-1\" \/>\n<link rel=\"canonical\" href=\"https:\/\/www.eikholt.no\/da\/rettigheder\/\" \/>\n<meta property=\"og:locale\" content=\"da_DK\" \/>\n<meta property=\"og:type\" content=\"article\" \/>\n<meta property=\"og:title\" content=\"Rettigheter - Eikholt\" \/>\n<meta property=\"og:description\" content=\"Les om rettigheter knyttet til NAV-tilpasningskurs ved Eikholt. Har du sp\u00f8rsm\u00e5l om refusjon av reiseutgifter? Dekkes kostnader for ledsager og p\u00e5r\u00f8rende?\" \/>\n<meta property=\"og:url\" content=\"https:\/\/www.eikholt.no\/da\/rettigheder\/\" \/>\n<meta property=\"og:site_name\" content=\"Eikholt\" \/>\n<meta property=\"article:publisher\" content=\"https:\/\/www.facebook.com\/eikholt.kompetansesenter\" \/>\n<meta property=\"article:modified_time\" content=\"2026-03-03T14:10:02+00:00\" \/>\n<meta name=\"twitter:card\" content=\"summary_large_image\" \/>\n<meta name=\"twitter:label1\" content=\"Est. reading time\" \/>\n\t<meta name=\"twitter:data1\" content=\"5 minutes\" \/>\n<script type=\"application\/ld+json\" class=\"yoast-schema-graph\">{\"@context\":\"https:\/\/schema.org\",\"@graph\":[{\"@type\":\"WebPage\",\"@id\":\"https:\/\/www.eikholt.no\/rettigheter\/\",\"url\":\"https:\/\/www.eikholt.no\/rettigheter\/\",\"name\":\"Rettigheter - Eikholt\",\"isPartOf\":{\"@id\":\"https:\/\/www.eikholt.no\/#website\"},\"datePublished\":\"2026-03-03T14:10:01+00:00\",\"dateModified\":\"2026-03-03T14:10:02+00:00\",\"description\":\"Les om rettigheter knyttet til NAV-tilpasningskurs ved Eikholt. Har du sp\u00f8rsm\u00e5l om refusjon av reiseutgifter? Dekkes kostnader for ledsager og p\u00e5r\u00f8rende?\",\"breadcrumb\":{\"@id\":\"https:\/\/www.eikholt.no\/rettigheter\/#breadcrumb\"},\"inLanguage\":\"da-DK\",\"potentialAction\":[{\"@type\":\"ReadAction\",\"target\":[\"https:\/\/www.eikholt.no\/rettigheter\/\"]}]},{\"@type\":\"BreadcrumbList\",\"@id\":\"https:\/\/www.eikholt.no\/rettigheter\/#breadcrumb\",\"itemListElement\":[{\"@type\":\"ListItem\",\"position\":1,\"name\":\"Forside\",\"item\":\"https:\/\/www.eikholt.no\/\"},{\"@type\":\"ListItem\",\"position\":2,\"name\":\"Rettigheter\"}]},{\"@type\":\"WebSite\",\"@id\":\"https:\/\/www.eikholt.no\/#website\",\"url\":\"https:\/\/www.eikholt.no\/\",\"name\":\"Eikholt\",\"description\":\"\",\"publisher\":{\"@id\":\"https:\/\/www.eikholt.no\/#organization\"},\"potentialAction\":[{\"@type\":\"SearchAction\",\"target\":{\"@type\":\"EntryPoint\",\"urlTemplate\":\"https:\/\/www.eikholt.no\/?s={search_term_string}\"},\"query-input\":{\"@type\":\"PropertyValueSpecification\",\"valueRequired\":true,\"valueName\":\"search_term_string\"}}],\"inLanguage\":\"da-DK\"},{\"@type\":\"Organization\",\"@id\":\"https:\/\/www.eikholt.no\/#organization\",\"name\":\"Eikholt\",\"url\":\"https:\/\/www.eikholt.no\/\",\"logo\":{\"@type\":\"ImageObject\",\"inLanguage\":\"da-DK\",\"@id\":\"https:\/\/www.eikholt.no\/#\/schema\/logo\/image\/\",\"url\":\"https:\/\/www.eikholt.no\/app\/uploads\/2024\/04\/cropped-Logo-Eikholt-ny.jpg\",\"contentUrl\":\"https:\/\/www.eikholt.no\/app\/uploads\/2024\/04\/cropped-Logo-Eikholt-ny.jpg\",\"width\":419,\"height\":209,\"caption\":\"Eikholt\"},\"image\":{\"@id\":\"https:\/\/www.eikholt.no\/#\/schema\/logo\/image\/\"},\"sameAs\":[\"https:\/\/www.facebook.com\/eikholt.kompetansesenter\"]}]}<\/script>\n<!-- \/ Yoast SEO plugin. -->","yoast_head_json":{"title":"Rettigheder - Eikholt","description":"L\u00e6s om rettigheder i forbindelse med NAV-tilpasningskurser p\u00e5 Eikholt. Har du sp\u00f8rgsm\u00e5l om refusion af rejseudgifter? D\u00e6kkes udgifter til ledsagere og p\u00e5r\u00f8rende?","robots":{"index":"index","follow":"follow","max-snippet":"max-snippet:-1","max-image-preview":"max-image-preview:large","max-video-preview":"max-video-preview:-1"},"canonical":"https:\/\/www.eikholt.no\/da\/rettigheder\/","og_locale":"da_DK","og_type":"article","og_title":"Rettigheter - Eikholt","og_description":"Les om rettigheter knyttet til NAV-tilpasningskurs ved Eikholt. Har du sp\u00f8rsm\u00e5l om refusjon av reiseutgifter? Dekkes kostnader for ledsager og p\u00e5r\u00f8rende?","og_url":"https:\/\/www.eikholt.no\/da\/rettigheder\/","og_site_name":"Eikholt","article_publisher":"https:\/\/www.facebook.com\/eikholt.kompetansesenter","article_modified_time":"2026-03-03T14:10:02+00:00","twitter_card":"summary_large_image","twitter_misc":{"Est. reading time":"5 minutes"},"schema":{"@context":"https:\/\/schema.org","@graph":[{"@type":"WebPage","@id":"https:\/\/www.eikholt.no\/rettigheter\/","url":"https:\/\/www.eikholt.no\/rettigheter\/","name":"Rettigheder - Eikholt","isPartOf":{"@id":"https:\/\/www.eikholt.no\/#website"},"datePublished":"2026-03-03T14:10:01+00:00","dateModified":"2026-03-03T14:10:02+00:00","description":"L\u00e6s om rettigheder i forbindelse med NAV-tilpasningskurser p\u00e5 Eikholt. Har du sp\u00f8rgsm\u00e5l om refusion af rejseudgifter? D\u00e6kkes udgifter til ledsagere og p\u00e5r\u00f8rende?","breadcrumb":{"@id":"https:\/\/www.eikholt.no\/rettigheter\/#breadcrumb"},"inLanguage":"da-DK","potentialAction":[{"@type":"ReadAction","target":["https:\/\/www.eikholt.no\/rettigheter\/"]}]},{"@type":"BreadcrumbList","@id":"https:\/\/www.eikholt.no\/rettigheter\/#breadcrumb","itemListElement":[{"@type":"ListItem","position":1,"name":"Forside","item":"https:\/\/www.eikholt.no\/"},{"@type":"ListItem","position":2,"name":"Rettigheter"}]},{"@type":"WebSite","@id":"https:\/\/www.eikholt.no\/#website","url":"https:\/\/www.eikholt.no\/","name":"Eikholt","description":"","publisher":{"@id":"https:\/\/www.eikholt.no\/#organization"},"potentialAction":[{"@type":"SearchAction","target":{"@type":"EntryPoint","urlTemplate":"https:\/\/www.eikholt.no\/?s={search_term_string}"},"query-input":{"@type":"PropertyValueSpecification","valueRequired":true,"valueName":"search_term_string"}}],"inLanguage":"da-DK"},{"@type":"Organization","@id":"https:\/\/www.eikholt.no\/#organization","name":"Eikholt","url":"https:\/\/www.eikholt.no\/","logo":{"@type":"ImageObject","inLanguage":"da-DK","@id":"https:\/\/www.eikholt.no\/#\/schema\/logo\/image\/","url":"https:\/\/www.eikholt.no\/app\/uploads\/2024\/04\/cropped-Logo-Eikholt-ny.jpg","contentUrl":"https:\/\/www.eikholt.no\/app\/uploads\/2024\/04\/cropped-Logo-Eikholt-ny.jpg","width":419,"height":209,"caption":"Eikholt"},"image":{"@id":"https:\/\/www.eikholt.no\/#\/schema\/logo\/image\/"},"sameAs":["https:\/\/www.facebook.com\/eikholt.kompetansesenter"]}]}},"_links":{"self":[{"href":"https:\/\/www.eikholt.no\/da\/wp-json\/wp\/v2\/pages\/1047","targetHints":{"allow":["GET"]}}],"collection":[{"href":"https:\/\/www.eikholt.no\/da\/wp-json\/wp\/v2\/pages"}],"about":[{"href":"https:\/\/www.eikholt.no\/da\/wp-json\/wp\/v2\/types\/page"}],"author":[{"embeddable":true,"href":"https:\/\/www.eikholt.no\/da\/wp-json\/wp\/v2\/users\/1"}],"replies":[{"embeddable":true,"href":"https:\/\/www.eikholt.no\/da\/wp-json\/wp\/v2\/comments?post=1047"}],"version-history":[{"count":57,"href":"https:\/\/www.eikholt.no\/da\/wp-json\/wp\/v2\/pages\/1047\/revisions"}],"predecessor-version":[{"id":5865,"href":"https:\/\/www.eikholt.no\/da\/wp-json\/wp\/v2\/pages\/1047\/revisions\/5865"}],"wp:attachment":[{"href":"https:\/\/www.eikholt.no\/da\/wp-json\/wp\/v2\/media?parent=1047"}],"curies":[{"name":"wp","href":"https:\/\/api.w.org\/{rel}","templated":true}]}}