{"id":1580,"date":"2023-06-23T15:26:19","date_gmt":"2023-06-23T15:26:19","guid":{"rendered":"https:\/\/www.eikholt.no\/?page_id=1580"},"modified":"2026-02-17T08:36:38","modified_gmt":"2026-02-17T08:36:38","slug":"om-os-vores-mission","status":"publish","type":"page","link":"https:\/\/www.eikholt.no\/da\/om-os\/om-os-vores-mission\/","title":{"rendered":"Vores missioner"},"content":{"rendered":"<div class=\"wp-block-sail-video-modal\"><button class=\"--modal-button\"><img decoding=\"async\" src=\"\/app\/themes\/eikholt\/public\/images\/wave.338e86.svg\" alt=\"Finial-ikon\"\/>Video med tegnsprog<\/button><div class=\"--modal --hidden\" role=\"dialog\" aria-label=\"dialog\" aria-modal=\"true\"><div class=\"--modal-content\"><video id=\"modalVideo\" controls src=\"https:\/\/www.eikholt.no\/app\/uploads\/2023\/06\/Eikholt-to-nasjonale-oppdrag-hvit-vegg-optimalisert-2.mp4\"><\/video><button class=\"--close-modal-button\" aria-label=\"lukket\"><img decoding=\"async\" src=\"\/app\/themes\/eikholt\/public\/images\/close.dbfa19.svg\" alt=\"lukkeikon\"\/><\/button><\/div><\/div><\/div>\n\n\n\n<p><strong>Eikholt har to nationale missioner<\/strong>:<\/p>\n\n\n\n<h2 class=\"wp-block-heading\"><strong>1.<\/strong>Tilpasningskursus for d\u00f8vblinde<\/h2>\n\n\n\n<p>Eikholt er tildelt et nationalt ansvar for <a href=\"https:\/\/www.nav.no\/tilpasningskurs\" target=\"_blank\" rel=\"noreferrer noopener\">Kursus i NAV-tilpasning<\/a> for mennesker med kombineret syns- og h\u00f8reneds\u00e6ttelse\/d\u00f8vblindhed. Dette er en rettighed under <a href=\"https:\/\/lovdata.no\/nav\/rundskriv\/v6-10-07acd#ref\/lov\/1997-02-28-19\/10-7\" target=\"_blank\" rel=\"noreferrer noopener\">Lov om national forsikring.<\/a> Retten til tilpasningskurser g\u00e6lder ogs\u00e5 for familiemedlemmer.&nbsp;<\/p>\n\n\n\n<p><strong>Eikholt tilbyder:&nbsp;<\/strong><\/p>\n\n\n\n<ul class=\"wp-block-list\">\n<li>Vurdering og optimering af syns- og h\u00f8refunktion&nbsp;<\/li>\n\n\n\n<li>Rehabilitering i et livscyklusperspektiv<\/li>\n\n\n\n<li>tr\u00e6ning i forskellige former for kommunikation<\/li>\n\n\n\n<li>test og uddannelse inden for ICT&nbsp;<\/li>\n\n\n\n<li>test og tr\u00e6ning i mobilitet og orientering&nbsp;<\/li>\n\n\n\n<li>R\u00e5dgivning, vejledning og information til p\u00e5r\u00f8rende og andre serviceudbydere&nbsp;&nbsp;<\/li>\n<\/ul>\n\n\n\n<h2 class=\"wp-block-heading\"><strong>2.Opbygning af ekspertise og formidling af viden<\/strong>&nbsp;<\/h2>\n\n\n\n<p>Eikholt har en landsd\u00e6kkende opgave i den nationale r\u00e5dgivningstjeneste om d\u00f8vblindhed gennem en aftale med&nbsp;<a href=\"https:\/\/img0.custompublish.com\/getfile.php\/4104631.1320.anmilm7auuqzlt\/Avtale+Eikholt.pdf?return=www.dovblindhet.no\" target=\"_blank\" rel=\"noreferrer noopener\">Den regionale sundhedsmyndighed i Nordnorge<\/a>.Missionen er at udvikle og formidle viden af betydning for mennesker med kombineret syns- og h\u00f8reneds\u00e6ttelse\/d\u00f8vblindhed. M\u00e5lgruppen er tjenesteudbydere i sundheds- og velf\u00e6rdssektoren, mennesker med syns- og h\u00f8reneds\u00e6ttelse, plejere, civilsamfundet og andre relevante interessenter.&nbsp;&nbsp;<\/p>\n\n\n\n<p>Eikholt udvikler ny viden og ekspertise gennem forsknings- og udviklingsprojekter (F&amp;U). Et vigtigt princip for vores F&amp;U-arbejde er, at resultaterne skal v\u00e6re nyttige for m\u00e5lgrupperne og styrke kvaliteten af tilpasningskurser for d\u00f8vblinde. Det betyder, at projektideer udvikles sammen med eller kommer fra mennesker, der bruger Eikholt's tjenester. Vi er en godkendt forskningsorganisation af Norges forskningsr\u00e5d. Eikholt er medlem af faglige netv\u00e6rk og samarbejder med brugerorganisationer og relevante fagmilj\u00f8er i Norge og internationalt. Viden formidles gennem undervisning p\u00e5 universiteter og h\u00f8jskoler, webinarer, konferencer og forskellige publikationer.&nbsp;<\/p>\n\n\n\n<p><strong><a href=\"https:\/\/www.dovblindhet.no\/48f2ec\/contentassets\/fd559ab3cdf14ad08d5ceb7f55100ca9\/helse-nord---eikholt.pdf\">Rammeaftale Eikholt<\/a><\/strong><\/p>\n\n\n\n<p><a href=\"https:\/\/img9.custompublish.com\/getfile.php\/5358128.2419.pipmmwmkz7mqjt\/veileder-nasjonale-tjenester-i-spesialisthelsetjenesten-desember-2023.pdf?return=dovblindhet.intra.custompublish.com\"><strong>Vejledning til forordning nr. 1706 af december 2010<\/strong><\/a><\/p>\n\n\n\n<p><a href=\"https:\/\/www.eikholt.no\/da\/app\/uploads\/2024\/05\/resultataftale-eikholt-2024-pdf\/\"><strong>Resultataftale Eikholt<\/strong><\/a><\/p>\n\n\n\n<h3 class=\"wp-block-heading\"><strong>Eikholt - et nationalt m\u00f8dested<\/strong><\/h3>\n\n\n\n<p>Eikholt er et m\u00f8dested for mennesker med kombineret syns- og h\u00f8reneds\u00e6ttelse\/d\u00f8vblindhed og deres p\u00e5r\u00f8rende. Vi l\u00e6gger stor v\u00e6gt p\u00e5 at v\u00e6re en god arena, der er pr\u00e6get af vores v\u00e6rdier:&nbsp;<em>Sikker, kompetent og kreativ<\/em>. Gennem aktiviteter og socialt samv\u00e6r kan mennesker med d\u00f8vblindhed i forskellige aldre og livssituationer dele viden og udveksle erfaringer.&nbsp;<\/p>\n\n\n\n<p><strong>Et Eikholt-forl\u00f8b giver mulighed for mening, f\u00e6llesskab og \u00f8get livskvalitet.<\/strong>&nbsp;<\/p>\n\n\n\n<p>Eikholt er ogs\u00e5 et m\u00f8dested for fagfolk og forskere. Nogle kommer sammen med kursister. Andre er her som en del af et uddannelsesophold, en praktikplads eller i forbindelse med projekter. Vi faciliterer ogs\u00e5 fysiske og digitale m\u00f8der mellem fagfolk p\u00e5 konferencer, workshops og seminarer.&nbsp;<\/p>\n\n\n\n<h2 class=\"wp-block-heading\">\u00c5rsberetning<\/h2>\n\n\n\n<p>Her kan du downloade \u00e5rsrapporten for 2024 i fuld version eller kort version.<\/p>\n\n\n\n<p><strong><a href=\"https:\/\/www.eikholt.no\/da\/app\/uploads\/2025\/02\/arsrapport-2024-for-eikholt-pdf\/\" target=\"_blank\" rel=\"noreferrer noopener\">\u00c5rsrapport 2024 Eikholt<\/a><\/strong><\/p>\n\n\n\n<p><strong><a href=\"https:\/\/www.eikholt.no\/da\/app\/uploads\/2025\/02\/arsrapport-2024-eikholt-kort-version-pdf\/\" target=\"_blank\" rel=\"noreferrer noopener\">\u00c5rsrapport 2024 Eikholt - kort version<\/a><\/strong><\/p>\n\n\n\n<h2 class=\"wp-block-heading\">Er du interesseret i mere information om Eikholt?<\/h2>\n\n\n\n<p>L\u00e6s mere om<strong> <a href=\"https:\/\/www.eikholt.no\/da\/organisation-egetrae\/\">Organisation<\/a><\/strong><\/p>\n\n\n\n<p>L\u00e6s mere om <strong><a href=\"https:\/\/www.eikholt.no\/da\/historie\/\">Eikholt's historie<\/a><\/strong><\/p>\n\n\n\n<p>Download appen Info Screen Go i App Store eller Google Play. Brug koden&nbsp;<strong>Eikholt80<\/strong><\/p>\n\n\n\n<figure class=\"wp-block-image\"><img loading=\"lazy\" decoding=\"async\" width=\"231\" height=\"300\" src=\"https:\/\/www.eikholt.no\/app\/uploads\/2024\/03\/My_App-1-231x300.png\" alt=\"\" class=\"wp-image-2599\" srcset=\"https:\/\/www.eikholt.no\/app\/uploads\/2024\/03\/My_App-1-231x300.png 231w, https:\/\/www.eikholt.no\/app\/uploads\/2024\/03\/My_App-1-790x1024.png 790w, https:\/\/www.eikholt.no\/app\/uploads\/2024\/03\/My_App-1-768x996.png 768w, https:\/\/www.eikholt.no\/app\/uploads\/2024\/03\/My_App-1-1185x1536.png 1185w, https:\/\/www.eikholt.no\/app\/uploads\/2024\/03\/My_App-1-1580x2048.png 1580w\" sizes=\"auto, (max-width: 231px) 100vw, 231px\" \/><\/figure>","protected":false},"excerpt":{"rendered":"<p>Eikholt har to nasjonale oppdrag: 1.\u2002Tilpasningskurs for d\u00f8vblinde Eikholt er tildelt et nasjonalt ansvar for NAV tilpasningskurs for personer med kombinert syns- og h\u00f8rselsnedsettelse\/d\u00f8vblindhet. Dette er en rettighet etter lov om folketrygd. Retten til tilpasningskurs gjelder ogs\u00e5 n\u00e6rpersoner.&nbsp; Eikholt tilbyr:&nbsp; 2.\u2002Bygge kompetanse og formidle kunnskap&nbsp; Eikholt&nbsp;har et&nbsp;landsdekkende&nbsp;oppdrag&nbsp;i&nbsp;Nasjonal kompetansetjeneste for d\u00f8vblinde,&nbsp;gjennom&nbsp;en&nbsp;avtale&nbsp;med&nbsp;Helse Nord RHF.\u202f&nbsp;Oppdraget best\u00e5r av&nbsp;\u00e5 utvikle&nbsp;og&nbsp;formidle&nbsp;kunnskap&nbsp;av<\/p>","protected":false},"author":2,"featured_media":5602,"parent":682,"menu_order":0,"comment_status":"closed","ping_status":"closed","template":"","meta":{"_acf_changed":false,"inline_featured_image":false,"ep_exclude_from_search":false,"footnotes":""},"class_list":["post-1580","page","type-page","status-publish","has-post-thumbnail","hentry"],"acf":[],"yoast_head":"<!-- This site is optimized with the Yoast SEO plugin v25.8 - https:\/\/yoast.com\/wordpress\/plugins\/seo\/ -->\n<title>V\u00e5re oppdrag - Eikholt<\/title>\n<meta name=\"description\" content=\"Eikholt har to nasjonale oppdrag. Vi har et nasjonalt ansvar for NAV-tilpasningskurs for d\u00f8vblinde, og gjennom avtale med Helse Nors RHF skal vi utvikle\u00a0og\u00a0formidle\u00a0kunnskap . Les om oppdragene v\u00e5re her:\" \/>\n<meta name=\"robots\" content=\"index, follow, max-snippet:-1, max-image-preview:large, max-video-preview:-1\" \/>\n<link rel=\"canonical\" href=\"https:\/\/www.eikholt.no\/da\/om-os\/om-os-vores-mission\/\" \/>\n<meta property=\"og:locale\" content=\"da_DK\" \/>\n<meta property=\"og:type\" content=\"article\" \/>\n<meta property=\"og:title\" content=\"V\u00e5re oppdrag - Eikholt\" \/>\n<meta property=\"og:description\" content=\"Eikholt har to nasjonale oppdrag. Vi har et nasjonalt ansvar for NAV-tilpasningskurs for d\u00f8vblinde, og gjennom avtale med Helse Nors RHF skal vi utvikle\u00a0og\u00a0formidle\u00a0kunnskap . Les om oppdragene v\u00e5re her:\" \/>\n<meta property=\"og:url\" content=\"https:\/\/www.eikholt.no\/da\/om-os\/om-os-vores-mission\/\" \/>\n<meta property=\"og:site_name\" content=\"Eikholt\" \/>\n<meta property=\"article:publisher\" content=\"https:\/\/www.facebook.com\/eikholt.kompetansesenter\" \/>\n<meta property=\"article:modified_time\" content=\"2026-02-17T08:36:38+00:00\" \/>\n<meta property=\"og:image\" content=\"https:\/\/www.eikholt.no\/app\/uploads\/2025\/12\/Utendors-utsikt-benk-ved-adm.-MD-tolk-NMFS-tegnsprak-3-1024x687.jpg\" \/>\n\t<meta property=\"og:image:width\" content=\"1024\" \/>\n\t<meta property=\"og:image:height\" content=\"687\" \/>\n\t<meta property=\"og:image:type\" content=\"image\/jpeg\" \/>\n<meta name=\"twitter:card\" content=\"summary_large_image\" \/>\n<meta name=\"twitter:label1\" content=\"Est. reading time\" \/>\n\t<meta name=\"twitter:data1\" content=\"3 minutes\" \/>\n<script type=\"application\/ld+json\" class=\"yoast-schema-graph\">{\"@context\":\"https:\/\/schema.org\",\"@graph\":[{\"@type\":\"WebPage\",\"@id\":\"https:\/\/www.eikholt.no\/om-oss\/om-oss-vare-oppdrag\/\",\"url\":\"https:\/\/www.eikholt.no\/om-oss\/om-oss-vare-oppdrag\/\",\"name\":\"V\u00e5re oppdrag - Eikholt\",\"isPartOf\":{\"@id\":\"https:\/\/www.eikholt.no\/#website\"},\"primaryImageOfPage\":{\"@id\":\"https:\/\/www.eikholt.no\/om-oss\/om-oss-vare-oppdrag\/#primaryimage\"},\"image\":{\"@id\":\"https:\/\/www.eikholt.no\/om-oss\/om-oss-vare-oppdrag\/#primaryimage\"},\"thumbnailUrl\":\"https:\/\/www.eikholt.no\/app\/uploads\/2025\/12\/Utendors-utsikt-benk-ved-adm.-MD-tolk-NMFS-tegnsprak-3.jpg\",\"datePublished\":\"2023-06-23T15:26:19+00:00\",\"dateModified\":\"2026-02-17T08:36:38+00:00\",\"description\":\"Eikholt har to nasjonale oppdrag. Vi har et nasjonalt ansvar for NAV-tilpasningskurs for d\u00f8vblinde, og gjennom avtale med Helse Nors RHF skal vi utvikle\u00a0og\u00a0formidle\u00a0kunnskap . Les om oppdragene v\u00e5re her:\",\"breadcrumb\":{\"@id\":\"https:\/\/www.eikholt.no\/om-oss\/om-oss-vare-oppdrag\/#breadcrumb\"},\"inLanguage\":\"da-DK\",\"potentialAction\":[{\"@type\":\"ReadAction\",\"target\":[\"https:\/\/www.eikholt.no\/om-oss\/om-oss-vare-oppdrag\/\"]}]},{\"@type\":\"ImageObject\",\"inLanguage\":\"da-DK\",\"@id\":\"https:\/\/www.eikholt.no\/om-oss\/om-oss-vare-oppdrag\/#primaryimage\",\"url\":\"https:\/\/www.eikholt.no\/app\/uploads\/2025\/12\/Utendors-utsikt-benk-ved-adm.-MD-tolk-NMFS-tegnsprak-3.jpg\",\"contentUrl\":\"https:\/\/www.eikholt.no\/app\/uploads\/2025\/12\/Utendors-utsikt-benk-ved-adm.-MD-tolk-NMFS-tegnsprak-3.jpg\",\"width\":2400,\"height\":1609,\"caption\":\"To personer sitter p\u00e5 en benk. i bakgrunnen bygninger, plen og tr\u00e6r.\"},{\"@type\":\"BreadcrumbList\",\"@id\":\"https:\/\/www.eikholt.no\/om-oss\/om-oss-vare-oppdrag\/#breadcrumb\",\"itemListElement\":[{\"@type\":\"ListItem\",\"position\":1,\"name\":\"Forside\",\"item\":\"https:\/\/www.eikholt.no\/\"},{\"@type\":\"ListItem\",\"position\":2,\"name\":\"Om oss\",\"item\":\"https:\/\/www.eikholt.no\/om-oss\/\"},{\"@type\":\"ListItem\",\"position\":3,\"name\":\"V\u00e5re oppdrag\"}]},{\"@type\":\"WebSite\",\"@id\":\"https:\/\/www.eikholt.no\/#website\",\"url\":\"https:\/\/www.eikholt.no\/\",\"name\":\"Eikholt\",\"description\":\"\",\"publisher\":{\"@id\":\"https:\/\/www.eikholt.no\/#organization\"},\"potentialAction\":[{\"@type\":\"SearchAction\",\"target\":{\"@type\":\"EntryPoint\",\"urlTemplate\":\"https:\/\/www.eikholt.no\/?s={search_term_string}\"},\"query-input\":{\"@type\":\"PropertyValueSpecification\",\"valueRequired\":true,\"valueName\":\"search_term_string\"}}],\"inLanguage\":\"da-DK\"},{\"@type\":\"Organization\",\"@id\":\"https:\/\/www.eikholt.no\/#organization\",\"name\":\"Eikholt\",\"url\":\"https:\/\/www.eikholt.no\/\",\"logo\":{\"@type\":\"ImageObject\",\"inLanguage\":\"da-DK\",\"@id\":\"https:\/\/www.eikholt.no\/#\/schema\/logo\/image\/\",\"url\":\"https:\/\/www.eikholt.no\/app\/uploads\/2024\/04\/cropped-Logo-Eikholt-ny.jpg\",\"contentUrl\":\"https:\/\/www.eikholt.no\/app\/uploads\/2024\/04\/cropped-Logo-Eikholt-ny.jpg\",\"width\":419,\"height\":209,\"caption\":\"Eikholt\"},\"image\":{\"@id\":\"https:\/\/www.eikholt.no\/#\/schema\/logo\/image\/\"},\"sameAs\":[\"https:\/\/www.facebook.com\/eikholt.kompetansesenter\"]}]}<\/script>\n<!-- \/ Yoast SEO plugin. -->","yoast_head_json":{"title":"Vores missioner - Eikholt","description":"Eikholt har to nationale opgaver. Vi har et nationalt ansvar for NAV-tilpasningskurser for d\u00f8vblinde, og gennem en aftale med Helse Nors RHF skal vi udvikle og formidle viden. L\u00e6s om vores opgaver her:","robots":{"index":"index","follow":"follow","max-snippet":"max-snippet:-1","max-image-preview":"max-image-preview:large","max-video-preview":"max-video-preview:-1"},"canonical":"https:\/\/www.eikholt.no\/da\/om-os\/om-os-vores-mission\/","og_locale":"da_DK","og_type":"article","og_title":"V\u00e5re oppdrag - Eikholt","og_description":"Eikholt har to nasjonale oppdrag. Vi har et nasjonalt ansvar for NAV-tilpasningskurs for d\u00f8vblinde, og gjennom avtale med Helse Nors RHF skal vi utvikle\u00a0og\u00a0formidle\u00a0kunnskap . Les om oppdragene v\u00e5re her:","og_url":"https:\/\/www.eikholt.no\/da\/om-os\/om-os-vores-mission\/","og_site_name":"Eikholt","article_publisher":"https:\/\/www.facebook.com\/eikholt.kompetansesenter","article_modified_time":"2026-02-17T08:36:38+00:00","og_image":[{"width":1024,"height":687,"url":"https:\/\/www.eikholt.no\/app\/uploads\/2025\/12\/Utendors-utsikt-benk-ved-adm.-MD-tolk-NMFS-tegnsprak-3-1024x687.jpg","type":"image\/jpeg"}],"twitter_card":"summary_large_image","twitter_misc":{"Est. reading time":"3 minutes"},"schema":{"@context":"https:\/\/schema.org","@graph":[{"@type":"WebPage","@id":"https:\/\/www.eikholt.no\/om-oss\/om-oss-vare-oppdrag\/","url":"https:\/\/www.eikholt.no\/om-oss\/om-oss-vare-oppdrag\/","name":"Vores missioner - Eikholt","isPartOf":{"@id":"https:\/\/www.eikholt.no\/#website"},"primaryImageOfPage":{"@id":"https:\/\/www.eikholt.no\/om-oss\/om-oss-vare-oppdrag\/#primaryimage"},"image":{"@id":"https:\/\/www.eikholt.no\/om-oss\/om-oss-vare-oppdrag\/#primaryimage"},"thumbnailUrl":"https:\/\/www.eikholt.no\/app\/uploads\/2025\/12\/Utendors-utsikt-benk-ved-adm.-MD-tolk-NMFS-tegnsprak-3.jpg","datePublished":"2023-06-23T15:26:19+00:00","dateModified":"2026-02-17T08:36:38+00:00","description":"Eikholt har to nationale opgaver. Vi har et nationalt ansvar for NAV-tilpasningskurser for d\u00f8vblinde, og gennem en aftale med Helse Nors RHF skal vi udvikle og formidle viden. L\u00e6s om vores opgaver her:","breadcrumb":{"@id":"https:\/\/www.eikholt.no\/om-oss\/om-oss-vare-oppdrag\/#breadcrumb"},"inLanguage":"da-DK","potentialAction":[{"@type":"ReadAction","target":["https:\/\/www.eikholt.no\/om-oss\/om-oss-vare-oppdrag\/"]}]},{"@type":"ImageObject","inLanguage":"da-DK","@id":"https:\/\/www.eikholt.no\/om-oss\/om-oss-vare-oppdrag\/#primaryimage","url":"https:\/\/www.eikholt.no\/app\/uploads\/2025\/12\/Utendors-utsikt-benk-ved-adm.-MD-tolk-NMFS-tegnsprak-3.jpg","contentUrl":"https:\/\/www.eikholt.no\/app\/uploads\/2025\/12\/Utendors-utsikt-benk-ved-adm.-MD-tolk-NMFS-tegnsprak-3.jpg","width":2400,"height":1609,"caption":"To personer sitter p\u00e5 en benk. i bakgrunnen bygninger, plen og tr\u00e6r."},{"@type":"BreadcrumbList","@id":"https:\/\/www.eikholt.no\/om-oss\/om-oss-vare-oppdrag\/#breadcrumb","itemListElement":[{"@type":"ListItem","position":1,"name":"Forside","item":"https:\/\/www.eikholt.no\/"},{"@type":"ListItem","position":2,"name":"Om oss","item":"https:\/\/www.eikholt.no\/om-oss\/"},{"@type":"ListItem","position":3,"name":"V\u00e5re oppdrag"}]},{"@type":"WebSite","@id":"https:\/\/www.eikholt.no\/#website","url":"https:\/\/www.eikholt.no\/","name":"Eikholt","description":"","publisher":{"@id":"https:\/\/www.eikholt.no\/#organization"},"potentialAction":[{"@type":"SearchAction","target":{"@type":"EntryPoint","urlTemplate":"https:\/\/www.eikholt.no\/?s={search_term_string}"},"query-input":{"@type":"PropertyValueSpecification","valueRequired":true,"valueName":"search_term_string"}}],"inLanguage":"da-DK"},{"@type":"Organization","@id":"https:\/\/www.eikholt.no\/#organization","name":"Eikholt","url":"https:\/\/www.eikholt.no\/","logo":{"@type":"ImageObject","inLanguage":"da-DK","@id":"https:\/\/www.eikholt.no\/#\/schema\/logo\/image\/","url":"https:\/\/www.eikholt.no\/app\/uploads\/2024\/04\/cropped-Logo-Eikholt-ny.jpg","contentUrl":"https:\/\/www.eikholt.no\/app\/uploads\/2024\/04\/cropped-Logo-Eikholt-ny.jpg","width":419,"height":209,"caption":"Eikholt"},"image":{"@id":"https:\/\/www.eikholt.no\/#\/schema\/logo\/image\/"},"sameAs":["https:\/\/www.facebook.com\/eikholt.kompetansesenter"]}]}},"_links":{"self":[{"href":"https:\/\/www.eikholt.no\/da\/wp-json\/wp\/v2\/pages\/1580","targetHints":{"allow":["GET"]}}],"collection":[{"href":"https:\/\/www.eikholt.no\/da\/wp-json\/wp\/v2\/pages"}],"about":[{"href":"https:\/\/www.eikholt.no\/da\/wp-json\/wp\/v2\/types\/page"}],"author":[{"embeddable":true,"href":"https:\/\/www.eikholt.no\/da\/wp-json\/wp\/v2\/users\/2"}],"replies":[{"embeddable":true,"href":"https:\/\/www.eikholt.no\/da\/wp-json\/wp\/v2\/comments?post=1580"}],"version-history":[{"count":31,"href":"https:\/\/www.eikholt.no\/da\/wp-json\/wp\/v2\/pages\/1580\/revisions"}],"predecessor-version":[{"id":5816,"href":"https:\/\/www.eikholt.no\/da\/wp-json\/wp\/v2\/pages\/1580\/revisions\/5816"}],"up":[{"embeddable":true,"href":"https:\/\/www.eikholt.no\/da\/wp-json\/wp\/v2\/pages\/682"}],"wp:featuredmedia":[{"embeddable":true,"href":"https:\/\/www.eikholt.no\/da\/wp-json\/wp\/v2\/media\/5602"}],"wp:attachment":[{"href":"https:\/\/www.eikholt.no\/da\/wp-json\/wp\/v2\/media?parent=1580"}],"curies":[{"name":"wp","href":"https:\/\/api.w.org\/{rel}","templated":true}]}}