{"id":1653,"date":"2023-06-26T11:22:01","date_gmt":"2023-06-26T11:22:01","guid":{"rendered":"https:\/\/www.eikholt.no\/?page_id=1653"},"modified":"2023-06-26T11:24:14","modified_gmt":"2023-06-26T11:24:14","slug":"gode-resultater-fra-dette-ars-brugerundersogelse","status":"publish","type":"page","link":"https:\/\/www.eikholt.no\/da\/gode-resultater-fra-dette-ars-brugerundersogelse\/","title":{"rendered":"Gode resultater fra dette \u00e5rs brugerunders\u00f8gelse"},"content":{"rendered":"<figure class=\"wp-block-image size-large\"><img loading=\"lazy\" decoding=\"async\" width=\"1024\" height=\"478\" src=\"https:\/\/www.eikholt.no\/app\/uploads\/2023\/06\/BIlde-av-en-tenkende-figur-scaled-1-1024x478.jpeg\" alt=\"\" class=\"wp-image-1655\" srcset=\"https:\/\/www.eikholt.no\/app\/uploads\/2023\/06\/BIlde-av-en-tenkende-figur-scaled-1-1024x478.jpeg 1024w, https:\/\/www.eikholt.no\/app\/uploads\/2023\/06\/BIlde-av-en-tenkende-figur-scaled-1-300x140.jpeg 300w, https:\/\/www.eikholt.no\/app\/uploads\/2023\/06\/BIlde-av-en-tenkende-figur-scaled-1-768x359.jpeg 768w, https:\/\/www.eikholt.no\/app\/uploads\/2023\/06\/BIlde-av-en-tenkende-figur-scaled-1-1536x717.jpeg 1536w, https:\/\/www.eikholt.no\/app\/uploads\/2023\/06\/BIlde-av-en-tenkende-figur-scaled-1-2048x956.jpeg 2048w\" sizes=\"auto, (max-width: 1024px) 100vw, 1024px\" \/><\/figure>\n\n\n\n<p>Form\u00e5let med brugerunders\u00f8gelsen er at kortl\u00e6gge kvaliteten af de tjenester, der leveres til brugerne, omd\u00f8mme og hvor tilfredse brugerne er med Eikholt generelt. Dataindsamlingen foregik hovedsageligt online, men der blev ogs\u00e5 foretaget nogle telefoninterviews.<\/p>\n\n\n\n<p>P\u00e5 langt de fleste omr\u00e5der viser dette \u00e5rs unders\u00f8gelse fortsat en meget h\u00f8j grad af tilfredshed. 88% af respondenterne er enten meget tilfredse eller ret tilfredse med Eikholt. 71% er meget tilfredse. Disse resultater er n\u00e6sten u\u00e6ndrede i forhold til, hvad der blev m\u00e5lt i 2020.<\/p>\n\n\n\n<h2 class=\"wp-block-heading\">Hvad synes brugerne er vigtigst ved Eikholt?<\/h2>\n\n\n\n<p>Viljen til at anbefale Eikholt er h\u00f8j, og resultaterne viser, at hele 92% siger, at det enten er meget sandsynligt eller ret sandsynligt, at de vil anbefale Eikholt til andre.<strong>.&nbsp;<\/strong>At tjenesterne er personlige, er den vigtigste grund til at v\u00e6lge Eikholt, efterfulgt af at medarbejderne opfattes som dygtige, og at man m\u00f8der mennesker i samme situation som en selv.<\/p>\n\n\n\n<p>Brugerne er meget tilfredse med kvaliteten af den service, de f\u00e5r hos Eikholt. Den m\u00e5de, man bliver m\u00f8dt p\u00e5 af personalet, fremh\u00e6ves som en vigtig faktor sammen med den information, der gives f\u00f8r, under og efter kurserne.<\/p>\n\n\n\n<p>Generelt er folk meget tilfredse med centret. Der er en h\u00f8j grad af tilfredshed med centrets beliggenhed, kursuslokaler, udend\u00f8rsarealer og indkvartering. Folk er mest tilfredse med maden, og hvor sikre de f\u00f8ler sig p\u00e5 Eikholt. Meget gl\u00e6deligt sagde 100% af de adspurgte, at de var tilfredse eller meget tilfredse med dette.<\/p>\n\n\n\n<h2 class=\"wp-block-heading\">Er der noget, Eikholt kan g\u00f8re bedre?<\/h2>\n\n\n\n<p>Et af form\u00e5lene med unders\u00f8gelsen er ogs\u00e5 at identificere omr\u00e5der, hvor vi kan forbedre os. Vi har f\u00e5et en masse konstruktiv feedback fra dem, der svarede p\u00e5 unders\u00f8gelsen, og her er nogle emner, som vi is\u00e6r f\u00f8lger op p\u00e5:<\/p>\n\n\n\n<ul class=\"wp-block-list\">\n<li>Ventilation: Feedback om d\u00e5rlig luftkvalitet i is\u00e6r Ragnhild Kaatas Hus. Det er nu blevet udskiftet og startet i april 2023. Systemet er dimensioneret op. Der er ogs\u00e5 en ny varmepumpe inde i rummet.<\/li>\n\n\n\n<li>Gangstier: Gangstier mod AV-klinikken og bygning 1 vil blive forbedret inden sommeren 2023.<\/li>\n\n\n\n<li>Lyd og slynger: Har indimellem fungeret d\u00e5rligt, nye tr\u00e5dl\u00f8se bordmikrofoner til Ragnhild Kaatas Hus og nye Stallen er bestilt. Forst\u00e6rkere til sl\u00f8jferne er udskiftet.<\/li>\n\n\n\n<li>Udbud af kurser: Vi har f\u00e5et mange gode forslag og \u00f8nsker. De indg\u00e5r i planl\u00e6gningen af nye kurser.<\/li>\n\n\n\n<li>Tilbud til yngre brugere: Der vil ogs\u00e5 blive arrangeret et gruppeforl\u00f8b for unge voksne i 2024.<\/li>\n<\/ul>\n\n\n\n<p>Vi er meget glade for, at s\u00e5 mange mennesker har taget sig tid til at give os feedback. Det giver os v\u00e6rdifuld information til at opretholde og videreudvikle gode tjenester, og at Eikholt har en god kvalitet og standard.<\/p>","protected":false},"excerpt":{"rendered":"<p>M\u00e5let med brukerunders\u00f8kelsen er \u00e5 kartlegge kvalitet p\u00e5 tjenester gitt til brukere, omd\u00f8mme og hvor forn\u00f8yde brukerne er med Eikholt generelt. Datainnsamlingen ble hovedsakelig gjennomf\u00f8rt p\u00e5 web, men noen intervjuer ble ogs\u00e5 gjennomf\u00f8rt p\u00e5 telefon. P\u00e5 de aller fleste omr\u00e5dende viser \u00e5rets unders\u00f8kelse fortsatt sv\u00e6rt h\u00f8y tilfredshet. 88% av de som har svart, er enten<\/p>","protected":false},"author":1,"featured_media":0,"parent":0,"menu_order":0,"comment_status":"closed","ping_status":"closed","template":"","meta":{"_acf_changed":false,"inline_featured_image":false,"ep_exclude_from_search":false,"footnotes":""},"class_list":["post-1653","page","type-page","status-publish","hentry"],"acf":[],"yoast_head":"<!-- This site is optimized with the Yoast SEO plugin v25.8 - https:\/\/yoast.com\/wordpress\/plugins\/seo\/ -->\n<title>Gode resultater fra \u00e5rets brukerunders\u00f8kelse - Eikholt<\/title>\n<meta name=\"robots\" content=\"index, follow, max-snippet:-1, max-image-preview:large, max-video-preview:-1\" \/>\n<link rel=\"canonical\" href=\"https:\/\/www.eikholt.no\/da\/gode-resultater-fra-dette-ars-brugerundersogelse\/\" \/>\n<meta property=\"og:locale\" content=\"da_DK\" \/>\n<meta property=\"og:type\" content=\"article\" \/>\n<meta property=\"og:title\" content=\"Gode resultater fra \u00e5rets brukerunders\u00f8kelse - Eikholt\" \/>\n<meta property=\"og:description\" content=\"M\u00e5let med brukerunders\u00f8kelsen er \u00e5 kartlegge kvalitet p\u00e5 tjenester gitt til brukere, omd\u00f8mme og hvor forn\u00f8yde brukerne er med Eikholt generelt. Datainnsamlingen ble hovedsakelig gjennomf\u00f8rt p\u00e5 web, men noen intervjuer ble ogs\u00e5 gjennomf\u00f8rt p\u00e5 telefon. P\u00e5 de aller fleste omr\u00e5dende viser \u00e5rets unders\u00f8kelse fortsatt sv\u00e6rt h\u00f8y tilfredshet. 88% av de som har svart, er enten\" \/>\n<meta property=\"og:url\" content=\"https:\/\/www.eikholt.no\/da\/gode-resultater-fra-dette-ars-brugerundersogelse\/\" \/>\n<meta property=\"og:site_name\" content=\"Eikholt\" \/>\n<meta property=\"article:publisher\" content=\"https:\/\/www.facebook.com\/eikholt.kompetansesenter\" \/>\n<meta property=\"article:modified_time\" content=\"2023-06-26T11:24:14+00:00\" \/>\n<meta property=\"og:image\" content=\"https:\/\/www.eikholt.no\/app\/uploads\/2023\/06\/BIlde-av-en-tenkende-figur-scaled-1-1024x478.jpeg\" \/>\n<meta name=\"twitter:card\" content=\"summary_large_image\" \/>\n<meta name=\"twitter:label1\" content=\"Est. reading time\" \/>\n\t<meta name=\"twitter:data1\" content=\"2 minutes\" \/>\n<script type=\"application\/ld+json\" class=\"yoast-schema-graph\">{\"@context\":\"https:\/\/schema.org\",\"@graph\":[{\"@type\":\"WebPage\",\"@id\":\"https:\/\/www.eikholt.no\/gode-resultater-fra-arets-brukerundersokelse\/\",\"url\":\"https:\/\/www.eikholt.no\/gode-resultater-fra-arets-brukerundersokelse\/\",\"name\":\"Gode resultater fra \u00e5rets brukerunders\u00f8kelse - Eikholt\",\"isPartOf\":{\"@id\":\"https:\/\/www.eikholt.no\/#website\"},\"primaryImageOfPage\":{\"@id\":\"https:\/\/www.eikholt.no\/gode-resultater-fra-arets-brukerundersokelse\/#primaryimage\"},\"image\":{\"@id\":\"https:\/\/www.eikholt.no\/gode-resultater-fra-arets-brukerundersokelse\/#primaryimage\"},\"thumbnailUrl\":\"https:\/\/www.eikholt.no\/app\/uploads\/2023\/06\/BIlde-av-en-tenkende-figur-scaled-1-1024x478.jpeg\",\"datePublished\":\"2023-06-26T11:22:01+00:00\",\"dateModified\":\"2023-06-26T11:24:14+00:00\",\"breadcrumb\":{\"@id\":\"https:\/\/www.eikholt.no\/gode-resultater-fra-arets-brukerundersokelse\/#breadcrumb\"},\"inLanguage\":\"da-DK\",\"potentialAction\":[{\"@type\":\"ReadAction\",\"target\":[\"https:\/\/www.eikholt.no\/gode-resultater-fra-arets-brukerundersokelse\/\"]}]},{\"@type\":\"ImageObject\",\"inLanguage\":\"da-DK\",\"@id\":\"https:\/\/www.eikholt.no\/gode-resultater-fra-arets-brukerundersokelse\/#primaryimage\",\"url\":\"https:\/\/www.eikholt.no\/app\/uploads\/2023\/06\/BIlde-av-en-tenkende-figur-scaled-1-1024x478.jpeg\",\"contentUrl\":\"https:\/\/www.eikholt.no\/app\/uploads\/2023\/06\/BIlde-av-en-tenkende-figur-scaled-1-1024x478.jpeg\"},{\"@type\":\"BreadcrumbList\",\"@id\":\"https:\/\/www.eikholt.no\/gode-resultater-fra-arets-brukerundersokelse\/#breadcrumb\",\"itemListElement\":[{\"@type\":\"ListItem\",\"position\":1,\"name\":\"Forside\",\"item\":\"https:\/\/www.eikholt.no\/\"},{\"@type\":\"ListItem\",\"position\":2,\"name\":\"Gode resultater fra \u00e5rets brukerunders\u00f8kelse\"}]},{\"@type\":\"WebSite\",\"@id\":\"https:\/\/www.eikholt.no\/#website\",\"url\":\"https:\/\/www.eikholt.no\/\",\"name\":\"Eikholt\",\"description\":\"\",\"publisher\":{\"@id\":\"https:\/\/www.eikholt.no\/#organization\"},\"potentialAction\":[{\"@type\":\"SearchAction\",\"target\":{\"@type\":\"EntryPoint\",\"urlTemplate\":\"https:\/\/www.eikholt.no\/?s={search_term_string}\"},\"query-input\":{\"@type\":\"PropertyValueSpecification\",\"valueRequired\":true,\"valueName\":\"search_term_string\"}}],\"inLanguage\":\"da-DK\"},{\"@type\":\"Organization\",\"@id\":\"https:\/\/www.eikholt.no\/#organization\",\"name\":\"Eikholt\",\"url\":\"https:\/\/www.eikholt.no\/\",\"logo\":{\"@type\":\"ImageObject\",\"inLanguage\":\"da-DK\",\"@id\":\"https:\/\/www.eikholt.no\/#\/schema\/logo\/image\/\",\"url\":\"https:\/\/www.eikholt.no\/app\/uploads\/2024\/04\/cropped-Logo-Eikholt-ny.jpg\",\"contentUrl\":\"https:\/\/www.eikholt.no\/app\/uploads\/2024\/04\/cropped-Logo-Eikholt-ny.jpg\",\"width\":419,\"height\":209,\"caption\":\"Eikholt\"},\"image\":{\"@id\":\"https:\/\/www.eikholt.no\/#\/schema\/logo\/image\/\"},\"sameAs\":[\"https:\/\/www.facebook.com\/eikholt.kompetansesenter\"]}]}<\/script>\n<!-- \/ Yoast SEO plugin. -->","yoast_head_json":{"title":"Gode resultater fra dette \u00e5rs brugerunders\u00f8gelse - Eikholt","robots":{"index":"index","follow":"follow","max-snippet":"max-snippet:-1","max-image-preview":"max-image-preview:large","max-video-preview":"max-video-preview:-1"},"canonical":"https:\/\/www.eikholt.no\/da\/gode-resultater-fra-dette-ars-brugerundersogelse\/","og_locale":"da_DK","og_type":"article","og_title":"Gode resultater fra \u00e5rets brukerunders\u00f8kelse - Eikholt","og_description":"M\u00e5let med brukerunders\u00f8kelsen er \u00e5 kartlegge kvalitet p\u00e5 tjenester gitt til brukere, omd\u00f8mme og hvor forn\u00f8yde brukerne er med Eikholt generelt. Datainnsamlingen ble hovedsakelig gjennomf\u00f8rt p\u00e5 web, men noen intervjuer ble ogs\u00e5 gjennomf\u00f8rt p\u00e5 telefon. P\u00e5 de aller fleste omr\u00e5dende viser \u00e5rets unders\u00f8kelse fortsatt sv\u00e6rt h\u00f8y tilfredshet. 88% av de som har svart, er enten","og_url":"https:\/\/www.eikholt.no\/da\/gode-resultater-fra-dette-ars-brugerundersogelse\/","og_site_name":"Eikholt","article_publisher":"https:\/\/www.facebook.com\/eikholt.kompetansesenter","article_modified_time":"2023-06-26T11:24:14+00:00","og_image":[{"url":"https:\/\/www.eikholt.no\/app\/uploads\/2023\/06\/BIlde-av-en-tenkende-figur-scaled-1-1024x478.jpeg","type":"","width":"","height":""}],"twitter_card":"summary_large_image","twitter_misc":{"Est. reading time":"2 minutes"},"schema":{"@context":"https:\/\/schema.org","@graph":[{"@type":"WebPage","@id":"https:\/\/www.eikholt.no\/gode-resultater-fra-arets-brukerundersokelse\/","url":"https:\/\/www.eikholt.no\/gode-resultater-fra-arets-brukerundersokelse\/","name":"Gode resultater fra dette \u00e5rs brugerunders\u00f8gelse - Eikholt","isPartOf":{"@id":"https:\/\/www.eikholt.no\/#website"},"primaryImageOfPage":{"@id":"https:\/\/www.eikholt.no\/gode-resultater-fra-arets-brukerundersokelse\/#primaryimage"},"image":{"@id":"https:\/\/www.eikholt.no\/gode-resultater-fra-arets-brukerundersokelse\/#primaryimage"},"thumbnailUrl":"https:\/\/www.eikholt.no\/app\/uploads\/2023\/06\/BIlde-av-en-tenkende-figur-scaled-1-1024x478.jpeg","datePublished":"2023-06-26T11:22:01+00:00","dateModified":"2023-06-26T11:24:14+00:00","breadcrumb":{"@id":"https:\/\/www.eikholt.no\/gode-resultater-fra-arets-brukerundersokelse\/#breadcrumb"},"inLanguage":"da-DK","potentialAction":[{"@type":"ReadAction","target":["https:\/\/www.eikholt.no\/gode-resultater-fra-arets-brukerundersokelse\/"]}]},{"@type":"ImageObject","inLanguage":"da-DK","@id":"https:\/\/www.eikholt.no\/gode-resultater-fra-arets-brukerundersokelse\/#primaryimage","url":"https:\/\/www.eikholt.no\/app\/uploads\/2023\/06\/BIlde-av-en-tenkende-figur-scaled-1-1024x478.jpeg","contentUrl":"https:\/\/www.eikholt.no\/app\/uploads\/2023\/06\/BIlde-av-en-tenkende-figur-scaled-1-1024x478.jpeg"},{"@type":"BreadcrumbList","@id":"https:\/\/www.eikholt.no\/gode-resultater-fra-arets-brukerundersokelse\/#breadcrumb","itemListElement":[{"@type":"ListItem","position":1,"name":"Forside","item":"https:\/\/www.eikholt.no\/"},{"@type":"ListItem","position":2,"name":"Gode resultater fra \u00e5rets brukerunders\u00f8kelse"}]},{"@type":"WebSite","@id":"https:\/\/www.eikholt.no\/#website","url":"https:\/\/www.eikholt.no\/","name":"Eikholt","description":"","publisher":{"@id":"https:\/\/www.eikholt.no\/#organization"},"potentialAction":[{"@type":"SearchAction","target":{"@type":"EntryPoint","urlTemplate":"https:\/\/www.eikholt.no\/?s={search_term_string}"},"query-input":{"@type":"PropertyValueSpecification","valueRequired":true,"valueName":"search_term_string"}}],"inLanguage":"da-DK"},{"@type":"Organization","@id":"https:\/\/www.eikholt.no\/#organization","name":"Eikholt","url":"https:\/\/www.eikholt.no\/","logo":{"@type":"ImageObject","inLanguage":"da-DK","@id":"https:\/\/www.eikholt.no\/#\/schema\/logo\/image\/","url":"https:\/\/www.eikholt.no\/app\/uploads\/2024\/04\/cropped-Logo-Eikholt-ny.jpg","contentUrl":"https:\/\/www.eikholt.no\/app\/uploads\/2024\/04\/cropped-Logo-Eikholt-ny.jpg","width":419,"height":209,"caption":"Eikholt"},"image":{"@id":"https:\/\/www.eikholt.no\/#\/schema\/logo\/image\/"},"sameAs":["https:\/\/www.facebook.com\/eikholt.kompetansesenter"]}]}},"_links":{"self":[{"href":"https:\/\/www.eikholt.no\/da\/wp-json\/wp\/v2\/pages\/1653","targetHints":{"allow":["GET"]}}],"collection":[{"href":"https:\/\/www.eikholt.no\/da\/wp-json\/wp\/v2\/pages"}],"about":[{"href":"https:\/\/www.eikholt.no\/da\/wp-json\/wp\/v2\/types\/page"}],"author":[{"embeddable":true,"href":"https:\/\/www.eikholt.no\/da\/wp-json\/wp\/v2\/users\/1"}],"replies":[{"embeddable":true,"href":"https:\/\/www.eikholt.no\/da\/wp-json\/wp\/v2\/comments?post=1653"}],"version-history":[{"count":5,"href":"https:\/\/www.eikholt.no\/da\/wp-json\/wp\/v2\/pages\/1653\/revisions"}],"predecessor-version":[{"id":1662,"href":"https:\/\/www.eikholt.no\/da\/wp-json\/wp\/v2\/pages\/1653\/revisions\/1662"}],"wp:attachment":[{"href":"https:\/\/www.eikholt.no\/da\/wp-json\/wp\/v2\/media?parent=1653"}],"curies":[{"name":"wp","href":"https:\/\/api.w.org\/{rel}","templated":true}]}}