{"id":1771,"date":"2023-08-09T11:56:54","date_gmt":"2023-08-09T11:56:54","guid":{"rendered":"https:\/\/www.eikholt.no\/?page_id=1771"},"modified":"2025-02-06T11:26:12","modified_gmt":"2025-02-06T11:26:12","slug":"foresporgselsformular-for-individuelle-kurser-og-tjenester","status":"publish","type":"page","link":"https:\/\/www.eikholt.no\/da\/foresporgselsformular-for-individuelle-kurser-og-tjenester\/","title":{"rendered":"Foresp\u00f8rgselsformular for individuelle kurser og tjenester"},"content":{"rendered":"","protected":false},"excerpt":{"rendered":"","protected":false},"author":1,"featured_media":0,"parent":0,"menu_order":0,"comment_status":"closed","ping_status":"closed","template":"templates\/applications.blade.php","meta":{"_acf_changed":false,"inline_featured_image":false,"ep_exclude_from_search":false,"footnotes":""},"class_list":["post-1771","page","type-page","status-publish","hentry"],"acf":[],"yoast_head":"<!-- This site is optimized with the Yoast SEO plugin v25.8 - https:\/\/yoast.com\/wordpress\/plugins\/seo\/ -->\n<title>Henvendelsesskjema for individuelle kurs og tjenester - Eikholt<\/title>\n<meta name=\"description\" content=\"Fyll ut vedlagt skjema om du \u00f8nsker individuelt kurs eller tjeneste fra Eikholt. Du trenger ingen henvisning. Har du sp\u00f8rsm\u00e5l, ta kontakt.\" \/>\n<meta name=\"robots\" content=\"index, follow, max-snippet:-1, max-image-preview:large, max-video-preview:-1\" \/>\n<link rel=\"canonical\" href=\"https:\/\/www.eikholt.no\/da\/foresporgselsformular-for-individuelle-kurser-og-tjenester\/\" \/>\n<meta property=\"og:locale\" content=\"da_DK\" \/>\n<meta property=\"og:type\" content=\"article\" \/>\n<meta property=\"og:title\" content=\"Henvendelsesskjema for individuelle kurs og tjenester - Eikholt\" \/>\n<meta property=\"og:description\" content=\"Fyll ut vedlagt skjema om du \u00f8nsker individuelt kurs eller tjeneste fra Eikholt. Du trenger ingen henvisning. Har du sp\u00f8rsm\u00e5l, ta kontakt.\" \/>\n<meta property=\"og:url\" content=\"https:\/\/www.eikholt.no\/da\/foresporgselsformular-for-individuelle-kurser-og-tjenester\/\" \/>\n<meta property=\"og:site_name\" content=\"Eikholt\" \/>\n<meta property=\"article:publisher\" content=\"https:\/\/www.facebook.com\/eikholt.kompetansesenter\" \/>\n<meta property=\"article:modified_time\" content=\"2025-02-06T11:26:12+00:00\" \/>\n<meta name=\"twitter:card\" content=\"summary_large_image\" \/>\n<script type=\"application\/ld+json\" class=\"yoast-schema-graph\">{\"@context\":\"https:\/\/schema.org\",\"@graph\":[{\"@type\":\"WebPage\",\"@id\":\"https:\/\/www.eikholt.no\/henvendelsesskjema-for-individuelle-kurs-og-tjenester\/\",\"url\":\"https:\/\/www.eikholt.no\/henvendelsesskjema-for-individuelle-kurs-og-tjenester\/\",\"name\":\"Henvendelsesskjema for individuelle kurs og tjenester - Eikholt\",\"isPartOf\":{\"@id\":\"https:\/\/www.eikholt.no\/#website\"},\"datePublished\":\"2023-08-09T11:56:54+00:00\",\"dateModified\":\"2025-02-06T11:26:12+00:00\",\"description\":\"Fyll ut vedlagt skjema om du \u00f8nsker individuelt kurs eller tjeneste fra Eikholt. Du trenger ingen henvisning. Har du sp\u00f8rsm\u00e5l, ta kontakt.\",\"breadcrumb\":{\"@id\":\"https:\/\/www.eikholt.no\/henvendelsesskjema-for-individuelle-kurs-og-tjenester\/#breadcrumb\"},\"inLanguage\":\"da-DK\",\"potentialAction\":[{\"@type\":\"ReadAction\",\"target\":[\"https:\/\/www.eikholt.no\/henvendelsesskjema-for-individuelle-kurs-og-tjenester\/\"]}]},{\"@type\":\"BreadcrumbList\",\"@id\":\"https:\/\/www.eikholt.no\/henvendelsesskjema-for-individuelle-kurs-og-tjenester\/#breadcrumb\",\"itemListElement\":[{\"@type\":\"ListItem\",\"position\":1,\"name\":\"Forside\",\"item\":\"https:\/\/www.eikholt.no\/\"},{\"@type\":\"ListItem\",\"position\":2,\"name\":\"Henvendelsesskjema for individuelle kurs og tjenester\"}]},{\"@type\":\"WebSite\",\"@id\":\"https:\/\/www.eikholt.no\/#website\",\"url\":\"https:\/\/www.eikholt.no\/\",\"name\":\"Eikholt\",\"description\":\"\",\"publisher\":{\"@id\":\"https:\/\/www.eikholt.no\/#organization\"},\"potentialAction\":[{\"@type\":\"SearchAction\",\"target\":{\"@type\":\"EntryPoint\",\"urlTemplate\":\"https:\/\/www.eikholt.no\/?s={search_term_string}\"},\"query-input\":{\"@type\":\"PropertyValueSpecification\",\"valueRequired\":true,\"valueName\":\"search_term_string\"}}],\"inLanguage\":\"da-DK\"},{\"@type\":\"Organization\",\"@id\":\"https:\/\/www.eikholt.no\/#organization\",\"name\":\"Eikholt\",\"url\":\"https:\/\/www.eikholt.no\/\",\"logo\":{\"@type\":\"ImageObject\",\"inLanguage\":\"da-DK\",\"@id\":\"https:\/\/www.eikholt.no\/#\/schema\/logo\/image\/\",\"url\":\"https:\/\/www.eikholt.no\/app\/uploads\/2024\/04\/cropped-Logo-Eikholt-ny.jpg\",\"contentUrl\":\"https:\/\/www.eikholt.no\/app\/uploads\/2024\/04\/cropped-Logo-Eikholt-ny.jpg\",\"width\":419,\"height\":209,\"caption\":\"Eikholt\"},\"image\":{\"@id\":\"https:\/\/www.eikholt.no\/#\/schema\/logo\/image\/\"},\"sameAs\":[\"https:\/\/www.facebook.com\/eikholt.kompetansesenter\"]}]}<\/script>\n<!-- \/ Yoast SEO plugin. -->","yoast_head_json":{"title":"Foresp\u00f8rgselsformular for individuelle kurser og tjenester - Eikholt","description":"Udfyld den vedh\u00e6ftede formular, hvis du \u00f8nsker et individuelt kursus eller en service fra Eikholt. Du beh\u00f8ver ikke en henvisning. Hvis du har sp\u00f8rgsm\u00e5l, er du velkommen til at kontakte os.","robots":{"index":"index","follow":"follow","max-snippet":"max-snippet:-1","max-image-preview":"max-image-preview:large","max-video-preview":"max-video-preview:-1"},"canonical":"https:\/\/www.eikholt.no\/da\/foresporgselsformular-for-individuelle-kurser-og-tjenester\/","og_locale":"da_DK","og_type":"article","og_title":"Henvendelsesskjema for individuelle kurs og tjenester - Eikholt","og_description":"Fyll ut vedlagt skjema om du \u00f8nsker individuelt kurs eller tjeneste fra Eikholt. Du trenger ingen henvisning. Har du sp\u00f8rsm\u00e5l, ta kontakt.","og_url":"https:\/\/www.eikholt.no\/da\/foresporgselsformular-for-individuelle-kurser-og-tjenester\/","og_site_name":"Eikholt","article_publisher":"https:\/\/www.facebook.com\/eikholt.kompetansesenter","article_modified_time":"2025-02-06T11:26:12+00:00","twitter_card":"summary_large_image","schema":{"@context":"https:\/\/schema.org","@graph":[{"@type":"WebPage","@id":"https:\/\/www.eikholt.no\/henvendelsesskjema-for-individuelle-kurs-og-tjenester\/","url":"https:\/\/www.eikholt.no\/henvendelsesskjema-for-individuelle-kurs-og-tjenester\/","name":"Foresp\u00f8rgselsformular for individuelle kurser og tjenester - Eikholt","isPartOf":{"@id":"https:\/\/www.eikholt.no\/#website"},"datePublished":"2023-08-09T11:56:54+00:00","dateModified":"2025-02-06T11:26:12+00:00","description":"Udfyld den vedh\u00e6ftede formular, hvis du \u00f8nsker et individuelt kursus eller en service fra Eikholt. Du beh\u00f8ver ikke en henvisning. Hvis du har sp\u00f8rgsm\u00e5l, er du velkommen til at kontakte os.","breadcrumb":{"@id":"https:\/\/www.eikholt.no\/henvendelsesskjema-for-individuelle-kurs-og-tjenester\/#breadcrumb"},"inLanguage":"da-DK","potentialAction":[{"@type":"ReadAction","target":["https:\/\/www.eikholt.no\/henvendelsesskjema-for-individuelle-kurs-og-tjenester\/"]}]},{"@type":"BreadcrumbList","@id":"https:\/\/www.eikholt.no\/henvendelsesskjema-for-individuelle-kurs-og-tjenester\/#breadcrumb","itemListElement":[{"@type":"ListItem","position":1,"name":"Forside","item":"https:\/\/www.eikholt.no\/"},{"@type":"ListItem","position":2,"name":"Henvendelsesskjema for individuelle kurs og tjenester"}]},{"@type":"WebSite","@id":"https:\/\/www.eikholt.no\/#website","url":"https:\/\/www.eikholt.no\/","name":"Eikholt","description":"","publisher":{"@id":"https:\/\/www.eikholt.no\/#organization"},"potentialAction":[{"@type":"SearchAction","target":{"@type":"EntryPoint","urlTemplate":"https:\/\/www.eikholt.no\/?s={search_term_string}"},"query-input":{"@type":"PropertyValueSpecification","valueRequired":true,"valueName":"search_term_string"}}],"inLanguage":"da-DK"},{"@type":"Organization","@id":"https:\/\/www.eikholt.no\/#organization","name":"Eikholt","url":"https:\/\/www.eikholt.no\/","logo":{"@type":"ImageObject","inLanguage":"da-DK","@id":"https:\/\/www.eikholt.no\/#\/schema\/logo\/image\/","url":"https:\/\/www.eikholt.no\/app\/uploads\/2024\/04\/cropped-Logo-Eikholt-ny.jpg","contentUrl":"https:\/\/www.eikholt.no\/app\/uploads\/2024\/04\/cropped-Logo-Eikholt-ny.jpg","width":419,"height":209,"caption":"Eikholt"},"image":{"@id":"https:\/\/www.eikholt.no\/#\/schema\/logo\/image\/"},"sameAs":["https:\/\/www.facebook.com\/eikholt.kompetansesenter"]}]}},"_links":{"self":[{"href":"https:\/\/www.eikholt.no\/da\/wp-json\/wp\/v2\/pages\/1771","targetHints":{"allow":["GET"]}}],"collection":[{"href":"https:\/\/www.eikholt.no\/da\/wp-json\/wp\/v2\/pages"}],"about":[{"href":"https:\/\/www.eikholt.no\/da\/wp-json\/wp\/v2\/types\/page"}],"author":[{"embeddable":true,"href":"https:\/\/www.eikholt.no\/da\/wp-json\/wp\/v2\/users\/1"}],"replies":[{"embeddable":true,"href":"https:\/\/www.eikholt.no\/da\/wp-json\/wp\/v2\/comments?post=1771"}],"version-history":[{"count":6,"href":"https:\/\/www.eikholt.no\/da\/wp-json\/wp\/v2\/pages\/1771\/revisions"}],"predecessor-version":[{"id":2875,"href":"https:\/\/www.eikholt.no\/da\/wp-json\/wp\/v2\/pages\/1771\/revisions\/2875"}],"wp:attachment":[{"href":"https:\/\/www.eikholt.no\/da\/wp-json\/wp\/v2\/media?parent=1771"}],"curies":[{"name":"wp","href":"https:\/\/api.w.org\/{rel}","templated":true}]}}