{"id":464,"date":"2023-05-05T08:55:08","date_gmt":"2023-05-05T08:55:08","guid":{"rendered":"https:\/\/www.eikholt.no\/?page_id=464"},"modified":"2025-11-12T11:03:11","modified_gmt":"2025-11-12T11:03:11","slug":"erklaering-om-beskyttelse-af-personlige-oplysninger","status":"publish","type":"page","link":"https:\/\/www.eikholt.no\/da\/erklaering-om-beskyttelse-af-personlige-oplysninger\/","title":{"rendered":"Fortrolighedspolitik"},"content":{"rendered":"<p><\/p>\n\n\n\n<h3 class=\"wp-block-heading\">1. Hvem er den dataansvarlige?<\/h3>\n\n\n\n<p>Eikholt Nationalt Ressourcecenter for D\u00f8vblindhed, repr\u00e6senteret ved den administrerende direkt\u00f8r, er dataansvarlig for organisationens behandling af personoplysninger. Det daglige ansvar for patientdata er uddelegeret til afdelingslederen. Uddelegeringen d\u00e6kker kun opgaverne og ikke ansvaret. Denne erkl\u00e6ring indeholder oplysninger om, hvordan vi behandler personoplysninger (\u00a7 18 i persondataloven).<\/p>\n\n\n\n<h3 class=\"wp-block-heading\"><br>2. Hvad er form\u00e5let?<\/h3>\n\n\n\n<p>Form\u00e5let med at gemme patientdata er at levere korrekte og effektive sundhedsydelser og tjenester til vores brugere. Vi er juridisk forpligtet til at opbevare nogle oplysninger, mens du kan give os andre oplysninger frivilligt for at kunne kommunikere med os mere effektivt.<\/p>\n\n\n\n<h3 class=\"wp-block-heading\">3. Hvad er det juridiske grundlag?<\/h3>\n\n\n\n<p>Persondataloven med forskrifter er den generelle lov, der indeholder regler for, hvordan indsamlede personoplysninger behandles, hvordan de sikres, hvem der har adgang til oplysningerne, om de videregives til andre, og hvordan den person, der er registreret oplysninger om, kan ud\u00f8ve sine rettigheder til f.eks. indsigt. Grundlaget for behandling af personoplysninger er reguleret i \u00a7 6-1 i lov om specialiserede sundhedsydelser, \u00a7 10-7 i lov om folketrygd, kapitel 8 i lov om sundhedspersonale (\u00a7\u00a7 39-47), lov om patientjournaler og lov om sundhedsdataregistre. ECIT er vores driftsleverand\u00f8r af IT. Carasent er vores leverand\u00f8r af elektroniske patientdatasystemer. Vores hjemmesideleverand\u00f8r er Sail. Samarbejdet med disse leverand\u00f8rer er reguleret af databehandleraftaler. Alle persondata opbevares p\u00e5 vores egne servere.<br><\/p>\n\n\n\n<h3 class=\"wp-block-heading\">4. Hvilke personoplysninger behandles?<\/h3>\n\n\n\n<p><em>Lovpligtig information<\/em><\/p>\n\n\n\n<ul class=\"wp-block-list\">\n<li>Personlige data, herunder nationalt identitetsnummer til sikker identifikation<\/li>\n\n\n\n<li>Adresse, telefonnummer<\/li>\n\n\n\n<li>V\u00e6rge eller den, der giver samtykke p\u00e5 dine vegne<\/li>\n\n\n\n<li>Registrering af vores unders\u00f8gelser og vurderinger<\/li>\n\n\n\n<li>Relevante billeder og\/eller film<\/li>\n\n\n\n<li>Relevante diagnoser i forhold til de ydelser, vi skal udf\u00f8re<\/li>\n\n\n\n<li>Information om risikoen for infektion<\/li>\n\n\n\n<li>Udskrivningsresum\u00e9er, henvisninger og andre dokumenter, der sendes til os af andet sundhedspersonale<br><br><em>Frivillig information<\/em><\/li>\n\n\n\n<li>Yderligere kontaktoplysninger som mobiltelefonnummer, e-mailadresse osv.<\/li>\n\n\n\n<li>P\u00e5r\u00f8rende med kontaktoplysninger<br><\/li>\n<\/ul>\n\n\n\n<h3 class=\"wp-block-heading\">5. Hvor kommer dataene fra?<\/h3>\n\n\n\n<p>Oplysningerne kommer direkte fra dig som bruger eller fra henvisninger, der er sendt til os. Vi er ikke knyttet til folkeregistret og gemmer kun de adresser, du giver os.<\/p>\n\n\n\n<h3 class=\"wp-block-heading\"><br>6. Er det frivilligt at give oplysningerne?<\/h3>\n\n\n\n<p>Vi er lovm\u00e6ssigt forpligtet til at gemme de lovpligtige data, der er anf\u00f8rt ovenfor. De frivillige data vil g\u00f8re vores kommunikation med dig nemmere og mere effektiv. Men det er frivilligt.<\/p>\n\n\n\n<h2 class=\"wp-block-heading\"><br>7. Bliver oplysningerne videregivet til tredjeparter?<\/h2>\n\n\n\n<p class=\"has-large-font-size\"><em>F\u00f8lgende tredjeparter kan modtage oplysninger:<\/em><\/p>\n\n\n\n<ul class=\"wp-block-list\">\n<li>NAV modtager information i form af ans\u00f8gninger om hj\u00e6lpemidler og kurser. Den skal underskrives af dig, f\u00f8r den sendes, og den indeholder personlige oplysninger, kontaktoplysninger, diagnose og oplysninger om dine behov og vores vurdering.<\/li>\n\n\n\n<li>Den henvisende l\u00e6ge eller anden sundhedsperson vil - efter anmodning, eller n\u00e5r vi ser et behov for det - modtage en epikrise, dvs. et resum\u00e9 af vores medicinske journaler, der er begr\u00e6nset til den p\u00e5g\u00e6ldende sag. I nogle tilf\u00e6lde er det ogs\u00e5 n\u00f8dvendigt at dele oplysninger med andre, der er en del af dit behandlingsteam. Det kan v\u00e6re en fysioterapeut, ergoterapeut eller speciall\u00e6ge.<\/li>\n\n\n\n<li class=\"has-medium-font-size\">I nogle tilf\u00e6lde \u00f8nsker vi at bruge billeder eller film i forbindelse med uddannelse eller kurser for andre sundhedsprofessionelle. Det er frivilligt, og i s\u00e5danne tilf\u00e6lde vil vi altid indhente skriftligt samtykke fra dig f\u00f8rst og anonymisere billederne.<\/li>\n<\/ul>\n\n\n\n<p class=\"has-large-font-size\"><em>Frivillig information<\/em><\/p>\n\n\n\n<ul class=\"wp-block-list\">\n<li>Yderligere kontaktoplysninger som mobiltelefonnummer, e-mailadresse osv.<\/li>\n\n\n\n<li>P\u00e5r\u00f8rende med kontaktoplysninger<\/li>\n<\/ul>\n\n\n\n<h3 class=\"wp-block-heading\"><br>8. Hvordan slettes og arkiveres data?<\/h3>\n\n\n\n<p>I henhold til reglerne for medicinske journaler skal oplysninger opbevares i mindst 10 \u00e5r efter den sidste tilf\u00f8jelse til journalen. Nogle hj\u00e6lpemiddelrekvisitioner er gyldige i 10 \u00e5r og kan fornyes efter det. D\u00f8vblindhed er en progressiv lidelse. Det betyder, at vi er ansvarlige for at f\u00f8lge op p\u00e5 brugerne gennem hele deres liv. Vi praktiserer derfor sletning af data i tilf\u00e6lde af d\u00f8dsfald, eller hvis brugeren udtrykker \u00f8nske om at blive slettet. Alle persondata gemmes p\u00e5 vores server i overensstemmelse med g\u00e6ldende regler. Nogle af de \u00e6ldste oplysninger gemmes i en lokal database, der er sikkert afl\u00e5st med meget begr\u00e6nset adgang. Denne database er ikke forbundet med et netv\u00e6rk eller internettet.<\/p>\n\n\n\n<h2 class=\"wp-block-heading\"><br>9. Hvilke rettigheder har den registrerede, og hvilket lands lovgivning g\u00e6lder?<\/h2>\n\n\n\n<p>Du kan anmode om rettelse eller sletning af de frivillige personoplysninger. Blandt de lovpligtige personoplysninger kan du kr\u00e6ve rettelse eller sletning af ufuldst\u00e6ndige eller forkerte oplysninger.<br>Du har ret til at f\u00e5 adgang til din egen l\u00e6gejournal, s\u00e5 l\u00e6nge det ikke er sandsynligt, at oplysningerne vil v\u00e6re skadelige for dig. Du kan ogs\u00e5 kr\u00e6ve at f\u00e5 oplysningerne udleveret.<br>Denne erkl\u00e6ring kan ikke begr\u00e6nse rettigheder eller forpligtelser, der f\u00f8lger af norsk lov. Relevante love og forskrifter er lov om helsepersonell, lov om pasient- og brukerrettigheter, arkivforskriften og journalforskriften.<\/p>\n\n\n\n<h3 class=\"wp-block-heading\"><br>10. Hvordan er data sikret?<\/h3>\n\n\n\n<p>Kun medarbejdere hos Eikholt Nationalt Ressourcecenter for D\u00f8vblindhed og vores databehandlere har adgang til oplysningerne. Der er ogs\u00e5 procedurer p\u00e5 plads for at sikre, at kun relevante medarbejdere har adgang til f\u00f8lsomme oplysninger. Alle medarbejdere har underskrevet en fortrolighedsaftale.<\/p>\n\n\n\n<h3 class=\"wp-block-heading\"><br>11. Kontaktoplysninger.<\/h3>\n\n\n\n<p>E-mail: post@eikholt.no.<br>Telefon: 45 61 44 04<br>Postadresse: Helen Kellers vei 3, 3031 Drammen<\/p>\n\n\n\n<p><\/p>\n\n\n\n<p><\/p>","protected":false},"excerpt":{"rendered":"<p>1. Hvem er den dataansvarlige? Eikholt Nationalt Ressourcecenter for D\u00f8vblindhed, repr\u00e6senteret ved den administrerende direkt\u00f8r, er den dataansvarlige for organisationens behandling af personoplysninger. Det daglige ansvar for patientdata er uddelegeret til afdelingslederen. Uddelegeringen d\u00e6kker kun opgaverne og ikke ansvaret. Denne erkl\u00e6ring indeholder oplysninger om, hvordan vi behandler personoplysninger (\u00a7 18 i persondataloven). 2 Hvad er form\u00e5let? Form\u00e5let med at opbevare patientoplysninger er<\/p>","protected":false},"author":1,"featured_media":0,"parent":0,"menu_order":0,"comment_status":"closed","ping_status":"closed","template":"","meta":{"_acf_changed":false,"inline_featured_image":false,"ep_exclude_from_search":false,"footnotes":""},"class_list":["post-464","page","type-page","status-publish","hentry"],"acf":[],"yoast_head":"<!-- This site is optimized with the Yoast SEO plugin v25.8 - https:\/\/yoast.com\/wordpress\/plugins\/seo\/ -->\n<title>Personvernerkl\u00e6ring - Eikholt<\/title>\n<meta name=\"description\" content=\"Eikholt nasjonalt ressurssenter for d\u00f8vblinde, ved administrerende direkt\u00f8r, er behandlingsansvarlig for virksomhetens behandling av personopplysninger. Les mer her:\" \/>\n<meta name=\"robots\" content=\"index, follow, max-snippet:-1, max-image-preview:large, max-video-preview:-1\" \/>\n<link rel=\"canonical\" href=\"https:\/\/www.eikholt.no\/da\/erklaering-om-beskyttelse-af-personlige-oplysninger\/\" \/>\n<meta property=\"og:locale\" content=\"da_DK\" \/>\n<meta property=\"og:type\" content=\"article\" \/>\n<meta property=\"og:title\" content=\"Personvernerkl\u00e6ring - Eikholt\" \/>\n<meta property=\"og:description\" content=\"Eikholt nasjonalt ressurssenter for d\u00f8vblinde, ved administrerende direkt\u00f8r, er behandlingsansvarlig for virksomhetens behandling av personopplysninger. Les mer her:\" \/>\n<meta property=\"og:url\" content=\"https:\/\/www.eikholt.no\/da\/erklaering-om-beskyttelse-af-personlige-oplysninger\/\" \/>\n<meta property=\"og:site_name\" content=\"Eikholt\" \/>\n<meta property=\"article:publisher\" content=\"https:\/\/www.facebook.com\/eikholt.kompetansesenter\" \/>\n<meta property=\"article:modified_time\" content=\"2025-11-12T11:03:11+00:00\" \/>\n<meta name=\"twitter:card\" content=\"summary_large_image\" \/>\n<meta name=\"twitter:label1\" content=\"Est. reading time\" \/>\n\t<meta name=\"twitter:data1\" content=\"5 minutes\" \/>\n<script type=\"application\/ld+json\" class=\"yoast-schema-graph\">{\"@context\":\"https:\/\/schema.org\",\"@graph\":[{\"@type\":\"WebPage\",\"@id\":\"https:\/\/www.eikholt.no\/personvernerklaering\/\",\"url\":\"https:\/\/www.eikholt.no\/personvernerklaering\/\",\"name\":\"Personvernerkl\u00e6ring - Eikholt\",\"isPartOf\":{\"@id\":\"https:\/\/www.eikholt.no\/#website\"},\"datePublished\":\"2023-05-05T08:55:08+00:00\",\"dateModified\":\"2025-11-12T11:03:11+00:00\",\"description\":\"Eikholt nasjonalt ressurssenter for d\u00f8vblinde, ved administrerende direkt\u00f8r, er behandlingsansvarlig for virksomhetens behandling av personopplysninger. Les mer her:\",\"breadcrumb\":{\"@id\":\"https:\/\/www.eikholt.no\/personvernerklaering\/#breadcrumb\"},\"inLanguage\":\"da-DK\",\"potentialAction\":[{\"@type\":\"ReadAction\",\"target\":[\"https:\/\/www.eikholt.no\/personvernerklaering\/\"]}]},{\"@type\":\"BreadcrumbList\",\"@id\":\"https:\/\/www.eikholt.no\/personvernerklaering\/#breadcrumb\",\"itemListElement\":[{\"@type\":\"ListItem\",\"position\":1,\"name\":\"Forside\",\"item\":\"https:\/\/www.eikholt.no\/\"},{\"@type\":\"ListItem\",\"position\":2,\"name\":\"Personvernerkl\u00e6ring\"}]},{\"@type\":\"WebSite\",\"@id\":\"https:\/\/www.eikholt.no\/#website\",\"url\":\"https:\/\/www.eikholt.no\/\",\"name\":\"Eikholt\",\"description\":\"\",\"publisher\":{\"@id\":\"https:\/\/www.eikholt.no\/#organization\"},\"potentialAction\":[{\"@type\":\"SearchAction\",\"target\":{\"@type\":\"EntryPoint\",\"urlTemplate\":\"https:\/\/www.eikholt.no\/?s={search_term_string}\"},\"query-input\":{\"@type\":\"PropertyValueSpecification\",\"valueRequired\":true,\"valueName\":\"search_term_string\"}}],\"inLanguage\":\"da-DK\"},{\"@type\":\"Organization\",\"@id\":\"https:\/\/www.eikholt.no\/#organization\",\"name\":\"Eikholt\",\"url\":\"https:\/\/www.eikholt.no\/\",\"logo\":{\"@type\":\"ImageObject\",\"inLanguage\":\"da-DK\",\"@id\":\"https:\/\/www.eikholt.no\/#\/schema\/logo\/image\/\",\"url\":\"https:\/\/www.eikholt.no\/app\/uploads\/2024\/04\/cropped-Logo-Eikholt-ny.jpg\",\"contentUrl\":\"https:\/\/www.eikholt.no\/app\/uploads\/2024\/04\/cropped-Logo-Eikholt-ny.jpg\",\"width\":419,\"height\":209,\"caption\":\"Eikholt\"},\"image\":{\"@id\":\"https:\/\/www.eikholt.no\/#\/schema\/logo\/image\/\"},\"sameAs\":[\"https:\/\/www.facebook.com\/eikholt.kompetansesenter\"]}]}<\/script>\n<!-- \/ Yoast SEO plugin. -->","yoast_head_json":{"title":"Politik for beskyttelse af personlige oplysninger - Eikholt","description":"Eikholt Nationalt Ressourcecenter for D\u00f8vblindhed, repr\u00e6senteret ved den administrerende direkt\u00f8r, er dataansvarlig for virksomhedens behandling af personoplysninger. Du kan l\u00e6se mere her:","robots":{"index":"index","follow":"follow","max-snippet":"max-snippet:-1","max-image-preview":"max-image-preview:large","max-video-preview":"max-video-preview:-1"},"canonical":"https:\/\/www.eikholt.no\/da\/erklaering-om-beskyttelse-af-personlige-oplysninger\/","og_locale":"da_DK","og_type":"article","og_title":"Personvernerkl\u00e6ring - Eikholt","og_description":"Eikholt nasjonalt ressurssenter for d\u00f8vblinde, ved administrerende direkt\u00f8r, er behandlingsansvarlig for virksomhetens behandling av personopplysninger. Les mer her:","og_url":"https:\/\/www.eikholt.no\/da\/erklaering-om-beskyttelse-af-personlige-oplysninger\/","og_site_name":"Eikholt","article_publisher":"https:\/\/www.facebook.com\/eikholt.kompetansesenter","article_modified_time":"2025-11-12T11:03:11+00:00","twitter_card":"summary_large_image","twitter_misc":{"Est. reading time":"5 minutes"},"schema":{"@context":"https:\/\/schema.org","@graph":[{"@type":"WebPage","@id":"https:\/\/www.eikholt.no\/personvernerklaering\/","url":"https:\/\/www.eikholt.no\/personvernerklaering\/","name":"Politik for beskyttelse af personlige oplysninger - Eikholt","isPartOf":{"@id":"https:\/\/www.eikholt.no\/#website"},"datePublished":"2023-05-05T08:55:08+00:00","dateModified":"2025-11-12T11:03:11+00:00","description":"Eikholt Nationalt Ressourcecenter for D\u00f8vblindhed, repr\u00e6senteret ved den administrerende direkt\u00f8r, er dataansvarlig for virksomhedens behandling af personoplysninger. Du kan l\u00e6se mere her:","breadcrumb":{"@id":"https:\/\/www.eikholt.no\/personvernerklaering\/#breadcrumb"},"inLanguage":"da-DK","potentialAction":[{"@type":"ReadAction","target":["https:\/\/www.eikholt.no\/personvernerklaering\/"]}]},{"@type":"BreadcrumbList","@id":"https:\/\/www.eikholt.no\/personvernerklaering\/#breadcrumb","itemListElement":[{"@type":"ListItem","position":1,"name":"Forside","item":"https:\/\/www.eikholt.no\/"},{"@type":"ListItem","position":2,"name":"Personvernerkl\u00e6ring"}]},{"@type":"WebSite","@id":"https:\/\/www.eikholt.no\/#website","url":"https:\/\/www.eikholt.no\/","name":"Eikholt","description":"","publisher":{"@id":"https:\/\/www.eikholt.no\/#organization"},"potentialAction":[{"@type":"SearchAction","target":{"@type":"EntryPoint","urlTemplate":"https:\/\/www.eikholt.no\/?s={search_term_string}"},"query-input":{"@type":"PropertyValueSpecification","valueRequired":true,"valueName":"search_term_string"}}],"inLanguage":"da-DK"},{"@type":"Organization","@id":"https:\/\/www.eikholt.no\/#organization","name":"Eikholt","url":"https:\/\/www.eikholt.no\/","logo":{"@type":"ImageObject","inLanguage":"da-DK","@id":"https:\/\/www.eikholt.no\/#\/schema\/logo\/image\/","url":"https:\/\/www.eikholt.no\/app\/uploads\/2024\/04\/cropped-Logo-Eikholt-ny.jpg","contentUrl":"https:\/\/www.eikholt.no\/app\/uploads\/2024\/04\/cropped-Logo-Eikholt-ny.jpg","width":419,"height":209,"caption":"Eikholt"},"image":{"@id":"https:\/\/www.eikholt.no\/#\/schema\/logo\/image\/"},"sameAs":["https:\/\/www.facebook.com\/eikholt.kompetansesenter"]}]}},"_links":{"self":[{"href":"https:\/\/www.eikholt.no\/da\/wp-json\/wp\/v2\/pages\/464","targetHints":{"allow":["GET"]}}],"collection":[{"href":"https:\/\/www.eikholt.no\/da\/wp-json\/wp\/v2\/pages"}],"about":[{"href":"https:\/\/www.eikholt.no\/da\/wp-json\/wp\/v2\/types\/page"}],"author":[{"embeddable":true,"href":"https:\/\/www.eikholt.no\/da\/wp-json\/wp\/v2\/users\/1"}],"replies":[{"embeddable":true,"href":"https:\/\/www.eikholt.no\/da\/wp-json\/wp\/v2\/comments?post=464"}],"version-history":[{"count":15,"href":"https:\/\/www.eikholt.no\/da\/wp-json\/wp\/v2\/pages\/464\/revisions"}],"predecessor-version":[{"id":5453,"href":"https:\/\/www.eikholt.no\/da\/wp-json\/wp\/v2\/pages\/464\/revisions\/5453"}],"wp:attachment":[{"href":"https:\/\/www.eikholt.no\/da\/wp-json\/wp\/v2\/media?parent=464"}],"curies":[{"name":"wp","href":"https:\/\/api.w.org\/{rel}","templated":true}]}}