{"id":5050,"date":"2025-09-19T09:53:29","date_gmt":"2025-09-19T09:53:29","guid":{"rendered":"https:\/\/www.eikholt.no\/?page_id=5050"},"modified":"2025-10-08T11:57:37","modified_gmt":"2025-10-08T11:57:37","slug":"o-du-vil-bidrage-til-forskningen-pa-eikholt-test","status":"publish","type":"page","link":"https:\/\/www.eikholt.no\/da\/test-af-egetrae\/o-du-vil-bidrage-til-forskningen-pa-eikholt-test\/","title":{"rendered":"Vil du bidrage til forskningen i Eikholt-testen?"},"content":{"rendered":"<p><\/p>\n\n\n\n<h2 class=\"wp-block-heading\"><strong>Normale data for ny audiovisuel test: \"EIKHOLT-TESTEN\"<\/strong><\/h2>\n\n\n\n<p>Denne information er til dig, der \u00f8nsker at deltage i et forskningsstudie, der har til form\u00e5l at kvalitetssikre en ny audiovisuel test af taleforst\u00e5else.<\/p>\n\n\n\n<p><strong>Form\u00e5let med programmet<\/strong><\/p>\n\n\n\n<p>Form\u00e5let med unders\u00f8gelsen er at indsamle testresultater fra personer med normalt syn og h\u00f8relse.<\/p>\n\n\n\n<p>Data vil blive brugt til at udvikle normalv\u00e6rdier for testen. &nbsp;<\/p>\n\n\n\n<p><strong>Hvem er ansvarlig for projektet?<\/strong><\/p>\n\n\n\n<p>Projektleder er Rolf Mj\u00f8nes (audiograf) fra Eikholt nationalt ressourcecenter for d\u00f8vblinde i Drammen.<\/p>\n\n\n\n<p><strong>Hvad betyder deltagelse?<\/strong><\/p>\n\n\n\n<p>Det er frivilligt at deltage. Hvis du deltager, f\u00e5r du mulighed for at blive testet med den nye Eikholt-test, og resultaterne fra denne test vil blive brugt til at forbedre kvaliteten og relevansen af testen til klinisk brug. <\/p>\n\n\n\n<p>Testen g\u00e5r ud p\u00e5 at se p\u00e5 en sk\u00e6rm, hvor fire personer skiftes til at sige korte s\u00e6tninger. Du bliver bedt om at gentage s\u00e6tningerne og f\u00e5r en score p\u00e5, hvor godt du forst\u00e5r ordene. Der tilf\u00f8jes forskellige grader af st\u00f8j. Testen tager op til 60 minutter og omfatter en hurtig h\u00f8retest med rentoneaudiometri (test med hovedtelefoner og biplyde).<\/p>\n\n\n\n<figure class=\"wp-block-image\"><img loading=\"lazy\" decoding=\"async\" width=\"650\" height=\"460\" src=\"https:\/\/www.eikholt.no\/app\/uploads\/2025\/10\/eavt_resized_1.png\" alt=\"en mand sidder foran en b\u00e6rbar computer, i baggrunden ser en kvinde p\u00e5 en tv-sk\u00e6rm\" class=\"wp-image-5206\" srcset=\"https:\/\/www.eikholt.no\/app\/uploads\/2025\/10\/eavt_resized_1.png 650w, https:\/\/www.eikholt.no\/app\/uploads\/2025\/10\/eavt_resized_1-300x212.png 300w, https:\/\/www.eikholt.no\/app\/uploads\/2025\/10\/eavt_resized_1-18x12.png 18w\" sizes=\"auto, (max-width: 650px) 100vw, 650px\" \/><\/figure>\n\n\n\n<p><strong>Er jeg anonym?<\/strong><\/p>\n\n\n\n<p>Du er anonym under hele unders\u00f8gelsen. Ingen identificerende oplysninger vil blive indsamlet. Ingen personf\u00f8lsomme oplysninger vil blive gemt, kun simple demografiske data (alder og k\u00f8n). Individuelle resultater vil ikke blive offentliggjort eller delt med andre.<\/p>\n\n\n\n<p>Alle deltagere f\u00e5r et gavekort til en v\u00e6rdi af 200,-.<\/p>\n\n\n\n<p><strong>Praktiske oplysninger:<\/strong><\/p>\n\n\n\n<p>Testningen foreg\u00e5r p\u00e5 Eikholt-centret for d\u00f8vblinde. Vi ligger i Drammen, n\u00e6rmere bestemt p\u00e5 Konnerud. <a href=\"https:\/\/maps.app.goo.gl\/MqBWARDmsKa6wbd78\">Se kort<\/a>. Du kan komme til os i bil (gratis parkering) eller med bus nr. 24 (det n\u00e6rmeste stoppested er \"Kirkelunden\", ca. 3 minutters gang). <\/p>\n\n\n\n<p>Testen foreg\u00e5r individuelt. Hvis du \u00f8nsker at deltage, vil du blive kontaktet for at aftale et tidspunkt. Det er muligt at komme b\u00e5de om dagen og om aftenen. Testningen finder sted fra oktober 2025 til april 2026.<\/p>\n\n\n\n<p>Testen tager op til 1 time, og der vil v\u00e6re pauser undervejs.<\/p>\n\n\n\n<h3 class=\"wp-block-heading\">Ofte stillede sp\u00f8rgsm\u00e5l:<\/h3>\n\n\n\n<p><strong>Skal jeg have en god h\u00f8relse for at tage testen?<\/strong><br>Denne unders\u00f8gelse rekrutterer deltagere med normal h\u00f8relse, men hvad der er \"normalt\", \u00e6ndrer sig med alderen. Alle deltagere vil blive testet med standard ren-tone-audiometri (r\u00f8rtesten), f\u00f8r testen begynder. Kontakt os, hvis du er i tvivl.<\/p>\n\n\n\n<p><strong>Kan jeg bruge briller under testen?<\/strong><br>Det er rigtigt. Du skal have de briller p\u00e5, som du normalt ville bruge i en normal samtalesituation.<\/p>\n\n\n\n<p><strong>Hvor skal jeg m\u00f8de op?<br><\/strong>Kom venligst til receptionen i hovedbygningen (ogs\u00e5 kaldet \"Stua\"). Det er den store gule bygning ved Eika; se efter glasskyded\u00f8ren. Se ogs\u00e5 <a href=\"https:\/\/www.eikholt.no\/da\/app\/uploads\/2025\/10\/utendors-eikholt-velkommeninn-i-resepsjonen-hus-5.jpg\/\">billede af hovedindgangen her<\/a>. <\/p>\n\n\n\n<h3 class=\"wp-block-heading\"><strong>Er du interesseret?<\/strong><\/h3>\n\n\n\n<p>For mere information eller for at melde din interesse, kontakt venligst projektlederen via e-mail: <a href=\"mailto:rolf.mjones@eikholt.no\"><strong>rolf.mjones@eikholt.no<\/strong><\/a><\/p>\n\n\n\n<p>For mere information om selve Eikholt-testen, se <a href=\"https:\/\/www.eikholt.no\/da\/test-af-egetrae\/\">testens egen hjemmeside. <\/a><\/p>\n\n\n\n<p>Velkommen til Eikholt!<\/p>\n\n\n\n<figure class=\"wp-block-image size-large\"><img loading=\"lazy\" decoding=\"async\" width=\"1024\" height=\"682\" src=\"https:\/\/www.eikholt.no\/app\/uploads\/2025\/09\/Utendors-Eikholt-hagen-mot-stua-folk-pa-terrassen-ledelinje-1-1024x682.jpg\" alt=\"Billede fra udend\u00f8rsarealet p\u00e5 Eikholt, der viser &quot;Stua&quot; - en bygning p\u00e5 f\u00f8rste sal med en terrasse. I forgrunden ser vi gangstier, ledelinjer og en flagstang.\" class=\"wp-image-5057\" srcset=\"https:\/\/www.eikholt.no\/app\/uploads\/2025\/09\/Utendors-Eikholt-hagen-mot-stua-folk-pa-terrassen-ledelinje-1-1024x682.jpg 1024w, https:\/\/www.eikholt.no\/app\/uploads\/2025\/09\/Utendors-Eikholt-hagen-mot-stua-folk-pa-terrassen-ledelinje-1-300x200.jpg 300w, https:\/\/www.eikholt.no\/app\/uploads\/2025\/09\/Utendors-Eikholt-hagen-mot-stua-folk-pa-terrassen-ledelinje-1-768x511.jpg 768w, https:\/\/www.eikholt.no\/app\/uploads\/2025\/09\/Utendors-Eikholt-hagen-mot-stua-folk-pa-terrassen-ledelinje-1-18x12.jpg 18w, https:\/\/www.eikholt.no\/app\/uploads\/2025\/09\/Utendors-Eikholt-hagen-mot-stua-folk-pa-terrassen-ledelinje-1.jpg 1080w\" sizes=\"auto, (max-width: 1024px) 100vw, 1024px\" \/><\/figure>","protected":false},"excerpt":{"rendered":"<p>Normaldata for ny audiovisuell test: \u00abEIKHOLT-TESTEN\u00bb Denne informasjonen er til deg som \u00f8nsker \u00e5 delta i et forskningsstudie hvor form\u00e5let er \u00e5 kvalitetssikre en ny audiovisuell test av taleforst\u00e5else. Form\u00e5l Form\u00e5let med studien er \u00e5 hente inn testresultater fra personer med normal syn og h\u00f8rsel. Data skal brukes til \u00e5 utvikle normalverdier for testen. &nbsp;<\/p>","protected":false},"author":9,"featured_media":5051,"parent":497,"menu_order":0,"comment_status":"closed","ping_status":"closed","template":"templates\/eikholt-test.blade.php","meta":{"_acf_changed":false,"inline_featured_image":false,"ep_exclude_from_search":false,"footnotes":""},"class_list":["post-5050","page","type-page","status-publish","has-post-thumbnail","hentry"],"acf":[],"yoast_head":"<!-- This site is optimized with the Yoast SEO plugin v25.8 - https:\/\/yoast.com\/wordpress\/plugins\/seo\/ -->\n<title>\u00d8nsker du \u00e5 bidra til forskning p\u00e5 Eikholt-testen? - Eikholt<\/title>\n<meta name=\"robots\" content=\"index, follow, max-snippet:-1, max-image-preview:large, max-video-preview:-1\" \/>\n<link rel=\"canonical\" href=\"https:\/\/www.eikholt.no\/da\/test-af-egetrae\/o-du-vil-bidrage-til-forskningen-pa-eikholt-test\/\" \/>\n<meta property=\"og:locale\" content=\"da_DK\" \/>\n<meta property=\"og:type\" content=\"article\" \/>\n<meta property=\"og:title\" content=\"\u00d8nsker du \u00e5 bidra til forskning p\u00e5 Eikholt-testen? - Eikholt\" \/>\n<meta property=\"og:description\" content=\"Normaldata for ny audiovisuell test: \u00abEIKHOLT-TESTEN\u00bb Denne informasjonen er til deg som \u00f8nsker \u00e5 delta i et forskningsstudie hvor form\u00e5let er \u00e5 kvalitetssikre en ny audiovisuell test av taleforst\u00e5else. Form\u00e5l Form\u00e5let med studien er \u00e5 hente inn testresultater fra personer med normal syn og h\u00f8rsel. Data skal brukes til \u00e5 utvikle normalverdier for testen. &nbsp;\" \/>\n<meta property=\"og:url\" content=\"https:\/\/www.eikholt.no\/da\/test-af-egetrae\/o-du-vil-bidrage-til-forskningen-pa-eikholt-test\/\" \/>\n<meta property=\"og:site_name\" content=\"Eikholt\" \/>\n<meta property=\"article:publisher\" content=\"https:\/\/www.facebook.com\/eikholt.kompetansesenter\" \/>\n<meta property=\"article:modified_time\" content=\"2025-10-08T11:57:37+00:00\" \/>\n<meta property=\"og:image\" content=\"https:\/\/www.eikholt.no\/app\/uploads\/2025\/09\/EAVT-august_3-scaled.jpg\" \/>\n\t<meta property=\"og:image:width\" content=\"2560\" \/>\n\t<meta property=\"og:image:height\" content=\"1813\" \/>\n\t<meta property=\"og:image:type\" content=\"image\/jpeg\" \/>\n<meta name=\"twitter:card\" content=\"summary_large_image\" \/>\n<meta name=\"twitter:label1\" content=\"Est. reading time\" \/>\n\t<meta name=\"twitter:data1\" content=\"3 minutes\" \/>\n<script type=\"application\/ld+json\" class=\"yoast-schema-graph\">{\"@context\":\"https:\/\/schema.org\",\"@graph\":[{\"@type\":\"WebPage\",\"@id\":\"https:\/\/www.eikholt.no\/eikholt-testen\/onsker-du-a-bidra-til-forskning-pa-eikholt-testen\/\",\"url\":\"https:\/\/www.eikholt.no\/eikholt-testen\/onsker-du-a-bidra-til-forskning-pa-eikholt-testen\/\",\"name\":\"\u00d8nsker du \u00e5 bidra til forskning p\u00e5 Eikholt-testen? - Eikholt\",\"isPartOf\":{\"@id\":\"https:\/\/www.eikholt.no\/#website\"},\"primaryImageOfPage\":{\"@id\":\"https:\/\/www.eikholt.no\/eikholt-testen\/onsker-du-a-bidra-til-forskning-pa-eikholt-testen\/#primaryimage\"},\"image\":{\"@id\":\"https:\/\/www.eikholt.no\/eikholt-testen\/onsker-du-a-bidra-til-forskning-pa-eikholt-testen\/#primaryimage\"},\"thumbnailUrl\":\"https:\/\/www.eikholt.no\/app\/uploads\/2025\/09\/EAVT-august_3-scaled.jpg\",\"datePublished\":\"2025-09-19T09:53:29+00:00\",\"dateModified\":\"2025-10-08T11:57:37+00:00\",\"breadcrumb\":{\"@id\":\"https:\/\/www.eikholt.no\/eikholt-testen\/onsker-du-a-bidra-til-forskning-pa-eikholt-testen\/#breadcrumb\"},\"inLanguage\":\"da-DK\",\"potentialAction\":[{\"@type\":\"ReadAction\",\"target\":[\"https:\/\/www.eikholt.no\/eikholt-testen\/onsker-du-a-bidra-til-forskning-pa-eikholt-testen\/\"]}]},{\"@type\":\"ImageObject\",\"inLanguage\":\"da-DK\",\"@id\":\"https:\/\/www.eikholt.no\/eikholt-testen\/onsker-du-a-bidra-til-forskning-pa-eikholt-testen\/#primaryimage\",\"url\":\"https:\/\/www.eikholt.no\/app\/uploads\/2025\/09\/EAVT-august_3-scaled.jpg\",\"contentUrl\":\"https:\/\/www.eikholt.no\/app\/uploads\/2025\/09\/EAVT-august_3-scaled.jpg\",\"width\":2560,\"height\":1813,\"caption\":\"Bilde av to personer i et test-rom, en mann sitter foran en PC og en kvinne ser p\u00e5 en TV-skjerm\"},{\"@type\":\"BreadcrumbList\",\"@id\":\"https:\/\/www.eikholt.no\/eikholt-testen\/onsker-du-a-bidra-til-forskning-pa-eikholt-testen\/#breadcrumb\",\"itemListElement\":[{\"@type\":\"ListItem\",\"position\":1,\"name\":\"Forside\",\"item\":\"https:\/\/www.eikholt.no\/\"},{\"@type\":\"ListItem\",\"position\":2,\"name\":\"Om Eikholt-testen\",\"item\":\"https:\/\/www.eikholt.no\/eikholt-testen\/\"},{\"@type\":\"ListItem\",\"position\":3,\"name\":\"\u00d8nsker du \u00e5 bidra til forskning p\u00e5 Eikholt-testen?\"}]},{\"@type\":\"WebSite\",\"@id\":\"https:\/\/www.eikholt.no\/#website\",\"url\":\"https:\/\/www.eikholt.no\/\",\"name\":\"Eikholt\",\"description\":\"\",\"publisher\":{\"@id\":\"https:\/\/www.eikholt.no\/#organization\"},\"potentialAction\":[{\"@type\":\"SearchAction\",\"target\":{\"@type\":\"EntryPoint\",\"urlTemplate\":\"https:\/\/www.eikholt.no\/?s={search_term_string}\"},\"query-input\":{\"@type\":\"PropertyValueSpecification\",\"valueRequired\":true,\"valueName\":\"search_term_string\"}}],\"inLanguage\":\"da-DK\"},{\"@type\":\"Organization\",\"@id\":\"https:\/\/www.eikholt.no\/#organization\",\"name\":\"Eikholt\",\"url\":\"https:\/\/www.eikholt.no\/\",\"logo\":{\"@type\":\"ImageObject\",\"inLanguage\":\"da-DK\",\"@id\":\"https:\/\/www.eikholt.no\/#\/schema\/logo\/image\/\",\"url\":\"https:\/\/www.eikholt.no\/app\/uploads\/2024\/04\/cropped-Logo-Eikholt-ny.jpg\",\"contentUrl\":\"https:\/\/www.eikholt.no\/app\/uploads\/2024\/04\/cropped-Logo-Eikholt-ny.jpg\",\"width\":419,\"height\":209,\"caption\":\"Eikholt\"},\"image\":{\"@id\":\"https:\/\/www.eikholt.no\/#\/schema\/logo\/image\/\"},\"sameAs\":[\"https:\/\/www.facebook.com\/eikholt.kompetansesenter\"]}]}<\/script>\n<!-- \/ Yoast SEO plugin. -->","yoast_head_json":{"title":"Vil du bidrage til forskning i Eikholt-testen? - Eikholt","robots":{"index":"index","follow":"follow","max-snippet":"max-snippet:-1","max-image-preview":"max-image-preview:large","max-video-preview":"max-video-preview:-1"},"canonical":"https:\/\/www.eikholt.no\/da\/test-af-egetrae\/o-du-vil-bidrage-til-forskningen-pa-eikholt-test\/","og_locale":"da_DK","og_type":"article","og_title":"\u00d8nsker du \u00e5 bidra til forskning p\u00e5 Eikholt-testen? - Eikholt","og_description":"Normaldata for ny audiovisuell test: \u00abEIKHOLT-TESTEN\u00bb Denne informasjonen er til deg som \u00f8nsker \u00e5 delta i et forskningsstudie hvor form\u00e5let er \u00e5 kvalitetssikre en ny audiovisuell test av taleforst\u00e5else. Form\u00e5l Form\u00e5let med studien er \u00e5 hente inn testresultater fra personer med normal syn og h\u00f8rsel. Data skal brukes til \u00e5 utvikle normalverdier for testen. &nbsp;","og_url":"https:\/\/www.eikholt.no\/da\/test-af-egetrae\/o-du-vil-bidrage-til-forskningen-pa-eikholt-test\/","og_site_name":"Eikholt","article_publisher":"https:\/\/www.facebook.com\/eikholt.kompetansesenter","article_modified_time":"2025-10-08T11:57:37+00:00","og_image":[{"width":2560,"height":1813,"url":"https:\/\/www.eikholt.no\/app\/uploads\/2025\/09\/EAVT-august_3-scaled.jpg","type":"image\/jpeg"}],"twitter_card":"summary_large_image","twitter_misc":{"Est. reading time":"3 minutes"},"schema":{"@context":"https:\/\/schema.org","@graph":[{"@type":"WebPage","@id":"https:\/\/www.eikholt.no\/eikholt-testen\/onsker-du-a-bidra-til-forskning-pa-eikholt-testen\/","url":"https:\/\/www.eikholt.no\/eikholt-testen\/onsker-du-a-bidra-til-forskning-pa-eikholt-testen\/","name":"Vil du bidrage til forskning i Eikholt-testen? - Eikholt","isPartOf":{"@id":"https:\/\/www.eikholt.no\/#website"},"primaryImageOfPage":{"@id":"https:\/\/www.eikholt.no\/eikholt-testen\/onsker-du-a-bidra-til-forskning-pa-eikholt-testen\/#primaryimage"},"image":{"@id":"https:\/\/www.eikholt.no\/eikholt-testen\/onsker-du-a-bidra-til-forskning-pa-eikholt-testen\/#primaryimage"},"thumbnailUrl":"https:\/\/www.eikholt.no\/app\/uploads\/2025\/09\/EAVT-august_3-scaled.jpg","datePublished":"2025-09-19T09:53:29+00:00","dateModified":"2025-10-08T11:57:37+00:00","breadcrumb":{"@id":"https:\/\/www.eikholt.no\/eikholt-testen\/onsker-du-a-bidra-til-forskning-pa-eikholt-testen\/#breadcrumb"},"inLanguage":"da-DK","potentialAction":[{"@type":"ReadAction","target":["https:\/\/www.eikholt.no\/eikholt-testen\/onsker-du-a-bidra-til-forskning-pa-eikholt-testen\/"]}]},{"@type":"ImageObject","inLanguage":"da-DK","@id":"https:\/\/www.eikholt.no\/eikholt-testen\/onsker-du-a-bidra-til-forskning-pa-eikholt-testen\/#primaryimage","url":"https:\/\/www.eikholt.no\/app\/uploads\/2025\/09\/EAVT-august_3-scaled.jpg","contentUrl":"https:\/\/www.eikholt.no\/app\/uploads\/2025\/09\/EAVT-august_3-scaled.jpg","width":2560,"height":1813,"caption":"Bilde av to personer i et test-rom, en mann sitter foran en PC og en kvinne ser p\u00e5 en TV-skjerm"},{"@type":"BreadcrumbList","@id":"https:\/\/www.eikholt.no\/eikholt-testen\/onsker-du-a-bidra-til-forskning-pa-eikholt-testen\/#breadcrumb","itemListElement":[{"@type":"ListItem","position":1,"name":"Forside","item":"https:\/\/www.eikholt.no\/"},{"@type":"ListItem","position":2,"name":"Om Eikholt-testen","item":"https:\/\/www.eikholt.no\/eikholt-testen\/"},{"@type":"ListItem","position":3,"name":"\u00d8nsker du \u00e5 bidra til forskning p\u00e5 Eikholt-testen?"}]},{"@type":"WebSite","@id":"https:\/\/www.eikholt.no\/#website","url":"https:\/\/www.eikholt.no\/","name":"Eikholt","description":"","publisher":{"@id":"https:\/\/www.eikholt.no\/#organization"},"potentialAction":[{"@type":"SearchAction","target":{"@type":"EntryPoint","urlTemplate":"https:\/\/www.eikholt.no\/?s={search_term_string}"},"query-input":{"@type":"PropertyValueSpecification","valueRequired":true,"valueName":"search_term_string"}}],"inLanguage":"da-DK"},{"@type":"Organization","@id":"https:\/\/www.eikholt.no\/#organization","name":"Eikholt","url":"https:\/\/www.eikholt.no\/","logo":{"@type":"ImageObject","inLanguage":"da-DK","@id":"https:\/\/www.eikholt.no\/#\/schema\/logo\/image\/","url":"https:\/\/www.eikholt.no\/app\/uploads\/2024\/04\/cropped-Logo-Eikholt-ny.jpg","contentUrl":"https:\/\/www.eikholt.no\/app\/uploads\/2024\/04\/cropped-Logo-Eikholt-ny.jpg","width":419,"height":209,"caption":"Eikholt"},"image":{"@id":"https:\/\/www.eikholt.no\/#\/schema\/logo\/image\/"},"sameAs":["https:\/\/www.facebook.com\/eikholt.kompetansesenter"]}]}},"_links":{"self":[{"href":"https:\/\/www.eikholt.no\/da\/wp-json\/wp\/v2\/pages\/5050","targetHints":{"allow":["GET"]}}],"collection":[{"href":"https:\/\/www.eikholt.no\/da\/wp-json\/wp\/v2\/pages"}],"about":[{"href":"https:\/\/www.eikholt.no\/da\/wp-json\/wp\/v2\/types\/page"}],"author":[{"embeddable":true,"href":"https:\/\/www.eikholt.no\/da\/wp-json\/wp\/v2\/users\/9"}],"replies":[{"embeddable":true,"href":"https:\/\/www.eikholt.no\/da\/wp-json\/wp\/v2\/comments?post=5050"}],"version-history":[{"count":13,"href":"https:\/\/www.eikholt.no\/da\/wp-json\/wp\/v2\/pages\/5050\/revisions"}],"predecessor-version":[{"id":5208,"href":"https:\/\/www.eikholt.no\/da\/wp-json\/wp\/v2\/pages\/5050\/revisions\/5208"}],"up":[{"embeddable":true,"href":"https:\/\/www.eikholt.no\/da\/wp-json\/wp\/v2\/pages\/497"}],"wp:featuredmedia":[{"embeddable":true,"href":"https:\/\/www.eikholt.no\/da\/wp-json\/wp\/v2\/media\/5051"}],"wp:attachment":[{"href":"https:\/\/www.eikholt.no\/da\/wp-json\/wp\/v2\/media?parent=5050"}],"curies":[{"name":"wp","href":"https:\/\/api.w.org\/{rel}","templated":true}]}}