{"id":5655,"date":"2026-03-30T09:34:19","date_gmt":"2026-03-30T09:34:19","guid":{"rendered":"https:\/\/www.eikholt.no\/"},"modified":"2026-03-30T10:40:44","modified_gmt":"2026-03-30T10:40:44","slug":"kursrom-borlaug-3-beskrivelse","status":"publish","type":"page","link":"https:\/\/www.eikholt.no\/da\/kursrom-borlaug-3-beskrivelse\/","title":{"rendered":"Kursrom Borlaug 3 - Beskrivelse"},"content":{"rendered":"<p>M\u00f8delokale med to indgangsd\u00f8re. Mellem d\u00f8rene er der tre vinduer med lameller. Du st\u00e5r i den venstre d\u00f8r p\u00e5 vej ind i lokalet. M\u00f8delokalet har et ovalt bord, fem stole p\u00e5 hver langside og en p\u00e5 hver kortside. I alt 12 stole. P\u00e5 bordet n\u00e6r den h\u00f8jre ende af kortet ligger kabler til tilslutning af en sk\u00e6rm og et ber\u00f8ringspanel til at forbinde lokalet til videokonferencer.<\/p>\n\n\n\n<p>To sk\u00e6rme til videosamtaler p\u00e5 den h\u00f8jre kortv\u00e6g. Et skab nedenunder og to h\u00f8jttalere p\u00e5 gulvet. En p\u00e5 hver side af sk\u00e6rmene.&nbsp;<\/p>\n\n\n\n<p>Der er kameraer i loftet i h\u00f8jre og venstre ende af tavlen. Kameraerne er t\u00e6ndt til fjernundervisning. Der er fire vinduer lige frem og et vindue p\u00e5 venstre kortv\u00e6g. Under vinduerne er der varmeapparater og stikkontakter. Vinduerne har gardiner og solafsk\u00e6rmning, som styres med en fjernbetjening.<\/p>\n\n\n\n<p>Et bord bag d\u00f8ren, cirka en meter h\u00f8jt. P\u00e5 bordet st\u00e5r en lille skraldespand til affaldssortering. Over bordet h\u00e6nger et ur. Til h\u00f8jre for bordet er der et whiteboard p\u00e5 hjul.<\/p>\n\n\n\n<p>T\u00e6ppe d\u00e6kker hele gulvet. Lokalet har god akustik og en teleslynge. Kan rigges til med bordmikrofoner.&nbsp;<\/p>\n\n\n\n<p>Lokalet bruges til m\u00f8der, individuelle kurser og gruppekurser.&nbsp;&nbsp;<\/p>\n\n\n\n<figure class=\"wp-block-image size-large\"><img loading=\"lazy\" decoding=\"async\" width=\"1024\" height=\"1024\" src=\"https:\/\/www.eikholt.no\/app\/uploads\/2024\/06\/Moterom-Borlaug-3-1024x1024.jpg\" alt=\"Billede: Kursrom Borlaug 3\" class=\"wp-image-3147\" srcset=\"https:\/\/www.eikholt.no\/app\/uploads\/2024\/06\/Moterom-Borlaug-3-1024x1024.jpg 1024w, https:\/\/www.eikholt.no\/app\/uploads\/2024\/06\/Moterom-Borlaug-3-300x300.jpg 300w, https:\/\/www.eikholt.no\/app\/uploads\/2024\/06\/Moterom-Borlaug-3-150x150.jpg 150w, https:\/\/www.eikholt.no\/app\/uploads\/2024\/06\/Moterom-Borlaug-3-768x768.jpg 768w, https:\/\/www.eikholt.no\/app\/uploads\/2024\/06\/Moterom-Borlaug-3-1536x1536.jpg 1536w, https:\/\/www.eikholt.no\/app\/uploads\/2024\/06\/Moterom-Borlaug-3-2048x2048.jpg 2048w, https:\/\/www.eikholt.no\/app\/uploads\/2024\/06\/Moterom-Borlaug-3-24x24.jpg 24w, https:\/\/www.eikholt.no\/app\/uploads\/2024\/06\/Moterom-Borlaug-3-48x48.jpg 48w, https:\/\/www.eikholt.no\/app\/uploads\/2024\/06\/Moterom-Borlaug-3-96x96.jpg 96w\" sizes=\"auto, (max-width: 1024px) 100vw, 1024px\" \/><figcaption class=\"wp-element-caption\">Billede: Banerummet Borlaug 3 taget fra den korte v\u00e6g til venstre<\/figcaption><\/figure>\n\n\n\n<figure class=\"wp-block-image size-large\"><img loading=\"lazy\" decoding=\"async\" width=\"768\" height=\"1024\" src=\"https:\/\/www.eikholt.no\/app\/uploads\/2026\/03\/IMG_4317-1-768x1024.jpg\" alt=\"Billede: Kursrom Borlaug 3\" class=\"wp-image-5954\" srcset=\"https:\/\/www.eikholt.no\/app\/uploads\/2026\/03\/IMG_4317-1-768x1024.jpg 768w, https:\/\/www.eikholt.no\/app\/uploads\/2026\/03\/IMG_4317-1-225x300.jpg 225w, https:\/\/www.eikholt.no\/app\/uploads\/2026\/03\/IMG_4317-1-1152x1536.jpg 1152w, https:\/\/www.eikholt.no\/app\/uploads\/2026\/03\/IMG_4317-1-1536x2048.jpg 1536w, https:\/\/www.eikholt.no\/app\/uploads\/2026\/03\/IMG_4317-1-9x12.jpg 9w, https:\/\/www.eikholt.no\/app\/uploads\/2026\/03\/IMG_4317-1-scaled.jpg 1920w\" sizes=\"auto, (max-width: 768px) 100vw, 768px\" \/><figcaption class=\"wp-element-caption\">Billede: Banerummet Borlaug 3 set fra h\u00f8jre kortv\u00e6g<\/figcaption><\/figure>\n\n\n\n<h2 class=\"wp-block-heading\">QR-kode ved d\u00f8ren<\/h2>\n\n\n\n<p>Til h\u00f8jre for d\u00f8ren til Borlaug 3 er der en QR-kode. Den kan scannes af alle med en mobiltelefon eller tablet. QR-koden f\u00f8rer dig til denne side, hvor du kan h\u00f8re beskrivelsen og se et billede af rummet. Smart - og tilg\u00e6ngeligt, ikke sandt!<\/p>\n\n\n\n<h2 class=\"wp-block-heading\">Hvem er det til?<\/h2>\n\n\n\n<p>Eikholt er for personer med kombineret syns- og h\u00f8reneds\u00e6ttelse. En detaljeret rumbeskrivelse kan v\u00e6re en tryghed for mange, en n\u00f8dvendighed for nogle og praktisk for andre. For os handler det om tilg\u00e6ngelighed - alle skal kunne forberede sig og vide, hvad de kan forvente.<\/p>\n\n\n\n<h2 class=\"wp-block-heading\">Har du nogen sp\u00f8rgsm\u00e5l?<\/h2>\n\n\n\n<p>Kontakt venligst John Ulriksen via e-mail: <a href=\"mailto:John.ulriksen@eikholt.no\" target=\"_blank\" rel=\"noreferrer noopener\">John.ulriksen@eikholt.no<\/a><\/p>\n\n\n\n<p><\/p>","protected":false},"excerpt":{"rendered":"<p>M\u00f8terom med to inngangsd\u00f8rer.&nbsp;Mellom d\u00f8rene, tre vinduer med lameller.&nbsp;Du st\u00e5r i&nbsp;venstre&nbsp;d\u00f8r p\u00e5 vei inn i rommet.&nbsp;M\u00f8terommet har&nbsp;et ovalt bord,&nbsp;fem stoler p\u00e5 hver langside og en p\u00e5 hver kortside.&nbsp;I alt 12 stoler.&nbsp;P\u00e5 bordet n\u00e6r h\u00f8yre kortende, kabler for tilkobling til skjerm og et touch-panel for \u00e5 koble rommet til videom\u00f8ter. To skjermer&nbsp;for videosamtaler p\u00e5&nbsp;h\u00f8yre&nbsp;kortvegg.&nbsp;Et skap under&nbsp;og<\/p>","protected":false},"author":8,"featured_media":0,"parent":0,"menu_order":0,"comment_status":"closed","ping_status":"closed","template":"","meta":{"_acf_changed":false,"inline_featured_image":false,"ep_exclude_from_search":false,"footnotes":""},"class_list":["post-5655","page","type-page","status-publish","hentry"],"acf":[],"yoast_head":"<!-- This site is optimized with the Yoast SEO plugin v25.8 - https:\/\/yoast.com\/wordpress\/plugins\/seo\/ -->\n<title>Kursrom Borlaug 3 - Beskrivelse - Eikholt<\/title>\n<meta name=\"description\" content=\"Her finner du en detaljert beskrivelse og bilde av kursrommet som kalles Borlaug 3 p\u00e5 Eikholt. Rombeskrivelsen er slik rommet vanligvis ser ut.\" \/>\n<meta name=\"robots\" content=\"index, follow, max-snippet:-1, max-image-preview:large, max-video-preview:-1\" \/>\n<link rel=\"canonical\" href=\"https:\/\/www.eikholt.no\/da\/kursrom-borlaug-3-beskrivelse\/\" \/>\n<meta property=\"og:locale\" content=\"da_DK\" \/>\n<meta property=\"og:type\" content=\"article\" \/>\n<meta property=\"og:title\" content=\"Kursrom Borlaug 3 - Beskrivelse - Eikholt\" \/>\n<meta property=\"og:description\" content=\"Her finner du en detaljert beskrivelse og bilde av kursrommet som kalles Borlaug 3 p\u00e5 Eikholt. Rombeskrivelsen er slik rommet vanligvis ser ut.\" \/>\n<meta property=\"og:url\" content=\"https:\/\/www.eikholt.no\/da\/kursrom-borlaug-3-beskrivelse\/\" \/>\n<meta property=\"og:site_name\" content=\"Eikholt\" \/>\n<meta property=\"article:publisher\" content=\"https:\/\/www.facebook.com\/eikholt.kompetansesenter\" \/>\n<meta property=\"article:modified_time\" content=\"2026-03-30T10:40:44+00:00\" \/>\n<meta property=\"og:image\" content=\"https:\/\/www.eikholt.no\/app\/uploads\/2024\/06\/Moterom-Borlaug-3-scaled.jpg\" \/>\n\t<meta property=\"og:image:width\" content=\"2560\" \/>\n\t<meta property=\"og:image:height\" content=\"2560\" \/>\n\t<meta property=\"og:image:type\" content=\"image\/jpeg\" \/>\n<meta name=\"twitter:card\" content=\"summary_large_image\" \/>\n<meta name=\"twitter:label1\" content=\"Est. reading time\" \/>\n\t<meta name=\"twitter:data1\" content=\"2 minutes\" \/>\n<script type=\"application\/ld+json\" class=\"yoast-schema-graph\">{\"@context\":\"https:\/\/schema.org\",\"@graph\":[{\"@type\":\"WebPage\",\"@id\":\"https:\/\/www.eikholt.no\/kursrom-borlaug-3-beskrivelse\/\",\"url\":\"https:\/\/www.eikholt.no\/kursrom-borlaug-3-beskrivelse\/\",\"name\":\"Kursrom Borlaug 3 - Beskrivelse - Eikholt\",\"isPartOf\":{\"@id\":\"https:\/\/www.eikholt.no\/#website\"},\"primaryImageOfPage\":{\"@id\":\"https:\/\/www.eikholt.no\/kursrom-borlaug-3-beskrivelse\/#primaryimage\"},\"image\":{\"@id\":\"https:\/\/www.eikholt.no\/kursrom-borlaug-3-beskrivelse\/#primaryimage\"},\"thumbnailUrl\":\"https:\/\/www.eikholt.no\/app\/uploads\/2024\/06\/Moterom-Borlaug-3-1024x1024.jpg\",\"datePublished\":\"2026-03-30T09:34:19+00:00\",\"dateModified\":\"2026-03-30T10:40:44+00:00\",\"description\":\"Her finner du en detaljert beskrivelse og bilde av kursrommet som kalles Borlaug 3 p\u00e5 Eikholt. Rombeskrivelsen er slik rommet vanligvis ser ut.\",\"breadcrumb\":{\"@id\":\"https:\/\/www.eikholt.no\/kursrom-borlaug-3-beskrivelse\/#breadcrumb\"},\"inLanguage\":\"da-DK\",\"potentialAction\":[{\"@type\":\"ReadAction\",\"target\":[\"https:\/\/www.eikholt.no\/kursrom-borlaug-3-beskrivelse\/\"]}]},{\"@type\":\"ImageObject\",\"inLanguage\":\"da-DK\",\"@id\":\"https:\/\/www.eikholt.no\/kursrom-borlaug-3-beskrivelse\/#primaryimage\",\"url\":\"https:\/\/www.eikholt.no\/app\/uploads\/2024\/06\/Moterom-Borlaug-3-1024x1024.jpg\",\"contentUrl\":\"https:\/\/www.eikholt.no\/app\/uploads\/2024\/06\/Moterom-Borlaug-3-1024x1024.jpg\"},{\"@type\":\"BreadcrumbList\",\"@id\":\"https:\/\/www.eikholt.no\/kursrom-borlaug-3-beskrivelse\/#breadcrumb\",\"itemListElement\":[{\"@type\":\"ListItem\",\"position\":1,\"name\":\"Forside\",\"item\":\"https:\/\/www.eikholt.no\/\"},{\"@type\":\"ListItem\",\"position\":2,\"name\":\"Kursrom Borlaug 3 &#8211; Beskrivelse\"}]},{\"@type\":\"WebSite\",\"@id\":\"https:\/\/www.eikholt.no\/#website\",\"url\":\"https:\/\/www.eikholt.no\/\",\"name\":\"Eikholt\",\"description\":\"\",\"publisher\":{\"@id\":\"https:\/\/www.eikholt.no\/#organization\"},\"potentialAction\":[{\"@type\":\"SearchAction\",\"target\":{\"@type\":\"EntryPoint\",\"urlTemplate\":\"https:\/\/www.eikholt.no\/?s={search_term_string}\"},\"query-input\":{\"@type\":\"PropertyValueSpecification\",\"valueRequired\":true,\"valueName\":\"search_term_string\"}}],\"inLanguage\":\"da-DK\"},{\"@type\":\"Organization\",\"@id\":\"https:\/\/www.eikholt.no\/#organization\",\"name\":\"Eikholt\",\"url\":\"https:\/\/www.eikholt.no\/\",\"logo\":{\"@type\":\"ImageObject\",\"inLanguage\":\"da-DK\",\"@id\":\"https:\/\/www.eikholt.no\/#\/schema\/logo\/image\/\",\"url\":\"https:\/\/www.eikholt.no\/app\/uploads\/2024\/04\/cropped-Logo-Eikholt-ny.jpg\",\"contentUrl\":\"https:\/\/www.eikholt.no\/app\/uploads\/2024\/04\/cropped-Logo-Eikholt-ny.jpg\",\"width\":419,\"height\":209,\"caption\":\"Eikholt\"},\"image\":{\"@id\":\"https:\/\/www.eikholt.no\/#\/schema\/logo\/image\/\"},\"sameAs\":[\"https:\/\/www.facebook.com\/eikholt.kompetansesenter\"]}]}<\/script>\n<!-- \/ Yoast SEO plugin. -->","yoast_head_json":{"title":"Kursrom Borlaug 3 - Beskrivelse - Eikholt","description":"Her finder du en detaljeret beskrivelse og et billede af kursuslokalet Borlaug 3 p\u00e5 Eikholt. Rumbeskrivelsen viser, hvordan rummet normalt ser ud.","robots":{"index":"index","follow":"follow","max-snippet":"max-snippet:-1","max-image-preview":"max-image-preview:large","max-video-preview":"max-video-preview:-1"},"canonical":"https:\/\/www.eikholt.no\/da\/kursrom-borlaug-3-beskrivelse\/","og_locale":"da_DK","og_type":"article","og_title":"Kursrom Borlaug 3 - Beskrivelse - Eikholt","og_description":"Her finner du en detaljert beskrivelse og bilde av kursrommet som kalles Borlaug 3 p\u00e5 Eikholt. Rombeskrivelsen er slik rommet vanligvis ser ut.","og_url":"https:\/\/www.eikholt.no\/da\/kursrom-borlaug-3-beskrivelse\/","og_site_name":"Eikholt","article_publisher":"https:\/\/www.facebook.com\/eikholt.kompetansesenter","article_modified_time":"2026-03-30T10:40:44+00:00","og_image":[{"width":2560,"height":2560,"url":"https:\/\/www.eikholt.no\/app\/uploads\/2024\/06\/Moterom-Borlaug-3-scaled.jpg","type":"image\/jpeg"}],"twitter_card":"summary_large_image","twitter_misc":{"Est. reading time":"2 minutes"},"schema":{"@context":"https:\/\/schema.org","@graph":[{"@type":"WebPage","@id":"https:\/\/www.eikholt.no\/kursrom-borlaug-3-beskrivelse\/","url":"https:\/\/www.eikholt.no\/kursrom-borlaug-3-beskrivelse\/","name":"Kursrom Borlaug 3 - Beskrivelse - Eikholt","isPartOf":{"@id":"https:\/\/www.eikholt.no\/#website"},"primaryImageOfPage":{"@id":"https:\/\/www.eikholt.no\/kursrom-borlaug-3-beskrivelse\/#primaryimage"},"image":{"@id":"https:\/\/www.eikholt.no\/kursrom-borlaug-3-beskrivelse\/#primaryimage"},"thumbnailUrl":"https:\/\/www.eikholt.no\/app\/uploads\/2024\/06\/Moterom-Borlaug-3-1024x1024.jpg","datePublished":"2026-03-30T09:34:19+00:00","dateModified":"2026-03-30T10:40:44+00:00","description":"Her finder du en detaljeret beskrivelse og et billede af kursuslokalet Borlaug 3 p\u00e5 Eikholt. Rumbeskrivelsen viser, hvordan rummet normalt ser ud.","breadcrumb":{"@id":"https:\/\/www.eikholt.no\/kursrom-borlaug-3-beskrivelse\/#breadcrumb"},"inLanguage":"da-DK","potentialAction":[{"@type":"ReadAction","target":["https:\/\/www.eikholt.no\/kursrom-borlaug-3-beskrivelse\/"]}]},{"@type":"ImageObject","inLanguage":"da-DK","@id":"https:\/\/www.eikholt.no\/kursrom-borlaug-3-beskrivelse\/#primaryimage","url":"https:\/\/www.eikholt.no\/app\/uploads\/2024\/06\/Moterom-Borlaug-3-1024x1024.jpg","contentUrl":"https:\/\/www.eikholt.no\/app\/uploads\/2024\/06\/Moterom-Borlaug-3-1024x1024.jpg"},{"@type":"BreadcrumbList","@id":"https:\/\/www.eikholt.no\/kursrom-borlaug-3-beskrivelse\/#breadcrumb","itemListElement":[{"@type":"ListItem","position":1,"name":"Forside","item":"https:\/\/www.eikholt.no\/"},{"@type":"ListItem","position":2,"name":"Kursrom Borlaug 3 &#8211; Beskrivelse"}]},{"@type":"WebSite","@id":"https:\/\/www.eikholt.no\/#website","url":"https:\/\/www.eikholt.no\/","name":"Eikholt","description":"","publisher":{"@id":"https:\/\/www.eikholt.no\/#organization"},"potentialAction":[{"@type":"SearchAction","target":{"@type":"EntryPoint","urlTemplate":"https:\/\/www.eikholt.no\/?s={search_term_string}"},"query-input":{"@type":"PropertyValueSpecification","valueRequired":true,"valueName":"search_term_string"}}],"inLanguage":"da-DK"},{"@type":"Organization","@id":"https:\/\/www.eikholt.no\/#organization","name":"Eikholt","url":"https:\/\/www.eikholt.no\/","logo":{"@type":"ImageObject","inLanguage":"da-DK","@id":"https:\/\/www.eikholt.no\/#\/schema\/logo\/image\/","url":"https:\/\/www.eikholt.no\/app\/uploads\/2024\/04\/cropped-Logo-Eikholt-ny.jpg","contentUrl":"https:\/\/www.eikholt.no\/app\/uploads\/2024\/04\/cropped-Logo-Eikholt-ny.jpg","width":419,"height":209,"caption":"Eikholt"},"image":{"@id":"https:\/\/www.eikholt.no\/#\/schema\/logo\/image\/"},"sameAs":["https:\/\/www.facebook.com\/eikholt.kompetansesenter"]}]}},"_links":{"self":[{"href":"https:\/\/www.eikholt.no\/da\/wp-json\/wp\/v2\/pages\/5655","targetHints":{"allow":["GET"]}}],"collection":[{"href":"https:\/\/www.eikholt.no\/da\/wp-json\/wp\/v2\/pages"}],"about":[{"href":"https:\/\/www.eikholt.no\/da\/wp-json\/wp\/v2\/types\/page"}],"author":[{"embeddable":true,"href":"https:\/\/www.eikholt.no\/da\/wp-json\/wp\/v2\/users\/8"}],"replies":[{"embeddable":true,"href":"https:\/\/www.eikholt.no\/da\/wp-json\/wp\/v2\/comments?post=5655"}],"version-history":[{"count":28,"href":"https:\/\/www.eikholt.no\/da\/wp-json\/wp\/v2\/pages\/5655\/revisions"}],"predecessor-version":[{"id":5981,"href":"https:\/\/www.eikholt.no\/da\/wp-json\/wp\/v2\/pages\/5655\/revisions\/5981"}],"wp:attachment":[{"href":"https:\/\/www.eikholt.no\/da\/wp-json\/wp\/v2\/media?parent=5655"}],"curies":[{"name":"wp","href":"https:\/\/api.w.org\/{rel}","templated":true}]}}