{"id":5774,"date":"2026-02-16T12:34:20","date_gmt":"2026-02-16T12:34:20","guid":{"rendered":"https:\/\/www.eikholt.no\/?page_id=5774"},"modified":"2026-02-16T12:34:20","modified_gmt":"2026-02-16T12:34:20","slug":"tilpasningskurser-for-mennesker-med-dovblindhed","status":"publish","type":"page","link":"https:\/\/www.eikholt.no\/da\/tilpasningskurser-for-mennesker-med-dovblindhed\/","title":{"rendered":"Tilpasningskurser for personer med d\u00f8vblindhed"},"content":{"rendered":"<p>Tilpasningskurser for personer med d\u00f8vblindhed er en vigtig ressource for at styrke deres evne til at klare sig i hverdagen og arbejdslivet. I Norge har personer med d\u00f8vblindhed ret til s\u00e5danne kurser i henhold til folketrygdlovens \u00a7 10-7. Retten kan ogs\u00e5 omfatte n\u00e6re kontakter\/p\u00e5r\u00f8rende.<\/p>\n\n\n\n<p>Tilpasningskurser kan gives b\u00e5de som gruppekurser og individuelle kurser. Kurserne kan afholdes hos Eikholt, som har det nationale ansvar for tilpasningskurser, hjemme hos brugeren eller p\u00e5 arbejdspladsen eller uddannelsesstedet. Tilpasningskurser gives til b\u00f8rn, unge, voksne og \u00e6ldre i et livslangt perspektiv.<\/p>\n\n\n\n<h2 class=\"wp-block-heading\">Hvem kan f\u00e5 gavn af kurser i tilpasning?<\/h2>\n\n\n\n<h3 class=\"wp-block-heading\">Definition af d\u00f8vblindhed<\/h3>\n\n\n\n<p>Den nordiske definition af d\u00f8vblindhed afg\u00f8r, hvem der kan deltage i tilpasningskurser. D\u00f8vblindhed er defineret som: <\/p>\n\n\n\n<p><strong>\"En kombineret syns- og h\u00f8reneds\u00e6ttelse af en s\u00e5dan sv\u00e6rhedsgrad, at de nedsatte sanser n\u00e6ppe kan kompensere for hinanden. Det g\u00f8r d\u00f8vblindhed til et s\u00e6rskilt handicap.\"<\/strong><\/p>\n\n\n\n<p>L\u00e6s mere om d\u00f8vblindhed her: <a href=\"https:\/\/www.eikholt.no\/da\/videnshvelvet\/dovblindhed-definition\/\"><strong>D\u00f8vblindhed, nordisk definition<\/strong><\/a><\/p>\n\n\n\n<p>L\u00e6s om tilpasningskurser p\u00e5 NAV's hjemmeside: <a href=\"https:\/\/www.nav.no\/tilpasningskurs\"><strong>Kursus i tilpasning - nav.no<\/strong><\/a><\/p>\n\n\n\n<h2 class=\"wp-block-heading\">Kom i kontakt med os!<\/h2>\n\n\n\n<p>Hvis du er i tvivl om, hvorvidt du kan benytte dig af Eikholt's tilpasningskurser, er vi et lavt\u00e6rskel-ressourcecenter. Du beh\u00f8ver ikke en henvisning for at kontakte os. <\/p>\n\n\n\n<p>Send e-mail til seniorr\u00e5dgiver og socialr\u00e5dgiver\u00a0<strong><a href=\"mailto:victoria.falen@eikholt.no\">victoria.falen@eikholt.no<\/a> <\/strong>eller kontakt vores omstillingsbord: <a href=\"https:\/\/www.eikholt.no\/da\/kontakt-os\/\"><strong>Kontakt os - Eikholt<\/strong><\/a>.<\/p>\n\n\n\n<p>Sammen finder vi ud af, om Eikholt er det rigtige sted for dig!<\/p>\n\n\n\n<p><\/p>\n\n\n\n<p><\/p>\n\n\n\n<p><\/p>","protected":false},"excerpt":{"rendered":"<p>Tilpasningskurs for personer med d\u00f8vblindhet er en viktig ressurs for \u00e5 styrke evnen til \u00e5 klare seg i dagliglivet og arbeidslivet. I Norge har personer med d\u00f8vblindhet rett til slike kurs etter Lov om Folketrygd, \u00a7 10-7. Rettigheten kan ogs\u00e5 omfatte n\u00e6rpersoner\/p\u00e5r\u00f8rende. Tilpasningskursene kan gis b\u00e5de som gruppekurs og individuelle kurs. Kursene kan holdes p\u00e5<\/p>","protected":false},"author":8,"featured_media":5776,"parent":0,"menu_order":0,"comment_status":"closed","ping_status":"closed","template":"","meta":{"_acf_changed":false,"inline_featured_image":false,"ep_exclude_from_search":false,"footnotes":""},"class_list":["post-5774","page","type-page","status-publish","has-post-thumbnail","hentry"],"acf":[],"yoast_head":"<!-- This site is optimized with the Yoast SEO plugin v25.8 - https:\/\/yoast.com\/wordpress\/plugins\/seo\/ -->\n<title>Tilpasningskurs for personer med d\u00f8vblindhet - Eikholt<\/title>\n<meta name=\"description\" content=\"Eikholt leverer tilpasningskurs i hele landet til personer med d\u00f8vblindhet, en rettighet etter Lov om Folketrygd, \u00a7 10-7. Les om rettigheten og ta kontakt med oss.\" \/>\n<meta name=\"robots\" content=\"index, follow, max-snippet:-1, max-image-preview:large, max-video-preview:-1\" \/>\n<link rel=\"canonical\" href=\"https:\/\/www.eikholt.no\/da\/tilpasningskurser-for-mennesker-med-dovblindhed\/\" \/>\n<meta property=\"og:locale\" content=\"da_DK\" \/>\n<meta property=\"og:type\" content=\"article\" \/>\n<meta property=\"og:title\" content=\"Tilpasningskurs for personer med d\u00f8vblindhet - Eikholt\" \/>\n<meta property=\"og:description\" content=\"Eikholt leverer tilpasningskurs i hele landet til personer med d\u00f8vblindhet, en rettighet etter Lov om Folketrygd, \u00a7 10-7. Les om rettigheten og ta kontakt med oss.\" \/>\n<meta property=\"og:url\" content=\"https:\/\/www.eikholt.no\/da\/tilpasningskurser-for-mennesker-med-dovblindhed\/\" \/>\n<meta property=\"og:site_name\" content=\"Eikholt\" \/>\n<meta property=\"article:publisher\" content=\"https:\/\/www.facebook.com\/eikholt.kompetansesenter\" \/>\n<meta property=\"og:image\" content=\"https:\/\/www.eikholt.no\/app\/uploads\/2026\/02\/Utendors-horselsvurdering-1024x681.jpg\" \/>\n\t<meta property=\"og:image:width\" content=\"1024\" \/>\n\t<meta property=\"og:image:height\" content=\"681\" \/>\n\t<meta property=\"og:image:type\" content=\"image\/jpeg\" \/>\n<meta name=\"twitter:card\" content=\"summary_large_image\" \/>\n<meta name=\"twitter:label1\" content=\"Est. reading time\" \/>\n\t<meta name=\"twitter:data1\" content=\"2 minutes\" \/>\n<script type=\"application\/ld+json\" class=\"yoast-schema-graph\">{\"@context\":\"https:\/\/schema.org\",\"@graph\":[{\"@type\":\"WebPage\",\"@id\":\"https:\/\/www.eikholt.no\/tilpasningskurs-for-personer-med-dovblindhet\/\",\"url\":\"https:\/\/www.eikholt.no\/tilpasningskurs-for-personer-med-dovblindhet\/\",\"name\":\"Tilpasningskurs for personer med d\u00f8vblindhet - Eikholt\",\"isPartOf\":{\"@id\":\"https:\/\/www.eikholt.no\/#website\"},\"primaryImageOfPage\":{\"@id\":\"https:\/\/www.eikholt.no\/tilpasningskurs-for-personer-med-dovblindhet\/#primaryimage\"},\"image\":{\"@id\":\"https:\/\/www.eikholt.no\/tilpasningskurs-for-personer-med-dovblindhet\/#primaryimage\"},\"thumbnailUrl\":\"https:\/\/www.eikholt.no\/app\/uploads\/2026\/02\/Utendors-horselsvurdering.jpg\",\"datePublished\":\"2026-02-16T12:34:20+00:00\",\"description\":\"Eikholt leverer tilpasningskurs i hele landet til personer med d\u00f8vblindhet, en rettighet etter Lov om Folketrygd, \u00a7 10-7. Les om rettigheten og ta kontakt med oss.\",\"breadcrumb\":{\"@id\":\"https:\/\/www.eikholt.no\/tilpasningskurs-for-personer-med-dovblindhet\/#breadcrumb\"},\"inLanguage\":\"da-DK\",\"potentialAction\":[{\"@type\":\"ReadAction\",\"target\":[\"https:\/\/www.eikholt.no\/tilpasningskurs-for-personer-med-dovblindhet\/\"]}]},{\"@type\":\"ImageObject\",\"inLanguage\":\"da-DK\",\"@id\":\"https:\/\/www.eikholt.no\/tilpasningskurs-for-personer-med-dovblindhet\/#primaryimage\",\"url\":\"https:\/\/www.eikholt.no\/app\/uploads\/2026\/02\/Utendors-horselsvurdering.jpg\",\"contentUrl\":\"https:\/\/www.eikholt.no\/app\/uploads\/2026\/02\/Utendors-horselsvurdering.jpg\",\"width\":2400,\"height\":1597,\"caption\":\"To personer st\u00e5r ute p\u00e5 en bro. En person har p\u00e5 en rogerpenn, den andre personen hatt briller og h\u00f8rapparat.\"},{\"@type\":\"BreadcrumbList\",\"@id\":\"https:\/\/www.eikholt.no\/tilpasningskurs-for-personer-med-dovblindhet\/#breadcrumb\",\"itemListElement\":[{\"@type\":\"ListItem\",\"position\":1,\"name\":\"Forside\",\"item\":\"https:\/\/www.eikholt.no\/\"},{\"@type\":\"ListItem\",\"position\":2,\"name\":\"Tilpasningskurs for personer med d\u00f8vblindhet\"}]},{\"@type\":\"WebSite\",\"@id\":\"https:\/\/www.eikholt.no\/#website\",\"url\":\"https:\/\/www.eikholt.no\/\",\"name\":\"Eikholt\",\"description\":\"\",\"publisher\":{\"@id\":\"https:\/\/www.eikholt.no\/#organization\"},\"potentialAction\":[{\"@type\":\"SearchAction\",\"target\":{\"@type\":\"EntryPoint\",\"urlTemplate\":\"https:\/\/www.eikholt.no\/?s={search_term_string}\"},\"query-input\":{\"@type\":\"PropertyValueSpecification\",\"valueRequired\":true,\"valueName\":\"search_term_string\"}}],\"inLanguage\":\"da-DK\"},{\"@type\":\"Organization\",\"@id\":\"https:\/\/www.eikholt.no\/#organization\",\"name\":\"Eikholt\",\"url\":\"https:\/\/www.eikholt.no\/\",\"logo\":{\"@type\":\"ImageObject\",\"inLanguage\":\"da-DK\",\"@id\":\"https:\/\/www.eikholt.no\/#\/schema\/logo\/image\/\",\"url\":\"https:\/\/www.eikholt.no\/app\/uploads\/2024\/04\/cropped-Logo-Eikholt-ny.jpg\",\"contentUrl\":\"https:\/\/www.eikholt.no\/app\/uploads\/2024\/04\/cropped-Logo-Eikholt-ny.jpg\",\"width\":419,\"height\":209,\"caption\":\"Eikholt\"},\"image\":{\"@id\":\"https:\/\/www.eikholt.no\/#\/schema\/logo\/image\/\"},\"sameAs\":[\"https:\/\/www.facebook.com\/eikholt.kompetansesenter\"]}]}<\/script>\n<!-- \/ Yoast SEO plugin. -->","yoast_head_json":{"title":"Tilpasningskursus for personer med d\u00f8vblindhed - Eikholt","description":"Eikholt leverer tilpasningskurser i hele landet til personer med d\u00f8vblindhed, en rettighed i henhold til folkeforsikringslovens \u00a7 10-7. L\u00e6s om retten og kontakt os.","robots":{"index":"index","follow":"follow","max-snippet":"max-snippet:-1","max-image-preview":"max-image-preview:large","max-video-preview":"max-video-preview:-1"},"canonical":"https:\/\/www.eikholt.no\/da\/tilpasningskurser-for-mennesker-med-dovblindhed\/","og_locale":"da_DK","og_type":"article","og_title":"Tilpasningskurs for personer med d\u00f8vblindhet - Eikholt","og_description":"Eikholt leverer tilpasningskurs i hele landet til personer med d\u00f8vblindhet, en rettighet etter Lov om Folketrygd, \u00a7 10-7. Les om rettigheten og ta kontakt med oss.","og_url":"https:\/\/www.eikholt.no\/da\/tilpasningskurser-for-mennesker-med-dovblindhed\/","og_site_name":"Eikholt","article_publisher":"https:\/\/www.facebook.com\/eikholt.kompetansesenter","og_image":[{"width":1024,"height":681,"url":"https:\/\/www.eikholt.no\/app\/uploads\/2026\/02\/Utendors-horselsvurdering-1024x681.jpg","type":"image\/jpeg"}],"twitter_card":"summary_large_image","twitter_misc":{"Est. reading time":"2 minutes"},"schema":{"@context":"https:\/\/schema.org","@graph":[{"@type":"WebPage","@id":"https:\/\/www.eikholt.no\/tilpasningskurs-for-personer-med-dovblindhet\/","url":"https:\/\/www.eikholt.no\/tilpasningskurs-for-personer-med-dovblindhet\/","name":"Tilpasningskursus for personer med d\u00f8vblindhed - Eikholt","isPartOf":{"@id":"https:\/\/www.eikholt.no\/#website"},"primaryImageOfPage":{"@id":"https:\/\/www.eikholt.no\/tilpasningskurs-for-personer-med-dovblindhet\/#primaryimage"},"image":{"@id":"https:\/\/www.eikholt.no\/tilpasningskurs-for-personer-med-dovblindhet\/#primaryimage"},"thumbnailUrl":"https:\/\/www.eikholt.no\/app\/uploads\/2026\/02\/Utendors-horselsvurdering.jpg","datePublished":"2026-02-16T12:34:20+00:00","description":"Eikholt leverer tilpasningskurser i hele landet til personer med d\u00f8vblindhed, en rettighed i henhold til folkeforsikringslovens \u00a7 10-7. L\u00e6s om retten og kontakt os.","breadcrumb":{"@id":"https:\/\/www.eikholt.no\/tilpasningskurs-for-personer-med-dovblindhet\/#breadcrumb"},"inLanguage":"da-DK","potentialAction":[{"@type":"ReadAction","target":["https:\/\/www.eikholt.no\/tilpasningskurs-for-personer-med-dovblindhet\/"]}]},{"@type":"ImageObject","inLanguage":"da-DK","@id":"https:\/\/www.eikholt.no\/tilpasningskurs-for-personer-med-dovblindhet\/#primaryimage","url":"https:\/\/www.eikholt.no\/app\/uploads\/2026\/02\/Utendors-horselsvurdering.jpg","contentUrl":"https:\/\/www.eikholt.no\/app\/uploads\/2026\/02\/Utendors-horselsvurdering.jpg","width":2400,"height":1597,"caption":"To personer st\u00e5r ute p\u00e5 en bro. En person har p\u00e5 en rogerpenn, den andre personen hatt briller og h\u00f8rapparat."},{"@type":"BreadcrumbList","@id":"https:\/\/www.eikholt.no\/tilpasningskurs-for-personer-med-dovblindhet\/#breadcrumb","itemListElement":[{"@type":"ListItem","position":1,"name":"Forside","item":"https:\/\/www.eikholt.no\/"},{"@type":"ListItem","position":2,"name":"Tilpasningskurs for personer med d\u00f8vblindhet"}]},{"@type":"WebSite","@id":"https:\/\/www.eikholt.no\/#website","url":"https:\/\/www.eikholt.no\/","name":"Eikholt","description":"","publisher":{"@id":"https:\/\/www.eikholt.no\/#organization"},"potentialAction":[{"@type":"SearchAction","target":{"@type":"EntryPoint","urlTemplate":"https:\/\/www.eikholt.no\/?s={search_term_string}"},"query-input":{"@type":"PropertyValueSpecification","valueRequired":true,"valueName":"search_term_string"}}],"inLanguage":"da-DK"},{"@type":"Organization","@id":"https:\/\/www.eikholt.no\/#organization","name":"Eikholt","url":"https:\/\/www.eikholt.no\/","logo":{"@type":"ImageObject","inLanguage":"da-DK","@id":"https:\/\/www.eikholt.no\/#\/schema\/logo\/image\/","url":"https:\/\/www.eikholt.no\/app\/uploads\/2024\/04\/cropped-Logo-Eikholt-ny.jpg","contentUrl":"https:\/\/www.eikholt.no\/app\/uploads\/2024\/04\/cropped-Logo-Eikholt-ny.jpg","width":419,"height":209,"caption":"Eikholt"},"image":{"@id":"https:\/\/www.eikholt.no\/#\/schema\/logo\/image\/"},"sameAs":["https:\/\/www.facebook.com\/eikholt.kompetansesenter"]}]}},"_links":{"self":[{"href":"https:\/\/www.eikholt.no\/da\/wp-json\/wp\/v2\/pages\/5774","targetHints":{"allow":["GET"]}}],"collection":[{"href":"https:\/\/www.eikholt.no\/da\/wp-json\/wp\/v2\/pages"}],"about":[{"href":"https:\/\/www.eikholt.no\/da\/wp-json\/wp\/v2\/types\/page"}],"author":[{"embeddable":true,"href":"https:\/\/www.eikholt.no\/da\/wp-json\/wp\/v2\/users\/8"}],"replies":[{"embeddable":true,"href":"https:\/\/www.eikholt.no\/da\/wp-json\/wp\/v2\/comments?post=5774"}],"version-history":[{"count":9,"href":"https:\/\/www.eikholt.no\/da\/wp-json\/wp\/v2\/pages\/5774\/revisions"}],"predecessor-version":[{"id":5785,"href":"https:\/\/www.eikholt.no\/da\/wp-json\/wp\/v2\/pages\/5774\/revisions\/5785"}],"wp:featuredmedia":[{"embeddable":true,"href":"https:\/\/www.eikholt.no\/da\/wp-json\/wp\/v2\/media\/5776"}],"wp:attachment":[{"href":"https:\/\/www.eikholt.no\/da\/wp-json\/wp\/v2\/media?parent=5774"}],"curies":[{"name":"wp","href":"https:\/\/api.w.org\/{rel}","templated":true}]}}