{"id":873,"date":"2025-10-17T11:48:14","date_gmt":"2025-10-17T11:48:14","guid":{"rendered":"https:\/\/www.eikholt.no\/?page_id=873"},"modified":"2025-10-17T12:08:32","modified_gmt":"2025-10-17T12:08:32","slug":"karriere-hos-eikholt","status":"publish","type":"page","link":"https:\/\/www.eikholt.no\/da\/karriere-hos-eikholt\/","title":{"rendered":"Karriere"},"content":{"rendered":"<section class=\"--career-list-gutenberg\">\n        <h2 class=\"--heading\">Ledige stillinger<\/h2>\n        <div class=\"--description\"><p>Her finder du ledige stillinger p\u00e5 Eikholt<\/p>\n<\/div>\n        <ul class=\"--careers\">\n                            <li>\n                    <a\n                            href=\"https:\/\/www.eikholt.no\/da\/karriere\/radgiver-sprog-og-kommunikation\/\"\n                            class=\"--career\"\n                    >\n                        <div>\n                            <h3>R\u00e5dgiver sprog og kommunikation<\/h3>\n                                                    <\/div>\n                        <svg width=\"14\" height=\"14\" viewbox=\"0 0 14 14\" fill=\"none\" xmlns=\"http:\/\/www.w3.org\/2000\/svg\">\n<path d=\"M6.99992 13.6667L0.333251 7.00001L6.99992 0.333345L8.18742 1.50001L3.52075 6.16668L13.6666 6.16668L13.6666 7.83335L3.52075 7.83334L8.18742 12.5L6.99992 13.6667Z\" fill=\"#1C1B1F\"\/>\n<\/svg>\n\n                    <\/a>\n                <\/li>\n                    <\/ul>\n    <\/section>\n\n\n\n\n<h2 class=\"wp-block-heading\"><strong>L\u00e6r nogle af vores medarbejdere at kende<\/strong>til<\/h2>\n\n\n\n<p>S\u00f8ger du job hos os, eller undrer du dig over, hvordan det er at arbejde hos Eikholt? Vi har givet ordet til nogle af vores medarbejdere, som fort\u00e6ller os, hvorfor de valgte Eikholt og om deres arbejdsdag.<\/p>\n\n\n\n<h2 class=\"wp-block-heading\">Jolanta<\/h2>\n\n\n\n<h4 class=\"wp-block-heading\">Kok<\/h4>\n\n\n\n<figure class=\"wp-block-image size-large\"><img loading=\"lazy\" decoding=\"async\" width=\"1024\" height=\"719\" src=\"https:\/\/www.eikholt.no\/app\/uploads\/2025\/10\/Jolanta-karriereside-1024x719.jpg\" alt=\"\" class=\"wp-image-5281\" srcset=\"https:\/\/www.eikholt.no\/app\/uploads\/2025\/10\/Jolanta-karriereside-1024x719.jpg 1024w, https:\/\/www.eikholt.no\/app\/uploads\/2025\/10\/Jolanta-karriereside-300x211.jpg 300w, https:\/\/www.eikholt.no\/app\/uploads\/2025\/10\/Jolanta-karriereside-768x539.jpg 768w, https:\/\/www.eikholt.no\/app\/uploads\/2025\/10\/Jolanta-karriereside-1536x1078.jpg 1536w, https:\/\/www.eikholt.no\/app\/uploads\/2025\/10\/Jolanta-karriereside-2048x1437.jpg 2048w, https:\/\/www.eikholt.no\/app\/uploads\/2025\/10\/Jolanta-karriereside-18x12.jpg 18w\" sizes=\"auto, (max-width: 1024px) 100vw, 1024px\" \/><\/figure>\n\n\n\n<p>Jeg startede i min stilling hos Eikholt i januar 2025. Jeg har et professionelt certifikat som kok fra Polen, hvor jeg ogs\u00e5 har min baggrund. Efter 16 \u00e5r i b\u00f8rnehavebranchen, hvor jeg tilberedte og serverede m\u00e5ltider for b\u00f8rn med engagement og omsorg, var der et \u00f8nske om nye udfordringer og en \u00e6ndring i arbejdsmilj\u00f8et.<\/p>\n\n\n\n<p>Med et st\u00e6rkt engagement i mennesker og en \u00e6gte omsorg for andre \u00f8nskede jeg at anvende mine f\u00e6rdigheder og erfaringer p\u00e5 en ny m\u00e5de - med en anden brugergruppe.<\/p>\n\n\n\n<p>Da jeg l\u00e6rte Eikholt at kende, inds\u00e5 jeg med det samme, at det var et sted, hvor jeg kunne trives. Her har jeg mulighed for at m\u00f8de mennesker med respekt, omtanke og et \u00e5bent sind. V\u00e6rdier, der ligger mit hjerte n\u00e6r.<\/p>\n\n\n\n<p>Jeg bliver ofte beskrevet som en person med en god sans for humor, smittende latter og evnen til at skabe en positiv og inkluderende atmosf\u00e6re. Hos Eikholt f\u00e5r jeg mulighed for at kombinere min omsorg for andre med min passion for madlavning - og det giver mig stor arbejdsgl\u00e6de.<\/p>\n\n\n\n<p>Jeg \u00f8nsker, at g\u00e6sterne p\u00e5 Eikholt skal have det godt med at v\u00e6re her gennem duften af hjemmelavede retter og smagen af frisk bagv\u00e6rk. Lavet med k\u00e6rlighed og omhu.<\/p>\n\n\n\n<p>Selv om jeg ikke har haft tid til at m\u00f8de alle g\u00e6sterne endnu, gl\u00e6der jeg mig til at l\u00e6re flere af dem at kende, og jeg ser frem til mange gode m\u00f8der i den kommende tid.<\/p>\n\n\n\n<h3 class=\"wp-block-heading\"><strong>Anne-May<\/strong><\/h3>\n\n\n\n<h4 class=\"wp-block-heading\"><strong>Audiograf<\/strong><\/h4>\n\n\n\n<figure class=\"wp-block-image size-full\"><img loading=\"lazy\" decoding=\"async\" width=\"894\" height=\"893\" src=\"https:\/\/www.eikholt.no\/app\/uploads\/2023\/06\/Anne-May-audiograf-forbereder-arbeid-pa-kontoret.jpg\" alt=\"\" class=\"wp-image-959\" srcset=\"https:\/\/www.eikholt.no\/app\/uploads\/2023\/06\/Anne-May-audiograf-forbereder-arbeid-pa-kontoret.jpg 894w, https:\/\/www.eikholt.no\/app\/uploads\/2023\/06\/Anne-May-audiograf-forbereder-arbeid-pa-kontoret-300x300.jpg 300w, https:\/\/www.eikholt.no\/app\/uploads\/2023\/06\/Anne-May-audiograf-forbereder-arbeid-pa-kontoret-150x150.jpg 150w, https:\/\/www.eikholt.no\/app\/uploads\/2023\/06\/Anne-May-audiograf-forbereder-arbeid-pa-kontoret-768x767.jpg 768w, https:\/\/www.eikholt.no\/app\/uploads\/2023\/06\/Anne-May-audiograf-forbereder-arbeid-pa-kontoret-24x24.jpg 24w, https:\/\/www.eikholt.no\/app\/uploads\/2023\/06\/Anne-May-audiograf-forbereder-arbeid-pa-kontoret-48x48.jpg 48w, https:\/\/www.eikholt.no\/app\/uploads\/2023\/06\/Anne-May-audiograf-forbereder-arbeid-pa-kontoret-96x96.jpg 96w\" sizes=\"auto, (max-width: 894px) 100vw, 894px\" \/><\/figure>\n\n\n\n<p>I mit sidste \u00e5r p\u00e5 audiografuddannelsen var jeg i praktik hos Eikholt. Da jeg fik et jobtilbud som nyuddannet audiolog, pakkede jeg mine ting og flyttede til Drammen. Arbejdet som r\u00e5dgiver hos Eikholt er utroligt varieret og sp\u00e6ndende. Det faglige milj\u00f8 er pr\u00e6get af dygtige og engagerede mennesker, som br\u00e6nder for deres fag.&nbsp;<\/p>\n\n\n\n<p>\"Det bedste ved mit job er alle de fantastiske brugere, jeg m\u00f8der. N\u00e5r jeg arrangerer h\u00f8rekurser, har jeg mulighed for at tilbringe meget tid sammen med brugerne, nogle gange flere dage. Med s\u00e5 meget tid til r\u00e5dighed kan man g\u00f8re alle de ting, man ellers ikke ville have tid til, og afpr\u00f8ve ting i praksis, som man kun har l\u00e6st om i litteraturen.&nbsp;<\/p>\n\n\n\n<p>Kurserne hos Eikholt er meget ofte tv\u00e6rfaglige og gennemf\u00f8res sammen med r\u00e5dgivere inden for andre omr\u00e5der. At samarbejde om kurser p\u00e5 denne m\u00e5de betyder, at jeg l\u00e6rer en masse om syn, mobilitet, IKT, punktskrift og alle mulige andre ting, som jeg ikke vidste noget om, f\u00f8r jeg begyndte at arbejde hos Eikholt. Man kan ikke komme uden om, at jobbet indeb\u00e6rer en masse papirarbejde og planl\u00e6gning, men det er ret fedt at kunne f\u00f8lge en bruger fra den f\u00f8rste henvendelse, til kurser hos Eikholt og derefter lokal st\u00f8tte, efter at brugeren er taget hjem.&nbsp;<\/p>\n\n\n\n<p>Selv om jeg er audiolog og prim\u00e6rt arbejder med h\u00f8relse og kurser om h\u00f8relse, har jeg store muligheder for at p\u00e5virke min egen arbejdsdag. Der er altid en eller anden form for forsknings- og innovationsprojekt i gang, og som medarbejder er man ofte involveret. Man kan ogs\u00e5 tage initiativ til egne projekter. For eksempel har jeg brugt meget tid p\u00e5 at l\u00e6se om genetik, og nu l\u00e6rer jeg om 3D-print. Som en del af mit job rejser jeg rundt og holder foredrag om Eikholt, d\u00f8vblindhed og h\u00f8relse. Jeg synes, det er meget sjovt og bidrager til en meget varieret arbejdsdag. &nbsp;<\/p>\n\n\n\n<h3 class=\"wp-block-heading\"><strong>H\u00e5kon<\/strong><\/h3>\n\n\n\n<h4 class=\"wp-block-heading\"><strong>Bygningsdrift<\/strong><\/h4>\n\n\n\n<figure class=\"wp-block-image size-large\"><img loading=\"lazy\" decoding=\"async\" width=\"1024\" height=\"613\" src=\"https:\/\/www.eikholt.no\/app\/uploads\/2025\/02\/Ansatte-i-aktivitet-drift-Hakon-pa-plenklipper-bag-RKH-1024x613.jpg\" alt=\"Vicev\u00e6rten sidder p\u00e5 en traktor med pl\u00e6neklipper. Gr\u00e6s og buske dukker op rundt omkring.\" class=\"wp-image-4272\" srcset=\"https:\/\/www.eikholt.no\/app\/uploads\/2025\/02\/Ansatte-i-aktivitet-drift-Hakon-pa-plenklipper-bag-RKH-1024x613.jpg 1024w, https:\/\/www.eikholt.no\/app\/uploads\/2025\/02\/Ansatte-i-aktivitet-drift-Hakon-pa-plenklipper-bag-RKH-300x180.jpg 300w, https:\/\/www.eikholt.no\/app\/uploads\/2025\/02\/Ansatte-i-aktivitet-drift-Hakon-pa-plenklipper-bag-RKH-768x460.jpg 768w, https:\/\/www.eikholt.no\/app\/uploads\/2025\/02\/Ansatte-i-aktivitet-drift-Hakon-pa-plenklipper-bag-RKH-1536x920.jpg 1536w, https:\/\/www.eikholt.no\/app\/uploads\/2025\/02\/Ansatte-i-aktivitet-drift-Hakon-pa-plenklipper-bag-RKH-2048x1226.jpg 2048w\" sizes=\"auto, (max-width: 1024px) 100vw, 1024px\" \/><\/figure>\n\n\n\n<p>Som bygningsoperat\u00f8r p\u00e5 Eikholt er det mit job at sikre, at bygningerne og faciliteterne er i topform. Det sp\u00e6nder fra vedligeholdelse af bygninger, tekniske installationer og udend\u00f8rsarealer og omfatter alt fra dagligt tilsyn og reparationer til planl\u00e6gning og gennemf\u00f8relse af st\u00f8rre vedligeholdelsesprojekter.<\/p>\n\n\n\n<p>En typisk dag kan omfatte kontrol og vedligeholdelse af varme- og ventilationssystemer, mindre reparationer af bygninger og udstyr og sikring af, at udend\u00f8rsarealer er sikre og velholdte. Som bygningsoperat\u00f8r skal jeg ogs\u00e5 v\u00e6re i stand til at h\u00e5ndtere akutte problemer, som kan opst\u00e5, f.eks. vandl\u00e6kager eller elektriske fejl.<\/p>\n\n\n\n<p>Ud over tekniske f\u00e6rdigheder er det vigtigt at have gode kommunikations- og samarbejdsevner. I det daglige arbejder jeg sammen med alle medarbejderne p\u00e5 Eikholt for at sikre, at behovene bliver opfyldt, og jeg skal kunne kommunikere godt med b\u00e5de kolleger og bes\u00f8gende. Et \"hej\" og en hurtig snak betyder meget, is\u00e6r hvis det er f\u00f8rste gang, nogen kommer p\u00e5 Eikholt. Jeg nyder jobbet, fordi det er varieret og kr\u00e6ver en kombination af teknisk viden, praktiske f\u00e6rdigheder og evnen til at arbejde godt sammen i et team.<\/p>\n\n\n\n<p><\/p>","protected":false},"excerpt":{"rendered":"<p>Bli kjent med noen av v\u00e5re ansatte Skal du s\u00f8ke jobb hos oss, eller lurer du p\u00e5 hvordan det er \u00e5 jobbe p\u00e5 Eikholt? Vi har gitt ordet til noen av v\u00e5re ansatte, som forteller hvorfor de valgte Eikholt og om deres arbeidshverdag. Jolanta Kokk Jeg begynte i stillingen ved Eikholt i januar 2025. Jeg<\/p>","protected":false},"author":2,"featured_media":4248,"parent":0,"menu_order":0,"comment_status":"closed","ping_status":"closed","template":"","meta":{"_acf_changed":false,"inline_featured_image":false,"ep_exclude_from_search":false,"footnotes":""},"class_list":["post-873","page","type-page","status-publish","has-post-thumbnail","hentry"],"acf":[],"yoast_head":"<!-- This site is optimized with the Yoast SEO plugin v25.8 - https:\/\/yoast.com\/wordpress\/plugins\/seo\/ -->\n<title>Karriere - Eikholt<\/title>\n<meta name=\"description\" content=\"Her finner du ledige stillinger og kan lese om hvordan det er \u00e5 jobbe hos ved Eikholt. Du er ogs\u00e5 hjertelig velkommen til \u00e5 kontakte oss for en prat.\" \/>\n<meta name=\"robots\" content=\"index, follow, max-snippet:-1, max-image-preview:large, max-video-preview:-1\" \/>\n<link rel=\"canonical\" href=\"https:\/\/www.eikholt.no\/da\/karriere-hos-eikholt\/\" \/>\n<meta property=\"og:locale\" content=\"da_DK\" \/>\n<meta property=\"og:type\" content=\"article\" \/>\n<meta property=\"og:title\" content=\"Karriere - Eikholt\" \/>\n<meta property=\"og:description\" content=\"Her finner du ledige stillinger og kan lese om hvordan det er \u00e5 jobbe hos ved Eikholt. Du er ogs\u00e5 hjertelig velkommen til \u00e5 kontakte oss for en prat.\" \/>\n<meta property=\"og:url\" content=\"https:\/\/www.eikholt.no\/da\/karriere-hos-eikholt\/\" \/>\n<meta property=\"og:site_name\" content=\"Eikholt\" \/>\n<meta property=\"article:publisher\" content=\"https:\/\/www.facebook.com\/eikholt.kompetansesenter\" \/>\n<meta property=\"article:modified_time\" content=\"2025-10-17T12:08:32+00:00\" \/>\n<meta property=\"og:image\" content=\"https:\/\/www.eikholt.no\/app\/uploads\/2025\/02\/Ansatte-i-aktivitet-Fag-Veronica-og-Tanja-bla-rom-2-scaled.jpg\" \/>\n\t<meta property=\"og:image:width\" content=\"2560\" \/>\n\t<meta property=\"og:image:height\" content=\"1712\" \/>\n\t<meta property=\"og:image:type\" content=\"image\/jpeg\" \/>\n<meta name=\"twitter:card\" content=\"summary_large_image\" \/>\n<meta name=\"twitter:label1\" content=\"Est. reading time\" \/>\n\t<meta name=\"twitter:data1\" content=\"5 minutes\" \/>\n<script type=\"application\/ld+json\" class=\"yoast-schema-graph\">{\"@context\":\"https:\/\/schema.org\",\"@graph\":[{\"@type\":\"WebPage\",\"@id\":\"https:\/\/www.eikholt.no\/karriere-ved-eikholt\/\",\"url\":\"https:\/\/www.eikholt.no\/karriere-ved-eikholt\/\",\"name\":\"Karriere - Eikholt\",\"isPartOf\":{\"@id\":\"https:\/\/www.eikholt.no\/#website\"},\"primaryImageOfPage\":{\"@id\":\"https:\/\/www.eikholt.no\/karriere-ved-eikholt\/#primaryimage\"},\"image\":{\"@id\":\"https:\/\/www.eikholt.no\/karriere-ved-eikholt\/#primaryimage\"},\"thumbnailUrl\":\"https:\/\/www.eikholt.no\/app\/uploads\/2025\/02\/Ansatte-i-aktivitet-Fag-Veronica-og-Tanja-bla-rom-2-scaled.jpg\",\"datePublished\":\"2025-10-17T11:48:14+00:00\",\"dateModified\":\"2025-10-17T12:08:32+00:00\",\"description\":\"Her finner du ledige stillinger og kan lese om hvordan det er \u00e5 jobbe hos ved Eikholt. Du er ogs\u00e5 hjertelig velkommen til \u00e5 kontakte oss for en prat.\",\"breadcrumb\":{\"@id\":\"https:\/\/www.eikholt.no\/karriere-ved-eikholt\/#breadcrumb\"},\"inLanguage\":\"da-DK\",\"potentialAction\":[{\"@type\":\"ReadAction\",\"target\":[\"https:\/\/www.eikholt.no\/karriere-ved-eikholt\/\"]}]},{\"@type\":\"ImageObject\",\"inLanguage\":\"da-DK\",\"@id\":\"https:\/\/www.eikholt.no\/karriere-ved-eikholt\/#primaryimage\",\"url\":\"https:\/\/www.eikholt.no\/app\/uploads\/2025\/02\/Ansatte-i-aktivitet-Fag-Veronica-og-Tanja-bla-rom-2-scaled.jpg\",\"contentUrl\":\"https:\/\/www.eikholt.no\/app\/uploads\/2025\/02\/Ansatte-i-aktivitet-Fag-Veronica-og-Tanja-bla-rom-2-scaled.jpg\",\"width\":2560,\"height\":1712,\"caption\":\"To personer sitter ved et bord. En har en PC foran seg, den andre en kaffekopp. De smiler\"},{\"@type\":\"BreadcrumbList\",\"@id\":\"https:\/\/www.eikholt.no\/karriere-ved-eikholt\/#breadcrumb\",\"itemListElement\":[{\"@type\":\"ListItem\",\"position\":1,\"name\":\"Forside\",\"item\":\"https:\/\/www.eikholt.no\/\"},{\"@type\":\"ListItem\",\"position\":2,\"name\":\"Karriere\"}]},{\"@type\":\"WebSite\",\"@id\":\"https:\/\/www.eikholt.no\/#website\",\"url\":\"https:\/\/www.eikholt.no\/\",\"name\":\"Eikholt\",\"description\":\"\",\"publisher\":{\"@id\":\"https:\/\/www.eikholt.no\/#organization\"},\"potentialAction\":[{\"@type\":\"SearchAction\",\"target\":{\"@type\":\"EntryPoint\",\"urlTemplate\":\"https:\/\/www.eikholt.no\/?s={search_term_string}\"},\"query-input\":{\"@type\":\"PropertyValueSpecification\",\"valueRequired\":true,\"valueName\":\"search_term_string\"}}],\"inLanguage\":\"da-DK\"},{\"@type\":\"Organization\",\"@id\":\"https:\/\/www.eikholt.no\/#organization\",\"name\":\"Eikholt\",\"url\":\"https:\/\/www.eikholt.no\/\",\"logo\":{\"@type\":\"ImageObject\",\"inLanguage\":\"da-DK\",\"@id\":\"https:\/\/www.eikholt.no\/#\/schema\/logo\/image\/\",\"url\":\"https:\/\/www.eikholt.no\/app\/uploads\/2024\/04\/cropped-Logo-Eikholt-ny.jpg\",\"contentUrl\":\"https:\/\/www.eikholt.no\/app\/uploads\/2024\/04\/cropped-Logo-Eikholt-ny.jpg\",\"width\":419,\"height\":209,\"caption\":\"Eikholt\"},\"image\":{\"@id\":\"https:\/\/www.eikholt.no\/#\/schema\/logo\/image\/\"},\"sameAs\":[\"https:\/\/www.facebook.com\/eikholt.kompetansesenter\"]}]}<\/script>\n<!-- \/ Yoast SEO plugin. -->","yoast_head_json":{"title":"Karriere - Eikholt","description":"Her kan du finde ledige stillinger og l\u00e6se om, hvordan det er at arbejde hos Eikholt. Du er ogs\u00e5 meget velkommen til at kontakte os for en snak.","robots":{"index":"index","follow":"follow","max-snippet":"max-snippet:-1","max-image-preview":"max-image-preview:large","max-video-preview":"max-video-preview:-1"},"canonical":"https:\/\/www.eikholt.no\/da\/karriere-hos-eikholt\/","og_locale":"da_DK","og_type":"article","og_title":"Karriere - Eikholt","og_description":"Her finner du ledige stillinger og kan lese om hvordan det er \u00e5 jobbe hos ved Eikholt. Du er ogs\u00e5 hjertelig velkommen til \u00e5 kontakte oss for en prat.","og_url":"https:\/\/www.eikholt.no\/da\/karriere-hos-eikholt\/","og_site_name":"Eikholt","article_publisher":"https:\/\/www.facebook.com\/eikholt.kompetansesenter","article_modified_time":"2025-10-17T12:08:32+00:00","og_image":[{"width":2560,"height":1712,"url":"https:\/\/www.eikholt.no\/app\/uploads\/2025\/02\/Ansatte-i-aktivitet-Fag-Veronica-og-Tanja-bla-rom-2-scaled.jpg","type":"image\/jpeg"}],"twitter_card":"summary_large_image","twitter_misc":{"Est. reading time":"5 minutes"},"schema":{"@context":"https:\/\/schema.org","@graph":[{"@type":"WebPage","@id":"https:\/\/www.eikholt.no\/karriere-ved-eikholt\/","url":"https:\/\/www.eikholt.no\/karriere-ved-eikholt\/","name":"Karriere - Eikholt","isPartOf":{"@id":"https:\/\/www.eikholt.no\/#website"},"primaryImageOfPage":{"@id":"https:\/\/www.eikholt.no\/karriere-ved-eikholt\/#primaryimage"},"image":{"@id":"https:\/\/www.eikholt.no\/karriere-ved-eikholt\/#primaryimage"},"thumbnailUrl":"https:\/\/www.eikholt.no\/app\/uploads\/2025\/02\/Ansatte-i-aktivitet-Fag-Veronica-og-Tanja-bla-rom-2-scaled.jpg","datePublished":"2025-10-17T11:48:14+00:00","dateModified":"2025-10-17T12:08:32+00:00","description":"Her kan du finde ledige stillinger og l\u00e6se om, hvordan det er at arbejde hos Eikholt. Du er ogs\u00e5 meget velkommen til at kontakte os for en snak.","breadcrumb":{"@id":"https:\/\/www.eikholt.no\/karriere-ved-eikholt\/#breadcrumb"},"inLanguage":"da-DK","potentialAction":[{"@type":"ReadAction","target":["https:\/\/www.eikholt.no\/karriere-ved-eikholt\/"]}]},{"@type":"ImageObject","inLanguage":"da-DK","@id":"https:\/\/www.eikholt.no\/karriere-ved-eikholt\/#primaryimage","url":"https:\/\/www.eikholt.no\/app\/uploads\/2025\/02\/Ansatte-i-aktivitet-Fag-Veronica-og-Tanja-bla-rom-2-scaled.jpg","contentUrl":"https:\/\/www.eikholt.no\/app\/uploads\/2025\/02\/Ansatte-i-aktivitet-Fag-Veronica-og-Tanja-bla-rom-2-scaled.jpg","width":2560,"height":1712,"caption":"To personer sitter ved et bord. En har en PC foran seg, den andre en kaffekopp. De smiler"},{"@type":"BreadcrumbList","@id":"https:\/\/www.eikholt.no\/karriere-ved-eikholt\/#breadcrumb","itemListElement":[{"@type":"ListItem","position":1,"name":"Forside","item":"https:\/\/www.eikholt.no\/"},{"@type":"ListItem","position":2,"name":"Karriere"}]},{"@type":"WebSite","@id":"https:\/\/www.eikholt.no\/#website","url":"https:\/\/www.eikholt.no\/","name":"Eikholt","description":"","publisher":{"@id":"https:\/\/www.eikholt.no\/#organization"},"potentialAction":[{"@type":"SearchAction","target":{"@type":"EntryPoint","urlTemplate":"https:\/\/www.eikholt.no\/?s={search_term_string}"},"query-input":{"@type":"PropertyValueSpecification","valueRequired":true,"valueName":"search_term_string"}}],"inLanguage":"da-DK"},{"@type":"Organization","@id":"https:\/\/www.eikholt.no\/#organization","name":"Eikholt","url":"https:\/\/www.eikholt.no\/","logo":{"@type":"ImageObject","inLanguage":"da-DK","@id":"https:\/\/www.eikholt.no\/#\/schema\/logo\/image\/","url":"https:\/\/www.eikholt.no\/app\/uploads\/2024\/04\/cropped-Logo-Eikholt-ny.jpg","contentUrl":"https:\/\/www.eikholt.no\/app\/uploads\/2024\/04\/cropped-Logo-Eikholt-ny.jpg","width":419,"height":209,"caption":"Eikholt"},"image":{"@id":"https:\/\/www.eikholt.no\/#\/schema\/logo\/image\/"},"sameAs":["https:\/\/www.facebook.com\/eikholt.kompetansesenter"]}]}},"_links":{"self":[{"href":"https:\/\/www.eikholt.no\/da\/wp-json\/wp\/v2\/pages\/873","targetHints":{"allow":["GET"]}}],"collection":[{"href":"https:\/\/www.eikholt.no\/da\/wp-json\/wp\/v2\/pages"}],"about":[{"href":"https:\/\/www.eikholt.no\/da\/wp-json\/wp\/v2\/types\/page"}],"author":[{"embeddable":true,"href":"https:\/\/www.eikholt.no\/da\/wp-json\/wp\/v2\/users\/2"}],"replies":[{"embeddable":true,"href":"https:\/\/www.eikholt.no\/da\/wp-json\/wp\/v2\/comments?post=873"}],"version-history":[{"count":82,"href":"https:\/\/www.eikholt.no\/da\/wp-json\/wp\/v2\/pages\/873\/revisions"}],"predecessor-version":[{"id":5289,"href":"https:\/\/www.eikholt.no\/da\/wp-json\/wp\/v2\/pages\/873\/revisions\/5289"}],"wp:featuredmedia":[{"embeddable":true,"href":"https:\/\/www.eikholt.no\/da\/wp-json\/wp\/v2\/media\/4248"}],"wp:attachment":[{"href":"https:\/\/www.eikholt.no\/da\/wp-json\/wp\/v2\/media?parent=873"}],"curies":[{"name":"wp","href":"https:\/\/api.w.org\/{rel}","templated":true}]}}