{"id":1580,"date":"2023-06-23T15:26:19","date_gmt":"2023-06-23T15:26:19","guid":{"rendered":"https:\/\/www.eikholt.no\/?page_id=1580"},"modified":"2026-02-17T08:36:38","modified_gmt":"2026-02-17T08:36:38","slug":"about-us-our-mission","status":"publish","type":"page","link":"https:\/\/www.eikholt.no\/en\/about-us\/about-us-our-mission\/","title":{"rendered":"Our missions"},"content":{"rendered":"<div class=\"wp-block-sail-video-modal\"><button class=\"--modal-button\"><img decoding=\"async\" src=\"\/app\/themes\/eikholt\/public\/images\/wave.338e86.svg\" alt=\"finial icon\"\/>Video with sign language<\/button><div class=\"--modal --hidden\" role=\"dialog\" aria-label=\"dialogue\" aria-modal=\"true\"><div class=\"--modal-content\"><video id=\"modalVideo\" controls src=\"https:\/\/www.eikholt.no\/app\/uploads\/2023\/06\/Eikholt-to-nasjonale-oppdrag-hvit-vegg-optimalisert-2.mp4\"><\/video><button class=\"--close-modal-button\" aria-label=\"closed\"><img decoding=\"async\" src=\"\/app\/themes\/eikholt\/public\/images\/close.dbfa19.svg\" alt=\"closing icon\"\/><\/button><\/div><\/div><\/div>\n\n\n\n<p><strong>Eikholt has two national missions<\/strong>:<\/p>\n\n\n\n<h2 class=\"wp-block-heading\"><strong>1.<\/strong>Adaptation course for deafblind people<\/h2>\n\n\n\n<p>Eikholt is assigned a national responsibility for <a href=\"https:\/\/www.nav.no\/tilpasningskurs\" target=\"_blank\" rel=\"noreferrer noopener\">NAV customisation course<\/a> for people with combined visual and hearing impairment\/deafblindness. This is a right under <a href=\"https:\/\/lovdata.no\/nav\/rundskriv\/v6-10-07acd#ref\/lov\/1997-02-28-19\/10-7\" target=\"_blank\" rel=\"noreferrer noopener\">National Insurance Act.<\/a> The right to customisation courses also applies to family members.&nbsp;<\/p>\n\n\n\n<p><strong>Eikholt offers:&nbsp;<\/strong><\/p>\n\n\n\n<ul class=\"wp-block-list\">\n<li>Assessment and optimisation of visual and hearing function&nbsp;<\/li>\n\n\n\n<li>rehabilitation in a lifecycle perspective<\/li>\n\n\n\n<li>training in different forms of communication<\/li>\n\n\n\n<li>testing and training in ICT&nbsp;<\/li>\n\n\n\n<li>testing and training in mobility and orientation&nbsp;<\/li>\n\n\n\n<li>Counselling, guidance and information for relatives and other service providers&nbsp;&nbsp;<\/li>\n<\/ul>\n\n\n\n<h2 class=\"wp-block-heading\"><strong>2.Building expertise and disseminating knowledge<\/strong>&nbsp;<\/h2>\n\n\n\n<p>Eikholt has a nationwide assignment in the National Advisory Service on Deafblindness, through an agreement with&nbsp;<a href=\"https:\/\/img0.custompublish.com\/getfile.php\/4104631.1320.anmilm7auuqzlt\/Avtale+Eikholt.pdf?return=www.dovblindhet.no\" target=\"_blank\" rel=\"noreferrer noopener\">Northern Norway Regional Health Authority<\/a>.The mission is to develop and disseminate knowledge of importance to people with combined visual and hearing impairment\/deafblindness. The target group is service providers in the health and welfare sector, people with visual and hearing impairment, carers, civil society and other relevant stakeholders.&nbsp;&nbsp;<\/p>\n\n\n\n<p>Eikholt develops new knowledge and expertise through research and development (R&amp;D) projects. An important principle for our R&amp;D work is that the results should be useful for the target groups and strengthen the quality of adaptation courses for deafblind people. This means that project ideas are developed together with, or come from, people who use Eikholt's services. We are an approved research organisation by the Research Council of Norway. Eikholt is a member of professional networks and collaborates with user organisations and relevant professional environments in Norway and internationally. Knowledge is disseminated through teaching at universities and colleges, webinars, conferences and various publications.&nbsp;<\/p>\n\n\n\n<p><strong><a href=\"https:\/\/www.dovblindhet.no\/48f2ec\/contentassets\/fd559ab3cdf14ad08d5ceb7f55100ca9\/helse-nord---eikholt.pdf\">Framework agreement Eikholt<\/a><\/strong><\/p>\n\n\n\n<p><a href=\"https:\/\/img9.custompublish.com\/getfile.php\/5358128.2419.pipmmwmkz7mqjt\/veileder-nasjonale-tjenester-i-spesialisthelsetjenesten-desember-2023.pdf?return=dovblindhet.intra.custompublish.com\"><strong>Guide to regulation no. 1706 of December 2010<\/strong><\/a><\/p>\n\n\n\n<p><a href=\"https:\/\/www.eikholt.no\/en\/app\/uploads\/2024\/05\/ytelsesavtale-eikholt-2024.pdf\/\"><strong>Performance agreement Eikholt<\/strong><\/a><\/p>\n\n\n\n<h3 class=\"wp-block-heading\"><strong>Eikholt - a national meeting place<\/strong><\/h3>\n\n\n\n<p>Eikholt is a meeting place for people with combined visual and hearing impairment\/deafblindness and their carers. We place great emphasis on being a good arena that is characterised by our values:&nbsp;<em>Safe, Competent and Creative<\/em>. Through activities and socialising, people with deafblindness of different ages and life situations can share knowledge and exchange experiences.&nbsp;<\/p>\n\n\n\n<p><strong>A Eikholt course provides opportunities for meaning, community and increased quality of life.<\/strong>&nbsp;<\/p>\n\n\n\n<p>Eikholt is also a meeting place for professionals and researchers. Some come together with course participants. Others are here as part of an educational placement, internship or in connection with projects. We also facilitate physical and digital meetings between professionals at conferences, workshops and seminars.&nbsp;<\/p>\n\n\n\n<h2 class=\"wp-block-heading\">Annual report<\/h2>\n\n\n\n<p>Here you can download the annual report for 2024 in full version or short version.<\/p>\n\n\n\n<p><strong><a href=\"https:\/\/www.eikholt.no\/en\/app\/uploads\/2025\/02\/arsrapport-2024-for-eikholt-pdf\/\" target=\"_blank\" rel=\"noreferrer noopener\">Annual report 2024 Eikholt<\/a><\/strong><\/p>\n\n\n\n<p><strong><a href=\"https:\/\/www.eikholt.no\/en\/app\/uploads\/2025\/02\/arsrapport-2024-eikholt-short-version-pdf\/\" target=\"_blank\" rel=\"noreferrer noopener\">Annual report 2024 Eikholt - short version<\/a><\/strong><\/p>\n\n\n\n<h2 class=\"wp-block-heading\">Interested in more information about Eikholt?<\/h2>\n\n\n\n<p>Read about<strong> <a href=\"https:\/\/www.eikholt.no\/en\/organisation-oakwood\/\">Organisation<\/a><\/strong><\/p>\n\n\n\n<p>Read about <strong><a href=\"https:\/\/www.eikholt.no\/en\/history\/\">Eikholt's history<\/a><\/strong><\/p>\n\n\n\n<p>Download the app Info Screen Go in the App Store or Google Play. Use the code&nbsp;<strong>Eikholt80<\/strong><\/p>\n\n\n\n<figure class=\"wp-block-image\"><img loading=\"lazy\" decoding=\"async\" width=\"231\" height=\"300\" src=\"https:\/\/www.eikholt.no\/app\/uploads\/2024\/03\/My_App-1-231x300.png\" alt=\"\" class=\"wp-image-2599\" srcset=\"https:\/\/www.eikholt.no\/app\/uploads\/2024\/03\/My_App-1-231x300.png 231w, https:\/\/www.eikholt.no\/app\/uploads\/2024\/03\/My_App-1-790x1024.png 790w, https:\/\/www.eikholt.no\/app\/uploads\/2024\/03\/My_App-1-768x996.png 768w, https:\/\/www.eikholt.no\/app\/uploads\/2024\/03\/My_App-1-1185x1536.png 1185w, https:\/\/www.eikholt.no\/app\/uploads\/2024\/03\/My_App-1-1580x2048.png 1580w\" sizes=\"auto, (max-width: 231px) 100vw, 231px\" \/><\/figure>","protected":false},"excerpt":{"rendered":"<p>Eikholt har to nasjonale oppdrag: 1.\u2002Tilpasningskurs for d\u00f8vblinde Eikholt er tildelt et nasjonalt ansvar for NAV tilpasningskurs for personer med kombinert syns- og h\u00f8rselsnedsettelse\/d\u00f8vblindhet. Dette er en rettighet etter lov om folketrygd. Retten til tilpasningskurs gjelder ogs\u00e5 n\u00e6rpersoner.&nbsp; Eikholt tilbyr:&nbsp; 2.\u2002Bygge kompetanse og formidle kunnskap&nbsp; Eikholt&nbsp;har et&nbsp;landsdekkende&nbsp;oppdrag&nbsp;i&nbsp;Nasjonal kompetansetjeneste for d\u00f8vblinde,&nbsp;gjennom&nbsp;en&nbsp;avtale&nbsp;med&nbsp;Helse Nord RHF.\u202f&nbsp;Oppdraget best\u00e5r av&nbsp;\u00e5 utvikle&nbsp;og&nbsp;formidle&nbsp;kunnskap&nbsp;av<\/p>","protected":false},"author":2,"featured_media":5602,"parent":682,"menu_order":0,"comment_status":"closed","ping_status":"closed","template":"","meta":{"_acf_changed":false,"inline_featured_image":false,"ep_exclude_from_search":false,"footnotes":""},"class_list":["post-1580","page","type-page","status-publish","has-post-thumbnail","hentry"],"acf":[],"yoast_head":"<!-- This site is optimized with the Yoast SEO plugin v25.8 - https:\/\/yoast.com\/wordpress\/plugins\/seo\/ -->\n<title>V\u00e5re oppdrag - Eikholt<\/title>\n<meta name=\"description\" content=\"Eikholt har to nasjonale oppdrag. Vi har et nasjonalt ansvar for NAV-tilpasningskurs for d\u00f8vblinde, og gjennom avtale med Helse Nors RHF skal vi utvikle\u00a0og\u00a0formidle\u00a0kunnskap . Les om oppdragene v\u00e5re her:\" \/>\n<meta name=\"robots\" content=\"index, follow, max-snippet:-1, max-image-preview:large, max-video-preview:-1\" \/>\n<link rel=\"canonical\" href=\"https:\/\/www.eikholt.no\/en\/about-us\/about-us-our-mission\/\" \/>\n<meta property=\"og:locale\" content=\"en_GB\" \/>\n<meta property=\"og:type\" content=\"article\" \/>\n<meta property=\"og:title\" content=\"V\u00e5re oppdrag - Eikholt\" \/>\n<meta property=\"og:description\" content=\"Eikholt har to nasjonale oppdrag. Vi har et nasjonalt ansvar for NAV-tilpasningskurs for d\u00f8vblinde, og gjennom avtale med Helse Nors RHF skal vi utvikle\u00a0og\u00a0formidle\u00a0kunnskap . Les om oppdragene v\u00e5re her:\" \/>\n<meta property=\"og:url\" content=\"https:\/\/www.eikholt.no\/en\/about-us\/about-us-our-mission\/\" \/>\n<meta property=\"og:site_name\" content=\"Eikholt\" \/>\n<meta property=\"article:publisher\" content=\"https:\/\/www.facebook.com\/eikholt.kompetansesenter\" \/>\n<meta property=\"article:modified_time\" content=\"2026-02-17T08:36:38+00:00\" \/>\n<meta property=\"og:image\" content=\"https:\/\/www.eikholt.no\/app\/uploads\/2025\/12\/Utendors-utsikt-benk-ved-adm.-MD-tolk-NMFS-tegnsprak-3-1024x687.jpg\" \/>\n\t<meta property=\"og:image:width\" content=\"1024\" \/>\n\t<meta property=\"og:image:height\" content=\"687\" \/>\n\t<meta property=\"og:image:type\" content=\"image\/jpeg\" \/>\n<meta name=\"twitter:card\" content=\"summary_large_image\" \/>\n<meta name=\"twitter:label1\" content=\"Est. reading time\" \/>\n\t<meta name=\"twitter:data1\" content=\"3 minutes\" \/>\n<script type=\"application\/ld+json\" class=\"yoast-schema-graph\">{\"@context\":\"https:\/\/schema.org\",\"@graph\":[{\"@type\":\"WebPage\",\"@id\":\"https:\/\/www.eikholt.no\/om-oss\/om-oss-vare-oppdrag\/\",\"url\":\"https:\/\/www.eikholt.no\/om-oss\/om-oss-vare-oppdrag\/\",\"name\":\"V\u00e5re oppdrag - Eikholt\",\"isPartOf\":{\"@id\":\"https:\/\/www.eikholt.no\/#website\"},\"primaryImageOfPage\":{\"@id\":\"https:\/\/www.eikholt.no\/om-oss\/om-oss-vare-oppdrag\/#primaryimage\"},\"image\":{\"@id\":\"https:\/\/www.eikholt.no\/om-oss\/om-oss-vare-oppdrag\/#primaryimage\"},\"thumbnailUrl\":\"https:\/\/www.eikholt.no\/app\/uploads\/2025\/12\/Utendors-utsikt-benk-ved-adm.-MD-tolk-NMFS-tegnsprak-3.jpg\",\"datePublished\":\"2023-06-23T15:26:19+00:00\",\"dateModified\":\"2026-02-17T08:36:38+00:00\",\"description\":\"Eikholt har to nasjonale oppdrag. Vi har et nasjonalt ansvar for NAV-tilpasningskurs for d\u00f8vblinde, og gjennom avtale med Helse Nors RHF skal vi utvikle\u00a0og\u00a0formidle\u00a0kunnskap . Les om oppdragene v\u00e5re her:\",\"breadcrumb\":{\"@id\":\"https:\/\/www.eikholt.no\/om-oss\/om-oss-vare-oppdrag\/#breadcrumb\"},\"inLanguage\":\"en-GB\",\"potentialAction\":[{\"@type\":\"ReadAction\",\"target\":[\"https:\/\/www.eikholt.no\/om-oss\/om-oss-vare-oppdrag\/\"]}]},{\"@type\":\"ImageObject\",\"inLanguage\":\"en-GB\",\"@id\":\"https:\/\/www.eikholt.no\/om-oss\/om-oss-vare-oppdrag\/#primaryimage\",\"url\":\"https:\/\/www.eikholt.no\/app\/uploads\/2025\/12\/Utendors-utsikt-benk-ved-adm.-MD-tolk-NMFS-tegnsprak-3.jpg\",\"contentUrl\":\"https:\/\/www.eikholt.no\/app\/uploads\/2025\/12\/Utendors-utsikt-benk-ved-adm.-MD-tolk-NMFS-tegnsprak-3.jpg\",\"width\":2400,\"height\":1609,\"caption\":\"To personer sitter p\u00e5 en benk. i bakgrunnen bygninger, plen og tr\u00e6r.\"},{\"@type\":\"BreadcrumbList\",\"@id\":\"https:\/\/www.eikholt.no\/om-oss\/om-oss-vare-oppdrag\/#breadcrumb\",\"itemListElement\":[{\"@type\":\"ListItem\",\"position\":1,\"name\":\"Forside\",\"item\":\"https:\/\/www.eikholt.no\/\"},{\"@type\":\"ListItem\",\"position\":2,\"name\":\"Om oss\",\"item\":\"https:\/\/www.eikholt.no\/om-oss\/\"},{\"@type\":\"ListItem\",\"position\":3,\"name\":\"V\u00e5re oppdrag\"}]},{\"@type\":\"WebSite\",\"@id\":\"https:\/\/www.eikholt.no\/#website\",\"url\":\"https:\/\/www.eikholt.no\/\",\"name\":\"Eikholt\",\"description\":\"\",\"publisher\":{\"@id\":\"https:\/\/www.eikholt.no\/#organization\"},\"potentialAction\":[{\"@type\":\"SearchAction\",\"target\":{\"@type\":\"EntryPoint\",\"urlTemplate\":\"https:\/\/www.eikholt.no\/?s={search_term_string}\"},\"query-input\":{\"@type\":\"PropertyValueSpecification\",\"valueRequired\":true,\"valueName\":\"search_term_string\"}}],\"inLanguage\":\"en-GB\"},{\"@type\":\"Organization\",\"@id\":\"https:\/\/www.eikholt.no\/#organization\",\"name\":\"Eikholt\",\"url\":\"https:\/\/www.eikholt.no\/\",\"logo\":{\"@type\":\"ImageObject\",\"inLanguage\":\"en-GB\",\"@id\":\"https:\/\/www.eikholt.no\/#\/schema\/logo\/image\/\",\"url\":\"https:\/\/www.eikholt.no\/app\/uploads\/2024\/04\/cropped-Logo-Eikholt-ny.jpg\",\"contentUrl\":\"https:\/\/www.eikholt.no\/app\/uploads\/2024\/04\/cropped-Logo-Eikholt-ny.jpg\",\"width\":419,\"height\":209,\"caption\":\"Eikholt\"},\"image\":{\"@id\":\"https:\/\/www.eikholt.no\/#\/schema\/logo\/image\/\"},\"sameAs\":[\"https:\/\/www.facebook.com\/eikholt.kompetansesenter\"]}]}<\/script>\n<!-- \/ Yoast SEO plugin. -->","yoast_head_json":{"title":"Our missions - Eikholt","description":"Eikholt has two national assignments. We have a national responsibility for NAV adaptation courses for deafblind people, and through an agreement with Helse Nors RHF we will develop and disseminate knowledge. Read about our assignments here:","robots":{"index":"index","follow":"follow","max-snippet":"max-snippet:-1","max-image-preview":"max-image-preview:large","max-video-preview":"max-video-preview:-1"},"canonical":"https:\/\/www.eikholt.no\/en\/about-us\/about-us-our-mission\/","og_locale":"en_GB","og_type":"article","og_title":"V\u00e5re oppdrag - Eikholt","og_description":"Eikholt har to nasjonale oppdrag. Vi har et nasjonalt ansvar for NAV-tilpasningskurs for d\u00f8vblinde, og gjennom avtale med Helse Nors RHF skal vi utvikle\u00a0og\u00a0formidle\u00a0kunnskap . Les om oppdragene v\u00e5re her:","og_url":"https:\/\/www.eikholt.no\/en\/about-us\/about-us-our-mission\/","og_site_name":"Eikholt","article_publisher":"https:\/\/www.facebook.com\/eikholt.kompetansesenter","article_modified_time":"2026-02-17T08:36:38+00:00","og_image":[{"width":1024,"height":687,"url":"https:\/\/www.eikholt.no\/app\/uploads\/2025\/12\/Utendors-utsikt-benk-ved-adm.-MD-tolk-NMFS-tegnsprak-3-1024x687.jpg","type":"image\/jpeg"}],"twitter_card":"summary_large_image","twitter_misc":{"Est. reading time":"3 minutes"},"schema":{"@context":"https:\/\/schema.org","@graph":[{"@type":"WebPage","@id":"https:\/\/www.eikholt.no\/om-oss\/om-oss-vare-oppdrag\/","url":"https:\/\/www.eikholt.no\/om-oss\/om-oss-vare-oppdrag\/","name":"Our missions - Eikholt","isPartOf":{"@id":"https:\/\/www.eikholt.no\/#website"},"primaryImageOfPage":{"@id":"https:\/\/www.eikholt.no\/om-oss\/om-oss-vare-oppdrag\/#primaryimage"},"image":{"@id":"https:\/\/www.eikholt.no\/om-oss\/om-oss-vare-oppdrag\/#primaryimage"},"thumbnailUrl":"https:\/\/www.eikholt.no\/app\/uploads\/2025\/12\/Utendors-utsikt-benk-ved-adm.-MD-tolk-NMFS-tegnsprak-3.jpg","datePublished":"2023-06-23T15:26:19+00:00","dateModified":"2026-02-17T08:36:38+00:00","description":"Eikholt has two national assignments. We have a national responsibility for NAV adaptation courses for deafblind people, and through an agreement with Helse Nors RHF we will develop and disseminate knowledge. Read about our assignments here:","breadcrumb":{"@id":"https:\/\/www.eikholt.no\/om-oss\/om-oss-vare-oppdrag\/#breadcrumb"},"inLanguage":"en-GB","potentialAction":[{"@type":"ReadAction","target":["https:\/\/www.eikholt.no\/om-oss\/om-oss-vare-oppdrag\/"]}]},{"@type":"ImageObject","inLanguage":"en-GB","@id":"https:\/\/www.eikholt.no\/om-oss\/om-oss-vare-oppdrag\/#primaryimage","url":"https:\/\/www.eikholt.no\/app\/uploads\/2025\/12\/Utendors-utsikt-benk-ved-adm.-MD-tolk-NMFS-tegnsprak-3.jpg","contentUrl":"https:\/\/www.eikholt.no\/app\/uploads\/2025\/12\/Utendors-utsikt-benk-ved-adm.-MD-tolk-NMFS-tegnsprak-3.jpg","width":2400,"height":1609,"caption":"To personer sitter p\u00e5 en benk. i bakgrunnen bygninger, plen og tr\u00e6r."},{"@type":"BreadcrumbList","@id":"https:\/\/www.eikholt.no\/om-oss\/om-oss-vare-oppdrag\/#breadcrumb","itemListElement":[{"@type":"ListItem","position":1,"name":"Forside","item":"https:\/\/www.eikholt.no\/"},{"@type":"ListItem","position":2,"name":"Om oss","item":"https:\/\/www.eikholt.no\/om-oss\/"},{"@type":"ListItem","position":3,"name":"V\u00e5re oppdrag"}]},{"@type":"WebSite","@id":"https:\/\/www.eikholt.no\/#website","url":"https:\/\/www.eikholt.no\/","name":"Eikholt","description":"","publisher":{"@id":"https:\/\/www.eikholt.no\/#organization"},"potentialAction":[{"@type":"SearchAction","target":{"@type":"EntryPoint","urlTemplate":"https:\/\/www.eikholt.no\/?s={search_term_string}"},"query-input":{"@type":"PropertyValueSpecification","valueRequired":true,"valueName":"search_term_string"}}],"inLanguage":"en-GB"},{"@type":"Organization","@id":"https:\/\/www.eikholt.no\/#organization","name":"Eikholt","url":"https:\/\/www.eikholt.no\/","logo":{"@type":"ImageObject","inLanguage":"en-GB","@id":"https:\/\/www.eikholt.no\/#\/schema\/logo\/image\/","url":"https:\/\/www.eikholt.no\/app\/uploads\/2024\/04\/cropped-Logo-Eikholt-ny.jpg","contentUrl":"https:\/\/www.eikholt.no\/app\/uploads\/2024\/04\/cropped-Logo-Eikholt-ny.jpg","width":419,"height":209,"caption":"Eikholt"},"image":{"@id":"https:\/\/www.eikholt.no\/#\/schema\/logo\/image\/"},"sameAs":["https:\/\/www.facebook.com\/eikholt.kompetansesenter"]}]}},"_links":{"self":[{"href":"https:\/\/www.eikholt.no\/en\/wp-json\/wp\/v2\/pages\/1580","targetHints":{"allow":["GET"]}}],"collection":[{"href":"https:\/\/www.eikholt.no\/en\/wp-json\/wp\/v2\/pages"}],"about":[{"href":"https:\/\/www.eikholt.no\/en\/wp-json\/wp\/v2\/types\/page"}],"author":[{"embeddable":true,"href":"https:\/\/www.eikholt.no\/en\/wp-json\/wp\/v2\/users\/2"}],"replies":[{"embeddable":true,"href":"https:\/\/www.eikholt.no\/en\/wp-json\/wp\/v2\/comments?post=1580"}],"version-history":[{"count":31,"href":"https:\/\/www.eikholt.no\/en\/wp-json\/wp\/v2\/pages\/1580\/revisions"}],"predecessor-version":[{"id":5816,"href":"https:\/\/www.eikholt.no\/en\/wp-json\/wp\/v2\/pages\/1580\/revisions\/5816"}],"up":[{"embeddable":true,"href":"https:\/\/www.eikholt.no\/en\/wp-json\/wp\/v2\/pages\/682"}],"wp:featuredmedia":[{"embeddable":true,"href":"https:\/\/www.eikholt.no\/en\/wp-json\/wp\/v2\/media\/5602"}],"wp:attachment":[{"href":"https:\/\/www.eikholt.no\/en\/wp-json\/wp\/v2\/media?parent=1580"}],"curies":[{"name":"wp","href":"https:\/\/api.w.org\/{rel}","templated":true}]}}