{"id":1653,"date":"2023-06-26T11:22:01","date_gmt":"2023-06-26T11:22:01","guid":{"rendered":"https:\/\/www.eikholt.no\/?page_id=1653"},"modified":"2023-06-26T11:24:14","modified_gmt":"2023-06-26T11:24:14","slug":"good-results-from-this-years-user-survey","status":"publish","type":"page","link":"https:\/\/www.eikholt.no\/en\/good-results-from-this-years-user-survey\/","title":{"rendered":"Good results from this year's user survey"},"content":{"rendered":"<figure class=\"wp-block-image size-large\"><img loading=\"lazy\" decoding=\"async\" width=\"1024\" height=\"478\" src=\"https:\/\/www.eikholt.no\/app\/uploads\/2023\/06\/BIlde-av-en-tenkende-figur-scaled-1-1024x478.jpeg\" alt=\"\" class=\"wp-image-1655\" srcset=\"https:\/\/www.eikholt.no\/app\/uploads\/2023\/06\/BIlde-av-en-tenkende-figur-scaled-1-1024x478.jpeg 1024w, https:\/\/www.eikholt.no\/app\/uploads\/2023\/06\/BIlde-av-en-tenkende-figur-scaled-1-300x140.jpeg 300w, https:\/\/www.eikholt.no\/app\/uploads\/2023\/06\/BIlde-av-en-tenkende-figur-scaled-1-768x359.jpeg 768w, https:\/\/www.eikholt.no\/app\/uploads\/2023\/06\/BIlde-av-en-tenkende-figur-scaled-1-1536x717.jpeg 1536w, https:\/\/www.eikholt.no\/app\/uploads\/2023\/06\/BIlde-av-en-tenkende-figur-scaled-1-2048x956.jpeg 2048w\" sizes=\"auto, (max-width: 1024px) 100vw, 1024px\" \/><\/figure>\n\n\n\n<p>The aim of the user survey is to map the quality of services provided to users, reputation and how satisfied users are with Eikholt in general. The data collection was mainly conducted online, but some interviews were also conducted by phone.<\/p>\n\n\n\n<p>In the vast majority of areas, this year's survey continues to show a very high level of satisfaction. 88% of respondents are either very satisfied or fairly satisfied with Eikholt. 71% are very satisfied. These results are almost unchanged compared to what was measured in 2020.<\/p>\n\n\n\n<h2 class=\"wp-block-heading\">What do users find most important about Eikholt?<\/h2>\n\n\n\n<p>Willingness to recommend Eikholt is high and the results show that as many as 92% say it is either very likely or quite likely that they would recommend Eikholt to others.<strong>.&nbsp;<\/strong>The fact that the services are personalised is the most important reason for choosing Eikholt, followed by the fact that the employees are perceived as skilled and that you meet people in the same situation as yourself.<\/p>\n\n\n\n<p>Users are very satisfied with the quality of the services they receive at Eikholt. The way you are greeted by staff is highlighted as an important factor, along with the information provided before, during and after courses.<\/p>\n\n\n\n<p>In general, people are very satisfied with the centre. There is a high level of satisfaction with the centre's location, course rooms, outdoor areas and accommodation. People are most satisfied with the food and how safe they feel at Eikholt. Very happily, 100% of those surveyed said they were satisfied or very satisfied with this.<\/p>\n\n\n\n<h2 class=\"wp-block-heading\">Is there anything Eikholt can do better?<\/h2>\n\n\n\n<p>One of the aims of the survey is also to identify areas where we can improve. We have received a lot of constructive feedback from those who responded to the survey, and here are some issues that we are following up in particular:<\/p>\n\n\n\n<ul class=\"wp-block-list\">\n<li>Ventilation: Feedback on poor air quality in Ragnhild Kaatas Hus in particular. It has now been replaced and started in April 2023. The system is dimensioned up. There is also a new heat pump inside the room.<\/li>\n\n\n\n<li>Footpaths: Footpaths towards the AV clinic and building 1 will be improved before summer 2023.<\/li>\n\n\n\n<li>Sound and slings: Have occasionally worked poorly, new wireless table microphones for Ragnhild Kaatas Hus and new Stallen have been ordered. Amplifiers for the loops are replaced.<\/li>\n\n\n\n<li>Course offerings: We have received many good suggestions and requests. These are included in the planning of new courses.<\/li>\n\n\n\n<li>Offers for younger users: A group course for young adults will also be organised in 2024.<\/li>\n<\/ul>\n\n\n\n<p>We are very pleased that so many people have taken the time to give us feedback. This gives us valuable information to maintain and further develop good services, and that Eikholt has good quality and standards.<\/p>","protected":false},"excerpt":{"rendered":"<p>M\u00e5let med brukerunders\u00f8kelsen er \u00e5 kartlegge kvalitet p\u00e5 tjenester gitt til brukere, omd\u00f8mme og hvor forn\u00f8yde brukerne er med Eikholt generelt. Datainnsamlingen ble hovedsakelig gjennomf\u00f8rt p\u00e5 web, men noen intervjuer ble ogs\u00e5 gjennomf\u00f8rt p\u00e5 telefon. P\u00e5 de aller fleste omr\u00e5dende viser \u00e5rets unders\u00f8kelse fortsatt sv\u00e6rt h\u00f8y tilfredshet. 88% av de som har svart, er enten<\/p>","protected":false},"author":1,"featured_media":0,"parent":0,"menu_order":0,"comment_status":"closed","ping_status":"closed","template":"","meta":{"_acf_changed":false,"inline_featured_image":false,"ep_exclude_from_search":false,"footnotes":""},"class_list":["post-1653","page","type-page","status-publish","hentry"],"acf":[],"yoast_head":"<!-- This site is optimized with the Yoast SEO plugin v25.8 - https:\/\/yoast.com\/wordpress\/plugins\/seo\/ -->\n<title>Gode resultater fra \u00e5rets brukerunders\u00f8kelse - Eikholt<\/title>\n<meta name=\"robots\" content=\"index, follow, max-snippet:-1, max-image-preview:large, max-video-preview:-1\" \/>\n<link rel=\"canonical\" href=\"https:\/\/www.eikholt.no\/en\/good-results-from-this-years-user-survey\/\" \/>\n<meta property=\"og:locale\" content=\"en_GB\" \/>\n<meta property=\"og:type\" content=\"article\" \/>\n<meta property=\"og:title\" content=\"Gode resultater fra \u00e5rets brukerunders\u00f8kelse - Eikholt\" \/>\n<meta property=\"og:description\" content=\"M\u00e5let med brukerunders\u00f8kelsen er \u00e5 kartlegge kvalitet p\u00e5 tjenester gitt til brukere, omd\u00f8mme og hvor forn\u00f8yde brukerne er med Eikholt generelt. Datainnsamlingen ble hovedsakelig gjennomf\u00f8rt p\u00e5 web, men noen intervjuer ble ogs\u00e5 gjennomf\u00f8rt p\u00e5 telefon. P\u00e5 de aller fleste omr\u00e5dende viser \u00e5rets unders\u00f8kelse fortsatt sv\u00e6rt h\u00f8y tilfredshet. 88% av de som har svart, er enten\" \/>\n<meta property=\"og:url\" content=\"https:\/\/www.eikholt.no\/en\/good-results-from-this-years-user-survey\/\" \/>\n<meta property=\"og:site_name\" content=\"Eikholt\" \/>\n<meta property=\"article:publisher\" content=\"https:\/\/www.facebook.com\/eikholt.kompetansesenter\" \/>\n<meta property=\"article:modified_time\" content=\"2023-06-26T11:24:14+00:00\" \/>\n<meta property=\"og:image\" content=\"https:\/\/www.eikholt.no\/app\/uploads\/2023\/06\/BIlde-av-en-tenkende-figur-scaled-1-1024x478.jpeg\" \/>\n<meta name=\"twitter:card\" content=\"summary_large_image\" \/>\n<meta name=\"twitter:label1\" content=\"Est. reading time\" \/>\n\t<meta name=\"twitter:data1\" content=\"2 minutes\" \/>\n<script type=\"application\/ld+json\" class=\"yoast-schema-graph\">{\"@context\":\"https:\/\/schema.org\",\"@graph\":[{\"@type\":\"WebPage\",\"@id\":\"https:\/\/www.eikholt.no\/gode-resultater-fra-arets-brukerundersokelse\/\",\"url\":\"https:\/\/www.eikholt.no\/gode-resultater-fra-arets-brukerundersokelse\/\",\"name\":\"Gode resultater fra \u00e5rets brukerunders\u00f8kelse - Eikholt\",\"isPartOf\":{\"@id\":\"https:\/\/www.eikholt.no\/#website\"},\"primaryImageOfPage\":{\"@id\":\"https:\/\/www.eikholt.no\/gode-resultater-fra-arets-brukerundersokelse\/#primaryimage\"},\"image\":{\"@id\":\"https:\/\/www.eikholt.no\/gode-resultater-fra-arets-brukerundersokelse\/#primaryimage\"},\"thumbnailUrl\":\"https:\/\/www.eikholt.no\/app\/uploads\/2023\/06\/BIlde-av-en-tenkende-figur-scaled-1-1024x478.jpeg\",\"datePublished\":\"2023-06-26T11:22:01+00:00\",\"dateModified\":\"2023-06-26T11:24:14+00:00\",\"breadcrumb\":{\"@id\":\"https:\/\/www.eikholt.no\/gode-resultater-fra-arets-brukerundersokelse\/#breadcrumb\"},\"inLanguage\":\"en-GB\",\"potentialAction\":[{\"@type\":\"ReadAction\",\"target\":[\"https:\/\/www.eikholt.no\/gode-resultater-fra-arets-brukerundersokelse\/\"]}]},{\"@type\":\"ImageObject\",\"inLanguage\":\"en-GB\",\"@id\":\"https:\/\/www.eikholt.no\/gode-resultater-fra-arets-brukerundersokelse\/#primaryimage\",\"url\":\"https:\/\/www.eikholt.no\/app\/uploads\/2023\/06\/BIlde-av-en-tenkende-figur-scaled-1-1024x478.jpeg\",\"contentUrl\":\"https:\/\/www.eikholt.no\/app\/uploads\/2023\/06\/BIlde-av-en-tenkende-figur-scaled-1-1024x478.jpeg\"},{\"@type\":\"BreadcrumbList\",\"@id\":\"https:\/\/www.eikholt.no\/gode-resultater-fra-arets-brukerundersokelse\/#breadcrumb\",\"itemListElement\":[{\"@type\":\"ListItem\",\"position\":1,\"name\":\"Forside\",\"item\":\"https:\/\/www.eikholt.no\/\"},{\"@type\":\"ListItem\",\"position\":2,\"name\":\"Gode resultater fra \u00e5rets brukerunders\u00f8kelse\"}]},{\"@type\":\"WebSite\",\"@id\":\"https:\/\/www.eikholt.no\/#website\",\"url\":\"https:\/\/www.eikholt.no\/\",\"name\":\"Eikholt\",\"description\":\"\",\"publisher\":{\"@id\":\"https:\/\/www.eikholt.no\/#organization\"},\"potentialAction\":[{\"@type\":\"SearchAction\",\"target\":{\"@type\":\"EntryPoint\",\"urlTemplate\":\"https:\/\/www.eikholt.no\/?s={search_term_string}\"},\"query-input\":{\"@type\":\"PropertyValueSpecification\",\"valueRequired\":true,\"valueName\":\"search_term_string\"}}],\"inLanguage\":\"en-GB\"},{\"@type\":\"Organization\",\"@id\":\"https:\/\/www.eikholt.no\/#organization\",\"name\":\"Eikholt\",\"url\":\"https:\/\/www.eikholt.no\/\",\"logo\":{\"@type\":\"ImageObject\",\"inLanguage\":\"en-GB\",\"@id\":\"https:\/\/www.eikholt.no\/#\/schema\/logo\/image\/\",\"url\":\"https:\/\/www.eikholt.no\/app\/uploads\/2024\/04\/cropped-Logo-Eikholt-ny.jpg\",\"contentUrl\":\"https:\/\/www.eikholt.no\/app\/uploads\/2024\/04\/cropped-Logo-Eikholt-ny.jpg\",\"width\":419,\"height\":209,\"caption\":\"Eikholt\"},\"image\":{\"@id\":\"https:\/\/www.eikholt.no\/#\/schema\/logo\/image\/\"},\"sameAs\":[\"https:\/\/www.facebook.com\/eikholt.kompetansesenter\"]}]}<\/script>\n<!-- \/ Yoast SEO plugin. -->","yoast_head_json":{"title":"Good results from this year's user survey - Eikholt","robots":{"index":"index","follow":"follow","max-snippet":"max-snippet:-1","max-image-preview":"max-image-preview:large","max-video-preview":"max-video-preview:-1"},"canonical":"https:\/\/www.eikholt.no\/en\/good-results-from-this-years-user-survey\/","og_locale":"en_GB","og_type":"article","og_title":"Gode resultater fra \u00e5rets brukerunders\u00f8kelse - Eikholt","og_description":"M\u00e5let med brukerunders\u00f8kelsen er \u00e5 kartlegge kvalitet p\u00e5 tjenester gitt til brukere, omd\u00f8mme og hvor forn\u00f8yde brukerne er med Eikholt generelt. Datainnsamlingen ble hovedsakelig gjennomf\u00f8rt p\u00e5 web, men noen intervjuer ble ogs\u00e5 gjennomf\u00f8rt p\u00e5 telefon. P\u00e5 de aller fleste omr\u00e5dende viser \u00e5rets unders\u00f8kelse fortsatt sv\u00e6rt h\u00f8y tilfredshet. 88% av de som har svart, er enten","og_url":"https:\/\/www.eikholt.no\/en\/good-results-from-this-years-user-survey\/","og_site_name":"Eikholt","article_publisher":"https:\/\/www.facebook.com\/eikholt.kompetansesenter","article_modified_time":"2023-06-26T11:24:14+00:00","og_image":[{"url":"https:\/\/www.eikholt.no\/app\/uploads\/2023\/06\/BIlde-av-en-tenkende-figur-scaled-1-1024x478.jpeg","type":"","width":"","height":""}],"twitter_card":"summary_large_image","twitter_misc":{"Est. reading time":"2 minutes"},"schema":{"@context":"https:\/\/schema.org","@graph":[{"@type":"WebPage","@id":"https:\/\/www.eikholt.no\/gode-resultater-fra-arets-brukerundersokelse\/","url":"https:\/\/www.eikholt.no\/gode-resultater-fra-arets-brukerundersokelse\/","name":"Good results from this year's user survey - Eikholt","isPartOf":{"@id":"https:\/\/www.eikholt.no\/#website"},"primaryImageOfPage":{"@id":"https:\/\/www.eikholt.no\/gode-resultater-fra-arets-brukerundersokelse\/#primaryimage"},"image":{"@id":"https:\/\/www.eikholt.no\/gode-resultater-fra-arets-brukerundersokelse\/#primaryimage"},"thumbnailUrl":"https:\/\/www.eikholt.no\/app\/uploads\/2023\/06\/BIlde-av-en-tenkende-figur-scaled-1-1024x478.jpeg","datePublished":"2023-06-26T11:22:01+00:00","dateModified":"2023-06-26T11:24:14+00:00","breadcrumb":{"@id":"https:\/\/www.eikholt.no\/gode-resultater-fra-arets-brukerundersokelse\/#breadcrumb"},"inLanguage":"en-GB","potentialAction":[{"@type":"ReadAction","target":["https:\/\/www.eikholt.no\/gode-resultater-fra-arets-brukerundersokelse\/"]}]},{"@type":"ImageObject","inLanguage":"en-GB","@id":"https:\/\/www.eikholt.no\/gode-resultater-fra-arets-brukerundersokelse\/#primaryimage","url":"https:\/\/www.eikholt.no\/app\/uploads\/2023\/06\/BIlde-av-en-tenkende-figur-scaled-1-1024x478.jpeg","contentUrl":"https:\/\/www.eikholt.no\/app\/uploads\/2023\/06\/BIlde-av-en-tenkende-figur-scaled-1-1024x478.jpeg"},{"@type":"BreadcrumbList","@id":"https:\/\/www.eikholt.no\/gode-resultater-fra-arets-brukerundersokelse\/#breadcrumb","itemListElement":[{"@type":"ListItem","position":1,"name":"Forside","item":"https:\/\/www.eikholt.no\/"},{"@type":"ListItem","position":2,"name":"Gode resultater fra \u00e5rets brukerunders\u00f8kelse"}]},{"@type":"WebSite","@id":"https:\/\/www.eikholt.no\/#website","url":"https:\/\/www.eikholt.no\/","name":"Eikholt","description":"","publisher":{"@id":"https:\/\/www.eikholt.no\/#organization"},"potentialAction":[{"@type":"SearchAction","target":{"@type":"EntryPoint","urlTemplate":"https:\/\/www.eikholt.no\/?s={search_term_string}"},"query-input":{"@type":"PropertyValueSpecification","valueRequired":true,"valueName":"search_term_string"}}],"inLanguage":"en-GB"},{"@type":"Organization","@id":"https:\/\/www.eikholt.no\/#organization","name":"Eikholt","url":"https:\/\/www.eikholt.no\/","logo":{"@type":"ImageObject","inLanguage":"en-GB","@id":"https:\/\/www.eikholt.no\/#\/schema\/logo\/image\/","url":"https:\/\/www.eikholt.no\/app\/uploads\/2024\/04\/cropped-Logo-Eikholt-ny.jpg","contentUrl":"https:\/\/www.eikholt.no\/app\/uploads\/2024\/04\/cropped-Logo-Eikholt-ny.jpg","width":419,"height":209,"caption":"Eikholt"},"image":{"@id":"https:\/\/www.eikholt.no\/#\/schema\/logo\/image\/"},"sameAs":["https:\/\/www.facebook.com\/eikholt.kompetansesenter"]}]}},"_links":{"self":[{"href":"https:\/\/www.eikholt.no\/en\/wp-json\/wp\/v2\/pages\/1653","targetHints":{"allow":["GET"]}}],"collection":[{"href":"https:\/\/www.eikholt.no\/en\/wp-json\/wp\/v2\/pages"}],"about":[{"href":"https:\/\/www.eikholt.no\/en\/wp-json\/wp\/v2\/types\/page"}],"author":[{"embeddable":true,"href":"https:\/\/www.eikholt.no\/en\/wp-json\/wp\/v2\/users\/1"}],"replies":[{"embeddable":true,"href":"https:\/\/www.eikholt.no\/en\/wp-json\/wp\/v2\/comments?post=1653"}],"version-history":[{"count":5,"href":"https:\/\/www.eikholt.no\/en\/wp-json\/wp\/v2\/pages\/1653\/revisions"}],"predecessor-version":[{"id":1662,"href":"https:\/\/www.eikholt.no\/en\/wp-json\/wp\/v2\/pages\/1653\/revisions\/1662"}],"wp:attachment":[{"href":"https:\/\/www.eikholt.no\/en\/wp-json\/wp\/v2\/media?parent=1653"}],"curies":[{"name":"wp","href":"https:\/\/api.w.org\/{rel}","templated":true}]}}