{"id":1677,"date":"2023-06-26T11:50:01","date_gmt":"2023-06-26T11:50:01","guid":{"rendered":"https:\/\/www.eikholt.no\/?page_id=1677"},"modified":"2026-03-10T08:10:32","modified_gmt":"2026-03-10T08:10:32","slug":"of-the-clinic","status":"publish","type":"page","link":"https:\/\/www.eikholt.no\/en\/of-the-clinic\/","title":{"rendered":"AV clinic for vision and hearing assessment"},"content":{"rendered":"<figure class=\"wp-block-image size-large is-style-default\"><img loading=\"lazy\" decoding=\"async\" width=\"1024\" height=\"681\" src=\"https:\/\/www.eikholt.no\/app\/uploads\/2026\/02\/Utendors-horselsvurdering-1024x681.jpg\" alt=\"Two people are standing on a bridge. One person is wearing a roger pen, the other person is wearing glasses and a hearing aid.\" class=\"wp-image-5776\" srcset=\"https:\/\/www.eikholt.no\/app\/uploads\/2026\/02\/Utendors-horselsvurdering-1024x681.jpg 1024w, https:\/\/www.eikholt.no\/app\/uploads\/2026\/02\/Utendors-horselsvurdering-300x200.jpg 300w, https:\/\/www.eikholt.no\/app\/uploads\/2026\/02\/Utendors-horselsvurdering-768x511.jpg 768w, https:\/\/www.eikholt.no\/app\/uploads\/2026\/02\/Utendors-horselsvurdering-1536x1022.jpg 1536w, https:\/\/www.eikholt.no\/app\/uploads\/2026\/02\/Utendors-horselsvurdering-2048x1363.jpg 2048w, https:\/\/www.eikholt.no\/app\/uploads\/2026\/02\/Utendors-horselsvurdering-18x12.jpg 18w\" sizes=\"auto, (max-width: 1024px) 100vw, 1024px\" \/><\/figure>\n\n\n\n<h2 class=\"wp-block-heading\">Why does Eikholt have an AV clinic?<\/h2>\n\n\n\n<p>Sight and hearing are man's most important remote senses. When sight is impaired, we compensate with hearing, and when hearing is impaired, we compensate with sight. If both senses do not work well enough, problems arise that make it difficult to communicate, give and receive information, orientate and move around; these are important functions for coping with everyday life and being able to participate actively in society. <\/p>\n\n\n\n<p>The AV clinic is a word made up of the letters A and V, which stand for Audio = hearing and Visio = vision. At the AV clinic, there are unique opportunities to map and examine visual and hearing function in relation to the activities that the user wants to master. Emphasis is placed on the user gaining insight and knowledge about their sensory loss. The aim is for the user to be able to choose the best solutions for mastering challenges in daily life.<\/p>\n\n\n\n<p>We have chosen not to distinguish between congenital and acquired causes of visual and hearing impairment\/deafblindness. Instead, we focus on the individual's conditions and needs.<\/p>\n\n\n\n<p><strong>Here you can download our brochure <a href=\"https:\/\/www.eikholt.no\/en\/app\/uploads\/2023\/06\/of-brochure-v8-nkdb-pdf\/\">about the AV clinic<\/a><\/strong><\/p>\n\n\n\n<h2 class=\"wp-block-heading\">What happens in the AV clinic?<\/h2>\n\n\n\n<p>The main task is to map and optimise the functional<br>the conditions that combined sensory loss creates for everyone, regardless of who comes to us. This means that we need information about the diagnosis, previous treatments, what measures have been taken and what aids are in use.<\/p>\n\n\n\n<p>Before the first meeting in the AV clinic, we have had conversations with the user<br>and\/or carers about the life situation in general and the needs that<br>perceived as most important to meet. We listen to the user and take the user's<br>views seriously. This means that we put the user at the centre as<br>expert on your own life.<\/p>\n\n\n\n<p>The AV clinic is an arena for learning and coping. This requires that we take the time to get to know each other. A good conversation is made possible when the professional has knowledge of the user's need for facilitation in a conversation situation. At the AV clinic, we have various options for adapting the environment to facilitate good communication. This provides the basis for developing a secure relationship between the user, carer and professional.<\/p>\n\n\n\n<h2 class=\"wp-block-heading\">Mapping of needs<\/h2>\n\n\n\n<p>Mapping needs can be a laborious process, partly because the user does not necessarily know what options are available. It can also be a demanding task because the user's needs may be hidden and not readily available. This may mean that some activities are solved by others helping or taking over the tasks. Other important activities may be something the user has stopped doing because they are not aware of the available solutions.<\/p>\n\n\n\n<p>What we call the \"action horizon\" for the user will change as it becomes clearer what is possible to achieve. Needs are constantly changing. This is a consequence of developments both in the conditions around us, and with ourselves. <\/p>\n\n\n\n<p>Motivation and wishes may vary and change over time. This depends, among other things, on the information, knowledge and insight you have about your own situation and your combined visual and hearing impairment\/deafblindness.<\/p>\n\n\n\n<p>We respect the user's own judgements in the needs assessment and what should be the goals for our services. There is a lot of energy and important motivation in the user's own needs, wishes and goals. We believe it is the right approach to take these as a starting point. Through dialogue and process together with the professional assessments, the user's understanding of what is needed for these goals to be realised is built.<\/p>\n\n\n\n<p>Dialogue between the user and the professional(s) is important in order to gain insight into the user's priorities and expectations, as well as the existential, psychosocial, cognitive and practical prerequisites for a relevant rehabilitation process. The aim is to make the user more aware of their own situation and their own possibilities, value perception, wishes, priorities and needs.<\/p>\n\n\n\n<figure class=\"wp-block-image size-full\"><img loading=\"lazy\" decoding=\"async\" width=\"989\" height=\"988\" src=\"https:\/\/www.eikholt.no\/app\/uploads\/2023\/06\/Screenshot-2023-06-26-at-14.41.03.png\" alt=\"A child is being tested by an audiologist. The adult is wearing a hearing aid. The child is wearing earmuffs and holding an instrument with a button in their hand.\" class=\"wp-image-1692\" srcset=\"https:\/\/www.eikholt.no\/app\/uploads\/2023\/06\/Screenshot-2023-06-26-at-14.41.03.png 989w, https:\/\/www.eikholt.no\/app\/uploads\/2023\/06\/Screenshot-2023-06-26-at-14.41.03-300x300.png 300w, https:\/\/www.eikholt.no\/app\/uploads\/2023\/06\/Screenshot-2023-06-26-at-14.41.03-150x150.png 150w, https:\/\/www.eikholt.no\/app\/uploads\/2023\/06\/Screenshot-2023-06-26-at-14.41.03-768x767.png 768w, https:\/\/www.eikholt.no\/app\/uploads\/2023\/06\/Screenshot-2023-06-26-at-14.41.03-24x24.png 24w, https:\/\/www.eikholt.no\/app\/uploads\/2023\/06\/Screenshot-2023-06-26-at-14.41.03-48x48.png 48w, https:\/\/www.eikholt.no\/app\/uploads\/2023\/06\/Screenshot-2023-06-26-at-14.41.03-96x96.png 96w\" sizes=\"auto, (max-width: 989px) 100vw, 989px\" \/><\/figure>\n\n\n\n<h2 class=\"wp-block-heading\">Mapping of vision and hearing function<\/h2>\n\n\n\n<p>At the AV clinic, we have several opportunities to map functions and skills. We place great emphasis on visual and hearing function, which consists of many sub-functions. It is most common to use various standardised tests and equipment, but we can also gain knowledge about visual and hearing function through observation in an activity. In order to map the visual and hearing function of users of all ages, with different diagnoses and challenges, professionals with specialised expertise and who work interdisciplinary are required. That's what we have at Eikholt.<\/p>\n\n\n\n<p>Speech understanding is an \"audiovisual phenomenon\". In short, this means that what we perceive and how much we perceive in communication with others is a result of the interaction between sight and hearing. The brain uses information from both the eyes and the ears to keep up in a social situation. The outcome of rehabilitation is far better when both sensory potentials can be fully utilised.<\/p>\n\n\n\n<p>Insight and knowledge of one's own situation requires time, which is why mapping the<br>vision and hearing function take place over several days. A key objective is for the user to understand their own sensory function and how it is affected in different situations. This forms the basis for all choices of measures. User insight and understanding requires that time is set aside for explanation and learning as part of the assessment of visual and hearing function.<\/p>\n\n\n\n<h2 class=\"wp-block-heading\">Optimisation of vision and hearing function<\/h2>\n\n\n\n<p>Optimising vision and hearing function is always done in conjunction with a specific activity. Users come to Eikholt to learn important skills that they need in everyday life. For example, using a mobile phone, mobility training or practical cooking skills.<\/p>\n\n\n\n<p>An important part of optimisation is mapping the activities to be performed. What is needed in terms of light, contrast and magnification, and what about sound and acoustics, in order to be able to carry out these activities with optimal conditions for success?<\/p>\n\n\n\n<p>Examples of relevant measures to optimise the senses include testing and fitting hearing aids, special optics or other specific aids to improve the ability to carry out an activity and achieve the goals set by the user.<\/p>\n\n\n\n<p>The optimisation is based on both a mapping of the sensory functions and knowledge of the specific requirements of the activities. <\/p>\n\n\n\n<p>When visual and hearing impairments occur together, they reinforce each other. Having a holistic approach contributes to an understanding that often proves to be of great importance. In the AV clinic, work is interdisciplinary. Close co-operation between experts in vision and hearing is essential.<\/p>\n\n\n\n<figure class=\"wp-block-image size-large is-style-rounded\"><img loading=\"lazy\" decoding=\"async\" width=\"1021\" height=\"1024\" src=\"https:\/\/www.eikholt.no\/app\/uploads\/2023\/06\/Screenshot-2023-06-26-at-15.19.39-1021x1024.png\" alt=\"Feet, gravel and a mobility stick\" class=\"wp-image-1698\" srcset=\"https:\/\/www.eikholt.no\/app\/uploads\/2023\/06\/Screenshot-2023-06-26-at-15.19.39-1021x1024.png 1021w, https:\/\/www.eikholt.no\/app\/uploads\/2023\/06\/Screenshot-2023-06-26-at-15.19.39-300x300.png 300w, https:\/\/www.eikholt.no\/app\/uploads\/2023\/06\/Screenshot-2023-06-26-at-15.19.39-150x150.png 150w, https:\/\/www.eikholt.no\/app\/uploads\/2023\/06\/Screenshot-2023-06-26-at-15.19.39-768x770.png 768w, https:\/\/www.eikholt.no\/app\/uploads\/2023\/06\/Screenshot-2023-06-26-at-15.19.39-24x24.png 24w, https:\/\/www.eikholt.no\/app\/uploads\/2023\/06\/Screenshot-2023-06-26-at-15.19.39-48x48.png 48w, https:\/\/www.eikholt.no\/app\/uploads\/2023\/06\/Screenshot-2023-06-26-at-15.19.39-96x96.png 96w, https:\/\/www.eikholt.no\/app\/uploads\/2023\/06\/Screenshot-2023-06-26-at-15.19.39.png 1185w\" sizes=\"auto, (max-width: 1021px) 100vw, 1021px\" \/><\/figure>\n\n\n\n<p>But people are not just sight and sound. We are whole people with different skills, emotions and consciousness. That's why we also involve the other disciplines at Eikholt. This includes professionals with expertise in psychosocial, communication and Information and Communication Technology (ICT).<\/p>\n\n\n\n<p>For the user to achieve good insight and understanding, time must be set aside for explanation and learning while functions are being optimised. Eikholt delivers services to people with different conditions for participation. That's why we often use practical exercises to assess and optimise visual and hearing functions. This gives both the user and carers the opportunity to learn more about how vision and hearing work together and in different situations.<\/p>\n\n\n\n<p>At the AV clinic, we facilitate communication so that it works. Interpreters, sign language specialised staff and technical solutions for communication are part of this facilitation.<\/p>\n\n\n\n<p>Work in the AV clinic is often an integral part of various course programmes. Users can alternate between work in the course they are attending and new adjustments to vision and hearing aids in the AV clinic. The aim is always to ensure that people have the best possible conditions for success in their course work.<\/p>\n\n\n\n<h2 class=\"wp-block-heading\">Recommendations and implementation of measures<\/h2>\n\n\n\n<p>Once the mapping and optimisation have been completed, the professionals propose recommendations and measures together with the user. A plan with goals and milestones is then created. Training and measures can be carried out at Eikholt, at home or wherever it suits best, preferably in collaboration with local and regional services.<\/p>\n\n\n\n<p>The aim is for people to be able to participate as much as possible in society, in their own family and in their local community. Depending on where you are in life, it may be relevant to have measures at school, in the workplace or at home. Many of the users of Eikholt are offered services from several different services organised locally. Eikholt co-operates with local and regional services to ensure that goals and measures are followed up in the best possible way.<\/p>\n\n\n\n<p><strong>Follow-up of people with combined visual and hearing impairment must be seen in a lifecycle perspective.<\/strong><\/p>\n\n\n\n<figure class=\"wp-block-image size-large\"><img loading=\"lazy\" decoding=\"async\" width=\"1024\" height=\"1021\" src=\"https:\/\/www.eikholt.no\/app\/uploads\/2023\/06\/Screenshot-2023-06-26-at-15.21.14-1024x1021.png\" alt=\"Three people are walking on a wall. There are two adults and a child. They hold their hands out from their bodies and smile. Around them are grass and houses.\" class=\"wp-image-1701\" srcset=\"https:\/\/www.eikholt.no\/app\/uploads\/2023\/06\/Screenshot-2023-06-26-at-15.21.14-1024x1021.png 1024w, https:\/\/www.eikholt.no\/app\/uploads\/2023\/06\/Screenshot-2023-06-26-at-15.21.14-300x300.png 300w, https:\/\/www.eikholt.no\/app\/uploads\/2023\/06\/Screenshot-2023-06-26-at-15.21.14-150x150.png 150w, https:\/\/www.eikholt.no\/app\/uploads\/2023\/06\/Screenshot-2023-06-26-at-15.21.14-768x765.png 768w, https:\/\/www.eikholt.no\/app\/uploads\/2023\/06\/Screenshot-2023-06-26-at-15.21.14-24x24.png 24w, https:\/\/www.eikholt.no\/app\/uploads\/2023\/06\/Screenshot-2023-06-26-at-15.21.14-48x48.png 48w, https:\/\/www.eikholt.no\/app\/uploads\/2023\/06\/Screenshot-2023-06-26-at-15.21.14-96x96.png 96w, https:\/\/www.eikholt.no\/app\/uploads\/2023\/06\/Screenshot-2023-06-26-at-15.21.14.png 1187w\" sizes=\"auto, (max-width: 1024px) 100vw, 1024px\" \/><\/figure>\n\n\n\n<h2 class=\"wp-block-heading\"><strong>Do you have questions about combined visual and hearing impairment?<\/strong><\/h2>\n\n\n\n<p><a href=\"https:\/\/www.eikholt.no\/en\/contact-us\/\">Contact us - Eikholt<\/a><\/p>\n\n\n\n<h2 class=\"wp-block-heading\"><strong>Do you want courses?<\/strong>&nbsp;<\/h2>\n\n\n\n<p>You can find the form here:&nbsp;<a href=\"https:\/\/www.eikholt.no\/en\/application-form-for-individual-courses\/\" target=\"_blank\" rel=\"noreferrer noopener\">Enquiry individual course<\/a>The queen looked on with tears in her eyes as her daughter prepared to sail away.&nbsp;<\/p>\n\n\n\n<h2 class=\"wp-block-heading\">Read more<\/h2>\n\n\n\n<p><a href=\"https:\/\/www.dovblindhet.no\/aktuelt\/10-ar-med-av-klinikken-helhetlig-hjelp-ved-dovblindhet\/\">10 years with the AV clinic: Holistic help for deafblindness - Deafblindness<\/a><\/p>\n\n\n\n<p>Here you can download our brochure <a href=\"https:\/\/www.eikholt.no\/en\/app\/uploads\/2023\/06\/of-brochure-v8-nkdb-pdf\/\">about the AV clinic<\/a><\/p>","protected":false},"excerpt":{"rendered":"<p>Why does Eikholt have an AV clinic? Sight and hearing are humans' most important remote senses. When sight doesn't work, we compensate with hearing, and when hearing is impaired, we compensate with sight. If both senses don't work well enough, problems arise that make it difficult to communicate, give and receive information, orient oneself and move around; this<\/p>","protected":false},"author":2,"featured_media":5823,"parent":0,"menu_order":0,"comment_status":"closed","ping_status":"closed","template":"","meta":{"_acf_changed":false,"inline_featured_image":false,"ep_exclude_from_search":false,"footnotes":""},"class_list":["post-1677","page","type-page","status-publish","has-post-thumbnail","hentry"],"acf":[],"yoast_head":"<!-- This site is optimized with the Yoast SEO plugin v25.8 - https:\/\/yoast.com\/wordpress\/plugins\/seo\/ -->\n<title>AV-klinikk for kartlegging av syn og h\u00f8rsel - Eikholt<\/title>\n<meta name=\"description\" content=\"P\u00e5 AV-klinikken finnes det unike muligheter for \u00e5 kartlegge og unders\u00f8ke syns- og h\u00f8rselsfunksjon i aktiviteter som brukeren \u00f8nsker \u00e5 mestre.\" \/>\n<meta name=\"robots\" content=\"index, follow, max-snippet:-1, max-image-preview:large, max-video-preview:-1\" \/>\n<link rel=\"canonical\" href=\"https:\/\/www.eikholt.no\/en\/of-the-clinic\/\" \/>\n<meta property=\"og:locale\" content=\"en_GB\" \/>\n<meta property=\"og:type\" content=\"article\" \/>\n<meta property=\"og:title\" content=\"AV-klinikk for kartlegging av syn og h\u00f8rsel - Eikholt\" \/>\n<meta property=\"og:description\" content=\"P\u00e5 AV-klinikken finnes det unike muligheter for \u00e5 kartlegge og unders\u00f8ke syns- og h\u00f8rselsfunksjon i aktiviteter som brukeren \u00f8nsker \u00e5 mestre.\" \/>\n<meta property=\"og:url\" content=\"https:\/\/www.eikholt.no\/en\/of-the-clinic\/\" \/>\n<meta property=\"og:site_name\" content=\"Eikholt\" \/>\n<meta property=\"article:publisher\" content=\"https:\/\/www.facebook.com\/eikholt.kompetansesenter\" \/>\n<meta property=\"article:modified_time\" content=\"2026-03-10T08:10:32+00:00\" \/>\n<meta property=\"og:image\" content=\"https:\/\/www.eikholt.no\/app\/uploads\/2026\/02\/AV-klinikken-syn-hender-oyemodell-1024x681.jpg\" \/>\n\t<meta property=\"og:image:width\" content=\"1024\" \/>\n\t<meta property=\"og:image:height\" content=\"681\" \/>\n\t<meta property=\"og:image:type\" content=\"image\/jpeg\" \/>\n<meta name=\"twitter:card\" content=\"summary_large_image\" \/>\n<meta name=\"twitter:label1\" content=\"Est. reading time\" \/>\n\t<meta name=\"twitter:data1\" content=\"9 minutes\" \/>\n<script type=\"application\/ld+json\" class=\"yoast-schema-graph\">{\"@context\":\"https:\/\/schema.org\",\"@graph\":[{\"@type\":\"WebPage\",\"@id\":\"https:\/\/www.eikholt.no\/av-klinikken\/\",\"url\":\"https:\/\/www.eikholt.no\/av-klinikken\/\",\"name\":\"AV-klinikk for kartlegging av syn og h\u00f8rsel - Eikholt\",\"isPartOf\":{\"@id\":\"https:\/\/www.eikholt.no\/#website\"},\"primaryImageOfPage\":{\"@id\":\"https:\/\/www.eikholt.no\/av-klinikken\/#primaryimage\"},\"image\":{\"@id\":\"https:\/\/www.eikholt.no\/av-klinikken\/#primaryimage\"},\"thumbnailUrl\":\"https:\/\/www.eikholt.no\/app\/uploads\/2026\/02\/AV-klinikken-syn-hender-oyemodell.jpg\",\"datePublished\":\"2023-06-26T11:50:01+00:00\",\"dateModified\":\"2026-03-10T08:10:32+00:00\",\"description\":\"P\u00e5 AV-klinikken finnes det unike muligheter for \u00e5 kartlegge og unders\u00f8ke syns- og h\u00f8rselsfunksjon i aktiviteter som brukeren \u00f8nsker \u00e5 mestre.\",\"breadcrumb\":{\"@id\":\"https:\/\/www.eikholt.no\/av-klinikken\/#breadcrumb\"},\"inLanguage\":\"en-GB\",\"potentialAction\":[{\"@type\":\"ReadAction\",\"target\":[\"https:\/\/www.eikholt.no\/av-klinikken\/\"]}]},{\"@type\":\"ImageObject\",\"inLanguage\":\"en-GB\",\"@id\":\"https:\/\/www.eikholt.no\/av-klinikken\/#primaryimage\",\"url\":\"https:\/\/www.eikholt.no\/app\/uploads\/2026\/02\/AV-klinikken-syn-hender-oyemodell.jpg\",\"contentUrl\":\"https:\/\/www.eikholt.no\/app\/uploads\/2026\/02\/AV-klinikken-syn-hender-oyemodell.jpg\",\"width\":2400,\"height\":1597,\"caption\":\"Hender p\u00e5 et bord. Modellen av et \u00f8ye.\"},{\"@type\":\"BreadcrumbList\",\"@id\":\"https:\/\/www.eikholt.no\/av-klinikken\/#breadcrumb\",\"itemListElement\":[{\"@type\":\"ListItem\",\"position\":1,\"name\":\"Forside\",\"item\":\"https:\/\/www.eikholt.no\/\"},{\"@type\":\"ListItem\",\"position\":2,\"name\":\"AV-klinikk for kartlegging av syn og h\u00f8rsel\"}]},{\"@type\":\"WebSite\",\"@id\":\"https:\/\/www.eikholt.no\/#website\",\"url\":\"https:\/\/www.eikholt.no\/\",\"name\":\"Eikholt\",\"description\":\"\",\"publisher\":{\"@id\":\"https:\/\/www.eikholt.no\/#organization\"},\"potentialAction\":[{\"@type\":\"SearchAction\",\"target\":{\"@type\":\"EntryPoint\",\"urlTemplate\":\"https:\/\/www.eikholt.no\/?s={search_term_string}\"},\"query-input\":{\"@type\":\"PropertyValueSpecification\",\"valueRequired\":true,\"valueName\":\"search_term_string\"}}],\"inLanguage\":\"en-GB\"},{\"@type\":\"Organization\",\"@id\":\"https:\/\/www.eikholt.no\/#organization\",\"name\":\"Eikholt\",\"url\":\"https:\/\/www.eikholt.no\/\",\"logo\":{\"@type\":\"ImageObject\",\"inLanguage\":\"en-GB\",\"@id\":\"https:\/\/www.eikholt.no\/#\/schema\/logo\/image\/\",\"url\":\"https:\/\/www.eikholt.no\/app\/uploads\/2024\/04\/cropped-Logo-Eikholt-ny.jpg\",\"contentUrl\":\"https:\/\/www.eikholt.no\/app\/uploads\/2024\/04\/cropped-Logo-Eikholt-ny.jpg\",\"width\":419,\"height\":209,\"caption\":\"Eikholt\"},\"image\":{\"@id\":\"https:\/\/www.eikholt.no\/#\/schema\/logo\/image\/\"},\"sameAs\":[\"https:\/\/www.facebook.com\/eikholt.kompetansesenter\"]}]}<\/script>\n<!-- \/ Yoast SEO plugin. -->","yoast_head_json":{"title":"AV clinic for vision and hearing assessment - Eikholt","description":"At the AV clinic, there are unique opportunities to map and examine visual and hearing function in activities that the user wants to master.","robots":{"index":"index","follow":"follow","max-snippet":"max-snippet:-1","max-image-preview":"max-image-preview:large","max-video-preview":"max-video-preview:-1"},"canonical":"https:\/\/www.eikholt.no\/en\/of-the-clinic\/","og_locale":"en_GB","og_type":"article","og_title":"AV-klinikk for kartlegging av syn og h\u00f8rsel - Eikholt","og_description":"P\u00e5 AV-klinikken finnes det unike muligheter for \u00e5 kartlegge og unders\u00f8ke syns- og h\u00f8rselsfunksjon i aktiviteter som brukeren \u00f8nsker \u00e5 mestre.","og_url":"https:\/\/www.eikholt.no\/en\/of-the-clinic\/","og_site_name":"Eikholt","article_publisher":"https:\/\/www.facebook.com\/eikholt.kompetansesenter","article_modified_time":"2026-03-10T08:10:32+00:00","og_image":[{"width":1024,"height":681,"url":"https:\/\/www.eikholt.no\/app\/uploads\/2026\/02\/AV-klinikken-syn-hender-oyemodell-1024x681.jpg","type":"image\/jpeg"}],"twitter_card":"summary_large_image","twitter_misc":{"Est. reading time":"9 minutes"},"schema":{"@context":"https:\/\/schema.org","@graph":[{"@type":"WebPage","@id":"https:\/\/www.eikholt.no\/av-klinikken\/","url":"https:\/\/www.eikholt.no\/av-klinikken\/","name":"AV clinic for vision and hearing assessment - Eikholt","isPartOf":{"@id":"https:\/\/www.eikholt.no\/#website"},"primaryImageOfPage":{"@id":"https:\/\/www.eikholt.no\/av-klinikken\/#primaryimage"},"image":{"@id":"https:\/\/www.eikholt.no\/av-klinikken\/#primaryimage"},"thumbnailUrl":"https:\/\/www.eikholt.no\/app\/uploads\/2026\/02\/AV-klinikken-syn-hender-oyemodell.jpg","datePublished":"2023-06-26T11:50:01+00:00","dateModified":"2026-03-10T08:10:32+00:00","description":"At the AV clinic, there are unique opportunities to map and examine visual and hearing function in activities that the user wants to master.","breadcrumb":{"@id":"https:\/\/www.eikholt.no\/av-klinikken\/#breadcrumb"},"inLanguage":"en-GB","potentialAction":[{"@type":"ReadAction","target":["https:\/\/www.eikholt.no\/av-klinikken\/"]}]},{"@type":"ImageObject","inLanguage":"en-GB","@id":"https:\/\/www.eikholt.no\/av-klinikken\/#primaryimage","url":"https:\/\/www.eikholt.no\/app\/uploads\/2026\/02\/AV-klinikken-syn-hender-oyemodell.jpg","contentUrl":"https:\/\/www.eikholt.no\/app\/uploads\/2026\/02\/AV-klinikken-syn-hender-oyemodell.jpg","width":2400,"height":1597,"caption":"Hender p\u00e5 et bord. Modellen av et \u00f8ye."},{"@type":"BreadcrumbList","@id":"https:\/\/www.eikholt.no\/av-klinikken\/#breadcrumb","itemListElement":[{"@type":"ListItem","position":1,"name":"Forside","item":"https:\/\/www.eikholt.no\/"},{"@type":"ListItem","position":2,"name":"AV-klinikk for kartlegging av syn og h\u00f8rsel"}]},{"@type":"WebSite","@id":"https:\/\/www.eikholt.no\/#website","url":"https:\/\/www.eikholt.no\/","name":"Eikholt","description":"","publisher":{"@id":"https:\/\/www.eikholt.no\/#organization"},"potentialAction":[{"@type":"SearchAction","target":{"@type":"EntryPoint","urlTemplate":"https:\/\/www.eikholt.no\/?s={search_term_string}"},"query-input":{"@type":"PropertyValueSpecification","valueRequired":true,"valueName":"search_term_string"}}],"inLanguage":"en-GB"},{"@type":"Organization","@id":"https:\/\/www.eikholt.no\/#organization","name":"Eikholt","url":"https:\/\/www.eikholt.no\/","logo":{"@type":"ImageObject","inLanguage":"en-GB","@id":"https:\/\/www.eikholt.no\/#\/schema\/logo\/image\/","url":"https:\/\/www.eikholt.no\/app\/uploads\/2024\/04\/cropped-Logo-Eikholt-ny.jpg","contentUrl":"https:\/\/www.eikholt.no\/app\/uploads\/2024\/04\/cropped-Logo-Eikholt-ny.jpg","width":419,"height":209,"caption":"Eikholt"},"image":{"@id":"https:\/\/www.eikholt.no\/#\/schema\/logo\/image\/"},"sameAs":["https:\/\/www.facebook.com\/eikholt.kompetansesenter"]}]}},"_links":{"self":[{"href":"https:\/\/www.eikholt.no\/en\/wp-json\/wp\/v2\/pages\/1677","targetHints":{"allow":["GET"]}}],"collection":[{"href":"https:\/\/www.eikholt.no\/en\/wp-json\/wp\/v2\/pages"}],"about":[{"href":"https:\/\/www.eikholt.no\/en\/wp-json\/wp\/v2\/types\/page"}],"author":[{"embeddable":true,"href":"https:\/\/www.eikholt.no\/en\/wp-json\/wp\/v2\/users\/2"}],"replies":[{"embeddable":true,"href":"https:\/\/www.eikholt.no\/en\/wp-json\/wp\/v2\/comments?post=1677"}],"version-history":[{"count":16,"href":"https:\/\/www.eikholt.no\/en\/wp-json\/wp\/v2\/pages\/1677\/revisions"}],"predecessor-version":[{"id":5883,"href":"https:\/\/www.eikholt.no\/en\/wp-json\/wp\/v2\/pages\/1677\/revisions\/5883"}],"wp:featuredmedia":[{"embeddable":true,"href":"https:\/\/www.eikholt.no\/en\/wp-json\/wp\/v2\/media\/5823"}],"wp:attachment":[{"href":"https:\/\/www.eikholt.no\/en\/wp-json\/wp\/v2\/media?parent=1677"}],"curies":[{"name":"wp","href":"https:\/\/api.w.org\/{rel}","templated":true}]}}