{"id":2060,"date":"2025-09-30T08:47:35","date_gmt":"2025-09-30T08:47:35","guid":{"rendered":"https:\/\/www.eikholt.no\/?page_id=2060"},"modified":"2025-10-03T06:09:44","modified_gmt":"2025-10-03T06:09:44","slug":"course-catalogue-2026","status":"publish","type":"page","link":"https:\/\/www.eikholt.no\/en\/course-catalogue-2026\/","title":{"rendered":"Course catalogue 2026"},"content":{"rendered":"<h2 class=\"wp-block-heading\">What is Eikholt?<\/h2>\n\n\n\n<p>Eikholt is a national resource centre for people with combined visual and hearing impairment\/deafblindness. We offer courses both in groups and individually, and we are also a meeting place that promotes safety, expertise and creativity.<\/p>\n\n\n\n<p><strong>Safe, Competent, Creative - welcome to the Eikholt course<\/strong>!<\/p>\n\n\n\n<figure class=\"wp-block-image size-full\"><img loading=\"lazy\" decoding=\"async\" width=\"971\" height=\"986\" src=\"https:\/\/www.eikholt.no\/app\/uploads\/2025\/09\/Karianne-forside-Kurskatalog-2026-1.jpg\" alt=\"\" class=\"wp-image-5143\" srcset=\"https:\/\/www.eikholt.no\/app\/uploads\/2025\/09\/Karianne-forside-Kurskatalog-2026-1.jpg 971w, https:\/\/www.eikholt.no\/app\/uploads\/2025\/09\/Karianne-forside-Kurskatalog-2026-1-295x300.jpg 295w, https:\/\/www.eikholt.no\/app\/uploads\/2025\/09\/Karianne-forside-Kurskatalog-2026-1-768x780.jpg 768w, https:\/\/www.eikholt.no\/app\/uploads\/2025\/09\/Karianne-forside-Kurskatalog-2026-1-12x12.jpg 12w, https:\/\/www.eikholt.no\/app\/uploads\/2025\/09\/Karianne-forside-Kurskatalog-2026-1-24x24.jpg 24w, https:\/\/www.eikholt.no\/app\/uploads\/2025\/09\/Karianne-forside-Kurskatalog-2026-1-48x48.jpg 48w, https:\/\/www.eikholt.no\/app\/uploads\/2025\/09\/Karianne-forside-Kurskatalog-2026-1-96x96.jpg 96w\" sizes=\"auto, (max-width: 971px) 100vw, 971px\" \/><\/figure>\n\n\n\n<p><\/p>\n\n\n\n<h2 class=\"wp-block-heading\">Courses for whom?<\/h2>\n\n\n\n<p>This catalogue describes group courses for people with combined visual and hearing impairment\/deafblindness, their carers and professionals.<\/p>\n\n\n\n<h2 class=\"wp-block-heading\">What does the course catalogue contain?<\/h2>\n\n\n\n<p>The course catalogue for 2026 provides an overview of group courses arranged at Eikholt. The courses are designed to provide professional refreshment, support in everyday life and the opportunity to meet others in similar life situations. Many people find that good conversations, strong communities and lasting friendships emerge. <\/p>\n\n\n\n<p>This is what makes the Eikholt courses so special.<\/p>\n\n\n\n<h2 class=\"wp-block-heading\">How do I get the course catalogue?<\/h2>\n\n\n\n<p>The catalogue is automatically sent to everyone who has attended a course with us over the past five years. If you have indicated that you want material from us in punkt, you will also receive the course catalogue in punkt. <\/p>\n\n\n\n<h3 class=\"wp-block-heading\">Download the course catalogue<\/h3>\n\n\n\n<p>You can also download the course catalogue for 2026 here:<\/p>\n\n\n\n<ul class=\"wp-block-list\">\n<li><strong>Download this page <\/strong><a href=\"https:\/\/www.eikholt.no\/en\/app\/uploads\/2025\/09\/eikholt-course-catalogue-2026-1-docx\/\" target=\"_blank\" rel=\"noreferrer noopener\"><strong>Course catalogue in word format<\/strong> <\/a>(opens in a new window)<\/li>\n\n\n\n<li><strong>Download this page <a href=\"https:\/\/www.eikholt.no\/en\/app\/uploads\/2025\/09\/eikholt-course-catalogue-2026-1-pdf\/\" target=\"_blank\" rel=\"noreferrer noopener\">Course catalogue in PDF format without images <\/a><\/strong>(opens in a new window)<\/li>\n\n\n\n<li><strong>Download this page <a href=\"https:\/\/www.eikholt.no\/en\/app\/uploads\/2025\/10\/eikholt-kurskatalog-2026.pdf\/\" target=\"_blank\" rel=\"noreferrer noopener\">Course catalogue in PDF format with images<\/a> <\/strong>(opens in a new window)<\/li>\n<\/ul>\n\n\n\n<h2 class=\"wp-block-heading\">Have you not received the course catalogue?<\/h2>\n\n\n\n<figure class=\"wp-block-image size-large\"><img loading=\"lazy\" decoding=\"async\" width=\"768\" height=\"1024\" src=\"https:\/\/www.eikholt.no\/app\/uploads\/2025\/09\/Linus-og-Ludvig-jobber-med-a-pakke-kurskatalog-i-hostferien-1-768x1024.jpg\" alt=\"Two boys are sitting with a catalogue and an envelope in their hands. There are stacks of envelopes on a table.\" class=\"wp-image-5115\" style=\"aspect-ratio:4\/3;object-fit:cover\" srcset=\"https:\/\/www.eikholt.no\/app\/uploads\/2025\/09\/Linus-og-Ludvig-jobber-med-a-pakke-kurskatalog-i-hostferien-1-768x1024.jpg 768w, https:\/\/www.eikholt.no\/app\/uploads\/2025\/09\/Linus-og-Ludvig-jobber-med-a-pakke-kurskatalog-i-hostferien-1-225x300.jpg 225w, https:\/\/www.eikholt.no\/app\/uploads\/2025\/09\/Linus-og-Ludvig-jobber-med-a-pakke-kurskatalog-i-hostferien-1-1152x1536.jpg 1152w, https:\/\/www.eikholt.no\/app\/uploads\/2025\/09\/Linus-og-Ludvig-jobber-med-a-pakke-kurskatalog-i-hostferien-1-1536x2048.jpg 1536w, https:\/\/www.eikholt.no\/app\/uploads\/2025\/09\/Linus-og-Ludvig-jobber-med-a-pakke-kurskatalog-i-hostferien-1-9x12.jpg 9w, https:\/\/www.eikholt.no\/app\/uploads\/2025\/09\/Linus-og-Ludvig-jobber-med-a-pakke-kurskatalog-i-hostferien-1-scaled.jpg 1920w\" sizes=\"auto, (max-width: 768px) 100vw, 768px\" \/><figcaption class=\"wp-element-caption\">Photo: Linus and Ludvig packing catalogues for dispatch<\/figcaption><\/figure>\n\n\n\n<p>If you have not received the catalogue by mid-October, please contact us. Please state which version you would like (printed catalogue with images, plain text, PDF or point), and remember to include your postal address.<\/p>\n\n\n\n<ul class=\"wp-block-list\">\n<li>Email: <a href=\"mailto:post@eikholt.no\"><strong>post@eikholt.no<\/strong><\/a><\/li>\n\n\n\n<li>Phone or SMS:&nbsp;<a href=\"http:\/\/45%2061%2044%2004\/\"><strong>45 61 44 04<\/strong><\/a><\/li>\n<\/ul>\n\n\n\n<h2 class=\"wp-block-heading\">Do you want to apply for a course?<\/h2>\n\n\n\n<p>Apply for a group course:&nbsp;<a href=\"https:\/\/www.eikholt.no\/en\/course\/\"><strong>group course&nbsp;<\/strong><\/a><\/p>\n\n\n\n<p>Apply for an individual course:&nbsp;<strong><a href=\"https:\/\/www.eikholt.no\/en\/application-form-for-individual-courses\/\" target=\"_blank\" rel=\"noreferrer noopener\">Enquiry individual course<\/a>The queen looked on with tears in her eyes as her daughter prepared to sail away.&nbsp;<\/strong><\/p>\n\n\n\n<h2 class=\"wp-block-heading\">Want to know more about Eikholt?<\/h2>\n\n\n\n<p>You can download the app <em>Go info screen <\/em>i <em>App Store<\/em> or <em>Google Play.<\/em><\/p>\n\n\n\n<p>Use the code&nbsp;<strong>Eikholt80<\/strong><\/p>\n\n\n\n<figure class=\"wp-block-image\"><img loading=\"lazy\" decoding=\"async\" width=\"231\" height=\"300\" src=\"https:\/\/www.eikholt.no\/app\/uploads\/2024\/03\/My_App-1-231x300.png\" alt=\"\" class=\"wp-image-2599\" srcset=\"https:\/\/www.eikholt.no\/app\/uploads\/2024\/03\/My_App-1-231x300.png 231w, https:\/\/www.eikholt.no\/app\/uploads\/2024\/03\/My_App-1-790x1024.png 790w, https:\/\/www.eikholt.no\/app\/uploads\/2024\/03\/My_App-1-768x996.png 768w, https:\/\/www.eikholt.no\/app\/uploads\/2024\/03\/My_App-1-1185x1536.png 1185w, https:\/\/www.eikholt.no\/app\/uploads\/2024\/03\/My_App-1-1580x2048.png 1580w\" sizes=\"auto, (max-width: 231px) 100vw, 231px\" \/><\/figure>\n\n\n\n<p><\/p>","protected":false},"excerpt":{"rendered":"<p>Hva er Eikholt? Eikholt er et nasjonalt ressurssenter for personer med kombinert syns- og h\u00f8rselsnedsettelse\/d\u00f8vblindhet. Vi tilbyr kurs b\u00e5de i grupper og individuelt, og er ogs\u00e5 en m\u00f8teplass som fremmer trygghet, kompetanse og skaperglede. Trygg, Kompetent, Skapende \u2013 velkommen til kurs p\u00e5 Eikholt! Kurs for hvem? Denne katalogen beskriver gruppekurs for deg med kombinert syns-<\/p>","protected":false},"author":2,"featured_media":0,"parent":0,"menu_order":0,"comment_status":"closed","ping_status":"closed","template":"","meta":{"_acf_changed":false,"inline_featured_image":false,"ep_exclude_from_search":false,"footnotes":""},"class_list":["post-2060","page","type-page","status-publish","hentry"],"acf":[],"yoast_head":"<!-- This site is optimized with the Yoast SEO plugin v25.8 - https:\/\/yoast.com\/wordpress\/plugins\/seo\/ -->\n<title>Kurskatalog 2026 - Eikholt<\/title>\n<meta name=\"description\" content=\"Kurskatalogen fra Eikholt beskriver gruppekurs for personer med kombinert syns- og h\u00f8rselsnedsettelse\/d\u00f8vblindhet, og deres n\u00e6rpersoner. Last ned kurskatalogen her, eller bestill i \u00f8nsket format ved \u00e5 ta kontakt med oss.\" \/>\n<meta name=\"robots\" content=\"index, follow, max-snippet:-1, max-image-preview:large, max-video-preview:-1\" \/>\n<link rel=\"canonical\" href=\"https:\/\/www.eikholt.no\/en\/course-catalogue-2026\/\" \/>\n<meta property=\"og:locale\" content=\"en_GB\" \/>\n<meta property=\"og:type\" content=\"article\" \/>\n<meta property=\"og:title\" content=\"Kurskatalog 2026 - Eikholt\" \/>\n<meta property=\"og:description\" content=\"Kurskatalogen fra Eikholt beskriver gruppekurs for personer med kombinert syns- og h\u00f8rselsnedsettelse\/d\u00f8vblindhet, og deres n\u00e6rpersoner. Last ned kurskatalogen her, eller bestill i \u00f8nsket format ved \u00e5 ta kontakt med oss.\" \/>\n<meta property=\"og:url\" content=\"https:\/\/www.eikholt.no\/en\/course-catalogue-2026\/\" \/>\n<meta property=\"og:site_name\" content=\"Eikholt\" \/>\n<meta property=\"article:publisher\" content=\"https:\/\/www.facebook.com\/eikholt.kompetansesenter\" \/>\n<meta property=\"article:modified_time\" content=\"2025-10-03T06:09:44+00:00\" \/>\n<meta property=\"og:image\" content=\"https:\/\/www.eikholt.no\/app\/uploads\/2025\/09\/Karianne-forside-Kurskatalog-2026-1.jpg\" \/>\n\t<meta property=\"og:image:width\" content=\"971\" \/>\n\t<meta property=\"og:image:height\" content=\"986\" \/>\n\t<meta property=\"og:image:type\" content=\"image\/jpeg\" \/>\n<meta name=\"twitter:card\" content=\"summary_large_image\" \/>\n<meta name=\"twitter:label1\" content=\"Est. reading time\" \/>\n\t<meta name=\"twitter:data1\" content=\"3 minutes\" \/>\n<script type=\"application\/ld+json\" class=\"yoast-schema-graph\">{\"@context\":\"https:\/\/schema.org\",\"@graph\":[{\"@type\":\"WebPage\",\"@id\":\"https:\/\/www.eikholt.no\/kurskatalog-2026\/\",\"url\":\"https:\/\/www.eikholt.no\/kurskatalog-2026\/\",\"name\":\"Kurskatalog 2026 - Eikholt\",\"isPartOf\":{\"@id\":\"https:\/\/www.eikholt.no\/#website\"},\"primaryImageOfPage\":{\"@id\":\"https:\/\/www.eikholt.no\/kurskatalog-2026\/#primaryimage\"},\"image\":{\"@id\":\"https:\/\/www.eikholt.no\/kurskatalog-2026\/#primaryimage\"},\"thumbnailUrl\":\"https:\/\/www.eikholt.no\/app\/uploads\/2025\/09\/Karianne-forside-Kurskatalog-2026-1.jpg\",\"datePublished\":\"2025-09-30T08:47:35+00:00\",\"dateModified\":\"2025-10-03T06:09:44+00:00\",\"description\":\"Kurskatalogen fra Eikholt beskriver gruppekurs for personer med kombinert syns- og h\u00f8rselsnedsettelse\/d\u00f8vblindhet, og deres n\u00e6rpersoner. Last ned kurskatalogen her, eller bestill i \u00f8nsket format ved \u00e5 ta kontakt med oss.\",\"breadcrumb\":{\"@id\":\"https:\/\/www.eikholt.no\/kurskatalog-2026\/#breadcrumb\"},\"inLanguage\":\"en-GB\",\"potentialAction\":[{\"@type\":\"ReadAction\",\"target\":[\"https:\/\/www.eikholt.no\/kurskatalog-2026\/\"]}]},{\"@type\":\"ImageObject\",\"inLanguage\":\"en-GB\",\"@id\":\"https:\/\/www.eikholt.no\/kurskatalog-2026\/#primaryimage\",\"url\":\"https:\/\/www.eikholt.no\/app\/uploads\/2025\/09\/Karianne-forside-Kurskatalog-2026-1.jpg\",\"contentUrl\":\"https:\/\/www.eikholt.no\/app\/uploads\/2025\/09\/Karianne-forside-Kurskatalog-2026-1.jpg\"},{\"@type\":\"BreadcrumbList\",\"@id\":\"https:\/\/www.eikholt.no\/kurskatalog-2026\/#breadcrumb\",\"itemListElement\":[{\"@type\":\"ListItem\",\"position\":1,\"name\":\"Forside\",\"item\":\"https:\/\/www.eikholt.no\/\"},{\"@type\":\"ListItem\",\"position\":2,\"name\":\"Kurskatalog 2026\"}]},{\"@type\":\"WebSite\",\"@id\":\"https:\/\/www.eikholt.no\/#website\",\"url\":\"https:\/\/www.eikholt.no\/\",\"name\":\"Eikholt\",\"description\":\"\",\"publisher\":{\"@id\":\"https:\/\/www.eikholt.no\/#organization\"},\"potentialAction\":[{\"@type\":\"SearchAction\",\"target\":{\"@type\":\"EntryPoint\",\"urlTemplate\":\"https:\/\/www.eikholt.no\/?s={search_term_string}\"},\"query-input\":{\"@type\":\"PropertyValueSpecification\",\"valueRequired\":true,\"valueName\":\"search_term_string\"}}],\"inLanguage\":\"en-GB\"},{\"@type\":\"Organization\",\"@id\":\"https:\/\/www.eikholt.no\/#organization\",\"name\":\"Eikholt\",\"url\":\"https:\/\/www.eikholt.no\/\",\"logo\":{\"@type\":\"ImageObject\",\"inLanguage\":\"en-GB\",\"@id\":\"https:\/\/www.eikholt.no\/#\/schema\/logo\/image\/\",\"url\":\"https:\/\/www.eikholt.no\/app\/uploads\/2024\/04\/cropped-Logo-Eikholt-ny.jpg\",\"contentUrl\":\"https:\/\/www.eikholt.no\/app\/uploads\/2024\/04\/cropped-Logo-Eikholt-ny.jpg\",\"width\":419,\"height\":209,\"caption\":\"Eikholt\"},\"image\":{\"@id\":\"https:\/\/www.eikholt.no\/#\/schema\/logo\/image\/\"},\"sameAs\":[\"https:\/\/www.facebook.com\/eikholt.kompetansesenter\"]}]}<\/script>\n<!-- \/ Yoast SEO plugin. -->","yoast_head_json":{"title":"Course catalogue 2026 - Eikholt","description":"The course catalogue from Eikholt describes group courses for people with combined visual and hearing impairment\/deafblindness and their carers. Download the course catalogue here, or order in the desired format by contacting us.","robots":{"index":"index","follow":"follow","max-snippet":"max-snippet:-1","max-image-preview":"max-image-preview:large","max-video-preview":"max-video-preview:-1"},"canonical":"https:\/\/www.eikholt.no\/en\/course-catalogue-2026\/","og_locale":"en_GB","og_type":"article","og_title":"Kurskatalog 2026 - Eikholt","og_description":"Kurskatalogen fra Eikholt beskriver gruppekurs for personer med kombinert syns- og h\u00f8rselsnedsettelse\/d\u00f8vblindhet, og deres n\u00e6rpersoner. Last ned kurskatalogen her, eller bestill i \u00f8nsket format ved \u00e5 ta kontakt med oss.","og_url":"https:\/\/www.eikholt.no\/en\/course-catalogue-2026\/","og_site_name":"Eikholt","article_publisher":"https:\/\/www.facebook.com\/eikholt.kompetansesenter","article_modified_time":"2025-10-03T06:09:44+00:00","og_image":[{"width":971,"height":986,"url":"https:\/\/www.eikholt.no\/app\/uploads\/2025\/09\/Karianne-forside-Kurskatalog-2026-1.jpg","type":"image\/jpeg"}],"twitter_card":"summary_large_image","twitter_misc":{"Est. reading time":"3 minutes"},"schema":{"@context":"https:\/\/schema.org","@graph":[{"@type":"WebPage","@id":"https:\/\/www.eikholt.no\/kurskatalog-2026\/","url":"https:\/\/www.eikholt.no\/kurskatalog-2026\/","name":"Course catalogue 2026 - Eikholt","isPartOf":{"@id":"https:\/\/www.eikholt.no\/#website"},"primaryImageOfPage":{"@id":"https:\/\/www.eikholt.no\/kurskatalog-2026\/#primaryimage"},"image":{"@id":"https:\/\/www.eikholt.no\/kurskatalog-2026\/#primaryimage"},"thumbnailUrl":"https:\/\/www.eikholt.no\/app\/uploads\/2025\/09\/Karianne-forside-Kurskatalog-2026-1.jpg","datePublished":"2025-09-30T08:47:35+00:00","dateModified":"2025-10-03T06:09:44+00:00","description":"The course catalogue from Eikholt describes group courses for people with combined visual and hearing impairment\/deafblindness and their carers. Download the course catalogue here, or order in the desired format by contacting us.","breadcrumb":{"@id":"https:\/\/www.eikholt.no\/kurskatalog-2026\/#breadcrumb"},"inLanguage":"en-GB","potentialAction":[{"@type":"ReadAction","target":["https:\/\/www.eikholt.no\/kurskatalog-2026\/"]}]},{"@type":"ImageObject","inLanguage":"en-GB","@id":"https:\/\/www.eikholt.no\/kurskatalog-2026\/#primaryimage","url":"https:\/\/www.eikholt.no\/app\/uploads\/2025\/09\/Karianne-forside-Kurskatalog-2026-1.jpg","contentUrl":"https:\/\/www.eikholt.no\/app\/uploads\/2025\/09\/Karianne-forside-Kurskatalog-2026-1.jpg"},{"@type":"BreadcrumbList","@id":"https:\/\/www.eikholt.no\/kurskatalog-2026\/#breadcrumb","itemListElement":[{"@type":"ListItem","position":1,"name":"Forside","item":"https:\/\/www.eikholt.no\/"},{"@type":"ListItem","position":2,"name":"Kurskatalog 2026"}]},{"@type":"WebSite","@id":"https:\/\/www.eikholt.no\/#website","url":"https:\/\/www.eikholt.no\/","name":"Eikholt","description":"","publisher":{"@id":"https:\/\/www.eikholt.no\/#organization"},"potentialAction":[{"@type":"SearchAction","target":{"@type":"EntryPoint","urlTemplate":"https:\/\/www.eikholt.no\/?s={search_term_string}"},"query-input":{"@type":"PropertyValueSpecification","valueRequired":true,"valueName":"search_term_string"}}],"inLanguage":"en-GB"},{"@type":"Organization","@id":"https:\/\/www.eikholt.no\/#organization","name":"Eikholt","url":"https:\/\/www.eikholt.no\/","logo":{"@type":"ImageObject","inLanguage":"en-GB","@id":"https:\/\/www.eikholt.no\/#\/schema\/logo\/image\/","url":"https:\/\/www.eikholt.no\/app\/uploads\/2024\/04\/cropped-Logo-Eikholt-ny.jpg","contentUrl":"https:\/\/www.eikholt.no\/app\/uploads\/2024\/04\/cropped-Logo-Eikholt-ny.jpg","width":419,"height":209,"caption":"Eikholt"},"image":{"@id":"https:\/\/www.eikholt.no\/#\/schema\/logo\/image\/"},"sameAs":["https:\/\/www.facebook.com\/eikholt.kompetansesenter"]}]}},"_links":{"self":[{"href":"https:\/\/www.eikholt.no\/en\/wp-json\/wp\/v2\/pages\/2060","targetHints":{"allow":["GET"]}}],"collection":[{"href":"https:\/\/www.eikholt.no\/en\/wp-json\/wp\/v2\/pages"}],"about":[{"href":"https:\/\/www.eikholt.no\/en\/wp-json\/wp\/v2\/types\/page"}],"author":[{"embeddable":true,"href":"https:\/\/www.eikholt.no\/en\/wp-json\/wp\/v2\/users\/2"}],"replies":[{"embeddable":true,"href":"https:\/\/www.eikholt.no\/en\/wp-json\/wp\/v2\/comments?post=2060"}],"version-history":[{"count":31,"href":"https:\/\/www.eikholt.no\/en\/wp-json\/wp\/v2\/pages\/2060\/revisions"}],"predecessor-version":[{"id":5193,"href":"https:\/\/www.eikholt.no\/en\/wp-json\/wp\/v2\/pages\/2060\/revisions\/5193"}],"wp:attachment":[{"href":"https:\/\/www.eikholt.no\/en\/wp-json\/wp\/v2\/media?parent=2060"}],"curies":[{"name":"wp","href":"https:\/\/api.w.org\/{rel}","templated":true}]}}