{"id":4308,"date":"2025-02-21T12:52:51","date_gmt":"2025-02-21T12:52:51","guid":{"rendered":"https:\/\/www.eikholt.no\/?page_id=4308"},"modified":"2025-06-19T08:28:53","modified_gmt":"2025-06-19T08:28:53","slug":"eikholt-has-an-app-with-information-for-those-travelling-to-eikholt","status":"publish","type":"page","link":"https:\/\/www.eikholt.no\/en\/eikholt-has-an-app-with-information-for-those-travelling-to-eikholt\/","title":{"rendered":"App with information for those travelling to Eikholt"},"content":{"rendered":"<p>Are you a course participant, carer, interpreter or course teacher? In the app, you'll find everything you need to know about coming to Eikholt and being with us.<\/p>\n\n\n\n<p>All group courses have their own page (channel) with information. Read the programme for the course, review notes from the course teacher when you get home from the course, and much, much more.<\/p>\n\n\n\n<figure class=\"wp-block-image size-large\"><img loading=\"lazy\" decoding=\"async\" width=\"1024\" height=\"939\" src=\"https:\/\/www.eikholt.no\/app\/uploads\/2025\/02\/IMG_0742-1-1024x939.jpg\" alt=\"\" class=\"wp-image-4316\" srcset=\"https:\/\/www.eikholt.no\/app\/uploads\/2025\/02\/IMG_0742-1-1024x939.jpg 1024w, https:\/\/www.eikholt.no\/app\/uploads\/2025\/02\/IMG_0742-1-300x275.jpg 300w, https:\/\/www.eikholt.no\/app\/uploads\/2025\/02\/IMG_0742-1-768x704.jpg 768w, https:\/\/www.eikholt.no\/app\/uploads\/2025\/02\/IMG_0742-1.jpg 1158w\" sizes=\"auto, (max-width: 1024px) 100vw, 1024px\" \/><figcaption class=\"wp-element-caption\">Image of opening image in the app when sharing code <strong>Eikholt80<\/strong> is added<\/figcaption><\/figure>\n\n\n\n<h2 class=\"wp-block-heading\">How to find the app<\/h2>\n\n\n\n<p>Here's a step-by-step guide on how to get the app:<\/p>\n\n\n\n<ul class=\"wp-block-list\">\n<li>Download the app from <a href=\"https:\/\/nor01.safelinks.protection.outlook.com\/?url=https%3A%2F%2Fapps.apple.com%2Fno%2Fapp%2Fpintomind-go%2Fid1212861981%3Fl%3Dnb&amp;data=05%7C02%7Ctanja.teigum%40eikholt.no%7C376e5859e9544e55751a08dd12d53763%7Cac2ebaea36bf4ff6a815261051bcd014%7C0%7C0%7C638687429142606400%7CUnknown%7CTWFpbGZsb3d8eyJFbXB0eU1hcGkiOnRydWUsIlYiOiIwLjAuMDAwMCIsIlAiOiJXaW4zMiIsIkFOIjoiTWFpbCIsIldUIjoyfQ%3D%3D%7C0%7C%7C%7C&amp;sdata=QIW%2BxjiQNUEMEwjd%2BBunPnLRgSFlpjDbQ4UmoWquOd8%3D&amp;reserved=0\" target=\"_blank\" rel=\"noreferrer noopener\">App Store<\/a> <\/li>\n\n\n\n<li>Download the app from <a href=\"https:\/\/nor01.safelinks.protection.outlook.com\/?url=https%3A%2F%2Fplay.google.com%2Fstore%2Fapps%2Fdetails%3Fid%3Dno.favo.infoskjermen.remote&amp;data=05%7C02%7Ctanja.teigum%40eikholt.no%7C376e5859e9544e55751a08dd12d53763%7Cac2ebaea36bf4ff6a815261051bcd014%7C0%7C0%7C638687429142625820%7CUnknown%7CTWFpbGZsb3d8eyJFbXB0eU1hcGkiOnRydWUsIlYiOiIwLjAuMDAwMCIsIlAiOiJXaW4zMiIsIkFOIjoiTWFpbCIsIldUIjoyfQ%3D%3D%7C0%7C%7C%7C&amp;sdata=6U7EXK5xnLIsiqmbQRRnpjG3YYPBk73zsideWEOb7iQ%3D&amp;reserved=0\" target=\"_blank\" rel=\"noreferrer noopener\">Google Play<\/a> .&nbsp;<\/li>\n\n\n\n<li>Using the camera on your phone, scan the QR code to download the app:&nbsp;&nbsp;<\/li>\n<\/ul>\n\n\n\n<div class=\"wp-block-columns is-layout-flex wp-container-core-columns-is-layout-9d6595d7 wp-block-columns-is-layout-flex\">\n<div class=\"wp-block-column is-layout-flow wp-block-column-is-layout-flow\">\n<figure class=\"wp-block-image size-large is-resized\"><img loading=\"lazy\" decoding=\"async\" width=\"790\" height=\"1024\" src=\"https:\/\/www.eikholt.no\/app\/uploads\/2024\/03\/My_App-1-790x1024.png\" alt=\"Scan this QR code to find the app\" class=\"wp-image-2599\" style=\"width:185px;height:auto\" srcset=\"https:\/\/www.eikholt.no\/app\/uploads\/2024\/03\/My_App-1-790x1024.png 790w, https:\/\/www.eikholt.no\/app\/uploads\/2024\/03\/My_App-1-231x300.png 231w, https:\/\/www.eikholt.no\/app\/uploads\/2024\/03\/My_App-1-768x996.png 768w, https:\/\/www.eikholt.no\/app\/uploads\/2024\/03\/My_App-1-1185x1536.png 1185w, https:\/\/www.eikholt.no\/app\/uploads\/2024\/03\/My_App-1-1580x2048.png 1580w\" sizes=\"auto, (max-width: 790px) 100vw, 790px\" \/><\/figure>\n<\/div>\n<\/div>\n\n\n\n<h2 class=\"wp-block-heading\">Use the app info screen go<\/h2>\n\n\n\n<p>Open the app, use the + sign and add the page (channel) you want to use with the sharing codes you find below.<\/p>\n\n\n\n<ul class=\"wp-block-list\">\n<li>The queen looked on with tears in her eyes as her daughter prepared to sail away.<strong>Eikholt80<\/strong>&nbsp;is the sharing code to the page with information about coming to us and attending courses with us<\/li>\n\n\n\n<li><strong>Interpreter<\/strong> is the sharing code for you as an interpreter\/companion<\/li>\n\n\n\n<li>All group courses have their own page. The course organiser will give you the page's sharing code before you go on a course.<\/li>\n<\/ul>\n\n\n\n<h2 class=\"wp-block-heading\">Remove channel in the app<\/h2>\n\n\n\n<p>If you no longer want to see a page\/channel in the app, you can do the following:<\/p>\n\n\n\n<ul class=\"wp-block-list\">\n<li>Open the app<\/li>\n\n\n\n<li>Scroll to the page\/channel you want to remove<\/li>\n\n\n\n<li>Select \"more...\" and remove<\/li>\n<\/ul>\n\n\n\n<h2 class=\"wp-block-heading\">Don't want to use our app?<\/h2>\n\n\n\n<p>That's perfectly fine. You get the information you're used to. <\/p>\n\n\n\n<h2 class=\"wp-block-heading\">Interested in Eikholt news?<\/h2>\n\n\n\n<p>In order to do this, we need your consent. You can give this here: <a href=\"https:\/\/www.eikholt.no\/en\/would-you-like-to-receive-information-from-eikholt\/\"><strong>Interested in Eikholt news?<\/strong><\/a><\/p>\n\n\n\n<h2 class=\"wp-block-heading\">Not sure about something?<\/h2>\n\n\n\n<p>We are happy to help you! Get in touch with us. You can find contact information in this link: <a href=\"https:\/\/www.eikholt.no\/en\/contact-us\/\"><strong>Contact us - Eikholt<\/strong><\/a><\/p>\n\n\n\n<p><\/p>","protected":false},"excerpt":{"rendered":"<p>Are you a course participant, carer, interpreter or course teacher? In the app, you'll find everything you need to know about coming to Eikholt and being with us. All group courses have their own page (channel) with information. Read the programme for the course, review notes from the course teacher when you get home from the course, and much, much more. This is how you find<\/p>","protected":false},"author":2,"featured_media":4312,"parent":0,"menu_order":0,"comment_status":"closed","ping_status":"closed","template":"","meta":{"_acf_changed":false,"inline_featured_image":false,"ep_exclude_from_search":false,"footnotes":""},"class_list":["post-4308","page","type-page","status-publish","has-post-thumbnail","hentry"],"acf":[],"yoast_head":"<!-- This site is optimized with the Yoast SEO plugin v25.8 - https:\/\/yoast.com\/wordpress\/plugins\/seo\/ -->\n<title>App med informasjon til deg som skal til Eikholt<\/title>\n<meta name=\"description\" content=\"Er du kursdeltaker,\u00a0n\u00e6rperson, tolk eller kursl\u00e6rer? I appen finner du det du trenger \u00e5 vite, om \u00e5 komme til og oss og v\u00e6re hos oss. Les mer her:\" \/>\n<meta name=\"robots\" content=\"index, follow, max-snippet:-1, max-image-preview:large, max-video-preview:-1\" \/>\n<link rel=\"canonical\" href=\"https:\/\/www.eikholt.no\/en\/eikholt-has-an-app-with-information-for-those-travelling-to-eikholt\/\" \/>\n<meta property=\"og:locale\" content=\"en_GB\" \/>\n<meta property=\"og:type\" content=\"article\" \/>\n<meta property=\"og:title\" content=\"App med informasjon til deg som skal til Eikholt\" \/>\n<meta property=\"og:description\" content=\"Er du kursdeltaker,\u00a0n\u00e6rperson, tolk eller kursl\u00e6rer? I appen finner du det du trenger \u00e5 vite, om \u00e5 komme til og oss og v\u00e6re hos oss. Les mer her:\" \/>\n<meta property=\"og:url\" content=\"https:\/\/www.eikholt.no\/en\/eikholt-has-an-app-with-information-for-those-travelling-to-eikholt\/\" \/>\n<meta property=\"og:site_name\" content=\"Eikholt\" \/>\n<meta property=\"article:publisher\" content=\"https:\/\/www.facebook.com\/eikholt.kompetansesenter\" \/>\n<meta property=\"article:modified_time\" content=\"2025-06-19T08:28:53+00:00\" \/>\n<meta property=\"og:image\" content=\"https:\/\/www.eikholt.no\/app\/uploads\/2025\/02\/IMG_0742.jpg\" \/>\n\t<meta property=\"og:image:width\" content=\"1158\" \/>\n\t<meta property=\"og:image:height\" content=\"1062\" \/>\n\t<meta property=\"og:image:type\" content=\"image\/jpeg\" \/>\n<meta name=\"twitter:card\" content=\"summary_large_image\" \/>\n<meta name=\"twitter:label1\" content=\"Est. reading time\" \/>\n\t<meta name=\"twitter:data1\" content=\"3 minutes\" \/>\n<script type=\"application\/ld+json\" class=\"yoast-schema-graph\">{\"@context\":\"https:\/\/schema.org\",\"@graph\":[{\"@type\":\"WebPage\",\"@id\":\"https:\/\/www.eikholt.no\/eikholt-har-app-med-informasjon-til-deg-som-skal-til-eikholt\/\",\"url\":\"https:\/\/www.eikholt.no\/eikholt-har-app-med-informasjon-til-deg-som-skal-til-eikholt\/\",\"name\":\"App med informasjon til deg som skal til Eikholt\",\"isPartOf\":{\"@id\":\"https:\/\/www.eikholt.no\/#website\"},\"primaryImageOfPage\":{\"@id\":\"https:\/\/www.eikholt.no\/eikholt-har-app-med-informasjon-til-deg-som-skal-til-eikholt\/#primaryimage\"},\"image\":{\"@id\":\"https:\/\/www.eikholt.no\/eikholt-har-app-med-informasjon-til-deg-som-skal-til-eikholt\/#primaryimage\"},\"thumbnailUrl\":\"https:\/\/www.eikholt.no\/app\/uploads\/2025\/02\/IMG_0742.jpg\",\"datePublished\":\"2025-02-21T12:52:51+00:00\",\"dateModified\":\"2025-06-19T08:28:53+00:00\",\"description\":\"Er du kursdeltaker,\u00a0n\u00e6rperson, tolk eller kursl\u00e6rer? I appen finner du det du trenger \u00e5 vite, om \u00e5 komme til og oss og v\u00e6re hos oss. Les mer her:\",\"breadcrumb\":{\"@id\":\"https:\/\/www.eikholt.no\/eikholt-har-app-med-informasjon-til-deg-som-skal-til-eikholt\/#breadcrumb\"},\"inLanguage\":\"en-GB\",\"potentialAction\":[{\"@type\":\"ReadAction\",\"target\":[\"https:\/\/www.eikholt.no\/eikholt-har-app-med-informasjon-til-deg-som-skal-til-eikholt\/\"]}]},{\"@type\":\"ImageObject\",\"inLanguage\":\"en-GB\",\"@id\":\"https:\/\/www.eikholt.no\/eikholt-har-app-med-informasjon-til-deg-som-skal-til-eikholt\/#primaryimage\",\"url\":\"https:\/\/www.eikholt.no\/app\/uploads\/2025\/02\/IMG_0742.jpg\",\"contentUrl\":\"https:\/\/www.eikholt.no\/app\/uploads\/2025\/02\/IMG_0742.jpg\",\"width\":1158,\"height\":1062,\"caption\":\"Illustrasjon av to mennesker med teksten Velkommen til Eikholt - generell informasjon og ikoner for funksjoner under\"},{\"@type\":\"BreadcrumbList\",\"@id\":\"https:\/\/www.eikholt.no\/eikholt-har-app-med-informasjon-til-deg-som-skal-til-eikholt\/#breadcrumb\",\"itemListElement\":[{\"@type\":\"ListItem\",\"position\":1,\"name\":\"Forside\",\"item\":\"https:\/\/www.eikholt.no\/\"},{\"@type\":\"ListItem\",\"position\":2,\"name\":\"App med informasjon til deg som skal til Eikholt\"}]},{\"@type\":\"WebSite\",\"@id\":\"https:\/\/www.eikholt.no\/#website\",\"url\":\"https:\/\/www.eikholt.no\/\",\"name\":\"Eikholt\",\"description\":\"\",\"publisher\":{\"@id\":\"https:\/\/www.eikholt.no\/#organization\"},\"potentialAction\":[{\"@type\":\"SearchAction\",\"target\":{\"@type\":\"EntryPoint\",\"urlTemplate\":\"https:\/\/www.eikholt.no\/?s={search_term_string}\"},\"query-input\":{\"@type\":\"PropertyValueSpecification\",\"valueRequired\":true,\"valueName\":\"search_term_string\"}}],\"inLanguage\":\"en-GB\"},{\"@type\":\"Organization\",\"@id\":\"https:\/\/www.eikholt.no\/#organization\",\"name\":\"Eikholt\",\"url\":\"https:\/\/www.eikholt.no\/\",\"logo\":{\"@type\":\"ImageObject\",\"inLanguage\":\"en-GB\",\"@id\":\"https:\/\/www.eikholt.no\/#\/schema\/logo\/image\/\",\"url\":\"https:\/\/www.eikholt.no\/app\/uploads\/2024\/04\/cropped-Logo-Eikholt-ny.jpg\",\"contentUrl\":\"https:\/\/www.eikholt.no\/app\/uploads\/2024\/04\/cropped-Logo-Eikholt-ny.jpg\",\"width\":419,\"height\":209,\"caption\":\"Eikholt\"},\"image\":{\"@id\":\"https:\/\/www.eikholt.no\/#\/schema\/logo\/image\/\"},\"sameAs\":[\"https:\/\/www.facebook.com\/eikholt.kompetansesenter\"]}]}<\/script>\n<!-- \/ Yoast SEO plugin. -->","yoast_head_json":{"title":"App with information for those travelling to Eikholt","description":"Are you a course participant, carer, interpreter or course teacher? In the app, you'll find everything you need to know about coming to us and being with us. Read more here:","robots":{"index":"index","follow":"follow","max-snippet":"max-snippet:-1","max-image-preview":"max-image-preview:large","max-video-preview":"max-video-preview:-1"},"canonical":"https:\/\/www.eikholt.no\/en\/eikholt-has-an-app-with-information-for-those-travelling-to-eikholt\/","og_locale":"en_GB","og_type":"article","og_title":"App med informasjon til deg som skal til Eikholt","og_description":"Er du kursdeltaker,\u00a0n\u00e6rperson, tolk eller kursl\u00e6rer? I appen finner du det du trenger \u00e5 vite, om \u00e5 komme til og oss og v\u00e6re hos oss. Les mer her:","og_url":"https:\/\/www.eikholt.no\/en\/eikholt-has-an-app-with-information-for-those-travelling-to-eikholt\/","og_site_name":"Eikholt","article_publisher":"https:\/\/www.facebook.com\/eikholt.kompetansesenter","article_modified_time":"2025-06-19T08:28:53+00:00","og_image":[{"width":1158,"height":1062,"url":"https:\/\/www.eikholt.no\/app\/uploads\/2025\/02\/IMG_0742.jpg","type":"image\/jpeg"}],"twitter_card":"summary_large_image","twitter_misc":{"Est. reading time":"3 minutes"},"schema":{"@context":"https:\/\/schema.org","@graph":[{"@type":"WebPage","@id":"https:\/\/www.eikholt.no\/eikholt-har-app-med-informasjon-til-deg-som-skal-til-eikholt\/","url":"https:\/\/www.eikholt.no\/eikholt-har-app-med-informasjon-til-deg-som-skal-til-eikholt\/","name":"App with information for those travelling to Eikholt","isPartOf":{"@id":"https:\/\/www.eikholt.no\/#website"},"primaryImageOfPage":{"@id":"https:\/\/www.eikholt.no\/eikholt-har-app-med-informasjon-til-deg-som-skal-til-eikholt\/#primaryimage"},"image":{"@id":"https:\/\/www.eikholt.no\/eikholt-har-app-med-informasjon-til-deg-som-skal-til-eikholt\/#primaryimage"},"thumbnailUrl":"https:\/\/www.eikholt.no\/app\/uploads\/2025\/02\/IMG_0742.jpg","datePublished":"2025-02-21T12:52:51+00:00","dateModified":"2025-06-19T08:28:53+00:00","description":"Are you a course participant, carer, interpreter or course teacher? In the app, you'll find everything you need to know about coming to us and being with us. Read more here:","breadcrumb":{"@id":"https:\/\/www.eikholt.no\/eikholt-har-app-med-informasjon-til-deg-som-skal-til-eikholt\/#breadcrumb"},"inLanguage":"en-GB","potentialAction":[{"@type":"ReadAction","target":["https:\/\/www.eikholt.no\/eikholt-har-app-med-informasjon-til-deg-som-skal-til-eikholt\/"]}]},{"@type":"ImageObject","inLanguage":"en-GB","@id":"https:\/\/www.eikholt.no\/eikholt-har-app-med-informasjon-til-deg-som-skal-til-eikholt\/#primaryimage","url":"https:\/\/www.eikholt.no\/app\/uploads\/2025\/02\/IMG_0742.jpg","contentUrl":"https:\/\/www.eikholt.no\/app\/uploads\/2025\/02\/IMG_0742.jpg","width":1158,"height":1062,"caption":"Illustrasjon av to mennesker med teksten Velkommen til Eikholt - generell informasjon og ikoner for funksjoner under"},{"@type":"BreadcrumbList","@id":"https:\/\/www.eikholt.no\/eikholt-har-app-med-informasjon-til-deg-som-skal-til-eikholt\/#breadcrumb","itemListElement":[{"@type":"ListItem","position":1,"name":"Forside","item":"https:\/\/www.eikholt.no\/"},{"@type":"ListItem","position":2,"name":"App med informasjon til deg som skal til Eikholt"}]},{"@type":"WebSite","@id":"https:\/\/www.eikholt.no\/#website","url":"https:\/\/www.eikholt.no\/","name":"Eikholt","description":"","publisher":{"@id":"https:\/\/www.eikholt.no\/#organization"},"potentialAction":[{"@type":"SearchAction","target":{"@type":"EntryPoint","urlTemplate":"https:\/\/www.eikholt.no\/?s={search_term_string}"},"query-input":{"@type":"PropertyValueSpecification","valueRequired":true,"valueName":"search_term_string"}}],"inLanguage":"en-GB"},{"@type":"Organization","@id":"https:\/\/www.eikholt.no\/#organization","name":"Eikholt","url":"https:\/\/www.eikholt.no\/","logo":{"@type":"ImageObject","inLanguage":"en-GB","@id":"https:\/\/www.eikholt.no\/#\/schema\/logo\/image\/","url":"https:\/\/www.eikholt.no\/app\/uploads\/2024\/04\/cropped-Logo-Eikholt-ny.jpg","contentUrl":"https:\/\/www.eikholt.no\/app\/uploads\/2024\/04\/cropped-Logo-Eikholt-ny.jpg","width":419,"height":209,"caption":"Eikholt"},"image":{"@id":"https:\/\/www.eikholt.no\/#\/schema\/logo\/image\/"},"sameAs":["https:\/\/www.facebook.com\/eikholt.kompetansesenter"]}]}},"_links":{"self":[{"href":"https:\/\/www.eikholt.no\/en\/wp-json\/wp\/v2\/pages\/4308","targetHints":{"allow":["GET"]}}],"collection":[{"href":"https:\/\/www.eikholt.no\/en\/wp-json\/wp\/v2\/pages"}],"about":[{"href":"https:\/\/www.eikholt.no\/en\/wp-json\/wp\/v2\/types\/page"}],"author":[{"embeddable":true,"href":"https:\/\/www.eikholt.no\/en\/wp-json\/wp\/v2\/users\/2"}],"replies":[{"embeddable":true,"href":"https:\/\/www.eikholt.no\/en\/wp-json\/wp\/v2\/comments?post=4308"}],"version-history":[{"count":10,"href":"https:\/\/www.eikholt.no\/en\/wp-json\/wp\/v2\/pages\/4308\/revisions"}],"predecessor-version":[{"id":4786,"href":"https:\/\/www.eikholt.no\/en\/wp-json\/wp\/v2\/pages\/4308\/revisions\/4786"}],"wp:featuredmedia":[{"embeddable":true,"href":"https:\/\/www.eikholt.no\/en\/wp-json\/wp\/v2\/media\/4312"}],"wp:attachment":[{"href":"https:\/\/www.eikholt.no\/en\/wp-json\/wp\/v2\/media?parent=4308"}],"curies":[{"name":"wp","href":"https:\/\/api.w.org\/{rel}","templated":true}]}}