{"id":5521,"date":"2025-12-04T07:26:40","date_gmt":"2025-12-04T07:26:40","guid":{"rendered":"https:\/\/www.eikholt.no\/"},"modified":"2025-12-12T09:15:23","modified_gmt":"2025-12-12T09:15:23","slug":"haptics-pocket-edition","status":"publish","type":"page","link":"https:\/\/www.eikholt.no\/en\/haptics-pocket-edition\/","title":{"rendered":"Haptics: Pocket Edition"},"content":{"rendered":"<h2 class=\"wp-block-heading\">Haptics: Pocket Edition<\/h2>\n\n\n\n<p><strong>Haptics: Pocket Edition<\/strong> is an app for learning standardised haptic signals. The app is designed for people with visual and hearing impairments, blind people, their networks and professionals who want to use the signals.<\/p>\n\n\n\n<figure class=\"wp-block-image size-large is-style-default\"><img loading=\"lazy\" decoding=\"async\" width=\"1024\" height=\"576\" src=\"https:\/\/www.eikholt.no\/app\/uploads\/2025\/12\/haptics_icon_02-1024x576.png\" alt=\"Image of a phone with many apps and the Haptics Pocket Edition icon.\" class=\"wp-image-5526\" srcset=\"https:\/\/www.eikholt.no\/app\/uploads\/2025\/12\/haptics_icon_02-1024x576.png 1024w, https:\/\/www.eikholt.no\/app\/uploads\/2025\/12\/haptics_icon_02-300x169.png 300w, https:\/\/www.eikholt.no\/app\/uploads\/2025\/12\/haptics_icon_02-768x432.png 768w, https:\/\/www.eikholt.no\/app\/uploads\/2025\/12\/haptics_icon_02-1536x864.png 1536w, https:\/\/www.eikholt.no\/app\/uploads\/2025\/12\/haptics_icon_02-18x10.png 18w, https:\/\/www.eikholt.no\/app\/uploads\/2025\/12\/haptics_icon_02.png 1920w\" sizes=\"auto, (max-width: 1024px) 100vw, 1024px\" \/><\/figure>\n\n\n\n<p>The app contains more than 140 signals. It is available in Norwegian and English. Each signal has a description with image, text and video. The app allows you to create favourite lists. Lists can also be shared with others. There are also settings for selecting high contrast, and the text size in the app will follow the setting you have on the phone or tablet you are using. <\/p>\n\n\n\n<h2 class=\"wp-block-heading\">Where can I find the Haptics:Pocket Edition app?<\/h2>\n\n\n\n<p>The app can be downloaded from Google Play and App Store:<\/p>\n\n\n\n<p>\ud83d\udcf2Download the app from&nbsp;<strong><a href=\"https:\/\/apps.apple.com\/us\/app\/haptics-pocket-edition\/id6755103527\" target=\"_blank\" rel=\"noreferrer noopener\">App Store<\/a><\/strong><\/p>\n\n\n\n<p>\ud83e\udd16Download the app from&nbsp;<strong><a href=\"https:\/\/play.google.com\/store\/apps\/details?id=no.eikholt.hapticspocketedition\">Google <\/a><a href=\"https:\/\/play.google.com\/store\/apps\/details?id=no.eikholt.hapticspocketedition\" target=\"_blank\" rel=\"noreferrer noopener\">Play<\/a><\/strong><\/p>\n\n\n\n<p>In the link below you will find the app as a web version if you do not want to use the app:<\/p>\n\n\n\n<div class=\"wp-block-sail-buttons left\">\n<a class=\"wp-block-sail-button filled teal\" href=\"https:\/\/haptics.eikholt.no\/no\/dictionary\" target=\"_blank\" rel=\"noreferrer noopener\"><span>Haptics: Pocket Edition Web Edition<\/span><\/a>\n<\/div>\n\n\n\n<h2 class=\"wp-block-heading\">What are haptic signals?<\/h2>\n\n\n\n<p>Haptic signals are a method of conveying information through touch, usually on the upper back or upper arm. Haptic signals can supplement spoken or sign language. They can be used to obtain information about surroundings, events, moods, people and more. <\/p>\n\n\n\n<h2 class=\"wp-block-heading\">Do you want to learn Haptic Signals?<\/h2>\n\n\n\n<p><strong>Do you want courses?<\/strong>\u00a0You can find the form here:<strong>\u00a0<a href=\"https:\/\/www.eikholt.no\/en\/application-form-for-individual-courses\/\" target=\"_blank\" rel=\"noreferrer noopener\">Enquiry individual course<\/a>The queen looked on with tears in her eyes as her daughter prepared to sail away.\u00a0<\/strong><\/p>\n\n\n\n<p><strong>Do you have any questions?<\/strong>\u00a0You can find contact information here:\u00a0\u00a0<strong><a href=\"https:\/\/www.eikholt.no\/en\/contact-us\/\" target=\"_blank\" rel=\"noreferrer noopener\">Contact us<\/a>\u00a0\u00a0<\/strong><\/p>\n\n\n\n<h2 class=\"wp-block-heading\">Read about projects with Haptic Signalling and download guides<\/h2>\n\n\n\n<p>Read about the project <a href=\"https:\/\/www.eikholt.no\/en\/the-knowledge-vault\/mobility-and-orientation\/\" target=\"_blank\" rel=\"noreferrer noopener\"><strong>Haptic communication and guide dogs<\/strong><\/a><\/p>\n\n\n\n<p>Download the guide to <a href=\"https:\/\/www.eikholt.no\/en\/app\/uploads\/2024\/06\/haptic-communication-and-guide-dog-new-design-pdf\/\"><strong>Haptic <\/strong><\/a><a href=\"https:\/\/www.eikholt.no\/en\/app\/uploads\/2024\/06\/haptic-communication-and-guide-dog-new-design-pdf\/\" target=\"_blank\" rel=\"noreferrer noopener\"><strong>Communication <\/strong><\/a><a href=\"https:\/\/www.eikholt.no\/en\/app\/uploads\/2024\/06\/haptic-communication-and-guide-dog-new-design-pdf\/\"><strong>and guide dog<\/strong><\/a><\/p>\n\n\n\n<p>Read about the project <a href=\"https:\/\/www.eikholt.no\/en\/the-knowledge-vault\/boundless-sporting-pleasure\/\" target=\"_blank\" rel=\"noreferrer noopener\"><strong>Boundless sports fun<\/strong><\/a><\/p>\n\n\n\n<p>Download the guide with <a href=\"https:\/\/www.eikholt.no\/en\/app\/uploads\/2024\/04\/boundless-sports-joy-guide-pdf\/\" target=\"_blank\" rel=\"noreferrer noopener\"><strong>Haptic signals for use at football matches<\/strong><\/a><\/p>\n\n\n\n<p><\/p>","protected":false},"excerpt":{"rendered":"<p>Haptics: Pocket Edition Haptics: Pocket Edition er en app for \u00e5 l\u00e6re standardiserte haptiske signaler. Appen er utviklet for personer med syns- og h\u00f8rselsnedsettelse, blinde, deres nettverk og fagpersoner som \u00f8nsker og ta signalene i bruk. Appen inneholder mer enn 140 signaler. Den er tilgjengelig p\u00e5 norsk og engelsk. Hvert signal har beskrivelse med bilde,<\/p>","protected":false},"author":8,"featured_media":5537,"parent":0,"menu_order":0,"comment_status":"closed","ping_status":"closed","template":"","meta":{"_acf_changed":false,"inline_featured_image":false,"ep_exclude_from_search":false,"footnotes":""},"class_list":["post-5521","page","type-page","status-publish","has-post-thumbnail","hentry"],"acf":[],"yoast_head":"<!-- This site is optimized with the Yoast SEO plugin v25.8 - https:\/\/yoast.com\/wordpress\/plugins\/seo\/ -->\n<title>Haptics: Pocket Edition - Eikholt<\/title>\n<meta name=\"description\" content=\"Haptics: Pocket Edition er en app for \u00e5 l\u00e6re standardiserte haptiske signaler. Appen er utviklet for personer med syns- og h\u00f8rselsnedsettelse, blinde, deres nettverk og fagpersoner som \u00f8nsker og ta signalene i bruk.\" \/>\n<meta name=\"robots\" content=\"index, follow, max-snippet:-1, max-image-preview:large, max-video-preview:-1\" \/>\n<link rel=\"canonical\" href=\"https:\/\/www.eikholt.no\/en\/haptics-pocket-edition\/\" \/>\n<meta property=\"og:locale\" content=\"en_GB\" \/>\n<meta property=\"og:type\" content=\"article\" \/>\n<meta property=\"og:title\" content=\"Haptics: Pocket Edition - Eikholt\" \/>\n<meta property=\"og:description\" content=\"Haptics: Pocket Edition er en app for \u00e5 l\u00e6re standardiserte haptiske signaler. Appen er utviklet for personer med syns- og h\u00f8rselsnedsettelse, blinde, deres nettverk og fagpersoner som \u00f8nsker og ta signalene i bruk.\" \/>\n<meta property=\"og:url\" content=\"https:\/\/www.eikholt.no\/en\/haptics-pocket-edition\/\" \/>\n<meta property=\"og:site_name\" content=\"Eikholt\" \/>\n<meta property=\"article:publisher\" content=\"https:\/\/www.facebook.com\/eikholt.kompetansesenter\" \/>\n<meta property=\"article:modified_time\" content=\"2025-12-12T09:15:23+00:00\" \/>\n<meta property=\"og:image\" content=\"https:\/\/www.eikholt.no\/app\/uploads\/2025\/12\/haptics_icon.png\" \/>\n\t<meta property=\"og:image:width\" content=\"1920\" \/>\n\t<meta property=\"og:image:height\" content=\"1080\" \/>\n\t<meta property=\"og:image:type\" content=\"image\/png\" \/>\n<meta name=\"twitter:card\" content=\"summary_large_image\" \/>\n<meta name=\"twitter:label1\" content=\"Est. reading time\" \/>\n\t<meta name=\"twitter:data1\" content=\"2 minutes\" \/>\n<script type=\"application\/ld+json\" class=\"yoast-schema-graph\">{\"@context\":\"https:\/\/schema.org\",\"@graph\":[{\"@type\":\"WebPage\",\"@id\":\"https:\/\/www.eikholt.no\/haptics-pocket-edition\/\",\"url\":\"https:\/\/www.eikholt.no\/haptics-pocket-edition\/\",\"name\":\"Haptics: Pocket Edition - Eikholt\",\"isPartOf\":{\"@id\":\"https:\/\/www.eikholt.no\/#website\"},\"primaryImageOfPage\":{\"@id\":\"https:\/\/www.eikholt.no\/haptics-pocket-edition\/#primaryimage\"},\"image\":{\"@id\":\"https:\/\/www.eikholt.no\/haptics-pocket-edition\/#primaryimage\"},\"thumbnailUrl\":\"https:\/\/www.eikholt.no\/app\/uploads\/2025\/12\/haptics_icon.png\",\"datePublished\":\"2025-12-04T07:26:40+00:00\",\"dateModified\":\"2025-12-12T09:15:23+00:00\",\"description\":\"Haptics: Pocket Edition er en app for \u00e5 l\u00e6re standardiserte haptiske signaler. Appen er utviklet for personer med syns- og h\u00f8rselsnedsettelse, blinde, deres nettverk og fagpersoner som \u00f8nsker og ta signalene i bruk.\",\"breadcrumb\":{\"@id\":\"https:\/\/www.eikholt.no\/haptics-pocket-edition\/#breadcrumb\"},\"inLanguage\":\"en-GB\",\"potentialAction\":[{\"@type\":\"ReadAction\",\"target\":[\"https:\/\/www.eikholt.no\/haptics-pocket-edition\/\"]}]},{\"@type\":\"ImageObject\",\"inLanguage\":\"en-GB\",\"@id\":\"https:\/\/www.eikholt.no\/haptics-pocket-edition\/#primaryimage\",\"url\":\"https:\/\/www.eikholt.no\/app\/uploads\/2025\/12\/haptics_icon.png\",\"contentUrl\":\"https:\/\/www.eikholt.no\/app\/uploads\/2025\/12\/haptics_icon.png\",\"width\":1920,\"height\":1080,\"caption\":\"Ikon av en persons rygg, med en h\u00e5nd som utf\u00f8rer tegn p\u00e5 ryggen\"},{\"@type\":\"BreadcrumbList\",\"@id\":\"https:\/\/www.eikholt.no\/haptics-pocket-edition\/#breadcrumb\",\"itemListElement\":[{\"@type\":\"ListItem\",\"position\":1,\"name\":\"Forside\",\"item\":\"https:\/\/www.eikholt.no\/\"},{\"@type\":\"ListItem\",\"position\":2,\"name\":\"Haptics: Pocket Edition\"}]},{\"@type\":\"WebSite\",\"@id\":\"https:\/\/www.eikholt.no\/#website\",\"url\":\"https:\/\/www.eikholt.no\/\",\"name\":\"Eikholt\",\"description\":\"\",\"publisher\":{\"@id\":\"https:\/\/www.eikholt.no\/#organization\"},\"potentialAction\":[{\"@type\":\"SearchAction\",\"target\":{\"@type\":\"EntryPoint\",\"urlTemplate\":\"https:\/\/www.eikholt.no\/?s={search_term_string}\"},\"query-input\":{\"@type\":\"PropertyValueSpecification\",\"valueRequired\":true,\"valueName\":\"search_term_string\"}}],\"inLanguage\":\"en-GB\"},{\"@type\":\"Organization\",\"@id\":\"https:\/\/www.eikholt.no\/#organization\",\"name\":\"Eikholt\",\"url\":\"https:\/\/www.eikholt.no\/\",\"logo\":{\"@type\":\"ImageObject\",\"inLanguage\":\"en-GB\",\"@id\":\"https:\/\/www.eikholt.no\/#\/schema\/logo\/image\/\",\"url\":\"https:\/\/www.eikholt.no\/app\/uploads\/2024\/04\/cropped-Logo-Eikholt-ny.jpg\",\"contentUrl\":\"https:\/\/www.eikholt.no\/app\/uploads\/2024\/04\/cropped-Logo-Eikholt-ny.jpg\",\"width\":419,\"height\":209,\"caption\":\"Eikholt\"},\"image\":{\"@id\":\"https:\/\/www.eikholt.no\/#\/schema\/logo\/image\/\"},\"sameAs\":[\"https:\/\/www.facebook.com\/eikholt.kompetansesenter\"]}]}<\/script>\n<!-- \/ Yoast SEO plugin. -->","yoast_head_json":{"title":"Haptics: Pocket Edition - Eikholt","description":"Haptics: Pocket Edition is an app for learning standardised haptic signals. The app is designed for people with visual and hearing impairments, blind people, their networks and professionals who want to use the signals.","robots":{"index":"index","follow":"follow","max-snippet":"max-snippet:-1","max-image-preview":"max-image-preview:large","max-video-preview":"max-video-preview:-1"},"canonical":"https:\/\/www.eikholt.no\/en\/haptics-pocket-edition\/","og_locale":"en_GB","og_type":"article","og_title":"Haptics: Pocket Edition - Eikholt","og_description":"Haptics: Pocket Edition er en app for \u00e5 l\u00e6re standardiserte haptiske signaler. Appen er utviklet for personer med syns- og h\u00f8rselsnedsettelse, blinde, deres nettverk og fagpersoner som \u00f8nsker og ta signalene i bruk.","og_url":"https:\/\/www.eikholt.no\/en\/haptics-pocket-edition\/","og_site_name":"Eikholt","article_publisher":"https:\/\/www.facebook.com\/eikholt.kompetansesenter","article_modified_time":"2025-12-12T09:15:23+00:00","og_image":[{"width":1920,"height":1080,"url":"https:\/\/www.eikholt.no\/app\/uploads\/2025\/12\/haptics_icon.png","type":"image\/png"}],"twitter_card":"summary_large_image","twitter_misc":{"Est. reading time":"2 minutes"},"schema":{"@context":"https:\/\/schema.org","@graph":[{"@type":"WebPage","@id":"https:\/\/www.eikholt.no\/haptics-pocket-edition\/","url":"https:\/\/www.eikholt.no\/haptics-pocket-edition\/","name":"Haptics: Pocket Edition - Eikholt","isPartOf":{"@id":"https:\/\/www.eikholt.no\/#website"},"primaryImageOfPage":{"@id":"https:\/\/www.eikholt.no\/haptics-pocket-edition\/#primaryimage"},"image":{"@id":"https:\/\/www.eikholt.no\/haptics-pocket-edition\/#primaryimage"},"thumbnailUrl":"https:\/\/www.eikholt.no\/app\/uploads\/2025\/12\/haptics_icon.png","datePublished":"2025-12-04T07:26:40+00:00","dateModified":"2025-12-12T09:15:23+00:00","description":"Haptics: Pocket Edition is an app for learning standardised haptic signals. The app is designed for people with visual and hearing impairments, blind people, their networks and professionals who want to use the signals.","breadcrumb":{"@id":"https:\/\/www.eikholt.no\/haptics-pocket-edition\/#breadcrumb"},"inLanguage":"en-GB","potentialAction":[{"@type":"ReadAction","target":["https:\/\/www.eikholt.no\/haptics-pocket-edition\/"]}]},{"@type":"ImageObject","inLanguage":"en-GB","@id":"https:\/\/www.eikholt.no\/haptics-pocket-edition\/#primaryimage","url":"https:\/\/www.eikholt.no\/app\/uploads\/2025\/12\/haptics_icon.png","contentUrl":"https:\/\/www.eikholt.no\/app\/uploads\/2025\/12\/haptics_icon.png","width":1920,"height":1080,"caption":"Ikon av en persons rygg, med en h\u00e5nd som utf\u00f8rer tegn p\u00e5 ryggen"},{"@type":"BreadcrumbList","@id":"https:\/\/www.eikholt.no\/haptics-pocket-edition\/#breadcrumb","itemListElement":[{"@type":"ListItem","position":1,"name":"Forside","item":"https:\/\/www.eikholt.no\/"},{"@type":"ListItem","position":2,"name":"Haptics: Pocket Edition"}]},{"@type":"WebSite","@id":"https:\/\/www.eikholt.no\/#website","url":"https:\/\/www.eikholt.no\/","name":"Eikholt","description":"","publisher":{"@id":"https:\/\/www.eikholt.no\/#organization"},"potentialAction":[{"@type":"SearchAction","target":{"@type":"EntryPoint","urlTemplate":"https:\/\/www.eikholt.no\/?s={search_term_string}"},"query-input":{"@type":"PropertyValueSpecification","valueRequired":true,"valueName":"search_term_string"}}],"inLanguage":"en-GB"},{"@type":"Organization","@id":"https:\/\/www.eikholt.no\/#organization","name":"Eikholt","url":"https:\/\/www.eikholt.no\/","logo":{"@type":"ImageObject","inLanguage":"en-GB","@id":"https:\/\/www.eikholt.no\/#\/schema\/logo\/image\/","url":"https:\/\/www.eikholt.no\/app\/uploads\/2024\/04\/cropped-Logo-Eikholt-ny.jpg","contentUrl":"https:\/\/www.eikholt.no\/app\/uploads\/2024\/04\/cropped-Logo-Eikholt-ny.jpg","width":419,"height":209,"caption":"Eikholt"},"image":{"@id":"https:\/\/www.eikholt.no\/#\/schema\/logo\/image\/"},"sameAs":["https:\/\/www.facebook.com\/eikholt.kompetansesenter"]}]}},"_links":{"self":[{"href":"https:\/\/www.eikholt.no\/en\/wp-json\/wp\/v2\/pages\/5521","targetHints":{"allow":["GET"]}}],"collection":[{"href":"https:\/\/www.eikholt.no\/en\/wp-json\/wp\/v2\/pages"}],"about":[{"href":"https:\/\/www.eikholt.no\/en\/wp-json\/wp\/v2\/types\/page"}],"author":[{"embeddable":true,"href":"https:\/\/www.eikholt.no\/en\/wp-json\/wp\/v2\/users\/8"}],"replies":[{"embeddable":true,"href":"https:\/\/www.eikholt.no\/en\/wp-json\/wp\/v2\/comments?post=5521"}],"version-history":[{"count":18,"href":"https:\/\/www.eikholt.no\/en\/wp-json\/wp\/v2\/pages\/5521\/revisions"}],"predecessor-version":[{"id":5572,"href":"https:\/\/www.eikholt.no\/en\/wp-json\/wp\/v2\/pages\/5521\/revisions\/5572"}],"wp:featuredmedia":[{"embeddable":true,"href":"https:\/\/www.eikholt.no\/en\/wp-json\/wp\/v2\/media\/5537"}],"wp:attachment":[{"href":"https:\/\/www.eikholt.no\/en\/wp-json\/wp\/v2\/media?parent=5521"}],"curies":[{"name":"wp","href":"https:\/\/api.w.org\/{rel}","templated":true}]}}