{"id":873,"date":"2025-10-17T11:48:14","date_gmt":"2025-10-17T11:48:14","guid":{"rendered":"https:\/\/www.eikholt.no\/?page_id=873"},"modified":"2025-10-17T12:08:32","modified_gmt":"2025-10-17T12:08:32","slug":"career-at-eikholt","status":"publish","type":"page","link":"https:\/\/www.eikholt.no\/en\/career-at-eikholt\/","title":{"rendered":"Careers"},"content":{"rendered":"<section class=\"--career-list-gutenberg\">\n        <h2 class=\"--heading\">Vacant positions<\/h2>\n        <div class=\"--description\"><p>Here you find vacancies at Eikholt<\/p>\n<\/div>\n        <ul class=\"--careers\">\n                            <li>\n                    <a\n                            href=\"https:\/\/www.eikholt.no\/en\/career\/language-and-communication-advisor\/\"\n                            class=\"--career\"\n                    >\n                        <div>\n                            <h3>Language and communication advisor<\/h3>\n                                                    <\/div>\n                        <svg width=\"14\" height=\"14\" viewbox=\"0 0 14 14\" fill=\"none\" xmlns=\"http:\/\/www.w3.org\/2000\/svg\">\n<path d=\"M6.99992 13.6667L0.333251 7.00001L6.99992 0.333345L8.18742 1.50001L3.52075 6.16668L13.6666 6.16668L13.6666 7.83335L3.52075 7.83334L8.18742 12.5L6.99992 13.6667Z\" fill=\"#1C1B1F\"\/>\n<\/svg>\n\n                    <\/a>\n                <\/li>\n                    <\/ul>\n    <\/section>\n\n\n\n\n<h2 class=\"wp-block-heading\"><strong>Get to know some of our employees<\/strong>to<\/h2>\n\n\n\n<p>Are you applying for a job with us, or are you wondering what it's like to work at Eikholt? We've given the floor to some of our employees, who tell us why they chose Eikholt and about their working day.<\/p>\n\n\n\n<h2 class=\"wp-block-heading\">Jolanta<\/h2>\n\n\n\n<h4 class=\"wp-block-heading\">Chef<\/h4>\n\n\n\n<figure class=\"wp-block-image size-large\"><img loading=\"lazy\" decoding=\"async\" width=\"1024\" height=\"719\" src=\"https:\/\/www.eikholt.no\/app\/uploads\/2025\/10\/Jolanta-karriereside-1024x719.jpg\" alt=\"\" class=\"wp-image-5281\" srcset=\"https:\/\/www.eikholt.no\/app\/uploads\/2025\/10\/Jolanta-karriereside-1024x719.jpg 1024w, https:\/\/www.eikholt.no\/app\/uploads\/2025\/10\/Jolanta-karriereside-300x211.jpg 300w, https:\/\/www.eikholt.no\/app\/uploads\/2025\/10\/Jolanta-karriereside-768x539.jpg 768w, https:\/\/www.eikholt.no\/app\/uploads\/2025\/10\/Jolanta-karriereside-1536x1078.jpg 1536w, https:\/\/www.eikholt.no\/app\/uploads\/2025\/10\/Jolanta-karriereside-2048x1437.jpg 2048w, https:\/\/www.eikholt.no\/app\/uploads\/2025\/10\/Jolanta-karriereside-18x12.jpg 18w\" sizes=\"auto, (max-width: 1024px) 100vw, 1024px\" \/><\/figure>\n\n\n\n<p>I started my position at Eikholt in January 2025. I have a professional certificate as a chef from Poland, where I also have my background. After 16 years in the kindergarten sector, where I prepared and served meals to children with dedication and care, there was a desire for new challenges and a change in working environment.<\/p>\n\n\n\n<p>With a strong commitment to people and a genuine care for others, I wanted to apply my skills and experience in a new way - with a different user group.<\/p>\n\n\n\n<p>When I got to know Eikholt, I immediately realised that this was a place where I could thrive. Here, I have the opportunity to meet people with respect, consideration and an open mind. Values that are close to my heart.<\/p>\n\n\n\n<p>I'm often described as someone with a good sense of humour, infectious laughter and the ability to create a positive and inclusive atmosphere. At Eikholt, I get the opportunity to combine my caring for others with my passion for cooking - which gives me great job satisfaction.<\/p>\n\n\n\n<p>I want the guests at Eikholt to feel good about being here, through the scent of homemade dishes and the flavour of fresh baked goods. Made with love and care.<\/p>\n\n\n\n<p>Even though I haven't had time to meet all the guests yet, I'm really looking forward to getting to know more of them, and I'm looking forward to many great meetings in the time to come.<\/p>\n\n\n\n<h3 class=\"wp-block-heading\"><strong>Anne-May<\/strong><\/h3>\n\n\n\n<h4 class=\"wp-block-heading\"><strong>Audiographer<\/strong><\/h4>\n\n\n\n<figure class=\"wp-block-image size-full\"><img loading=\"lazy\" decoding=\"async\" width=\"894\" height=\"893\" src=\"https:\/\/www.eikholt.no\/app\/uploads\/2023\/06\/Anne-May-audiograf-forbereder-arbeid-pa-kontoret.jpg\" alt=\"\" class=\"wp-image-959\" srcset=\"https:\/\/www.eikholt.no\/app\/uploads\/2023\/06\/Anne-May-audiograf-forbereder-arbeid-pa-kontoret.jpg 894w, https:\/\/www.eikholt.no\/app\/uploads\/2023\/06\/Anne-May-audiograf-forbereder-arbeid-pa-kontoret-300x300.jpg 300w, https:\/\/www.eikholt.no\/app\/uploads\/2023\/06\/Anne-May-audiograf-forbereder-arbeid-pa-kontoret-150x150.jpg 150w, https:\/\/www.eikholt.no\/app\/uploads\/2023\/06\/Anne-May-audiograf-forbereder-arbeid-pa-kontoret-768x767.jpg 768w, https:\/\/www.eikholt.no\/app\/uploads\/2023\/06\/Anne-May-audiograf-forbereder-arbeid-pa-kontoret-24x24.jpg 24w, https:\/\/www.eikholt.no\/app\/uploads\/2023\/06\/Anne-May-audiograf-forbereder-arbeid-pa-kontoret-48x48.jpg 48w, https:\/\/www.eikholt.no\/app\/uploads\/2023\/06\/Anne-May-audiograf-forbereder-arbeid-pa-kontoret-96x96.jpg 96w\" sizes=\"auto, (max-width: 894px) 100vw, 894px\" \/><\/figure>\n\n\n\n<p>In my final year of the audiography programme, I had an internship at Eikholt. When I received a job offer as a newly qualified audiologist, I packed my bags and moved to Drammen. Working as a counsellor at Eikholt is incredibly varied and exciting. The professional environment is characterised by skilled and committed people who are passionate about their subjects.&nbsp;<\/p>\n\n\n\n<p>\"The best thing about my job is all the great users I meet. When I organise hearing courses, I have the opportunity to spend a lot of time with users, sometimes several days. With so much time on your hands, you can do all the things you wouldn't otherwise have time to do, and try out things in practice that you've only read about in the literature.&nbsp;<\/p>\n\n\n\n<p>The courses at Eikholt are very often interdisciplinary and run together with counsellors in other fields. Collaborating on courses in this way means that I learn a lot about vision, mobility, ICT, Braille and all sorts of other things that I knew nothing about before I started working at Eikholt. There's no getting away from the fact that the job involves a lot of paperwork and planning, but it's pretty great to be able to follow a user from the first enquiry, to courses at Eikholt and then local support after the user has gone home.&nbsp;<\/p>\n\n\n\n<p>Even though I'm an audiologist and mainly work with hearing and courses on hearing, I have great opportunities to influence my own working day. There's always some kind of research and innovation project going on, and as an employee you're often involved. You can also initiate your own projects. For example, I spent a lot of time reading up on genetics, and now I'm learning about 3D printing. As part of my job, I travel around giving lectures on Eikholt, deafblindness and hearing. I think this is a lot of fun and contributes to a very varied working day. &nbsp;<\/p>\n\n\n\n<h3 class=\"wp-block-heading\"><strong>H\u00e5kon<\/strong><\/h3>\n\n\n\n<h4 class=\"wp-block-heading\"><strong>Building operations<\/strong><\/h4>\n\n\n\n<figure class=\"wp-block-image size-large\"><img loading=\"lazy\" decoding=\"async\" width=\"1024\" height=\"613\" src=\"https:\/\/www.eikholt.no\/app\/uploads\/2025\/02\/Ansatte-i-aktivitet-drift-Hakon-pa-plenklipper-bag-RKH-1024x613.jpg\" alt=\"The caretaker sits on a lawnmower tractor. Grass and bushes appear all around.\" class=\"wp-image-4272\" srcset=\"https:\/\/www.eikholt.no\/app\/uploads\/2025\/02\/Ansatte-i-aktivitet-drift-Hakon-pa-plenklipper-bag-RKH-1024x613.jpg 1024w, https:\/\/www.eikholt.no\/app\/uploads\/2025\/02\/Ansatte-i-aktivitet-drift-Hakon-pa-plenklipper-bag-RKH-300x180.jpg 300w, https:\/\/www.eikholt.no\/app\/uploads\/2025\/02\/Ansatte-i-aktivitet-drift-Hakon-pa-plenklipper-bag-RKH-768x460.jpg 768w, https:\/\/www.eikholt.no\/app\/uploads\/2025\/02\/Ansatte-i-aktivitet-drift-Hakon-pa-plenklipper-bag-RKH-1536x920.jpg 1536w, https:\/\/www.eikholt.no\/app\/uploads\/2025\/02\/Ansatte-i-aktivitet-drift-Hakon-pa-plenklipper-bag-RKH-2048x1226.jpg 2048w\" sizes=\"auto, (max-width: 1024px) 100vw, 1024px\" \/><\/figure>\n\n\n\n<p>As a building operator at Eikholt, my job is to ensure that the buildings and facilities are in top condition. This ranges from the maintenance of buildings, technical installations and outdoor areas, and involves everything from day-to-day supervision and repairs to the planning and implementation of major maintenance projects.<\/p>\n\n\n\n<p>A typical day might involve checking and maintaining heating and ventilation systems, carrying out minor repairs to buildings and equipment, and ensuring that outdoor areas are safe and well-maintained. As a building operator, I also need to be able to deal with acute problems that may arise, such as water leaks or electrical faults.<\/p>\n\n\n\n<p>In addition to technical skills, it's important to have good communication and teamwork skills. On a day-to-day basis, I work with all the staff at Eikholt to ensure needs are met, and I need to communicate well with both colleagues and visitors. A \"hello\" and a quick chat means a lot, especially if it's someone's first time at Eikholt. I enjoy the job because it's varied and requires a combination of technical knowledge, practical skills and the ability to work well in a team.<\/p>\n\n\n\n<p><\/p>","protected":false},"excerpt":{"rendered":"<p>Bli kjent med noen av v\u00e5re ansatte Skal du s\u00f8ke jobb hos oss, eller lurer du p\u00e5 hvordan det er \u00e5 jobbe p\u00e5 Eikholt? Vi har gitt ordet til noen av v\u00e5re ansatte, som forteller hvorfor de valgte Eikholt og om deres arbeidshverdag. Jolanta Kokk Jeg begynte i stillingen ved Eikholt i januar 2025. Jeg<\/p>","protected":false},"author":2,"featured_media":4248,"parent":0,"menu_order":0,"comment_status":"closed","ping_status":"closed","template":"","meta":{"_acf_changed":false,"inline_featured_image":false,"ep_exclude_from_search":false,"footnotes":""},"class_list":["post-873","page","type-page","status-publish","has-post-thumbnail","hentry"],"acf":[],"yoast_head":"<!-- This site is optimized with the Yoast SEO plugin v25.8 - https:\/\/yoast.com\/wordpress\/plugins\/seo\/ -->\n<title>Karriere - Eikholt<\/title>\n<meta name=\"description\" content=\"Her finner du ledige stillinger og kan lese om hvordan det er \u00e5 jobbe hos ved Eikholt. Du er ogs\u00e5 hjertelig velkommen til \u00e5 kontakte oss for en prat.\" \/>\n<meta name=\"robots\" content=\"index, follow, max-snippet:-1, max-image-preview:large, max-video-preview:-1\" \/>\n<link rel=\"canonical\" href=\"https:\/\/www.eikholt.no\/en\/career-at-eikholt\/\" \/>\n<meta property=\"og:locale\" content=\"en_GB\" \/>\n<meta property=\"og:type\" content=\"article\" \/>\n<meta property=\"og:title\" content=\"Karriere - Eikholt\" \/>\n<meta property=\"og:description\" content=\"Her finner du ledige stillinger og kan lese om hvordan det er \u00e5 jobbe hos ved Eikholt. Du er ogs\u00e5 hjertelig velkommen til \u00e5 kontakte oss for en prat.\" \/>\n<meta property=\"og:url\" content=\"https:\/\/www.eikholt.no\/en\/career-at-eikholt\/\" \/>\n<meta property=\"og:site_name\" content=\"Eikholt\" \/>\n<meta property=\"article:publisher\" content=\"https:\/\/www.facebook.com\/eikholt.kompetansesenter\" \/>\n<meta property=\"article:modified_time\" content=\"2025-10-17T12:08:32+00:00\" \/>\n<meta property=\"og:image\" content=\"https:\/\/www.eikholt.no\/app\/uploads\/2025\/02\/Ansatte-i-aktivitet-Fag-Veronica-og-Tanja-bla-rom-2-scaled.jpg\" \/>\n\t<meta property=\"og:image:width\" content=\"2560\" \/>\n\t<meta property=\"og:image:height\" content=\"1712\" \/>\n\t<meta property=\"og:image:type\" content=\"image\/jpeg\" \/>\n<meta name=\"twitter:card\" content=\"summary_large_image\" \/>\n<meta name=\"twitter:label1\" content=\"Est. reading time\" \/>\n\t<meta name=\"twitter:data1\" content=\"5 minutes\" \/>\n<script type=\"application\/ld+json\" class=\"yoast-schema-graph\">{\"@context\":\"https:\/\/schema.org\",\"@graph\":[{\"@type\":\"WebPage\",\"@id\":\"https:\/\/www.eikholt.no\/karriere-ved-eikholt\/\",\"url\":\"https:\/\/www.eikholt.no\/karriere-ved-eikholt\/\",\"name\":\"Karriere - Eikholt\",\"isPartOf\":{\"@id\":\"https:\/\/www.eikholt.no\/#website\"},\"primaryImageOfPage\":{\"@id\":\"https:\/\/www.eikholt.no\/karriere-ved-eikholt\/#primaryimage\"},\"image\":{\"@id\":\"https:\/\/www.eikholt.no\/karriere-ved-eikholt\/#primaryimage\"},\"thumbnailUrl\":\"https:\/\/www.eikholt.no\/app\/uploads\/2025\/02\/Ansatte-i-aktivitet-Fag-Veronica-og-Tanja-bla-rom-2-scaled.jpg\",\"datePublished\":\"2025-10-17T11:48:14+00:00\",\"dateModified\":\"2025-10-17T12:08:32+00:00\",\"description\":\"Her finner du ledige stillinger og kan lese om hvordan det er \u00e5 jobbe hos ved Eikholt. Du er ogs\u00e5 hjertelig velkommen til \u00e5 kontakte oss for en prat.\",\"breadcrumb\":{\"@id\":\"https:\/\/www.eikholt.no\/karriere-ved-eikholt\/#breadcrumb\"},\"inLanguage\":\"en-GB\",\"potentialAction\":[{\"@type\":\"ReadAction\",\"target\":[\"https:\/\/www.eikholt.no\/karriere-ved-eikholt\/\"]}]},{\"@type\":\"ImageObject\",\"inLanguage\":\"en-GB\",\"@id\":\"https:\/\/www.eikholt.no\/karriere-ved-eikholt\/#primaryimage\",\"url\":\"https:\/\/www.eikholt.no\/app\/uploads\/2025\/02\/Ansatte-i-aktivitet-Fag-Veronica-og-Tanja-bla-rom-2-scaled.jpg\",\"contentUrl\":\"https:\/\/www.eikholt.no\/app\/uploads\/2025\/02\/Ansatte-i-aktivitet-Fag-Veronica-og-Tanja-bla-rom-2-scaled.jpg\",\"width\":2560,\"height\":1712,\"caption\":\"To personer sitter ved et bord. En har en PC foran seg, den andre en kaffekopp. De smiler\"},{\"@type\":\"BreadcrumbList\",\"@id\":\"https:\/\/www.eikholt.no\/karriere-ved-eikholt\/#breadcrumb\",\"itemListElement\":[{\"@type\":\"ListItem\",\"position\":1,\"name\":\"Forside\",\"item\":\"https:\/\/www.eikholt.no\/\"},{\"@type\":\"ListItem\",\"position\":2,\"name\":\"Karriere\"}]},{\"@type\":\"WebSite\",\"@id\":\"https:\/\/www.eikholt.no\/#website\",\"url\":\"https:\/\/www.eikholt.no\/\",\"name\":\"Eikholt\",\"description\":\"\",\"publisher\":{\"@id\":\"https:\/\/www.eikholt.no\/#organization\"},\"potentialAction\":[{\"@type\":\"SearchAction\",\"target\":{\"@type\":\"EntryPoint\",\"urlTemplate\":\"https:\/\/www.eikholt.no\/?s={search_term_string}\"},\"query-input\":{\"@type\":\"PropertyValueSpecification\",\"valueRequired\":true,\"valueName\":\"search_term_string\"}}],\"inLanguage\":\"en-GB\"},{\"@type\":\"Organization\",\"@id\":\"https:\/\/www.eikholt.no\/#organization\",\"name\":\"Eikholt\",\"url\":\"https:\/\/www.eikholt.no\/\",\"logo\":{\"@type\":\"ImageObject\",\"inLanguage\":\"en-GB\",\"@id\":\"https:\/\/www.eikholt.no\/#\/schema\/logo\/image\/\",\"url\":\"https:\/\/www.eikholt.no\/app\/uploads\/2024\/04\/cropped-Logo-Eikholt-ny.jpg\",\"contentUrl\":\"https:\/\/www.eikholt.no\/app\/uploads\/2024\/04\/cropped-Logo-Eikholt-ny.jpg\",\"width\":419,\"height\":209,\"caption\":\"Eikholt\"},\"image\":{\"@id\":\"https:\/\/www.eikholt.no\/#\/schema\/logo\/image\/\"},\"sameAs\":[\"https:\/\/www.facebook.com\/eikholt.kompetansesenter\"]}]}<\/script>\n<!-- \/ Yoast SEO plugin. -->","yoast_head_json":{"title":"Career - Eikholt","description":"Here you can find vacancies and read about what it's like to work at Eikholt. You are also very welcome to contact us for a chat.","robots":{"index":"index","follow":"follow","max-snippet":"max-snippet:-1","max-image-preview":"max-image-preview:large","max-video-preview":"max-video-preview:-1"},"canonical":"https:\/\/www.eikholt.no\/en\/career-at-eikholt\/","og_locale":"en_GB","og_type":"article","og_title":"Karriere - Eikholt","og_description":"Her finner du ledige stillinger og kan lese om hvordan det er \u00e5 jobbe hos ved Eikholt. Du er ogs\u00e5 hjertelig velkommen til \u00e5 kontakte oss for en prat.","og_url":"https:\/\/www.eikholt.no\/en\/career-at-eikholt\/","og_site_name":"Eikholt","article_publisher":"https:\/\/www.facebook.com\/eikholt.kompetansesenter","article_modified_time":"2025-10-17T12:08:32+00:00","og_image":[{"width":2560,"height":1712,"url":"https:\/\/www.eikholt.no\/app\/uploads\/2025\/02\/Ansatte-i-aktivitet-Fag-Veronica-og-Tanja-bla-rom-2-scaled.jpg","type":"image\/jpeg"}],"twitter_card":"summary_large_image","twitter_misc":{"Est. reading time":"5 minutes"},"schema":{"@context":"https:\/\/schema.org","@graph":[{"@type":"WebPage","@id":"https:\/\/www.eikholt.no\/karriere-ved-eikholt\/","url":"https:\/\/www.eikholt.no\/karriere-ved-eikholt\/","name":"Career - Eikholt","isPartOf":{"@id":"https:\/\/www.eikholt.no\/#website"},"primaryImageOfPage":{"@id":"https:\/\/www.eikholt.no\/karriere-ved-eikholt\/#primaryimage"},"image":{"@id":"https:\/\/www.eikholt.no\/karriere-ved-eikholt\/#primaryimage"},"thumbnailUrl":"https:\/\/www.eikholt.no\/app\/uploads\/2025\/02\/Ansatte-i-aktivitet-Fag-Veronica-og-Tanja-bla-rom-2-scaled.jpg","datePublished":"2025-10-17T11:48:14+00:00","dateModified":"2025-10-17T12:08:32+00:00","description":"Here you can find vacancies and read about what it's like to work at Eikholt. You are also very welcome to contact us for a chat.","breadcrumb":{"@id":"https:\/\/www.eikholt.no\/karriere-ved-eikholt\/#breadcrumb"},"inLanguage":"en-GB","potentialAction":[{"@type":"ReadAction","target":["https:\/\/www.eikholt.no\/karriere-ved-eikholt\/"]}]},{"@type":"ImageObject","inLanguage":"en-GB","@id":"https:\/\/www.eikholt.no\/karriere-ved-eikholt\/#primaryimage","url":"https:\/\/www.eikholt.no\/app\/uploads\/2025\/02\/Ansatte-i-aktivitet-Fag-Veronica-og-Tanja-bla-rom-2-scaled.jpg","contentUrl":"https:\/\/www.eikholt.no\/app\/uploads\/2025\/02\/Ansatte-i-aktivitet-Fag-Veronica-og-Tanja-bla-rom-2-scaled.jpg","width":2560,"height":1712,"caption":"To personer sitter ved et bord. En har en PC foran seg, den andre en kaffekopp. De smiler"},{"@type":"BreadcrumbList","@id":"https:\/\/www.eikholt.no\/karriere-ved-eikholt\/#breadcrumb","itemListElement":[{"@type":"ListItem","position":1,"name":"Forside","item":"https:\/\/www.eikholt.no\/"},{"@type":"ListItem","position":2,"name":"Karriere"}]},{"@type":"WebSite","@id":"https:\/\/www.eikholt.no\/#website","url":"https:\/\/www.eikholt.no\/","name":"Eikholt","description":"","publisher":{"@id":"https:\/\/www.eikholt.no\/#organization"},"potentialAction":[{"@type":"SearchAction","target":{"@type":"EntryPoint","urlTemplate":"https:\/\/www.eikholt.no\/?s={search_term_string}"},"query-input":{"@type":"PropertyValueSpecification","valueRequired":true,"valueName":"search_term_string"}}],"inLanguage":"en-GB"},{"@type":"Organization","@id":"https:\/\/www.eikholt.no\/#organization","name":"Eikholt","url":"https:\/\/www.eikholt.no\/","logo":{"@type":"ImageObject","inLanguage":"en-GB","@id":"https:\/\/www.eikholt.no\/#\/schema\/logo\/image\/","url":"https:\/\/www.eikholt.no\/app\/uploads\/2024\/04\/cropped-Logo-Eikholt-ny.jpg","contentUrl":"https:\/\/www.eikholt.no\/app\/uploads\/2024\/04\/cropped-Logo-Eikholt-ny.jpg","width":419,"height":209,"caption":"Eikholt"},"image":{"@id":"https:\/\/www.eikholt.no\/#\/schema\/logo\/image\/"},"sameAs":["https:\/\/www.facebook.com\/eikholt.kompetansesenter"]}]}},"_links":{"self":[{"href":"https:\/\/www.eikholt.no\/en\/wp-json\/wp\/v2\/pages\/873","targetHints":{"allow":["GET"]}}],"collection":[{"href":"https:\/\/www.eikholt.no\/en\/wp-json\/wp\/v2\/pages"}],"about":[{"href":"https:\/\/www.eikholt.no\/en\/wp-json\/wp\/v2\/types\/page"}],"author":[{"embeddable":true,"href":"https:\/\/www.eikholt.no\/en\/wp-json\/wp\/v2\/users\/2"}],"replies":[{"embeddable":true,"href":"https:\/\/www.eikholt.no\/en\/wp-json\/wp\/v2\/comments?post=873"}],"version-history":[{"count":82,"href":"https:\/\/www.eikholt.no\/en\/wp-json\/wp\/v2\/pages\/873\/revisions"}],"predecessor-version":[{"id":5289,"href":"https:\/\/www.eikholt.no\/en\/wp-json\/wp\/v2\/pages\/873\/revisions\/5289"}],"wp:featuredmedia":[{"embeddable":true,"href":"https:\/\/www.eikholt.no\/en\/wp-json\/wp\/v2\/media\/4248"}],"wp:attachment":[{"href":"https:\/\/www.eikholt.no\/en\/wp-json\/wp\/v2\/media?parent=873"}],"curies":[{"name":"wp","href":"https:\/\/api.w.org\/{rel}","templated":true}]}}