{"id":1025,"date":"2023-06-23T06:06:37","date_gmt":"2023-06-23T06:06:37","guid":{"rendered":"https:\/\/www.eikholt.no\/?page_id=1025"},"modified":"2025-05-08T12:14:15","modified_gmt":"2025-05-08T12:14:15","slug":"jarjesto-oakwood","status":"publish","type":"page","link":"https:\/\/www.eikholt.no\/fi\/jarjesto-oakwood\/","title":{"rendered":"Organisaatio"},"content":{"rendered":"<p><strong>Hallitus<\/strong><br>Hallitus on Eikholt:n ylin elin, ja se koostuu puheenjohtajasta ja nelj\u00e4st\u00e4 j\u00e4senest\u00e4. Hallituksen j\u00e4senist\u00e4 kaksi edustaa Eikholt:n palvelujen k\u00e4ytt\u00e4ji\u00e4.<\/p>\n\n\n\n<p><strong>Hallituksen puheenjohtaja<\/strong><\/p>\n\n\n\n<ul class=\"wp-block-list\">\n<li>Kristin \u00d8rmen Johnsen<\/li>\n<\/ul>\n\n\n\n<p><strong>Hallituksen j\u00e4senet<\/strong><\/p>\n\n\n\n<ul class=\"wp-block-list\">\n<li>Simen Eriksen- k\u00e4ytt\u00e4j\u00e4n edustaja<\/li>\n\n\n\n<li>Kathrine Bordevich - k\u00e4ytt\u00e4jien edustaja<\/li>\n\n\n\n<li>Kirsti Kolle Gr\u00f8ndahl<\/li>\n\n\n\n<li>Cathrine Timm Sundin - ty\u00f6ntekij\u00f6iden edustaja<\/li>\n<\/ul>\n\n\n\n<p><strong>Varaj\u00e4senet<\/strong><\/p>\n\n\n\n<ul class=\"wp-block-list\">\n<li>Andreas Muri<\/li>\n\n\n\n<li>Nina Helene Skorge - k\u00e4ytt\u00e4jien edustaja<\/li>\n\n\n\n<li>H\u00e5kon Lundhaug - ty\u00f6ntekij\u00f6iden edustaja<\/li>\n<\/ul>\n\n\n\n<p><strong>Nimityskomitea<\/strong><\/p>\n\n\n\n<ul class=\"wp-block-list\">\n<li>Erik Dalheim (johtaja)<\/li>\n\n\n\n<li>Kari Kristine Engan<\/li>\n\n\n\n<li>Roar Meland<\/li>\n<\/ul>\n\n\n\n<p><strong>Hallinto<\/strong><br>Eikholt:n johtoon kuuluvat johtaja sek\u00e4 teknisen ja operatiivisen osaston johtajat. Johtoryhm\u00e4n kokous on johtajan neuvoa-antava elin.<\/p>\n\n\n\n<p><strong>Toimitusjohtaja:<\/strong><\/p>\n\n\n\n<ul class=\"wp-block-list\">\n<li>Roar Meland<\/li>\n<\/ul>\n\n\n\n<p><strong>Osastojen johtajat<\/strong><\/p>\n\n\n\n<ul class=\"wp-block-list\">\n<li>Thomas \u00d8verby, ohjelmap\u00e4\u00e4llikk\u00f6<\/li>\n\n\n\n<li>Veronica Samuelsen, k\u00e4ytt\u00f6p\u00e4\u00e4llikk\u00f6<\/li>\n<\/ul>\n\n\n\n<h2 class=\"wp-block-heading\">Eikholt:n vuosikertomus<\/h2>\n\n\n\n<p>T\u00e4\u00e4lt\u00e4 l\u00f6yd\u00e4t kaksi versiota Eikholt:n vuosikertomuksesta, yhden pitk\u00e4n ja yhden lyhyen. Molemmat ovat ladattavissa PDF-muodossa.<\/p>\n\n\n\n<p><strong><a href=\"https:\/\/www.eikholt.no\/fi\/sovellus\/lataukset\/2025\/04\/arsrapport-2024-for-eikholt-pdf\/\">Vuosikertomus 2024 - pitk\u00e4 versio<\/a><\/strong><\/p>\n\n\n\n<p><strong><a href=\"https:\/\/www.eikholt.no\/fi\/sovellus\/lataukset\/2025\/04\/arsrapport-2024-eikholt-kortversjon.pdf\/\">Vuosikertomus 2024 - lyhyt versio<\/a><\/strong><\/p>\n\n\n\n<h2 class=\"wp-block-heading\">Lue lis\u00e4\u00e4?<\/h2>\n\n\n\n<p>T\u00e4\u00e4lt\u00e4 voit lukea <strong><a href=\"https:\/\/www.eikholt.no\/fi\/sovellus\/lataukset\/2025\/05\/vedtekter_eikholt-1.pdf\/\">Eikholt:n yhti\u00f6j\u00e4rjestys<\/a><\/strong><\/p>\n\n\n\n<p>T\u00e4\u00e4lt\u00e4 voit lukea <strong><a href=\"https:\/\/www.eikholt.no\/fi\/sovellus\/lataukset\/2025\/05\/retningslinjer-for-valgkomite_vedtatt-2013.12.09.pdf\/\">Nimitysvaliokunnan toimintaohjeet<\/a><\/strong><\/p>\n\n\n\n<p>Tutustu\u00a0<strong><a href=\"https:\/\/www.eikholt.no\/fi\/historia\/\">Eikholt:n historia<\/a><\/strong><\/p>\n\n\n\n<p>Lue lis\u00e4\u00e4<a href=\"https:\/\/www.eikholt.no\/fi\/tietoa-meista\/meista-missiomme\/\"> <strong>Eikholt:n teht\u00e4v\u00e4t<\/strong><\/a><\/p>\n\n\n\n<h2 class=\"wp-block-heading\">Onko teill\u00e4 kysytt\u00e4v\u00e4\u00e4?<\/h2>\n\n\n\n<p>Ota meihin yhteytt\u00e4! L\u00f6yd\u00e4t yhteystietomme t\u00e4\u00e4lt\u00e4:\u00a0\u00a0<strong><a href=\"https:\/\/www.eikholt.no\/fi\/ota-yhteytta\/\" target=\"_blank\" rel=\"noreferrer noopener\">Ota yhteytt\u00e4<\/a>\u00a0\u00a0<\/strong><\/p>\n\n\n\n<p><\/p>","protected":false},"excerpt":{"rendered":"<p>HallitusHallitus on Eikholt:n ylin elin, ja se koostuu puheenjohtajasta ja nelj\u00e4st\u00e4 j\u00e4senest\u00e4. Hallituksen j\u00e4senist\u00e4 kahden on edustettava Eikholt:n palvelujen k\u00e4ytt\u00e4ji\u00e4. JohtoEikholt:n johto koostuu johtajasta sek\u00e4 teknisten ja operatiivisten osastojen johtajista. Johtokunta on toimitusjohtajan neuvoa-antava elin. Toimitusjohtaja: Osastop\u00e4\u00e4llik\u00f6t Eikholt:n vuosikertomus T\u00e4\u00e4lt\u00e4 l\u00f6yd\u00e4t kaksi versiota Eikholt:n vuosikertomuksesta, yhden<\/p>","protected":false},"author":1,"featured_media":0,"parent":0,"menu_order":0,"comment_status":"closed","ping_status":"closed","template":"","meta":{"_acf_changed":false,"inline_featured_image":false,"ep_exclude_from_search":false,"footnotes":""},"class_list":["post-1025","page","type-page","status-publish","hentry"],"acf":[],"yoast_head":"<!-- This site is optimized with the Yoast SEO plugin v25.8 - https:\/\/yoast.com\/wordpress\/plugins\/seo\/ -->\n<title>Organisasjon - Eikholt<\/title>\n<meta name=\"description\" content=\"Styret er Eikholts \u00f8verste organ, og best\u00e5r av\u00a0styreleder og\u00a0fire medlemmer. Les mer her;\" \/>\n<meta name=\"robots\" content=\"index, follow, max-snippet:-1, max-image-preview:large, max-video-preview:-1\" \/>\n<link rel=\"canonical\" href=\"https:\/\/www.eikholt.no\/fi\/jarjesto-oakwood\/\" \/>\n<meta property=\"og:locale\" content=\"fi_FI\" \/>\n<meta property=\"og:type\" content=\"article\" \/>\n<meta property=\"og:title\" content=\"Organisasjon - Eikholt\" \/>\n<meta property=\"og:description\" content=\"Styret er Eikholts \u00f8verste organ, og best\u00e5r av\u00a0styreleder og\u00a0fire medlemmer. Les mer her;\" \/>\n<meta property=\"og:url\" content=\"https:\/\/www.eikholt.no\/fi\/jarjesto-oakwood\/\" \/>\n<meta property=\"og:site_name\" content=\"Eikholt\" \/>\n<meta property=\"article:publisher\" content=\"https:\/\/www.facebook.com\/eikholt.kompetansesenter\" \/>\n<meta property=\"article:modified_time\" content=\"2025-05-08T12:14:15+00:00\" \/>\n<meta name=\"twitter:card\" content=\"summary_large_image\" \/>\n<meta name=\"twitter:label1\" content=\"Est. reading time\" \/>\n\t<meta name=\"twitter:data1\" content=\"1 minute\" \/>\n<script type=\"application\/ld+json\" class=\"yoast-schema-graph\">{\"@context\":\"https:\/\/schema.org\",\"@graph\":[{\"@type\":\"WebPage\",\"@id\":\"https:\/\/www.eikholt.no\/organisasjon-eikholt\/\",\"url\":\"https:\/\/www.eikholt.no\/organisasjon-eikholt\/\",\"name\":\"Organisasjon - Eikholt\",\"isPartOf\":{\"@id\":\"https:\/\/www.eikholt.no\/#website\"},\"datePublished\":\"2023-06-23T06:06:37+00:00\",\"dateModified\":\"2025-05-08T12:14:15+00:00\",\"description\":\"Styret er Eikholts \u00f8verste organ, og best\u00e5r av\u00a0styreleder og\u00a0fire medlemmer. Les mer her;\",\"breadcrumb\":{\"@id\":\"https:\/\/www.eikholt.no\/organisasjon-eikholt\/#breadcrumb\"},\"inLanguage\":\"fi\",\"potentialAction\":[{\"@type\":\"ReadAction\",\"target\":[\"https:\/\/www.eikholt.no\/organisasjon-eikholt\/\"]}]},{\"@type\":\"BreadcrumbList\",\"@id\":\"https:\/\/www.eikholt.no\/organisasjon-eikholt\/#breadcrumb\",\"itemListElement\":[{\"@type\":\"ListItem\",\"position\":1,\"name\":\"Forside\",\"item\":\"https:\/\/www.eikholt.no\/\"},{\"@type\":\"ListItem\",\"position\":2,\"name\":\"Organisasjon\"}]},{\"@type\":\"WebSite\",\"@id\":\"https:\/\/www.eikholt.no\/#website\",\"url\":\"https:\/\/www.eikholt.no\/\",\"name\":\"Eikholt\",\"description\":\"\",\"publisher\":{\"@id\":\"https:\/\/www.eikholt.no\/#organization\"},\"potentialAction\":[{\"@type\":\"SearchAction\",\"target\":{\"@type\":\"EntryPoint\",\"urlTemplate\":\"https:\/\/www.eikholt.no\/?s={search_term_string}\"},\"query-input\":{\"@type\":\"PropertyValueSpecification\",\"valueRequired\":true,\"valueName\":\"search_term_string\"}}],\"inLanguage\":\"fi\"},{\"@type\":\"Organization\",\"@id\":\"https:\/\/www.eikholt.no\/#organization\",\"name\":\"Eikholt\",\"url\":\"https:\/\/www.eikholt.no\/\",\"logo\":{\"@type\":\"ImageObject\",\"inLanguage\":\"fi\",\"@id\":\"https:\/\/www.eikholt.no\/#\/schema\/logo\/image\/\",\"url\":\"https:\/\/www.eikholt.no\/app\/uploads\/2024\/04\/cropped-Logo-Eikholt-ny.jpg\",\"contentUrl\":\"https:\/\/www.eikholt.no\/app\/uploads\/2024\/04\/cropped-Logo-Eikholt-ny.jpg\",\"width\":419,\"height\":209,\"caption\":\"Eikholt\"},\"image\":{\"@id\":\"https:\/\/www.eikholt.no\/#\/schema\/logo\/image\/\"},\"sameAs\":[\"https:\/\/www.facebook.com\/eikholt.kompetansesenter\"]}]}<\/script>\n<!-- \/ Yoast SEO plugin. -->","yoast_head_json":{"title":"Organisaatio - Eikholt","description":"Hallitus on Eikholt:n ylin elin, ja se koostuu puheenjohtajasta ja nelj\u00e4st\u00e4 j\u00e4senest\u00e4. Lue lis\u00e4\u00e4 t\u00e4\u00e4lt\u00e4;","robots":{"index":"index","follow":"follow","max-snippet":"max-snippet:-1","max-image-preview":"max-image-preview:large","max-video-preview":"max-video-preview:-1"},"canonical":"https:\/\/www.eikholt.no\/fi\/jarjesto-oakwood\/","og_locale":"fi_FI","og_type":"article","og_title":"Organisasjon - Eikholt","og_description":"Styret er Eikholts \u00f8verste organ, og best\u00e5r av\u00a0styreleder og\u00a0fire medlemmer. Les mer her;","og_url":"https:\/\/www.eikholt.no\/fi\/jarjesto-oakwood\/","og_site_name":"Eikholt","article_publisher":"https:\/\/www.facebook.com\/eikholt.kompetansesenter","article_modified_time":"2025-05-08T12:14:15+00:00","twitter_card":"summary_large_image","twitter_misc":{"Est. reading time":"1 minute"},"schema":{"@context":"https:\/\/schema.org","@graph":[{"@type":"WebPage","@id":"https:\/\/www.eikholt.no\/organisasjon-eikholt\/","url":"https:\/\/www.eikholt.no\/organisasjon-eikholt\/","name":"Organisaatio - Eikholt","isPartOf":{"@id":"https:\/\/www.eikholt.no\/#website"},"datePublished":"2023-06-23T06:06:37+00:00","dateModified":"2025-05-08T12:14:15+00:00","description":"Hallitus on Eikholt:n ylin elin, ja se koostuu puheenjohtajasta ja nelj\u00e4st\u00e4 j\u00e4senest\u00e4. Lue lis\u00e4\u00e4 t\u00e4\u00e4lt\u00e4;","breadcrumb":{"@id":"https:\/\/www.eikholt.no\/organisasjon-eikholt\/#breadcrumb"},"inLanguage":"fi","potentialAction":[{"@type":"ReadAction","target":["https:\/\/www.eikholt.no\/organisasjon-eikholt\/"]}]},{"@type":"BreadcrumbList","@id":"https:\/\/www.eikholt.no\/organisasjon-eikholt\/#breadcrumb","itemListElement":[{"@type":"ListItem","position":1,"name":"Forside","item":"https:\/\/www.eikholt.no\/"},{"@type":"ListItem","position":2,"name":"Organisasjon"}]},{"@type":"WebSite","@id":"https:\/\/www.eikholt.no\/#website","url":"https:\/\/www.eikholt.no\/","name":"Eikholt","description":"","publisher":{"@id":"https:\/\/www.eikholt.no\/#organization"},"potentialAction":[{"@type":"SearchAction","target":{"@type":"EntryPoint","urlTemplate":"https:\/\/www.eikholt.no\/?s={search_term_string}"},"query-input":{"@type":"PropertyValueSpecification","valueRequired":true,"valueName":"search_term_string"}}],"inLanguage":"fi"},{"@type":"Organization","@id":"https:\/\/www.eikholt.no\/#organization","name":"Eikholt","url":"https:\/\/www.eikholt.no\/","logo":{"@type":"ImageObject","inLanguage":"fi","@id":"https:\/\/www.eikholt.no\/#\/schema\/logo\/image\/","url":"https:\/\/www.eikholt.no\/app\/uploads\/2024\/04\/cropped-Logo-Eikholt-ny.jpg","contentUrl":"https:\/\/www.eikholt.no\/app\/uploads\/2024\/04\/cropped-Logo-Eikholt-ny.jpg","width":419,"height":209,"caption":"Eikholt"},"image":{"@id":"https:\/\/www.eikholt.no\/#\/schema\/logo\/image\/"},"sameAs":["https:\/\/www.facebook.com\/eikholt.kompetansesenter"]}]}},"_links":{"self":[{"href":"https:\/\/www.eikholt.no\/fi\/wp-json\/wp\/v2\/pages\/1025","targetHints":{"allow":["GET"]}}],"collection":[{"href":"https:\/\/www.eikholt.no\/fi\/wp-json\/wp\/v2\/pages"}],"about":[{"href":"https:\/\/www.eikholt.no\/fi\/wp-json\/wp\/v2\/types\/page"}],"author":[{"embeddable":true,"href":"https:\/\/www.eikholt.no\/fi\/wp-json\/wp\/v2\/users\/1"}],"replies":[{"embeddable":true,"href":"https:\/\/www.eikholt.no\/fi\/wp-json\/wp\/v2\/comments?post=1025"}],"version-history":[{"count":15,"href":"https:\/\/www.eikholt.no\/fi\/wp-json\/wp\/v2\/pages\/1025\/revisions"}],"predecessor-version":[{"id":4649,"href":"https:\/\/www.eikholt.no\/fi\/wp-json\/wp\/v2\/pages\/1025\/revisions\/4649"}],"wp:attachment":[{"href":"https:\/\/www.eikholt.no\/fi\/wp-json\/wp\/v2\/media?parent=1025"}],"curies":[{"name":"wp","href":"https:\/\/api.w.org\/{rel}","templated":true}]}}