{"id":1029,"date":"2023-06-23T06:30:52","date_gmt":"2023-06-23T06:30:52","guid":{"rendered":"https:\/\/www.eikholt.no\/?page_id=1029"},"modified":"2025-01-06T08:00:14","modified_gmt":"2025-01-06T08:00:14","slug":"historia","status":"publish","type":"page","link":"https:\/\/www.eikholt.no\/fi\/historia\/","title":{"rendered":"Eikholt:n historia"},"content":{"rendered":"<p>Konnerud koostui alun perin viidest\u00e4 tilasta. Eikholt oli yksi n\u00e4ist\u00e4 tiloista, joka raivattiin jo 1300-luvulla. Tilan Eikholt nykyiselle paikalle rakennettiin 1600-luvulla Hammerdammenin pato ja siihen liittyvi\u00e4 teollisuuslaitoksia, jotka liittyiv\u00e4t alueen kaivostoimintaan.<\/p>\n\n\n\n<h2 class=\"wp-block-heading\"><strong>Miten se alkoi?\u00a0<\/strong><\/h2>\n\n\n\n<p>Aiemmin ei ollut mit\u00e4\u00e4n viitteit\u00e4 siit\u00e4, ett\u00e4 Eikholt:st\u00e4 ja Konnerudista tulisi Norjan kuurosokeiden historian keskeisi\u00e4 nimi\u00e4. Se on yksi historian monista yhteensattumista.<\/p>\n\n\n\n<p>Olaf Fr\u00f8iland oli paitsi ammattitaitoinen k\u00e4sity\u00f6l\u00e4inen, jolla oli oma yritys, my\u00f6s poikkeuksellisen sosiaalisesti sitoutunut. T\u00e4m\u00e4 sitoutuminen toi h\u00e4net kosketuksiin Halvdan Larsenin kanssa, joka oli kuurosokea. Olaf Fr\u00f8iland ymm\u00e4rsi nopeasti empatiakykyns\u00e4 ansiosta, ett\u00e4 Halvdan Larsen ja muut kuurosokeat tarvitsivat kohtaamispaikan. Fr\u00f8iland omisti Konnerudissa suuren alueen, jota h\u00e4n oli valmis k\u00e4ytt\u00e4m\u00e4\u00e4n t\u00e4h\u00e4n tarkoitukseen. Kun ajatuksesta kokoontumispaikasta keskusteltiin, kuurosokeat harkitsivat useita paikkoja maassa. Lopulta valinta osui Eikholt:hen. T\u00e4m\u00e4n seurauksena 24 hehtaarin suuruinen kiinteist\u00f6 erotettiin ja varattiin kuurosokeiden keskuksen rakentamista varten.<\/p>\n\n\n\n<p>Mit\u00e4\u00e4n t\u00e4llaista ei ollut koskaan rakennettu Norjaan. Ei ollut esikuvia. Rahaa ei my\u00f6sk\u00e4\u00e4n ollut. Ja kuten kaikki uusi, hanke kohtasi vastustusta niiden taholta, joiden mielest\u00e4 t\u00e4m\u00e4 oli suuruudenhullua, merkitykset\u00f6nt\u00e4 ja ammatillisesti tuomittavaa. Rahaa kuitenkin tuli, eik\u00e4 v\u00e4hiten Leijonien kautta, joissa Olaf Fr\u00f8iland oli my\u00f6s liikkeellepaneva voima. H\u00e4n ja Larsen matkustivat ymp\u00e4ri maata innostaakseen ja ker\u00e4t\u00e4kseen rahaa. Suunnitelmat ja piirustukset olivat valmiina 1970-luvun lopulla, ja vihdoin lapio voitiin panna maahan Norjan ensimm\u00e4isen ja ainoan valtakunnallisen kuurosokeiden keskuksen rakentamiseksi.<\/p>\n\n\n\n<figure class=\"wp-block-image size-full is-resized\"><img loading=\"lazy\" decoding=\"async\" width=\"378\" height=\"224\" src=\"https:\/\/www.eikholt.no\/app\/uploads\/2023\/06\/Kongen.jpg\" alt=\"\" class=\"wp-image-1030\" style=\"width:684px;height:auto\" srcset=\"https:\/\/www.eikholt.no\/app\/uploads\/2023\/06\/Kongen.jpg 378w, https:\/\/www.eikholt.no\/app\/uploads\/2023\/06\/Kongen-300x178.jpg 300w\" sizes=\"auto, (max-width: 378px) 100vw, 378px\" \/><figcaption class=\"wp-element-caption\">Eikholt Kuurosokeiden kansallinen resurssikeskus valmistui vuonna 1980, ja kuningas Olav V avasi sen 26. elokuuta samana vuonna.<\/figcaption><\/figure>\n\n\n\n<h2 class=\"wp-block-heading\"><strong>Tie eteenp\u00e4in<\/strong><\/h2>\n\n\n\n<p>Mik\u00e4 oli Eikholt, jossa se sijaitsi monine nykyaikaisine rakennuksineen? Mit\u00e4 n\u00e4iss\u00e4 rakennuksissa ja tiloissa oli tarkoitus tapahtua? Kuka t\u00e4t\u00e4 kaikkea aikoi k\u00e4ytt\u00e4\u00e4? Kenell\u00e4k\u00e4\u00e4n ei ollut kokemusta kansallisesta kuurosokeiden keskuksesta. Aluksi monet n\u00e4kiv\u00e4t Eikholt:n terveydenhuoltolaitoksena. Organisaation osallistujia kutsuttiin \"potilaina\". Eikholt vuokrasi 10 asuntoa, ja jotkut vuokralaisista jopa kysyiv\u00e4t is\u00e4nn\u00f6itsij\u00e4lt\u00e4, voisivatko he saada vieraita omiin asuntoihinsa. Kehitys kulki omalla painollaan, ja lopulta potilaista tuli kurssilaisia, johtajasta tuli johtaja, perustettiin erityisosasto ja puhuttiin hotellitoiminnoista ja vieraista. Normalisoituminen oli alkamassa.<\/p>\n\n\n\n<p>Per Sanne toimi Eikholt:n ensimm\u00e4isen\u00e4 johtajana vuodesta 1980 el\u00e4kkeelle siirtymiseen vuonna 2001. Vuosina 1984-1994 Per Sanne toimi S\u00f8rvangen N\u00e6ringsparkin toimitusjohtajana Eikholt:n johtajan ty\u00f6ns\u00e4 ohella.<\/p>\n\n\n\n<p>Alussa oli vuorokausirytmi kuin vanhainkodissa. Nyky\u00e4\u00e4n heill\u00e4 on hotellin vuorokausirytmi. Alkuaikoina kuurosokeat kuljetettiin kollektiivisesti toimintoihin ja solmukohtiin ja niist\u00e4 pois. Nyky\u00e4\u00e4n henkil\u00f6t liikkuvat yksin tai seuralaisen kanssa. Kuurosokeiden el\u00e4m\u00e4st\u00e4 on tullut paljon itsen\u00e4isemp\u00e4\u00e4, normaalimpaa, itseohjautuvampaa ja yksil\u00f6llisemp\u00e4\u00e4. T\u00e4m\u00e4 on ominaista kaikille Eikholt:n toiminnoille.<\/p>\n\n\n\n<h2 class=\"wp-block-heading\"><strong>Vapaa-ajasta tietoihin ja taitoihin<\/strong><\/h2>\n\n\n\n<p>1970-luvun lopulla Olaf Fr\u00f8iland havaitsi, ett\u00e4 kuurosokeat tarvitsivat kipe\u00e4sti paikan, jossa he voisivat kokoontua yhteen ja jossa he voisivat viett\u00e4\u00e4 vapaa-aikaa. Kansallisesta keskuksesta ei ollut kokemusta. Fr\u00f8ilandin keskusteluissa kuurosokeiden kanssa he pitiv\u00e4t juuri virkistys- ja kohtaamispaikkoja suurena puutteena.<\/p>\n\n\n\n<p>Muita mahdollisuuksia ei juurikaan pohdittu. Kun Eikholt:st\u00e4 tuli todellisuutta, ei kest\u00e4nyt kauan, kun keskuksen k\u00e4ytt\u00e4j\u00e4t huomasivat, ett\u00e4 virkistys on hyv\u00e4 asia, mutta he kaipasivat toimintaa. Sama kokemus koettiin kohtaamispaikkatoiminnosta. Kaikki tiesiv\u00e4t, ett\u00e4 tapaaminen oli t\u00e4rke\u00e4\u00e4, mutta nopeasti nousi esiin uusi kysymys: Mist\u00e4 he puhuisivat pitk\u00e4ll\u00e4 aikav\u00e4lill\u00e4? Joku puuttui! N\u00e4ist\u00e4 reaktioista on Eikholt:ss\u00e4 syntynyt laaja kurssivalikoima ja tiedontuotanto. Niit\u00e4 on aina kehitetty tiiviiss\u00e4 yhteydess\u00e4 sivuston k\u00e4ytt\u00e4jien kanssa. Kukaan ei osaa paremmin sanoa, mit\u00e4 kuurosokeat tarvitsevat, kuin ne, jotka itse el\u00e4v\u00e4t t\u00e4m\u00e4n vamman kanssa.<\/p>\n\n\n\n<p>Koulutustoimintamme kattaa nyky\u00e4\u00e4n monenlaisia mahdollisuuksia.<br>Tarjontaa lis\u00e4t\u00e4\u00e4n jatkuvasti, ja osa lopetetaan yhteiskunnan kehityksen ja kohderyhm\u00e4n tarpeiden mukaan. Kurssit tarjoavat perinteisen tiedon lis\u00e4ksi my\u00f6s taitoja, koulutusta, kokeiluja ja uusia n\u00e4kemyksi\u00e4.<\/p>\n\n\n\n<p>T\u00e4ss\u00e4 n\u00e4et <a href=\"https:\/\/www.eikholt.no\/fi\/tilat\/\"><strong>laitoksemme<\/strong><\/a><\/p>\n\n\n\n<p>T\u00e4\u00e4lt\u00e4 voit lukea<strong> <a href=\"https:\/\/www.eikholt.no\/fi\/palvelut\/\">palvelumme<\/a><\/strong><\/p>\n\n\n\n<h2 class=\"wp-block-heading\">Onko teill\u00e4 kysytt\u00e4v\u00e4\u00e4? <\/h2>\n\n\n\n<p>Yhteystiedot l\u00f6yd\u00e4t t\u00e4\u00e4lt\u00e4:\u00a0\u00a0<strong><a href=\"https:\/\/www.eikholt.no\/fi\/ota-yhteytta\/\" target=\"_blank\" rel=\"noreferrer noopener\">Ota yhteytt\u00e4<\/a>\u00a0\u00a0<\/strong><\/p>\n\n\n\n<h2 class=\"wp-block-heading\">Haluatko lis\u00e4tietoja Eikholt:st\u00e4?<\/h2>\n\n\n\n<p>Lataa sovellus Info Screen Go App Storesta tai Google Playsta.<\/p>\n\n\n\n<p>K\u00e4yt\u00e4 koodia&nbsp;<strong>Eikholt80<\/strong><\/p>\n\n\n\n<figure class=\"wp-block-image\"><img loading=\"lazy\" decoding=\"async\" width=\"231\" height=\"300\" src=\"https:\/\/www.eikholt.no\/app\/uploads\/2024\/03\/My_App-1-231x300.png\" alt=\"\" class=\"wp-image-2599\" srcset=\"https:\/\/www.eikholt.no\/app\/uploads\/2024\/03\/My_App-1-231x300.png 231w, https:\/\/www.eikholt.no\/app\/uploads\/2024\/03\/My_App-1-790x1024.png 790w, https:\/\/www.eikholt.no\/app\/uploads\/2024\/03\/My_App-1-768x996.png 768w, https:\/\/www.eikholt.no\/app\/uploads\/2024\/03\/My_App-1-1185x1536.png 1185w, https:\/\/www.eikholt.no\/app\/uploads\/2024\/03\/My_App-1-1580x2048.png 1580w\" sizes=\"auto, (max-width: 231px) 100vw, 231px\" \/><\/figure>","protected":false},"excerpt":{"rendered":"<p>Konnerud koostui alun perin viidest\u00e4 tilasta. Eikholt oli yksi n\u00e4ist\u00e4 tiloista, joka raivattiin jo 1300-luvulla. Tilan Eikholt nykyiselle paikalle rakennettiin 1600-luvulla Hammerdammenin pato ja siihen liittyvi\u00e4 teollisuuslaitoksia, jotka liittyiv\u00e4t alueen kaivostoimintaan. Miten kaikki alkoi?  Aiemmin ei ollut mit\u00e4\u00e4n viitteit\u00e4 siit\u00e4, ett\u00e4 Eikholt:st\u00e4 ja Konnerudista tulisi keskeisi\u00e4 nimi\u00e4 Norjan kuurosokeiden historiassa. Se on yksi historian<\/p>","protected":false},"author":1,"featured_media":0,"parent":0,"menu_order":0,"comment_status":"closed","ping_status":"closed","template":"","meta":{"_acf_changed":false,"inline_featured_image":false,"ep_exclude_from_search":false,"footnotes":""},"class_list":["post-1029","page","type-page","status-publish","hentry"],"acf":[],"yoast_head":"<!-- This site is optimized with the Yoast SEO plugin v25.8 - https:\/\/yoast.com\/wordpress\/plugins\/seo\/ -->\n<title>Eikholt sin historie - Eikholt<\/title>\n<meta name=\"description\" content=\"At Eikholt og Konnerud skulle bli sentrale navn i norsk d\u00f8vblindehistorie, fantes det tidligere ikke noen indikasjoner p\u00e5. Det er en av historiens mange tilfeldigheter.\" \/>\n<meta name=\"robots\" content=\"index, follow, max-snippet:-1, max-image-preview:large, max-video-preview:-1\" \/>\n<link rel=\"canonical\" href=\"https:\/\/www.eikholt.no\/fi\/historia\/\" \/>\n<meta property=\"og:locale\" content=\"fi_FI\" \/>\n<meta property=\"og:type\" content=\"article\" \/>\n<meta property=\"og:title\" content=\"Eikholt sin historie - Eikholt\" \/>\n<meta property=\"og:description\" content=\"At Eikholt og Konnerud skulle bli sentrale navn i norsk d\u00f8vblindehistorie, fantes det tidligere ikke noen indikasjoner p\u00e5. Det er en av historiens mange tilfeldigheter.\" \/>\n<meta property=\"og:url\" content=\"https:\/\/www.eikholt.no\/fi\/historia\/\" \/>\n<meta property=\"og:site_name\" content=\"Eikholt\" \/>\n<meta property=\"article:publisher\" content=\"https:\/\/www.facebook.com\/eikholt.kompetansesenter\" \/>\n<meta property=\"article:modified_time\" content=\"2025-01-06T08:00:14+00:00\" \/>\n<meta property=\"og:image\" content=\"https:\/\/www.eikholt.no\/app\/uploads\/2023\/06\/Kongen.jpg\" \/>\n\t<meta property=\"og:image:width\" content=\"378\" \/>\n\t<meta property=\"og:image:height\" content=\"224\" \/>\n\t<meta property=\"og:image:type\" content=\"image\/jpeg\" \/>\n<meta name=\"twitter:card\" content=\"summary_large_image\" \/>\n<meta name=\"twitter:label1\" content=\"Est. reading time\" \/>\n\t<meta name=\"twitter:data1\" content=\"5 minutes\" \/>\n<script type=\"application\/ld+json\" class=\"yoast-schema-graph\">{\"@context\":\"https:\/\/schema.org\",\"@graph\":[{\"@type\":\"WebPage\",\"@id\":\"https:\/\/www.eikholt.no\/historikk\/\",\"url\":\"https:\/\/www.eikholt.no\/historikk\/\",\"name\":\"Eikholt sin historie - Eikholt\",\"isPartOf\":{\"@id\":\"https:\/\/www.eikholt.no\/#website\"},\"primaryImageOfPage\":{\"@id\":\"https:\/\/www.eikholt.no\/historikk\/#primaryimage\"},\"image\":{\"@id\":\"https:\/\/www.eikholt.no\/historikk\/#primaryimage\"},\"thumbnailUrl\":\"https:\/\/www.eikholt.no\/app\/uploads\/2023\/06\/Kongen.jpg\",\"datePublished\":\"2023-06-23T06:30:52+00:00\",\"dateModified\":\"2025-01-06T08:00:14+00:00\",\"description\":\"At Eikholt og Konnerud skulle bli sentrale navn i norsk d\u00f8vblindehistorie, fantes det tidligere ikke noen indikasjoner p\u00e5. Det er en av historiens mange tilfeldigheter.\",\"breadcrumb\":{\"@id\":\"https:\/\/www.eikholt.no\/historikk\/#breadcrumb\"},\"inLanguage\":\"fi\",\"potentialAction\":[{\"@type\":\"ReadAction\",\"target\":[\"https:\/\/www.eikholt.no\/historikk\/\"]}]},{\"@type\":\"ImageObject\",\"inLanguage\":\"fi\",\"@id\":\"https:\/\/www.eikholt.no\/historikk\/#primaryimage\",\"url\":\"https:\/\/www.eikholt.no\/app\/uploads\/2023\/06\/Kongen.jpg\",\"contentUrl\":\"https:\/\/www.eikholt.no\/app\/uploads\/2023\/06\/Kongen.jpg\"},{\"@type\":\"BreadcrumbList\",\"@id\":\"https:\/\/www.eikholt.no\/historikk\/#breadcrumb\",\"itemListElement\":[{\"@type\":\"ListItem\",\"position\":1,\"name\":\"Forside\",\"item\":\"https:\/\/www.eikholt.no\/\"},{\"@type\":\"ListItem\",\"position\":2,\"name\":\"Eikholt sin historie\"}]},{\"@type\":\"WebSite\",\"@id\":\"https:\/\/www.eikholt.no\/#website\",\"url\":\"https:\/\/www.eikholt.no\/\",\"name\":\"Eikholt\",\"description\":\"\",\"publisher\":{\"@id\":\"https:\/\/www.eikholt.no\/#organization\"},\"potentialAction\":[{\"@type\":\"SearchAction\",\"target\":{\"@type\":\"EntryPoint\",\"urlTemplate\":\"https:\/\/www.eikholt.no\/?s={search_term_string}\"},\"query-input\":{\"@type\":\"PropertyValueSpecification\",\"valueRequired\":true,\"valueName\":\"search_term_string\"}}],\"inLanguage\":\"fi\"},{\"@type\":\"Organization\",\"@id\":\"https:\/\/www.eikholt.no\/#organization\",\"name\":\"Eikholt\",\"url\":\"https:\/\/www.eikholt.no\/\",\"logo\":{\"@type\":\"ImageObject\",\"inLanguage\":\"fi\",\"@id\":\"https:\/\/www.eikholt.no\/#\/schema\/logo\/image\/\",\"url\":\"https:\/\/www.eikholt.no\/app\/uploads\/2024\/04\/cropped-Logo-Eikholt-ny.jpg\",\"contentUrl\":\"https:\/\/www.eikholt.no\/app\/uploads\/2024\/04\/cropped-Logo-Eikholt-ny.jpg\",\"width\":419,\"height\":209,\"caption\":\"Eikholt\"},\"image\":{\"@id\":\"https:\/\/www.eikholt.no\/#\/schema\/logo\/image\/\"},\"sameAs\":[\"https:\/\/www.facebook.com\/eikholt.kompetansesenter\"]}]}<\/script>\n<!-- \/ Yoast SEO plugin. -->","yoast_head_json":{"title":"Eikholt:n historia - Eikholt","description":"Aiemmin ei ollut mit\u00e4\u00e4n viitteit\u00e4 siit\u00e4, ett\u00e4 Eikholt:st\u00e4 ja Konnerudista tulisi Norjan kuurosokeiden historian keskeisi\u00e4 nimi\u00e4. Se on yksi historian monista yhteensattumista.","robots":{"index":"index","follow":"follow","max-snippet":"max-snippet:-1","max-image-preview":"max-image-preview:large","max-video-preview":"max-video-preview:-1"},"canonical":"https:\/\/www.eikholt.no\/fi\/historia\/","og_locale":"fi_FI","og_type":"article","og_title":"Eikholt sin historie - Eikholt","og_description":"At Eikholt og Konnerud skulle bli sentrale navn i norsk d\u00f8vblindehistorie, fantes det tidligere ikke noen indikasjoner p\u00e5. Det er en av historiens mange tilfeldigheter.","og_url":"https:\/\/www.eikholt.no\/fi\/historia\/","og_site_name":"Eikholt","article_publisher":"https:\/\/www.facebook.com\/eikholt.kompetansesenter","article_modified_time":"2025-01-06T08:00:14+00:00","og_image":[{"width":378,"height":224,"url":"https:\/\/www.eikholt.no\/app\/uploads\/2023\/06\/Kongen.jpg","type":"image\/jpeg"}],"twitter_card":"summary_large_image","twitter_misc":{"Est. reading time":"5 minutes"},"schema":{"@context":"https:\/\/schema.org","@graph":[{"@type":"WebPage","@id":"https:\/\/www.eikholt.no\/historikk\/","url":"https:\/\/www.eikholt.no\/historikk\/","name":"Eikholt:n historia - Eikholt","isPartOf":{"@id":"https:\/\/www.eikholt.no\/#website"},"primaryImageOfPage":{"@id":"https:\/\/www.eikholt.no\/historikk\/#primaryimage"},"image":{"@id":"https:\/\/www.eikholt.no\/historikk\/#primaryimage"},"thumbnailUrl":"https:\/\/www.eikholt.no\/app\/uploads\/2023\/06\/Kongen.jpg","datePublished":"2023-06-23T06:30:52+00:00","dateModified":"2025-01-06T08:00:14+00:00","description":"Aiemmin ei ollut mit\u00e4\u00e4n viitteit\u00e4 siit\u00e4, ett\u00e4 Eikholt:st\u00e4 ja Konnerudista tulisi Norjan kuurosokeiden historian keskeisi\u00e4 nimi\u00e4. Se on yksi historian monista yhteensattumista.","breadcrumb":{"@id":"https:\/\/www.eikholt.no\/historikk\/#breadcrumb"},"inLanguage":"fi","potentialAction":[{"@type":"ReadAction","target":["https:\/\/www.eikholt.no\/historikk\/"]}]},{"@type":"ImageObject","inLanguage":"fi","@id":"https:\/\/www.eikholt.no\/historikk\/#primaryimage","url":"https:\/\/www.eikholt.no\/app\/uploads\/2023\/06\/Kongen.jpg","contentUrl":"https:\/\/www.eikholt.no\/app\/uploads\/2023\/06\/Kongen.jpg"},{"@type":"BreadcrumbList","@id":"https:\/\/www.eikholt.no\/historikk\/#breadcrumb","itemListElement":[{"@type":"ListItem","position":1,"name":"Forside","item":"https:\/\/www.eikholt.no\/"},{"@type":"ListItem","position":2,"name":"Eikholt sin historie"}]},{"@type":"WebSite","@id":"https:\/\/www.eikholt.no\/#website","url":"https:\/\/www.eikholt.no\/","name":"Eikholt","description":"","publisher":{"@id":"https:\/\/www.eikholt.no\/#organization"},"potentialAction":[{"@type":"SearchAction","target":{"@type":"EntryPoint","urlTemplate":"https:\/\/www.eikholt.no\/?s={search_term_string}"},"query-input":{"@type":"PropertyValueSpecification","valueRequired":true,"valueName":"search_term_string"}}],"inLanguage":"fi"},{"@type":"Organization","@id":"https:\/\/www.eikholt.no\/#organization","name":"Eikholt","url":"https:\/\/www.eikholt.no\/","logo":{"@type":"ImageObject","inLanguage":"fi","@id":"https:\/\/www.eikholt.no\/#\/schema\/logo\/image\/","url":"https:\/\/www.eikholt.no\/app\/uploads\/2024\/04\/cropped-Logo-Eikholt-ny.jpg","contentUrl":"https:\/\/www.eikholt.no\/app\/uploads\/2024\/04\/cropped-Logo-Eikholt-ny.jpg","width":419,"height":209,"caption":"Eikholt"},"image":{"@id":"https:\/\/www.eikholt.no\/#\/schema\/logo\/image\/"},"sameAs":["https:\/\/www.facebook.com\/eikholt.kompetansesenter"]}]}},"_links":{"self":[{"href":"https:\/\/www.eikholt.no\/fi\/wp-json\/wp\/v2\/pages\/1029","targetHints":{"allow":["GET"]}}],"collection":[{"href":"https:\/\/www.eikholt.no\/fi\/wp-json\/wp\/v2\/pages"}],"about":[{"href":"https:\/\/www.eikholt.no\/fi\/wp-json\/wp\/v2\/types\/page"}],"author":[{"embeddable":true,"href":"https:\/\/www.eikholt.no\/fi\/wp-json\/wp\/v2\/users\/1"}],"replies":[{"embeddable":true,"href":"https:\/\/www.eikholt.no\/fi\/wp-json\/wp\/v2\/comments?post=1029"}],"version-history":[{"count":4,"href":"https:\/\/www.eikholt.no\/fi\/wp-json\/wp\/v2\/pages\/1029\/revisions"}],"predecessor-version":[{"id":4091,"href":"https:\/\/www.eikholt.no\/fi\/wp-json\/wp\/v2\/pages\/1029\/revisions\/4091"}],"wp:attachment":[{"href":"https:\/\/www.eikholt.no\/fi\/wp-json\/wp\/v2\/media?parent=1029"}],"curies":[{"name":"wp","href":"https:\/\/api.w.org\/{rel}","templated":true}]}}