{"id":1047,"date":"2026-03-03T14:10:01","date_gmt":"2026-03-03T14:10:01","guid":{"rendered":"https:\/\/www.eikholt.no\/?page_id=1047"},"modified":"2026-03-03T14:10:02","modified_gmt":"2026-03-03T14:10:02","slug":"oikeudet","status":"publish","type":"page","link":"https:\/\/www.eikholt.no\/fi\/oikeudet\/","title":{"rendered":"Oikeudet"},"content":{"rendered":"<details class=\"wp-block-sail-accordion\"><summary class=\"--title\">Mist\u00e4 haluatte lukea?<\/summary><main class=\"--content\">\n<p><a href=\"#Tilpasningskurs-for-personer-med-d\u00f8vblindhet\"><strong>R\u00e4\u00e4t\u00e4l\u00f6intikurssit kuurosokeille henkil\u00f6ille<\/strong><\/a><\/p>\n\n\n\n<p><strong><a href=\"#Refusjon-av-reiseutgifter-for-kursdeltakere\">Matkakulujen korvaaminen<\/a><\/strong><\/p>\n\n\n\n<p><strong><a href=\"#Utgifter-for-ledsager\">Hoivakodeissa asuvien kuurosokeiden henkil\u00f6iden seuralaiskulut.<\/a><\/strong><\/p>\n\n\n\n<p><strong><a href=\"#N\u00e5r-p\u00e5r\u00f8rende-deltar-p\u00e5-tilpasningskurs-som-ledsagere\">Kun sukulaiset osallistuvat sopeutumisvalmennuskursseille seuralaisina.<\/a><\/strong><\/p>\n\n\n\n<p id=\"Oppl\u00e6ringspenger\"><strong><a href=\"#Oppl\u00e6ringspenger-tilpasningskurs\">Koulutusavustus NAV:n mukauttamiskursseille osallistumisesta<\/a><\/strong><\/p>\n\n\n\n<p><strong><a href=\"#Gr\u00f8nt-kort\">Vihre\u00e4 kortti<\/a><\/strong><\/p>\n<\/main><\/details>\n\n\n\n<h2 class=\"wp-block-heading\" id=\"Tilpasningskurs-for-personer-med-d\u00f8vblindhet\">R\u00e4\u00e4t\u00e4l\u00f6intikurssit kuurosokeille henkil\u00f6ille<\/h2>\n\n\n\n<p>Kuurosokeille suunnatut sopeutumisvalmennuskurssit ovat t\u00e4rke\u00e4 voimavara, jonka avulla voidaan vahvistaa kuurosokeiden kyky\u00e4 selviyty\u00e4 arjessa ja ty\u00f6el\u00e4m\u00e4ss\u00e4. Norjassa kuurosokeilla on oikeus t\u00e4llaisiin kursseihin kansallisen vakuutuslain 10-7 \u00a7:n nojalla. Oikeus voi koskea my\u00f6s l\u00e4heisi\u00e4\/l\u00e4heisi\u00e4.<\/p>\n\n\n\n<p>Kursseja voidaan j\u00e4rjest\u00e4\u00e4 sek\u00e4 ryhm\u00e4- ett\u00e4 yksil\u00f6kursseina, ja ne voidaan j\u00e4rjest\u00e4\u00e4 Eikholt:ss\u00e4, joka vastaa r\u00e4\u00e4t\u00e4l\u00f6intikursseista valtakunnallisesti, k\u00e4ytt\u00e4j\u00e4n kotona, ty\u00f6paikalla tai opiskelupaikassa.<\/p>\n\n\n\n<h3 class=\"wp-block-heading\" id=\"Refusjon-av-reiseutgifter-for-kursdeltakere\"><strong>Kurssilaisten matkakulujen korvaaminen<\/strong><\/h3>\n\n\n\n<p>Kun kurssilaiset tulevat Eikholt:n NAV-mukautuskursseille, heill\u00e4 on oikeus matkakulujen korvaukseen. On t\u00e4rke\u00e4\u00e4 muistaa, ett\u00e4 <strong>NAV korvaa halvimman matkustustavan.<\/strong><\/p>\n\n\n\n<p><strong>Poikkeukset:<\/strong><\/p>\n\n\n\n<p>NAV kattaa halvimman liikennemuodon, mutta joitakin poikkeuksia on olemassa. Sinulla on oikeus saada korvaus muusta kuin halvimmasta aikataulun mukaisesta kuljetuksesta, jos:<\/p>\n\n\n\n<ul class=\"wp-block-list\">\n<li>vammaisuutesi vuoksi se on v\u00e4ltt\u00e4m\u00e4t\u00f6nt\u00e4<\/li>\n\n\n\n<li>viestint\u00e4olosuhteet edellytt\u00e4v\u00e4t sit\u00e4, esimerkiksi jos reitill\u00e4 ei ole julkista liikennett\u00e4.<\/li>\n\n\n\n<li>muiden kulkuneuvojen k\u00e4yt\u00f6st\u00e4 aiheutuvat kokonaiskustannukset eiv\u00e4t ole korkeammat kuin julkisen liikenteen k\u00e4yt\u00f6st\u00e4 aiheutuvat kustannukset.&nbsp;<\/li>\n<\/ul>\n\n\n\n<p>K\u00e4ytt\u00e4j\u00e4n on liitett\u00e4v\u00e4 hakemukseensa asiakirjat siit\u00e4, miksi kalliimpi matka oli tarpeen. Linkki hakemuslomakkeeseen on alempana, ja t\u00e4\u00e4lt\u00e4 l\u00f6yd\u00e4t lis\u00e4tietoja vaadittavista asiakirjoista.&nbsp;<\/p>\n\n\n\n<h3 class=\"wp-block-heading\"><strong>Matkahakemus<\/strong><\/h3>\n\n\n\n<p>Jos et kurssilaisena pysty matkustamaan, NAV Labour and Benefits voi tehd\u00e4 hakemuksen. T\u00e4ss\u00e4 tapauksessa sinun on otettava yhteytt\u00e4 NAV:iin hyviss\u00e4 ajoin ennen matkaa. Puhelin:<a href=\"puh:45614404\"><strong>55 55 33 33<\/strong><\/a><\/p>\n\n\n\n<p><strong>Lue lis\u00e4\u00e4 matkakuluista NAVin verkkosivuilta:<\/strong><\/p>\n\n\n\n<p><a href=\"https:\/\/www.nav.no\/reiseutgifter \">https:\/\/www.nav.no\/reiseutgifter <\/a><\/p>\n\n\n\n<p><strong>Korvaushakemuslomake:&nbsp;<\/strong><\/p>\n\n\n\n<p><a href=\"https:\/\/nav.no\/soknader\">https:\/\/www.nav.no\/soknader<\/a><\/p>\n\n\n\n<p><strong>Voit lukea lis\u00e4\u00e4 NAVin sopeutumiskursseista NAVin verkkosivuilta: <\/strong><\/p>\n\n\n\n<p><a href=\"https:\/\/www.nav.no\/tilpasningskurs#hvem\">Sopeutumiskurssi - nav.no<\/a><\/p>\n\n\n\n<h2 class=\"wp-block-heading\" id=\"Utgifter-for-ledsager\"><strong>Hoivakodeissa asuvien kuurosokeiden henkil\u00f6iden seuralaiskulut.<\/strong><\/h2>\n\n\n\n<p><strong>Kansallinen vakuutusj\u00e4rjestelm\u00e4 kattaa kuurosokeille suunnatuille sopeutumisvalmennuskursseille osallistuvalle saattajalle\/k\u00e4yt\u00e4nn\u00f6lliselle avustajalle aiheutuvat kulut.<\/strong><\/p>\n\n\n\n<p>Vuonna 2020 Norjan ty\u00f6- ja sosiaalihallinto (NAV) totesi, ett\u00e4 kansallinen vakuutusj\u00e4rjestelm\u00e4 kattaa hoitokodeissa asuvien kuurosokeiden henkil\u00f6iden saattajista aiheutuvat lis\u00e4kulut osallistuttaessa kuurosokeille suunnattuihin sopeutumisvalmennuskursseihin.<\/p>\n\n\n\n<p>Synnynn\u00e4isesti kuurosokeat henkil\u00f6t voivat harvoin k\u00e4ytt\u00e4\u00e4 NAV-tulkkipalvelun tulkkia. Yleens\u00e4 t\u00e4t\u00e4 k\u00e4ytt\u00e4j\u00e4ryhm\u00e4\u00e4 seuraa asumisen ja\/tai p\u00e4iv\u00e4keskusten henkil\u00f6kunta. T\u00e4m\u00e4n henkil\u00f6kunnan tulisi olla mukana sopeutumisvalmennuskursseilla. T\u00e4st\u00e4 aiheutuu kunnalle lis\u00e4kustannuksia. NAV kattaa n\u00e4m\u00e4 saattajakustannukset.<\/p>\n\n\n\n<h3 class=\"wp-block-heading\"><strong>Miten t\u00e4m\u00e4 tehd\u00e4\u00e4n?<\/strong><\/h3>\n\n\n\n<p>Eikholt sopii sen kunnan\/organisaation kanssa, jossa kurssilainen asuu tai jossa h\u00e4n saa p\u00e4iv\u00e4ohjelmansa, ett\u00e4 se korvaa ylim\u00e4\u00e4r\u00e4iset kulut, jotka aiheutuvat saattajasta ja k\u00e4yt\u00e4nn\u00f6n avusta, jotka ylitt\u00e4v\u00e4t kunnan\/organisaation vastuulla olevat kulut. Eikholt kattaa saattajan kulut, ja NAV korvaa ne kurssin p\u00e4\u00e4tytty\u00e4. <\/p>\n\n\n\n<h3 class=\"wp-block-heading\" id=\"N\u00e5r-p\u00e5r\u00f8rende-deltar-p\u00e5-tilpasningskurs-som-ledsagere\"><strong>Kun sukulaiset osallistuvat sopeutumisvalmennuskursseille seuralaisina.<\/strong><\/h3>\n\n\n\n<p>Kun sukulaiset osallistuvat matkaseurana, heill\u00e4 ei ole oikeutta sairausp\u00e4iv\u00e4rahaan. Heid\u00e4n on sitten haettava korvausta menetetyist\u00e4 tuloista kurssin j\u00e4lkeen.&nbsp;<\/p>\n\n\n\n<p>T\u00e4m\u00e4 tapahtuu lomakkeen kautta: <em>10.07.16 Matkakulut, jotka liittyv\u00e4t proteesin, ortoosin, erityiskenkien, jalkopohjan, rintaproteesin, kasvovirheproteesin, silm\u00e4proteesin, peruukin, sopeutumisvalmennuskurssin, kansanopiston tai perusmallin tarpeeseen.<\/em><\/p>\n\n\n\n<p><strong>Linkki hakulomakkeeseen:&nbsp;<\/strong><\/p>\n\n\n\n<p><a href=\"https:\/\/www.nav.no\/fyllut\/nav100716\">Matkakulujen korvaushakemus<\/a><\/p>\n\n\n\n<h4 class=\"wp-block-heading\"><strong>Vaaditut asiakirjat<\/strong><\/h4>\n\n\n\n<p><strong>Tarvitaan kumppania:<\/strong><\/p>\n\n\n\n<p>Jotta menetetyt tulot voidaan korvata, terapeutin on dokumentoitava, ett\u00e4 sinun on v\u00e4ltt\u00e4m\u00e4t\u00f6nt\u00e4 ottaa mukaan seuralainen. T\u00e4m\u00e4n voi dokumentoida yleisl\u00e4\u00e4k\u00e4risi. <em>Korvaus voidaan my\u00f6nt\u00e4\u00e4 my\u00f6s saattajalle, mutta terapeutin on dokumentoitava, ett\u00e4 saattaja on v\u00e4ltt\u00e4m\u00e4t\u00f6n, <\/em>vrt. kansanvakuutuslain 10-7 \u00a7.<\/p>\n\n\n\n<p><strong>Menetetyt ty\u00f6tulot:&nbsp;<\/strong><\/p>\n\n\n\n<p>Lis\u00e4ksi on esitett\u00e4v\u00e4 asiakirjat, joista k\u00e4y ilmi, kuinka paljon rahaa seuralainen on menett\u00e4nyt poissaolollaan ty\u00f6st\u00e4. T\u00e4m\u00e4 voi olla palkkatodistus, josta k\u00e4y ilmi palkasta tehdyt v\u00e4hennykset.&nbsp;<\/p>\n\n\n\n<h2 class=\"wp-block-heading\" id=\"Oppl\u00e6ringspenger-tilpasningskurs\">Koulutusavustus NAV:n mukauttamiskursseille osallistumisesta<\/h2>\n\n\n\n<p>Voit saada koulutuskorvausta, jos joudut olemaan poissa t\u00f6ist\u00e4 NAV:n sopeutumisvalmennuskurssien vuoksi. T\u00e4m\u00e4 koskee niit\u00e4, jotka tarvitsevat koulutusta vammaisen tai pitk\u00e4aikaissairaan henkil\u00f6n hoitamiseksi.<\/p>\n\n\n\n<p><strong>Oikeus koulutuskorvaukseen edellytt\u00e4\u00e4:<\/strong><\/p>\n\n\n\n<ul class=\"wp-block-list\">\n<li>Koulutus on v\u00e4ltt\u00e4m\u00e4t\u00f6nt\u00e4. L\u00e4\u00e4k\u00e4rin on todistettava t\u00e4m\u00e4.<\/li>\n\n\n\n<li>Sinun vuositulosi on oltava v\u00e4hint\u00e4\u00e4n 65 080 Norjan kruunua.<\/li>\n\n\n\n<li>Ty\u00f6aikasi tai tulosi ovat v\u00e4hentyneet v\u00e4hint\u00e4\u00e4n 20%.<\/li>\n\n\n\n<li>Olet alle 70-vuotias<\/li>\n\n\n\n<li>Periaatteessa sinun on oltava ty\u00f6skennellyt v\u00e4hint\u00e4\u00e4n nelj\u00e4 viikkoa ennen koulutusohjelman alkamista, jotta voit saada koulutusp\u00e4iv\u00e4rahaa. T\u00e4st\u00e4 on useita poikkeuksia. Sairausp\u00e4iv\u00e4raha, ty\u00f6tt\u00f6myyskorvaus, vanhempain- ja raskausp\u00e4iv\u00e4raha, hoito-, koulutus- ja hoitotuki sek\u00e4 palkaton loma voivat my\u00f6s oikeuttaa t\u00e4h\u00e4n etuuteen.<\/li>\n\n\n\n<li>ett\u00e4 olet kansallisen vakuutusj\u00e4rjestelm\u00e4n j\u00e4sen.<\/li>\n<\/ul>\n\n\n\n<h3 class=\"wp-block-heading\"><strong>Kuka voi saada koulutusrahaa<\/strong><\/h3>\n\n\n\n<ul class=\"wp-block-list\">\n<li>Vanhemmat, ottovanhemmat ja sijaisvanhemmat<\/li>\n\n\n\n<li>Muut l\u00e4heiset hoitajat, joilla on selke\u00e4 rooli lapsen hoidossa.<\/li>\n<\/ul>\n\n\n\n<p><strong>Lue lis\u00e4\u00e4 koulutuskorvauksesta Navin verkkosivuilta:<\/strong><\/p>\n\n\n\n<p><a href=\"https:\/\/www.nav.no\/opplaringspenger\">Koulutuskorvaus - nav.no<\/a><\/p>\n\n\n\n<h3 class=\"wp-block-heading\" id=\"Gr\u00f8nt-kort\"><strong>Vihre\u00e4 kortti<\/strong><\/h3>\n\n\n\n<p>Vihre\u00e4 kortti antaa k\u00e4ytt\u00e4j\u00e4lle yhden ilmaisen matkustajan julkiseen liikenteeseen, ei lentoihin. K\u00e4ytt\u00e4j\u00e4 saa my\u00f6s kanta-asiakasalennuksen. Sen my\u00f6nt\u00e4v\u00e4t aluekeskukset, ja henkil\u00f6 on tunnistettava kuurosokeaksi.<\/p>\n\n\n\n<p>Voit lukea t\u00e4st\u00e4 lis\u00e4\u00e4 kuurosokeiden kansallisen neuvontapalvelun verkkosivuilta:<a href=\"https:\/\/www.dovblindhet.no\/hva-kan-hjelpe\/gront-kort\/\"> Vihre\u00e4 kortti<\/a><\/p>\n\n\n\n<h3 class=\"wp-block-heading\">Onko sinulla kysytt\u00e4v\u00e4\u00e4 oikeuksista?<\/h3>\n\n\n\n<p>Ota yhteytt\u00e4 neuvonantajaan ja sosiaality\u00f6ntekij\u00e4\u00e4n. <a href=\"mailto:victoria.falen@eikholt.no\"><strong>victoria.falen@eikholt.no<\/strong><\/a><\/p>\n\n\n\n<h2 class=\"wp-block-heading\"><strong>Onko sinulla kysytt\u00e4v\u00e4\u00e4 yhdistetyst\u00e4 n\u00e4k\u00f6- ja kuulovammasta?<\/strong><\/h2>\n\n\n\n<p><a href=\"https:\/\/www.eikholt.no\/fi\/ota-yhteytta\/\">Ota yhteytt\u00e4 - Eikholt<\/a><\/p>\n\n\n\n<p id=\"Oppl\u00e6ringspenger\"><\/p>\n\n\n\n<p><\/p>","protected":false},"excerpt":{"rendered":"<p>Sopeutumisvalmennuskurssit kuurosokeille Sopeutumisvalmennuskurssit kuurosokeille ovat t\u00e4rke\u00e4 voimavara, jonka avulla vahvistetaan kyky\u00e4 selviyty\u00e4 arjessa ja ty\u00f6el\u00e4m\u00e4ss\u00e4. Norjassa kuurosokeilla on oikeus t\u00e4llaisiin kursseihin kansallisen vakuutuslain 10-7 \u00a7:n nojalla. Oikeus voi koskea my\u00f6s l\u00e4heisi\u00e4\/l\u00e4heisi\u00e4. Kursseja voidaan j\u00e4rjest\u00e4\u00e4 sek\u00e4 ryhm\u00e4kursseina ett\u00e4 yksil\u00f6llisesti.<\/p>","protected":false},"author":1,"featured_media":0,"parent":0,"menu_order":0,"comment_status":"closed","ping_status":"closed","template":"","meta":{"_acf_changed":false,"inline_featured_image":false,"ep_exclude_from_search":false,"footnotes":""},"class_list":["post-1047","page","type-page","status-publish","hentry"],"acf":[],"yoast_head":"<!-- This site is optimized with the Yoast SEO plugin v25.8 - https:\/\/yoast.com\/wordpress\/plugins\/seo\/ -->\n<title>Rettigheter - Eikholt<\/title>\n<meta name=\"description\" content=\"Les om rettigheter knyttet til NAV-tilpasningskurs ved Eikholt. Har du sp\u00f8rsm\u00e5l om refusjon av reiseutgifter? Dekkes kostnader for ledsager og p\u00e5r\u00f8rende?\" \/>\n<meta name=\"robots\" content=\"index, follow, max-snippet:-1, max-image-preview:large, max-video-preview:-1\" \/>\n<link rel=\"canonical\" href=\"https:\/\/www.eikholt.no\/fi\/oikeudet\/\" \/>\n<meta property=\"og:locale\" content=\"fi_FI\" \/>\n<meta property=\"og:type\" content=\"article\" \/>\n<meta property=\"og:title\" content=\"Rettigheter - Eikholt\" \/>\n<meta property=\"og:description\" content=\"Les om rettigheter knyttet til NAV-tilpasningskurs ved Eikholt. Har du sp\u00f8rsm\u00e5l om refusjon av reiseutgifter? Dekkes kostnader for ledsager og p\u00e5r\u00f8rende?\" \/>\n<meta property=\"og:url\" content=\"https:\/\/www.eikholt.no\/fi\/oikeudet\/\" \/>\n<meta property=\"og:site_name\" content=\"Eikholt\" \/>\n<meta property=\"article:publisher\" content=\"https:\/\/www.facebook.com\/eikholt.kompetansesenter\" \/>\n<meta property=\"article:modified_time\" content=\"2026-03-03T14:10:02+00:00\" \/>\n<meta name=\"twitter:card\" content=\"summary_large_image\" \/>\n<meta name=\"twitter:label1\" content=\"Est. reading time\" \/>\n\t<meta name=\"twitter:data1\" content=\"5 minutes\" \/>\n<script type=\"application\/ld+json\" class=\"yoast-schema-graph\">{\"@context\":\"https:\/\/schema.org\",\"@graph\":[{\"@type\":\"WebPage\",\"@id\":\"https:\/\/www.eikholt.no\/rettigheter\/\",\"url\":\"https:\/\/www.eikholt.no\/rettigheter\/\",\"name\":\"Rettigheter - Eikholt\",\"isPartOf\":{\"@id\":\"https:\/\/www.eikholt.no\/#website\"},\"datePublished\":\"2026-03-03T14:10:01+00:00\",\"dateModified\":\"2026-03-03T14:10:02+00:00\",\"description\":\"Les om rettigheter knyttet til NAV-tilpasningskurs ved Eikholt. Har du sp\u00f8rsm\u00e5l om refusjon av reiseutgifter? Dekkes kostnader for ledsager og p\u00e5r\u00f8rende?\",\"breadcrumb\":{\"@id\":\"https:\/\/www.eikholt.no\/rettigheter\/#breadcrumb\"},\"inLanguage\":\"fi\",\"potentialAction\":[{\"@type\":\"ReadAction\",\"target\":[\"https:\/\/www.eikholt.no\/rettigheter\/\"]}]},{\"@type\":\"BreadcrumbList\",\"@id\":\"https:\/\/www.eikholt.no\/rettigheter\/#breadcrumb\",\"itemListElement\":[{\"@type\":\"ListItem\",\"position\":1,\"name\":\"Forside\",\"item\":\"https:\/\/www.eikholt.no\/\"},{\"@type\":\"ListItem\",\"position\":2,\"name\":\"Rettigheter\"}]},{\"@type\":\"WebSite\",\"@id\":\"https:\/\/www.eikholt.no\/#website\",\"url\":\"https:\/\/www.eikholt.no\/\",\"name\":\"Eikholt\",\"description\":\"\",\"publisher\":{\"@id\":\"https:\/\/www.eikholt.no\/#organization\"},\"potentialAction\":[{\"@type\":\"SearchAction\",\"target\":{\"@type\":\"EntryPoint\",\"urlTemplate\":\"https:\/\/www.eikholt.no\/?s={search_term_string}\"},\"query-input\":{\"@type\":\"PropertyValueSpecification\",\"valueRequired\":true,\"valueName\":\"search_term_string\"}}],\"inLanguage\":\"fi\"},{\"@type\":\"Organization\",\"@id\":\"https:\/\/www.eikholt.no\/#organization\",\"name\":\"Eikholt\",\"url\":\"https:\/\/www.eikholt.no\/\",\"logo\":{\"@type\":\"ImageObject\",\"inLanguage\":\"fi\",\"@id\":\"https:\/\/www.eikholt.no\/#\/schema\/logo\/image\/\",\"url\":\"https:\/\/www.eikholt.no\/app\/uploads\/2024\/04\/cropped-Logo-Eikholt-ny.jpg\",\"contentUrl\":\"https:\/\/www.eikholt.no\/app\/uploads\/2024\/04\/cropped-Logo-Eikholt-ny.jpg\",\"width\":419,\"height\":209,\"caption\":\"Eikholt\"},\"image\":{\"@id\":\"https:\/\/www.eikholt.no\/#\/schema\/logo\/image\/\"},\"sameAs\":[\"https:\/\/www.facebook.com\/eikholt.kompetansesenter\"]}]}<\/script>\n<!-- \/ Yoast SEO plugin. -->","yoast_head_json":{"title":"Oikeudet - Eikholt","description":"Lue NAV-sopeutuskursseihin liittyvist\u00e4 oikeuksista Eikholt:ss\u00e4. Onko sinulla kysytt\u00e4v\u00e4\u00e4 matkakustannusten korvaamisesta? Korvataanko seuralaisen ja sukulaisten kustannukset?","robots":{"index":"index","follow":"follow","max-snippet":"max-snippet:-1","max-image-preview":"max-image-preview:large","max-video-preview":"max-video-preview:-1"},"canonical":"https:\/\/www.eikholt.no\/fi\/oikeudet\/","og_locale":"fi_FI","og_type":"article","og_title":"Rettigheter - Eikholt","og_description":"Les om rettigheter knyttet til NAV-tilpasningskurs ved Eikholt. Har du sp\u00f8rsm\u00e5l om refusjon av reiseutgifter? Dekkes kostnader for ledsager og p\u00e5r\u00f8rende?","og_url":"https:\/\/www.eikholt.no\/fi\/oikeudet\/","og_site_name":"Eikholt","article_publisher":"https:\/\/www.facebook.com\/eikholt.kompetansesenter","article_modified_time":"2026-03-03T14:10:02+00:00","twitter_card":"summary_large_image","twitter_misc":{"Est. reading time":"5 minutes"},"schema":{"@context":"https:\/\/schema.org","@graph":[{"@type":"WebPage","@id":"https:\/\/www.eikholt.no\/rettigheter\/","url":"https:\/\/www.eikholt.no\/rettigheter\/","name":"Oikeudet - Eikholt","isPartOf":{"@id":"https:\/\/www.eikholt.no\/#website"},"datePublished":"2026-03-03T14:10:01+00:00","dateModified":"2026-03-03T14:10:02+00:00","description":"Lue NAV-sopeutuskursseihin liittyvist\u00e4 oikeuksista Eikholt:ss\u00e4. Onko sinulla kysytt\u00e4v\u00e4\u00e4 matkakustannusten korvaamisesta? Korvataanko seuralaisen ja sukulaisten kustannukset?","breadcrumb":{"@id":"https:\/\/www.eikholt.no\/rettigheter\/#breadcrumb"},"inLanguage":"fi","potentialAction":[{"@type":"ReadAction","target":["https:\/\/www.eikholt.no\/rettigheter\/"]}]},{"@type":"BreadcrumbList","@id":"https:\/\/www.eikholt.no\/rettigheter\/#breadcrumb","itemListElement":[{"@type":"ListItem","position":1,"name":"Forside","item":"https:\/\/www.eikholt.no\/"},{"@type":"ListItem","position":2,"name":"Rettigheter"}]},{"@type":"WebSite","@id":"https:\/\/www.eikholt.no\/#website","url":"https:\/\/www.eikholt.no\/","name":"Eikholt","description":"","publisher":{"@id":"https:\/\/www.eikholt.no\/#organization"},"potentialAction":[{"@type":"SearchAction","target":{"@type":"EntryPoint","urlTemplate":"https:\/\/www.eikholt.no\/?s={search_term_string}"},"query-input":{"@type":"PropertyValueSpecification","valueRequired":true,"valueName":"search_term_string"}}],"inLanguage":"fi"},{"@type":"Organization","@id":"https:\/\/www.eikholt.no\/#organization","name":"Eikholt","url":"https:\/\/www.eikholt.no\/","logo":{"@type":"ImageObject","inLanguage":"fi","@id":"https:\/\/www.eikholt.no\/#\/schema\/logo\/image\/","url":"https:\/\/www.eikholt.no\/app\/uploads\/2024\/04\/cropped-Logo-Eikholt-ny.jpg","contentUrl":"https:\/\/www.eikholt.no\/app\/uploads\/2024\/04\/cropped-Logo-Eikholt-ny.jpg","width":419,"height":209,"caption":"Eikholt"},"image":{"@id":"https:\/\/www.eikholt.no\/#\/schema\/logo\/image\/"},"sameAs":["https:\/\/www.facebook.com\/eikholt.kompetansesenter"]}]}},"_links":{"self":[{"href":"https:\/\/www.eikholt.no\/fi\/wp-json\/wp\/v2\/pages\/1047","targetHints":{"allow":["GET"]}}],"collection":[{"href":"https:\/\/www.eikholt.no\/fi\/wp-json\/wp\/v2\/pages"}],"about":[{"href":"https:\/\/www.eikholt.no\/fi\/wp-json\/wp\/v2\/types\/page"}],"author":[{"embeddable":true,"href":"https:\/\/www.eikholt.no\/fi\/wp-json\/wp\/v2\/users\/1"}],"replies":[{"embeddable":true,"href":"https:\/\/www.eikholt.no\/fi\/wp-json\/wp\/v2\/comments?post=1047"}],"version-history":[{"count":57,"href":"https:\/\/www.eikholt.no\/fi\/wp-json\/wp\/v2\/pages\/1047\/revisions"}],"predecessor-version":[{"id":5865,"href":"https:\/\/www.eikholt.no\/fi\/wp-json\/wp\/v2\/pages\/1047\/revisions\/5865"}],"wp:attachment":[{"href":"https:\/\/www.eikholt.no\/fi\/wp-json\/wp\/v2\/media?parent=1047"}],"curies":[{"name":"wp","href":"https:\/\/api.w.org\/{rel}","templated":true}]}}