{"id":1049,"date":"2023-06-23T08:07:29","date_gmt":"2023-06-23T08:07:29","guid":{"rendered":"https:\/\/www.eikholt.no\/?page_id=1049"},"modified":"2023-06-23T08:09:38","modified_gmt":"2023-06-23T08:09:38","slug":"englanti","status":"publish","type":"page","link":"https:\/\/www.eikholt.no\/fi\/englanti\/","title":{"rendered":"Englanti"},"content":{"rendered":"<p>Eikholt on kansallinen huippuosaamiskeskus, joka tarjoaa monitieteist\u00e4 ja laaja-alaista tietoa ja koulutusta yhdistetyn n\u00e4k\u00f6- ja kuulovamman sek\u00e4 kuurosokeuden alalla. Keskus sijaitsee kauniissa ymp\u00e4rist\u00f6ss\u00e4 l\u00e4hell\u00e4 Drammenin kaupunkia, 30 km Oslosta l\u00e4nteen.<\/p>\n\n\n\n<p><strong>Kohderyhm\u00e4t:<\/strong><\/p>\n\n\n\n<ul class=\"wp-block-list\">\n<li>henkil\u00f6t, joilla on yhdistetty n\u00e4k\u00f6- ja kuulovamma\/kuurosokeus.<\/li>\n\n\n\n<li>ammattilaiset<\/li>\n\n\n\n<li>l\u00e4hiomaiset<\/li>\n<\/ul>\n\n\n\n<p><strong>Tarjoamme:<\/strong><\/p>\n\n\n\n<ul class=\"wp-block-list\">\n<li>kuntoutus ty\u00f6el\u00e4m\u00e4\u00e4n, opiskeluun ja arkeen<\/li>\n\n\n\n<li>vaihtoehtoista viestint\u00e4\u00e4 koskeva koulutus<\/li>\n\n\n\n<li>n\u00e4\u00f6n ja kuulon optimointi<\/li>\n\n\n\n<li>tutkimus<\/li>\n\n\n\n<li>koulutus ja sopeutuminen tietotekniikkaan<\/li>\n\n\n\n<li>yksil\u00f6llisiin tarpeisiin r\u00e4\u00e4t\u00e4l\u00f6idyt seminaarit ja palvelut<\/li>\n\n\n\n<li>k\u00e4ytt\u00e4jien, perheiden ja ammattilaisten kohtaamispaikka<\/li>\n<\/ul>\n\n\n\n<p>Eikholt-keskus on r\u00e4\u00e4t\u00e4l\u00f6ity n\u00e4k\u00f6- ja kuulovammaisten henkil\u00f6iden tarpeisiin valaistuksen, kontrasti- ja v\u00e4ritietoisen suunnittelun, teleloopin sek\u00e4 j\u00e4\u00e4tt\u00f6mien ja opastettujen luontopolkujen avulla. Eikholt on voittoa tavoittelematon laitos, jonka omistaa Eikholt-s\u00e4\u00e4ti\u00f6 ja jota rahoittaa Norjan hallitus.<\/p>\n\n\n\n<p><a href=\"https:\/\/www.eikholt.no\/fi\/sovellus\/lataukset\/2023\/06\/eikholt-english-presentatione-2017-1-pdf\/\">Eikholt - Englanninkielinen esitys 2017<\/a><\/p>","protected":false},"excerpt":{"rendered":"<p>Eikholt on kansallinen huippuosaamiskeskus, joka tarjoaa monitieteist\u00e4 ja laaja-alaista tietoa ja koulutusta yhdistetyn n\u00e4k\u00f6- ja kuulovamman sek\u00e4 kuurosokeuden alalla. Keskus sijaitsee kauniissa ymp\u00e4rist\u00f6ss\u00e4 l\u00e4hell\u00e4 Drammenin kaupunkia, 30 km Oslosta l\u00e4nteen. Kohderyhm\u00e4t: Tarjoamme: Eikholt-keskus on r\u00e4\u00e4t\u00e4l\u00f6ity ihmisten tarpeisiin.<\/p>","protected":false},"author":1,"featured_media":0,"parent":0,"menu_order":0,"comment_status":"closed","ping_status":"closed","template":"","meta":{"_acf_changed":false,"inline_featured_image":false,"ep_exclude_from_search":false,"footnotes":""},"class_list":["post-1049","page","type-page","status-publish","hentry"],"acf":[],"yoast_head":"<!-- This site is optimized with the Yoast SEO plugin v25.8 - https:\/\/yoast.com\/wordpress\/plugins\/seo\/ -->\n<title>English - Eikholt<\/title>\n<meta name=\"robots\" content=\"index, follow, max-snippet:-1, max-image-preview:large, max-video-preview:-1\" \/>\n<link rel=\"canonical\" href=\"https:\/\/www.eikholt.no\/fi\/englanti\/\" \/>\n<meta property=\"og:locale\" content=\"fi_FI\" \/>\n<meta property=\"og:type\" content=\"article\" \/>\n<meta property=\"og:title\" content=\"English - Eikholt\" \/>\n<meta property=\"og:description\" content=\"Eikholt is a national center of excellence in inter-disciplinary and broad-based knowledge and training in the fields of combined vision and hearing impairment and deafblindness. The Centre is situated in beautiful surroundings near the city of Drammen, 30 km west of Oslo. Target groups: We offer: Eikholt Centre is tailored to the needs of people\" \/>\n<meta property=\"og:url\" content=\"https:\/\/www.eikholt.no\/fi\/englanti\/\" \/>\n<meta property=\"og:site_name\" content=\"Eikholt\" \/>\n<meta property=\"article:publisher\" content=\"https:\/\/www.facebook.com\/eikholt.kompetansesenter\" \/>\n<meta property=\"article:modified_time\" content=\"2023-06-23T08:09:38+00:00\" \/>\n<meta name=\"twitter:card\" content=\"summary_large_image\" \/>\n<meta name=\"twitter:label1\" content=\"Est. reading time\" \/>\n\t<meta name=\"twitter:data1\" content=\"1 minute\" \/>\n<script type=\"application\/ld+json\" class=\"yoast-schema-graph\">{\"@context\":\"https:\/\/schema.org\",\"@graph\":[{\"@type\":\"WebPage\",\"@id\":\"https:\/\/www.eikholt.no\/english\/\",\"url\":\"https:\/\/www.eikholt.no\/english\/\",\"name\":\"English - Eikholt\",\"isPartOf\":{\"@id\":\"https:\/\/www.eikholt.no\/#website\"},\"datePublished\":\"2023-06-23T08:07:29+00:00\",\"dateModified\":\"2023-06-23T08:09:38+00:00\",\"breadcrumb\":{\"@id\":\"https:\/\/www.eikholt.no\/english\/#breadcrumb\"},\"inLanguage\":\"fi\",\"potentialAction\":[{\"@type\":\"ReadAction\",\"target\":[\"https:\/\/www.eikholt.no\/english\/\"]}]},{\"@type\":\"BreadcrumbList\",\"@id\":\"https:\/\/www.eikholt.no\/english\/#breadcrumb\",\"itemListElement\":[{\"@type\":\"ListItem\",\"position\":1,\"name\":\"Forside\",\"item\":\"https:\/\/www.eikholt.no\/\"},{\"@type\":\"ListItem\",\"position\":2,\"name\":\"English\"}]},{\"@type\":\"WebSite\",\"@id\":\"https:\/\/www.eikholt.no\/#website\",\"url\":\"https:\/\/www.eikholt.no\/\",\"name\":\"Eikholt\",\"description\":\"\",\"publisher\":{\"@id\":\"https:\/\/www.eikholt.no\/#organization\"},\"potentialAction\":[{\"@type\":\"SearchAction\",\"target\":{\"@type\":\"EntryPoint\",\"urlTemplate\":\"https:\/\/www.eikholt.no\/?s={search_term_string}\"},\"query-input\":{\"@type\":\"PropertyValueSpecification\",\"valueRequired\":true,\"valueName\":\"search_term_string\"}}],\"inLanguage\":\"fi\"},{\"@type\":\"Organization\",\"@id\":\"https:\/\/www.eikholt.no\/#organization\",\"name\":\"Eikholt\",\"url\":\"https:\/\/www.eikholt.no\/\",\"logo\":{\"@type\":\"ImageObject\",\"inLanguage\":\"fi\",\"@id\":\"https:\/\/www.eikholt.no\/#\/schema\/logo\/image\/\",\"url\":\"https:\/\/www.eikholt.no\/app\/uploads\/2024\/04\/cropped-Logo-Eikholt-ny.jpg\",\"contentUrl\":\"https:\/\/www.eikholt.no\/app\/uploads\/2024\/04\/cropped-Logo-Eikholt-ny.jpg\",\"width\":419,\"height\":209,\"caption\":\"Eikholt\"},\"image\":{\"@id\":\"https:\/\/www.eikholt.no\/#\/schema\/logo\/image\/\"},\"sameAs\":[\"https:\/\/www.facebook.com\/eikholt.kompetansesenter\"]}]}<\/script>\n<!-- \/ Yoast SEO plugin. -->","yoast_head_json":{"title":"englanti - Eikholt","robots":{"index":"index","follow":"follow","max-snippet":"max-snippet:-1","max-image-preview":"max-image-preview:large","max-video-preview":"max-video-preview:-1"},"canonical":"https:\/\/www.eikholt.no\/fi\/englanti\/","og_locale":"fi_FI","og_type":"article","og_title":"English - Eikholt","og_description":"Eikholt is a national center of excellence in inter-disciplinary and broad-based knowledge and training in the fields of combined vision and hearing impairment and deafblindness. The Centre is situated in beautiful surroundings near the city of Drammen, 30 km west of Oslo. Target groups: We offer: Eikholt Centre is tailored to the needs of people","og_url":"https:\/\/www.eikholt.no\/fi\/englanti\/","og_site_name":"Eikholt","article_publisher":"https:\/\/www.facebook.com\/eikholt.kompetansesenter","article_modified_time":"2023-06-23T08:09:38+00:00","twitter_card":"summary_large_image","twitter_misc":{"Est. reading time":"1 minute"},"schema":{"@context":"https:\/\/schema.org","@graph":[{"@type":"WebPage","@id":"https:\/\/www.eikholt.no\/english\/","url":"https:\/\/www.eikholt.no\/english\/","name":"englanti - Eikholt","isPartOf":{"@id":"https:\/\/www.eikholt.no\/#website"},"datePublished":"2023-06-23T08:07:29+00:00","dateModified":"2023-06-23T08:09:38+00:00","breadcrumb":{"@id":"https:\/\/www.eikholt.no\/english\/#breadcrumb"},"inLanguage":"fi","potentialAction":[{"@type":"ReadAction","target":["https:\/\/www.eikholt.no\/english\/"]}]},{"@type":"BreadcrumbList","@id":"https:\/\/www.eikholt.no\/english\/#breadcrumb","itemListElement":[{"@type":"ListItem","position":1,"name":"Forside","item":"https:\/\/www.eikholt.no\/"},{"@type":"ListItem","position":2,"name":"English"}]},{"@type":"WebSite","@id":"https:\/\/www.eikholt.no\/#website","url":"https:\/\/www.eikholt.no\/","name":"Eikholt","description":"","publisher":{"@id":"https:\/\/www.eikholt.no\/#organization"},"potentialAction":[{"@type":"SearchAction","target":{"@type":"EntryPoint","urlTemplate":"https:\/\/www.eikholt.no\/?s={search_term_string}"},"query-input":{"@type":"PropertyValueSpecification","valueRequired":true,"valueName":"search_term_string"}}],"inLanguage":"fi"},{"@type":"Organization","@id":"https:\/\/www.eikholt.no\/#organization","name":"Eikholt","url":"https:\/\/www.eikholt.no\/","logo":{"@type":"ImageObject","inLanguage":"fi","@id":"https:\/\/www.eikholt.no\/#\/schema\/logo\/image\/","url":"https:\/\/www.eikholt.no\/app\/uploads\/2024\/04\/cropped-Logo-Eikholt-ny.jpg","contentUrl":"https:\/\/www.eikholt.no\/app\/uploads\/2024\/04\/cropped-Logo-Eikholt-ny.jpg","width":419,"height":209,"caption":"Eikholt"},"image":{"@id":"https:\/\/www.eikholt.no\/#\/schema\/logo\/image\/"},"sameAs":["https:\/\/www.facebook.com\/eikholt.kompetansesenter"]}]}},"_links":{"self":[{"href":"https:\/\/www.eikholt.no\/fi\/wp-json\/wp\/v2\/pages\/1049","targetHints":{"allow":["GET"]}}],"collection":[{"href":"https:\/\/www.eikholt.no\/fi\/wp-json\/wp\/v2\/pages"}],"about":[{"href":"https:\/\/www.eikholt.no\/fi\/wp-json\/wp\/v2\/types\/page"}],"author":[{"embeddable":true,"href":"https:\/\/www.eikholt.no\/fi\/wp-json\/wp\/v2\/users\/1"}],"replies":[{"embeddable":true,"href":"https:\/\/www.eikholt.no\/fi\/wp-json\/wp\/v2\/comments?post=1049"}],"version-history":[{"count":3,"href":"https:\/\/www.eikholt.no\/fi\/wp-json\/wp\/v2\/pages\/1049\/revisions"}],"predecessor-version":[{"id":1053,"href":"https:\/\/www.eikholt.no\/fi\/wp-json\/wp\/v2\/pages\/1049\/revisions\/1053"}],"wp:attachment":[{"href":"https:\/\/www.eikholt.no\/fi\/wp-json\/wp\/v2\/media?parent=1049"}],"curies":[{"name":"wp","href":"https:\/\/api.w.org\/{rel}","templated":true}]}}