{"id":1580,"date":"2023-06-23T15:26:19","date_gmt":"2023-06-23T15:26:19","guid":{"rendered":"https:\/\/www.eikholt.no\/?page_id=1580"},"modified":"2026-02-17T08:36:38","modified_gmt":"2026-02-17T08:36:38","slug":"meista-missiomme","status":"publish","type":"page","link":"https:\/\/www.eikholt.no\/fi\/tietoa-meista\/meista-missiomme\/","title":{"rendered":"Teht\u00e4v\u00e4mme"},"content":{"rendered":"<div class=\"wp-block-sail-video-modal\"><button class=\"--modal-button\"><img decoding=\"async\" src=\"\/app\/themes\/eikholt\/public\/images\/wave.338e86.svg\" alt=\"p\u00e4\u00e4tykuvake\"\/>Video viittomakielell\u00e4<\/button><div class=\"--modal --hidden\" role=\"dialog\" aria-label=\"vuoropuhelu\" aria-modal=\"true\"><div class=\"--modal-content\"><video id=\"modalVideo\" controls src=\"https:\/\/www.eikholt.no\/app\/uploads\/2023\/06\/Eikholt-to-nasjonale-oppdrag-hvit-vegg-optimalisert-2.mp4\"><\/video><button class=\"--close-modal-button\" aria-label=\"suljettu\"><img decoding=\"async\" src=\"\/app\/themes\/eikholt\/public\/images\/close.dbfa19.svg\" alt=\"sulkemiskuvake\"\/><\/button><\/div><\/div><\/div>\n\n\n\n<p><strong>Eikholt:ll\u00e4 on kaksi kansallista teht\u00e4v\u00e4\u00e4<\/strong>:<\/p>\n\n\n\n<h2 class=\"wp-block-heading\"><strong>1.<\/strong>Sopeutumiskurssi kuurosokeille<\/h2>\n\n\n\n<p>Eikholt:lle osoitetaan kansallinen vastuu seuraavista teht\u00e4vist\u00e4 <a href=\"https:\/\/www.nav.no\/tilpasningskurs\" target=\"_blank\" rel=\"noreferrer noopener\">NAV:n r\u00e4\u00e4t\u00e4l\u00f6intikurssi<\/a> henkil\u00f6ille, joilla on yhdistetty n\u00e4k\u00f6- ja kuulovamma\/kuurosokeus. T\u00e4m\u00e4 on oikeus <a href=\"https:\/\/lovdata.no\/nav\/rundskriv\/v6-10-07acd#ref\/lov\/1997-02-28-19\/10-7\" target=\"_blank\" rel=\"noreferrer noopener\">Kansallinen vakuutuslaki.<\/a> Oikeus r\u00e4\u00e4t\u00e4l\u00f6intikursseihin koskee my\u00f6s perheenj\u00e4seni\u00e4.&nbsp;<\/p>\n\n\n\n<p><strong>Eikholt tarjoaa:&nbsp;<\/strong><\/p>\n\n\n\n<ul class=\"wp-block-list\">\n<li>N\u00e4\u00f6n ja kuulon toiminnan arviointi ja optimointi&nbsp;<\/li>\n\n\n\n<li>kuntoutus elinkaarin\u00e4k\u00f6kulmasta<\/li>\n\n\n\n<li>eri viestint\u00e4muotoja koskeva koulutus<\/li>\n\n\n\n<li>tieto- ja viestint\u00e4tekniikan testaus ja koulutus&nbsp;<\/li>\n\n\n\n<li>liikkumista ja suuntautumista koskeva testaus ja koulutus&nbsp;<\/li>\n\n\n\n<li>Neuvonta, ohjaus ja tiedotus omaisille ja muille palveluntarjoajille.&nbsp;&nbsp;<\/li>\n<\/ul>\n\n\n\n<h2 class=\"wp-block-heading\"><strong>2.Asiantuntemuksen kehitt\u00e4minen ja tiedon levitt\u00e4minen<\/strong>&nbsp;<\/h2>\n\n\n\n<p>Eikholt:ll\u00e4 on valtakunnallinen teht\u00e4v\u00e4 kuurosokeiden kansallisessa neuvontapalvelussa, joka on tehty sopimuksen kautta seuraavien tahojen kanssa&nbsp;<a href=\"https:\/\/img0.custompublish.com\/getfile.php\/4104631.1320.anmilm7auuqzlt\/Avtale+Eikholt.pdf?return=www.dovblindhet.no\" target=\"_blank\" rel=\"noreferrer noopener\">Pohjois-Norjan alueellinen terveysviranomainen<\/a>.Sen teht\u00e4v\u00e4n\u00e4 on kehitt\u00e4\u00e4 ja levitt\u00e4\u00e4 tietoa, joka on t\u00e4rke\u00e4\u00e4 henkil\u00f6ille, joilla on yhdistetty n\u00e4k\u00f6- ja kuulovamma tai kuurosokeus. Kohderyhm\u00e4n\u00e4 ovat terveys- ja sosiaalialan palveluntarjoajat, n\u00e4k\u00f6- ja kuulovammaiset, hoitajat, kansalaisyhteiskunta ja muut sidosryhm\u00e4t.&nbsp;&nbsp;<\/p>\n\n\n\n<p>Eikholt kehitt\u00e4\u00e4 uutta tietoa ja asiantuntemusta tutkimus- ja kehityshankkeiden avulla. T&amp;K-ty\u00f6n t\u00e4rke\u00e4 periaate on, ett\u00e4 tulosten on oltava hy\u00f6dyllisi\u00e4 kohderyhmille ja vahvistettava kuurosokeille suunnattujen sopeutumisvalmennuskurssien laatua. T\u00e4m\u00e4 tarkoittaa, ett\u00e4 hankeideat kehitet\u00e4\u00e4n yhdess\u00e4 Eikholt:n palveluja k\u00e4ytt\u00e4vien ihmisten kanssa tai ne tulevat heilt\u00e4. Olemme Norjan tutkimusneuvoston hyv\u00e4ksym\u00e4 tutkimusorganisaatio. Eikholt on ammatillisten verkostojen j\u00e4sen ja tekee yhteisty\u00f6t\u00e4 k\u00e4ytt\u00e4j\u00e4organisaatioiden ja asiaankuuluvien ammatillisten ymp\u00e4rist\u00f6jen kanssa Norjassa ja kansainv\u00e4lisesti. Tietoa levitet\u00e4\u00e4n yliopisto- ja korkeakouluopetuksen, webinaarien, konferenssien ja erilaisten julkaisujen kautta.&nbsp;<\/p>\n\n\n\n<p><strong><a href=\"https:\/\/www.dovblindhet.no\/48f2ec\/contentassets\/fd559ab3cdf14ad08d5ceb7f55100ca9\/helse-nord---eikholt.pdf\">Puitesopimus Eikholt<\/a><\/strong><\/p>\n\n\n\n<p><a href=\"https:\/\/img9.custompublish.com\/getfile.php\/5358128.2419.pipmmwmkz7mqjt\/veileder-nasjonale-tjenester-i-spesialisthelsetjenesten-desember-2023.pdf?return=dovblindhet.intra.custompublish.com\"><strong>Joulukuussa 2010 annetun asetuksen N:o 1706 opas<\/strong><\/a><\/p>\n\n\n\n<p><a href=\"https:\/\/www.eikholt.no\/fi\/sovellus\/lataukset\/2024\/05\/ytelsesavtale-eikholt-2024.pdf\/\"><strong>Suorituskykysopimus Eikholt<\/strong><\/a><\/p>\n\n\n\n<h3 class=\"wp-block-heading\"><strong>Eikholt - kansallinen kohtaamispaikka<\/strong><\/h3>\n\n\n\n<p>Eikholt on tapaamispaikka henkil\u00f6ille, joilla on yhdistetty n\u00e4k\u00f6- ja kuulovamma tai kuurosokeus, sek\u00e4 heid\u00e4n huoltajilleen. Panostamme suuresti siihen, ett\u00e4 olemme hyv\u00e4 areena, jota luonnehtivat arvomme:&nbsp;<em>Turvallinen, osaava ja luova<\/em>. Eri-ik\u00e4iset ja eri el\u00e4m\u00e4ntilanteissa olevat kuurosokeat ihmiset voivat jakaa tietoa ja vaihtaa kokemuksia toiminnan ja seurustelun kautta.&nbsp;<\/p>\n\n\n\n<p><strong>Eikholt-kurssi tarjoaa mahdollisuuksia merkityksellisyyteen, yhteis\u00f6llisyyteen ja el\u00e4m\u00e4nlaadun parantamiseen.<\/strong>&nbsp;<\/p>\n\n\n\n<p>Eikholt on my\u00f6s ammattilaisten ja tutkijoiden kohtaamispaikka. Jotkut kokoontuvat yhteen kurssilaisten kanssa. Toiset ovat t\u00e4\u00e4ll\u00e4 osana koulutusharjoittelua, harjoittelua tai projektien yhteydess\u00e4. J\u00e4rjest\u00e4mme my\u00f6s fyysisi\u00e4 ja digitaalisia tapaamisia ammattilaisten v\u00e4lill\u00e4 konferensseissa, ty\u00f6pajoissa ja seminaareissa.&nbsp;<\/p>\n\n\n\n<h2 class=\"wp-block-heading\">Vuosikertomus<\/h2>\n\n\n\n<p>T\u00e4\u00e4lt\u00e4 voit ladata vuosikertomuksen vuodelta 2024 kokonaisuudessaan tai lyhyen\u00e4 versiona.<\/p>\n\n\n\n<p><strong><a href=\"https:\/\/www.eikholt.no\/fi\/sovellus\/lataukset\/2025\/02\/arsrapport-2024-for-eikholt-pdf\/\" target=\"_blank\" rel=\"noreferrer noopener\">Vuosikertomus 2024 Eikholt<\/a><\/strong><\/p>\n\n\n\n<p><strong><a href=\"https:\/\/www.eikholt.no\/fi\/sovellus\/lataukset\/2025\/02\/arsrapport-2024-eikholt-kortversjon.pdf\/\" target=\"_blank\" rel=\"noreferrer noopener\">Vuosikertomus 2024 Eikholt - lyhyt versio<\/a><\/strong><\/p>\n\n\n\n<h2 class=\"wp-block-heading\">Haluatko lis\u00e4tietoja Eikholt:st\u00e4?<\/h2>\n\n\n\n<p>Lue lis\u00e4\u00e4<strong> <a href=\"https:\/\/www.eikholt.no\/fi\/jarjesto-oakwood\/\">Organisaatio<\/a><\/strong><\/p>\n\n\n\n<p>Lue lis\u00e4\u00e4 <strong><a href=\"https:\/\/www.eikholt.no\/fi\/historia\/\">Eikholt:n historia<\/a><\/strong><\/p>\n\n\n\n<p>Lataa sovellus Info Screen Go App Storesta tai Google Playsta. K\u00e4yt\u00e4 koodia&nbsp;<strong>Eikholt80<\/strong><\/p>\n\n\n\n<figure class=\"wp-block-image\"><img loading=\"lazy\" decoding=\"async\" width=\"231\" height=\"300\" src=\"https:\/\/www.eikholt.no\/app\/uploads\/2024\/03\/My_App-1-231x300.png\" alt=\"\" class=\"wp-image-2599\" srcset=\"https:\/\/www.eikholt.no\/app\/uploads\/2024\/03\/My_App-1-231x300.png 231w, https:\/\/www.eikholt.no\/app\/uploads\/2024\/03\/My_App-1-790x1024.png 790w, https:\/\/www.eikholt.no\/app\/uploads\/2024\/03\/My_App-1-768x996.png 768w, https:\/\/www.eikholt.no\/app\/uploads\/2024\/03\/My_App-1-1185x1536.png 1185w, https:\/\/www.eikholt.no\/app\/uploads\/2024\/03\/My_App-1-1580x2048.png 1580w\" sizes=\"auto, (max-width: 231px) 100vw, 231px\" \/><\/figure>","protected":false},"excerpt":{"rendered":"<p>Eikholt har to nasjonale oppdrag: 1.\u2002Tilpasningskurs for d\u00f8vblinde Eikholt er tildelt et nasjonalt ansvar for NAV tilpasningskurs for personer med kombinert syns- og h\u00f8rselsnedsettelse\/d\u00f8vblindhet. Dette er en rettighet etter lov om folketrygd. Retten til tilpasningskurs gjelder ogs\u00e5 n\u00e6rpersoner.&nbsp; Eikholt tilbyr:&nbsp; 2.\u2002Bygge kompetanse og formidle kunnskap&nbsp; Eikholt&nbsp;har et&nbsp;landsdekkende&nbsp;oppdrag&nbsp;i&nbsp;Nasjonal kompetansetjeneste for d\u00f8vblinde,&nbsp;gjennom&nbsp;en&nbsp;avtale&nbsp;med&nbsp;Helse Nord RHF.\u202f&nbsp;Oppdraget best\u00e5r av&nbsp;\u00e5 utvikle&nbsp;og&nbsp;formidle&nbsp;kunnskap&nbsp;av<\/p>","protected":false},"author":2,"featured_media":5602,"parent":682,"menu_order":0,"comment_status":"closed","ping_status":"closed","template":"","meta":{"_acf_changed":false,"inline_featured_image":false,"ep_exclude_from_search":false,"footnotes":""},"class_list":["post-1580","page","type-page","status-publish","has-post-thumbnail","hentry"],"acf":[],"yoast_head":"<!-- This site is optimized with the Yoast SEO plugin v25.8 - https:\/\/yoast.com\/wordpress\/plugins\/seo\/ -->\n<title>V\u00e5re oppdrag - Eikholt<\/title>\n<meta name=\"description\" content=\"Eikholt har to nasjonale oppdrag. Vi har et nasjonalt ansvar for NAV-tilpasningskurs for d\u00f8vblinde, og gjennom avtale med Helse Nors RHF skal vi utvikle\u00a0og\u00a0formidle\u00a0kunnskap . Les om oppdragene v\u00e5re her:\" \/>\n<meta name=\"robots\" content=\"index, follow, max-snippet:-1, max-image-preview:large, max-video-preview:-1\" \/>\n<link rel=\"canonical\" href=\"https:\/\/www.eikholt.no\/fi\/tietoa-meista\/meista-missiomme\/\" \/>\n<meta property=\"og:locale\" content=\"fi_FI\" \/>\n<meta property=\"og:type\" content=\"article\" \/>\n<meta property=\"og:title\" content=\"V\u00e5re oppdrag - Eikholt\" \/>\n<meta property=\"og:description\" content=\"Eikholt har to nasjonale oppdrag. Vi har et nasjonalt ansvar for NAV-tilpasningskurs for d\u00f8vblinde, og gjennom avtale med Helse Nors RHF skal vi utvikle\u00a0og\u00a0formidle\u00a0kunnskap . Les om oppdragene v\u00e5re her:\" \/>\n<meta property=\"og:url\" content=\"https:\/\/www.eikholt.no\/fi\/tietoa-meista\/meista-missiomme\/\" \/>\n<meta property=\"og:site_name\" content=\"Eikholt\" \/>\n<meta property=\"article:publisher\" content=\"https:\/\/www.facebook.com\/eikholt.kompetansesenter\" \/>\n<meta property=\"article:modified_time\" content=\"2026-02-17T08:36:38+00:00\" \/>\n<meta property=\"og:image\" content=\"https:\/\/www.eikholt.no\/app\/uploads\/2025\/12\/Utendors-utsikt-benk-ved-adm.-MD-tolk-NMFS-tegnsprak-3-1024x687.jpg\" \/>\n\t<meta property=\"og:image:width\" content=\"1024\" \/>\n\t<meta property=\"og:image:height\" content=\"687\" \/>\n\t<meta property=\"og:image:type\" content=\"image\/jpeg\" \/>\n<meta name=\"twitter:card\" content=\"summary_large_image\" \/>\n<meta name=\"twitter:label1\" content=\"Est. reading time\" \/>\n\t<meta name=\"twitter:data1\" content=\"3 minutes\" \/>\n<script type=\"application\/ld+json\" class=\"yoast-schema-graph\">{\"@context\":\"https:\/\/schema.org\",\"@graph\":[{\"@type\":\"WebPage\",\"@id\":\"https:\/\/www.eikholt.no\/om-oss\/om-oss-vare-oppdrag\/\",\"url\":\"https:\/\/www.eikholt.no\/om-oss\/om-oss-vare-oppdrag\/\",\"name\":\"V\u00e5re oppdrag - Eikholt\",\"isPartOf\":{\"@id\":\"https:\/\/www.eikholt.no\/#website\"},\"primaryImageOfPage\":{\"@id\":\"https:\/\/www.eikholt.no\/om-oss\/om-oss-vare-oppdrag\/#primaryimage\"},\"image\":{\"@id\":\"https:\/\/www.eikholt.no\/om-oss\/om-oss-vare-oppdrag\/#primaryimage\"},\"thumbnailUrl\":\"https:\/\/www.eikholt.no\/app\/uploads\/2025\/12\/Utendors-utsikt-benk-ved-adm.-MD-tolk-NMFS-tegnsprak-3.jpg\",\"datePublished\":\"2023-06-23T15:26:19+00:00\",\"dateModified\":\"2026-02-17T08:36:38+00:00\",\"description\":\"Eikholt har to nasjonale oppdrag. Vi har et nasjonalt ansvar for NAV-tilpasningskurs for d\u00f8vblinde, og gjennom avtale med Helse Nors RHF skal vi utvikle\u00a0og\u00a0formidle\u00a0kunnskap . Les om oppdragene v\u00e5re her:\",\"breadcrumb\":{\"@id\":\"https:\/\/www.eikholt.no\/om-oss\/om-oss-vare-oppdrag\/#breadcrumb\"},\"inLanguage\":\"fi\",\"potentialAction\":[{\"@type\":\"ReadAction\",\"target\":[\"https:\/\/www.eikholt.no\/om-oss\/om-oss-vare-oppdrag\/\"]}]},{\"@type\":\"ImageObject\",\"inLanguage\":\"fi\",\"@id\":\"https:\/\/www.eikholt.no\/om-oss\/om-oss-vare-oppdrag\/#primaryimage\",\"url\":\"https:\/\/www.eikholt.no\/app\/uploads\/2025\/12\/Utendors-utsikt-benk-ved-adm.-MD-tolk-NMFS-tegnsprak-3.jpg\",\"contentUrl\":\"https:\/\/www.eikholt.no\/app\/uploads\/2025\/12\/Utendors-utsikt-benk-ved-adm.-MD-tolk-NMFS-tegnsprak-3.jpg\",\"width\":2400,\"height\":1609,\"caption\":\"To personer sitter p\u00e5 en benk. i bakgrunnen bygninger, plen og tr\u00e6r.\"},{\"@type\":\"BreadcrumbList\",\"@id\":\"https:\/\/www.eikholt.no\/om-oss\/om-oss-vare-oppdrag\/#breadcrumb\",\"itemListElement\":[{\"@type\":\"ListItem\",\"position\":1,\"name\":\"Forside\",\"item\":\"https:\/\/www.eikholt.no\/\"},{\"@type\":\"ListItem\",\"position\":2,\"name\":\"Om oss\",\"item\":\"https:\/\/www.eikholt.no\/om-oss\/\"},{\"@type\":\"ListItem\",\"position\":3,\"name\":\"V\u00e5re oppdrag\"}]},{\"@type\":\"WebSite\",\"@id\":\"https:\/\/www.eikholt.no\/#website\",\"url\":\"https:\/\/www.eikholt.no\/\",\"name\":\"Eikholt\",\"description\":\"\",\"publisher\":{\"@id\":\"https:\/\/www.eikholt.no\/#organization\"},\"potentialAction\":[{\"@type\":\"SearchAction\",\"target\":{\"@type\":\"EntryPoint\",\"urlTemplate\":\"https:\/\/www.eikholt.no\/?s={search_term_string}\"},\"query-input\":{\"@type\":\"PropertyValueSpecification\",\"valueRequired\":true,\"valueName\":\"search_term_string\"}}],\"inLanguage\":\"fi\"},{\"@type\":\"Organization\",\"@id\":\"https:\/\/www.eikholt.no\/#organization\",\"name\":\"Eikholt\",\"url\":\"https:\/\/www.eikholt.no\/\",\"logo\":{\"@type\":\"ImageObject\",\"inLanguage\":\"fi\",\"@id\":\"https:\/\/www.eikholt.no\/#\/schema\/logo\/image\/\",\"url\":\"https:\/\/www.eikholt.no\/app\/uploads\/2024\/04\/cropped-Logo-Eikholt-ny.jpg\",\"contentUrl\":\"https:\/\/www.eikholt.no\/app\/uploads\/2024\/04\/cropped-Logo-Eikholt-ny.jpg\",\"width\":419,\"height\":209,\"caption\":\"Eikholt\"},\"image\":{\"@id\":\"https:\/\/www.eikholt.no\/#\/schema\/logo\/image\/\"},\"sameAs\":[\"https:\/\/www.facebook.com\/eikholt.kompetansesenter\"]}]}<\/script>\n<!-- \/ Yoast SEO plugin. -->","yoast_head_json":{"title":"Teht\u00e4v\u00e4mme - Eikholt","description":"Eikholt:ll\u00e4 on kaksi kansallista teht\u00e4v\u00e4\u00e4. Meill\u00e4 on kansallinen vastuu kuurosokeille suunnatuista NAV-sovituskursseista, ja Helse Nors RHF:n kanssa tehdyn sopimuksen kautta kehit\u00e4mme ja levit\u00e4mme tietoa. Lue teht\u00e4vist\u00e4mme t\u00e4\u00e4lt\u00e4:","robots":{"index":"index","follow":"follow","max-snippet":"max-snippet:-1","max-image-preview":"max-image-preview:large","max-video-preview":"max-video-preview:-1"},"canonical":"https:\/\/www.eikholt.no\/fi\/tietoa-meista\/meista-missiomme\/","og_locale":"fi_FI","og_type":"article","og_title":"V\u00e5re oppdrag - Eikholt","og_description":"Eikholt har to nasjonale oppdrag. Vi har et nasjonalt ansvar for NAV-tilpasningskurs for d\u00f8vblinde, og gjennom avtale med Helse Nors RHF skal vi utvikle\u00a0og\u00a0formidle\u00a0kunnskap . Les om oppdragene v\u00e5re her:","og_url":"https:\/\/www.eikholt.no\/fi\/tietoa-meista\/meista-missiomme\/","og_site_name":"Eikholt","article_publisher":"https:\/\/www.facebook.com\/eikholt.kompetansesenter","article_modified_time":"2026-02-17T08:36:38+00:00","og_image":[{"width":1024,"height":687,"url":"https:\/\/www.eikholt.no\/app\/uploads\/2025\/12\/Utendors-utsikt-benk-ved-adm.-MD-tolk-NMFS-tegnsprak-3-1024x687.jpg","type":"image\/jpeg"}],"twitter_card":"summary_large_image","twitter_misc":{"Est. reading time":"3 minutes"},"schema":{"@context":"https:\/\/schema.org","@graph":[{"@type":"WebPage","@id":"https:\/\/www.eikholt.no\/om-oss\/om-oss-vare-oppdrag\/","url":"https:\/\/www.eikholt.no\/om-oss\/om-oss-vare-oppdrag\/","name":"Teht\u00e4v\u00e4mme - Eikholt","isPartOf":{"@id":"https:\/\/www.eikholt.no\/#website"},"primaryImageOfPage":{"@id":"https:\/\/www.eikholt.no\/om-oss\/om-oss-vare-oppdrag\/#primaryimage"},"image":{"@id":"https:\/\/www.eikholt.no\/om-oss\/om-oss-vare-oppdrag\/#primaryimage"},"thumbnailUrl":"https:\/\/www.eikholt.no\/app\/uploads\/2025\/12\/Utendors-utsikt-benk-ved-adm.-MD-tolk-NMFS-tegnsprak-3.jpg","datePublished":"2023-06-23T15:26:19+00:00","dateModified":"2026-02-17T08:36:38+00:00","description":"Eikholt:ll\u00e4 on kaksi kansallista teht\u00e4v\u00e4\u00e4. Meill\u00e4 on kansallinen vastuu kuurosokeille suunnatuista NAV-sovituskursseista, ja Helse Nors RHF:n kanssa tehdyn sopimuksen kautta kehit\u00e4mme ja levit\u00e4mme tietoa. Lue teht\u00e4vist\u00e4mme t\u00e4\u00e4lt\u00e4:","breadcrumb":{"@id":"https:\/\/www.eikholt.no\/om-oss\/om-oss-vare-oppdrag\/#breadcrumb"},"inLanguage":"fi","potentialAction":[{"@type":"ReadAction","target":["https:\/\/www.eikholt.no\/om-oss\/om-oss-vare-oppdrag\/"]}]},{"@type":"ImageObject","inLanguage":"fi","@id":"https:\/\/www.eikholt.no\/om-oss\/om-oss-vare-oppdrag\/#primaryimage","url":"https:\/\/www.eikholt.no\/app\/uploads\/2025\/12\/Utendors-utsikt-benk-ved-adm.-MD-tolk-NMFS-tegnsprak-3.jpg","contentUrl":"https:\/\/www.eikholt.no\/app\/uploads\/2025\/12\/Utendors-utsikt-benk-ved-adm.-MD-tolk-NMFS-tegnsprak-3.jpg","width":2400,"height":1609,"caption":"To personer sitter p\u00e5 en benk. i bakgrunnen bygninger, plen og tr\u00e6r."},{"@type":"BreadcrumbList","@id":"https:\/\/www.eikholt.no\/om-oss\/om-oss-vare-oppdrag\/#breadcrumb","itemListElement":[{"@type":"ListItem","position":1,"name":"Forside","item":"https:\/\/www.eikholt.no\/"},{"@type":"ListItem","position":2,"name":"Om oss","item":"https:\/\/www.eikholt.no\/om-oss\/"},{"@type":"ListItem","position":3,"name":"V\u00e5re oppdrag"}]},{"@type":"WebSite","@id":"https:\/\/www.eikholt.no\/#website","url":"https:\/\/www.eikholt.no\/","name":"Eikholt","description":"","publisher":{"@id":"https:\/\/www.eikholt.no\/#organization"},"potentialAction":[{"@type":"SearchAction","target":{"@type":"EntryPoint","urlTemplate":"https:\/\/www.eikholt.no\/?s={search_term_string}"},"query-input":{"@type":"PropertyValueSpecification","valueRequired":true,"valueName":"search_term_string"}}],"inLanguage":"fi"},{"@type":"Organization","@id":"https:\/\/www.eikholt.no\/#organization","name":"Eikholt","url":"https:\/\/www.eikholt.no\/","logo":{"@type":"ImageObject","inLanguage":"fi","@id":"https:\/\/www.eikholt.no\/#\/schema\/logo\/image\/","url":"https:\/\/www.eikholt.no\/app\/uploads\/2024\/04\/cropped-Logo-Eikholt-ny.jpg","contentUrl":"https:\/\/www.eikholt.no\/app\/uploads\/2024\/04\/cropped-Logo-Eikholt-ny.jpg","width":419,"height":209,"caption":"Eikholt"},"image":{"@id":"https:\/\/www.eikholt.no\/#\/schema\/logo\/image\/"},"sameAs":["https:\/\/www.facebook.com\/eikholt.kompetansesenter"]}]}},"_links":{"self":[{"href":"https:\/\/www.eikholt.no\/fi\/wp-json\/wp\/v2\/pages\/1580","targetHints":{"allow":["GET"]}}],"collection":[{"href":"https:\/\/www.eikholt.no\/fi\/wp-json\/wp\/v2\/pages"}],"about":[{"href":"https:\/\/www.eikholt.no\/fi\/wp-json\/wp\/v2\/types\/page"}],"author":[{"embeddable":true,"href":"https:\/\/www.eikholt.no\/fi\/wp-json\/wp\/v2\/users\/2"}],"replies":[{"embeddable":true,"href":"https:\/\/www.eikholt.no\/fi\/wp-json\/wp\/v2\/comments?post=1580"}],"version-history":[{"count":31,"href":"https:\/\/www.eikholt.no\/fi\/wp-json\/wp\/v2\/pages\/1580\/revisions"}],"predecessor-version":[{"id":5816,"href":"https:\/\/www.eikholt.no\/fi\/wp-json\/wp\/v2\/pages\/1580\/revisions\/5816"}],"up":[{"embeddable":true,"href":"https:\/\/www.eikholt.no\/fi\/wp-json\/wp\/v2\/pages\/682"}],"wp:featuredmedia":[{"embeddable":true,"href":"https:\/\/www.eikholt.no\/fi\/wp-json\/wp\/v2\/media\/5602"}],"wp:attachment":[{"href":"https:\/\/www.eikholt.no\/fi\/wp-json\/wp\/v2\/media?parent=1580"}],"curies":[{"name":"wp","href":"https:\/\/api.w.org\/{rel}","templated":true}]}}