{"id":1653,"date":"2023-06-26T11:22:01","date_gmt":"2023-06-26T11:22:01","guid":{"rendered":"https:\/\/www.eikholt.no\/?page_id=1653"},"modified":"2023-06-26T11:24:14","modified_gmt":"2023-06-26T11:24:14","slug":"taman-vuoden-kayttajatutkimuksen-hyvat-tulokset","status":"publish","type":"page","link":"https:\/\/www.eikholt.no\/fi\/taman-vuoden-kayttajatutkimuksen-hyvat-tulokset\/","title":{"rendered":"T\u00e4m\u00e4nvuotisen k\u00e4ytt\u00e4j\u00e4tutkimuksen hyv\u00e4t tulokset"},"content":{"rendered":"<figure class=\"wp-block-image size-large\"><img loading=\"lazy\" decoding=\"async\" width=\"1024\" height=\"478\" src=\"https:\/\/www.eikholt.no\/app\/uploads\/2023\/06\/BIlde-av-en-tenkende-figur-scaled-1-1024x478.jpeg\" alt=\"\" class=\"wp-image-1655\" srcset=\"https:\/\/www.eikholt.no\/app\/uploads\/2023\/06\/BIlde-av-en-tenkende-figur-scaled-1-1024x478.jpeg 1024w, https:\/\/www.eikholt.no\/app\/uploads\/2023\/06\/BIlde-av-en-tenkende-figur-scaled-1-300x140.jpeg 300w, https:\/\/www.eikholt.no\/app\/uploads\/2023\/06\/BIlde-av-en-tenkende-figur-scaled-1-768x359.jpeg 768w, https:\/\/www.eikholt.no\/app\/uploads\/2023\/06\/BIlde-av-en-tenkende-figur-scaled-1-1536x717.jpeg 1536w, https:\/\/www.eikholt.no\/app\/uploads\/2023\/06\/BIlde-av-en-tenkende-figur-scaled-1-2048x956.jpeg 2048w\" sizes=\"auto, (max-width: 1024px) 100vw, 1024px\" \/><\/figure>\n\n\n\n<p>K\u00e4ytt\u00e4j\u00e4kyselyn tavoitteena on kartoittaa k\u00e4ytt\u00e4jille tarjottujen palvelujen laatua, mainetta ja k\u00e4ytt\u00e4jien tyytyv\u00e4isyytt\u00e4 Eikholt:hen yleisesti. Tiedonkeruu toteutettiin p\u00e4\u00e4asiassa verkossa, mutta joitakin haastatteluja tehtiin my\u00f6s puhelimitse.<\/p>\n\n\n\n<p>T\u00e4m\u00e4nvuotisen tutkimuksen mukaan tyytyv\u00e4isyys on edelleen eritt\u00e4in korkea suurimmalla osalla aloista. Vastaajista 88% on joko eritt\u00e4in tyytyv\u00e4isi\u00e4 tai melko tyytyv\u00e4isi\u00e4 Eikholt:hen. 71% on eritt\u00e4in tyytyv\u00e4isi\u00e4. N\u00e4m\u00e4 tulokset ovat l\u00e4hes ennallaan verrattuna vuonna 2020 mitattuihin tuloksiin.<\/p>\n\n\n\n<h2 class=\"wp-block-heading\">Mik\u00e4 on k\u00e4ytt\u00e4jien mielest\u00e4 t\u00e4rkeint\u00e4 Eikholt:ss\u00e4?<\/h2>\n\n\n\n<p>Halukkuus suositella Eikholt:t\u00e4 on suuri, ja tulokset osoittavat, ett\u00e4 per\u00e4ti 92% sanoo, ett\u00e4 he suosittelisivat Eikholt:t\u00e4 muille joko eritt\u00e4in todenn\u00e4k\u00f6isesti tai melko todenn\u00e4k\u00f6isesti.<strong>.&nbsp;<\/strong>Se, ett\u00e4 palvelut ovat henkil\u00f6kohtaisia, on t\u00e4rkein syy valita Eikholt, ja sen j\u00e4lkeen se, ett\u00e4 ty\u00f6ntekij\u00e4t koetaan ammattitaitoisiksi ja ett\u00e4 tapaat ihmisi\u00e4, jotka ovat samassa tilanteessa kuin sin\u00e4.<\/p>\n\n\n\n<p>K\u00e4ytt\u00e4j\u00e4t ovat eritt\u00e4in tyytyv\u00e4isi\u00e4 Eikholt:n palvelujen laatuun. Henkil\u00f6kunnan vastaanottotapa on t\u00e4rke\u00e4 tekij\u00e4, samoin kuin ennen kursseja, niiden aikana ja niiden j\u00e4lkeen annettu tieto.<\/p>\n\n\n\n<p>Yleisesti ottaen ihmiset ovat hyvin tyytyv\u00e4isi\u00e4 keskukseen. Keskuksen sijaintiin, kurssitiloihin, ulkoalueisiin ja majoitukseen ollaan eritt\u00e4in tyytyv\u00e4isi\u00e4. Tyytyv\u00e4isimpi\u00e4 ollaan ruokaan ja siihen, miten turvalliseksi he tuntevat olonsa Eikholt:ss\u00e4. Eritt\u00e4in ilahduttavasti 100% kyselyyn vastanneista ilmoitti olevansa tyytyv\u00e4inen tai eritt\u00e4in tyytyv\u00e4inen.<\/p>\n\n\n\n<h2 class=\"wp-block-heading\">Voiko Eikholt tehd\u00e4 jotain paremmin?<\/h2>\n\n\n\n<p>Yksi tutkimuksen tavoitteista on my\u00f6s tunnistaa alat, joilla voimme parantaa toimintaamme. Olemme saaneet paljon rakentavaa palautetta kyselyyn vastanneilta, ja seuraavassa on joitakin asioita, joita seuraamme erityisesti:<\/p>\n\n\n\n<ul class=\"wp-block-list\">\n<li>Ilmanvaihto: Ragnhild Kaatas Husin huonoa ilmanlaatua koskeva palaute. Se on nyt vaihdettu ja aloitettu huhtikuussa 2023. J\u00e4rjestelm\u00e4 on mitoitettu. Huoneessa on my\u00f6s uusi l\u00e4mp\u00f6pumppu.<\/li>\n\n\n\n<li>Jalkak\u00e4yt\u00e4v\u00e4t: AV-klinikalle ja rakennus 1:een johtavia k\u00e4velyteit\u00e4 parannetaan ennen kes\u00e4\u00e4 2023.<\/li>\n\n\n\n<li>\u00c4\u00e4ni ja silmukat: Ragnhild Kaatas Husille on tilattu uudet langattomat p\u00f6yt\u00e4mikrofonit ja uudet Stallenit. Silmukoiden vahvistimet on vaihdettu.<\/li>\n\n\n\n<li>Kurssitarjonta: Olemme saaneet monia hyvi\u00e4 ehdotuksia ja toiveita. Ne otetaan huomioon uusien kurssien suunnittelussa.<\/li>\n\n\n\n<li>Tarjoukset nuoremmille k\u00e4ytt\u00e4jille: Vuonna 2024 j\u00e4rjestet\u00e4\u00e4n my\u00f6s ryhm\u00e4kurssi nuorille aikuisille.<\/li>\n<\/ul>\n\n\n\n<p>Olemme eritt\u00e4in tyytyv\u00e4isi\u00e4 siihen, ett\u00e4 niin monet ihmiset ovat k\u00e4ytt\u00e4neet aikaa palautteen antamiseen. T\u00e4m\u00e4 antaa meille arvokasta tietoa, jonka avulla voimme yll\u00e4pit\u00e4\u00e4 ja kehitt\u00e4\u00e4 edelleen hyvi\u00e4 palveluja ja varmistaa, ett\u00e4 Eikholt:n laatu ja standardit ovat hyv\u00e4t.<\/p>","protected":false},"excerpt":{"rendered":"<p>M\u00e5let med brukerunders\u00f8kelsen er \u00e5 kartlegge kvalitet p\u00e5 tjenester gitt til brukere, omd\u00f8mme og hvor forn\u00f8yde brukerne er med Eikholt generelt. Datainnsamlingen ble hovedsakelig gjennomf\u00f8rt p\u00e5 web, men noen intervjuer ble ogs\u00e5 gjennomf\u00f8rt p\u00e5 telefon. P\u00e5 de aller fleste omr\u00e5dende viser \u00e5rets unders\u00f8kelse fortsatt sv\u00e6rt h\u00f8y tilfredshet. 88% av de som har svart, er enten<\/p>","protected":false},"author":1,"featured_media":0,"parent":0,"menu_order":0,"comment_status":"closed","ping_status":"closed","template":"","meta":{"_acf_changed":false,"inline_featured_image":false,"ep_exclude_from_search":false,"footnotes":""},"class_list":["post-1653","page","type-page","status-publish","hentry"],"acf":[],"yoast_head":"<!-- This site is optimized with the Yoast SEO plugin v25.8 - https:\/\/yoast.com\/wordpress\/plugins\/seo\/ -->\n<title>Gode resultater fra \u00e5rets brukerunders\u00f8kelse - Eikholt<\/title>\n<meta name=\"robots\" content=\"index, follow, max-snippet:-1, max-image-preview:large, max-video-preview:-1\" \/>\n<link rel=\"canonical\" href=\"https:\/\/www.eikholt.no\/fi\/taman-vuoden-kayttajatutkimuksen-hyvat-tulokset\/\" \/>\n<meta property=\"og:locale\" content=\"fi_FI\" \/>\n<meta property=\"og:type\" content=\"article\" \/>\n<meta property=\"og:title\" content=\"Gode resultater fra \u00e5rets brukerunders\u00f8kelse - Eikholt\" \/>\n<meta property=\"og:description\" content=\"M\u00e5let med brukerunders\u00f8kelsen er \u00e5 kartlegge kvalitet p\u00e5 tjenester gitt til brukere, omd\u00f8mme og hvor forn\u00f8yde brukerne er med Eikholt generelt. Datainnsamlingen ble hovedsakelig gjennomf\u00f8rt p\u00e5 web, men noen intervjuer ble ogs\u00e5 gjennomf\u00f8rt p\u00e5 telefon. P\u00e5 de aller fleste omr\u00e5dende viser \u00e5rets unders\u00f8kelse fortsatt sv\u00e6rt h\u00f8y tilfredshet. 88% av de som har svart, er enten\" \/>\n<meta property=\"og:url\" content=\"https:\/\/www.eikholt.no\/fi\/taman-vuoden-kayttajatutkimuksen-hyvat-tulokset\/\" \/>\n<meta property=\"og:site_name\" content=\"Eikholt\" \/>\n<meta property=\"article:publisher\" content=\"https:\/\/www.facebook.com\/eikholt.kompetansesenter\" \/>\n<meta property=\"article:modified_time\" content=\"2023-06-26T11:24:14+00:00\" \/>\n<meta property=\"og:image\" content=\"https:\/\/www.eikholt.no\/app\/uploads\/2023\/06\/BIlde-av-en-tenkende-figur-scaled-1-1024x478.jpeg\" \/>\n<meta name=\"twitter:card\" content=\"summary_large_image\" \/>\n<meta name=\"twitter:label1\" content=\"Est. reading time\" \/>\n\t<meta name=\"twitter:data1\" content=\"2 minutes\" \/>\n<script type=\"application\/ld+json\" class=\"yoast-schema-graph\">{\"@context\":\"https:\/\/schema.org\",\"@graph\":[{\"@type\":\"WebPage\",\"@id\":\"https:\/\/www.eikholt.no\/gode-resultater-fra-arets-brukerundersokelse\/\",\"url\":\"https:\/\/www.eikholt.no\/gode-resultater-fra-arets-brukerundersokelse\/\",\"name\":\"Gode resultater fra \u00e5rets brukerunders\u00f8kelse - Eikholt\",\"isPartOf\":{\"@id\":\"https:\/\/www.eikholt.no\/#website\"},\"primaryImageOfPage\":{\"@id\":\"https:\/\/www.eikholt.no\/gode-resultater-fra-arets-brukerundersokelse\/#primaryimage\"},\"image\":{\"@id\":\"https:\/\/www.eikholt.no\/gode-resultater-fra-arets-brukerundersokelse\/#primaryimage\"},\"thumbnailUrl\":\"https:\/\/www.eikholt.no\/app\/uploads\/2023\/06\/BIlde-av-en-tenkende-figur-scaled-1-1024x478.jpeg\",\"datePublished\":\"2023-06-26T11:22:01+00:00\",\"dateModified\":\"2023-06-26T11:24:14+00:00\",\"breadcrumb\":{\"@id\":\"https:\/\/www.eikholt.no\/gode-resultater-fra-arets-brukerundersokelse\/#breadcrumb\"},\"inLanguage\":\"fi\",\"potentialAction\":[{\"@type\":\"ReadAction\",\"target\":[\"https:\/\/www.eikholt.no\/gode-resultater-fra-arets-brukerundersokelse\/\"]}]},{\"@type\":\"ImageObject\",\"inLanguage\":\"fi\",\"@id\":\"https:\/\/www.eikholt.no\/gode-resultater-fra-arets-brukerundersokelse\/#primaryimage\",\"url\":\"https:\/\/www.eikholt.no\/app\/uploads\/2023\/06\/BIlde-av-en-tenkende-figur-scaled-1-1024x478.jpeg\",\"contentUrl\":\"https:\/\/www.eikholt.no\/app\/uploads\/2023\/06\/BIlde-av-en-tenkende-figur-scaled-1-1024x478.jpeg\"},{\"@type\":\"BreadcrumbList\",\"@id\":\"https:\/\/www.eikholt.no\/gode-resultater-fra-arets-brukerundersokelse\/#breadcrumb\",\"itemListElement\":[{\"@type\":\"ListItem\",\"position\":1,\"name\":\"Forside\",\"item\":\"https:\/\/www.eikholt.no\/\"},{\"@type\":\"ListItem\",\"position\":2,\"name\":\"Gode resultater fra \u00e5rets brukerunders\u00f8kelse\"}]},{\"@type\":\"WebSite\",\"@id\":\"https:\/\/www.eikholt.no\/#website\",\"url\":\"https:\/\/www.eikholt.no\/\",\"name\":\"Eikholt\",\"description\":\"\",\"publisher\":{\"@id\":\"https:\/\/www.eikholt.no\/#organization\"},\"potentialAction\":[{\"@type\":\"SearchAction\",\"target\":{\"@type\":\"EntryPoint\",\"urlTemplate\":\"https:\/\/www.eikholt.no\/?s={search_term_string}\"},\"query-input\":{\"@type\":\"PropertyValueSpecification\",\"valueRequired\":true,\"valueName\":\"search_term_string\"}}],\"inLanguage\":\"fi\"},{\"@type\":\"Organization\",\"@id\":\"https:\/\/www.eikholt.no\/#organization\",\"name\":\"Eikholt\",\"url\":\"https:\/\/www.eikholt.no\/\",\"logo\":{\"@type\":\"ImageObject\",\"inLanguage\":\"fi\",\"@id\":\"https:\/\/www.eikholt.no\/#\/schema\/logo\/image\/\",\"url\":\"https:\/\/www.eikholt.no\/app\/uploads\/2024\/04\/cropped-Logo-Eikholt-ny.jpg\",\"contentUrl\":\"https:\/\/www.eikholt.no\/app\/uploads\/2024\/04\/cropped-Logo-Eikholt-ny.jpg\",\"width\":419,\"height\":209,\"caption\":\"Eikholt\"},\"image\":{\"@id\":\"https:\/\/www.eikholt.no\/#\/schema\/logo\/image\/\"},\"sameAs\":[\"https:\/\/www.facebook.com\/eikholt.kompetansesenter\"]}]}<\/script>\n<!-- \/ Yoast SEO plugin. -->","yoast_head_json":{"title":"Hyvi\u00e4 tuloksia t\u00e4m\u00e4n vuoden k\u00e4ytt\u00e4j\u00e4tutkimuksesta - Eikholt","robots":{"index":"index","follow":"follow","max-snippet":"max-snippet:-1","max-image-preview":"max-image-preview:large","max-video-preview":"max-video-preview:-1"},"canonical":"https:\/\/www.eikholt.no\/fi\/taman-vuoden-kayttajatutkimuksen-hyvat-tulokset\/","og_locale":"fi_FI","og_type":"article","og_title":"Gode resultater fra \u00e5rets brukerunders\u00f8kelse - Eikholt","og_description":"M\u00e5let med brukerunders\u00f8kelsen er \u00e5 kartlegge kvalitet p\u00e5 tjenester gitt til brukere, omd\u00f8mme og hvor forn\u00f8yde brukerne er med Eikholt generelt. Datainnsamlingen ble hovedsakelig gjennomf\u00f8rt p\u00e5 web, men noen intervjuer ble ogs\u00e5 gjennomf\u00f8rt p\u00e5 telefon. P\u00e5 de aller fleste omr\u00e5dende viser \u00e5rets unders\u00f8kelse fortsatt sv\u00e6rt h\u00f8y tilfredshet. 88% av de som har svart, er enten","og_url":"https:\/\/www.eikholt.no\/fi\/taman-vuoden-kayttajatutkimuksen-hyvat-tulokset\/","og_site_name":"Eikholt","article_publisher":"https:\/\/www.facebook.com\/eikholt.kompetansesenter","article_modified_time":"2023-06-26T11:24:14+00:00","og_image":[{"url":"https:\/\/www.eikholt.no\/app\/uploads\/2023\/06\/BIlde-av-en-tenkende-figur-scaled-1-1024x478.jpeg","type":"","width":"","height":""}],"twitter_card":"summary_large_image","twitter_misc":{"Est. reading time":"2 minutes"},"schema":{"@context":"https:\/\/schema.org","@graph":[{"@type":"WebPage","@id":"https:\/\/www.eikholt.no\/gode-resultater-fra-arets-brukerundersokelse\/","url":"https:\/\/www.eikholt.no\/gode-resultater-fra-arets-brukerundersokelse\/","name":"Hyvi\u00e4 tuloksia t\u00e4m\u00e4n vuoden k\u00e4ytt\u00e4j\u00e4tutkimuksesta - Eikholt","isPartOf":{"@id":"https:\/\/www.eikholt.no\/#website"},"primaryImageOfPage":{"@id":"https:\/\/www.eikholt.no\/gode-resultater-fra-arets-brukerundersokelse\/#primaryimage"},"image":{"@id":"https:\/\/www.eikholt.no\/gode-resultater-fra-arets-brukerundersokelse\/#primaryimage"},"thumbnailUrl":"https:\/\/www.eikholt.no\/app\/uploads\/2023\/06\/BIlde-av-en-tenkende-figur-scaled-1-1024x478.jpeg","datePublished":"2023-06-26T11:22:01+00:00","dateModified":"2023-06-26T11:24:14+00:00","breadcrumb":{"@id":"https:\/\/www.eikholt.no\/gode-resultater-fra-arets-brukerundersokelse\/#breadcrumb"},"inLanguage":"fi","potentialAction":[{"@type":"ReadAction","target":["https:\/\/www.eikholt.no\/gode-resultater-fra-arets-brukerundersokelse\/"]}]},{"@type":"ImageObject","inLanguage":"fi","@id":"https:\/\/www.eikholt.no\/gode-resultater-fra-arets-brukerundersokelse\/#primaryimage","url":"https:\/\/www.eikholt.no\/app\/uploads\/2023\/06\/BIlde-av-en-tenkende-figur-scaled-1-1024x478.jpeg","contentUrl":"https:\/\/www.eikholt.no\/app\/uploads\/2023\/06\/BIlde-av-en-tenkende-figur-scaled-1-1024x478.jpeg"},{"@type":"BreadcrumbList","@id":"https:\/\/www.eikholt.no\/gode-resultater-fra-arets-brukerundersokelse\/#breadcrumb","itemListElement":[{"@type":"ListItem","position":1,"name":"Forside","item":"https:\/\/www.eikholt.no\/"},{"@type":"ListItem","position":2,"name":"Gode resultater fra \u00e5rets brukerunders\u00f8kelse"}]},{"@type":"WebSite","@id":"https:\/\/www.eikholt.no\/#website","url":"https:\/\/www.eikholt.no\/","name":"Eikholt","description":"","publisher":{"@id":"https:\/\/www.eikholt.no\/#organization"},"potentialAction":[{"@type":"SearchAction","target":{"@type":"EntryPoint","urlTemplate":"https:\/\/www.eikholt.no\/?s={search_term_string}"},"query-input":{"@type":"PropertyValueSpecification","valueRequired":true,"valueName":"search_term_string"}}],"inLanguage":"fi"},{"@type":"Organization","@id":"https:\/\/www.eikholt.no\/#organization","name":"Eikholt","url":"https:\/\/www.eikholt.no\/","logo":{"@type":"ImageObject","inLanguage":"fi","@id":"https:\/\/www.eikholt.no\/#\/schema\/logo\/image\/","url":"https:\/\/www.eikholt.no\/app\/uploads\/2024\/04\/cropped-Logo-Eikholt-ny.jpg","contentUrl":"https:\/\/www.eikholt.no\/app\/uploads\/2024\/04\/cropped-Logo-Eikholt-ny.jpg","width":419,"height":209,"caption":"Eikholt"},"image":{"@id":"https:\/\/www.eikholt.no\/#\/schema\/logo\/image\/"},"sameAs":["https:\/\/www.facebook.com\/eikholt.kompetansesenter"]}]}},"_links":{"self":[{"href":"https:\/\/www.eikholt.no\/fi\/wp-json\/wp\/v2\/pages\/1653","targetHints":{"allow":["GET"]}}],"collection":[{"href":"https:\/\/www.eikholt.no\/fi\/wp-json\/wp\/v2\/pages"}],"about":[{"href":"https:\/\/www.eikholt.no\/fi\/wp-json\/wp\/v2\/types\/page"}],"author":[{"embeddable":true,"href":"https:\/\/www.eikholt.no\/fi\/wp-json\/wp\/v2\/users\/1"}],"replies":[{"embeddable":true,"href":"https:\/\/www.eikholt.no\/fi\/wp-json\/wp\/v2\/comments?post=1653"}],"version-history":[{"count":5,"href":"https:\/\/www.eikholt.no\/fi\/wp-json\/wp\/v2\/pages\/1653\/revisions"}],"predecessor-version":[{"id":1662,"href":"https:\/\/www.eikholt.no\/fi\/wp-json\/wp\/v2\/pages\/1653\/revisions\/1662"}],"wp:attachment":[{"href":"https:\/\/www.eikholt.no\/fi\/wp-json\/wp\/v2\/media?parent=1653"}],"curies":[{"name":"wp","href":"https:\/\/api.w.org\/{rel}","templated":true}]}}