{"id":2060,"date":"2025-09-30T08:47:35","date_gmt":"2025-09-30T08:47:35","guid":{"rendered":"https:\/\/www.eikholt.no\/?page_id=2060"},"modified":"2025-10-03T06:09:44","modified_gmt":"2025-10-03T06:09:44","slug":"kurssiluettelo-2026","status":"publish","type":"page","link":"https:\/\/www.eikholt.no\/fi\/kurssiluettelo-2026\/","title":{"rendered":"Kurssiluettelo 2026"},"content":{"rendered":"<h2 class=\"wp-block-heading\">Mik\u00e4 on Eikholt?<\/h2>\n\n\n\n<p>Eikholt on kansallinen resurssikeskus henkil\u00f6ille, joilla on yhdistetty n\u00e4k\u00f6- ja kuulovamma tai kuurosokeus. Tarjoamme kursseja sek\u00e4 ryhmiss\u00e4 ett\u00e4 yksil\u00f6llisesti, ja olemme my\u00f6s turvallisuutta, asiantuntemusta ja luovuutta edist\u00e4v\u00e4 kohtaamispaikka.<\/p>\n\n\n\n<p><strong>Turvallinen, osaava, luova - tervetuloa Eikholt-kurssille.<\/strong>!<\/p>\n\n\n\n<figure class=\"wp-block-image size-full\"><img loading=\"lazy\" decoding=\"async\" width=\"971\" height=\"986\" src=\"https:\/\/www.eikholt.no\/app\/uploads\/2025\/09\/Karianne-forside-Kurskatalog-2026-1.jpg\" alt=\"\" class=\"wp-image-5143\" srcset=\"https:\/\/www.eikholt.no\/app\/uploads\/2025\/09\/Karianne-forside-Kurskatalog-2026-1.jpg 971w, https:\/\/www.eikholt.no\/app\/uploads\/2025\/09\/Karianne-forside-Kurskatalog-2026-1-295x300.jpg 295w, https:\/\/www.eikholt.no\/app\/uploads\/2025\/09\/Karianne-forside-Kurskatalog-2026-1-768x780.jpg 768w, https:\/\/www.eikholt.no\/app\/uploads\/2025\/09\/Karianne-forside-Kurskatalog-2026-1-12x12.jpg 12w, https:\/\/www.eikholt.no\/app\/uploads\/2025\/09\/Karianne-forside-Kurskatalog-2026-1-24x24.jpg 24w, https:\/\/www.eikholt.no\/app\/uploads\/2025\/09\/Karianne-forside-Kurskatalog-2026-1-48x48.jpg 48w, https:\/\/www.eikholt.no\/app\/uploads\/2025\/09\/Karianne-forside-Kurskatalog-2026-1-96x96.jpg 96w\" sizes=\"auto, (max-width: 971px) 100vw, 971px\" \/><\/figure>\n\n\n\n<p><\/p>\n\n\n\n<h2 class=\"wp-block-heading\">Kenen kursseja?<\/h2>\n\n\n\n<p>T\u00e4ss\u00e4 luettelossa kuvataan ryhm\u00e4kursseja henkil\u00f6ille, joilla on yhdistetty n\u00e4k\u00f6- ja kuulovamma tai kuurosokeus, heid\u00e4n hoitajilleen ja ammattilaisille.<\/p>\n\n\n\n<h2 class=\"wp-block-heading\">Mit\u00e4 kurssiluettelo sis\u00e4lt\u00e4\u00e4?<\/h2>\n\n\n\n<p>Vuoden 2026 kurssiluettelossa on yleiskatsaus Eikholt:ss\u00e4 j\u00e4rjestett\u00e4vist\u00e4 ryhm\u00e4kursseista. Kurssien tarkoituksena on tarjota ammatillista virkistyst\u00e4, tukea arjessa ja mahdollisuus tavata muita samankaltaisessa el\u00e4m\u00e4ntilanteessa olevia. Monet kokevat, ett\u00e4 syntyy hyvi\u00e4 keskusteluja, vahvoja yhteis\u00f6j\u00e4 ja pysyvi\u00e4 yst\u00e4vyyssuhteita. <\/p>\n\n\n\n<p>T\u00e4m\u00e4 tekee Eikholt-kursseista niin erityisi\u00e4.<\/p>\n\n\n\n<h2 class=\"wp-block-heading\">Miten saan kurssiluettelon?<\/h2>\n\n\n\n<p>Luettelo l\u00e4hetet\u00e4\u00e4n automaattisesti kaikille, jotka ovat osallistuneet kurssillemme viimeisten viiden vuoden aikana. Jos olet ilmoittanut haluavasi meilt\u00e4 materiaalia punktiss\u00e4, saat my\u00f6s kurssiluettelon punktiss\u00e4. <\/p>\n\n\n\n<h3 class=\"wp-block-heading\">Lataa kurssiluettelo<\/h3>\n\n\n\n<p>Voit my\u00f6s ladata vuoden 2026 kurssiluettelon t\u00e4\u00e4lt\u00e4:<\/p>\n\n\n\n<ul class=\"wp-block-list\">\n<li><strong>Lataa t\u00e4m\u00e4 sivu <\/strong><a href=\"https:\/\/www.eikholt.no\/fi\/sovellus\/lataukset\/2025\/09\/eikholt-kurskatalog-2026-1.docx\/\" target=\"_blank\" rel=\"noreferrer noopener\"><strong>Kurssiluettelo word-muodossa<\/strong> <\/a>(avautuu uudessa ikkunassa)<\/li>\n\n\n\n<li><strong>Lataa t\u00e4m\u00e4 sivu <a href=\"https:\/\/www.eikholt.no\/fi\/sovellus\/lataukset\/2025\/09\/eikholt-kurskatalog-2026-1.pdf\/\" target=\"_blank\" rel=\"noreferrer noopener\">Kurssiluettelo PDF-muodossa ilman kuvia <\/a><\/strong>(avautuu uudessa ikkunassa)<\/li>\n\n\n\n<li><strong>Lataa t\u00e4m\u00e4 sivu <a href=\"https:\/\/www.eikholt.no\/fi\/sovellus\/lataukset\/2025\/10\/eikholt-kurskatalog-2026.pdf\/\" target=\"_blank\" rel=\"noreferrer noopener\">Kurssiluettelo PDF-muodossa kuvineen<\/a> <\/strong>(avautuu uudessa ikkunassa)<\/li>\n<\/ul>\n\n\n\n<h2 class=\"wp-block-heading\">Etk\u00f6 ole saanut kurssiluetteloa?<\/h2>\n\n\n\n<figure class=\"wp-block-image size-large\"><img loading=\"lazy\" decoding=\"async\" width=\"768\" height=\"1024\" src=\"https:\/\/www.eikholt.no\/app\/uploads\/2025\/09\/Linus-og-Ludvig-jobber-med-a-pakke-kurskatalog-i-hostferien-1-768x1024.jpg\" alt=\"Kaksi poikaa istuu kuvasto ja kirjekuori k\u00e4dess\u00e4\u00e4n. P\u00f6yd\u00e4ll\u00e4 on kirjekuoripinoja.\" class=\"wp-image-5115\" style=\"aspect-ratio:4\/3;object-fit:cover\" srcset=\"https:\/\/www.eikholt.no\/app\/uploads\/2025\/09\/Linus-og-Ludvig-jobber-med-a-pakke-kurskatalog-i-hostferien-1-768x1024.jpg 768w, https:\/\/www.eikholt.no\/app\/uploads\/2025\/09\/Linus-og-Ludvig-jobber-med-a-pakke-kurskatalog-i-hostferien-1-225x300.jpg 225w, https:\/\/www.eikholt.no\/app\/uploads\/2025\/09\/Linus-og-Ludvig-jobber-med-a-pakke-kurskatalog-i-hostferien-1-1152x1536.jpg 1152w, https:\/\/www.eikholt.no\/app\/uploads\/2025\/09\/Linus-og-Ludvig-jobber-med-a-pakke-kurskatalog-i-hostferien-1-1536x2048.jpg 1536w, https:\/\/www.eikholt.no\/app\/uploads\/2025\/09\/Linus-og-Ludvig-jobber-med-a-pakke-kurskatalog-i-hostferien-1-9x12.jpg 9w, https:\/\/www.eikholt.no\/app\/uploads\/2025\/09\/Linus-og-Ludvig-jobber-med-a-pakke-kurskatalog-i-hostferien-1-scaled.jpg 1920w\" sizes=\"auto, (max-width: 768px) 100vw, 768px\" \/><figcaption class=\"wp-element-caption\">Kuva: Linus ja Ludvig pakkaavat luetteloita l\u00e4hetyst\u00e4 varten.<\/figcaption><\/figure>\n\n\n\n<p>Jos et ole saanut luetteloa lokakuun puoliv\u00e4liin menness\u00e4, ota meihin yhteytt\u00e4. Ilmoittakaa, mink\u00e4 version haluatte (painetun kuvakatalogin, pelk\u00e4n tekstin, PDF:n tai pisteen), ja muistakaa ilmoittaa postiosoitteenne.<\/p>\n\n\n\n<ul class=\"wp-block-list\">\n<li>S\u00e4hk\u00f6posti: <a href=\"mailto:post@eikholt.no\"><strong>post@eikholt.no<\/strong><\/a><\/li>\n\n\n\n<li>Puhelimitse tai tekstiviestill\u00e4:&nbsp;<a href=\"http:\/\/45%2061%2044%2004\/\"><strong>45 61 44 04<\/strong><\/a><\/li>\n<\/ul>\n\n\n\n<h2 class=\"wp-block-heading\">Haluatko hakea kurssille?<\/h2>\n\n\n\n<p>Ilmoittaudu ryhm\u00e4kurssille:&nbsp;<a href=\"https:\/\/www.eikholt.no\/fi\/kurssi\/\"><strong>ryhm\u00e4kurssi&nbsp;<\/strong><\/a><\/p>\n\n\n\n<p>Hae yksitt\u00e4ist\u00e4 kurssia:&nbsp;<strong><a href=\"https:\/\/www.eikholt.no\/fi\/hakulomake-yksittaisia-kursseja-varten\/\" target=\"_blank\" rel=\"noreferrer noopener\">Tiedustelu yksitt\u00e4inen kurssi<\/a>Min\u00e4 olen suuri.&nbsp;<\/strong><\/p>\n\n\n\n<h2 class=\"wp-block-heading\">Haluatko tiet\u00e4\u00e4 enemm\u00e4n k\u00e4ytt\u00e4j\u00e4st\u00e4 Eikholt?<\/h2>\n\n\n\n<p>Voit ladata sovelluksen <em>Go info -n\u00e4ytt\u00f6 <\/em>i <em>App Store<\/em> tai <em>Google Play.<\/em><\/p>\n\n\n\n<p>K\u00e4yt\u00e4 koodia&nbsp;<strong>Eikholt80<\/strong><\/p>\n\n\n\n<figure class=\"wp-block-image\"><img loading=\"lazy\" decoding=\"async\" width=\"231\" height=\"300\" src=\"https:\/\/www.eikholt.no\/app\/uploads\/2024\/03\/My_App-1-231x300.png\" alt=\"\" class=\"wp-image-2599\" srcset=\"https:\/\/www.eikholt.no\/app\/uploads\/2024\/03\/My_App-1-231x300.png 231w, https:\/\/www.eikholt.no\/app\/uploads\/2024\/03\/My_App-1-790x1024.png 790w, https:\/\/www.eikholt.no\/app\/uploads\/2024\/03\/My_App-1-768x996.png 768w, https:\/\/www.eikholt.no\/app\/uploads\/2024\/03\/My_App-1-1185x1536.png 1185w, https:\/\/www.eikholt.no\/app\/uploads\/2024\/03\/My_App-1-1580x2048.png 1580w\" sizes=\"auto, (max-width: 231px) 100vw, 231px\" \/><\/figure>\n\n\n\n<p><\/p>","protected":false},"excerpt":{"rendered":"<p>Mik\u00e4 on Eikholt? Eikholt on kansallinen resurssikeskus henkil\u00f6ille, joilla on yhdistetty n\u00e4k\u00f6- ja kuulovamma tai kuurosokeus. Tarjoamme kursseja sek\u00e4 ryhmiss\u00e4 ett\u00e4 yksil\u00f6llisesti ja olemme my\u00f6s turvallisuutta, osaamista ja luovuutta edist\u00e4v\u00e4 kohtaamispaikka. Turvallinen, osaava, luova - tervetuloa Eikholt:n kursseille! Kursseja kenelle? T\u00e4ss\u00e4 luettelossa kuvataan ryhm\u00e4kursseja henkil\u00f6ille, joilla on yhdistetty n\u00e4k\u00f6vamma.<\/p>","protected":false},"author":2,"featured_media":0,"parent":0,"menu_order":0,"comment_status":"closed","ping_status":"closed","template":"","meta":{"_acf_changed":false,"inline_featured_image":false,"ep_exclude_from_search":false,"footnotes":""},"class_list":["post-2060","page","type-page","status-publish","hentry"],"acf":[],"yoast_head":"<!-- This site is optimized with the Yoast SEO plugin v25.8 - https:\/\/yoast.com\/wordpress\/plugins\/seo\/ -->\n<title>Kurskatalog 2026 - Eikholt<\/title>\n<meta name=\"description\" content=\"Kurskatalogen fra Eikholt beskriver gruppekurs for personer med kombinert syns- og h\u00f8rselsnedsettelse\/d\u00f8vblindhet, og deres n\u00e6rpersoner. Last ned kurskatalogen her, eller bestill i \u00f8nsket format ved \u00e5 ta kontakt med oss.\" \/>\n<meta name=\"robots\" content=\"index, follow, max-snippet:-1, max-image-preview:large, max-video-preview:-1\" \/>\n<link rel=\"canonical\" href=\"https:\/\/www.eikholt.no\/fi\/kurssiluettelo-2026\/\" \/>\n<meta property=\"og:locale\" content=\"fi_FI\" \/>\n<meta property=\"og:type\" content=\"article\" \/>\n<meta property=\"og:title\" content=\"Kurskatalog 2026 - Eikholt\" \/>\n<meta property=\"og:description\" content=\"Kurskatalogen fra Eikholt beskriver gruppekurs for personer med kombinert syns- og h\u00f8rselsnedsettelse\/d\u00f8vblindhet, og deres n\u00e6rpersoner. Last ned kurskatalogen her, eller bestill i \u00f8nsket format ved \u00e5 ta kontakt med oss.\" \/>\n<meta property=\"og:url\" content=\"https:\/\/www.eikholt.no\/fi\/kurssiluettelo-2026\/\" \/>\n<meta property=\"og:site_name\" content=\"Eikholt\" \/>\n<meta property=\"article:publisher\" content=\"https:\/\/www.facebook.com\/eikholt.kompetansesenter\" \/>\n<meta property=\"article:modified_time\" content=\"2025-10-03T06:09:44+00:00\" \/>\n<meta property=\"og:image\" content=\"https:\/\/www.eikholt.no\/app\/uploads\/2025\/09\/Karianne-forside-Kurskatalog-2026-1.jpg\" \/>\n\t<meta property=\"og:image:width\" content=\"971\" \/>\n\t<meta property=\"og:image:height\" content=\"986\" \/>\n\t<meta property=\"og:image:type\" content=\"image\/jpeg\" \/>\n<meta name=\"twitter:card\" content=\"summary_large_image\" \/>\n<meta name=\"twitter:label1\" content=\"Est. reading time\" \/>\n\t<meta name=\"twitter:data1\" content=\"3 minutes\" \/>\n<script type=\"application\/ld+json\" class=\"yoast-schema-graph\">{\"@context\":\"https:\/\/schema.org\",\"@graph\":[{\"@type\":\"WebPage\",\"@id\":\"https:\/\/www.eikholt.no\/kurskatalog-2026\/\",\"url\":\"https:\/\/www.eikholt.no\/kurskatalog-2026\/\",\"name\":\"Kurskatalog 2026 - Eikholt\",\"isPartOf\":{\"@id\":\"https:\/\/www.eikholt.no\/#website\"},\"primaryImageOfPage\":{\"@id\":\"https:\/\/www.eikholt.no\/kurskatalog-2026\/#primaryimage\"},\"image\":{\"@id\":\"https:\/\/www.eikholt.no\/kurskatalog-2026\/#primaryimage\"},\"thumbnailUrl\":\"https:\/\/www.eikholt.no\/app\/uploads\/2025\/09\/Karianne-forside-Kurskatalog-2026-1.jpg\",\"datePublished\":\"2025-09-30T08:47:35+00:00\",\"dateModified\":\"2025-10-03T06:09:44+00:00\",\"description\":\"Kurskatalogen fra Eikholt beskriver gruppekurs for personer med kombinert syns- og h\u00f8rselsnedsettelse\/d\u00f8vblindhet, og deres n\u00e6rpersoner. Last ned kurskatalogen her, eller bestill i \u00f8nsket format ved \u00e5 ta kontakt med oss.\",\"breadcrumb\":{\"@id\":\"https:\/\/www.eikholt.no\/kurskatalog-2026\/#breadcrumb\"},\"inLanguage\":\"fi\",\"potentialAction\":[{\"@type\":\"ReadAction\",\"target\":[\"https:\/\/www.eikholt.no\/kurskatalog-2026\/\"]}]},{\"@type\":\"ImageObject\",\"inLanguage\":\"fi\",\"@id\":\"https:\/\/www.eikholt.no\/kurskatalog-2026\/#primaryimage\",\"url\":\"https:\/\/www.eikholt.no\/app\/uploads\/2025\/09\/Karianne-forside-Kurskatalog-2026-1.jpg\",\"contentUrl\":\"https:\/\/www.eikholt.no\/app\/uploads\/2025\/09\/Karianne-forside-Kurskatalog-2026-1.jpg\"},{\"@type\":\"BreadcrumbList\",\"@id\":\"https:\/\/www.eikholt.no\/kurskatalog-2026\/#breadcrumb\",\"itemListElement\":[{\"@type\":\"ListItem\",\"position\":1,\"name\":\"Forside\",\"item\":\"https:\/\/www.eikholt.no\/\"},{\"@type\":\"ListItem\",\"position\":2,\"name\":\"Kurskatalog 2026\"}]},{\"@type\":\"WebSite\",\"@id\":\"https:\/\/www.eikholt.no\/#website\",\"url\":\"https:\/\/www.eikholt.no\/\",\"name\":\"Eikholt\",\"description\":\"\",\"publisher\":{\"@id\":\"https:\/\/www.eikholt.no\/#organization\"},\"potentialAction\":[{\"@type\":\"SearchAction\",\"target\":{\"@type\":\"EntryPoint\",\"urlTemplate\":\"https:\/\/www.eikholt.no\/?s={search_term_string}\"},\"query-input\":{\"@type\":\"PropertyValueSpecification\",\"valueRequired\":true,\"valueName\":\"search_term_string\"}}],\"inLanguage\":\"fi\"},{\"@type\":\"Organization\",\"@id\":\"https:\/\/www.eikholt.no\/#organization\",\"name\":\"Eikholt\",\"url\":\"https:\/\/www.eikholt.no\/\",\"logo\":{\"@type\":\"ImageObject\",\"inLanguage\":\"fi\",\"@id\":\"https:\/\/www.eikholt.no\/#\/schema\/logo\/image\/\",\"url\":\"https:\/\/www.eikholt.no\/app\/uploads\/2024\/04\/cropped-Logo-Eikholt-ny.jpg\",\"contentUrl\":\"https:\/\/www.eikholt.no\/app\/uploads\/2024\/04\/cropped-Logo-Eikholt-ny.jpg\",\"width\":419,\"height\":209,\"caption\":\"Eikholt\"},\"image\":{\"@id\":\"https:\/\/www.eikholt.no\/#\/schema\/logo\/image\/\"},\"sameAs\":[\"https:\/\/www.facebook.com\/eikholt.kompetansesenter\"]}]}<\/script>\n<!-- \/ Yoast SEO plugin. -->","yoast_head_json":{"title":"Kurssiluettelo 2026 - Eikholt","description":"Eikholt:n kurssiluettelossa kuvataan ryhm\u00e4kursseja henkil\u00f6ille, joilla on yhdistetty n\u00e4k\u00f6- ja kuulovamma tai kuurosokeus, sek\u00e4 heid\u00e4n huoltajilleen. Lataa kurssiluettelo t\u00e4\u00e4lt\u00e4 tai tilaa se haluamassasi muodossa ottamalla yhteytt\u00e4 meihin.","robots":{"index":"index","follow":"follow","max-snippet":"max-snippet:-1","max-image-preview":"max-image-preview:large","max-video-preview":"max-video-preview:-1"},"canonical":"https:\/\/www.eikholt.no\/fi\/kurssiluettelo-2026\/","og_locale":"fi_FI","og_type":"article","og_title":"Kurskatalog 2026 - Eikholt","og_description":"Kurskatalogen fra Eikholt beskriver gruppekurs for personer med kombinert syns- og h\u00f8rselsnedsettelse\/d\u00f8vblindhet, og deres n\u00e6rpersoner. Last ned kurskatalogen her, eller bestill i \u00f8nsket format ved \u00e5 ta kontakt med oss.","og_url":"https:\/\/www.eikholt.no\/fi\/kurssiluettelo-2026\/","og_site_name":"Eikholt","article_publisher":"https:\/\/www.facebook.com\/eikholt.kompetansesenter","article_modified_time":"2025-10-03T06:09:44+00:00","og_image":[{"width":971,"height":986,"url":"https:\/\/www.eikholt.no\/app\/uploads\/2025\/09\/Karianne-forside-Kurskatalog-2026-1.jpg","type":"image\/jpeg"}],"twitter_card":"summary_large_image","twitter_misc":{"Est. reading time":"3 minutes"},"schema":{"@context":"https:\/\/schema.org","@graph":[{"@type":"WebPage","@id":"https:\/\/www.eikholt.no\/kurskatalog-2026\/","url":"https:\/\/www.eikholt.no\/kurskatalog-2026\/","name":"Kurssiluettelo 2026 - Eikholt","isPartOf":{"@id":"https:\/\/www.eikholt.no\/#website"},"primaryImageOfPage":{"@id":"https:\/\/www.eikholt.no\/kurskatalog-2026\/#primaryimage"},"image":{"@id":"https:\/\/www.eikholt.no\/kurskatalog-2026\/#primaryimage"},"thumbnailUrl":"https:\/\/www.eikholt.no\/app\/uploads\/2025\/09\/Karianne-forside-Kurskatalog-2026-1.jpg","datePublished":"2025-09-30T08:47:35+00:00","dateModified":"2025-10-03T06:09:44+00:00","description":"Eikholt:n kurssiluettelossa kuvataan ryhm\u00e4kursseja henkil\u00f6ille, joilla on yhdistetty n\u00e4k\u00f6- ja kuulovamma tai kuurosokeus, sek\u00e4 heid\u00e4n huoltajilleen. Lataa kurssiluettelo t\u00e4\u00e4lt\u00e4 tai tilaa se haluamassasi muodossa ottamalla yhteytt\u00e4 meihin.","breadcrumb":{"@id":"https:\/\/www.eikholt.no\/kurskatalog-2026\/#breadcrumb"},"inLanguage":"fi","potentialAction":[{"@type":"ReadAction","target":["https:\/\/www.eikholt.no\/kurskatalog-2026\/"]}]},{"@type":"ImageObject","inLanguage":"fi","@id":"https:\/\/www.eikholt.no\/kurskatalog-2026\/#primaryimage","url":"https:\/\/www.eikholt.no\/app\/uploads\/2025\/09\/Karianne-forside-Kurskatalog-2026-1.jpg","contentUrl":"https:\/\/www.eikholt.no\/app\/uploads\/2025\/09\/Karianne-forside-Kurskatalog-2026-1.jpg"},{"@type":"BreadcrumbList","@id":"https:\/\/www.eikholt.no\/kurskatalog-2026\/#breadcrumb","itemListElement":[{"@type":"ListItem","position":1,"name":"Forside","item":"https:\/\/www.eikholt.no\/"},{"@type":"ListItem","position":2,"name":"Kurskatalog 2026"}]},{"@type":"WebSite","@id":"https:\/\/www.eikholt.no\/#website","url":"https:\/\/www.eikholt.no\/","name":"Eikholt","description":"","publisher":{"@id":"https:\/\/www.eikholt.no\/#organization"},"potentialAction":[{"@type":"SearchAction","target":{"@type":"EntryPoint","urlTemplate":"https:\/\/www.eikholt.no\/?s={search_term_string}"},"query-input":{"@type":"PropertyValueSpecification","valueRequired":true,"valueName":"search_term_string"}}],"inLanguage":"fi"},{"@type":"Organization","@id":"https:\/\/www.eikholt.no\/#organization","name":"Eikholt","url":"https:\/\/www.eikholt.no\/","logo":{"@type":"ImageObject","inLanguage":"fi","@id":"https:\/\/www.eikholt.no\/#\/schema\/logo\/image\/","url":"https:\/\/www.eikholt.no\/app\/uploads\/2024\/04\/cropped-Logo-Eikholt-ny.jpg","contentUrl":"https:\/\/www.eikholt.no\/app\/uploads\/2024\/04\/cropped-Logo-Eikholt-ny.jpg","width":419,"height":209,"caption":"Eikholt"},"image":{"@id":"https:\/\/www.eikholt.no\/#\/schema\/logo\/image\/"},"sameAs":["https:\/\/www.facebook.com\/eikholt.kompetansesenter"]}]}},"_links":{"self":[{"href":"https:\/\/www.eikholt.no\/fi\/wp-json\/wp\/v2\/pages\/2060","targetHints":{"allow":["GET"]}}],"collection":[{"href":"https:\/\/www.eikholt.no\/fi\/wp-json\/wp\/v2\/pages"}],"about":[{"href":"https:\/\/www.eikholt.no\/fi\/wp-json\/wp\/v2\/types\/page"}],"author":[{"embeddable":true,"href":"https:\/\/www.eikholt.no\/fi\/wp-json\/wp\/v2\/users\/2"}],"replies":[{"embeddable":true,"href":"https:\/\/www.eikholt.no\/fi\/wp-json\/wp\/v2\/comments?post=2060"}],"version-history":[{"count":31,"href":"https:\/\/www.eikholt.no\/fi\/wp-json\/wp\/v2\/pages\/2060\/revisions"}],"predecessor-version":[{"id":5193,"href":"https:\/\/www.eikholt.no\/fi\/wp-json\/wp\/v2\/pages\/2060\/revisions\/5193"}],"wp:attachment":[{"href":"https:\/\/www.eikholt.no\/fi\/wp-json\/wp\/v2\/media?parent=2060"}],"curies":[{"name":"wp","href":"https:\/\/api.w.org\/{rel}","templated":true}]}}