{"id":4308,"date":"2025-02-21T12:52:51","date_gmt":"2025-02-21T12:52:51","guid":{"rendered":"https:\/\/www.eikholt.no\/?page_id=4308"},"modified":"2025-06-19T08:28:53","modified_gmt":"2025-06-19T08:28:53","slug":"eikholtilla-on-sovellus-joka-sisaltaa-tietoa-eikholtiin-matkustaville","status":"publish","type":"page","link":"https:\/\/www.eikholt.no\/fi\/eikholtilla-on-sovellus-joka-sisaltaa-tietoa-eikholtiin-matkustaville\/","title":{"rendered":"Sovellus, joka sis\u00e4lt\u00e4\u00e4 tietoa kohteeseen Eikholt matkustaville henkil\u00f6ille"},"content":{"rendered":"<p>Oletko kurssilainen, hoitaja, tulkki tai kurssin opettaja? Sovelluksesta l\u00f6yd\u00e4t kaiken, mit\u00e4 sinun tarvitsee tiet\u00e4\u00e4 Eikholt:hen tulemisesta ja kanssamme olemisesta.<\/p>\n\n\n\n<p>Kaikilla ryhm\u00e4kursseilla on oma sivunsa (kanava), jossa on tietoa. Lue kurssin ohjelma, tutustu kurssin opettajan muistiinpanoihin, kun tulet kurssilta kotiin, ja paljon, paljon muuta.<\/p>\n\n\n\n<figure class=\"wp-block-image size-large\"><img loading=\"lazy\" decoding=\"async\" width=\"1024\" height=\"939\" src=\"https:\/\/www.eikholt.no\/app\/uploads\/2025\/02\/IMG_0742-1-1024x939.jpg\" alt=\"\" class=\"wp-image-4316\" srcset=\"https:\/\/www.eikholt.no\/app\/uploads\/2025\/02\/IMG_0742-1-1024x939.jpg 1024w, https:\/\/www.eikholt.no\/app\/uploads\/2025\/02\/IMG_0742-1-300x275.jpg 300w, https:\/\/www.eikholt.no\/app\/uploads\/2025\/02\/IMG_0742-1-768x704.jpg 768w, https:\/\/www.eikholt.no\/app\/uploads\/2025\/02\/IMG_0742-1.jpg 1158w\" sizes=\"auto, (max-width: 1024px) 100vw, 1024px\" \/><figcaption class=\"wp-element-caption\">Kuva kuvan avaamisesta sovelluksessa koodia jaettaessa <strong>Eikholt80<\/strong> lis\u00e4t\u00e4\u00e4n<\/figcaption><\/figure>\n\n\n\n<h2 class=\"wp-block-heading\">Sovelluksen l\u00f6yt\u00e4minen<\/h2>\n\n\n\n<p>T\u00e4ss\u00e4 on vaiheittainen opas sovelluksen hankkimisesta:<\/p>\n\n\n\n<ul class=\"wp-block-list\">\n<li>Lataa sovellus osoitteesta <a href=\"https:\/\/nor01.safelinks.protection.outlook.com\/?url=https%3A%2F%2Fapps.apple.com%2Fno%2Fapp%2Fpintomind-go%2Fid1212861981%3Fl%3Dnb&amp;data=05%7C02%7Ctanja.teigum%40eikholt.no%7C376e5859e9544e55751a08dd12d53763%7Cac2ebaea36bf4ff6a815261051bcd014%7C0%7C0%7C638687429142606400%7CUnknown%7CTWFpbGZsb3d8eyJFbXB0eU1hcGkiOnRydWUsIlYiOiIwLjAuMDAwMCIsIlAiOiJXaW4zMiIsIkFOIjoiTWFpbCIsIldUIjoyfQ%3D%3D%7C0%7C%7C%7C&amp;sdata=QIW%2BxjiQNUEMEwjd%2BBunPnLRgSFlpjDbQ4UmoWquOd8%3D&amp;reserved=0\" target=\"_blank\" rel=\"noreferrer noopener\">App Store<\/a> <\/li>\n\n\n\n<li>Lataa sovellus osoitteesta <a href=\"https:\/\/nor01.safelinks.protection.outlook.com\/?url=https%3A%2F%2Fplay.google.com%2Fstore%2Fapps%2Fdetails%3Fid%3Dno.favo.infoskjermen.remote&amp;data=05%7C02%7Ctanja.teigum%40eikholt.no%7C376e5859e9544e55751a08dd12d53763%7Cac2ebaea36bf4ff6a815261051bcd014%7C0%7C0%7C638687429142625820%7CUnknown%7CTWFpbGZsb3d8eyJFbXB0eU1hcGkiOnRydWUsIlYiOiIwLjAuMDAwMCIsIlAiOiJXaW4zMiIsIkFOIjoiTWFpbCIsIldUIjoyfQ%3D%3D%7C0%7C%7C%7C&amp;sdata=6U7EXK5xnLIsiqmbQRRnpjG3YYPBk73zsideWEOb7iQ%3D&amp;reserved=0\" target=\"_blank\" rel=\"noreferrer noopener\">Google Play<\/a> .&nbsp;<\/li>\n\n\n\n<li>Skannaa QR-koodi puhelimesi kameran avulla ladataksesi sovelluksen:&nbsp;&nbsp;<\/li>\n<\/ul>\n\n\n\n<div class=\"wp-block-columns is-layout-flex wp-container-core-columns-is-layout-9d6595d7 wp-block-columns-is-layout-flex\">\n<div class=\"wp-block-column is-layout-flow wp-block-column-is-layout-flow\">\n<figure class=\"wp-block-image size-large is-resized\"><img loading=\"lazy\" decoding=\"async\" width=\"790\" height=\"1024\" src=\"https:\/\/www.eikholt.no\/app\/uploads\/2024\/03\/My_App-1-790x1024.png\" alt=\"Etsi sovellus skannaamalla t\u00e4m\u00e4 QR-koodi\" class=\"wp-image-2599\" style=\"width:185px;height:auto\" srcset=\"https:\/\/www.eikholt.no\/app\/uploads\/2024\/03\/My_App-1-790x1024.png 790w, https:\/\/www.eikholt.no\/app\/uploads\/2024\/03\/My_App-1-231x300.png 231w, https:\/\/www.eikholt.no\/app\/uploads\/2024\/03\/My_App-1-768x996.png 768w, https:\/\/www.eikholt.no\/app\/uploads\/2024\/03\/My_App-1-1185x1536.png 1185w, https:\/\/www.eikholt.no\/app\/uploads\/2024\/03\/My_App-1-1580x2048.png 1580w\" sizes=\"auto, (max-width: 790px) 100vw, 790px\" \/><\/figure>\n<\/div>\n<\/div>\n\n\n\n<h2 class=\"wp-block-heading\">K\u00e4yt\u00e4 sovelluksen infon\u00e4ytt\u00f6\u00e4 go<\/h2>\n\n\n\n<p>Avaa sovellus, k\u00e4yt\u00e4 +-merkki\u00e4 ja lis\u00e4\u00e4 haluamasi sivu (kanava) alla olevilla jakokoodeilla.<\/p>\n\n\n\n<ul class=\"wp-block-list\">\n<li>Min\u00e4 olen suuri.<strong>Eikholt80<\/strong>&nbsp;on jakokoodi sivulle, jossa on tietoa meille tulosta ja kursseille osallistumisesta kanssamme.<\/li>\n\n\n\n<li><strong>Tulkki<\/strong> on jakokoodi sinulle tulkkina\/seuralaisena.<\/li>\n\n\n\n<li>Kaikilla ryhm\u00e4kursseilla on oma sivunsa. Kurssin j\u00e4rjest\u00e4j\u00e4 antaa sinulle sivun jakokoodin ennen kurssille l\u00e4ht\u00f6\u00e4.<\/li>\n<\/ul>\n\n\n\n<h2 class=\"wp-block-heading\">Poista kanava sovelluksessa<\/h2>\n\n\n\n<p>Jos et halua en\u00e4\u00e4 n\u00e4hd\u00e4 sivua\/kanavaa sovelluksessa, voit toimia seuraavasti:<\/p>\n\n\n\n<ul class=\"wp-block-list\">\n<li>Avaa sovellus<\/li>\n\n\n\n<li>Siirry sen sivun\/kanavan kohdalle, jonka haluat poistaa.<\/li>\n\n\n\n<li>Valitse \"lis\u00e4\u00e4...\" ja poista<\/li>\n<\/ul>\n\n\n\n<h2 class=\"wp-block-heading\">Etk\u00f6 halua k\u00e4ytt\u00e4\u00e4 sovellustamme?<\/h2>\n\n\n\n<p>Se on t\u00e4ysin ok. Saatte tuttua tietoa. <\/p>\n\n\n\n<h2 class=\"wp-block-heading\">Haluatko saada tietoa Eikholt:lt\u00e4?<\/h2>\n\n\n\n<p>T\u00e4t\u00e4 varten tarvitsemme suostumuksesi. Voit antaa sen t\u00e4\u00e4ll\u00e4: <a href=\"https:\/\/www.eikholt.no\/fi\/haluatko-saada-tietoa-eikholtilta\/\"><strong>Haluatko saada tietoa Eikholt:lt\u00e4?<\/strong><\/a><\/p>\n\n\n\n<h2 class=\"wp-block-heading\">Etk\u00f6 ole varma jostain asiasta?<\/h2>\n\n\n\n<p>Autamme sinua mielell\u00e4mme! Ota meihin yhteytt\u00e4. L\u00f6yd\u00e4t yhteystiedot t\u00e4st\u00e4 linkist\u00e4: <a href=\"https:\/\/www.eikholt.no\/fi\/ota-yhteytta\/\"><strong>Ota yhteytt\u00e4 - Eikholt<\/strong><\/a><\/p>\n\n\n\n<p><\/p>","protected":false},"excerpt":{"rendered":"<p>Oletko kurssilainen, hoitaja, tulkki tai kurssin opettaja? Sovelluksesta l\u00f6yd\u00e4t kaiken, mit\u00e4 sinun tarvitsee tiet\u00e4\u00e4 Eikholt:hen tulemisesta ja kanssamme olemisesta. Kaikilla ryhm\u00e4kursseilla on oma sivu (kanava), jossa on tietoa. Lue kurssin ohjelma, tutustu kurssin opettajan muistiinpanoihin, kun tulet kurssilta kotiin, ja paljon, paljon muuta. N\u00e4in l\u00f6yd\u00e4t<\/p>","protected":false},"author":2,"featured_media":4312,"parent":0,"menu_order":0,"comment_status":"closed","ping_status":"closed","template":"","meta":{"_acf_changed":false,"inline_featured_image":false,"ep_exclude_from_search":false,"footnotes":""},"class_list":["post-4308","page","type-page","status-publish","has-post-thumbnail","hentry"],"acf":[],"yoast_head":"<!-- This site is optimized with the Yoast SEO plugin v25.8 - https:\/\/yoast.com\/wordpress\/plugins\/seo\/ -->\n<title>App med informasjon til deg som skal til Eikholt<\/title>\n<meta name=\"description\" content=\"Er du kursdeltaker,\u00a0n\u00e6rperson, tolk eller kursl\u00e6rer? I appen finner du det du trenger \u00e5 vite, om \u00e5 komme til og oss og v\u00e6re hos oss. Les mer her:\" \/>\n<meta name=\"robots\" content=\"index, follow, max-snippet:-1, max-image-preview:large, max-video-preview:-1\" \/>\n<link rel=\"canonical\" href=\"https:\/\/www.eikholt.no\/fi\/eikholtilla-on-sovellus-joka-sisaltaa-tietoa-eikholtiin-matkustaville\/\" \/>\n<meta property=\"og:locale\" content=\"fi_FI\" \/>\n<meta property=\"og:type\" content=\"article\" \/>\n<meta property=\"og:title\" content=\"App med informasjon til deg som skal til Eikholt\" \/>\n<meta property=\"og:description\" content=\"Er du kursdeltaker,\u00a0n\u00e6rperson, tolk eller kursl\u00e6rer? I appen finner du det du trenger \u00e5 vite, om \u00e5 komme til og oss og v\u00e6re hos oss. Les mer her:\" \/>\n<meta property=\"og:url\" content=\"https:\/\/www.eikholt.no\/fi\/eikholtilla-on-sovellus-joka-sisaltaa-tietoa-eikholtiin-matkustaville\/\" \/>\n<meta property=\"og:site_name\" content=\"Eikholt\" \/>\n<meta property=\"article:publisher\" content=\"https:\/\/www.facebook.com\/eikholt.kompetansesenter\" \/>\n<meta property=\"article:modified_time\" content=\"2025-06-19T08:28:53+00:00\" \/>\n<meta property=\"og:image\" content=\"https:\/\/www.eikholt.no\/app\/uploads\/2025\/02\/IMG_0742.jpg\" \/>\n\t<meta property=\"og:image:width\" content=\"1158\" \/>\n\t<meta property=\"og:image:height\" content=\"1062\" \/>\n\t<meta property=\"og:image:type\" content=\"image\/jpeg\" \/>\n<meta name=\"twitter:card\" content=\"summary_large_image\" \/>\n<meta name=\"twitter:label1\" content=\"Est. reading time\" \/>\n\t<meta name=\"twitter:data1\" content=\"3 minutes\" \/>\n<script type=\"application\/ld+json\" class=\"yoast-schema-graph\">{\"@context\":\"https:\/\/schema.org\",\"@graph\":[{\"@type\":\"WebPage\",\"@id\":\"https:\/\/www.eikholt.no\/eikholt-har-app-med-informasjon-til-deg-som-skal-til-eikholt\/\",\"url\":\"https:\/\/www.eikholt.no\/eikholt-har-app-med-informasjon-til-deg-som-skal-til-eikholt\/\",\"name\":\"App med informasjon til deg som skal til Eikholt\",\"isPartOf\":{\"@id\":\"https:\/\/www.eikholt.no\/#website\"},\"primaryImageOfPage\":{\"@id\":\"https:\/\/www.eikholt.no\/eikholt-har-app-med-informasjon-til-deg-som-skal-til-eikholt\/#primaryimage\"},\"image\":{\"@id\":\"https:\/\/www.eikholt.no\/eikholt-har-app-med-informasjon-til-deg-som-skal-til-eikholt\/#primaryimage\"},\"thumbnailUrl\":\"https:\/\/www.eikholt.no\/app\/uploads\/2025\/02\/IMG_0742.jpg\",\"datePublished\":\"2025-02-21T12:52:51+00:00\",\"dateModified\":\"2025-06-19T08:28:53+00:00\",\"description\":\"Er du kursdeltaker,\u00a0n\u00e6rperson, tolk eller kursl\u00e6rer? I appen finner du det du trenger \u00e5 vite, om \u00e5 komme til og oss og v\u00e6re hos oss. Les mer her:\",\"breadcrumb\":{\"@id\":\"https:\/\/www.eikholt.no\/eikholt-har-app-med-informasjon-til-deg-som-skal-til-eikholt\/#breadcrumb\"},\"inLanguage\":\"fi\",\"potentialAction\":[{\"@type\":\"ReadAction\",\"target\":[\"https:\/\/www.eikholt.no\/eikholt-har-app-med-informasjon-til-deg-som-skal-til-eikholt\/\"]}]},{\"@type\":\"ImageObject\",\"inLanguage\":\"fi\",\"@id\":\"https:\/\/www.eikholt.no\/eikholt-har-app-med-informasjon-til-deg-som-skal-til-eikholt\/#primaryimage\",\"url\":\"https:\/\/www.eikholt.no\/app\/uploads\/2025\/02\/IMG_0742.jpg\",\"contentUrl\":\"https:\/\/www.eikholt.no\/app\/uploads\/2025\/02\/IMG_0742.jpg\",\"width\":1158,\"height\":1062,\"caption\":\"Illustrasjon av to mennesker med teksten Velkommen til Eikholt - generell informasjon og ikoner for funksjoner under\"},{\"@type\":\"BreadcrumbList\",\"@id\":\"https:\/\/www.eikholt.no\/eikholt-har-app-med-informasjon-til-deg-som-skal-til-eikholt\/#breadcrumb\",\"itemListElement\":[{\"@type\":\"ListItem\",\"position\":1,\"name\":\"Forside\",\"item\":\"https:\/\/www.eikholt.no\/\"},{\"@type\":\"ListItem\",\"position\":2,\"name\":\"App med informasjon til deg som skal til Eikholt\"}]},{\"@type\":\"WebSite\",\"@id\":\"https:\/\/www.eikholt.no\/#website\",\"url\":\"https:\/\/www.eikholt.no\/\",\"name\":\"Eikholt\",\"description\":\"\",\"publisher\":{\"@id\":\"https:\/\/www.eikholt.no\/#organization\"},\"potentialAction\":[{\"@type\":\"SearchAction\",\"target\":{\"@type\":\"EntryPoint\",\"urlTemplate\":\"https:\/\/www.eikholt.no\/?s={search_term_string}\"},\"query-input\":{\"@type\":\"PropertyValueSpecification\",\"valueRequired\":true,\"valueName\":\"search_term_string\"}}],\"inLanguage\":\"fi\"},{\"@type\":\"Organization\",\"@id\":\"https:\/\/www.eikholt.no\/#organization\",\"name\":\"Eikholt\",\"url\":\"https:\/\/www.eikholt.no\/\",\"logo\":{\"@type\":\"ImageObject\",\"inLanguage\":\"fi\",\"@id\":\"https:\/\/www.eikholt.no\/#\/schema\/logo\/image\/\",\"url\":\"https:\/\/www.eikholt.no\/app\/uploads\/2024\/04\/cropped-Logo-Eikholt-ny.jpg\",\"contentUrl\":\"https:\/\/www.eikholt.no\/app\/uploads\/2024\/04\/cropped-Logo-Eikholt-ny.jpg\",\"width\":419,\"height\":209,\"caption\":\"Eikholt\"},\"image\":{\"@id\":\"https:\/\/www.eikholt.no\/#\/schema\/logo\/image\/\"},\"sameAs\":[\"https:\/\/www.facebook.com\/eikholt.kompetansesenter\"]}]}<\/script>\n<!-- \/ Yoast SEO plugin. -->","yoast_head_json":{"title":"Sovellus, joka sis\u00e4lt\u00e4\u00e4 tietoa kohteeseen Eikholt matkustaville henkil\u00f6ille","description":"Oletko kurssilainen, hoitaja, tulkki tai kurssin opettaja? Sovelluksesta l\u00f6yd\u00e4t kaiken, mit\u00e4 sinun tarvitsee tiet\u00e4\u00e4 meille tulemisesta ja kanssamme olemisesta. Lue lis\u00e4\u00e4 t\u00e4\u00e4lt\u00e4:","robots":{"index":"index","follow":"follow","max-snippet":"max-snippet:-1","max-image-preview":"max-image-preview:large","max-video-preview":"max-video-preview:-1"},"canonical":"https:\/\/www.eikholt.no\/fi\/eikholtilla-on-sovellus-joka-sisaltaa-tietoa-eikholtiin-matkustaville\/","og_locale":"fi_FI","og_type":"article","og_title":"App med informasjon til deg som skal til Eikholt","og_description":"Er du kursdeltaker,\u00a0n\u00e6rperson, tolk eller kursl\u00e6rer? I appen finner du det du trenger \u00e5 vite, om \u00e5 komme til og oss og v\u00e6re hos oss. Les mer her:","og_url":"https:\/\/www.eikholt.no\/fi\/eikholtilla-on-sovellus-joka-sisaltaa-tietoa-eikholtiin-matkustaville\/","og_site_name":"Eikholt","article_publisher":"https:\/\/www.facebook.com\/eikholt.kompetansesenter","article_modified_time":"2025-06-19T08:28:53+00:00","og_image":[{"width":1158,"height":1062,"url":"https:\/\/www.eikholt.no\/app\/uploads\/2025\/02\/IMG_0742.jpg","type":"image\/jpeg"}],"twitter_card":"summary_large_image","twitter_misc":{"Est. reading time":"3 minutes"},"schema":{"@context":"https:\/\/schema.org","@graph":[{"@type":"WebPage","@id":"https:\/\/www.eikholt.no\/eikholt-har-app-med-informasjon-til-deg-som-skal-til-eikholt\/","url":"https:\/\/www.eikholt.no\/eikholt-har-app-med-informasjon-til-deg-som-skal-til-eikholt\/","name":"Sovellus, joka sis\u00e4lt\u00e4\u00e4 tietoa kohteeseen Eikholt matkustaville henkil\u00f6ille","isPartOf":{"@id":"https:\/\/www.eikholt.no\/#website"},"primaryImageOfPage":{"@id":"https:\/\/www.eikholt.no\/eikholt-har-app-med-informasjon-til-deg-som-skal-til-eikholt\/#primaryimage"},"image":{"@id":"https:\/\/www.eikholt.no\/eikholt-har-app-med-informasjon-til-deg-som-skal-til-eikholt\/#primaryimage"},"thumbnailUrl":"https:\/\/www.eikholt.no\/app\/uploads\/2025\/02\/IMG_0742.jpg","datePublished":"2025-02-21T12:52:51+00:00","dateModified":"2025-06-19T08:28:53+00:00","description":"Oletko kurssilainen, hoitaja, tulkki tai kurssin opettaja? Sovelluksesta l\u00f6yd\u00e4t kaiken, mit\u00e4 sinun tarvitsee tiet\u00e4\u00e4 meille tulemisesta ja kanssamme olemisesta. Lue lis\u00e4\u00e4 t\u00e4\u00e4lt\u00e4:","breadcrumb":{"@id":"https:\/\/www.eikholt.no\/eikholt-har-app-med-informasjon-til-deg-som-skal-til-eikholt\/#breadcrumb"},"inLanguage":"fi","potentialAction":[{"@type":"ReadAction","target":["https:\/\/www.eikholt.no\/eikholt-har-app-med-informasjon-til-deg-som-skal-til-eikholt\/"]}]},{"@type":"ImageObject","inLanguage":"fi","@id":"https:\/\/www.eikholt.no\/eikholt-har-app-med-informasjon-til-deg-som-skal-til-eikholt\/#primaryimage","url":"https:\/\/www.eikholt.no\/app\/uploads\/2025\/02\/IMG_0742.jpg","contentUrl":"https:\/\/www.eikholt.no\/app\/uploads\/2025\/02\/IMG_0742.jpg","width":1158,"height":1062,"caption":"Illustrasjon av to mennesker med teksten Velkommen til Eikholt - generell informasjon og ikoner for funksjoner under"},{"@type":"BreadcrumbList","@id":"https:\/\/www.eikholt.no\/eikholt-har-app-med-informasjon-til-deg-som-skal-til-eikholt\/#breadcrumb","itemListElement":[{"@type":"ListItem","position":1,"name":"Forside","item":"https:\/\/www.eikholt.no\/"},{"@type":"ListItem","position":2,"name":"App med informasjon til deg som skal til Eikholt"}]},{"@type":"WebSite","@id":"https:\/\/www.eikholt.no\/#website","url":"https:\/\/www.eikholt.no\/","name":"Eikholt","description":"","publisher":{"@id":"https:\/\/www.eikholt.no\/#organization"},"potentialAction":[{"@type":"SearchAction","target":{"@type":"EntryPoint","urlTemplate":"https:\/\/www.eikholt.no\/?s={search_term_string}"},"query-input":{"@type":"PropertyValueSpecification","valueRequired":true,"valueName":"search_term_string"}}],"inLanguage":"fi"},{"@type":"Organization","@id":"https:\/\/www.eikholt.no\/#organization","name":"Eikholt","url":"https:\/\/www.eikholt.no\/","logo":{"@type":"ImageObject","inLanguage":"fi","@id":"https:\/\/www.eikholt.no\/#\/schema\/logo\/image\/","url":"https:\/\/www.eikholt.no\/app\/uploads\/2024\/04\/cropped-Logo-Eikholt-ny.jpg","contentUrl":"https:\/\/www.eikholt.no\/app\/uploads\/2024\/04\/cropped-Logo-Eikholt-ny.jpg","width":419,"height":209,"caption":"Eikholt"},"image":{"@id":"https:\/\/www.eikholt.no\/#\/schema\/logo\/image\/"},"sameAs":["https:\/\/www.facebook.com\/eikholt.kompetansesenter"]}]}},"_links":{"self":[{"href":"https:\/\/www.eikholt.no\/fi\/wp-json\/wp\/v2\/pages\/4308","targetHints":{"allow":["GET"]}}],"collection":[{"href":"https:\/\/www.eikholt.no\/fi\/wp-json\/wp\/v2\/pages"}],"about":[{"href":"https:\/\/www.eikholt.no\/fi\/wp-json\/wp\/v2\/types\/page"}],"author":[{"embeddable":true,"href":"https:\/\/www.eikholt.no\/fi\/wp-json\/wp\/v2\/users\/2"}],"replies":[{"embeddable":true,"href":"https:\/\/www.eikholt.no\/fi\/wp-json\/wp\/v2\/comments?post=4308"}],"version-history":[{"count":10,"href":"https:\/\/www.eikholt.no\/fi\/wp-json\/wp\/v2\/pages\/4308\/revisions"}],"predecessor-version":[{"id":4786,"href":"https:\/\/www.eikholt.no\/fi\/wp-json\/wp\/v2\/pages\/4308\/revisions\/4786"}],"wp:featuredmedia":[{"embeddable":true,"href":"https:\/\/www.eikholt.no\/fi\/wp-json\/wp\/v2\/media\/4312"}],"wp:attachment":[{"href":"https:\/\/www.eikholt.no\/fi\/wp-json\/wp\/v2\/media?parent=4308"}],"curies":[{"name":"wp","href":"https:\/\/api.w.org\/{rel}","templated":true}]}}