{"id":464,"date":"2023-05-05T08:55:08","date_gmt":"2023-05-05T08:55:08","guid":{"rendered":"https:\/\/www.eikholt.no\/?page_id=464"},"modified":"2025-11-12T11:03:11","modified_gmt":"2025-11-12T11:03:11","slug":"tietosuojaseloste","status":"publish","type":"page","link":"https:\/\/www.eikholt.no\/fi\/tietosuojaseloste\/","title":{"rendered":"Tietosuojak\u00e4yt\u00e4nt\u00f6"},"content":{"rendered":"<p><\/p>\n\n\n\n<h3 class=\"wp-block-heading\">1. Kuka on rekisterinpit\u00e4j\u00e4?<\/h3>\n\n\n\n<p>Eikholt National Resource Centre for Deafblindness, jota edustaa toimitusjohtaja, on rekisterinpit\u00e4j\u00e4 yrityksen henkil\u00f6tietojen k\u00e4sittelyss\u00e4. P\u00e4ivitt\u00e4inen vastuu potilastiedoista on delegoitu osastop\u00e4\u00e4llik\u00f6lle. Delegointi kattaa vain teht\u00e4v\u00e4t, ei vastuuta. T\u00e4m\u00e4 selvitys sis\u00e4lt\u00e4\u00e4 tietoa siit\u00e4, miten k\u00e4sittelemme henkil\u00f6tietoja (henkil\u00f6tietolain 18 \u00a7).<\/p>\n\n\n\n<h3 class=\"wp-block-heading\"><br>2. Mik\u00e4 on tarkoitus?<\/h3>\n\n\n\n<p>Potilastietojen tallentamisen tarkoituksena on tarjota k\u00e4ytt\u00e4jillemme asianmukaista ja tehokasta terveydenhuoltoa ja palveluja. Meid\u00e4n on lakis\u00e4\u00e4teisesti s\u00e4ilytett\u00e4v\u00e4 joitakin tietoja, mutta voit antaa meille vapaaehtoisesti muita tietoja, jotta voit kommunikoida kanssamme tehokkaammin.<\/p>\n\n\n\n<h3 class=\"wp-block-heading\">3. Mik\u00e4 on oikeusperusta?<\/h3>\n\n\n\n<p>Henkil\u00f6tietolaki asetuksineen on yleislaki, joka sis\u00e4lt\u00e4\u00e4 s\u00e4\u00e4nn\u00f6t siit\u00e4, miten ker\u00e4ttyj\u00e4 henkil\u00f6tietoja k\u00e4sitell\u00e4\u00e4n, miten ne suojataan, kenell\u00e4 on p\u00e4\u00e4sy tietoihin, luovutetaanko niit\u00e4 muille ja miten henkil\u00f6, josta tietoja on rekister\u00f6ity, voi k\u00e4ytt\u00e4\u00e4 oikeuksiaan esimerkiksi tietojen saamiseen. Henkil\u00f6tietojen k\u00e4sittelyn perusteista s\u00e4\u00e4det\u00e4\u00e4n erikoissairaanhoitolain 6-1 \u00a7:ss\u00e4, kansanel\u00e4kelain 10-7 \u00a7:ss\u00e4, terveydenhuollon henkil\u00f6st\u00f6st\u00e4 annetun lain 8 luvussa (39-47 \u00a7), potilasasiakirjalaissa ja terveysrekisterilaissa. ECIT on IT-toimittajamme. Carasent on s\u00e4hk\u00f6isten potilastietoj\u00e4rjestelmien toimittajamme. Verkkosivustomme toimittaja on Sail. Yhteisty\u00f6t\u00e4 n\u00e4iden toimittajien kanssa s\u00e4\u00e4nnell\u00e4\u00e4n tietojenk\u00e4sittelysopimuksilla. Kaikki henkil\u00f6tiedot tallennetaan omille palvelimillemme.<br><\/p>\n\n\n\n<h3 class=\"wp-block-heading\">4. Mit\u00e4 henkil\u00f6tietoja k\u00e4sitell\u00e4\u00e4n?<\/h3>\n\n\n\n<p><em>Lakis\u00e4\u00e4teiset tiedot<\/em><\/p>\n\n\n\n<ul class=\"wp-block-list\">\n<li>Henkil\u00f6tiedot, mukaan lukien kansallinen henkil\u00f6tunnus turvallista tunnistamista varten.<\/li>\n\n\n\n<li>Osoite, puhelinnumero<\/li>\n\n\n\n<li>holhooja tai muu henkil\u00f6, joka antaa suostumuksen puolestasi.<\/li>\n\n\n\n<li>Tutkimusten ja arviointien kirjaaminen<\/li>\n\n\n\n<li>Asiaankuuluvat kuvat ja\/tai filmit<\/li>\n\n\n\n<li>suorittamiemme palvelujen kannalta merkitykselliset diagnoosit.<\/li>\n\n\n\n<li>Tietoa tartuntariskist\u00e4<\/li>\n\n\n\n<li>Muiden terveydenhuollon ammattilaisten meille l\u00e4hett\u00e4m\u00e4t kotiutusyhteenvedot, l\u00e4hetteet ja muut asiakirjat.<br><br><em>Vapaaehtoiset tiedot<\/em><\/li>\n\n\n\n<li>Muita yhteystietoja, kuten matkapuhelinnumero, s\u00e4hk\u00f6postiosoite jne.<\/li>\n\n\n\n<li>Sukulaiset ja yhteystiedot<br><\/li>\n<\/ul>\n\n\n\n<h3 class=\"wp-block-heading\">5. Mist\u00e4 tiedot ovat per\u00e4isin?<\/h3>\n\n\n\n<p>Tiedot tulevat suoraan sinulta k\u00e4ytt\u00e4j\u00e4n\u00e4 tai ne saadaan meille l\u00e4hetetyist\u00e4 l\u00e4hetteist\u00e4. Emme ole yhteydess\u00e4 kansalliseen v\u00e4est\u00f6rekisteriin, vaan tallennamme vain meille antamasi osoitteet.<\/p>\n\n\n\n<h3 class=\"wp-block-heading\"><br>6. Onko tietojen antaminen vapaaehtoista?<\/h3>\n\n\n\n<p>Laki velvoittaa meit\u00e4 s\u00e4ilytt\u00e4m\u00e4\u00e4n edell\u00e4 luetellut lakis\u00e4\u00e4teiset tiedot. Vapaaehtoiset tiedot helpottavat ja tehostavat yhteydenpitoa kanssasi. Ne ovat kuitenkin vapaaehtoisia.<\/p>\n\n\n\n<h2 class=\"wp-block-heading\"><br>7. Luovutetaanko tietoja kolmansille osapuolille?<\/h2>\n\n\n\n<p class=\"has-large-font-size\"><em>Seuraavat kolmannet osapuolet voivat saada tietoja:<\/em><\/p>\n\n\n\n<ul class=\"wp-block-list\">\n<li>NAV vastaanottaa tietoja apuv\u00e4lineit\u00e4 ja kursseja koskevien hakemusten muodossa. Sinun on allekirjoitettava hakemus ennen sen l\u00e4hett\u00e4mist\u00e4, ja se sis\u00e4lt\u00e4\u00e4 henkil\u00f6tiedot, yhteystiedot, diagnoosin sek\u00e4 tietoja tarpeistasi ja arvioinnistamme.<\/li>\n\n\n\n<li>L\u00e4hett\u00e4v\u00e4lle l\u00e4\u00e4k\u00e4rille tai muulle terveydenhuollon ammattilaiselle toimitetaan pyynn\u00f6st\u00e4 tai silloin, kun katsomme sen tarpeelliseksi, epikriisi eli yhteenveto potilastiedoistamme, joka koskee vain kyseist\u00e4 tapausta. Joissakin tapauksissa on my\u00f6s tarpeen jakaa tietoja muiden hoitotiimiisi kuuluvien henkil\u00f6iden kanssa. T\u00e4m\u00e4 voi olla fysioterapeutti, toimintaterapeutti tai l\u00e4\u00e4ketieteen asiantuntija.<\/li>\n\n\n\n<li class=\"has-medium-font-size\">Joissakin tapauksissa haluamme k\u00e4ytt\u00e4\u00e4 kuvia tai filmej\u00e4 muille terveydenhuollon ammattilaisille suunnattujen koulutusten tai kurssien yhteydess\u00e4. T\u00e4m\u00e4 on vapaaehtoista, ja t\u00e4llaisissa tapauksissa hankimme aina ensin kirjallisen suostumuksen sinulta ja anonymisoimme kuvat.<\/li>\n<\/ul>\n\n\n\n<p class=\"has-large-font-size\"><em>Vapaaehtoiset tiedot<\/em><\/p>\n\n\n\n<ul class=\"wp-block-list\">\n<li>Muita yhteystietoja, kuten matkapuhelinnumero, s\u00e4hk\u00f6postiosoite jne.<\/li>\n\n\n\n<li>Sukulaiset ja yhteystiedot<\/li>\n<\/ul>\n\n\n\n<h3 class=\"wp-block-heading\"><br>8. Miten tiedot poistetaan ja arkistoidaan?<\/h3>\n\n\n\n<p>Sairauskertomusasetusten mukaan tietoja on s\u00e4ilytett\u00e4v\u00e4 v\u00e4hint\u00e4\u00e4n 10 vuotta siit\u00e4, kun ne on viimeksi lis\u00e4tty sairauskertomukseen. Jotkin apuv\u00e4linepyynn\u00f6t ovat voimassa 10 vuotta, ja ne voidaan uusia sen j\u00e4lkeen. Kuurosokeus on etenev\u00e4 sairaus. T\u00e4m\u00e4 tarkoittaa, ett\u00e4 meid\u00e4n on seurattava k\u00e4ytt\u00e4ji\u00e4 koko heid\u00e4n el\u00e4m\u00e4ns\u00e4 ajan. T\u00e4m\u00e4n vuoksi k\u00e4yt\u00e4mme tietojen poistamista, jos meille ilmoitetaan kuolemasta tai jos k\u00e4ytt\u00e4j\u00e4 ilmaisee haluavansa tulla poistetuksi. Kaikki henkil\u00f6tiedot tallennetaan palvelimellemme voimassa olevien s\u00e4\u00e4nn\u00f6sten mukaisesti. Osa vanhimmista tiedoista on tallennettu paikalliseen tietokantaan, joka on turvallisesti lukittu ja johon on eritt\u00e4in rajoitettu p\u00e4\u00e4sy. T\u00e4t\u00e4 tietokantaa ei ole liitetty verkkoon tai Internetiin.<\/p>\n\n\n\n<h2 class=\"wp-block-heading\"><br>9. Mit\u00e4 oikeuksia rekister\u00f6idyll\u00e4 on ja mink\u00e4 maan lains\u00e4\u00e4d\u00e4nt\u00f6\u00e4 sovelletaan?<\/h2>\n\n\n\n<p>Voit pyyt\u00e4\u00e4 vapaaehtoisten henkil\u00f6tietojen korjaamista tai poistamista. Lakis\u00e4\u00e4teisist\u00e4 henkil\u00f6tiedoista voit vaatia puutteellisten tai virheellisten tietojen korjaamista tai poistamista.<br>Sinulla on oikeus tutustua omiin potilastietoihisi, kunhan tiedot eiv\u00e4t todenn\u00e4k\u00f6isesti ole sinulle haitallisia. Voit my\u00f6s vaatia tietojen luovuttamista.<br>T\u00e4m\u00e4 lausunto ei voi rajoittaa Norjan lains\u00e4\u00e4d\u00e4nn\u00f6st\u00e4 johtuvia oikeuksia tai velvollisuuksia. Asiaa koskevia lakeja ja asetuksia ovat laki terveydenhuoltohenkil\u00f6st\u00f6st\u00e4, laki potilaiden ja k\u00e4ytt\u00e4jien oikeuksista, arkistos\u00e4\u00e4nn\u00f6t ja lehtiasetukset.<\/p>\n\n\n\n<h3 class=\"wp-block-heading\"><br>10. Miten tiedot on suojattu?<\/h3>\n\n\n\n<p>Ainoastaan Eikholt National Resource Centre for Deafblindnessin ty\u00f6ntekij\u00f6ill\u00e4 ja tietojen k\u00e4sittelij\u00f6ill\u00e4 on p\u00e4\u00e4sy tietoihin. K\u00e4yt\u00f6ss\u00e4 on my\u00f6s menettelyj\u00e4, joilla varmistetaan, ett\u00e4 vain asiaankuuluvalla henkil\u00f6st\u00f6ll\u00e4 on p\u00e4\u00e4sy arkaluonteisiin tietoihin. Kaikki ty\u00f6ntekij\u00e4t ovat allekirjoittaneet salassapitosopimuksen.<\/p>\n\n\n\n<h3 class=\"wp-block-heading\"><br>11. Yhteystiedot.<\/h3>\n\n\n\n<p>S\u00e4hk\u00f6posti: post@eikholt.no.<br>Puhelin: 45 61 44 04<br>Postiosoite: Helen Kellers vei 3, 3031 Drammen<\/p>\n\n\n\n<p><\/p>\n\n\n\n<p><\/p>","protected":false},"excerpt":{"rendered":"<p>1. Kuka on rekisterinpit\u00e4j\u00e4? Eikholt National Resource Centre for Deafblindness, jota edustaa toimitusjohtaja, on rekisterinpit\u00e4j\u00e4 organisaation henkil\u00f6tietojen k\u00e4sittelyss\u00e4. P\u00e4ivitt\u00e4inen vastuu potilastiedoista on delegoitu osastop\u00e4\u00e4llik\u00f6lle. Delegointi kattaa vain teht\u00e4v\u00e4t, ei vastuuta. T\u00e4m\u00e4 selvitys sis\u00e4lt\u00e4\u00e4 tietoa siit\u00e4, miten k\u00e4sittelemme henkil\u00f6tietoja (henkil\u00f6tietolain 18 \u00a7). 2 Mik\u00e4 on tarkoitus? Potilastietojen s\u00e4ilytt\u00e4misen tarkoituksena on<\/p>","protected":false},"author":1,"featured_media":0,"parent":0,"menu_order":0,"comment_status":"closed","ping_status":"closed","template":"","meta":{"_acf_changed":false,"inline_featured_image":false,"ep_exclude_from_search":false,"footnotes":""},"class_list":["post-464","page","type-page","status-publish","hentry"],"acf":[],"yoast_head":"<!-- This site is optimized with the Yoast SEO plugin v25.8 - https:\/\/yoast.com\/wordpress\/plugins\/seo\/ -->\n<title>Personvernerkl\u00e6ring - Eikholt<\/title>\n<meta name=\"description\" content=\"Eikholt nasjonalt ressurssenter for d\u00f8vblinde, ved administrerende direkt\u00f8r, er behandlingsansvarlig for virksomhetens behandling av personopplysninger. Les mer her:\" \/>\n<meta name=\"robots\" content=\"index, follow, max-snippet:-1, max-image-preview:large, max-video-preview:-1\" \/>\n<link rel=\"canonical\" href=\"https:\/\/www.eikholt.no\/fi\/tietosuojaseloste\/\" \/>\n<meta property=\"og:locale\" content=\"fi_FI\" \/>\n<meta property=\"og:type\" content=\"article\" \/>\n<meta property=\"og:title\" content=\"Personvernerkl\u00e6ring - Eikholt\" \/>\n<meta property=\"og:description\" content=\"Eikholt nasjonalt ressurssenter for d\u00f8vblinde, ved administrerende direkt\u00f8r, er behandlingsansvarlig for virksomhetens behandling av personopplysninger. Les mer her:\" \/>\n<meta property=\"og:url\" content=\"https:\/\/www.eikholt.no\/fi\/tietosuojaseloste\/\" \/>\n<meta property=\"og:site_name\" content=\"Eikholt\" \/>\n<meta property=\"article:publisher\" content=\"https:\/\/www.facebook.com\/eikholt.kompetansesenter\" \/>\n<meta property=\"article:modified_time\" content=\"2025-11-12T11:03:11+00:00\" \/>\n<meta name=\"twitter:card\" content=\"summary_large_image\" \/>\n<meta name=\"twitter:label1\" content=\"Est. reading time\" \/>\n\t<meta name=\"twitter:data1\" content=\"5 minutes\" \/>\n<script type=\"application\/ld+json\" class=\"yoast-schema-graph\">{\"@context\":\"https:\/\/schema.org\",\"@graph\":[{\"@type\":\"WebPage\",\"@id\":\"https:\/\/www.eikholt.no\/personvernerklaering\/\",\"url\":\"https:\/\/www.eikholt.no\/personvernerklaering\/\",\"name\":\"Personvernerkl\u00e6ring - Eikholt\",\"isPartOf\":{\"@id\":\"https:\/\/www.eikholt.no\/#website\"},\"datePublished\":\"2023-05-05T08:55:08+00:00\",\"dateModified\":\"2025-11-12T11:03:11+00:00\",\"description\":\"Eikholt nasjonalt ressurssenter for d\u00f8vblinde, ved administrerende direkt\u00f8r, er behandlingsansvarlig for virksomhetens behandling av personopplysninger. Les mer her:\",\"breadcrumb\":{\"@id\":\"https:\/\/www.eikholt.no\/personvernerklaering\/#breadcrumb\"},\"inLanguage\":\"fi\",\"potentialAction\":[{\"@type\":\"ReadAction\",\"target\":[\"https:\/\/www.eikholt.no\/personvernerklaering\/\"]}]},{\"@type\":\"BreadcrumbList\",\"@id\":\"https:\/\/www.eikholt.no\/personvernerklaering\/#breadcrumb\",\"itemListElement\":[{\"@type\":\"ListItem\",\"position\":1,\"name\":\"Forside\",\"item\":\"https:\/\/www.eikholt.no\/\"},{\"@type\":\"ListItem\",\"position\":2,\"name\":\"Personvernerkl\u00e6ring\"}]},{\"@type\":\"WebSite\",\"@id\":\"https:\/\/www.eikholt.no\/#website\",\"url\":\"https:\/\/www.eikholt.no\/\",\"name\":\"Eikholt\",\"description\":\"\",\"publisher\":{\"@id\":\"https:\/\/www.eikholt.no\/#organization\"},\"potentialAction\":[{\"@type\":\"SearchAction\",\"target\":{\"@type\":\"EntryPoint\",\"urlTemplate\":\"https:\/\/www.eikholt.no\/?s={search_term_string}\"},\"query-input\":{\"@type\":\"PropertyValueSpecification\",\"valueRequired\":true,\"valueName\":\"search_term_string\"}}],\"inLanguage\":\"fi\"},{\"@type\":\"Organization\",\"@id\":\"https:\/\/www.eikholt.no\/#organization\",\"name\":\"Eikholt\",\"url\":\"https:\/\/www.eikholt.no\/\",\"logo\":{\"@type\":\"ImageObject\",\"inLanguage\":\"fi\",\"@id\":\"https:\/\/www.eikholt.no\/#\/schema\/logo\/image\/\",\"url\":\"https:\/\/www.eikholt.no\/app\/uploads\/2024\/04\/cropped-Logo-Eikholt-ny.jpg\",\"contentUrl\":\"https:\/\/www.eikholt.no\/app\/uploads\/2024\/04\/cropped-Logo-Eikholt-ny.jpg\",\"width\":419,\"height\":209,\"caption\":\"Eikholt\"},\"image\":{\"@id\":\"https:\/\/www.eikholt.no\/#\/schema\/logo\/image\/\"},\"sameAs\":[\"https:\/\/www.facebook.com\/eikholt.kompetansesenter\"]}]}<\/script>\n<!-- \/ Yoast SEO plugin. -->","yoast_head_json":{"title":"Tietosuojak\u00e4yt\u00e4nt\u00f6 - Eikholt","description":"Eikholt National Resource Centre for Deafblindness, jota edustaa toimitusjohtaja, on rekisterinpit\u00e4j\u00e4 yrityksen henkil\u00f6tietojen k\u00e4sittelyss\u00e4. Lue lis\u00e4\u00e4 t\u00e4\u00e4lt\u00e4:","robots":{"index":"index","follow":"follow","max-snippet":"max-snippet:-1","max-image-preview":"max-image-preview:large","max-video-preview":"max-video-preview:-1"},"canonical":"https:\/\/www.eikholt.no\/fi\/tietosuojaseloste\/","og_locale":"fi_FI","og_type":"article","og_title":"Personvernerkl\u00e6ring - Eikholt","og_description":"Eikholt nasjonalt ressurssenter for d\u00f8vblinde, ved administrerende direkt\u00f8r, er behandlingsansvarlig for virksomhetens behandling av personopplysninger. Les mer her:","og_url":"https:\/\/www.eikholt.no\/fi\/tietosuojaseloste\/","og_site_name":"Eikholt","article_publisher":"https:\/\/www.facebook.com\/eikholt.kompetansesenter","article_modified_time":"2025-11-12T11:03:11+00:00","twitter_card":"summary_large_image","twitter_misc":{"Est. reading time":"5 minutes"},"schema":{"@context":"https:\/\/schema.org","@graph":[{"@type":"WebPage","@id":"https:\/\/www.eikholt.no\/personvernerklaering\/","url":"https:\/\/www.eikholt.no\/personvernerklaering\/","name":"Tietosuojak\u00e4yt\u00e4nt\u00f6 - Eikholt","isPartOf":{"@id":"https:\/\/www.eikholt.no\/#website"},"datePublished":"2023-05-05T08:55:08+00:00","dateModified":"2025-11-12T11:03:11+00:00","description":"Eikholt National Resource Centre for Deafblindness, jota edustaa toimitusjohtaja, on rekisterinpit\u00e4j\u00e4 yrityksen henkil\u00f6tietojen k\u00e4sittelyss\u00e4. Lue lis\u00e4\u00e4 t\u00e4\u00e4lt\u00e4:","breadcrumb":{"@id":"https:\/\/www.eikholt.no\/personvernerklaering\/#breadcrumb"},"inLanguage":"fi","potentialAction":[{"@type":"ReadAction","target":["https:\/\/www.eikholt.no\/personvernerklaering\/"]}]},{"@type":"BreadcrumbList","@id":"https:\/\/www.eikholt.no\/personvernerklaering\/#breadcrumb","itemListElement":[{"@type":"ListItem","position":1,"name":"Forside","item":"https:\/\/www.eikholt.no\/"},{"@type":"ListItem","position":2,"name":"Personvernerkl\u00e6ring"}]},{"@type":"WebSite","@id":"https:\/\/www.eikholt.no\/#website","url":"https:\/\/www.eikholt.no\/","name":"Eikholt","description":"","publisher":{"@id":"https:\/\/www.eikholt.no\/#organization"},"potentialAction":[{"@type":"SearchAction","target":{"@type":"EntryPoint","urlTemplate":"https:\/\/www.eikholt.no\/?s={search_term_string}"},"query-input":{"@type":"PropertyValueSpecification","valueRequired":true,"valueName":"search_term_string"}}],"inLanguage":"fi"},{"@type":"Organization","@id":"https:\/\/www.eikholt.no\/#organization","name":"Eikholt","url":"https:\/\/www.eikholt.no\/","logo":{"@type":"ImageObject","inLanguage":"fi","@id":"https:\/\/www.eikholt.no\/#\/schema\/logo\/image\/","url":"https:\/\/www.eikholt.no\/app\/uploads\/2024\/04\/cropped-Logo-Eikholt-ny.jpg","contentUrl":"https:\/\/www.eikholt.no\/app\/uploads\/2024\/04\/cropped-Logo-Eikholt-ny.jpg","width":419,"height":209,"caption":"Eikholt"},"image":{"@id":"https:\/\/www.eikholt.no\/#\/schema\/logo\/image\/"},"sameAs":["https:\/\/www.facebook.com\/eikholt.kompetansesenter"]}]}},"_links":{"self":[{"href":"https:\/\/www.eikholt.no\/fi\/wp-json\/wp\/v2\/pages\/464","targetHints":{"allow":["GET"]}}],"collection":[{"href":"https:\/\/www.eikholt.no\/fi\/wp-json\/wp\/v2\/pages"}],"about":[{"href":"https:\/\/www.eikholt.no\/fi\/wp-json\/wp\/v2\/types\/page"}],"author":[{"embeddable":true,"href":"https:\/\/www.eikholt.no\/fi\/wp-json\/wp\/v2\/users\/1"}],"replies":[{"embeddable":true,"href":"https:\/\/www.eikholt.no\/fi\/wp-json\/wp\/v2\/comments?post=464"}],"version-history":[{"count":15,"href":"https:\/\/www.eikholt.no\/fi\/wp-json\/wp\/v2\/pages\/464\/revisions"}],"predecessor-version":[{"id":5453,"href":"https:\/\/www.eikholt.no\/fi\/wp-json\/wp\/v2\/pages\/464\/revisions\/5453"}],"wp:attachment":[{"href":"https:\/\/www.eikholt.no\/fi\/wp-json\/wp\/v2\/media?parent=464"}],"curies":[{"name":"wp","href":"https:\/\/api.w.org\/{rel}","templated":true}]}}