{"id":497,"date":"2023-05-12T09:53:55","date_gmt":"2023-05-12T09:53:55","guid":{"rendered":"https:\/\/www.eikholt.no\/?page_id=497"},"modified":"2025-11-26T07:43:55","modified_gmt":"2025-11-26T07:43:55","slug":"tammen-puun-testaus","status":"publish","type":"page","link":"https:\/\/www.eikholt.no\/fi\/tammen-puun-testaus\/","title":{"rendered":"Tietoja Eikholt-testist\u00e4"},"content":{"rendered":"<figure class=\"wp-block-image size-large --accessibility-hide\"><img loading=\"lazy\" decoding=\"async\" width=\"1024\" height=\"576\" src=\"https:\/\/www.eikholt.no\/app\/uploads\/2023\/02\/image1-1024x576.jpg\" alt=\"Kuva Eikholt. Talo, puutarha ja puut.\" class=\"wp-image-335\" srcset=\"https:\/\/www.eikholt.no\/app\/uploads\/2023\/02\/image1-1024x576.jpg 1024w, https:\/\/www.eikholt.no\/app\/uploads\/2023\/02\/image1-300x169.jpg 300w, https:\/\/www.eikholt.no\/app\/uploads\/2023\/02\/image1-768x432.jpg 768w, https:\/\/www.eikholt.no\/app\/uploads\/2023\/02\/image1.jpg 1408w\" sizes=\"auto, (max-width: 1024px) 100vw, 1024px\" \/><\/figure>\n\n\n\n<h2 class=\"wp-block-heading\">Mik\u00e4 on Eikholt-testi?<\/h2>\n\n\n\n<ul class=\"wp-block-list\">\n<li>Eikholt-testi on puheen ymm\u00e4rt\u00e4mist\u00e4 mittaava audiovisuaalinen testi, joka tarjoaa ammattilaisille hyv\u00e4n v\u00e4lineen toiminnallisen n\u00e4k\u00f6kyvyn ja kuulon kartoittamiseen.<\/li>\n\n\n\n<li>Puheen ymm\u00e4rt\u00e4minen on audiovisuaalinen ilmi\u00f6. Lyhyesti sanottuna t\u00e4m\u00e4 tarkoittaa sit\u00e4, ett\u00e4 se, mit\u00e4 ja miten paljon havaitsemme kommunikoidessamme toisten kanssa, on n\u00e4k\u00f6- ja kuuloaistin vuorovaikutuksen tulosta.<\/li>\n\n\n\n<li>Me Eikholt:ss\u00e4 olemme havainneet, ett\u00e4 monilta ihmisilt\u00e4, joilla on yhdistettyj\u00e4 aistivammoja, on ev\u00e4tty tarpeelliset ja asianmukaiset palvelut tai apuv\u00e4lineet, koska he ovat joko n\u00e4hneet tai kuulleet \"liian hyvin\". T\u00e4m\u00e4 arviointi perustuu usein kliinisiin n\u00e4k\u00f6- ja kuulotesteihin, joilla ei ole merkityst\u00e4 henkil\u00f6n todellisten haasteiden kannalta.<\/li>\n\n\n\n<li>Tarvitsemme hyvi\u00e4 toiminnallisia kuulotestej\u00e4, jotka kuvaavat ja mittaavat henkil\u00f6n todellista kyky\u00e4 toimia sosiaalisissa tilanteissa. Lyhyesti sanottuna t\u00e4m\u00e4 tarkoittaa sit\u00e4, ett\u00e4 testin olosuhteiden tulisi olla mahdollisimman l\u00e4hell\u00e4 todellista kuuntelutilannetta. T\u00e4ll\u00e4 tavoin tulokset antavat luotettavaa tietoa todellisesta toiminnasta ja tarjoavat kattavamman toiminnallisen kartoituksen. <\/li>\n\n\n\n<li>Eikholt on jo jonkin aikaa ty\u00f6skennellyt kehitt\u00e4\u00e4kseen uuden, nykyaikaisen audiovisuaalisen puheenymm\u00e4rt\u00e4miskokeen, jossa on hyv\u00e4 \u00e4\u00e4nen- ja kuvanlaatu, laaja, yhteisty\u00f6ss\u00e4 kielitieteilij\u00f6iden kanssa kehitetty lauseaineisto ja joka voidaan suorittaa ilman monimutkaisia tai kalliita erikoislaitteita. T\u00e4m\u00e4n sivun alareunassa olevista linkeist\u00e4 l\u00f6ytyy lis\u00e4tietoja, my\u00f6s teknisi\u00e4 tietoja.<\/li>\n<\/ul>\n\n\n\n<h2 class=\"wp-block-heading\">Kuka k\u00e4ytt\u00e4\u00e4 Eikholt-testi\u00e4?<\/h2>\n\n\n\n<p>Testi lanseerattiin Eikholt-konferenssissa 23. elokuuta 2023, ja sit\u00e4 k\u00e4ytt\u00e4v\u00e4t t\u00e4ll\u00e4 hetkell\u00e4 audiologit, audiopedagogit, erityisopettajat ja muut sek\u00e4 yksityisell\u00e4 ett\u00e4 julkisella sektorilla. Syksyn ja talven 2024\/2025 aikana testi on saatavilla useissa kuulokeskuksissa ja yksityisill\u00e4 korva-, nen\u00e4- ja kurkkutautien erikoisl\u00e4\u00e4k\u00e4reill\u00e4.<\/p>\n\n\n\n<h2 class=\"wp-block-heading\"><strong>Haluatko k\u00e4ytt\u00e4\u00e4 Eikholt-testi\u00e4?<\/strong><\/h2>\n\n\n\n<p>Eikholt-testi on kaikkien n\u00e4k\u00f6-, kuulo- ja viestint\u00e4ty\u00f6t\u00e4 tekevien k\u00e4ytett\u00e4viss\u00e4. Sit\u00e4 on saatavana eri versioina riippuen tarpeistasi ja siit\u00e4, miten testi\u00e4 k\u00e4ytet\u00e4\u00e4n. Ota yhteytt\u00e4 Rolf Mj\u00f8nesiin s\u00e4hk\u00f6postitse; <a href=\"mailto:rolf.mjones@eikholt.no\">rolf.mjones@eikholt.no<\/a><\/p>\n\n\n\n<h2 class=\"wp-block-heading\">Mik\u00e4 <strong>Maksaako lisenssi?<\/strong><\/h2>\n\n\n\n<p>P\u00e4\u00e4sy Eikholt-testiin perustuu Eikholt:n lisenssiin. <strong>Testi on maksuton<\/strong>Maksu perit\u00e4\u00e4n kuitenkin Eikholt:n asennus- ja koulutuskustannusten kattamiseksi (kaudella 2025-2026 t\u00e4m\u00e4 katetaan hankerahoituksella). <\/p>\n\n\n\n<p>Lis\u00e4tietoja saat s\u00e4hk\u00f6postitse projektip\u00e4\u00e4llikk\u00f6 Rolf Mj\u00f8nesilt\u00e4; <a href=\"mailto:rolf.mjones@eikholt.no\"><strong>rolf.mjones@eikholt.no<\/strong><\/a><\/p>\n\n\n\n<figure class=\"wp-block-image size-large\"><img loading=\"lazy\" decoding=\"async\" width=\"1024\" height=\"504\" src=\"https:\/\/www.eikholt.no\/app\/uploads\/2023\/06\/EAVT-IMG2-1024x504.png\" alt=\"\" class=\"wp-image-947\" srcset=\"https:\/\/www.eikholt.no\/app\/uploads\/2023\/06\/EAVT-IMG2-1024x504.png 1024w, https:\/\/www.eikholt.no\/app\/uploads\/2023\/06\/EAVT-IMG2-300x148.png 300w, https:\/\/www.eikholt.no\/app\/uploads\/2023\/06\/EAVT-IMG2-768x378.png 768w, https:\/\/www.eikholt.no\/app\/uploads\/2023\/06\/EAVT-IMG2-1536x756.png 1536w, https:\/\/www.eikholt.no\/app\/uploads\/2023\/06\/EAVT-IMG2-2048x1008.png 2048w\" sizes=\"auto, (max-width: 1024px) 100vw, 1024px\" \/><\/figure>\n\n\n\n<figure class=\"wp-block-image size-large\"><img loading=\"lazy\" decoding=\"async\" width=\"1024\" height=\"575\" src=\"https:\/\/www.eikholt.no\/app\/uploads\/2023\/06\/P1000851-scaled-1-1024x575.jpg\" alt=\"\" class=\"wp-image-948\" srcset=\"https:\/\/www.eikholt.no\/app\/uploads\/2023\/06\/P1000851-scaled-1-1024x575.jpg 1024w, https:\/\/www.eikholt.no\/app\/uploads\/2023\/06\/P1000851-scaled-1-300x168.jpg 300w, https:\/\/www.eikholt.no\/app\/uploads\/2023\/06\/P1000851-scaled-1-768x431.jpg 768w, https:\/\/www.eikholt.no\/app\/uploads\/2023\/06\/P1000851-scaled-1-1536x862.jpg 1536w, https:\/\/www.eikholt.no\/app\/uploads\/2023\/06\/P1000851-scaled-1-2048x1150.jpg 2048w\" sizes=\"auto, (max-width: 1024px) 100vw, 1024px\" \/><\/figure>\n\n\n\n<figure class=\"wp-block-image size-large\"><img loading=\"lazy\" decoding=\"async\" width=\"1024\" height=\"567\" src=\"https:\/\/www.eikholt.no\/app\/uploads\/2023\/06\/EAVT-IMG1-1024x567.png\" alt=\"\" class=\"wp-image-949\" srcset=\"https:\/\/www.eikholt.no\/app\/uploads\/2023\/06\/EAVT-IMG1-1024x567.png 1024w, https:\/\/www.eikholt.no\/app\/uploads\/2023\/06\/EAVT-IMG1-300x166.png 300w, https:\/\/www.eikholt.no\/app\/uploads\/2023\/06\/EAVT-IMG1-768x425.png 768w, https:\/\/www.eikholt.no\/app\/uploads\/2023\/06\/EAVT-IMG1-1536x851.png 1536w, https:\/\/www.eikholt.no\/app\/uploads\/2023\/06\/EAVT-IMG1-2048x1134.png 2048w\" sizes=\"auto, (max-width: 1024px) 100vw, 1024px\" \/><\/figure>\n\n\n\n<p><\/p>\n\n\n\n<h1 class=\"wp-block-heading\"><strong>Viimeisimm\u00e4t uutiset:<\/strong><\/h1>\n\n\n\n<h2 class=\"wp-block-heading\">Haluatko osallistua tutkimukseen?<\/h2>\n\n\n\n<p><strong>19. syyskuuta 2025:<\/strong> Rekrytoimme parhaillaan ty\u00f6ntekij\u00f6it\u00e4 tutkimushankkeeseen, jonka tarkoituksena on saada normitietoja Eikholt-testist\u00e4. Tarvitsemme osallistujia, joilla on normaali n\u00e4k\u00f6 ja kuulo ja jotka voivat fyysisesti osallistua Eikholt-testiin. <br><br><strong><a href=\"https:\/\/www.eikholt.no\/fi\/tammen-puun-testaus\/o-haluat-osallistua-eikholtin-testin-tutkimukseen\/\">Klikkaa t\u00e4st\u00e4 saadaksesi lis\u00e4tietoja<\/a>.<\/strong><\/p>\n\n\n\n<h2 class=\"wp-block-heading\">6 opiskelijaa tutkii Eikholt-testi\u00e4.<\/h2>\n\n\n\n<p><strong>1. 1. syyskuuta 2025:<\/strong> T\u00e4n\u00e4 syksyn\u00e4 ja kev\u00e4\u00e4n\u00e4 yhteens\u00e4 kuusi opiskelijaa tekee tutkimusta Eikholt-testist\u00e4 kandidaatin tai maisterin tasolla NTNU:ssa, UIO:ssa ja USN:ss\u00e4. Hankkeet ovat sek\u00e4 kvantitatiivisia ett\u00e4 kvalitatiivisia, ja n\u00e4ist\u00e4 tutkimuksista saadut tiedot auttavat varmistamaan testin laadun ja edist\u00e4v\u00e4t uusien toimintojen ja parempien normitietojen kehitt\u00e4mist\u00e4 tulevaisuudessa. N\u00e4m\u00e4 hankkeet julkaistaan kes\u00e4n 2026 aikana. <\/p>\n\n\n\n<p><\/p>\n\n\n\n<h2 class=\"wp-block-heading\">Eikholt-testin validoinnin jatkaminen NTNU:ssa<\/h2>\n\n\n\n<p><mark style=\"background-color:rgba(0, 0, 0, 0)\" class=\"has-inline-color has-black-color\"><strong>2. joulukuuta 2024:<\/strong> Eikholt-testi on jo validoitu Oslon yliopistossa (ISP).<\/mark>. <mark style=\"background-color:rgba(0, 0, 0, 0)\" class=\"has-inline-color has-black-color\">T\u00e4n\u00e4 talvena <\/mark>kaksi NTNU:n audiografiaohjelman opiskelijaa alkaa ker\u00e4t\u00e4 tietoja Eikholt-testill\u00e4. Opiskelijat ker\u00e4\u00e4v\u00e4t tietoja ik\u00e4\u00e4ntyneiden (70+) ryhm\u00e4st\u00e4, mik\u00e4 johtaa entist\u00e4 parempiin testin normitietoihin.<\/p>\n\n\n\n<h2 class=\"wp-block-heading\">Hankerahat testin levitt\u00e4mist\u00e4 varten<\/h2>\n\n\n\n<p><mark style=\"background-color:rgba(0, 0, 0, 0)\" class=\"has-inline-color has-black-color\"><strong>18. marraskuuta 2024: <\/strong><\/mark>DAM-s\u00e4\u00e4ti\u00f6 ilmoitti syksyll\u00e4 2024, ett\u00e4 hanke \"Yhdistetyn n\u00e4k\u00f6- ja kuulotestin kansallinen levitt\u00e4minen\" saa rahoitusta syksyn 2024 ja talven 2026 v\u00e4liselle hankejaksolle. T\u00e4m\u00e4 tarkoittaa, ett\u00e4 kynnys Eikholt-testin saamiseen on entist\u00e4 matalampi ja ett\u00e4 testin vastaanottajien ei tarvitse maksaa testin saamisesta, laitteiden asentamisesta ja tarvittavasta henkil\u00f6kunnan koulutuksesta. Hanketta edisti HLF, joka on hakijaorganisaationa vastuussa. Lue lis\u00e4\u00e4 hankkeesta osoitteessa <a href=\"https:\/\/dam.no\/prosjekter\/nasjonal-spredning-av-kombinert-syn-og-horselstest\/\">DAM-s\u00e4\u00e4ti\u00f6n verkkosivusto<\/a>.<\/p>\n\n\n\n<h2 class=\"wp-block-heading has-large-font-size\">Eikholt-testin versio 2.0 k\u00e4ynnistet\u00e4\u00e4n syksyll\u00e4 2024:<\/h2>\n\n\n\n<p><strong><mark style=\"background-color:rgba(0, 0, 0, 0)\" class=\"has-inline-color has-black-color\">20. elokuuta 2024:<\/mark> <\/strong>T\u00e4n\u00e4 syksyn\u00e4 tuomme saataville p\u00e4ivitetyn, validoidun version Eikholt-testist\u00e4. UIO:n ISP:n normitietoihin perustuvien uusien listojen lis\u00e4ksi testi sis\u00e4lt\u00e4\u00e4 useita uusia ominaisuuksia ja parannuksia, jotka tekev\u00e4t testausprosessista entist\u00e4kin tehokkaamman ja k\u00e4ytt\u00e4j\u00e4yst\u00e4v\u00e4llisemm\u00e4n.<\/p>\n\n\n\n<p><strong>Raporttitoiminto<\/strong>.<\/p>\n\n\n\n<p>Nyt voit luoda viimeisimpiin testituloksiin perustuvan yksityiskohtaisen raportin, johon sis\u00e4ltyy selitt\u00e4v\u00e4 teksti, jossa kuvataan potilaan audiovisuaalisen vahvistumisen astetta verrattuna normaaliv\u00e4est\u00f6\u00f6n. Raportti sis\u00e4lt\u00e4\u00e4 useita tietorikkaita elementtej\u00e4, jotka auttavat sinua tulkitsemaan eri testiolosuhteiden tuloksia. <\/p>\n\n\n\n<figure class=\"wp-block-image size-large\"><img loading=\"lazy\" decoding=\"async\" width=\"1024\" height=\"736\" src=\"https:\/\/www.eikholt.no\/app\/uploads\/2024\/08\/image-1-1024x736.png\" alt=\"Kuvakaappaus audiovisuaalisesta testiraportista, jossa on pylv\u00e4sdiagrammeja ja tulosta kuvaava teksti.\" class=\"wp-image-3276\" srcset=\"https:\/\/www.eikholt.no\/app\/uploads\/2024\/08\/image-1-1024x736.png 1024w, https:\/\/www.eikholt.no\/app\/uploads\/2024\/08\/image-1-300x216.png 300w, https:\/\/www.eikholt.no\/app\/uploads\/2024\/08\/image-1-768x552.png 768w, https:\/\/www.eikholt.no\/app\/uploads\/2024\/08\/image-1-1536x1104.png 1536w, https:\/\/www.eikholt.no\/app\/uploads\/2024\/08\/image-1.png 1637w\" sizes=\"auto, (max-width: 1024px) 100vw, 1024px\" \/><\/figure>\n\n\n\n<p>Testin versio 2.0 toimitetaan kaikille aiemmille vastaanottajille, ja kaikki uudet vastaanottajat saavat automaattisesti uusimman version. <\/p>\n\n\n\n<p>Pysy ajan tasalla kaikista uusista ominaisuuksista ja parannuksista osoitteessa <strong><a href=\"https:\/\/eavt-versjonslogg.netlify.app\">Eikholt-testiversion loki<\/a>.<\/strong><\/p>\n\n\n\n<p><\/p>","protected":false},"excerpt":{"rendered":"<p>Hva er Eikholt-testen? Hvem bruker Eikholt-testen? Testen ble lansert p\u00e5 Eikholt-konferansen den 23 august 2023 og er i dag tatt i bruk av audiografer, audiopedagoger, spesialpedagoger og andre, b\u00e5de innenfor privat og offentlig sektor. Testen blir i l\u00f8pet av h\u00f8sten og vinteren 2024\/2025 tilgjengelig ved en rekke h\u00f8resentraler og private \u00d8re-Nese-Hals avtalespesialister. \u00d8nsker du \u00e5<\/p>","protected":false},"author":1,"featured_media":949,"parent":0,"menu_order":0,"comment_status":"closed","ping_status":"closed","template":"templates\/eikholt-test.blade.php","meta":{"_acf_changed":false,"inline_featured_image":false,"ep_exclude_from_search":false,"footnotes":""},"class_list":["post-497","page","type-page","status-publish","has-post-thumbnail","hentry"],"acf":[],"yoast_head":"<!-- This site is optimized with the Yoast SEO plugin v25.8 - https:\/\/yoast.com\/wordpress\/plugins\/seo\/ -->\n<title>Om Eikholt-testen<\/title>\n<meta name=\"description\" content=\"Les om Eikholt-testen, en audiovisuell test av taleforst\u00e5else. Eikholt-testen er tilgjengelig for alle som arbeider med syn, h\u00f8rsel og kommunikasjon.\" \/>\n<meta name=\"robots\" content=\"index, follow, max-snippet:-1, max-image-preview:large, max-video-preview:-1\" \/>\n<link rel=\"canonical\" href=\"https:\/\/www.eikholt.no\/fi\/tammen-puun-testaus\/\" \/>\n<meta property=\"og:locale\" content=\"fi_FI\" \/>\n<meta property=\"og:type\" content=\"article\" \/>\n<meta property=\"og:title\" content=\"Om Eikholt-testen\" \/>\n<meta property=\"og:description\" content=\"Les om Eikholt-testen, en audiovisuell test av taleforst\u00e5else. Eikholt-testen er tilgjengelig for alle som arbeider med syn, h\u00f8rsel og kommunikasjon.\" \/>\n<meta property=\"og:url\" content=\"https:\/\/www.eikholt.no\/fi\/tammen-puun-testaus\/\" \/>\n<meta property=\"og:site_name\" content=\"Eikholt\" \/>\n<meta property=\"article:publisher\" content=\"https:\/\/www.facebook.com\/eikholt.kompetansesenter\" \/>\n<meta property=\"article:modified_time\" content=\"2025-11-26T07:43:55+00:00\" \/>\n<meta property=\"og:image\" content=\"https:\/\/www.eikholt.no\/app\/uploads\/2023\/06\/EAVT-IMG1-1024x567.png\" \/>\n\t<meta property=\"og:image:width\" content=\"1024\" \/>\n\t<meta property=\"og:image:height\" content=\"567\" \/>\n\t<meta property=\"og:image:type\" content=\"image\/png\" \/>\n<meta name=\"twitter:card\" content=\"summary_large_image\" \/>\n<meta name=\"twitter:label1\" content=\"Est. reading time\" \/>\n\t<meta name=\"twitter:data1\" content=\"6 minutes\" \/>\n<script type=\"application\/ld+json\" class=\"yoast-schema-graph\">{\"@context\":\"https:\/\/schema.org\",\"@graph\":[{\"@type\":\"WebPage\",\"@id\":\"https:\/\/www.eikholt.no\/eikholt-testen\/\",\"url\":\"https:\/\/www.eikholt.no\/eikholt-testen\/\",\"name\":\"Om Eikholt-testen\",\"isPartOf\":{\"@id\":\"https:\/\/www.eikholt.no\/#website\"},\"primaryImageOfPage\":{\"@id\":\"https:\/\/www.eikholt.no\/eikholt-testen\/#primaryimage\"},\"image\":{\"@id\":\"https:\/\/www.eikholt.no\/eikholt-testen\/#primaryimage\"},\"thumbnailUrl\":\"https:\/\/www.eikholt.no\/app\/uploads\/2023\/06\/EAVT-IMG1.png\",\"datePublished\":\"2023-05-12T09:53:55+00:00\",\"dateModified\":\"2025-11-26T07:43:55+00:00\",\"description\":\"Les om Eikholt-testen, en audiovisuell test av taleforst\u00e5else. Eikholt-testen er tilgjengelig for alle som arbeider med syn, h\u00f8rsel og kommunikasjon.\",\"breadcrumb\":{\"@id\":\"https:\/\/www.eikholt.no\/eikholt-testen\/#breadcrumb\"},\"inLanguage\":\"fi\",\"potentialAction\":[{\"@type\":\"ReadAction\",\"target\":[\"https:\/\/www.eikholt.no\/eikholt-testen\/\"]}]},{\"@type\":\"ImageObject\",\"inLanguage\":\"fi\",\"@id\":\"https:\/\/www.eikholt.no\/eikholt-testen\/#primaryimage\",\"url\":\"https:\/\/www.eikholt.no\/app\/uploads\/2023\/06\/EAVT-IMG1.png\",\"contentUrl\":\"https:\/\/www.eikholt.no\/app\/uploads\/2023\/06\/EAVT-IMG1.png\",\"width\":2842,\"height\":1574,\"caption\":\"Et skjermbilde med tekst og bilde. I bakgrunnen en person.\"},{\"@type\":\"BreadcrumbList\",\"@id\":\"https:\/\/www.eikholt.no\/eikholt-testen\/#breadcrumb\",\"itemListElement\":[{\"@type\":\"ListItem\",\"position\":1,\"name\":\"Forside\",\"item\":\"https:\/\/www.eikholt.no\/\"},{\"@type\":\"ListItem\",\"position\":2,\"name\":\"Om Eikholt-testen\"}]},{\"@type\":\"WebSite\",\"@id\":\"https:\/\/www.eikholt.no\/#website\",\"url\":\"https:\/\/www.eikholt.no\/\",\"name\":\"Eikholt\",\"description\":\"\",\"publisher\":{\"@id\":\"https:\/\/www.eikholt.no\/#organization\"},\"potentialAction\":[{\"@type\":\"SearchAction\",\"target\":{\"@type\":\"EntryPoint\",\"urlTemplate\":\"https:\/\/www.eikholt.no\/?s={search_term_string}\"},\"query-input\":{\"@type\":\"PropertyValueSpecification\",\"valueRequired\":true,\"valueName\":\"search_term_string\"}}],\"inLanguage\":\"fi\"},{\"@type\":\"Organization\",\"@id\":\"https:\/\/www.eikholt.no\/#organization\",\"name\":\"Eikholt\",\"url\":\"https:\/\/www.eikholt.no\/\",\"logo\":{\"@type\":\"ImageObject\",\"inLanguage\":\"fi\",\"@id\":\"https:\/\/www.eikholt.no\/#\/schema\/logo\/image\/\",\"url\":\"https:\/\/www.eikholt.no\/app\/uploads\/2024\/04\/cropped-Logo-Eikholt-ny.jpg\",\"contentUrl\":\"https:\/\/www.eikholt.no\/app\/uploads\/2024\/04\/cropped-Logo-Eikholt-ny.jpg\",\"width\":419,\"height\":209,\"caption\":\"Eikholt\"},\"image\":{\"@id\":\"https:\/\/www.eikholt.no\/#\/schema\/logo\/image\/\"},\"sameAs\":[\"https:\/\/www.facebook.com\/eikholt.kompetansesenter\"]}]}<\/script>\n<!-- \/ Yoast SEO plugin. -->","yoast_head_json":{"title":"Tietoja Eikholt-testist\u00e4","description":"Lue Eikholt-testist\u00e4, audiovisuaalisesta puheen ymm\u00e4rt\u00e4misen testist\u00e4. Eikholt-testi on kaikkien n\u00e4k\u00f6-, kuulo- ja kommunikaatiotoiminnan parissa ty\u00f6skentelevien k\u00e4ytett\u00e4viss\u00e4.","robots":{"index":"index","follow":"follow","max-snippet":"max-snippet:-1","max-image-preview":"max-image-preview:large","max-video-preview":"max-video-preview:-1"},"canonical":"https:\/\/www.eikholt.no\/fi\/tammen-puun-testaus\/","og_locale":"fi_FI","og_type":"article","og_title":"Om Eikholt-testen","og_description":"Les om Eikholt-testen, en audiovisuell test av taleforst\u00e5else. Eikholt-testen er tilgjengelig for alle som arbeider med syn, h\u00f8rsel og kommunikasjon.","og_url":"https:\/\/www.eikholt.no\/fi\/tammen-puun-testaus\/","og_site_name":"Eikholt","article_publisher":"https:\/\/www.facebook.com\/eikholt.kompetansesenter","article_modified_time":"2025-11-26T07:43:55+00:00","og_image":[{"width":1024,"height":567,"url":"https:\/\/www.eikholt.no\/app\/uploads\/2023\/06\/EAVT-IMG1-1024x567.png","type":"image\/png"}],"twitter_card":"summary_large_image","twitter_misc":{"Est. reading time":"6 minutes"},"schema":{"@context":"https:\/\/schema.org","@graph":[{"@type":"WebPage","@id":"https:\/\/www.eikholt.no\/eikholt-testen\/","url":"https:\/\/www.eikholt.no\/eikholt-testen\/","name":"Tietoja Eikholt-testist\u00e4","isPartOf":{"@id":"https:\/\/www.eikholt.no\/#website"},"primaryImageOfPage":{"@id":"https:\/\/www.eikholt.no\/eikholt-testen\/#primaryimage"},"image":{"@id":"https:\/\/www.eikholt.no\/eikholt-testen\/#primaryimage"},"thumbnailUrl":"https:\/\/www.eikholt.no\/app\/uploads\/2023\/06\/EAVT-IMG1.png","datePublished":"2023-05-12T09:53:55+00:00","dateModified":"2025-11-26T07:43:55+00:00","description":"Lue Eikholt-testist\u00e4, audiovisuaalisesta puheen ymm\u00e4rt\u00e4misen testist\u00e4. Eikholt-testi on kaikkien n\u00e4k\u00f6-, kuulo- ja kommunikaatiotoiminnan parissa ty\u00f6skentelevien k\u00e4ytett\u00e4viss\u00e4.","breadcrumb":{"@id":"https:\/\/www.eikholt.no\/eikholt-testen\/#breadcrumb"},"inLanguage":"fi","potentialAction":[{"@type":"ReadAction","target":["https:\/\/www.eikholt.no\/eikholt-testen\/"]}]},{"@type":"ImageObject","inLanguage":"fi","@id":"https:\/\/www.eikholt.no\/eikholt-testen\/#primaryimage","url":"https:\/\/www.eikholt.no\/app\/uploads\/2023\/06\/EAVT-IMG1.png","contentUrl":"https:\/\/www.eikholt.no\/app\/uploads\/2023\/06\/EAVT-IMG1.png","width":2842,"height":1574,"caption":"Et skjermbilde med tekst og bilde. I bakgrunnen en person."},{"@type":"BreadcrumbList","@id":"https:\/\/www.eikholt.no\/eikholt-testen\/#breadcrumb","itemListElement":[{"@type":"ListItem","position":1,"name":"Forside","item":"https:\/\/www.eikholt.no\/"},{"@type":"ListItem","position":2,"name":"Om Eikholt-testen"}]},{"@type":"WebSite","@id":"https:\/\/www.eikholt.no\/#website","url":"https:\/\/www.eikholt.no\/","name":"Eikholt","description":"","publisher":{"@id":"https:\/\/www.eikholt.no\/#organization"},"potentialAction":[{"@type":"SearchAction","target":{"@type":"EntryPoint","urlTemplate":"https:\/\/www.eikholt.no\/?s={search_term_string}"},"query-input":{"@type":"PropertyValueSpecification","valueRequired":true,"valueName":"search_term_string"}}],"inLanguage":"fi"},{"@type":"Organization","@id":"https:\/\/www.eikholt.no\/#organization","name":"Eikholt","url":"https:\/\/www.eikholt.no\/","logo":{"@type":"ImageObject","inLanguage":"fi","@id":"https:\/\/www.eikholt.no\/#\/schema\/logo\/image\/","url":"https:\/\/www.eikholt.no\/app\/uploads\/2024\/04\/cropped-Logo-Eikholt-ny.jpg","contentUrl":"https:\/\/www.eikholt.no\/app\/uploads\/2024\/04\/cropped-Logo-Eikholt-ny.jpg","width":419,"height":209,"caption":"Eikholt"},"image":{"@id":"https:\/\/www.eikholt.no\/#\/schema\/logo\/image\/"},"sameAs":["https:\/\/www.facebook.com\/eikholt.kompetansesenter"]}]}},"_links":{"self":[{"href":"https:\/\/www.eikholt.no\/fi\/wp-json\/wp\/v2\/pages\/497","targetHints":{"allow":["GET"]}}],"collection":[{"href":"https:\/\/www.eikholt.no\/fi\/wp-json\/wp\/v2\/pages"}],"about":[{"href":"https:\/\/www.eikholt.no\/fi\/wp-json\/wp\/v2\/types\/page"}],"author":[{"embeddable":true,"href":"https:\/\/www.eikholt.no\/fi\/wp-json\/wp\/v2\/users\/1"}],"replies":[{"embeddable":true,"href":"https:\/\/www.eikholt.no\/fi\/wp-json\/wp\/v2\/comments?post=497"}],"version-history":[{"count":49,"href":"https:\/\/www.eikholt.no\/fi\/wp-json\/wp\/v2\/pages\/497\/revisions"}],"predecessor-version":[{"id":5502,"href":"https:\/\/www.eikholt.no\/fi\/wp-json\/wp\/v2\/pages\/497\/revisions\/5502"}],"wp:featuredmedia":[{"embeddable":true,"href":"https:\/\/www.eikholt.no\/fi\/wp-json\/wp\/v2\/media\/949"}],"wp:attachment":[{"href":"https:\/\/www.eikholt.no\/fi\/wp-json\/wp\/v2\/media?parent=497"}],"curies":[{"name":"wp","href":"https:\/\/api.w.org\/{rel}","templated":true}]}}