{"id":5050,"date":"2025-09-19T09:53:29","date_gmt":"2025-09-19T09:53:29","guid":{"rendered":"https:\/\/www.eikholt.no\/?page_id=5050"},"modified":"2025-10-08T11:57:37","modified_gmt":"2025-10-08T11:57:37","slug":"o-haluat-osallistua-eikholtin-testin-tutkimukseen","status":"publish","type":"page","link":"https:\/\/www.eikholt.no\/fi\/tammen-puun-testaus\/o-haluat-osallistua-eikholtin-testin-tutkimukseen\/","title":{"rendered":"Haluatko osallistua Eikholt-testin tutkimukseen?"},"content":{"rendered":"<p><\/p>\n\n\n\n<h2 class=\"wp-block-heading\"><strong>Uuden audiovisuaalisen testin normaalit tiedot: \"EIKHOLTIN TESTI\"<\/strong><\/h2>\n\n\n\n<p>N\u00e4m\u00e4 tiedot on tarkoitettu niille, jotka haluavat osallistua tutkimukseen, jonka tarkoituksena on varmistaa uuden puheen ymm\u00e4rt\u00e4mist\u00e4 mittaavan audiovisuaalisen testin laatu.<\/p>\n\n\n\n<p><strong>Ohjelman tarkoitus<\/strong><\/p>\n\n\n\n<p>Tutkimuksen tarkoituksena on ker\u00e4t\u00e4 testituloksia ihmisilt\u00e4, joilla on normaali n\u00e4k\u00f6 ja kuulo.<\/p>\n\n\n\n<p>Tietoja k\u00e4ytet\u00e4\u00e4n testin normaaliarvojen kehitt\u00e4miseen. &nbsp;<\/p>\n\n\n\n<p><strong>Kuka on vastuussa hankkeesta?<\/strong><\/p>\n\n\n\n<p>Hankkeen johtaja on Rolf Mj\u00f8nes (audiografi) Eikholt:n kansallisesta kuurosokeiden resurssikeskuksesta Drammenissa.<\/p>\n\n\n\n<p><strong>Mit\u00e4 osallistuminen tarkoittaa?<\/strong><\/p>\n\n\n\n<p>Osallistuminen on vapaaehtoista. Jos osallistut, sinulla on mahdollisuus testata itsesi uudella Eikholt-testill\u00e4, ja testin tuloksia k\u00e4ytet\u00e4\u00e4n testin laadun ja soveltuvuuden parantamiseen kliiniseen k\u00e4ytt\u00f6\u00f6n. <\/p>\n\n\n\n<p>Testiss\u00e4 katsellaan n\u00e4ytt\u00f6\u00e4, jossa nelj\u00e4 henkil\u00f6\u00e4 sanoo vuorotellen lyhyit\u00e4 lauseita. Sinua pyydet\u00e4\u00e4n toistamaan lauseet, ja sinut pisteytet\u00e4\u00e4n sen perusteella, kuinka hyvin ymm\u00e4rr\u00e4t sanat. Testiin lis\u00e4t\u00e4\u00e4n eriasteista kohinaa. Testi kest\u00e4\u00e4 enint\u00e4\u00e4n 60 minuuttia, ja se sis\u00e4lt\u00e4\u00e4 nopean kuulotestin puhdas\u00e4\u00e4niaudiometrialla (testi kuulokkeilla ja \u00e4\u00e4nimerkill\u00e4).<\/p>\n\n\n\n<figure class=\"wp-block-image\"><img loading=\"lazy\" decoding=\"async\" width=\"650\" height=\"460\" src=\"https:\/\/www.eikholt.no\/app\/uploads\/2025\/10\/eavt_resized_1.png\" alt=\"mies istuu kannettavan tietokoneen \u00e4\u00e4ress\u00e4, taustalla nainen katselee televisioruutua.\" class=\"wp-image-5206\" srcset=\"https:\/\/www.eikholt.no\/app\/uploads\/2025\/10\/eavt_resized_1.png 650w, https:\/\/www.eikholt.no\/app\/uploads\/2025\/10\/eavt_resized_1-300x212.png 300w, https:\/\/www.eikholt.no\/app\/uploads\/2025\/10\/eavt_resized_1-18x12.png 18w\" sizes=\"auto, (max-width: 650px) 100vw, 650px\" \/><\/figure>\n\n\n\n<p><strong>Olenko anonyymi?<\/strong><\/p>\n\n\n\n<p>Olet anonyymi koko kyselyn ajan. Mit\u00e4\u00e4n tunnistetietoja ei ker\u00e4t\u00e4. Henkil\u00f6kohtaisia tietoja ei tallenneta, ainoastaan yksinkertaisia demografisia tietoja (ik\u00e4 ja sukupuoli). Yksitt\u00e4isi\u00e4 tuloksia ei julkaista eik\u00e4 jaeta muille.<\/p>\n\n\n\n<p>Kaikki osallistujat saavat 200,- arvoisen lahjakortin.<\/p>\n\n\n\n<p><strong>K\u00e4yt\u00e4nn\u00f6n tietoja:<\/strong><\/p>\n\n\n\n<p>Testaus tapahtuu kuurosokeille tarkoitetussa Eikholt-keskuksessa. Sijaitsemme Drammenissa, tarkemmin sanottuna Konnerudissa. <a href=\"https:\/\/maps.app.goo.gl\/MqBWARDmsKa6wbd78\">Katso kartta<\/a>. P\u00e4\u00e4set meille autolla (ilmainen pys\u00e4k\u00f6inti) tai bussilla nro 24 (l\u00e4hin pys\u00e4kki on \"Kirkelunden\" noin 3 minuutin k\u00e4velymatkan p\u00e4\u00e4ss\u00e4). <\/p>\n\n\n\n<p>Testaukset suoritetaan yksil\u00f6llisesti. Jos haluat osallistua, sinuun otetaan yhteytt\u00e4 ajankohdan sopimiseksi. Voit tulla sek\u00e4 p\u00e4iv\u00e4ll\u00e4 ett\u00e4 illalla. Testaus j\u00e4rjestet\u00e4\u00e4n lokakuusta 2025 huhtikuuhun 2026.<\/p>\n\n\n\n<p>Testaus kest\u00e4\u00e4 enint\u00e4\u00e4n 1 tunnin, ja sen aikana pidet\u00e4\u00e4n taukoja.<\/p>\n\n\n\n<h3 class=\"wp-block-heading\">Usein kysytyt kysymykset:<\/h3>\n\n\n\n<p><strong>Tarvitsenko hyv\u00e4n kuulon voidakseni osallistua testiin?<\/strong><br>T\u00e4h\u00e4n tutkimukseen rekrytoidaan osallistujia, joiden kuulo on normaali, mutta \"normaalin\" k\u00e4site muuttuu i\u00e4n my\u00f6t\u00e4. Kaikki osallistujat testataan tavanomaisella puhtaan \u00e4\u00e4nen audiometrialla (putkitesti) ennen testin aloittamista. Ota yhteytt\u00e4, jos olet ep\u00e4varma.<\/p>\n\n\n\n<p><strong>Voinko k\u00e4ytt\u00e4\u00e4 silm\u00e4laseja testauksen aikana?<\/strong><br>Aivan. Sinun pit\u00e4isi k\u00e4ytt\u00e4\u00e4 laseja, joita k\u00e4ytt\u00e4isit normaalissa keskustelutilanteessa.<\/p>\n\n\n\n<p><strong>Miss\u00e4 minun pit\u00e4isi tavata?<br><\/strong>Tule p\u00e4\u00e4rakennuksen vastaanottoon (jota kutsutaan my\u00f6s nimell\u00e4 \"Stua\"). Se on suuri keltainen rakennus Eikan vieress\u00e4; etsi lasista liukuovea. Katso <a href=\"https:\/\/www.eikholt.no\/fi\/sovellus\/lataukset\/2025\/10\/utendors-eikholt-velkommeninn-i-resepsjonen-hus-5.jpg\/\">kuva p\u00e4\u00e4sis\u00e4\u00e4nk\u00e4ynnist\u00e4 t\u00e4\u00e4ll\u00e4<\/a>. <\/p>\n\n\n\n<h3 class=\"wp-block-heading\"><strong>Kiinnostuitko?<\/strong><\/h3>\n\n\n\n<p>Jos haluat lis\u00e4tietoja tai ilmoittaa kiinnostuksestasi, ota yhteytt\u00e4 projektip\u00e4\u00e4llikk\u00f6\u00f6n s\u00e4hk\u00f6postitse: <a href=\"mailto:rolf.mjones@eikholt.no\"><strong>rolf.mjones@eikholt.no<\/strong><\/a><\/p>\n\n\n\n<p>Lis\u00e4tietoja itse Eikholt-testist\u00e4 on osoitteessa <a href=\"https:\/\/www.eikholt.no\/fi\/tammen-puun-testaus\/\">testin oma verkkosivusto. <\/a><\/p>\n\n\n\n<p>Tervetuloa Eikholt:hen!<\/p>\n\n\n\n<figure class=\"wp-block-image size-large\"><img loading=\"lazy\" decoding=\"async\" width=\"1024\" height=\"682\" src=\"https:\/\/www.eikholt.no\/app\/uploads\/2025\/09\/Utendors-Eikholt-hagen-mot-stua-folk-pa-terrassen-ledelinje-1-1024x682.jpg\" alt=\"Kuva Eikholt:n ulkoalueelta, jossa n\u00e4kyy &quot;Stua&quot; - ensimm\u00e4isen kerroksen rakennus, jossa on terassi. Etualalla n\u00e4kyv\u00e4t k\u00e4velytiet, opaslinjat ja lipputanko.\" class=\"wp-image-5057\" srcset=\"https:\/\/www.eikholt.no\/app\/uploads\/2025\/09\/Utendors-Eikholt-hagen-mot-stua-folk-pa-terrassen-ledelinje-1-1024x682.jpg 1024w, https:\/\/www.eikholt.no\/app\/uploads\/2025\/09\/Utendors-Eikholt-hagen-mot-stua-folk-pa-terrassen-ledelinje-1-300x200.jpg 300w, https:\/\/www.eikholt.no\/app\/uploads\/2025\/09\/Utendors-Eikholt-hagen-mot-stua-folk-pa-terrassen-ledelinje-1-768x511.jpg 768w, https:\/\/www.eikholt.no\/app\/uploads\/2025\/09\/Utendors-Eikholt-hagen-mot-stua-folk-pa-terrassen-ledelinje-1-18x12.jpg 18w, https:\/\/www.eikholt.no\/app\/uploads\/2025\/09\/Utendors-Eikholt-hagen-mot-stua-folk-pa-terrassen-ledelinje-1.jpg 1080w\" sizes=\"auto, (max-width: 1024px) 100vw, 1024px\" \/><\/figure>","protected":false},"excerpt":{"rendered":"<p>Normaldata for ny audiovisuell test: \u00abEIKHOLT-TESTEN\u00bb Denne informasjonen er til deg som \u00f8nsker \u00e5 delta i et forskningsstudie hvor form\u00e5let er \u00e5 kvalitetssikre en ny audiovisuell test av taleforst\u00e5else. Form\u00e5l Form\u00e5let med studien er \u00e5 hente inn testresultater fra personer med normal syn og h\u00f8rsel. Data skal brukes til \u00e5 utvikle normalverdier for testen. &nbsp;<\/p>","protected":false},"author":9,"featured_media":5051,"parent":497,"menu_order":0,"comment_status":"closed","ping_status":"closed","template":"templates\/eikholt-test.blade.php","meta":{"_acf_changed":false,"inline_featured_image":false,"ep_exclude_from_search":false,"footnotes":""},"class_list":["post-5050","page","type-page","status-publish","has-post-thumbnail","hentry"],"acf":[],"yoast_head":"<!-- This site is optimized with the Yoast SEO plugin v25.8 - https:\/\/yoast.com\/wordpress\/plugins\/seo\/ -->\n<title>\u00d8nsker du \u00e5 bidra til forskning p\u00e5 Eikholt-testen? - Eikholt<\/title>\n<meta name=\"robots\" content=\"index, follow, max-snippet:-1, max-image-preview:large, max-video-preview:-1\" \/>\n<link rel=\"canonical\" href=\"https:\/\/www.eikholt.no\/fi\/tammen-puun-testaus\/o-haluat-osallistua-eikholtin-testin-tutkimukseen\/\" \/>\n<meta property=\"og:locale\" content=\"fi_FI\" \/>\n<meta property=\"og:type\" content=\"article\" \/>\n<meta property=\"og:title\" content=\"\u00d8nsker du \u00e5 bidra til forskning p\u00e5 Eikholt-testen? - Eikholt\" \/>\n<meta property=\"og:description\" content=\"Normaldata for ny audiovisuell test: \u00abEIKHOLT-TESTEN\u00bb Denne informasjonen er til deg som \u00f8nsker \u00e5 delta i et forskningsstudie hvor form\u00e5let er \u00e5 kvalitetssikre en ny audiovisuell test av taleforst\u00e5else. Form\u00e5l Form\u00e5let med studien er \u00e5 hente inn testresultater fra personer med normal syn og h\u00f8rsel. Data skal brukes til \u00e5 utvikle normalverdier for testen. &nbsp;\" \/>\n<meta property=\"og:url\" content=\"https:\/\/www.eikholt.no\/fi\/tammen-puun-testaus\/o-haluat-osallistua-eikholtin-testin-tutkimukseen\/\" \/>\n<meta property=\"og:site_name\" content=\"Eikholt\" \/>\n<meta property=\"article:publisher\" content=\"https:\/\/www.facebook.com\/eikholt.kompetansesenter\" \/>\n<meta property=\"article:modified_time\" content=\"2025-10-08T11:57:37+00:00\" \/>\n<meta property=\"og:image\" content=\"https:\/\/www.eikholt.no\/app\/uploads\/2025\/09\/EAVT-august_3-scaled.jpg\" \/>\n\t<meta property=\"og:image:width\" content=\"2560\" \/>\n\t<meta property=\"og:image:height\" content=\"1813\" \/>\n\t<meta property=\"og:image:type\" content=\"image\/jpeg\" \/>\n<meta name=\"twitter:card\" content=\"summary_large_image\" \/>\n<meta name=\"twitter:label1\" content=\"Est. reading time\" \/>\n\t<meta name=\"twitter:data1\" content=\"3 minutes\" \/>\n<script type=\"application\/ld+json\" class=\"yoast-schema-graph\">{\"@context\":\"https:\/\/schema.org\",\"@graph\":[{\"@type\":\"WebPage\",\"@id\":\"https:\/\/www.eikholt.no\/eikholt-testen\/onsker-du-a-bidra-til-forskning-pa-eikholt-testen\/\",\"url\":\"https:\/\/www.eikholt.no\/eikholt-testen\/onsker-du-a-bidra-til-forskning-pa-eikholt-testen\/\",\"name\":\"\u00d8nsker du \u00e5 bidra til forskning p\u00e5 Eikholt-testen? - Eikholt\",\"isPartOf\":{\"@id\":\"https:\/\/www.eikholt.no\/#website\"},\"primaryImageOfPage\":{\"@id\":\"https:\/\/www.eikholt.no\/eikholt-testen\/onsker-du-a-bidra-til-forskning-pa-eikholt-testen\/#primaryimage\"},\"image\":{\"@id\":\"https:\/\/www.eikholt.no\/eikholt-testen\/onsker-du-a-bidra-til-forskning-pa-eikholt-testen\/#primaryimage\"},\"thumbnailUrl\":\"https:\/\/www.eikholt.no\/app\/uploads\/2025\/09\/EAVT-august_3-scaled.jpg\",\"datePublished\":\"2025-09-19T09:53:29+00:00\",\"dateModified\":\"2025-10-08T11:57:37+00:00\",\"breadcrumb\":{\"@id\":\"https:\/\/www.eikholt.no\/eikholt-testen\/onsker-du-a-bidra-til-forskning-pa-eikholt-testen\/#breadcrumb\"},\"inLanguage\":\"fi\",\"potentialAction\":[{\"@type\":\"ReadAction\",\"target\":[\"https:\/\/www.eikholt.no\/eikholt-testen\/onsker-du-a-bidra-til-forskning-pa-eikholt-testen\/\"]}]},{\"@type\":\"ImageObject\",\"inLanguage\":\"fi\",\"@id\":\"https:\/\/www.eikholt.no\/eikholt-testen\/onsker-du-a-bidra-til-forskning-pa-eikholt-testen\/#primaryimage\",\"url\":\"https:\/\/www.eikholt.no\/app\/uploads\/2025\/09\/EAVT-august_3-scaled.jpg\",\"contentUrl\":\"https:\/\/www.eikholt.no\/app\/uploads\/2025\/09\/EAVT-august_3-scaled.jpg\",\"width\":2560,\"height\":1813,\"caption\":\"Bilde av to personer i et test-rom, en mann sitter foran en PC og en kvinne ser p\u00e5 en TV-skjerm\"},{\"@type\":\"BreadcrumbList\",\"@id\":\"https:\/\/www.eikholt.no\/eikholt-testen\/onsker-du-a-bidra-til-forskning-pa-eikholt-testen\/#breadcrumb\",\"itemListElement\":[{\"@type\":\"ListItem\",\"position\":1,\"name\":\"Forside\",\"item\":\"https:\/\/www.eikholt.no\/\"},{\"@type\":\"ListItem\",\"position\":2,\"name\":\"Om Eikholt-testen\",\"item\":\"https:\/\/www.eikholt.no\/eikholt-testen\/\"},{\"@type\":\"ListItem\",\"position\":3,\"name\":\"\u00d8nsker du \u00e5 bidra til forskning p\u00e5 Eikholt-testen?\"}]},{\"@type\":\"WebSite\",\"@id\":\"https:\/\/www.eikholt.no\/#website\",\"url\":\"https:\/\/www.eikholt.no\/\",\"name\":\"Eikholt\",\"description\":\"\",\"publisher\":{\"@id\":\"https:\/\/www.eikholt.no\/#organization\"},\"potentialAction\":[{\"@type\":\"SearchAction\",\"target\":{\"@type\":\"EntryPoint\",\"urlTemplate\":\"https:\/\/www.eikholt.no\/?s={search_term_string}\"},\"query-input\":{\"@type\":\"PropertyValueSpecification\",\"valueRequired\":true,\"valueName\":\"search_term_string\"}}],\"inLanguage\":\"fi\"},{\"@type\":\"Organization\",\"@id\":\"https:\/\/www.eikholt.no\/#organization\",\"name\":\"Eikholt\",\"url\":\"https:\/\/www.eikholt.no\/\",\"logo\":{\"@type\":\"ImageObject\",\"inLanguage\":\"fi\",\"@id\":\"https:\/\/www.eikholt.no\/#\/schema\/logo\/image\/\",\"url\":\"https:\/\/www.eikholt.no\/app\/uploads\/2024\/04\/cropped-Logo-Eikholt-ny.jpg\",\"contentUrl\":\"https:\/\/www.eikholt.no\/app\/uploads\/2024\/04\/cropped-Logo-Eikholt-ny.jpg\",\"width\":419,\"height\":209,\"caption\":\"Eikholt\"},\"image\":{\"@id\":\"https:\/\/www.eikholt.no\/#\/schema\/logo\/image\/\"},\"sameAs\":[\"https:\/\/www.facebook.com\/eikholt.kompetansesenter\"]}]}<\/script>\n<!-- \/ Yoast SEO plugin. -->","yoast_head_json":{"title":"Haluatko osallistua Eikholt-testin tutkimukseen? - Eikholt","robots":{"index":"index","follow":"follow","max-snippet":"max-snippet:-1","max-image-preview":"max-image-preview:large","max-video-preview":"max-video-preview:-1"},"canonical":"https:\/\/www.eikholt.no\/fi\/tammen-puun-testaus\/o-haluat-osallistua-eikholtin-testin-tutkimukseen\/","og_locale":"fi_FI","og_type":"article","og_title":"\u00d8nsker du \u00e5 bidra til forskning p\u00e5 Eikholt-testen? - Eikholt","og_description":"Normaldata for ny audiovisuell test: \u00abEIKHOLT-TESTEN\u00bb Denne informasjonen er til deg som \u00f8nsker \u00e5 delta i et forskningsstudie hvor form\u00e5let er \u00e5 kvalitetssikre en ny audiovisuell test av taleforst\u00e5else. Form\u00e5l Form\u00e5let med studien er \u00e5 hente inn testresultater fra personer med normal syn og h\u00f8rsel. Data skal brukes til \u00e5 utvikle normalverdier for testen. &nbsp;","og_url":"https:\/\/www.eikholt.no\/fi\/tammen-puun-testaus\/o-haluat-osallistua-eikholtin-testin-tutkimukseen\/","og_site_name":"Eikholt","article_publisher":"https:\/\/www.facebook.com\/eikholt.kompetansesenter","article_modified_time":"2025-10-08T11:57:37+00:00","og_image":[{"width":2560,"height":1813,"url":"https:\/\/www.eikholt.no\/app\/uploads\/2025\/09\/EAVT-august_3-scaled.jpg","type":"image\/jpeg"}],"twitter_card":"summary_large_image","twitter_misc":{"Est. reading time":"3 minutes"},"schema":{"@context":"https:\/\/schema.org","@graph":[{"@type":"WebPage","@id":"https:\/\/www.eikholt.no\/eikholt-testen\/onsker-du-a-bidra-til-forskning-pa-eikholt-testen\/","url":"https:\/\/www.eikholt.no\/eikholt-testen\/onsker-du-a-bidra-til-forskning-pa-eikholt-testen\/","name":"Haluatko osallistua Eikholt-testin tutkimukseen? - Eikholt","isPartOf":{"@id":"https:\/\/www.eikholt.no\/#website"},"primaryImageOfPage":{"@id":"https:\/\/www.eikholt.no\/eikholt-testen\/onsker-du-a-bidra-til-forskning-pa-eikholt-testen\/#primaryimage"},"image":{"@id":"https:\/\/www.eikholt.no\/eikholt-testen\/onsker-du-a-bidra-til-forskning-pa-eikholt-testen\/#primaryimage"},"thumbnailUrl":"https:\/\/www.eikholt.no\/app\/uploads\/2025\/09\/EAVT-august_3-scaled.jpg","datePublished":"2025-09-19T09:53:29+00:00","dateModified":"2025-10-08T11:57:37+00:00","breadcrumb":{"@id":"https:\/\/www.eikholt.no\/eikholt-testen\/onsker-du-a-bidra-til-forskning-pa-eikholt-testen\/#breadcrumb"},"inLanguage":"fi","potentialAction":[{"@type":"ReadAction","target":["https:\/\/www.eikholt.no\/eikholt-testen\/onsker-du-a-bidra-til-forskning-pa-eikholt-testen\/"]}]},{"@type":"ImageObject","inLanguage":"fi","@id":"https:\/\/www.eikholt.no\/eikholt-testen\/onsker-du-a-bidra-til-forskning-pa-eikholt-testen\/#primaryimage","url":"https:\/\/www.eikholt.no\/app\/uploads\/2025\/09\/EAVT-august_3-scaled.jpg","contentUrl":"https:\/\/www.eikholt.no\/app\/uploads\/2025\/09\/EAVT-august_3-scaled.jpg","width":2560,"height":1813,"caption":"Bilde av to personer i et test-rom, en mann sitter foran en PC og en kvinne ser p\u00e5 en TV-skjerm"},{"@type":"BreadcrumbList","@id":"https:\/\/www.eikholt.no\/eikholt-testen\/onsker-du-a-bidra-til-forskning-pa-eikholt-testen\/#breadcrumb","itemListElement":[{"@type":"ListItem","position":1,"name":"Forside","item":"https:\/\/www.eikholt.no\/"},{"@type":"ListItem","position":2,"name":"Om Eikholt-testen","item":"https:\/\/www.eikholt.no\/eikholt-testen\/"},{"@type":"ListItem","position":3,"name":"\u00d8nsker du \u00e5 bidra til forskning p\u00e5 Eikholt-testen?"}]},{"@type":"WebSite","@id":"https:\/\/www.eikholt.no\/#website","url":"https:\/\/www.eikholt.no\/","name":"Eikholt","description":"","publisher":{"@id":"https:\/\/www.eikholt.no\/#organization"},"potentialAction":[{"@type":"SearchAction","target":{"@type":"EntryPoint","urlTemplate":"https:\/\/www.eikholt.no\/?s={search_term_string}"},"query-input":{"@type":"PropertyValueSpecification","valueRequired":true,"valueName":"search_term_string"}}],"inLanguage":"fi"},{"@type":"Organization","@id":"https:\/\/www.eikholt.no\/#organization","name":"Eikholt","url":"https:\/\/www.eikholt.no\/","logo":{"@type":"ImageObject","inLanguage":"fi","@id":"https:\/\/www.eikholt.no\/#\/schema\/logo\/image\/","url":"https:\/\/www.eikholt.no\/app\/uploads\/2024\/04\/cropped-Logo-Eikholt-ny.jpg","contentUrl":"https:\/\/www.eikholt.no\/app\/uploads\/2024\/04\/cropped-Logo-Eikholt-ny.jpg","width":419,"height":209,"caption":"Eikholt"},"image":{"@id":"https:\/\/www.eikholt.no\/#\/schema\/logo\/image\/"},"sameAs":["https:\/\/www.facebook.com\/eikholt.kompetansesenter"]}]}},"_links":{"self":[{"href":"https:\/\/www.eikholt.no\/fi\/wp-json\/wp\/v2\/pages\/5050","targetHints":{"allow":["GET"]}}],"collection":[{"href":"https:\/\/www.eikholt.no\/fi\/wp-json\/wp\/v2\/pages"}],"about":[{"href":"https:\/\/www.eikholt.no\/fi\/wp-json\/wp\/v2\/types\/page"}],"author":[{"embeddable":true,"href":"https:\/\/www.eikholt.no\/fi\/wp-json\/wp\/v2\/users\/9"}],"replies":[{"embeddable":true,"href":"https:\/\/www.eikholt.no\/fi\/wp-json\/wp\/v2\/comments?post=5050"}],"version-history":[{"count":13,"href":"https:\/\/www.eikholt.no\/fi\/wp-json\/wp\/v2\/pages\/5050\/revisions"}],"predecessor-version":[{"id":5208,"href":"https:\/\/www.eikholt.no\/fi\/wp-json\/wp\/v2\/pages\/5050\/revisions\/5208"}],"up":[{"embeddable":true,"href":"https:\/\/www.eikholt.no\/fi\/wp-json\/wp\/v2\/pages\/497"}],"wp:featuredmedia":[{"embeddable":true,"href":"https:\/\/www.eikholt.no\/fi\/wp-json\/wp\/v2\/media\/5051"}],"wp:attachment":[{"href":"https:\/\/www.eikholt.no\/fi\/wp-json\/wp\/v2\/media?parent=5050"}],"curies":[{"name":"wp","href":"https:\/\/api.w.org\/{rel}","templated":true}]}}