{"id":5521,"date":"2025-12-04T07:26:40","date_gmt":"2025-12-04T07:26:40","guid":{"rendered":"https:\/\/www.eikholt.no\/"},"modified":"2025-12-12T09:15:23","modified_gmt":"2025-12-12T09:15:23","slug":"haptinen-taskupainos","status":"publish","type":"page","link":"https:\/\/www.eikholt.no\/fi\/haptinen-taskupainos\/","title":{"rendered":"Haptiset ominaisuudet: Pocket Edition"},"content":{"rendered":"<h2 class=\"wp-block-heading\">Haptiset ominaisuudet: Pocket Edition<\/h2>\n\n\n\n<p><strong>Haptiset ominaisuudet: Pocket Edition<\/strong> on sovellus standardoitujen haptisten signaalien oppimiseen. Sovellus on suunniteltu n\u00e4k\u00f6- ja kuulovammaisille, sokeille, heid\u00e4n verkostoilleen ja ammattilaisille, jotka haluavat k\u00e4ytt\u00e4\u00e4 signaaleja.<\/p>\n\n\n\n<figure class=\"wp-block-image size-large is-style-default\"><img loading=\"lazy\" decoding=\"async\" width=\"1024\" height=\"576\" src=\"https:\/\/www.eikholt.no\/app\/uploads\/2025\/12\/haptics_icon_02-1024x576.png\" alt=\"Kuva puhelimesta, jossa on useita sovelluksia ja Haptics Pocket Edition -kuvake.\" class=\"wp-image-5526\" srcset=\"https:\/\/www.eikholt.no\/app\/uploads\/2025\/12\/haptics_icon_02-1024x576.png 1024w, https:\/\/www.eikholt.no\/app\/uploads\/2025\/12\/haptics_icon_02-300x169.png 300w, https:\/\/www.eikholt.no\/app\/uploads\/2025\/12\/haptics_icon_02-768x432.png 768w, https:\/\/www.eikholt.no\/app\/uploads\/2025\/12\/haptics_icon_02-1536x864.png 1536w, https:\/\/www.eikholt.no\/app\/uploads\/2025\/12\/haptics_icon_02-18x10.png 18w, https:\/\/www.eikholt.no\/app\/uploads\/2025\/12\/haptics_icon_02.png 1920w\" sizes=\"auto, (max-width: 1024px) 100vw, 1024px\" \/><\/figure>\n\n\n\n<p>Sovellus sis\u00e4lt\u00e4\u00e4 yli 140 signaalia. Se on saatavilla norjaksi ja englanniksi. Jokaisesta signaalista on kuvaus, jossa on kuva, teksti ja video. Sovelluksen avulla voit luoda suosikkilistoja. Listoja voi my\u00f6s jakaa muiden kanssa. Sovelluksessa on my\u00f6s asetukset, joilla voit valita korkean kontrastin, ja tekstin koko sovelluksessa noudattaa k\u00e4ytt\u00e4m\u00e4ss\u00e4si puhelimessa tai tabletissa olevaa asetusta. <\/p>\n\n\n\n<h2 class=\"wp-block-heading\">Mist\u00e4 l\u00f6yd\u00e4n Haptics:Pocket Edition -sovelluksen?<\/h2>\n\n\n\n<p>Sovellus on ladattavissa Google Playsta ja App Storesta:<\/p>\n\n\n\n<p>\ud83d\udcf2 Lataa sovellus osoitteesta&nbsp;<strong><a href=\"https:\/\/apps.apple.com\/us\/app\/haptics-pocket-edition\/id6755103527\" target=\"_blank\" rel=\"noreferrer noopener\">App Store<\/a><\/strong><\/p>\n\n\n\n<p>\ud83e\udd16 Lataa sovellus osoitteesta&nbsp;<strong><a href=\"https:\/\/play.google.com\/store\/apps\/details?id=no.eikholt.hapticspocketedition\">Google <\/a><a href=\"https:\/\/play.google.com\/store\/apps\/details?id=no.eikholt.hapticspocketedition\" target=\"_blank\" rel=\"noreferrer noopener\">Pelaa<\/a><\/strong><\/p>\n\n\n\n<p>Alla olevasta linkist\u00e4 l\u00f6yd\u00e4t sovelluksen verkkoversiona, jos et halua k\u00e4ytt\u00e4\u00e4 sovellusta:<\/p>\n\n\n\n<div class=\"wp-block-sail-buttons left\">\n<a class=\"wp-block-sail-button filled teal\" href=\"https:\/\/haptics.eikholt.no\/no\/dictionary\" target=\"_blank\" rel=\"noreferrer noopener\"><span>Haptiset ominaisuudet: Pocket Edition Web Edition<\/span><\/a>\n<\/div>\n\n\n\n<h2 class=\"wp-block-heading\">Mit\u00e4 ovat haptiset signaalit?<\/h2>\n\n\n\n<p>Haptiset signaalit ovat tapa v\u00e4litt\u00e4\u00e4 tietoa kosketuksen avulla, yleens\u00e4 yl\u00e4sel\u00e4ss\u00e4 tai k\u00e4sivarressa. Haptiset signaalit voivat t\u00e4ydent\u00e4\u00e4 puhuttua kielt\u00e4 tai viittomakielt\u00e4. Niiden avulla voidaan saada tietoa ymp\u00e4rist\u00f6st\u00e4, tapahtumista, mielialoista, ihmisist\u00e4 ja muusta. <\/p>\n\n\n\n<h2 class=\"wp-block-heading\">Haluatko oppia haptisia signaaleja?<\/h2>\n\n\n\n<p><strong>Haluatko kursseja?<\/strong>\u00a0L\u00f6yd\u00e4t lomakkeen t\u00e4\u00e4lt\u00e4:<strong>\u00a0<a href=\"https:\/\/www.eikholt.no\/fi\/hakulomake-yksittaisia-kursseja-varten\/\" target=\"_blank\" rel=\"noreferrer noopener\">Tiedustelu yksitt\u00e4inen kurssi<\/a>Min\u00e4 olen suuri.\u00a0<\/strong><\/p>\n\n\n\n<p><strong>Onko teill\u00e4 kysytt\u00e4v\u00e4\u00e4?<\/strong>\u00a0Yhteystiedot l\u00f6yd\u00e4t t\u00e4\u00e4lt\u00e4:\u00a0\u00a0<strong><a href=\"https:\/\/www.eikholt.no\/fi\/ota-yhteytta\/\" target=\"_blank\" rel=\"noreferrer noopener\">Ota yhteytt\u00e4<\/a>\u00a0\u00a0<\/strong><\/p>\n\n\n\n<h2 class=\"wp-block-heading\">Lue projekteista, joissa k\u00e4ytet\u00e4\u00e4n Haptic Signalling -tekniikkaa, ja lataa oppaita.<\/h2>\n\n\n\n<p>Lue lis\u00e4\u00e4 hankkeesta <a href=\"https:\/\/www.eikholt.no\/fi\/tietoholvi\/liikkuminen-ja-orientoituminen\/\" target=\"_blank\" rel=\"noreferrer noopener\"><strong>Haptinen viestint\u00e4 ja opaskoirat<\/strong><\/a><\/p>\n\n\n\n<p>Lataa opas <a href=\"https:\/\/www.eikholt.no\/fi\/sovellus\/lataukset\/2024\/06\/haptisk-kommuinasjon-og-forerhund-veileder-nytt-design.pdf\/\"><strong>Haptinen <\/strong><\/a><a href=\"https:\/\/www.eikholt.no\/fi\/sovellus\/lataukset\/2024\/06\/haptisk-kommuinasjon-og-forerhund-veileder-nytt-design.pdf\/\" target=\"_blank\" rel=\"noreferrer noopener\"><strong>Viestint\u00e4 <\/strong><\/a><a href=\"https:\/\/www.eikholt.no\/fi\/sovellus\/lataukset\/2024\/06\/haptisk-kommuinasjon-og-forerhund-veileder-nytt-design.pdf\/\"><strong>ja opaskoira<\/strong><\/a><\/p>\n\n\n\n<p>Lue lis\u00e4\u00e4 hankkeesta <a href=\"https:\/\/www.eikholt.no\/fi\/tietoholvi\/rajaton-urheilun-ilo\/\" target=\"_blank\" rel=\"noreferrer noopener\"><strong>Rajatonta urheiluhupia<\/strong><\/a><\/p>\n\n\n\n<p>Lataa opas <a href=\"https:\/\/www.eikholt.no\/fi\/sovellus\/lataukset\/2024\/04\/grenselos-idrettsglede-veileder.pdf\/\" target=\"_blank\" rel=\"noreferrer noopener\"><strong>Jalkapallo-otteluissa k\u00e4ytett\u00e4v\u00e4t haptiset signaalit<\/strong><\/a><\/p>\n\n\n\n<p><\/p>","protected":false},"excerpt":{"rendered":"<p>Haptics: Pocket Edition Haptics: Pocket Edition er en app for \u00e5 l\u00e6re standardiserte haptiske signaler. Appen er utviklet for personer med syns- og h\u00f8rselsnedsettelse, blinde, deres nettverk og fagpersoner som \u00f8nsker og ta signalene i bruk. Appen inneholder mer enn 140 signaler. Den er tilgjengelig p\u00e5 norsk og engelsk. Hvert signal har beskrivelse med bilde,<\/p>","protected":false},"author":8,"featured_media":5537,"parent":0,"menu_order":0,"comment_status":"closed","ping_status":"closed","template":"","meta":{"_acf_changed":false,"inline_featured_image":false,"ep_exclude_from_search":false,"footnotes":""},"class_list":["post-5521","page","type-page","status-publish","has-post-thumbnail","hentry"],"acf":[],"yoast_head":"<!-- This site is optimized with the Yoast SEO plugin v25.8 - https:\/\/yoast.com\/wordpress\/plugins\/seo\/ -->\n<title>Haptics: Pocket Edition - Eikholt<\/title>\n<meta name=\"description\" content=\"Haptics: Pocket Edition er en app for \u00e5 l\u00e6re standardiserte haptiske signaler. Appen er utviklet for personer med syns- og h\u00f8rselsnedsettelse, blinde, deres nettverk og fagpersoner som \u00f8nsker og ta signalene i bruk.\" \/>\n<meta name=\"robots\" content=\"index, follow, max-snippet:-1, max-image-preview:large, max-video-preview:-1\" \/>\n<link rel=\"canonical\" href=\"https:\/\/www.eikholt.no\/fi\/haptinen-taskupainos\/\" \/>\n<meta property=\"og:locale\" content=\"fi_FI\" \/>\n<meta property=\"og:type\" content=\"article\" \/>\n<meta property=\"og:title\" content=\"Haptics: Pocket Edition - Eikholt\" \/>\n<meta property=\"og:description\" content=\"Haptics: Pocket Edition er en app for \u00e5 l\u00e6re standardiserte haptiske signaler. Appen er utviklet for personer med syns- og h\u00f8rselsnedsettelse, blinde, deres nettverk og fagpersoner som \u00f8nsker og ta signalene i bruk.\" \/>\n<meta property=\"og:url\" content=\"https:\/\/www.eikholt.no\/fi\/haptinen-taskupainos\/\" \/>\n<meta property=\"og:site_name\" content=\"Eikholt\" \/>\n<meta property=\"article:publisher\" content=\"https:\/\/www.facebook.com\/eikholt.kompetansesenter\" \/>\n<meta property=\"article:modified_time\" content=\"2025-12-12T09:15:23+00:00\" \/>\n<meta property=\"og:image\" content=\"https:\/\/www.eikholt.no\/app\/uploads\/2025\/12\/haptics_icon.png\" \/>\n\t<meta property=\"og:image:width\" content=\"1920\" \/>\n\t<meta property=\"og:image:height\" content=\"1080\" \/>\n\t<meta property=\"og:image:type\" content=\"image\/png\" \/>\n<meta name=\"twitter:card\" content=\"summary_large_image\" \/>\n<meta name=\"twitter:label1\" content=\"Est. reading time\" \/>\n\t<meta name=\"twitter:data1\" content=\"2 minutes\" \/>\n<script type=\"application\/ld+json\" class=\"yoast-schema-graph\">{\"@context\":\"https:\/\/schema.org\",\"@graph\":[{\"@type\":\"WebPage\",\"@id\":\"https:\/\/www.eikholt.no\/haptics-pocket-edition\/\",\"url\":\"https:\/\/www.eikholt.no\/haptics-pocket-edition\/\",\"name\":\"Haptics: Pocket Edition - Eikholt\",\"isPartOf\":{\"@id\":\"https:\/\/www.eikholt.no\/#website\"},\"primaryImageOfPage\":{\"@id\":\"https:\/\/www.eikholt.no\/haptics-pocket-edition\/#primaryimage\"},\"image\":{\"@id\":\"https:\/\/www.eikholt.no\/haptics-pocket-edition\/#primaryimage\"},\"thumbnailUrl\":\"https:\/\/www.eikholt.no\/app\/uploads\/2025\/12\/haptics_icon.png\",\"datePublished\":\"2025-12-04T07:26:40+00:00\",\"dateModified\":\"2025-12-12T09:15:23+00:00\",\"description\":\"Haptics: Pocket Edition er en app for \u00e5 l\u00e6re standardiserte haptiske signaler. Appen er utviklet for personer med syns- og h\u00f8rselsnedsettelse, blinde, deres nettverk og fagpersoner som \u00f8nsker og ta signalene i bruk.\",\"breadcrumb\":{\"@id\":\"https:\/\/www.eikholt.no\/haptics-pocket-edition\/#breadcrumb\"},\"inLanguage\":\"fi\",\"potentialAction\":[{\"@type\":\"ReadAction\",\"target\":[\"https:\/\/www.eikholt.no\/haptics-pocket-edition\/\"]}]},{\"@type\":\"ImageObject\",\"inLanguage\":\"fi\",\"@id\":\"https:\/\/www.eikholt.no\/haptics-pocket-edition\/#primaryimage\",\"url\":\"https:\/\/www.eikholt.no\/app\/uploads\/2025\/12\/haptics_icon.png\",\"contentUrl\":\"https:\/\/www.eikholt.no\/app\/uploads\/2025\/12\/haptics_icon.png\",\"width\":1920,\"height\":1080,\"caption\":\"Ikon av en persons rygg, med en h\u00e5nd som utf\u00f8rer tegn p\u00e5 ryggen\"},{\"@type\":\"BreadcrumbList\",\"@id\":\"https:\/\/www.eikholt.no\/haptics-pocket-edition\/#breadcrumb\",\"itemListElement\":[{\"@type\":\"ListItem\",\"position\":1,\"name\":\"Forside\",\"item\":\"https:\/\/www.eikholt.no\/\"},{\"@type\":\"ListItem\",\"position\":2,\"name\":\"Haptics: Pocket Edition\"}]},{\"@type\":\"WebSite\",\"@id\":\"https:\/\/www.eikholt.no\/#website\",\"url\":\"https:\/\/www.eikholt.no\/\",\"name\":\"Eikholt\",\"description\":\"\",\"publisher\":{\"@id\":\"https:\/\/www.eikholt.no\/#organization\"},\"potentialAction\":[{\"@type\":\"SearchAction\",\"target\":{\"@type\":\"EntryPoint\",\"urlTemplate\":\"https:\/\/www.eikholt.no\/?s={search_term_string}\"},\"query-input\":{\"@type\":\"PropertyValueSpecification\",\"valueRequired\":true,\"valueName\":\"search_term_string\"}}],\"inLanguage\":\"fi\"},{\"@type\":\"Organization\",\"@id\":\"https:\/\/www.eikholt.no\/#organization\",\"name\":\"Eikholt\",\"url\":\"https:\/\/www.eikholt.no\/\",\"logo\":{\"@type\":\"ImageObject\",\"inLanguage\":\"fi\",\"@id\":\"https:\/\/www.eikholt.no\/#\/schema\/logo\/image\/\",\"url\":\"https:\/\/www.eikholt.no\/app\/uploads\/2024\/04\/cropped-Logo-Eikholt-ny.jpg\",\"contentUrl\":\"https:\/\/www.eikholt.no\/app\/uploads\/2024\/04\/cropped-Logo-Eikholt-ny.jpg\",\"width\":419,\"height\":209,\"caption\":\"Eikholt\"},\"image\":{\"@id\":\"https:\/\/www.eikholt.no\/#\/schema\/logo\/image\/\"},\"sameAs\":[\"https:\/\/www.facebook.com\/eikholt.kompetansesenter\"]}]}<\/script>\n<!-- \/ Yoast SEO plugin. -->","yoast_head_json":{"title":"Haptiset ominaisuudet: Eikholt","description":"Haptiset ominaisuudet: Pocket Edition on sovellus standardoitujen haptisten signaalien oppimiseen. Sovellus on suunniteltu n\u00e4k\u00f6- ja kuulovammaisille, sokeille, heid\u00e4n verkostoilleen ja ammattilaisille, jotka haluavat k\u00e4ytt\u00e4\u00e4 signaaleja.","robots":{"index":"index","follow":"follow","max-snippet":"max-snippet:-1","max-image-preview":"max-image-preview:large","max-video-preview":"max-video-preview:-1"},"canonical":"https:\/\/www.eikholt.no\/fi\/haptinen-taskupainos\/","og_locale":"fi_FI","og_type":"article","og_title":"Haptics: Pocket Edition - Eikholt","og_description":"Haptics: Pocket Edition er en app for \u00e5 l\u00e6re standardiserte haptiske signaler. Appen er utviklet for personer med syns- og h\u00f8rselsnedsettelse, blinde, deres nettverk og fagpersoner som \u00f8nsker og ta signalene i bruk.","og_url":"https:\/\/www.eikholt.no\/fi\/haptinen-taskupainos\/","og_site_name":"Eikholt","article_publisher":"https:\/\/www.facebook.com\/eikholt.kompetansesenter","article_modified_time":"2025-12-12T09:15:23+00:00","og_image":[{"width":1920,"height":1080,"url":"https:\/\/www.eikholt.no\/app\/uploads\/2025\/12\/haptics_icon.png","type":"image\/png"}],"twitter_card":"summary_large_image","twitter_misc":{"Est. reading time":"2 minutes"},"schema":{"@context":"https:\/\/schema.org","@graph":[{"@type":"WebPage","@id":"https:\/\/www.eikholt.no\/haptics-pocket-edition\/","url":"https:\/\/www.eikholt.no\/haptics-pocket-edition\/","name":"Haptiset ominaisuudet: Eikholt","isPartOf":{"@id":"https:\/\/www.eikholt.no\/#website"},"primaryImageOfPage":{"@id":"https:\/\/www.eikholt.no\/haptics-pocket-edition\/#primaryimage"},"image":{"@id":"https:\/\/www.eikholt.no\/haptics-pocket-edition\/#primaryimage"},"thumbnailUrl":"https:\/\/www.eikholt.no\/app\/uploads\/2025\/12\/haptics_icon.png","datePublished":"2025-12-04T07:26:40+00:00","dateModified":"2025-12-12T09:15:23+00:00","description":"Haptiset ominaisuudet: Pocket Edition on sovellus standardoitujen haptisten signaalien oppimiseen. Sovellus on suunniteltu n\u00e4k\u00f6- ja kuulovammaisille, sokeille, heid\u00e4n verkostoilleen ja ammattilaisille, jotka haluavat k\u00e4ytt\u00e4\u00e4 signaaleja.","breadcrumb":{"@id":"https:\/\/www.eikholt.no\/haptics-pocket-edition\/#breadcrumb"},"inLanguage":"fi","potentialAction":[{"@type":"ReadAction","target":["https:\/\/www.eikholt.no\/haptics-pocket-edition\/"]}]},{"@type":"ImageObject","inLanguage":"fi","@id":"https:\/\/www.eikholt.no\/haptics-pocket-edition\/#primaryimage","url":"https:\/\/www.eikholt.no\/app\/uploads\/2025\/12\/haptics_icon.png","contentUrl":"https:\/\/www.eikholt.no\/app\/uploads\/2025\/12\/haptics_icon.png","width":1920,"height":1080,"caption":"Ikon av en persons rygg, med en h\u00e5nd som utf\u00f8rer tegn p\u00e5 ryggen"},{"@type":"BreadcrumbList","@id":"https:\/\/www.eikholt.no\/haptics-pocket-edition\/#breadcrumb","itemListElement":[{"@type":"ListItem","position":1,"name":"Forside","item":"https:\/\/www.eikholt.no\/"},{"@type":"ListItem","position":2,"name":"Haptics: Pocket Edition"}]},{"@type":"WebSite","@id":"https:\/\/www.eikholt.no\/#website","url":"https:\/\/www.eikholt.no\/","name":"Eikholt","description":"","publisher":{"@id":"https:\/\/www.eikholt.no\/#organization"},"potentialAction":[{"@type":"SearchAction","target":{"@type":"EntryPoint","urlTemplate":"https:\/\/www.eikholt.no\/?s={search_term_string}"},"query-input":{"@type":"PropertyValueSpecification","valueRequired":true,"valueName":"search_term_string"}}],"inLanguage":"fi"},{"@type":"Organization","@id":"https:\/\/www.eikholt.no\/#organization","name":"Eikholt","url":"https:\/\/www.eikholt.no\/","logo":{"@type":"ImageObject","inLanguage":"fi","@id":"https:\/\/www.eikholt.no\/#\/schema\/logo\/image\/","url":"https:\/\/www.eikholt.no\/app\/uploads\/2024\/04\/cropped-Logo-Eikholt-ny.jpg","contentUrl":"https:\/\/www.eikholt.no\/app\/uploads\/2024\/04\/cropped-Logo-Eikholt-ny.jpg","width":419,"height":209,"caption":"Eikholt"},"image":{"@id":"https:\/\/www.eikholt.no\/#\/schema\/logo\/image\/"},"sameAs":["https:\/\/www.facebook.com\/eikholt.kompetansesenter"]}]}},"_links":{"self":[{"href":"https:\/\/www.eikholt.no\/fi\/wp-json\/wp\/v2\/pages\/5521","targetHints":{"allow":["GET"]}}],"collection":[{"href":"https:\/\/www.eikholt.no\/fi\/wp-json\/wp\/v2\/pages"}],"about":[{"href":"https:\/\/www.eikholt.no\/fi\/wp-json\/wp\/v2\/types\/page"}],"author":[{"embeddable":true,"href":"https:\/\/www.eikholt.no\/fi\/wp-json\/wp\/v2\/users\/8"}],"replies":[{"embeddable":true,"href":"https:\/\/www.eikholt.no\/fi\/wp-json\/wp\/v2\/comments?post=5521"}],"version-history":[{"count":18,"href":"https:\/\/www.eikholt.no\/fi\/wp-json\/wp\/v2\/pages\/5521\/revisions"}],"predecessor-version":[{"id":5572,"href":"https:\/\/www.eikholt.no\/fi\/wp-json\/wp\/v2\/pages\/5521\/revisions\/5572"}],"wp:featuredmedia":[{"embeddable":true,"href":"https:\/\/www.eikholt.no\/fi\/wp-json\/wp\/v2\/media\/5537"}],"wp:attachment":[{"href":"https:\/\/www.eikholt.no\/fi\/wp-json\/wp\/v2\/media?parent=5521"}],"curies":[{"name":"wp","href":"https:\/\/api.w.org\/{rel}","templated":true}]}}