{"id":5655,"date":"2026-03-30T09:34:19","date_gmt":"2026-03-30T09:34:19","guid":{"rendered":"https:\/\/www.eikholt.no\/"},"modified":"2026-03-30T10:40:44","modified_gmt":"2026-03-30T10:40:44","slug":"kursrom-borlaug-3-kuvaus","status":"publish","type":"page","link":"https:\/\/www.eikholt.no\/fi\/kursrom-borlaug-3-kuvaus\/","title":{"rendered":"Kursrom Borlaug 3 - Kuvaus"},"content":{"rendered":"<p>Kokoushuone, jossa on kaksi sis\u00e4\u00e4nk\u00e4ynti-ovea. Ovien v\u00e4liss\u00e4 on kolme s\u00e4leverdi-verhoiltua ikkunaa. Seisot vasemmassa ovessa astuessasi huoneeseen. Kokoushuoneessa on ovaalinmuotoinen p\u00f6yt\u00e4, viisi tuolia kummallakin pitk\u00e4ll\u00e4 sivulla ja yksi kummassakin lyhyess\u00e4 p\u00e4\u00e4dyss\u00e4. Yhteens\u00e4 12 tuolia. P\u00f6yd\u00e4ll\u00e4, l\u00e4hell\u00e4 oikeaa p\u00e4\u00e4ty\u00e4, on kaapeleita n\u00e4ytt\u00f6\u00f6n liitt\u00e4mist\u00e4 varten ja kosketuspaneeli huoneen liitt\u00e4miseksi videoneuvotteluihin.<\/p>\n\n\n\n<p>Kaksi n\u00e4ytt\u00f6\u00e4 videopuheluita varten oikealla lyhyell\u00e4 sein\u00e4ll\u00e4. Kaappi alla ja kaksi kaiutinta lattialla. Yksi kummallakin puolella n\u00e4ytt\u00f6j\u00e4.&nbsp;<\/p>\n\n\n\n<p>Katossa on kamerat taulun oikeassa ja vasemmassa p\u00e4\u00e4ss\u00e4. Kamerat on kytketty p\u00e4\u00e4lle et\u00e4opetusta varten. Suoraan edess\u00e4 on nelj\u00e4 ikkunaa ja vasemmalla korttisein\u00e4ll\u00e4 on yksi ikkuna. Ikkunoiden alla on l\u00e4mmittimet ja pistorasiat. Ikkunoissa on verhot ja s\u00e4lekaihtimet, joita ohjataan kaukos\u00e4\u00e4timell\u00e4.<\/p>\n\n\n\n<p>P\u00f6yt\u00e4 oven takana, noin metrin korkuinen. P\u00f6yd\u00e4ll\u00e4 on pieni kierr\u00e4tysroskakori. P\u00f6yd\u00e4n yl\u00e4puolella roikkuu kello. P\u00f6yd\u00e4st\u00e4 oikealle, py\u00f6r\u00e4llinen valkotaulu.<\/p>\n\n\n\n<p>Koko lattian peitt\u00e4v\u00e4 matto. Huoneessa on hyv\u00e4 akustiikka ja kuulosilmukka. Voidaan varustaa p\u00f6yt\u00e4mikrofoneilla.&nbsp;<\/p>\n\n\n\n<p>Huonetta k\u00e4ytet\u00e4\u00e4n kokouksiin, yksil\u00f6opetukseen ja ryhm\u00e4opetukseen.&nbsp;&nbsp;<\/p>\n\n\n\n<figure class=\"wp-block-image size-large\"><img loading=\"lazy\" decoding=\"async\" width=\"1024\" height=\"1024\" src=\"https:\/\/www.eikholt.no\/app\/uploads\/2024\/06\/Moterom-Borlaug-3-1024x1024.jpg\" alt=\"Kuva: Kursrom Borlaug 3\" class=\"wp-image-3147\" srcset=\"https:\/\/www.eikholt.no\/app\/uploads\/2024\/06\/Moterom-Borlaug-3-1024x1024.jpg 1024w, https:\/\/www.eikholt.no\/app\/uploads\/2024\/06\/Moterom-Borlaug-3-300x300.jpg 300w, https:\/\/www.eikholt.no\/app\/uploads\/2024\/06\/Moterom-Borlaug-3-150x150.jpg 150w, https:\/\/www.eikholt.no\/app\/uploads\/2024\/06\/Moterom-Borlaug-3-768x768.jpg 768w, https:\/\/www.eikholt.no\/app\/uploads\/2024\/06\/Moterom-Borlaug-3-1536x1536.jpg 1536w, https:\/\/www.eikholt.no\/app\/uploads\/2024\/06\/Moterom-Borlaug-3-2048x2048.jpg 2048w, https:\/\/www.eikholt.no\/app\/uploads\/2024\/06\/Moterom-Borlaug-3-24x24.jpg 24w, https:\/\/www.eikholt.no\/app\/uploads\/2024\/06\/Moterom-Borlaug-3-48x48.jpg 48w, https:\/\/www.eikholt.no\/app\/uploads\/2024\/06\/Moterom-Borlaug-3-96x96.jpg 96w\" sizes=\"auto, (max-width: 1024px) 100vw, 1024px\" \/><figcaption class=\"wp-element-caption\">Kuva: Kurssihuone Borlaug 3 otettu vasemmalta lyhyelt\u00e4 sein\u00e4lt\u00e4<\/figcaption><\/figure>\n\n\n\n<figure class=\"wp-block-image size-large\"><img loading=\"lazy\" decoding=\"async\" width=\"768\" height=\"1024\" src=\"https:\/\/www.eikholt.no\/app\/uploads\/2026\/03\/IMG_4317-1-768x1024.jpg\" alt=\"Kuva: Kursrom Borlaug 3\" class=\"wp-image-5954\" srcset=\"https:\/\/www.eikholt.no\/app\/uploads\/2026\/03\/IMG_4317-1-768x1024.jpg 768w, https:\/\/www.eikholt.no\/app\/uploads\/2026\/03\/IMG_4317-1-225x300.jpg 225w, https:\/\/www.eikholt.no\/app\/uploads\/2026\/03\/IMG_4317-1-1152x1536.jpg 1152w, https:\/\/www.eikholt.no\/app\/uploads\/2026\/03\/IMG_4317-1-1536x2048.jpg 1536w, https:\/\/www.eikholt.no\/app\/uploads\/2026\/03\/IMG_4317-1-9x12.jpg 9w, https:\/\/www.eikholt.no\/app\/uploads\/2026\/03\/IMG_4317-1-scaled.jpg 1920w\" sizes=\"auto, (max-width: 768px) 100vw, 768px\" \/><figcaption class=\"wp-element-caption\">Kuva: Kurssihuone Borlaug 3 kuvattuna oikealta lyhyelt\u00e4 sein\u00e4lt\u00e4<\/figcaption><\/figure>\n\n\n\n<h2 class=\"wp-block-heading\">QR-koodi ovella<\/h2>\n\n\n\n<p>Borlaug 3 -oven oikealla puolella on QR-koodi. Kaikki, joilla on matkapuhelin tai tabletti, voivat skannata sen. QR-koodi vie sinut t\u00e4lle sivulle, jossa kuvaus luetaan \u00e4\u00e4neen ja n\u00e4et kuvia huoneesta. \u00c4lyk\u00e4st\u00e4 \u2013 ja helposti saatavilla, eik\u00f6 totta!<\/p>\n\n\n\n<h2 class=\"wp-block-heading\">Kenelle t\u00e4m\u00e4 on tarkoitettu?<\/h2>\n\n\n\n<p>Eikholt on tarkoitettu henkil\u00f6ille, joilla on sek\u00e4 n\u00e4k\u00f6- ett\u00e4 kuulovamma. Yksityiskohtainen huonekuvaus voi olla monille rauhoittava, joillekin v\u00e4ltt\u00e4m\u00e4t\u00f6n ja toisille k\u00e4yt\u00e4nn\u00f6llinen. Meille kyse on esteett\u00f6myydest\u00e4 - kaikkien pit\u00e4isi voida valmistautua ja tiet\u00e4\u00e4, mit\u00e4 odottaa.<\/p>\n\n\n\n<h2 class=\"wp-block-heading\">Onko teill\u00e4 kysytt\u00e4v\u00e4\u00e4?<\/h2>\n\n\n\n<p>Ota yhteytt\u00e4 John Ulrikseniin s\u00e4hk\u00f6postitse: <a href=\"mailto:John.ulriksen@eikholt.no\" target=\"_blank\" rel=\"noreferrer noopener\">John.ulriksen@eikholt.no<\/a><\/p>\n\n\n\n<p><\/p>","protected":false},"excerpt":{"rendered":"<p>M\u00f8terom med to inngangsd\u00f8rer.&nbsp;Mellom d\u00f8rene, tre vinduer med lameller.&nbsp;Du st\u00e5r i&nbsp;venstre&nbsp;d\u00f8r p\u00e5 vei inn i rommet.&nbsp;M\u00f8terommet har&nbsp;et ovalt bord,&nbsp;fem stoler p\u00e5 hver langside og en p\u00e5 hver kortside.&nbsp;I alt 12 stoler.&nbsp;P\u00e5 bordet n\u00e6r h\u00f8yre kortende, kabler for tilkobling til skjerm og et touch-panel for \u00e5 koble rommet til videom\u00f8ter. To skjermer&nbsp;for videosamtaler p\u00e5&nbsp;h\u00f8yre&nbsp;kortvegg.&nbsp;Et skap under&nbsp;og<\/p>","protected":false},"author":8,"featured_media":0,"parent":0,"menu_order":0,"comment_status":"closed","ping_status":"closed","template":"","meta":{"_acf_changed":false,"inline_featured_image":false,"ep_exclude_from_search":false,"footnotes":""},"class_list":["post-5655","page","type-page","status-publish","hentry"],"acf":[],"yoast_head":"<!-- This site is optimized with the Yoast SEO plugin v25.8 - https:\/\/yoast.com\/wordpress\/plugins\/seo\/ -->\n<title>Kursrom Borlaug 3 - Beskrivelse - Eikholt<\/title>\n<meta name=\"description\" content=\"Her finner du en detaljert beskrivelse og bilde av kursrommet som kalles Borlaug 3 p\u00e5 Eikholt. Rombeskrivelsen er slik rommet vanligvis ser ut.\" \/>\n<meta name=\"robots\" content=\"index, follow, max-snippet:-1, max-image-preview:large, max-video-preview:-1\" \/>\n<link rel=\"canonical\" href=\"https:\/\/www.eikholt.no\/fi\/kursrom-borlaug-3-kuvaus\/\" \/>\n<meta property=\"og:locale\" content=\"fi_FI\" \/>\n<meta property=\"og:type\" content=\"article\" \/>\n<meta property=\"og:title\" content=\"Kursrom Borlaug 3 - Beskrivelse - Eikholt\" \/>\n<meta property=\"og:description\" content=\"Her finner du en detaljert beskrivelse og bilde av kursrommet som kalles Borlaug 3 p\u00e5 Eikholt. Rombeskrivelsen er slik rommet vanligvis ser ut.\" \/>\n<meta property=\"og:url\" content=\"https:\/\/www.eikholt.no\/fi\/kursrom-borlaug-3-kuvaus\/\" \/>\n<meta property=\"og:site_name\" content=\"Eikholt\" \/>\n<meta property=\"article:publisher\" content=\"https:\/\/www.facebook.com\/eikholt.kompetansesenter\" \/>\n<meta property=\"article:modified_time\" content=\"2026-03-30T10:40:44+00:00\" \/>\n<meta property=\"og:image\" content=\"https:\/\/www.eikholt.no\/app\/uploads\/2024\/06\/Moterom-Borlaug-3-scaled.jpg\" \/>\n\t<meta property=\"og:image:width\" content=\"2560\" \/>\n\t<meta property=\"og:image:height\" content=\"2560\" \/>\n\t<meta property=\"og:image:type\" content=\"image\/jpeg\" \/>\n<meta name=\"twitter:card\" content=\"summary_large_image\" \/>\n<meta name=\"twitter:label1\" content=\"Est. reading time\" \/>\n\t<meta name=\"twitter:data1\" content=\"2 minutes\" \/>\n<script type=\"application\/ld+json\" class=\"yoast-schema-graph\">{\"@context\":\"https:\/\/schema.org\",\"@graph\":[{\"@type\":\"WebPage\",\"@id\":\"https:\/\/www.eikholt.no\/kursrom-borlaug-3-beskrivelse\/\",\"url\":\"https:\/\/www.eikholt.no\/kursrom-borlaug-3-beskrivelse\/\",\"name\":\"Kursrom Borlaug 3 - Beskrivelse - Eikholt\",\"isPartOf\":{\"@id\":\"https:\/\/www.eikholt.no\/#website\"},\"primaryImageOfPage\":{\"@id\":\"https:\/\/www.eikholt.no\/kursrom-borlaug-3-beskrivelse\/#primaryimage\"},\"image\":{\"@id\":\"https:\/\/www.eikholt.no\/kursrom-borlaug-3-beskrivelse\/#primaryimage\"},\"thumbnailUrl\":\"https:\/\/www.eikholt.no\/app\/uploads\/2024\/06\/Moterom-Borlaug-3-1024x1024.jpg\",\"datePublished\":\"2026-03-30T09:34:19+00:00\",\"dateModified\":\"2026-03-30T10:40:44+00:00\",\"description\":\"Her finner du en detaljert beskrivelse og bilde av kursrommet som kalles Borlaug 3 p\u00e5 Eikholt. Rombeskrivelsen er slik rommet vanligvis ser ut.\",\"breadcrumb\":{\"@id\":\"https:\/\/www.eikholt.no\/kursrom-borlaug-3-beskrivelse\/#breadcrumb\"},\"inLanguage\":\"fi\",\"potentialAction\":[{\"@type\":\"ReadAction\",\"target\":[\"https:\/\/www.eikholt.no\/kursrom-borlaug-3-beskrivelse\/\"]}]},{\"@type\":\"ImageObject\",\"inLanguage\":\"fi\",\"@id\":\"https:\/\/www.eikholt.no\/kursrom-borlaug-3-beskrivelse\/#primaryimage\",\"url\":\"https:\/\/www.eikholt.no\/app\/uploads\/2024\/06\/Moterom-Borlaug-3-1024x1024.jpg\",\"contentUrl\":\"https:\/\/www.eikholt.no\/app\/uploads\/2024\/06\/Moterom-Borlaug-3-1024x1024.jpg\"},{\"@type\":\"BreadcrumbList\",\"@id\":\"https:\/\/www.eikholt.no\/kursrom-borlaug-3-beskrivelse\/#breadcrumb\",\"itemListElement\":[{\"@type\":\"ListItem\",\"position\":1,\"name\":\"Forside\",\"item\":\"https:\/\/www.eikholt.no\/\"},{\"@type\":\"ListItem\",\"position\":2,\"name\":\"Kursrom Borlaug 3 &#8211; Beskrivelse\"}]},{\"@type\":\"WebSite\",\"@id\":\"https:\/\/www.eikholt.no\/#website\",\"url\":\"https:\/\/www.eikholt.no\/\",\"name\":\"Eikholt\",\"description\":\"\",\"publisher\":{\"@id\":\"https:\/\/www.eikholt.no\/#organization\"},\"potentialAction\":[{\"@type\":\"SearchAction\",\"target\":{\"@type\":\"EntryPoint\",\"urlTemplate\":\"https:\/\/www.eikholt.no\/?s={search_term_string}\"},\"query-input\":{\"@type\":\"PropertyValueSpecification\",\"valueRequired\":true,\"valueName\":\"search_term_string\"}}],\"inLanguage\":\"fi\"},{\"@type\":\"Organization\",\"@id\":\"https:\/\/www.eikholt.no\/#organization\",\"name\":\"Eikholt\",\"url\":\"https:\/\/www.eikholt.no\/\",\"logo\":{\"@type\":\"ImageObject\",\"inLanguage\":\"fi\",\"@id\":\"https:\/\/www.eikholt.no\/#\/schema\/logo\/image\/\",\"url\":\"https:\/\/www.eikholt.no\/app\/uploads\/2024\/04\/cropped-Logo-Eikholt-ny.jpg\",\"contentUrl\":\"https:\/\/www.eikholt.no\/app\/uploads\/2024\/04\/cropped-Logo-Eikholt-ny.jpg\",\"width\":419,\"height\":209,\"caption\":\"Eikholt\"},\"image\":{\"@id\":\"https:\/\/www.eikholt.no\/#\/schema\/logo\/image\/\"},\"sameAs\":[\"https:\/\/www.facebook.com\/eikholt.kompetansesenter\"]}]}<\/script>\n<!-- \/ Yoast SEO plugin. -->","yoast_head_json":{"title":"Kursrom Borlaug 3 - Kuvaus - Eikholt","description":"T\u00e4\u00e4lt\u00e4 l\u00f6yd\u00e4t yksityiskohtaisen kuvauksen ja kuvan Eikholt:n Borlaug 3 -kurssisalista. Huonekuvaus kertoo, milt\u00e4 huone yleens\u00e4 n\u00e4ytt\u00e4\u00e4.","robots":{"index":"index","follow":"follow","max-snippet":"max-snippet:-1","max-image-preview":"max-image-preview:large","max-video-preview":"max-video-preview:-1"},"canonical":"https:\/\/www.eikholt.no\/fi\/kursrom-borlaug-3-kuvaus\/","og_locale":"fi_FI","og_type":"article","og_title":"Kursrom Borlaug 3 - Beskrivelse - Eikholt","og_description":"Her finner du en detaljert beskrivelse og bilde av kursrommet som kalles Borlaug 3 p\u00e5 Eikholt. Rombeskrivelsen er slik rommet vanligvis ser ut.","og_url":"https:\/\/www.eikholt.no\/fi\/kursrom-borlaug-3-kuvaus\/","og_site_name":"Eikholt","article_publisher":"https:\/\/www.facebook.com\/eikholt.kompetansesenter","article_modified_time":"2026-03-30T10:40:44+00:00","og_image":[{"width":2560,"height":2560,"url":"https:\/\/www.eikholt.no\/app\/uploads\/2024\/06\/Moterom-Borlaug-3-scaled.jpg","type":"image\/jpeg"}],"twitter_card":"summary_large_image","twitter_misc":{"Est. reading time":"2 minutes"},"schema":{"@context":"https:\/\/schema.org","@graph":[{"@type":"WebPage","@id":"https:\/\/www.eikholt.no\/kursrom-borlaug-3-beskrivelse\/","url":"https:\/\/www.eikholt.no\/kursrom-borlaug-3-beskrivelse\/","name":"Kursrom Borlaug 3 - Kuvaus - Eikholt","isPartOf":{"@id":"https:\/\/www.eikholt.no\/#website"},"primaryImageOfPage":{"@id":"https:\/\/www.eikholt.no\/kursrom-borlaug-3-beskrivelse\/#primaryimage"},"image":{"@id":"https:\/\/www.eikholt.no\/kursrom-borlaug-3-beskrivelse\/#primaryimage"},"thumbnailUrl":"https:\/\/www.eikholt.no\/app\/uploads\/2024\/06\/Moterom-Borlaug-3-1024x1024.jpg","datePublished":"2026-03-30T09:34:19+00:00","dateModified":"2026-03-30T10:40:44+00:00","description":"T\u00e4\u00e4lt\u00e4 l\u00f6yd\u00e4t yksityiskohtaisen kuvauksen ja kuvan Eikholt:n Borlaug 3 -kurssisalista. Huonekuvaus kertoo, milt\u00e4 huone yleens\u00e4 n\u00e4ytt\u00e4\u00e4.","breadcrumb":{"@id":"https:\/\/www.eikholt.no\/kursrom-borlaug-3-beskrivelse\/#breadcrumb"},"inLanguage":"fi","potentialAction":[{"@type":"ReadAction","target":["https:\/\/www.eikholt.no\/kursrom-borlaug-3-beskrivelse\/"]}]},{"@type":"ImageObject","inLanguage":"fi","@id":"https:\/\/www.eikholt.no\/kursrom-borlaug-3-beskrivelse\/#primaryimage","url":"https:\/\/www.eikholt.no\/app\/uploads\/2024\/06\/Moterom-Borlaug-3-1024x1024.jpg","contentUrl":"https:\/\/www.eikholt.no\/app\/uploads\/2024\/06\/Moterom-Borlaug-3-1024x1024.jpg"},{"@type":"BreadcrumbList","@id":"https:\/\/www.eikholt.no\/kursrom-borlaug-3-beskrivelse\/#breadcrumb","itemListElement":[{"@type":"ListItem","position":1,"name":"Forside","item":"https:\/\/www.eikholt.no\/"},{"@type":"ListItem","position":2,"name":"Kursrom Borlaug 3 &#8211; Beskrivelse"}]},{"@type":"WebSite","@id":"https:\/\/www.eikholt.no\/#website","url":"https:\/\/www.eikholt.no\/","name":"Eikholt","description":"","publisher":{"@id":"https:\/\/www.eikholt.no\/#organization"},"potentialAction":[{"@type":"SearchAction","target":{"@type":"EntryPoint","urlTemplate":"https:\/\/www.eikholt.no\/?s={search_term_string}"},"query-input":{"@type":"PropertyValueSpecification","valueRequired":true,"valueName":"search_term_string"}}],"inLanguage":"fi"},{"@type":"Organization","@id":"https:\/\/www.eikholt.no\/#organization","name":"Eikholt","url":"https:\/\/www.eikholt.no\/","logo":{"@type":"ImageObject","inLanguage":"fi","@id":"https:\/\/www.eikholt.no\/#\/schema\/logo\/image\/","url":"https:\/\/www.eikholt.no\/app\/uploads\/2024\/04\/cropped-Logo-Eikholt-ny.jpg","contentUrl":"https:\/\/www.eikholt.no\/app\/uploads\/2024\/04\/cropped-Logo-Eikholt-ny.jpg","width":419,"height":209,"caption":"Eikholt"},"image":{"@id":"https:\/\/www.eikholt.no\/#\/schema\/logo\/image\/"},"sameAs":["https:\/\/www.facebook.com\/eikholt.kompetansesenter"]}]}},"_links":{"self":[{"href":"https:\/\/www.eikholt.no\/fi\/wp-json\/wp\/v2\/pages\/5655","targetHints":{"allow":["GET"]}}],"collection":[{"href":"https:\/\/www.eikholt.no\/fi\/wp-json\/wp\/v2\/pages"}],"about":[{"href":"https:\/\/www.eikholt.no\/fi\/wp-json\/wp\/v2\/types\/page"}],"author":[{"embeddable":true,"href":"https:\/\/www.eikholt.no\/fi\/wp-json\/wp\/v2\/users\/8"}],"replies":[{"embeddable":true,"href":"https:\/\/www.eikholt.no\/fi\/wp-json\/wp\/v2\/comments?post=5655"}],"version-history":[{"count":28,"href":"https:\/\/www.eikholt.no\/fi\/wp-json\/wp\/v2\/pages\/5655\/revisions"}],"predecessor-version":[{"id":5981,"href":"https:\/\/www.eikholt.no\/fi\/wp-json\/wp\/v2\/pages\/5655\/revisions\/5981"}],"wp:attachment":[{"href":"https:\/\/www.eikholt.no\/fi\/wp-json\/wp\/v2\/media?parent=5655"}],"curies":[{"name":"wp","href":"https:\/\/api.w.org\/{rel}","templated":true}]}}