{"id":5774,"date":"2026-02-16T12:34:20","date_gmt":"2026-02-16T12:34:20","guid":{"rendered":"https:\/\/www.eikholt.no\/?page_id=5774"},"modified":"2026-02-16T12:34:20","modified_gmt":"2026-02-16T12:34:20","slug":"sopeutumisvalmennuskurssit-kuurosokeille-henkiloille","status":"publish","type":"page","link":"https:\/\/www.eikholt.no\/fi\/sopeutumisvalmennuskurssit-kuurosokeille-henkiloille\/","title":{"rendered":"R\u00e4\u00e4t\u00e4l\u00f6intikurssit kuurosokeille henkil\u00f6ille"},"content":{"rendered":"<p>Kuurosokeille suunnatut sopeutumisvalmennuskurssit ovat t\u00e4rke\u00e4 voimavara, jonka avulla voidaan vahvistaa kuurosokeiden kyky\u00e4 selviyty\u00e4 arjessa ja ty\u00f6el\u00e4m\u00e4ss\u00e4. Norjassa kuurosokeilla on oikeus t\u00e4llaisiin kursseihin kansallisen vakuutuslain 10-7 \u00a7:n nojalla. Oikeus voi koskea my\u00f6s l\u00e4heisi\u00e4\/l\u00e4heisi\u00e4.<\/p>\n\n\n\n<p>R\u00e4\u00e4t\u00e4l\u00f6intikursseja voidaan j\u00e4rjest\u00e4\u00e4 sek\u00e4 ryhm\u00e4- ett\u00e4 yksil\u00f6kursseina. Kurssit voidaan j\u00e4rjest\u00e4\u00e4 Eikholt:ss\u00e4, joka on valtakunnallisesti vastuussa r\u00e4\u00e4t\u00e4l\u00f6intikursseista, k\u00e4ytt\u00e4j\u00e4n kotona, ty\u00f6paikalla tai opiskelupaikassa. R\u00e4\u00e4t\u00e4l\u00f6intikursseja j\u00e4rjestet\u00e4\u00e4n lapsille, nuorille, aikuisille ja vanhuksille elinik\u00e4isen oppimisen n\u00e4k\u00f6kulmasta.<\/p>\n\n\n\n<h2 class=\"wp-block-heading\">Kuka voi hy\u00f6ty\u00e4 r\u00e4\u00e4t\u00e4l\u00f6intikursseista?<\/h2>\n\n\n\n<h3 class=\"wp-block-heading\">Kuurosokeuden m\u00e4\u00e4ritelm\u00e4<\/h3>\n\n\n\n<p>Kuurosokeuden pohjoismainen m\u00e4\u00e4ritelm\u00e4 m\u00e4\u00e4ritt\u00e4\u00e4, kuka voi osallistua sopeutumisvalmennuskursseille. Kuurosokeus m\u00e4\u00e4ritell\u00e4\u00e4n seuraavasti: <\/p>\n\n\n\n<p><strong>\"yhdistetty n\u00e4k\u00f6- ja kuulovamma, joka on niin vakava, ett\u00e4 heikentyneet aistit pystyv\u00e4t h\u00e4din tuskin kompensoimaan toisiaan\". T\u00e4m\u00e4 tekee kuurosokeudesta erillisen vamman.\"<\/strong><\/p>\n\n\n\n<p>Lue lis\u00e4\u00e4 kuurosokeudesta t\u00e4\u00e4lt\u00e4: <a href=\"https:\/\/www.eikholt.no\/fi\/tietoholvi\/kuurosokeuden-maaritelma\/\"><strong>Kuurosokeus, pohjoismainen m\u00e4\u00e4ritelm\u00e4<\/strong><\/a><\/p>\n\n\n\n<p>Lue sopeutumiskursseista NAVin verkkosivuilta: <a href=\"https:\/\/www.nav.no\/tilpasningskurs\"><strong>Sopeutumiskurssi - nav.no<\/strong><\/a><\/p>\n\n\n\n<h2 class=\"wp-block-heading\">Ota meihin yhteytt\u00e4!<\/h2>\n\n\n\n<p>Jos olet ep\u00e4varma siit\u00e4, voitko hy\u00f6dynt\u00e4\u00e4 Eikholt:n sopeutumisvalmennuskursseja, olemme matalan kynnyksen resurssikeskus. Et tarvitse l\u00e4hetteen ottaaksesi meihin yhteytt\u00e4. <\/p>\n\n\n\n<p>L\u00e4het\u00e4 s\u00e4hk\u00f6postia johtavalle neuvonantajalle ja sosiaality\u00f6ntekij\u00e4lle.\u00a0<strong><a href=\"mailto:victoria.falen@eikholt.no\">victoria.falen@eikholt.no<\/a> <\/strong>tai ota yhteytt\u00e4 puhelinvaihteeseemme: <a href=\"https:\/\/www.eikholt.no\/fi\/ota-yhteytta\/\"><strong>Ota yhteytt\u00e4 - Eikholt<\/strong><\/a>.<\/p>\n\n\n\n<p>Selvit\u00e4mme yhdess\u00e4, onko Eikholt oikea paikka sinulle!<\/p>\n\n\n\n<p><\/p>\n\n\n\n<p><\/p>\n\n\n\n<p><\/p>","protected":false},"excerpt":{"rendered":"<p>Tilpasningskurs for personer med d\u00f8vblindhet er en viktig ressurs for \u00e5 styrke evnen til \u00e5 klare seg i dagliglivet og arbeidslivet. I Norge har personer med d\u00f8vblindhet rett til slike kurs etter Lov om Folketrygd, \u00a7 10-7. Rettigheten kan ogs\u00e5 omfatte n\u00e6rpersoner\/p\u00e5r\u00f8rende. Tilpasningskursene kan gis b\u00e5de som gruppekurs og individuelle kurs. Kursene kan holdes p\u00e5<\/p>","protected":false},"author":8,"featured_media":5776,"parent":0,"menu_order":0,"comment_status":"closed","ping_status":"closed","template":"","meta":{"_acf_changed":false,"inline_featured_image":false,"ep_exclude_from_search":false,"footnotes":""},"class_list":["post-5774","page","type-page","status-publish","has-post-thumbnail","hentry"],"acf":[],"yoast_head":"<!-- This site is optimized with the Yoast SEO plugin v25.8 - https:\/\/yoast.com\/wordpress\/plugins\/seo\/ -->\n<title>Tilpasningskurs for personer med d\u00f8vblindhet - Eikholt<\/title>\n<meta name=\"description\" content=\"Eikholt leverer tilpasningskurs i hele landet til personer med d\u00f8vblindhet, en rettighet etter Lov om Folketrygd, \u00a7 10-7. Les om rettigheten og ta kontakt med oss.\" \/>\n<meta name=\"robots\" content=\"index, follow, max-snippet:-1, max-image-preview:large, max-video-preview:-1\" \/>\n<link rel=\"canonical\" href=\"https:\/\/www.eikholt.no\/fi\/sopeutumisvalmennuskurssit-kuurosokeille-henkiloille\/\" \/>\n<meta property=\"og:locale\" content=\"fi_FI\" \/>\n<meta property=\"og:type\" content=\"article\" \/>\n<meta property=\"og:title\" content=\"Tilpasningskurs for personer med d\u00f8vblindhet - Eikholt\" \/>\n<meta property=\"og:description\" content=\"Eikholt leverer tilpasningskurs i hele landet til personer med d\u00f8vblindhet, en rettighet etter Lov om Folketrygd, \u00a7 10-7. Les om rettigheten og ta kontakt med oss.\" \/>\n<meta property=\"og:url\" content=\"https:\/\/www.eikholt.no\/fi\/sopeutumisvalmennuskurssit-kuurosokeille-henkiloille\/\" \/>\n<meta property=\"og:site_name\" content=\"Eikholt\" \/>\n<meta property=\"article:publisher\" content=\"https:\/\/www.facebook.com\/eikholt.kompetansesenter\" \/>\n<meta property=\"og:image\" content=\"https:\/\/www.eikholt.no\/app\/uploads\/2026\/02\/Utendors-horselsvurdering-1024x681.jpg\" \/>\n\t<meta property=\"og:image:width\" content=\"1024\" \/>\n\t<meta property=\"og:image:height\" content=\"681\" \/>\n\t<meta property=\"og:image:type\" content=\"image\/jpeg\" \/>\n<meta name=\"twitter:card\" content=\"summary_large_image\" \/>\n<meta name=\"twitter:label1\" content=\"Est. reading time\" \/>\n\t<meta name=\"twitter:data1\" content=\"2 minutes\" \/>\n<script type=\"application\/ld+json\" class=\"yoast-schema-graph\">{\"@context\":\"https:\/\/schema.org\",\"@graph\":[{\"@type\":\"WebPage\",\"@id\":\"https:\/\/www.eikholt.no\/tilpasningskurs-for-personer-med-dovblindhet\/\",\"url\":\"https:\/\/www.eikholt.no\/tilpasningskurs-for-personer-med-dovblindhet\/\",\"name\":\"Tilpasningskurs for personer med d\u00f8vblindhet - Eikholt\",\"isPartOf\":{\"@id\":\"https:\/\/www.eikholt.no\/#website\"},\"primaryImageOfPage\":{\"@id\":\"https:\/\/www.eikholt.no\/tilpasningskurs-for-personer-med-dovblindhet\/#primaryimage\"},\"image\":{\"@id\":\"https:\/\/www.eikholt.no\/tilpasningskurs-for-personer-med-dovblindhet\/#primaryimage\"},\"thumbnailUrl\":\"https:\/\/www.eikholt.no\/app\/uploads\/2026\/02\/Utendors-horselsvurdering.jpg\",\"datePublished\":\"2026-02-16T12:34:20+00:00\",\"description\":\"Eikholt leverer tilpasningskurs i hele landet til personer med d\u00f8vblindhet, en rettighet etter Lov om Folketrygd, \u00a7 10-7. Les om rettigheten og ta kontakt med oss.\",\"breadcrumb\":{\"@id\":\"https:\/\/www.eikholt.no\/tilpasningskurs-for-personer-med-dovblindhet\/#breadcrumb\"},\"inLanguage\":\"fi\",\"potentialAction\":[{\"@type\":\"ReadAction\",\"target\":[\"https:\/\/www.eikholt.no\/tilpasningskurs-for-personer-med-dovblindhet\/\"]}]},{\"@type\":\"ImageObject\",\"inLanguage\":\"fi\",\"@id\":\"https:\/\/www.eikholt.no\/tilpasningskurs-for-personer-med-dovblindhet\/#primaryimage\",\"url\":\"https:\/\/www.eikholt.no\/app\/uploads\/2026\/02\/Utendors-horselsvurdering.jpg\",\"contentUrl\":\"https:\/\/www.eikholt.no\/app\/uploads\/2026\/02\/Utendors-horselsvurdering.jpg\",\"width\":2400,\"height\":1597,\"caption\":\"To personer st\u00e5r ute p\u00e5 en bro. En person har p\u00e5 en rogerpenn, den andre personen hatt briller og h\u00f8rapparat.\"},{\"@type\":\"BreadcrumbList\",\"@id\":\"https:\/\/www.eikholt.no\/tilpasningskurs-for-personer-med-dovblindhet\/#breadcrumb\",\"itemListElement\":[{\"@type\":\"ListItem\",\"position\":1,\"name\":\"Forside\",\"item\":\"https:\/\/www.eikholt.no\/\"},{\"@type\":\"ListItem\",\"position\":2,\"name\":\"Tilpasningskurs for personer med d\u00f8vblindhet\"}]},{\"@type\":\"WebSite\",\"@id\":\"https:\/\/www.eikholt.no\/#website\",\"url\":\"https:\/\/www.eikholt.no\/\",\"name\":\"Eikholt\",\"description\":\"\",\"publisher\":{\"@id\":\"https:\/\/www.eikholt.no\/#organization\"},\"potentialAction\":[{\"@type\":\"SearchAction\",\"target\":{\"@type\":\"EntryPoint\",\"urlTemplate\":\"https:\/\/www.eikholt.no\/?s={search_term_string}\"},\"query-input\":{\"@type\":\"PropertyValueSpecification\",\"valueRequired\":true,\"valueName\":\"search_term_string\"}}],\"inLanguage\":\"fi\"},{\"@type\":\"Organization\",\"@id\":\"https:\/\/www.eikholt.no\/#organization\",\"name\":\"Eikholt\",\"url\":\"https:\/\/www.eikholt.no\/\",\"logo\":{\"@type\":\"ImageObject\",\"inLanguage\":\"fi\",\"@id\":\"https:\/\/www.eikholt.no\/#\/schema\/logo\/image\/\",\"url\":\"https:\/\/www.eikholt.no\/app\/uploads\/2024\/04\/cropped-Logo-Eikholt-ny.jpg\",\"contentUrl\":\"https:\/\/www.eikholt.no\/app\/uploads\/2024\/04\/cropped-Logo-Eikholt-ny.jpg\",\"width\":419,\"height\":209,\"caption\":\"Eikholt\"},\"image\":{\"@id\":\"https:\/\/www.eikholt.no\/#\/schema\/logo\/image\/\"},\"sameAs\":[\"https:\/\/www.facebook.com\/eikholt.kompetansesenter\"]}]}<\/script>\n<!-- \/ Yoast SEO plugin. -->","yoast_head_json":{"title":"Sopeutumiskurssi kuurosokeille - Eikholt","description":"Eikholt j\u00e4rjest\u00e4\u00e4 sopeutumisvalmennuskursseja eri puolilla maata kuurosokeille henkil\u00f6ille, joilla on Kansanvakuutuslain 10-7 \u00a7:n mukainen oikeus. Lue oikeudesta ja ota meihin yhteytt\u00e4.","robots":{"index":"index","follow":"follow","max-snippet":"max-snippet:-1","max-image-preview":"max-image-preview:large","max-video-preview":"max-video-preview:-1"},"canonical":"https:\/\/www.eikholt.no\/fi\/sopeutumisvalmennuskurssit-kuurosokeille-henkiloille\/","og_locale":"fi_FI","og_type":"article","og_title":"Tilpasningskurs for personer med d\u00f8vblindhet - Eikholt","og_description":"Eikholt leverer tilpasningskurs i hele landet til personer med d\u00f8vblindhet, en rettighet etter Lov om Folketrygd, \u00a7 10-7. Les om rettigheten og ta kontakt med oss.","og_url":"https:\/\/www.eikholt.no\/fi\/sopeutumisvalmennuskurssit-kuurosokeille-henkiloille\/","og_site_name":"Eikholt","article_publisher":"https:\/\/www.facebook.com\/eikholt.kompetansesenter","og_image":[{"width":1024,"height":681,"url":"https:\/\/www.eikholt.no\/app\/uploads\/2026\/02\/Utendors-horselsvurdering-1024x681.jpg","type":"image\/jpeg"}],"twitter_card":"summary_large_image","twitter_misc":{"Est. reading time":"2 minutes"},"schema":{"@context":"https:\/\/schema.org","@graph":[{"@type":"WebPage","@id":"https:\/\/www.eikholt.no\/tilpasningskurs-for-personer-med-dovblindhet\/","url":"https:\/\/www.eikholt.no\/tilpasningskurs-for-personer-med-dovblindhet\/","name":"Sopeutumiskurssi kuurosokeille - Eikholt","isPartOf":{"@id":"https:\/\/www.eikholt.no\/#website"},"primaryImageOfPage":{"@id":"https:\/\/www.eikholt.no\/tilpasningskurs-for-personer-med-dovblindhet\/#primaryimage"},"image":{"@id":"https:\/\/www.eikholt.no\/tilpasningskurs-for-personer-med-dovblindhet\/#primaryimage"},"thumbnailUrl":"https:\/\/www.eikholt.no\/app\/uploads\/2026\/02\/Utendors-horselsvurdering.jpg","datePublished":"2026-02-16T12:34:20+00:00","description":"Eikholt j\u00e4rjest\u00e4\u00e4 sopeutumisvalmennuskursseja eri puolilla maata kuurosokeille henkil\u00f6ille, joilla on Kansanvakuutuslain 10-7 \u00a7:n mukainen oikeus. Lue oikeudesta ja ota meihin yhteytt\u00e4.","breadcrumb":{"@id":"https:\/\/www.eikholt.no\/tilpasningskurs-for-personer-med-dovblindhet\/#breadcrumb"},"inLanguage":"fi","potentialAction":[{"@type":"ReadAction","target":["https:\/\/www.eikholt.no\/tilpasningskurs-for-personer-med-dovblindhet\/"]}]},{"@type":"ImageObject","inLanguage":"fi","@id":"https:\/\/www.eikholt.no\/tilpasningskurs-for-personer-med-dovblindhet\/#primaryimage","url":"https:\/\/www.eikholt.no\/app\/uploads\/2026\/02\/Utendors-horselsvurdering.jpg","contentUrl":"https:\/\/www.eikholt.no\/app\/uploads\/2026\/02\/Utendors-horselsvurdering.jpg","width":2400,"height":1597,"caption":"To personer st\u00e5r ute p\u00e5 en bro. En person har p\u00e5 en rogerpenn, den andre personen hatt briller og h\u00f8rapparat."},{"@type":"BreadcrumbList","@id":"https:\/\/www.eikholt.no\/tilpasningskurs-for-personer-med-dovblindhet\/#breadcrumb","itemListElement":[{"@type":"ListItem","position":1,"name":"Forside","item":"https:\/\/www.eikholt.no\/"},{"@type":"ListItem","position":2,"name":"Tilpasningskurs for personer med d\u00f8vblindhet"}]},{"@type":"WebSite","@id":"https:\/\/www.eikholt.no\/#website","url":"https:\/\/www.eikholt.no\/","name":"Eikholt","description":"","publisher":{"@id":"https:\/\/www.eikholt.no\/#organization"},"potentialAction":[{"@type":"SearchAction","target":{"@type":"EntryPoint","urlTemplate":"https:\/\/www.eikholt.no\/?s={search_term_string}"},"query-input":{"@type":"PropertyValueSpecification","valueRequired":true,"valueName":"search_term_string"}}],"inLanguage":"fi"},{"@type":"Organization","@id":"https:\/\/www.eikholt.no\/#organization","name":"Eikholt","url":"https:\/\/www.eikholt.no\/","logo":{"@type":"ImageObject","inLanguage":"fi","@id":"https:\/\/www.eikholt.no\/#\/schema\/logo\/image\/","url":"https:\/\/www.eikholt.no\/app\/uploads\/2024\/04\/cropped-Logo-Eikholt-ny.jpg","contentUrl":"https:\/\/www.eikholt.no\/app\/uploads\/2024\/04\/cropped-Logo-Eikholt-ny.jpg","width":419,"height":209,"caption":"Eikholt"},"image":{"@id":"https:\/\/www.eikholt.no\/#\/schema\/logo\/image\/"},"sameAs":["https:\/\/www.facebook.com\/eikholt.kompetansesenter"]}]}},"_links":{"self":[{"href":"https:\/\/www.eikholt.no\/fi\/wp-json\/wp\/v2\/pages\/5774","targetHints":{"allow":["GET"]}}],"collection":[{"href":"https:\/\/www.eikholt.no\/fi\/wp-json\/wp\/v2\/pages"}],"about":[{"href":"https:\/\/www.eikholt.no\/fi\/wp-json\/wp\/v2\/types\/page"}],"author":[{"embeddable":true,"href":"https:\/\/www.eikholt.no\/fi\/wp-json\/wp\/v2\/users\/8"}],"replies":[{"embeddable":true,"href":"https:\/\/www.eikholt.no\/fi\/wp-json\/wp\/v2\/comments?post=5774"}],"version-history":[{"count":9,"href":"https:\/\/www.eikholt.no\/fi\/wp-json\/wp\/v2\/pages\/5774\/revisions"}],"predecessor-version":[{"id":5785,"href":"https:\/\/www.eikholt.no\/fi\/wp-json\/wp\/v2\/pages\/5774\/revisions\/5785"}],"wp:featuredmedia":[{"embeddable":true,"href":"https:\/\/www.eikholt.no\/fi\/wp-json\/wp\/v2\/media\/5776"}],"wp:attachment":[{"href":"https:\/\/www.eikholt.no\/fi\/wp-json\/wp\/v2\/media?parent=5774"}],"curies":[{"name":"wp","href":"https:\/\/api.w.org\/{rel}","templated":true}]}}