{"id":682,"date":"2023-06-21T10:02:33","date_gmt":"2023-06-21T10:02:33","guid":{"rendered":"https:\/\/www.eikholt.no\/?page_id=682"},"modified":"2025-06-25T12:15:10","modified_gmt":"2025-06-25T12:15:10","slug":"tietoa-meista","status":"publish","type":"page","link":"https:\/\/www.eikholt.no\/fi\/tietoa-meista\/","title":{"rendered":"Tietoa meist\u00e4"},"content":{"rendered":"<div class=\"wp-block-sail-video-modal\"><button class=\"--modal-button\"><img decoding=\"async\" src=\"\/app\/themes\/eikholt\/public\/images\/wave.338e86.svg\" alt=\"p\u00e4\u00e4tykuvake\"\/>Video viittomakielell\u00e4<\/button><div class=\"--modal --hidden\" role=\"dialog\" aria-label=\"vuoropuhelu\" aria-modal=\"true\"><div class=\"--modal-content\"><video id=\"modalVideo\" controls src=\"https:\/\/www.eikholt.no\/app\/uploads\/2023\/06\/Om_oss_optimalisert-2.mp4\"><\/video><button class=\"--close-modal-button\" aria-label=\"suljettu\"><img decoding=\"async\" src=\"\/app\/themes\/eikholt\/public\/images\/close.dbfa19.svg\" alt=\"sulkemiskuvake\"\/><\/button><\/div><\/div><\/div>\n\n\n\n<p>Meill\u00e4 on laaja kokemus ty\u00f6skentelyst\u00e4 sellaisten ihmisten kanssa, joilla on sek\u00e4 n\u00e4k\u00f6- ett\u00e4 kuulovamma, ja tied\u00e4mme, ett\u00e4 t\u00e4m\u00e4 voi asettaa k\u00e4ytt\u00e4jille suuria haasteita. Siksi teemme tiivist\u00e4 yhteisty\u00f6t\u00e4 k\u00e4ytt\u00e4jien ja heid\u00e4n huoltajiensa kanssa, jotta jokap\u00e4iv\u00e4inen el\u00e4m\u00e4 olisi mahdollisimman mukavaa yhdistetyn n\u00e4k\u00f6- ja kuulovamman kanssa.&nbsp;<\/p>\n\n\n\n<p>Me Eikholt:ss\u00e4 uskomme siihen, ett\u00e4 rajoitusten sijasta on n\u00e4ht\u00e4v\u00e4 mahdollisuudet. Haluamme, ett\u00e4 vieraamme tuntevat olonsa kotoisaksi ja ett\u00e4 heid\u00e4t otetaan mukaan ymp\u00e4rist\u00f6\u00f6n, joka on omistettu heid\u00e4n voimaannuttamiselleen ja heid\u00e4n kyvylleen el\u00e4\u00e4 mielek\u00e4st\u00e4 ja itsen\u00e4ist\u00e4 el\u00e4m\u00e4\u00e4.<\/p>\n\n\n\n<p>Tarjoamme monenlaisia palveluja, kuten habilitointia, kuntoutusta, neuvontaa, kursseja ja koulutusta. Tavoitteenamme on tarjota kaikille asiakkaillemme turvallinen ja v\u00e4litt\u00e4v\u00e4 ilmapiiri, joka auttaa heit\u00e4 kehittym\u00e4\u00e4n ja parantamaan el\u00e4m\u00e4nlaatuaan.&nbsp;<\/p>\n\n\n\n<p>Sen lis\u00e4ksi, ett\u00e4 Eikholt on k\u00e4ytt\u00e4jille tarkoitettu resurssikeskus, se on asiantuntijakeskus, jolla on laaja tiet\u00e4mys n\u00e4k\u00f6- ja kuulovammoista ja kuurosokeudesta. Teemme jatkuvasti ty\u00f6t\u00e4 osaamisen kehitt\u00e4misen, tutkimuksen ja levitt\u00e4misen parissa. Eikholt:ss\u00e4 tunnistamme jokaisessa yksil\u00f6ss\u00e4 olevan potentiaalin, ja jaamme ja kehit\u00e4mme uutta tietoa ja tutkimme uusia mahdollisuuksia.<br><br>Kurssimme ja palvelumme ovat k\u00e4ytt\u00e4jille ja heid\u00e4n hoitajilleen ilmaisia. NAV kattaa my\u00f6s matkakulut ja tarvittaessa avustajan kustannukset.&nbsp;<\/p>\n\n\n\n<p>Annamme mielell\u00e4mme neuvoja, opastusta, opetusta ja luentoja ammatillisiin ymp\u00e4rist\u00f6ihin ja ammatillisiin ohjelmiin eri puolilla maata.&nbsp;<\/p>\n\n\n\n<p>Ota yhteytt\u00e4 jo t\u00e4n\u00e4\u00e4n n\u00e4hd\u00e4ksesi, mit\u00e4 voimme tehd\u00e4 puolestasi.<\/p>\n\n\n\n<p><\/p>","protected":false},"excerpt":{"rendered":"<p>Meill\u00e4 on laaja kokemus ty\u00f6skentelyst\u00e4 sellaisten ihmisten kanssa, joilla on sek\u00e4 n\u00e4k\u00f6- ett\u00e4 kuulovamma, ja tied\u00e4mme, ett\u00e4 t\u00e4m\u00e4 voi asettaa k\u00e4ytt\u00e4jille suuria haasteita. Siksi teemme tiivist\u00e4 yhteisty\u00f6t\u00e4 k\u00e4ytt\u00e4jien ja heid\u00e4n huoltajiensa kanssa, jotta jokap\u00e4iv\u00e4inen el\u00e4m\u00e4 olisi mahdollisimman mukavaa yhdistetyn n\u00e4k\u00f6- ja kuulovamman kanssa.  Me Eikholt:ss\u00e4 uskomme siihen, ett\u00e4 meid\u00e4n on n\u00e4ht\u00e4v\u00e4 mahdollisuudet sen sijaan, ett\u00e4 n\u00e4emme - - - - - - - - - - - - - - - -.<\/p>","protected":false},"author":1,"featured_media":0,"parent":0,"menu_order":0,"comment_status":"closed","ping_status":"closed","template":"templates\/about-us.blade.php","meta":{"_acf_changed":false,"inline_featured_image":false,"ep_exclude_from_search":false,"footnotes":""},"class_list":["post-682","page","type-page","status-publish","hentry"],"acf":[],"yoast_head":"<!-- This site is optimized with the Yoast SEO plugin v25.8 - https:\/\/yoast.com\/wordpress\/plugins\/seo\/ -->\n<title>Om oss - Eikholt<\/title>\n<meta name=\"description\" content=\"Eikholt er et nasjonalt ressurssenter for personer med kombinert syns- og h\u00f8rselsnedsettelse\/d\u00f8vblindhet, og inng\u00e5r i Nasjonal kompetansetjeneste for d\u00f8vblinde.\" \/>\n<meta name=\"robots\" content=\"index, follow, max-snippet:-1, max-image-preview:large, max-video-preview:-1\" \/>\n<link rel=\"canonical\" href=\"https:\/\/www.eikholt.no\/fi\/tietoa-meista\/\" \/>\n<meta property=\"og:locale\" content=\"fi_FI\" \/>\n<meta property=\"og:type\" content=\"article\" \/>\n<meta property=\"og:title\" content=\"Om oss - Eikholt\" \/>\n<meta property=\"og:description\" content=\"Eikholt er et nasjonalt ressurssenter for personer med kombinert syns- og h\u00f8rselsnedsettelse\/d\u00f8vblindhet, og inng\u00e5r i Nasjonal kompetansetjeneste for d\u00f8vblinde.\" \/>\n<meta property=\"og:url\" content=\"https:\/\/www.eikholt.no\/fi\/tietoa-meista\/\" \/>\n<meta property=\"og:site_name\" content=\"Eikholt\" \/>\n<meta property=\"article:publisher\" content=\"https:\/\/www.facebook.com\/eikholt.kompetansesenter\" \/>\n<meta property=\"article:modified_time\" content=\"2025-06-25T12:15:10+00:00\" \/>\n<meta name=\"twitter:card\" content=\"summary_large_image\" \/>\n<meta name=\"twitter:label1\" content=\"Est. reading time\" \/>\n\t<meta name=\"twitter:data1\" content=\"2 minutes\" \/>\n<script type=\"application\/ld+json\" class=\"yoast-schema-graph\">{\"@context\":\"https:\/\/schema.org\",\"@graph\":[{\"@type\":\"WebPage\",\"@id\":\"https:\/\/www.eikholt.no\/om-oss\/\",\"url\":\"https:\/\/www.eikholt.no\/om-oss\/\",\"name\":\"Om oss - Eikholt\",\"isPartOf\":{\"@id\":\"https:\/\/www.eikholt.no\/#website\"},\"datePublished\":\"2023-06-21T10:02:33+00:00\",\"dateModified\":\"2025-06-25T12:15:10+00:00\",\"description\":\"Eikholt er et nasjonalt ressurssenter for personer med kombinert syns- og h\u00f8rselsnedsettelse\/d\u00f8vblindhet, og inng\u00e5r i Nasjonal kompetansetjeneste for d\u00f8vblinde.\",\"breadcrumb\":{\"@id\":\"https:\/\/www.eikholt.no\/om-oss\/#breadcrumb\"},\"inLanguage\":\"fi\",\"potentialAction\":[{\"@type\":\"ReadAction\",\"target\":[\"https:\/\/www.eikholt.no\/om-oss\/\"]}]},{\"@type\":\"BreadcrumbList\",\"@id\":\"https:\/\/www.eikholt.no\/om-oss\/#breadcrumb\",\"itemListElement\":[{\"@type\":\"ListItem\",\"position\":1,\"name\":\"Forside\",\"item\":\"https:\/\/www.eikholt.no\/\"},{\"@type\":\"ListItem\",\"position\":2,\"name\":\"Om oss\"}]},{\"@type\":\"WebSite\",\"@id\":\"https:\/\/www.eikholt.no\/#website\",\"url\":\"https:\/\/www.eikholt.no\/\",\"name\":\"Eikholt\",\"description\":\"\",\"publisher\":{\"@id\":\"https:\/\/www.eikholt.no\/#organization\"},\"potentialAction\":[{\"@type\":\"SearchAction\",\"target\":{\"@type\":\"EntryPoint\",\"urlTemplate\":\"https:\/\/www.eikholt.no\/?s={search_term_string}\"},\"query-input\":{\"@type\":\"PropertyValueSpecification\",\"valueRequired\":true,\"valueName\":\"search_term_string\"}}],\"inLanguage\":\"fi\"},{\"@type\":\"Organization\",\"@id\":\"https:\/\/www.eikholt.no\/#organization\",\"name\":\"Eikholt\",\"url\":\"https:\/\/www.eikholt.no\/\",\"logo\":{\"@type\":\"ImageObject\",\"inLanguage\":\"fi\",\"@id\":\"https:\/\/www.eikholt.no\/#\/schema\/logo\/image\/\",\"url\":\"https:\/\/www.eikholt.no\/app\/uploads\/2024\/04\/cropped-Logo-Eikholt-ny.jpg\",\"contentUrl\":\"https:\/\/www.eikholt.no\/app\/uploads\/2024\/04\/cropped-Logo-Eikholt-ny.jpg\",\"width\":419,\"height\":209,\"caption\":\"Eikholt\"},\"image\":{\"@id\":\"https:\/\/www.eikholt.no\/#\/schema\/logo\/image\/\"},\"sameAs\":[\"https:\/\/www.facebook.com\/eikholt.kompetansesenter\"]}]}<\/script>\n<!-- \/ Yoast SEO plugin. -->","yoast_head_json":{"title":"Tietoa meist\u00e4 - Eikholt","description":"Eikholt on kansallinen resurssikeskus henkil\u00f6ille, joilla on yhdistetty n\u00e4k\u00f6- ja kuulovamma tai kuurosokeus, ja se on osa Norjan kuurosokeuden kansallista neuvontayksikk\u00f6\u00e4.","robots":{"index":"index","follow":"follow","max-snippet":"max-snippet:-1","max-image-preview":"max-image-preview:large","max-video-preview":"max-video-preview:-1"},"canonical":"https:\/\/www.eikholt.no\/fi\/tietoa-meista\/","og_locale":"fi_FI","og_type":"article","og_title":"Om oss - Eikholt","og_description":"Eikholt er et nasjonalt ressurssenter for personer med kombinert syns- og h\u00f8rselsnedsettelse\/d\u00f8vblindhet, og inng\u00e5r i Nasjonal kompetansetjeneste for d\u00f8vblinde.","og_url":"https:\/\/www.eikholt.no\/fi\/tietoa-meista\/","og_site_name":"Eikholt","article_publisher":"https:\/\/www.facebook.com\/eikholt.kompetansesenter","article_modified_time":"2025-06-25T12:15:10+00:00","twitter_card":"summary_large_image","twitter_misc":{"Est. reading time":"2 minutes"},"schema":{"@context":"https:\/\/schema.org","@graph":[{"@type":"WebPage","@id":"https:\/\/www.eikholt.no\/om-oss\/","url":"https:\/\/www.eikholt.no\/om-oss\/","name":"Tietoa meist\u00e4 - Eikholt","isPartOf":{"@id":"https:\/\/www.eikholt.no\/#website"},"datePublished":"2023-06-21T10:02:33+00:00","dateModified":"2025-06-25T12:15:10+00:00","description":"Eikholt on kansallinen resurssikeskus henkil\u00f6ille, joilla on yhdistetty n\u00e4k\u00f6- ja kuulovamma tai kuurosokeus, ja se on osa Norjan kuurosokeuden kansallista neuvontayksikk\u00f6\u00e4.","breadcrumb":{"@id":"https:\/\/www.eikholt.no\/om-oss\/#breadcrumb"},"inLanguage":"fi","potentialAction":[{"@type":"ReadAction","target":["https:\/\/www.eikholt.no\/om-oss\/"]}]},{"@type":"BreadcrumbList","@id":"https:\/\/www.eikholt.no\/om-oss\/#breadcrumb","itemListElement":[{"@type":"ListItem","position":1,"name":"Forside","item":"https:\/\/www.eikholt.no\/"},{"@type":"ListItem","position":2,"name":"Om oss"}]},{"@type":"WebSite","@id":"https:\/\/www.eikholt.no\/#website","url":"https:\/\/www.eikholt.no\/","name":"Eikholt","description":"","publisher":{"@id":"https:\/\/www.eikholt.no\/#organization"},"potentialAction":[{"@type":"SearchAction","target":{"@type":"EntryPoint","urlTemplate":"https:\/\/www.eikholt.no\/?s={search_term_string}"},"query-input":{"@type":"PropertyValueSpecification","valueRequired":true,"valueName":"search_term_string"}}],"inLanguage":"fi"},{"@type":"Organization","@id":"https:\/\/www.eikholt.no\/#organization","name":"Eikholt","url":"https:\/\/www.eikholt.no\/","logo":{"@type":"ImageObject","inLanguage":"fi","@id":"https:\/\/www.eikholt.no\/#\/schema\/logo\/image\/","url":"https:\/\/www.eikholt.no\/app\/uploads\/2024\/04\/cropped-Logo-Eikholt-ny.jpg","contentUrl":"https:\/\/www.eikholt.no\/app\/uploads\/2024\/04\/cropped-Logo-Eikholt-ny.jpg","width":419,"height":209,"caption":"Eikholt"},"image":{"@id":"https:\/\/www.eikholt.no\/#\/schema\/logo\/image\/"},"sameAs":["https:\/\/www.facebook.com\/eikholt.kompetansesenter"]}]}},"_links":{"self":[{"href":"https:\/\/www.eikholt.no\/fi\/wp-json\/wp\/v2\/pages\/682","targetHints":{"allow":["GET"]}}],"collection":[{"href":"https:\/\/www.eikholt.no\/fi\/wp-json\/wp\/v2\/pages"}],"about":[{"href":"https:\/\/www.eikholt.no\/fi\/wp-json\/wp\/v2\/types\/page"}],"author":[{"embeddable":true,"href":"https:\/\/www.eikholt.no\/fi\/wp-json\/wp\/v2\/users\/1"}],"replies":[{"embeddable":true,"href":"https:\/\/www.eikholt.no\/fi\/wp-json\/wp\/v2\/comments?post=682"}],"version-history":[{"count":21,"href":"https:\/\/www.eikholt.no\/fi\/wp-json\/wp\/v2\/pages\/682\/revisions"}],"predecessor-version":[{"id":4825,"href":"https:\/\/www.eikholt.no\/fi\/wp-json\/wp\/v2\/pages\/682\/revisions\/4825"}],"wp:attachment":[{"href":"https:\/\/www.eikholt.no\/fi\/wp-json\/wp\/v2\/media?parent=682"}],"curies":[{"name":"wp","href":"https:\/\/api.w.org\/{rel}","templated":true}]}}