{"id":873,"date":"2025-10-17T11:48:14","date_gmt":"2025-10-17T11:48:14","guid":{"rendered":"https:\/\/www.eikholt.no\/?page_id=873"},"modified":"2025-10-17T12:08:32","modified_gmt":"2025-10-17T12:08:32","slug":"ura-eikholtilla","status":"publish","type":"page","link":"https:\/\/www.eikholt.no\/fi\/ura-eikholtilla\/","title":{"rendered":"Ty\u00f6urat"},"content":{"rendered":"<section class=\"--career-list-gutenberg\">\n        <h2 class=\"--heading\">Avoimet ty\u00f6paikat<\/h2>\n        <div class=\"--description\"><p>T\u00e4\u00e4lt\u00e4 l\u00f6yd\u00e4t avoimet ty\u00f6paikat osoitteessa Eikholt.<\/p>\n<\/div>\n        <ul class=\"--careers\">\n                            <li>\n                    <a\n                            href=\"https:\/\/www.eikholt.no\/fi\/ura\/neuvonantaja-kieli-ja-viestinta\/\"\n                            class=\"--career\"\n                    >\n                        <div>\n                            <h3>Kielen ja viestinn\u00e4n neuvonantaja<\/h3>\n                                                    <\/div>\n                        <svg width=\"14\" height=\"14\" viewbox=\"0 0 14 14\" fill=\"none\" xmlns=\"http:\/\/www.w3.org\/2000\/svg\">\n<path d=\"M6.99992 13.6667L0.333251 7.00001L6.99992 0.333345L8.18742 1.50001L3.52075 6.16668L13.6666 6.16668L13.6666 7.83335L3.52075 7.83334L8.18742 12.5L6.99992 13.6667Z\" fill=\"#1C1B1F\"\/>\n<\/svg>\n\n                    <\/a>\n                <\/li>\n                    <\/ul>\n    <\/section>\n\n\n\n\n<h2 class=\"wp-block-heading\"><strong>Tutustu joihinkin ty\u00f6ntekij\u00f6ihimme<\/strong>osoitteeseen<\/h2>\n\n\n\n<p>Oletko hakemassa meille t\u00f6ihin tai mietitk\u00f6, millaista on ty\u00f6skennell\u00e4 Eikholt:ss\u00e4? Olemme antaneet puheenvuoron joillekin ty\u00f6ntekij\u00f6illemme, jotka kertovat, miksi he valitsivat Eikholt:n ja millaista heid\u00e4n ty\u00f6p\u00e4iv\u00e4ns\u00e4 on.<\/p>\n\n\n\n<h2 class=\"wp-block-heading\">Jolanta<\/h2>\n\n\n\n<h4 class=\"wp-block-heading\">Kokki<\/h4>\n\n\n\n<figure class=\"wp-block-image size-large\"><img loading=\"lazy\" decoding=\"async\" width=\"1024\" height=\"719\" src=\"https:\/\/www.eikholt.no\/app\/uploads\/2025\/10\/Jolanta-karriereside-1024x719.jpg\" alt=\"\" class=\"wp-image-5281\" srcset=\"https:\/\/www.eikholt.no\/app\/uploads\/2025\/10\/Jolanta-karriereside-1024x719.jpg 1024w, https:\/\/www.eikholt.no\/app\/uploads\/2025\/10\/Jolanta-karriereside-300x211.jpg 300w, https:\/\/www.eikholt.no\/app\/uploads\/2025\/10\/Jolanta-karriereside-768x539.jpg 768w, https:\/\/www.eikholt.no\/app\/uploads\/2025\/10\/Jolanta-karriereside-1536x1078.jpg 1536w, https:\/\/www.eikholt.no\/app\/uploads\/2025\/10\/Jolanta-karriereside-2048x1437.jpg 2048w, https:\/\/www.eikholt.no\/app\/uploads\/2025\/10\/Jolanta-karriereside-18x12.jpg 18w\" sizes=\"auto, (max-width: 1024px) 100vw, 1024px\" \/><\/figure>\n\n\n\n<p>Aloitin ty\u00f6ni Eikholt:ss\u00e4 tammikuussa 2025. Minulla on kokin ammattitutkinto Puolasta, jossa minulla on my\u00f6s taustatietoni. Oltuani 16 vuotta p\u00e4iv\u00e4kotialalla, jossa valmistin ja tarjoilin aterioita lapsille antaumuksella ja huolella, tuli halu uusiin haasteisiin ja ty\u00f6ymp\u00e4rist\u00f6n muutokseen.<\/p>\n\n\n\n<p>Koska olen vahvasti sitoutunut ihmisiin ja v\u00e4lit\u00e4n aidosti muista, halusin soveltaa taitojani ja kokemustani uudella tavalla - erilaisen k\u00e4ytt\u00e4j\u00e4ryhm\u00e4n kanssa.<\/p>\n\n\n\n<p>Kun tutustuin Eikholt:hen, tajusin heti, ett\u00e4 t\u00e4m\u00e4 oli paikka, jossa voisin menesty\u00e4. T\u00e4\u00e4ll\u00e4 minulla on mahdollisuus kohdata ihmisi\u00e4, joita kunnioitetaan, jotka ottavat huomioon ja jotka ovat avoimia. Arvot, jotka ovat l\u00e4hell\u00e4 syd\u00e4nt\u00e4ni.<\/p>\n\n\n\n<p>Minua kuvaillaan usein ihmiseksi, jolla on hyv\u00e4 huumorintaju, tarttuva nauru ja kyky luoda positiivinen ja osallistava ilmapiiri. Eikholt:ss\u00e4 saan tilaisuuden yhdist\u00e4\u00e4 toisista huolehtimiseni ja intohimoni ruoanlaittoon, mik\u00e4 antaa minulle suurta tyydytyst\u00e4 ty\u00f6h\u00f6ni.<\/p>\n\n\n\n<p>Haluan, ett\u00e4 Eikholt:n vieraat tuntevat olonsa hyv\u00e4ksi kotiruokien tuoksun ja tuoreiden leivonnaisten maun kautta. Rakkaudella ja huolella tehtyin\u00e4.<\/p>\n\n\n\n<p>Vaikka en ole viel\u00e4 ehtinyt tavata kaikkia vieraita, odotan innolla, ett\u00e4 p\u00e4\u00e4sen tutustumaan heihin paremmin, ja odotan innolla monia hienoja tapaamisia tulevina vuosina.<\/p>\n\n\n\n<h3 class=\"wp-block-heading\"><strong>Anne-May<\/strong><\/h3>\n\n\n\n<h4 class=\"wp-block-heading\"><strong>Audiografi<\/strong><\/h4>\n\n\n\n<figure class=\"wp-block-image size-full\"><img loading=\"lazy\" decoding=\"async\" width=\"894\" height=\"893\" src=\"https:\/\/www.eikholt.no\/app\/uploads\/2023\/06\/Anne-May-audiograf-forbereder-arbeid-pa-kontoret.jpg\" alt=\"\" class=\"wp-image-959\" srcset=\"https:\/\/www.eikholt.no\/app\/uploads\/2023\/06\/Anne-May-audiograf-forbereder-arbeid-pa-kontoret.jpg 894w, https:\/\/www.eikholt.no\/app\/uploads\/2023\/06\/Anne-May-audiograf-forbereder-arbeid-pa-kontoret-300x300.jpg 300w, https:\/\/www.eikholt.no\/app\/uploads\/2023\/06\/Anne-May-audiograf-forbereder-arbeid-pa-kontoret-150x150.jpg 150w, https:\/\/www.eikholt.no\/app\/uploads\/2023\/06\/Anne-May-audiograf-forbereder-arbeid-pa-kontoret-768x767.jpg 768w, https:\/\/www.eikholt.no\/app\/uploads\/2023\/06\/Anne-May-audiograf-forbereder-arbeid-pa-kontoret-24x24.jpg 24w, https:\/\/www.eikholt.no\/app\/uploads\/2023\/06\/Anne-May-audiograf-forbereder-arbeid-pa-kontoret-48x48.jpg 48w, https:\/\/www.eikholt.no\/app\/uploads\/2023\/06\/Anne-May-audiograf-forbereder-arbeid-pa-kontoret-96x96.jpg 96w\" sizes=\"auto, (max-width: 894px) 100vw, 894px\" \/><\/figure>\n\n\n\n<p>Audiografian koulutusohjelman viimeisen\u00e4 vuonna olin ty\u00f6harjoittelussa Eikholt:ss\u00e4. Kun sain ty\u00f6tarjouksen vastavalmistuneena audiologina, pakkasin laukkuni ja muutin Drammeniin. Ty\u00f6skentely Eikholt:n neuvojana on uskomattoman monipuolista ja j\u00e4nnitt\u00e4v\u00e4\u00e4. Ammatillista ymp\u00e4rist\u00f6\u00e4 leimaavat ammattitaitoiset ja sitoutuneet ihmiset, jotka suhtautuvat intohimoisesti aiheeseensa.&nbsp;<\/p>\n\n\n\n<p>\"Parasta ty\u00f6ss\u00e4ni ovat kaikki hienot k\u00e4ytt\u00e4j\u00e4t, joita tapaan. Kun j\u00e4rjest\u00e4n kuulokursseja, minulla on mahdollisuus viett\u00e4\u00e4 paljon aikaa k\u00e4ytt\u00e4jien kanssa, joskus useita p\u00e4ivi\u00e4. Kun aikaa on niin paljon, voi tehd\u00e4 kaikkea sellaista, mihin ei muuten olisi aikaa, ja kokeilla k\u00e4yt\u00e4nn\u00f6ss\u00e4 asioita, joista on lukenut vain kirjallisuudesta.&nbsp;<\/p>\n\n\n\n<p>Eikholt:n kurssit ovat hyvin usein monialaisia ja niit\u00e4 j\u00e4rjestet\u00e4\u00e4n yhdess\u00e4 muiden alojen neuvojien kanssa. T\u00e4llainen yhteisty\u00f6 kursseilla tarkoittaa, ett\u00e4 opin paljon n\u00e4kemiseen, liikkumiseen, tieto- ja viestint\u00e4tekniikkaan, pistekirjoitukseen ja kaikenlaisiin muihin asioihin liittyv\u00e4\u00e4, joista en tiennyt mit\u00e4\u00e4n ennen kuin aloitin ty\u00f6t Eikholt:ss\u00e4. Ty\u00f6ni sis\u00e4lt\u00e4\u00e4 paljon paperity\u00f6t\u00e4 ja suunnittelua, mutta on aika hienoa seurata k\u00e4ytt\u00e4j\u00e4\u00e4 ensimm\u00e4isest\u00e4 tiedustelusta Eikholt:n kursseille ja sitten paikalliseen tukeen sen j\u00e4lkeen, kun k\u00e4ytt\u00e4j\u00e4 on l\u00e4htenyt kotiin.&nbsp;<\/p>\n\n\n\n<p>Vaikka olen audiologi ja ty\u00f6skentelen p\u00e4\u00e4asiassa kuulon ja kuuloa k\u00e4sittelevien kurssien parissa, minulla on hyv\u00e4t mahdollisuudet vaikuttaa omaan ty\u00f6p\u00e4iv\u00e4\u00e4ni. Aina on meneill\u00e4\u00e4n jonkinlainen tutkimus- ja innovaatioprojekti, ja ty\u00f6ntekij\u00e4n\u00e4 olet usein mukana. Voit my\u00f6s k\u00e4ynnist\u00e4\u00e4 omia projekteja. K\u00e4ytin esimerkiksi paljon aikaa perehtym\u00e4ll\u00e4 genetiikkaan, ja nyt opettelen 3D-tulostuksesta. Osana ty\u00f6t\u00e4ni matkustan pit\u00e4m\u00e4ss\u00e4 luentoja Eikholt:st\u00e4, kuurosokeudesta ja kuulosta. T\u00e4m\u00e4 on mielest\u00e4ni hauskaa ja tekee ty\u00f6p\u00e4iv\u00e4st\u00e4ni hyvin vaihtelevan. &nbsp;<\/p>\n\n\n\n<h3 class=\"wp-block-heading\"><strong>H\u00e5kon<\/strong><\/h3>\n\n\n\n<h4 class=\"wp-block-heading\"><strong>Rakennuksen toiminta<\/strong><\/h4>\n\n\n\n<figure class=\"wp-block-image size-large\"><img loading=\"lazy\" decoding=\"async\" width=\"1024\" height=\"613\" src=\"https:\/\/www.eikholt.no\/app\/uploads\/2025\/02\/Ansatte-i-aktivitet-drift-Hakon-pa-plenklipper-bag-RKH-1024x613.jpg\" alt=\"Talonmies istuu ruohonleikkuritraktorilla. Ymp\u00e4riins\u00e4 ilmestyy ruohoa ja pensaita.\" class=\"wp-image-4272\" srcset=\"https:\/\/www.eikholt.no\/app\/uploads\/2025\/02\/Ansatte-i-aktivitet-drift-Hakon-pa-plenklipper-bag-RKH-1024x613.jpg 1024w, https:\/\/www.eikholt.no\/app\/uploads\/2025\/02\/Ansatte-i-aktivitet-drift-Hakon-pa-plenklipper-bag-RKH-300x180.jpg 300w, https:\/\/www.eikholt.no\/app\/uploads\/2025\/02\/Ansatte-i-aktivitet-drift-Hakon-pa-plenklipper-bag-RKH-768x460.jpg 768w, https:\/\/www.eikholt.no\/app\/uploads\/2025\/02\/Ansatte-i-aktivitet-drift-Hakon-pa-plenklipper-bag-RKH-1536x920.jpg 1536w, https:\/\/www.eikholt.no\/app\/uploads\/2025\/02\/Ansatte-i-aktivitet-drift-Hakon-pa-plenklipper-bag-RKH-2048x1226.jpg 2048w\" sizes=\"auto, (max-width: 1024px) 100vw, 1024px\" \/><\/figure>\n\n\n\n<p>Eikholt:n rakennustenhoitajana teht\u00e4v\u00e4ni on varmistaa, ett\u00e4 rakennukset ja tilat ovat huippukunnossa. Teht\u00e4viini kuuluu rakennusten, teknisten laitteistojen ja ulkoalueiden kunnossapito, ja siihen sis\u00e4ltyy kaikkea p\u00e4ivitt\u00e4isest\u00e4 valvonnasta ja korjauksista suurten kunnossapitohankkeiden suunnitteluun ja toteuttamiseen.<\/p>\n\n\n\n<p>Tyypilliseen ty\u00f6p\u00e4iv\u00e4\u00e4n voi kuulua l\u00e4mmitys- ja ilmanvaihtoj\u00e4rjestelmien tarkastaminen ja huoltaminen, rakennusten ja laitteiden pienet korjaukset sek\u00e4 ulkoalueiden turvallisuuden ja kunnossapidon varmistaminen. Rakennusten hoitajana minun on my\u00f6s pystytt\u00e4v\u00e4 k\u00e4sittelem\u00e4\u00e4n akuutteja ongelmia, kuten vesivuotoja tai s\u00e4hk\u00f6vikoja.<\/p>\n\n\n\n<p>Teknisten taitojen lis\u00e4ksi on t\u00e4rke\u00e4\u00e4, ett\u00e4 sinulla on hyv\u00e4t viestint\u00e4- ja tiimity\u00f6taidot. Teen p\u00e4ivitt\u00e4in yhteisty\u00f6t\u00e4 Eikholt:n koko henkil\u00f6kunnan kanssa varmistaakseni, ett\u00e4 tarpeet t\u00e4ytet\u00e4\u00e4n, ja minun on kommunikoitava hyvin sek\u00e4 kollegoiden ett\u00e4 vierailijoiden kanssa. Tervehdys ja nopea keskustelu merkitsev\u00e4t paljon, varsinkin jos joku on ensimm\u00e4ist\u00e4 kertaa Eikholt:ss\u00e4. Nautin ty\u00f6st\u00e4ni, koska se on monipuolista ja vaatii teknist\u00e4 tiet\u00e4myst\u00e4, k\u00e4yt\u00e4nn\u00f6n taitoja ja kyky\u00e4 ty\u00f6skennell\u00e4 hyvin tiimiss\u00e4.<\/p>\n\n\n\n<p><\/p>","protected":false},"excerpt":{"rendered":"<p>Bli kjent med noen av v\u00e5re ansatte Skal du s\u00f8ke jobb hos oss, eller lurer du p\u00e5 hvordan det er \u00e5 jobbe p\u00e5 Eikholt? Vi har gitt ordet til noen av v\u00e5re ansatte, som forteller hvorfor de valgte Eikholt og om deres arbeidshverdag. Jolanta Kokk Jeg begynte i stillingen ved Eikholt i januar 2025. Jeg<\/p>","protected":false},"author":2,"featured_media":4248,"parent":0,"menu_order":0,"comment_status":"closed","ping_status":"closed","template":"","meta":{"_acf_changed":false,"inline_featured_image":false,"ep_exclude_from_search":false,"footnotes":""},"class_list":["post-873","page","type-page","status-publish","has-post-thumbnail","hentry"],"acf":[],"yoast_head":"<!-- This site is optimized with the Yoast SEO plugin v25.8 - https:\/\/yoast.com\/wordpress\/plugins\/seo\/ -->\n<title>Karriere - Eikholt<\/title>\n<meta name=\"description\" content=\"Her finner du ledige stillinger og kan lese om hvordan det er \u00e5 jobbe hos ved Eikholt. Du er ogs\u00e5 hjertelig velkommen til \u00e5 kontakte oss for en prat.\" \/>\n<meta name=\"robots\" content=\"index, follow, max-snippet:-1, max-image-preview:large, max-video-preview:-1\" \/>\n<link rel=\"canonical\" href=\"https:\/\/www.eikholt.no\/fi\/ura-eikholtilla\/\" \/>\n<meta property=\"og:locale\" content=\"fi_FI\" \/>\n<meta property=\"og:type\" content=\"article\" \/>\n<meta property=\"og:title\" content=\"Karriere - Eikholt\" \/>\n<meta property=\"og:description\" content=\"Her finner du ledige stillinger og kan lese om hvordan det er \u00e5 jobbe hos ved Eikholt. Du er ogs\u00e5 hjertelig velkommen til \u00e5 kontakte oss for en prat.\" \/>\n<meta property=\"og:url\" content=\"https:\/\/www.eikholt.no\/fi\/ura-eikholtilla\/\" \/>\n<meta property=\"og:site_name\" content=\"Eikholt\" \/>\n<meta property=\"article:publisher\" content=\"https:\/\/www.facebook.com\/eikholt.kompetansesenter\" \/>\n<meta property=\"article:modified_time\" content=\"2025-10-17T12:08:32+00:00\" \/>\n<meta property=\"og:image\" content=\"https:\/\/www.eikholt.no\/app\/uploads\/2025\/02\/Ansatte-i-aktivitet-Fag-Veronica-og-Tanja-bla-rom-2-scaled.jpg\" \/>\n\t<meta property=\"og:image:width\" content=\"2560\" \/>\n\t<meta property=\"og:image:height\" content=\"1712\" \/>\n\t<meta property=\"og:image:type\" content=\"image\/jpeg\" \/>\n<meta name=\"twitter:card\" content=\"summary_large_image\" \/>\n<meta name=\"twitter:label1\" content=\"Est. reading time\" \/>\n\t<meta name=\"twitter:data1\" content=\"5 minutes\" \/>\n<script type=\"application\/ld+json\" class=\"yoast-schema-graph\">{\"@context\":\"https:\/\/schema.org\",\"@graph\":[{\"@type\":\"WebPage\",\"@id\":\"https:\/\/www.eikholt.no\/karriere-ved-eikholt\/\",\"url\":\"https:\/\/www.eikholt.no\/karriere-ved-eikholt\/\",\"name\":\"Karriere - Eikholt\",\"isPartOf\":{\"@id\":\"https:\/\/www.eikholt.no\/#website\"},\"primaryImageOfPage\":{\"@id\":\"https:\/\/www.eikholt.no\/karriere-ved-eikholt\/#primaryimage\"},\"image\":{\"@id\":\"https:\/\/www.eikholt.no\/karriere-ved-eikholt\/#primaryimage\"},\"thumbnailUrl\":\"https:\/\/www.eikholt.no\/app\/uploads\/2025\/02\/Ansatte-i-aktivitet-Fag-Veronica-og-Tanja-bla-rom-2-scaled.jpg\",\"datePublished\":\"2025-10-17T11:48:14+00:00\",\"dateModified\":\"2025-10-17T12:08:32+00:00\",\"description\":\"Her finner du ledige stillinger og kan lese om hvordan det er \u00e5 jobbe hos ved Eikholt. Du er ogs\u00e5 hjertelig velkommen til \u00e5 kontakte oss for en prat.\",\"breadcrumb\":{\"@id\":\"https:\/\/www.eikholt.no\/karriere-ved-eikholt\/#breadcrumb\"},\"inLanguage\":\"fi\",\"potentialAction\":[{\"@type\":\"ReadAction\",\"target\":[\"https:\/\/www.eikholt.no\/karriere-ved-eikholt\/\"]}]},{\"@type\":\"ImageObject\",\"inLanguage\":\"fi\",\"@id\":\"https:\/\/www.eikholt.no\/karriere-ved-eikholt\/#primaryimage\",\"url\":\"https:\/\/www.eikholt.no\/app\/uploads\/2025\/02\/Ansatte-i-aktivitet-Fag-Veronica-og-Tanja-bla-rom-2-scaled.jpg\",\"contentUrl\":\"https:\/\/www.eikholt.no\/app\/uploads\/2025\/02\/Ansatte-i-aktivitet-Fag-Veronica-og-Tanja-bla-rom-2-scaled.jpg\",\"width\":2560,\"height\":1712,\"caption\":\"To personer sitter ved et bord. En har en PC foran seg, den andre en kaffekopp. De smiler\"},{\"@type\":\"BreadcrumbList\",\"@id\":\"https:\/\/www.eikholt.no\/karriere-ved-eikholt\/#breadcrumb\",\"itemListElement\":[{\"@type\":\"ListItem\",\"position\":1,\"name\":\"Forside\",\"item\":\"https:\/\/www.eikholt.no\/\"},{\"@type\":\"ListItem\",\"position\":2,\"name\":\"Karriere\"}]},{\"@type\":\"WebSite\",\"@id\":\"https:\/\/www.eikholt.no\/#website\",\"url\":\"https:\/\/www.eikholt.no\/\",\"name\":\"Eikholt\",\"description\":\"\",\"publisher\":{\"@id\":\"https:\/\/www.eikholt.no\/#organization\"},\"potentialAction\":[{\"@type\":\"SearchAction\",\"target\":{\"@type\":\"EntryPoint\",\"urlTemplate\":\"https:\/\/www.eikholt.no\/?s={search_term_string}\"},\"query-input\":{\"@type\":\"PropertyValueSpecification\",\"valueRequired\":true,\"valueName\":\"search_term_string\"}}],\"inLanguage\":\"fi\"},{\"@type\":\"Organization\",\"@id\":\"https:\/\/www.eikholt.no\/#organization\",\"name\":\"Eikholt\",\"url\":\"https:\/\/www.eikholt.no\/\",\"logo\":{\"@type\":\"ImageObject\",\"inLanguage\":\"fi\",\"@id\":\"https:\/\/www.eikholt.no\/#\/schema\/logo\/image\/\",\"url\":\"https:\/\/www.eikholt.no\/app\/uploads\/2024\/04\/cropped-Logo-Eikholt-ny.jpg\",\"contentUrl\":\"https:\/\/www.eikholt.no\/app\/uploads\/2024\/04\/cropped-Logo-Eikholt-ny.jpg\",\"width\":419,\"height\":209,\"caption\":\"Eikholt\"},\"image\":{\"@id\":\"https:\/\/www.eikholt.no\/#\/schema\/logo\/image\/\"},\"sameAs\":[\"https:\/\/www.facebook.com\/eikholt.kompetansesenter\"]}]}<\/script>\n<!-- \/ Yoast SEO plugin. -->","yoast_head_json":{"title":"Ura - Eikholt","description":"T\u00e4\u00e4lt\u00e4 l\u00f6yd\u00e4t avoimia ty\u00f6paikkoja ja voit lukea, millaista on ty\u00f6skennell\u00e4 Eikholt:ss\u00e4. Olet my\u00f6s eritt\u00e4in tervetullut ottamaan yhteytt\u00e4 ja keskustelemaan kanssamme.","robots":{"index":"index","follow":"follow","max-snippet":"max-snippet:-1","max-image-preview":"max-image-preview:large","max-video-preview":"max-video-preview:-1"},"canonical":"https:\/\/www.eikholt.no\/fi\/ura-eikholtilla\/","og_locale":"fi_FI","og_type":"article","og_title":"Karriere - Eikholt","og_description":"Her finner du ledige stillinger og kan lese om hvordan det er \u00e5 jobbe hos ved Eikholt. Du er ogs\u00e5 hjertelig velkommen til \u00e5 kontakte oss for en prat.","og_url":"https:\/\/www.eikholt.no\/fi\/ura-eikholtilla\/","og_site_name":"Eikholt","article_publisher":"https:\/\/www.facebook.com\/eikholt.kompetansesenter","article_modified_time":"2025-10-17T12:08:32+00:00","og_image":[{"width":2560,"height":1712,"url":"https:\/\/www.eikholt.no\/app\/uploads\/2025\/02\/Ansatte-i-aktivitet-Fag-Veronica-og-Tanja-bla-rom-2-scaled.jpg","type":"image\/jpeg"}],"twitter_card":"summary_large_image","twitter_misc":{"Est. reading time":"5 minutes"},"schema":{"@context":"https:\/\/schema.org","@graph":[{"@type":"WebPage","@id":"https:\/\/www.eikholt.no\/karriere-ved-eikholt\/","url":"https:\/\/www.eikholt.no\/karriere-ved-eikholt\/","name":"Ura - Eikholt","isPartOf":{"@id":"https:\/\/www.eikholt.no\/#website"},"primaryImageOfPage":{"@id":"https:\/\/www.eikholt.no\/karriere-ved-eikholt\/#primaryimage"},"image":{"@id":"https:\/\/www.eikholt.no\/karriere-ved-eikholt\/#primaryimage"},"thumbnailUrl":"https:\/\/www.eikholt.no\/app\/uploads\/2025\/02\/Ansatte-i-aktivitet-Fag-Veronica-og-Tanja-bla-rom-2-scaled.jpg","datePublished":"2025-10-17T11:48:14+00:00","dateModified":"2025-10-17T12:08:32+00:00","description":"T\u00e4\u00e4lt\u00e4 l\u00f6yd\u00e4t avoimia ty\u00f6paikkoja ja voit lukea, millaista on ty\u00f6skennell\u00e4 Eikholt:ss\u00e4. Olet my\u00f6s eritt\u00e4in tervetullut ottamaan yhteytt\u00e4 ja keskustelemaan kanssamme.","breadcrumb":{"@id":"https:\/\/www.eikholt.no\/karriere-ved-eikholt\/#breadcrumb"},"inLanguage":"fi","potentialAction":[{"@type":"ReadAction","target":["https:\/\/www.eikholt.no\/karriere-ved-eikholt\/"]}]},{"@type":"ImageObject","inLanguage":"fi","@id":"https:\/\/www.eikholt.no\/karriere-ved-eikholt\/#primaryimage","url":"https:\/\/www.eikholt.no\/app\/uploads\/2025\/02\/Ansatte-i-aktivitet-Fag-Veronica-og-Tanja-bla-rom-2-scaled.jpg","contentUrl":"https:\/\/www.eikholt.no\/app\/uploads\/2025\/02\/Ansatte-i-aktivitet-Fag-Veronica-og-Tanja-bla-rom-2-scaled.jpg","width":2560,"height":1712,"caption":"To personer sitter ved et bord. En har en PC foran seg, den andre en kaffekopp. De smiler"},{"@type":"BreadcrumbList","@id":"https:\/\/www.eikholt.no\/karriere-ved-eikholt\/#breadcrumb","itemListElement":[{"@type":"ListItem","position":1,"name":"Forside","item":"https:\/\/www.eikholt.no\/"},{"@type":"ListItem","position":2,"name":"Karriere"}]},{"@type":"WebSite","@id":"https:\/\/www.eikholt.no\/#website","url":"https:\/\/www.eikholt.no\/","name":"Eikholt","description":"","publisher":{"@id":"https:\/\/www.eikholt.no\/#organization"},"potentialAction":[{"@type":"SearchAction","target":{"@type":"EntryPoint","urlTemplate":"https:\/\/www.eikholt.no\/?s={search_term_string}"},"query-input":{"@type":"PropertyValueSpecification","valueRequired":true,"valueName":"search_term_string"}}],"inLanguage":"fi"},{"@type":"Organization","@id":"https:\/\/www.eikholt.no\/#organization","name":"Eikholt","url":"https:\/\/www.eikholt.no\/","logo":{"@type":"ImageObject","inLanguage":"fi","@id":"https:\/\/www.eikholt.no\/#\/schema\/logo\/image\/","url":"https:\/\/www.eikholt.no\/app\/uploads\/2024\/04\/cropped-Logo-Eikholt-ny.jpg","contentUrl":"https:\/\/www.eikholt.no\/app\/uploads\/2024\/04\/cropped-Logo-Eikholt-ny.jpg","width":419,"height":209,"caption":"Eikholt"},"image":{"@id":"https:\/\/www.eikholt.no\/#\/schema\/logo\/image\/"},"sameAs":["https:\/\/www.facebook.com\/eikholt.kompetansesenter"]}]}},"_links":{"self":[{"href":"https:\/\/www.eikholt.no\/fi\/wp-json\/wp\/v2\/pages\/873","targetHints":{"allow":["GET"]}}],"collection":[{"href":"https:\/\/www.eikholt.no\/fi\/wp-json\/wp\/v2\/pages"}],"about":[{"href":"https:\/\/www.eikholt.no\/fi\/wp-json\/wp\/v2\/types\/page"}],"author":[{"embeddable":true,"href":"https:\/\/www.eikholt.no\/fi\/wp-json\/wp\/v2\/users\/2"}],"replies":[{"embeddable":true,"href":"https:\/\/www.eikholt.no\/fi\/wp-json\/wp\/v2\/comments?post=873"}],"version-history":[{"count":82,"href":"https:\/\/www.eikholt.no\/fi\/wp-json\/wp\/v2\/pages\/873\/revisions"}],"predecessor-version":[{"id":5289,"href":"https:\/\/www.eikholt.no\/fi\/wp-json\/wp\/v2\/pages\/873\/revisions\/5289"}],"wp:featuredmedia":[{"embeddable":true,"href":"https:\/\/www.eikholt.no\/fi\/wp-json\/wp\/v2\/media\/4248"}],"wp:attachment":[{"href":"https:\/\/www.eikholt.no\/fi\/wp-json\/wp\/v2\/media?parent=873"}],"curies":[{"name":"wp","href":"https:\/\/api.w.org\/{rel}","templated":true}]}}