{"id":1025,"date":"2023-06-23T06:06:37","date_gmt":"2023-06-23T06:06:37","guid":{"rendered":"https:\/\/www.eikholt.no\/?page_id=1025"},"modified":"2025-05-08T12:14:15","modified_gmt":"2025-05-08T12:14:15","slug":"organisation-oakwood","status":"publish","type":"page","link":"https:\/\/www.eikholt.no\/sv\/organisation-oakwood\/","title":{"rendered":"Organisation"},"content":{"rendered":"<p><strong>Styrelse och verkst\u00e4llande direkt\u00f6rer<\/strong><br>Styrelsen \u00e4r Eikholt:s h\u00f6gsta organ och best\u00e5r av en ordf\u00f6rande och fyra ledam\u00f6ter. Tv\u00e5 av styrelseledam\u00f6terna ska representera anv\u00e4ndare av Eikholt:s tj\u00e4nster.<\/p>\n\n\n\n<p><strong>Styrelseordf\u00f6rande<\/strong><\/p>\n\n\n\n<ul class=\"wp-block-list\">\n<li>Kristin \u00d8rmen Johnsen<\/li>\n<\/ul>\n\n\n\n<p><strong>Styrelseledam\u00f6ter<\/strong><\/p>\n\n\n\n<ul class=\"wp-block-list\">\n<li>Simen Eriksen - anv\u00e4ndarrepresentant<\/li>\n\n\n\n<li>Kathrine Bordevich - anv\u00e4ndarrepresentant<\/li>\n\n\n\n<li>Kirsti Kolle Gr\u00f8ndahl<\/li>\n\n\n\n<li>Cathrine Timm Sundin - arbetstagarrepresentant<\/li>\n<\/ul>\n\n\n\n<p><strong>Suppleanter<\/strong><\/p>\n\n\n\n<ul class=\"wp-block-list\">\n<li>Andreas Muri<\/li>\n\n\n\n<li>Nina Helene Skorge - anv\u00e4ndarrepresentant<\/li>\n\n\n\n<li>H\u00e5kon Lundhaug - arbetstagarrepresentant<\/li>\n<\/ul>\n\n\n\n<p><strong>Valberedning<\/strong><\/p>\n\n\n\n<ul class=\"wp-block-list\">\n<li>Erik Dalheim (ledare)<\/li>\n\n\n\n<li>Kari Kristine Engan<\/li>\n\n\n\n<li>Roar Meland<\/li>\n<\/ul>\n\n\n\n<p><strong>F\u00f6rvaltning<\/strong><br>Eikholt:s ledning best\u00e5r av VD samt cheferna f\u00f6r teknik- och driftavdelningen. Ledningsm\u00f6tet \u00e4r ett r\u00e5dgivande organ f\u00f6r direkt\u00f6ren.<\/p>\n\n\n\n<p><strong>Verkst\u00e4llande direkt\u00f6r:<\/strong><\/p>\n\n\n\n<ul class=\"wp-block-list\">\n<li>Roar Meland<\/li>\n<\/ul>\n\n\n\n<p><strong>Avdelningschefer<\/strong><\/p>\n\n\n\n<ul class=\"wp-block-list\">\n<li>Thomas \u00d8verby, programansvarig<\/li>\n\n\n\n<li>Veronica Samuelsen, verksamhetschef<\/li>\n<\/ul>\n\n\n\n<h2 class=\"wp-block-heading\">\u00c5rsredovisning f\u00f6r Eikholt<\/h2>\n\n\n\n<p>H\u00e4r hittar du tv\u00e5 versioner av \u00e5rsredovisningen f\u00f6r Eikholt, en l\u00e5ng och en kort. B\u00e5da kan laddas ner som PDF.<\/p>\n\n\n\n<p><strong><a href=\"https:\/\/www.eikholt.no\/sv\/app\/uppladdningar\/2025\/04\/arsrapport-2024-for-eikholt-pdf\/\">\u00c5rsredovisning 2024 - l\u00e5ng version<\/a><\/strong><\/p>\n\n\n\n<p><strong><a href=\"https:\/\/www.eikholt.no\/sv\/app\/uppladdningar\/2025\/04\/arsrapport-2024-eikholt-kortversion-pdf\/\">\u00c5rsredovisning 2024 - kort version<\/a><\/strong><\/p>\n\n\n\n<h2 class=\"wp-block-heading\">L\u00e4s mer?<\/h2>\n\n\n\n<p>H\u00e4r kan du l\u00e4sa om <strong><a href=\"https:\/\/www.eikholt.no\/sv\/app\/uppladdningar\/2025\/05\/bolagsordning_eikholt-1-pdf\/\">Bolagsordning f\u00f6r Eikholt<\/a><\/strong><\/p>\n\n\n\n<p>H\u00e4r kan du l\u00e4sa om <strong><a href=\"https:\/\/www.eikholt.no\/sv\/app\/uppladdningar\/2025\/05\/riktlinjer-for-valberedning_antagen-2013-12-09-pdf\/\">Riktlinjer f\u00f6r valberedningen<\/a><\/strong><\/p>\n\n\n\n<p>L\u00e4r k\u00e4nna oss\u00a0<strong><a href=\"https:\/\/www.eikholt.no\/sv\/historia\/\">Eikholt:s historia<\/a><\/strong><\/p>\n\n\n\n<p>L\u00e4s mer om<a href=\"https:\/\/www.eikholt.no\/sv\/om-oss\/om-oss-vart-uppdrag\/\"> <strong>Eikholt:s uppdrag<\/strong><\/a><\/p>\n\n\n\n<h2 class=\"wp-block-heading\">Har du n\u00e5gra fr\u00e5gor?<\/h2>\n\n\n\n<p>Ta kontakt med oss! Du hittar v\u00e5ra kontaktuppgifter h\u00e4r:\u00a0\u00a0<strong><a href=\"https:\/\/www.eikholt.no\/sv\/kontakta-oss\/\" target=\"_blank\" rel=\"noreferrer noopener\">Kontakta oss<\/a>\u00a0\u00a0<\/strong><\/p>\n\n\n\n<p><\/p>","protected":false},"excerpt":{"rendered":"<p>StyrelsenStyrelsen \u00e4r Eikholt:s h\u00f6gsta organ och best\u00e5r av en ordf\u00f6rande och fyra ledam\u00f6ter. Tv\u00e5 av styrelseledam\u00f6terna ska representera anv\u00e4ndare av Eikholt:s tj\u00e4nster. LedningenEikholt:s ledning best\u00e5r av direkt\u00f6ren samt cheferna f\u00f6r de tekniska och operativa avdelningarna. Ledningsm\u00f6tet \u00e4r ett r\u00e5dgivande organ till VD. Verkst\u00e4llande direkt\u00f6r: Avdelningschefer \u00c5rsredovisning f\u00f6r Eikholt H\u00e4r hittar du tv\u00e5 versioner av \u00e5rsredovisningen f\u00f6r Eikholt, en<\/p>","protected":false},"author":1,"featured_media":0,"parent":0,"menu_order":0,"comment_status":"closed","ping_status":"closed","template":"","meta":{"_acf_changed":false,"inline_featured_image":false,"ep_exclude_from_search":false,"footnotes":""},"class_list":["post-1025","page","type-page","status-publish","hentry"],"acf":[],"yoast_head":"<!-- This site is optimized with the Yoast SEO plugin v25.8 - https:\/\/yoast.com\/wordpress\/plugins\/seo\/ -->\n<title>Organisasjon - Eikholt<\/title>\n<meta name=\"description\" content=\"Styret er Eikholts \u00f8verste organ, og best\u00e5r av\u00a0styreleder og\u00a0fire medlemmer. Les mer her;\" \/>\n<meta name=\"robots\" content=\"index, follow, max-snippet:-1, max-image-preview:large, max-video-preview:-1\" \/>\n<link rel=\"canonical\" href=\"https:\/\/www.eikholt.no\/sv\/organisation-oakwood\/\" \/>\n<meta property=\"og:locale\" content=\"sv_SE\" \/>\n<meta property=\"og:type\" content=\"article\" \/>\n<meta property=\"og:title\" content=\"Organisasjon - Eikholt\" \/>\n<meta property=\"og:description\" content=\"Styret er Eikholts \u00f8verste organ, og best\u00e5r av\u00a0styreleder og\u00a0fire medlemmer. Les mer her;\" \/>\n<meta property=\"og:url\" content=\"https:\/\/www.eikholt.no\/sv\/organisation-oakwood\/\" \/>\n<meta property=\"og:site_name\" content=\"Eikholt\" \/>\n<meta property=\"article:publisher\" content=\"https:\/\/www.facebook.com\/eikholt.kompetansesenter\" \/>\n<meta property=\"article:modified_time\" content=\"2025-05-08T12:14:15+00:00\" \/>\n<meta name=\"twitter:card\" content=\"summary_large_image\" \/>\n<meta name=\"twitter:label1\" content=\"Est. reading time\" \/>\n\t<meta name=\"twitter:data1\" content=\"1 minute\" \/>\n<script type=\"application\/ld+json\" class=\"yoast-schema-graph\">{\"@context\":\"https:\/\/schema.org\",\"@graph\":[{\"@type\":\"WebPage\",\"@id\":\"https:\/\/www.eikholt.no\/organisasjon-eikholt\/\",\"url\":\"https:\/\/www.eikholt.no\/organisasjon-eikholt\/\",\"name\":\"Organisasjon - Eikholt\",\"isPartOf\":{\"@id\":\"https:\/\/www.eikholt.no\/#website\"},\"datePublished\":\"2023-06-23T06:06:37+00:00\",\"dateModified\":\"2025-05-08T12:14:15+00:00\",\"description\":\"Styret er Eikholts \u00f8verste organ, og best\u00e5r av\u00a0styreleder og\u00a0fire medlemmer. Les mer her;\",\"breadcrumb\":{\"@id\":\"https:\/\/www.eikholt.no\/organisasjon-eikholt\/#breadcrumb\"},\"inLanguage\":\"sv-SE\",\"potentialAction\":[{\"@type\":\"ReadAction\",\"target\":[\"https:\/\/www.eikholt.no\/organisasjon-eikholt\/\"]}]},{\"@type\":\"BreadcrumbList\",\"@id\":\"https:\/\/www.eikholt.no\/organisasjon-eikholt\/#breadcrumb\",\"itemListElement\":[{\"@type\":\"ListItem\",\"position\":1,\"name\":\"Forside\",\"item\":\"https:\/\/www.eikholt.no\/\"},{\"@type\":\"ListItem\",\"position\":2,\"name\":\"Organisasjon\"}]},{\"@type\":\"WebSite\",\"@id\":\"https:\/\/www.eikholt.no\/#website\",\"url\":\"https:\/\/www.eikholt.no\/\",\"name\":\"Eikholt\",\"description\":\"\",\"publisher\":{\"@id\":\"https:\/\/www.eikholt.no\/#organization\"},\"potentialAction\":[{\"@type\":\"SearchAction\",\"target\":{\"@type\":\"EntryPoint\",\"urlTemplate\":\"https:\/\/www.eikholt.no\/?s={search_term_string}\"},\"query-input\":{\"@type\":\"PropertyValueSpecification\",\"valueRequired\":true,\"valueName\":\"search_term_string\"}}],\"inLanguage\":\"sv-SE\"},{\"@type\":\"Organization\",\"@id\":\"https:\/\/www.eikholt.no\/#organization\",\"name\":\"Eikholt\",\"url\":\"https:\/\/www.eikholt.no\/\",\"logo\":{\"@type\":\"ImageObject\",\"inLanguage\":\"sv-SE\",\"@id\":\"https:\/\/www.eikholt.no\/#\/schema\/logo\/image\/\",\"url\":\"https:\/\/www.eikholt.no\/app\/uploads\/2024\/04\/cropped-Logo-Eikholt-ny.jpg\",\"contentUrl\":\"https:\/\/www.eikholt.no\/app\/uploads\/2024\/04\/cropped-Logo-Eikholt-ny.jpg\",\"width\":419,\"height\":209,\"caption\":\"Eikholt\"},\"image\":{\"@id\":\"https:\/\/www.eikholt.no\/#\/schema\/logo\/image\/\"},\"sameAs\":[\"https:\/\/www.facebook.com\/eikholt.kompetansesenter\"]}]}<\/script>\n<!-- \/ Yoast SEO plugin. -->","yoast_head_json":{"title":"Organisation - Eikholt","description":"Styrelsen \u00e4r Eikholt:s h\u00f6gsta organ och best\u00e5r av ordf\u00f6rande och fyra ledam\u00f6ter. L\u00e4s mer h\u00e4r;","robots":{"index":"index","follow":"follow","max-snippet":"max-snippet:-1","max-image-preview":"max-image-preview:large","max-video-preview":"max-video-preview:-1"},"canonical":"https:\/\/www.eikholt.no\/sv\/organisation-oakwood\/","og_locale":"sv_SE","og_type":"article","og_title":"Organisasjon - Eikholt","og_description":"Styret er Eikholts \u00f8verste organ, og best\u00e5r av\u00a0styreleder og\u00a0fire medlemmer. Les mer her;","og_url":"https:\/\/www.eikholt.no\/sv\/organisation-oakwood\/","og_site_name":"Eikholt","article_publisher":"https:\/\/www.facebook.com\/eikholt.kompetansesenter","article_modified_time":"2025-05-08T12:14:15+00:00","twitter_card":"summary_large_image","twitter_misc":{"Est. reading time":"1 minute"},"schema":{"@context":"https:\/\/schema.org","@graph":[{"@type":"WebPage","@id":"https:\/\/www.eikholt.no\/organisasjon-eikholt\/","url":"https:\/\/www.eikholt.no\/organisasjon-eikholt\/","name":"Organisation - Eikholt","isPartOf":{"@id":"https:\/\/www.eikholt.no\/#website"},"datePublished":"2023-06-23T06:06:37+00:00","dateModified":"2025-05-08T12:14:15+00:00","description":"Styrelsen \u00e4r Eikholt:s h\u00f6gsta organ och best\u00e5r av ordf\u00f6rande och fyra ledam\u00f6ter. L\u00e4s mer h\u00e4r;","breadcrumb":{"@id":"https:\/\/www.eikholt.no\/organisasjon-eikholt\/#breadcrumb"},"inLanguage":"sv-SE","potentialAction":[{"@type":"ReadAction","target":["https:\/\/www.eikholt.no\/organisasjon-eikholt\/"]}]},{"@type":"BreadcrumbList","@id":"https:\/\/www.eikholt.no\/organisasjon-eikholt\/#breadcrumb","itemListElement":[{"@type":"ListItem","position":1,"name":"Forside","item":"https:\/\/www.eikholt.no\/"},{"@type":"ListItem","position":2,"name":"Organisasjon"}]},{"@type":"WebSite","@id":"https:\/\/www.eikholt.no\/#website","url":"https:\/\/www.eikholt.no\/","name":"Eikholt","description":"","publisher":{"@id":"https:\/\/www.eikholt.no\/#organization"},"potentialAction":[{"@type":"SearchAction","target":{"@type":"EntryPoint","urlTemplate":"https:\/\/www.eikholt.no\/?s={search_term_string}"},"query-input":{"@type":"PropertyValueSpecification","valueRequired":true,"valueName":"search_term_string"}}],"inLanguage":"sv-SE"},{"@type":"Organization","@id":"https:\/\/www.eikholt.no\/#organization","name":"Eikholt","url":"https:\/\/www.eikholt.no\/","logo":{"@type":"ImageObject","inLanguage":"sv-SE","@id":"https:\/\/www.eikholt.no\/#\/schema\/logo\/image\/","url":"https:\/\/www.eikholt.no\/app\/uploads\/2024\/04\/cropped-Logo-Eikholt-ny.jpg","contentUrl":"https:\/\/www.eikholt.no\/app\/uploads\/2024\/04\/cropped-Logo-Eikholt-ny.jpg","width":419,"height":209,"caption":"Eikholt"},"image":{"@id":"https:\/\/www.eikholt.no\/#\/schema\/logo\/image\/"},"sameAs":["https:\/\/www.facebook.com\/eikholt.kompetansesenter"]}]}},"_links":{"self":[{"href":"https:\/\/www.eikholt.no\/sv\/wp-json\/wp\/v2\/pages\/1025","targetHints":{"allow":["GET"]}}],"collection":[{"href":"https:\/\/www.eikholt.no\/sv\/wp-json\/wp\/v2\/pages"}],"about":[{"href":"https:\/\/www.eikholt.no\/sv\/wp-json\/wp\/v2\/types\/page"}],"author":[{"embeddable":true,"href":"https:\/\/www.eikholt.no\/sv\/wp-json\/wp\/v2\/users\/1"}],"replies":[{"embeddable":true,"href":"https:\/\/www.eikholt.no\/sv\/wp-json\/wp\/v2\/comments?post=1025"}],"version-history":[{"count":15,"href":"https:\/\/www.eikholt.no\/sv\/wp-json\/wp\/v2\/pages\/1025\/revisions"}],"predecessor-version":[{"id":4649,"href":"https:\/\/www.eikholt.no\/sv\/wp-json\/wp\/v2\/pages\/1025\/revisions\/4649"}],"wp:attachment":[{"href":"https:\/\/www.eikholt.no\/sv\/wp-json\/wp\/v2\/media?parent=1025"}],"curies":[{"name":"wp","href":"https:\/\/api.w.org\/{rel}","templated":true}]}}