{"id":1029,"date":"2023-06-23T06:30:52","date_gmt":"2023-06-23T06:30:52","guid":{"rendered":"https:\/\/www.eikholt.no\/?page_id=1029"},"modified":"2025-01-06T08:00:14","modified_gmt":"2025-01-06T08:00:14","slug":"historia","status":"publish","type":"page","link":"https:\/\/www.eikholt.no\/sv\/historia\/","title":{"rendered":"Eikholt:s historia"},"content":{"rendered":"<p>Konnerud bestod ursprungligen av fem g\u00e5rdar. Eikholt var en av dessa g\u00e5rdar som r\u00f6jdes redan p\u00e5 1300-talet. D\u00e4r Eikholt nu ligger anlades p\u00e5 1600-talet en damm, Hammerdammen, med tillh\u00f6rande industrianl\u00e4ggningar kopplade till gruvdriften i omr\u00e5det.<\/p>\n\n\n\n<h2 class=\"wp-block-heading\"><strong>Hur b\u00f6rjade det?\u00a0<\/strong><\/h2>\n\n\n\n<p>Det fanns tidigare ingen indikation p\u00e5 att Eikholt och Konnerud skulle bli nyckelnamn i norsk d\u00f6vblindhistoria. Det \u00e4r en av historiens m\u00e5nga tillf\u00e4lligheter.<\/p>\n\n\n\n<p>Muraren Olaf Fr\u00f8iland var inte bara en skicklig hantverkare med eget f\u00f6retag, han hade ocks\u00e5 ett stort socialt engagemang. Detta engagemang gjorde att han kom i kontakt med Halvdan Larsen, som var d\u00f6vblind. Med sin empatiska f\u00f6rm\u00e5ga ins\u00e5g Olaf Fr\u00f8iland snabbt att Halvdan Larsen och andra d\u00f6vblinda beh\u00f6vde en m\u00f6tesplats. Fr\u00f8iland \u00e4gde ett stort omr\u00e5de p\u00e5 Konnerud som han var beredd att anv\u00e4nda f\u00f6r detta \u00e4ndam\u00e5l. N\u00e4r id\u00e9n om en m\u00f6tesplats diskuterades \u00f6verv\u00e4gde d\u00f6vblinda flera platser i landet. I slut\u00e4ndan f\u00f6ll valet p\u00e5 Eikholt. Resultatet blev att den 24 hektar stora fastigheten styckades av och avsattes f\u00f6r att bygga ett center f\u00f6r d\u00f6vblinda.<\/p>\n\n\n\n<p>N\u00e5got liknande hade aldrig byggts i Norge. Det fanns inga f\u00f6rebilder. Det fanns inte heller n\u00e5gra pengar. Och som allt nytt m\u00f6tte projektet motst\u00e5nd fr\u00e5n dem som ans\u00e5g att detta var b\u00e5de storhetsvansinne, meningsl\u00f6st och professionellt oacceptabelt. Men pengarna kom, inte minst genom Lions, d\u00e4r Olaf Fr\u00f8iland ocks\u00e5 var en drivande kraft. Han och Larsen reste land och rike runt f\u00f6r att inspirera och samla in pengar. I slutet av 1970-talet utarbetades planer och ritningar, och till slut kunde spaden s\u00e4ttas i jorden f\u00f6r att bygga Norges f\u00f6rsta och enda rikst\u00e4ckande center f\u00f6r d\u00f6vblinda.<\/p>\n\n\n\n<figure class=\"wp-block-image size-full is-resized\"><img loading=\"lazy\" decoding=\"async\" width=\"378\" height=\"224\" src=\"https:\/\/www.eikholt.no\/app\/uploads\/2023\/06\/Kongen.jpg\" alt=\"\" class=\"wp-image-1030\" style=\"width:684px;height:auto\" srcset=\"https:\/\/www.eikholt.no\/app\/uploads\/2023\/06\/Kongen.jpg 378w, https:\/\/www.eikholt.no\/app\/uploads\/2023\/06\/Kongen-300x178.jpg 300w\" sizes=\"auto, (max-width: 378px) 100vw, 378px\" \/><figcaption class=\"wp-element-caption\">Eikholt Nationellt resurscenter f\u00f6r d\u00f6vblindhet stod f\u00e4rdigt 1980 och invigdes den 26 augusti samma \u00e5r av kung Olav V.<\/figcaption><\/figure>\n\n\n\n<h2 class=\"wp-block-heading\"><strong>V\u00e4gen fram\u00e5t<\/strong><\/h2>\n\n\n\n<p>Vad var Eikholt d\u00e4r det l\u00e5g med sina m\u00e5nga moderna byggnader? Vad skulle h\u00e4nda i dessa byggnader och lokaler? Vem skulle anv\u00e4nda allt detta? Ingen hade n\u00e5gon erfarenhet av ett nationellt center f\u00f6r personer med d\u00f6vblindhet. I b\u00f6rjan s\u00e5g m\u00e5nga Eikholt som en h\u00e4lsoinstitution. Deltagarna i organisationen kallades f\u00f6r \"patienter\". Eikholt hyrde ut 10 l\u00e4genheter och n\u00e5gra av hyresg\u00e4sterna fr\u00e5gade till och med f\u00f6rest\u00e5ndaren om de kunde f\u00e5 ha g\u00e4ster i sina egna l\u00e4genheter. Utvecklingen gick sin gilla g\u00e5ng och s\u00e5 sm\u00e5ningom blev patienterna kursdeltagare, f\u00f6rest\u00e5ndaren blev chef, en specialiserad avdelning skapades och det talades om hotellfunktioner och g\u00e4ster. En normalisering var i ant\u00e5gande.<\/p>\n\n\n\n<p>Per Sanne var Eikholt:s f\u00f6rste direkt\u00f6r fr\u00e5n 1980 fram till sin pensionering 2001. Under perioden 1984-1994 var Per Sanne VD f\u00f6r S\u00f8rvangen N\u00e6ringspark vid sidan av sitt arbete som direkt\u00f6r f\u00f6r Eikholt.<\/p>\n\n\n\n<p>I b\u00f6rjan var det en dygnsrytm som p\u00e5 ett v\u00e5rdhem. Idag har de en dygnsrytm som p\u00e5 ett hotell. I b\u00f6rjan transporterades d\u00f6vblinda personer kollektivt till och fr\u00e5n aktiviteter och knutpunkter. Idag tar sig individerna runt p\u00e5 egen hand eller med en f\u00f6ljeslagare. Livet med d\u00f6vblindhet har blivit mycket mer sj\u00e4lvst\u00e4ndigt, normaliserat, sj\u00e4lvstyrt och individualiserat. Alla aktiviteter p\u00e5 Eikholt pr\u00e4glas av detta.<\/p>\n\n\n\n<h2 class=\"wp-block-heading\"><strong>Fr\u00e5n rekreation till kunskap och f\u00e4rdigheter<\/strong><\/h2>\n\n\n\n<p>I slutet av 1970-talet konstaterade Olaf Fr\u00f8iland att d\u00f6vblinda hade ett stort behov av en plats d\u00e4r de kunde tr\u00e4ffas och en plats f\u00f6r rekreation. Det fanns ingen erfarenhet av ett nationellt center. I Fr\u00f8ilands samtal med personer med d\u00f6vblindhet var det just rekreation och m\u00f6tesplatser som de s\u00e5g som en stor brist.<\/p>\n\n\n\n<p>Man t\u00e4nkte inte s\u00e5 mycket p\u00e5 andra m\u00f6jligheter. N\u00e4r Eikholt blev verklighet dr\u00f6jde det inte l\u00e4nge f\u00f6rr\u00e4n centrets anv\u00e4ndare m\u00e4rkte att rekreation \u00e4r bra, men att de saknade aktiviteter. Samma upplevelse hade man med m\u00f6tesplatsfunktionen. Alla visste att det var viktigt att tr\u00e4ffas, men en ny fr\u00e5ga d\u00f6k snabbt upp: Vad skulle de prata om i l\u00e4ngden? N\u00e5gon saknades! Ur dessa reaktioner har det vuxit fram ett omfattande utbud av kurser och kunskapsproduktion p\u00e5 Eikholt. Dessa har alltid utvecklats i n\u00e4ra kontakt med anv\u00e4ndarna av sajten. Ingen \u00e4r b\u00e4ttre l\u00e4mpad att s\u00e4ga vad personer med d\u00f6vblindhet beh\u00f6ver \u00e4n de som sj\u00e4lva lever med denna funktionsneds\u00e4ttning.<\/p>\n\n\n\n<p>Idag omfattar v\u00e5r utbildningsverksamhet ett brett spektrum av m\u00f6jligheter.<br>Nya erbjudanden tillkommer st\u00e4ndigt och vissa l\u00e4ggs ned, beroende p\u00e5 samh\u00e4llsutvecklingen och m\u00e5lgruppens behov. Kurserna ger inte bara traditionell kunskap utan \u00e4ven f\u00e4rdigheter, tr\u00e4ning, pr\u00f6vningar och nya insikter.<\/p>\n\n\n\n<p>H\u00e4r kan du se <a href=\"https:\/\/www.eikholt.no\/sv\/anlaggningar\/\"><strong>v\u00e5ra anl\u00e4ggningar<\/strong><\/a><\/p>\n\n\n\n<p>H\u00e4r kan du l\u00e4sa om<strong> <a href=\"https:\/\/www.eikholt.no\/sv\/tjanster\/\">v\u00e5ra tj\u00e4nster<\/a><\/strong><\/p>\n\n\n\n<h2 class=\"wp-block-heading\">Har du n\u00e5gra fr\u00e5gor? <\/h2>\n\n\n\n<p>Du hittar kontaktinformation h\u00e4r:\u00a0\u00a0<strong><a href=\"https:\/\/www.eikholt.no\/sv\/kontakta-oss\/\" target=\"_blank\" rel=\"noreferrer noopener\">Kontakta oss<\/a>\u00a0\u00a0<\/strong><\/p>\n\n\n\n<h2 class=\"wp-block-heading\">\u00c4r du intresserad av mer information om Eikholt?<\/h2>\n\n\n\n<p>Ladda ner appen Info Screen Go i App Store eller Google Play.<\/p>\n\n\n\n<p>Anv\u00e4nd koden&nbsp;<strong>Eikholt80<\/strong><\/p>\n\n\n\n<figure class=\"wp-block-image\"><img loading=\"lazy\" decoding=\"async\" width=\"231\" height=\"300\" src=\"https:\/\/www.eikholt.no\/app\/uploads\/2024\/03\/My_App-1-231x300.png\" alt=\"\" class=\"wp-image-2599\" srcset=\"https:\/\/www.eikholt.no\/app\/uploads\/2024\/03\/My_App-1-231x300.png 231w, https:\/\/www.eikholt.no\/app\/uploads\/2024\/03\/My_App-1-790x1024.png 790w, https:\/\/www.eikholt.no\/app\/uploads\/2024\/03\/My_App-1-768x996.png 768w, https:\/\/www.eikholt.no\/app\/uploads\/2024\/03\/My_App-1-1185x1536.png 1185w, https:\/\/www.eikholt.no\/app\/uploads\/2024\/03\/My_App-1-1580x2048.png 1580w\" sizes=\"auto, (max-width: 231px) 100vw, 231px\" \/><\/figure>","protected":false},"excerpt":{"rendered":"<p>Konnerud bestod ursprungligen av fem g\u00e5rdar. Eikholt var en av dessa g\u00e5rdar som r\u00f6jdes redan p\u00e5 1300-talet. D\u00e4r Eikholt nu ligger byggdes p\u00e5 1600-talet en damm, Hammerdammen, med tillh\u00f6rande industrianl\u00e4ggningar kopplade till gruvdriften i omr\u00e5det. Hur b\u00f6rjade det hela?  Det fanns tidigare ingen indikation p\u00e5 att Eikholt och Konnerud skulle bli centrala namn i norsk d\u00f6vblindhistoria. Det \u00e4r en av historiens<\/p>","protected":false},"author":1,"featured_media":0,"parent":0,"menu_order":0,"comment_status":"closed","ping_status":"closed","template":"","meta":{"_acf_changed":false,"inline_featured_image":false,"ep_exclude_from_search":false,"footnotes":""},"class_list":["post-1029","page","type-page","status-publish","hentry"],"acf":[],"yoast_head":"<!-- This site is optimized with the Yoast SEO plugin v25.8 - https:\/\/yoast.com\/wordpress\/plugins\/seo\/ -->\n<title>Eikholt sin historie - Eikholt<\/title>\n<meta name=\"description\" content=\"At Eikholt og Konnerud skulle bli sentrale navn i norsk d\u00f8vblindehistorie, fantes det tidligere ikke noen indikasjoner p\u00e5. Det er en av historiens mange tilfeldigheter.\" \/>\n<meta name=\"robots\" content=\"index, follow, max-snippet:-1, max-image-preview:large, max-video-preview:-1\" \/>\n<link rel=\"canonical\" href=\"https:\/\/www.eikholt.no\/sv\/historia\/\" \/>\n<meta property=\"og:locale\" content=\"sv_SE\" \/>\n<meta property=\"og:type\" content=\"article\" \/>\n<meta property=\"og:title\" content=\"Eikholt sin historie - Eikholt\" \/>\n<meta property=\"og:description\" content=\"At Eikholt og Konnerud skulle bli sentrale navn i norsk d\u00f8vblindehistorie, fantes det tidligere ikke noen indikasjoner p\u00e5. Det er en av historiens mange tilfeldigheter.\" \/>\n<meta property=\"og:url\" content=\"https:\/\/www.eikholt.no\/sv\/historia\/\" \/>\n<meta property=\"og:site_name\" content=\"Eikholt\" \/>\n<meta property=\"article:publisher\" content=\"https:\/\/www.facebook.com\/eikholt.kompetansesenter\" \/>\n<meta property=\"article:modified_time\" content=\"2025-01-06T08:00:14+00:00\" \/>\n<meta property=\"og:image\" content=\"https:\/\/www.eikholt.no\/app\/uploads\/2023\/06\/Kongen.jpg\" \/>\n\t<meta property=\"og:image:width\" content=\"378\" \/>\n\t<meta property=\"og:image:height\" content=\"224\" \/>\n\t<meta property=\"og:image:type\" content=\"image\/jpeg\" \/>\n<meta name=\"twitter:card\" content=\"summary_large_image\" \/>\n<meta name=\"twitter:label1\" content=\"Est. reading time\" \/>\n\t<meta name=\"twitter:data1\" content=\"5 minutes\" \/>\n<script type=\"application\/ld+json\" class=\"yoast-schema-graph\">{\"@context\":\"https:\/\/schema.org\",\"@graph\":[{\"@type\":\"WebPage\",\"@id\":\"https:\/\/www.eikholt.no\/historikk\/\",\"url\":\"https:\/\/www.eikholt.no\/historikk\/\",\"name\":\"Eikholt sin historie - Eikholt\",\"isPartOf\":{\"@id\":\"https:\/\/www.eikholt.no\/#website\"},\"primaryImageOfPage\":{\"@id\":\"https:\/\/www.eikholt.no\/historikk\/#primaryimage\"},\"image\":{\"@id\":\"https:\/\/www.eikholt.no\/historikk\/#primaryimage\"},\"thumbnailUrl\":\"https:\/\/www.eikholt.no\/app\/uploads\/2023\/06\/Kongen.jpg\",\"datePublished\":\"2023-06-23T06:30:52+00:00\",\"dateModified\":\"2025-01-06T08:00:14+00:00\",\"description\":\"At Eikholt og Konnerud skulle bli sentrale navn i norsk d\u00f8vblindehistorie, fantes det tidligere ikke noen indikasjoner p\u00e5. Det er en av historiens mange tilfeldigheter.\",\"breadcrumb\":{\"@id\":\"https:\/\/www.eikholt.no\/historikk\/#breadcrumb\"},\"inLanguage\":\"sv-SE\",\"potentialAction\":[{\"@type\":\"ReadAction\",\"target\":[\"https:\/\/www.eikholt.no\/historikk\/\"]}]},{\"@type\":\"ImageObject\",\"inLanguage\":\"sv-SE\",\"@id\":\"https:\/\/www.eikholt.no\/historikk\/#primaryimage\",\"url\":\"https:\/\/www.eikholt.no\/app\/uploads\/2023\/06\/Kongen.jpg\",\"contentUrl\":\"https:\/\/www.eikholt.no\/app\/uploads\/2023\/06\/Kongen.jpg\"},{\"@type\":\"BreadcrumbList\",\"@id\":\"https:\/\/www.eikholt.no\/historikk\/#breadcrumb\",\"itemListElement\":[{\"@type\":\"ListItem\",\"position\":1,\"name\":\"Forside\",\"item\":\"https:\/\/www.eikholt.no\/\"},{\"@type\":\"ListItem\",\"position\":2,\"name\":\"Eikholt sin historie\"}]},{\"@type\":\"WebSite\",\"@id\":\"https:\/\/www.eikholt.no\/#website\",\"url\":\"https:\/\/www.eikholt.no\/\",\"name\":\"Eikholt\",\"description\":\"\",\"publisher\":{\"@id\":\"https:\/\/www.eikholt.no\/#organization\"},\"potentialAction\":[{\"@type\":\"SearchAction\",\"target\":{\"@type\":\"EntryPoint\",\"urlTemplate\":\"https:\/\/www.eikholt.no\/?s={search_term_string}\"},\"query-input\":{\"@type\":\"PropertyValueSpecification\",\"valueRequired\":true,\"valueName\":\"search_term_string\"}}],\"inLanguage\":\"sv-SE\"},{\"@type\":\"Organization\",\"@id\":\"https:\/\/www.eikholt.no\/#organization\",\"name\":\"Eikholt\",\"url\":\"https:\/\/www.eikholt.no\/\",\"logo\":{\"@type\":\"ImageObject\",\"inLanguage\":\"sv-SE\",\"@id\":\"https:\/\/www.eikholt.no\/#\/schema\/logo\/image\/\",\"url\":\"https:\/\/www.eikholt.no\/app\/uploads\/2024\/04\/cropped-Logo-Eikholt-ny.jpg\",\"contentUrl\":\"https:\/\/www.eikholt.no\/app\/uploads\/2024\/04\/cropped-Logo-Eikholt-ny.jpg\",\"width\":419,\"height\":209,\"caption\":\"Eikholt\"},\"image\":{\"@id\":\"https:\/\/www.eikholt.no\/#\/schema\/logo\/image\/\"},\"sameAs\":[\"https:\/\/www.facebook.com\/eikholt.kompetansesenter\"]}]}<\/script>\n<!-- \/ Yoast SEO plugin. -->","yoast_head_json":{"title":"Eikholt:s historia - Eikholt","description":"Det fanns tidigare ingen indikation p\u00e5 att Eikholt och Konnerud skulle bli nyckelnamn i norsk d\u00f6vblindhistoria. Det \u00e4r en av historiens m\u00e5nga tillf\u00e4lligheter.","robots":{"index":"index","follow":"follow","max-snippet":"max-snippet:-1","max-image-preview":"max-image-preview:large","max-video-preview":"max-video-preview:-1"},"canonical":"https:\/\/www.eikholt.no\/sv\/historia\/","og_locale":"sv_SE","og_type":"article","og_title":"Eikholt sin historie - Eikholt","og_description":"At Eikholt og Konnerud skulle bli sentrale navn i norsk d\u00f8vblindehistorie, fantes det tidligere ikke noen indikasjoner p\u00e5. Det er en av historiens mange tilfeldigheter.","og_url":"https:\/\/www.eikholt.no\/sv\/historia\/","og_site_name":"Eikholt","article_publisher":"https:\/\/www.facebook.com\/eikholt.kompetansesenter","article_modified_time":"2025-01-06T08:00:14+00:00","og_image":[{"width":378,"height":224,"url":"https:\/\/www.eikholt.no\/app\/uploads\/2023\/06\/Kongen.jpg","type":"image\/jpeg"}],"twitter_card":"summary_large_image","twitter_misc":{"Est. reading time":"5 minutes"},"schema":{"@context":"https:\/\/schema.org","@graph":[{"@type":"WebPage","@id":"https:\/\/www.eikholt.no\/historikk\/","url":"https:\/\/www.eikholt.no\/historikk\/","name":"Eikholt:s historia - Eikholt","isPartOf":{"@id":"https:\/\/www.eikholt.no\/#website"},"primaryImageOfPage":{"@id":"https:\/\/www.eikholt.no\/historikk\/#primaryimage"},"image":{"@id":"https:\/\/www.eikholt.no\/historikk\/#primaryimage"},"thumbnailUrl":"https:\/\/www.eikholt.no\/app\/uploads\/2023\/06\/Kongen.jpg","datePublished":"2023-06-23T06:30:52+00:00","dateModified":"2025-01-06T08:00:14+00:00","description":"Det fanns tidigare ingen indikation p\u00e5 att Eikholt och Konnerud skulle bli nyckelnamn i norsk d\u00f6vblindhistoria. Det \u00e4r en av historiens m\u00e5nga tillf\u00e4lligheter.","breadcrumb":{"@id":"https:\/\/www.eikholt.no\/historikk\/#breadcrumb"},"inLanguage":"sv-SE","potentialAction":[{"@type":"ReadAction","target":["https:\/\/www.eikholt.no\/historikk\/"]}]},{"@type":"ImageObject","inLanguage":"sv-SE","@id":"https:\/\/www.eikholt.no\/historikk\/#primaryimage","url":"https:\/\/www.eikholt.no\/app\/uploads\/2023\/06\/Kongen.jpg","contentUrl":"https:\/\/www.eikholt.no\/app\/uploads\/2023\/06\/Kongen.jpg"},{"@type":"BreadcrumbList","@id":"https:\/\/www.eikholt.no\/historikk\/#breadcrumb","itemListElement":[{"@type":"ListItem","position":1,"name":"Forside","item":"https:\/\/www.eikholt.no\/"},{"@type":"ListItem","position":2,"name":"Eikholt sin historie"}]},{"@type":"WebSite","@id":"https:\/\/www.eikholt.no\/#website","url":"https:\/\/www.eikholt.no\/","name":"Eikholt","description":"","publisher":{"@id":"https:\/\/www.eikholt.no\/#organization"},"potentialAction":[{"@type":"SearchAction","target":{"@type":"EntryPoint","urlTemplate":"https:\/\/www.eikholt.no\/?s={search_term_string}"},"query-input":{"@type":"PropertyValueSpecification","valueRequired":true,"valueName":"search_term_string"}}],"inLanguage":"sv-SE"},{"@type":"Organization","@id":"https:\/\/www.eikholt.no\/#organization","name":"Eikholt","url":"https:\/\/www.eikholt.no\/","logo":{"@type":"ImageObject","inLanguage":"sv-SE","@id":"https:\/\/www.eikholt.no\/#\/schema\/logo\/image\/","url":"https:\/\/www.eikholt.no\/app\/uploads\/2024\/04\/cropped-Logo-Eikholt-ny.jpg","contentUrl":"https:\/\/www.eikholt.no\/app\/uploads\/2024\/04\/cropped-Logo-Eikholt-ny.jpg","width":419,"height":209,"caption":"Eikholt"},"image":{"@id":"https:\/\/www.eikholt.no\/#\/schema\/logo\/image\/"},"sameAs":["https:\/\/www.facebook.com\/eikholt.kompetansesenter"]}]}},"_links":{"self":[{"href":"https:\/\/www.eikholt.no\/sv\/wp-json\/wp\/v2\/pages\/1029","targetHints":{"allow":["GET"]}}],"collection":[{"href":"https:\/\/www.eikholt.no\/sv\/wp-json\/wp\/v2\/pages"}],"about":[{"href":"https:\/\/www.eikholt.no\/sv\/wp-json\/wp\/v2\/types\/page"}],"author":[{"embeddable":true,"href":"https:\/\/www.eikholt.no\/sv\/wp-json\/wp\/v2\/users\/1"}],"replies":[{"embeddable":true,"href":"https:\/\/www.eikholt.no\/sv\/wp-json\/wp\/v2\/comments?post=1029"}],"version-history":[{"count":4,"href":"https:\/\/www.eikholt.no\/sv\/wp-json\/wp\/v2\/pages\/1029\/revisions"}],"predecessor-version":[{"id":4091,"href":"https:\/\/www.eikholt.no\/sv\/wp-json\/wp\/v2\/pages\/1029\/revisions\/4091"}],"wp:attachment":[{"href":"https:\/\/www.eikholt.no\/sv\/wp-json\/wp\/v2\/media?parent=1029"}],"curies":[{"name":"wp","href":"https:\/\/api.w.org\/{rel}","templated":true}]}}