{"id":1047,"date":"2026-03-03T14:10:01","date_gmt":"2026-03-03T14:10:01","guid":{"rendered":"https:\/\/www.eikholt.no\/?page_id=1047"},"modified":"2026-03-03T14:10:02","modified_gmt":"2026-03-03T14:10:02","slug":"rattigheter","status":"publish","type":"page","link":"https:\/\/www.eikholt.no\/sv\/rattigheter\/","title":{"rendered":"R\u00e4ttigheter"},"content":{"rendered":"<details class=\"wp-block-sail-accordion\"><summary class=\"--title\">Vad vill du l\u00e4sa om?<\/summary><main class=\"--content\">\n<p><a href=\"#Tilpasningskurs-for-personer-med-d\u00f8vblindhet\"><strong>Anpassningskurser f\u00f6r personer med d\u00f6vblindhet<\/strong><\/a><\/p>\n\n\n\n<p><strong><a href=\"#Refusjon-av-reiseutgifter-for-kursdeltakere\">Ers\u00e4ttning f\u00f6r resekostnader<\/a><\/strong><\/p>\n\n\n\n<p><strong><a href=\"#Utgifter-for-ledsager\">Ledsagarkostnader f\u00f6r personer med d\u00f6vblindhet som bor p\u00e5 v\u00e5rdhem<\/a><\/strong><\/p>\n\n\n\n<p><strong><a href=\"#N\u00e5r-p\u00e5r\u00f8rende-deltar-p\u00e5-tilpasningskurs-som-ledsagere\">N\u00e4r anh\u00f6riga deltar i anpassningskurser som ledsagare<\/a><\/strong><\/p>\n\n\n\n<p id=\"Oppl\u00e6ringspenger\"><strong><a href=\"#Oppl\u00e6ringspenger-tilpasningskurs\">Utbildningsbidrag f\u00f6r deltagande i NAV-anpassningskurser<\/a><\/strong><\/p>\n\n\n\n<p><strong><a href=\"#Gr\u00f8nt-kort\">Gr\u00f6nt kort<\/a><\/strong><\/p>\n<\/main><\/details>\n\n\n\n<h2 class=\"wp-block-heading\" id=\"Tilpasningskurs-for-personer-med-d\u00f8vblindhet\">Anpassningskurser f\u00f6r personer med d\u00f6vblindhet<\/h2>\n\n\n\n<p>Anpassningskurser f\u00f6r personer med d\u00f6vblindhet \u00e4r en viktig resurs f\u00f6r att st\u00e4rka deras f\u00f6rm\u00e5ga att klara sig i vardagslivet och arbetslivet. I Norge har personer med d\u00f6vblindhet r\u00e4tt till s\u00e5dana kurser enligt folketrygdlagen, \u00a7 10-7. R\u00e4tten kan \u00e4ven omfatta n\u00e4ra kontakter\/anh\u00f6riga.<\/p>\n\n\n\n<p>Kurserna kan ges b\u00e5de i grupp och individuellt och de kan h\u00e5llas hos Eikholt, som har det nationella ansvaret f\u00f6r anpassningskurser, i anv\u00e4ndarens hem eller p\u00e5 arbets- eller studieplatsen.<\/p>\n\n\n\n<h3 class=\"wp-block-heading\" id=\"Refusjon-av-reiseutgifter-for-kursdeltakere\"><strong>Ers\u00e4ttning f\u00f6r resekostnader f\u00f6r kursdeltagare<\/strong><\/h3>\n\n\n\n<p>N\u00e4r kursdeltagare kommer till Eikholt p\u00e5 NAV anpassningskurser har de r\u00e4tt till ers\u00e4ttning f\u00f6r resekostnader. Det \u00e4r viktigt att komma ih\u00e5g att <strong>NAV ers\u00e4tter det billigaste f\u00e4rds\u00e4ttet.<\/strong><\/p>\n\n\n\n<p><strong>Undantag:<\/strong><\/p>\n\n\n\n<p>NAV t\u00e4cker det billigaste transports\u00e4ttet, men det finns vissa undantag. Du har r\u00e4tt till ers\u00e4ttning f\u00f6r annan transport \u00e4n den billigaste schemalagda transporten om:<\/p>\n\n\n\n<ul class=\"wp-block-list\">\n<li>din funktionsneds\u00e4ttning g\u00f6r det n\u00f6dv\u00e4ndigt<\/li>\n\n\n\n<li>kommunikationsf\u00f6rh\u00e5llandena g\u00f6r det n\u00f6dv\u00e4ndigt, t.ex. om det inte finns n\u00e5gon kollektivtrafik p\u00e5 str\u00e4ckan<\/li>\n\n\n\n<li>den totala kostnaden f\u00f6r att anv\u00e4nda andra transportmedel \u00e4r inte h\u00f6gre \u00e4n kostnaden f\u00f6r att anv\u00e4nda kollektivtrafik&nbsp;<\/li>\n<\/ul>\n\n\n\n<p>Anv\u00e4ndaren m\u00e5ste bifoga dokumentation om varf\u00f6r det var n\u00f6dv\u00e4ndigt att g\u00f6ra en dyrare resa i ans\u00f6kan. En l\u00e4nk till ans\u00f6kningsformul\u00e4ret finns l\u00e4ngre ner, och h\u00e4r hittar du mer information om den dokumentation som kr\u00e4vs.&nbsp;<\/p>\n\n\n\n<h3 class=\"wp-block-heading\"><strong>Rekvisition f\u00f6r resa<\/strong><\/h3>\n\n\n\n<p>Om du som kursdeltagare inte har m\u00f6jlighet att resa kan NAV Labour and Benefits utf\u00e4rda en rekvisition. I s\u00e5 fall m\u00e5ste du kontakta NAV i god tid innan du reser. Telefon till NAV:<a href=\"tel:45614404\"><strong>55 55 33 33<\/strong><\/a><\/p>\n\n\n\n<p><strong>L\u00e4s mer om resekostnader p\u00e5 NAV:s webbplats:<\/strong><\/p>\n\n\n\n<p><a href=\"https:\/\/www.nav.no\/reiseutgifter \">https:\/\/www.nav.no\/reiseutgifter <\/a><\/p>\n\n\n\n<p><strong>Ans\u00f6kningsblankett f\u00f6r \u00e5terbetalning:&nbsp;<\/strong><\/p>\n\n\n\n<p><a href=\"https:\/\/nav.no\/soknader\">https:\/\/www.nav.no\/soknader<\/a><\/p>\n\n\n\n<p><strong>Du kan l\u00e4sa mer om NAV:s anpassningskurser p\u00e5 NAV:s webbplats: <\/strong><\/p>\n\n\n\n<p><a href=\"https:\/\/www.nav.no\/tilpasningskurs#hvem\">Anpassningskurs - nav.no<\/a><\/p>\n\n\n\n<h2 class=\"wp-block-heading\" id=\"Utgifter-for-ledsager\"><strong>Ledsagarkostnader f\u00f6r personer med d\u00f6vblindhet som bor p\u00e5 v\u00e5rdhem<\/strong><\/h2>\n\n\n\n<p><strong>Kostnader f\u00f6r ledsagare\/praktisk hj\u00e4lp vid deltagande i anpassningskurs f\u00f6r d\u00f6vblinda t\u00e4cks av den allm\u00e4nna f\u00f6rs\u00e4kringen.<\/strong><\/p>\n\n\n\n<p>Under 2020 drog den norska arbets- och v\u00e4lf\u00e4rdsmyndigheten (NAV) slutsatsen att det nationella f\u00f6rs\u00e4kringssystemet t\u00e4cker extra kostnader f\u00f6r f\u00f6ljeslagare till personer med d\u00f6vblindhet som bor p\u00e5 v\u00e5rdhem under deltagande i anpassningskurser f\u00f6r d\u00f6vblinda.<\/p>\n\n\n\n<p>Personer med medf\u00f6dd d\u00f6vblindhet har s\u00e4llan m\u00f6jlighet att anv\u00e4nda tolk fr\u00e5n NAV Tolkf\u00f6rmedling. I regel f\u00f6ljs denna anv\u00e4ndargrupp upp av personal p\u00e5 boenden och\/eller dagcenter. Denna personal b\u00f6r f\u00f6lja med deltagaren p\u00e5 anpassningskurser. Detta medf\u00f6r extra kostnader f\u00f6r kommunen. Dessa kostnader f\u00f6r ledsagare t\u00e4cks av NAV.<\/p>\n\n\n\n<h3 class=\"wp-block-heading\"><strong>Hur g\u00e5r detta till?<\/strong><\/h3>\n\n\n\n<p>Eikholt kommer \u00f6verens med den kommun\/organisation d\u00e4r kursdeltagaren bor eller har sitt dagsprogram om att betala f\u00f6r extra kostnader f\u00f6r ledsagare och praktisk hj\u00e4lp, ut\u00f6ver vad som \u00e5ligger kommunen\/organisationen. Eikholt t\u00e4cker kostnader f\u00f6r ledsagaren och ers\u00e4tts av NAV efter avslutad kurs. <\/p>\n\n\n\n<h3 class=\"wp-block-heading\" id=\"N\u00e5r-p\u00e5r\u00f8rende-deltar-p\u00e5-tilpasningskurs-som-ledsagere\"><strong>N\u00e4r anh\u00f6riga deltar i anpassningskurser som ledsagare<\/strong><\/h3>\n\n\n\n<p>N\u00e4r anh\u00f6riga deltar som ledsagare har de inte r\u00e4tt till sjukpenning. De m\u00e5ste d\u00e5 ans\u00f6ka om ers\u00e4ttning f\u00f6r f\u00f6rlorad inkomst efter kursen.&nbsp;<\/p>\n\n\n\n<p>Detta g\u00f6rs via ett formul\u00e4r: <em>10.07.16 Resekostnader i samband med behov av protes, ortos, specialskor, fotb\u00e4dd, br\u00f6stprotes, ansiktsdefektprotes, \u00f6gonprotes, peruk, anpassningskurs, folkh\u00f6gskola eller grundm\u00f6nster.<\/em><\/p>\n\n\n\n<p><strong>L\u00e4nk till ans\u00f6kningsformul\u00e4r:&nbsp;<\/strong><\/p>\n\n\n\n<p><a href=\"https:\/\/www.nav.no\/fyllut\/nav100716\">Ans\u00f6kan om ers\u00e4ttning f\u00f6r resekostnader<\/a><\/p>\n\n\n\n<h4 class=\"wp-block-heading\"><strong>Dokumentation kr\u00e4vs<\/strong><\/h4>\n\n\n\n<p><strong>Behov av f\u00f6ljeslagare:<\/strong><\/p>\n\n\n\n<p>F\u00f6r att f\u00e5 ers\u00e4ttning f\u00f6r f\u00f6rlorad inkomst m\u00e5ste en terapeut dokumentera att det \u00e4r n\u00f6dv\u00e4ndigt f\u00f6r dig att ta med en f\u00f6ljeslagare. Detta kan dokumenteras av din husl\u00e4kare. <em>Ers\u00e4ttning i samband med en f\u00f6ljeslagare kan beviljas, men terapeuten m\u00e5ste dokumentera att f\u00f6ljeslagaren \u00e4r n\u00f6dv\u00e4ndig, <\/em>jfr 10-7 \u00a7 lagen om allm\u00e4n f\u00f6rs\u00e4kring.<\/p>\n\n\n\n<p><strong>F\u00f6rlorad arbetsinkomst:&nbsp;<\/strong><\/p>\n\n\n\n<p>Dokumentation m\u00e5ste ocks\u00e5 l\u00e4mnas in som visar hur mycket pengar den medf\u00f6ljande har f\u00f6rlorat p\u00e5 att vara borta fr\u00e5n arbetet. Det kan vara ett l\u00f6nebesked som visar avdrag p\u00e5 l\u00f6nen.&nbsp;<\/p>\n\n\n\n<h2 class=\"wp-block-heading\" id=\"Oppl\u00e6ringspenger-tilpasningskurs\">Utbildningsbidrag f\u00f6r deltagande i NAV-anpassningskurser<\/h2>\n\n\n\n<p>Du kan f\u00e5 utbildningsbidrag om du m\u00e5ste vara borta fr\u00e5n arbetet i samband med NAV:s anpassningskurser. Detta g\u00e4ller f\u00f6r dig som beh\u00f6ver utbildning f\u00f6r att ta hand om en person med funktionsneds\u00e4ttning eller l\u00e5ngvarig sjukdom.<\/p>\n\n\n\n<p><strong>R\u00e4tt till utbildningsbidrag kr\u00e4vs:<\/strong><\/p>\n\n\n\n<ul class=\"wp-block-list\">\n<li>Att utbildningen \u00e4r n\u00f6dv\u00e4ndig. Detta m\u00e5ste dokumenteras av en l\u00e4kare.<\/li>\n\n\n\n<li>Du m\u00e5ste ha en \u00e5rsinkomst p\u00e5 minst 65 080 NOK.<\/li>\n\n\n\n<li>Din arbetstid eller inkomst har minskats med minst 20%.<\/li>\n\n\n\n<li>Du \u00e4r under 70 \u00e5r gammal<\/li>\n\n\n\n<li>I princip m\u00e5ste du ha arbetat minst fyra veckor f\u00f6re utbildningens b\u00f6rjan f\u00f6r att kunna f\u00e5 utbildningsbidrag. Det finns flera undantag. Sjukpenning, arbetsl\u00f6shetsers\u00e4ttning, f\u00f6r\u00e4ldrapenning och havandeskapspenning, v\u00e5rdbidrag samt ledighet utan l\u00f6n kan ocks\u00e5 ge r\u00e4tt till denna f\u00f6rm\u00e5n.<\/li>\n\n\n\n<li>Att du \u00e4r medlem i det nationella f\u00f6rs\u00e4kringssystemet<\/li>\n<\/ul>\n\n\n\n<h3 class=\"wp-block-heading\"><strong>Vem kan f\u00e5 utbildningspengar<\/strong><\/h3>\n\n\n\n<ul class=\"wp-block-list\">\n<li>F\u00f6r\u00e4ldrar, styvf\u00f6r\u00e4ldrar och fosterf\u00f6r\u00e4ldrar<\/li>\n\n\n\n<li>Andra n\u00e4ra v\u00e5rdnadshavare som har en tydlig roll i v\u00e5rden av barnet<\/li>\n<\/ul>\n\n\n\n<p><strong>L\u00e4s mer om utbildningsbidrag p\u00e5 Nav:s hemsida:<\/strong><\/p>\n\n\n\n<p><a href=\"https:\/\/www.nav.no\/opplaringspenger\">Utbildningsbidrag - nav.no<\/a><\/p>\n\n\n\n<h3 class=\"wp-block-heading\" id=\"Gr\u00f8nt-kort\"><strong>Gr\u00f6nt kort<\/strong><\/h3>\n\n\n\n<p>Det gr\u00f6na kortet ger anv\u00e4ndaren en gratis ledsagare i kollektivtrafiken, inte p\u00e5 flyg. Det ger ocks\u00e5 anv\u00e4ndaren en lojalitetsrabatt. Det utf\u00e4rdas av de regionala centrumen och personen m\u00e5ste vara identifierad som d\u00f6vblind.<\/p>\n\n\n\n<p>Du kan l\u00e4sa mer om detta p\u00e5 webbplatsen f\u00f6r National Advisory Service on Deafblindness:<a href=\"https:\/\/www.dovblindhet.no\/hva-kan-hjelpe\/gront-kort\/\"> Gr\u00f6nt kort<\/a><\/p>\n\n\n\n<h3 class=\"wp-block-heading\">Har du fr\u00e5gor om r\u00e4ttigheter?<\/h3>\n\n\n\n<p>Ta kontakt med din r\u00e5dgivare och socialarbetare <a href=\"mailto:victoria.falen@eikholt.no\"><strong>victoria.falen@eikholt.no<\/strong><\/a><\/p>\n\n\n\n<h2 class=\"wp-block-heading\"><strong>Har du fr\u00e5gor om kombinerad syn- och h\u00f6rselneds\u00e4ttning?<\/strong><\/h2>\n\n\n\n<p><a href=\"https:\/\/www.eikholt.no\/sv\/kontakta-oss\/\">Kontakta oss - Eikholt<\/a><\/p>\n\n\n\n<p id=\"Oppl\u00e6ringspenger\"><\/p>\n\n\n\n<p><\/p>","protected":false},"excerpt":{"rendered":"<p>Anpassningskurser f\u00f6r personer med d\u00f6vblindhet Anpassningskurser f\u00f6r personer med d\u00f6vblindhet \u00e4r en viktig resurs f\u00f6r att st\u00e4rka f\u00f6rm\u00e5gan att klara sig i vardagslivet och arbetslivet. I Norge har personer med d\u00f6vblindhet r\u00e4tt till s\u00e5dana kurser enligt folketrygdlagen, \u00a7 10-7. R\u00e4tten kan \u00e4ven omfatta n\u00e4ra kontakter\/anh\u00f6riga. Kurserna kan ges b\u00e5de som gruppkurser och individuellt.<\/p>","protected":false},"author":1,"featured_media":0,"parent":0,"menu_order":0,"comment_status":"closed","ping_status":"closed","template":"","meta":{"_acf_changed":false,"inline_featured_image":false,"ep_exclude_from_search":false,"footnotes":""},"class_list":["post-1047","page","type-page","status-publish","hentry"],"acf":[],"yoast_head":"<!-- This site is optimized with the Yoast SEO plugin v25.8 - https:\/\/yoast.com\/wordpress\/plugins\/seo\/ -->\n<title>Rettigheter - Eikholt<\/title>\n<meta name=\"description\" content=\"Les om rettigheter knyttet til NAV-tilpasningskurs ved Eikholt. Har du sp\u00f8rsm\u00e5l om refusjon av reiseutgifter? Dekkes kostnader for ledsager og p\u00e5r\u00f8rende?\" \/>\n<meta name=\"robots\" content=\"index, follow, max-snippet:-1, max-image-preview:large, max-video-preview:-1\" \/>\n<link rel=\"canonical\" href=\"https:\/\/www.eikholt.no\/sv\/rattigheter\/\" \/>\n<meta property=\"og:locale\" content=\"sv_SE\" \/>\n<meta property=\"og:type\" content=\"article\" \/>\n<meta property=\"og:title\" content=\"Rettigheter - Eikholt\" \/>\n<meta property=\"og:description\" content=\"Les om rettigheter knyttet til NAV-tilpasningskurs ved Eikholt. Har du sp\u00f8rsm\u00e5l om refusjon av reiseutgifter? Dekkes kostnader for ledsager og p\u00e5r\u00f8rende?\" \/>\n<meta property=\"og:url\" content=\"https:\/\/www.eikholt.no\/sv\/rattigheter\/\" \/>\n<meta property=\"og:site_name\" content=\"Eikholt\" \/>\n<meta property=\"article:publisher\" content=\"https:\/\/www.facebook.com\/eikholt.kompetansesenter\" \/>\n<meta property=\"article:modified_time\" content=\"2026-03-03T14:10:02+00:00\" \/>\n<meta name=\"twitter:card\" content=\"summary_large_image\" \/>\n<meta name=\"twitter:label1\" content=\"Est. reading time\" \/>\n\t<meta name=\"twitter:data1\" content=\"5 minutes\" \/>\n<script type=\"application\/ld+json\" class=\"yoast-schema-graph\">{\"@context\":\"https:\/\/schema.org\",\"@graph\":[{\"@type\":\"WebPage\",\"@id\":\"https:\/\/www.eikholt.no\/rettigheter\/\",\"url\":\"https:\/\/www.eikholt.no\/rettigheter\/\",\"name\":\"Rettigheter - Eikholt\",\"isPartOf\":{\"@id\":\"https:\/\/www.eikholt.no\/#website\"},\"datePublished\":\"2026-03-03T14:10:01+00:00\",\"dateModified\":\"2026-03-03T14:10:02+00:00\",\"description\":\"Les om rettigheter knyttet til NAV-tilpasningskurs ved Eikholt. Har du sp\u00f8rsm\u00e5l om refusjon av reiseutgifter? Dekkes kostnader for ledsager og p\u00e5r\u00f8rende?\",\"breadcrumb\":{\"@id\":\"https:\/\/www.eikholt.no\/rettigheter\/#breadcrumb\"},\"inLanguage\":\"sv-SE\",\"potentialAction\":[{\"@type\":\"ReadAction\",\"target\":[\"https:\/\/www.eikholt.no\/rettigheter\/\"]}]},{\"@type\":\"BreadcrumbList\",\"@id\":\"https:\/\/www.eikholt.no\/rettigheter\/#breadcrumb\",\"itemListElement\":[{\"@type\":\"ListItem\",\"position\":1,\"name\":\"Forside\",\"item\":\"https:\/\/www.eikholt.no\/\"},{\"@type\":\"ListItem\",\"position\":2,\"name\":\"Rettigheter\"}]},{\"@type\":\"WebSite\",\"@id\":\"https:\/\/www.eikholt.no\/#website\",\"url\":\"https:\/\/www.eikholt.no\/\",\"name\":\"Eikholt\",\"description\":\"\",\"publisher\":{\"@id\":\"https:\/\/www.eikholt.no\/#organization\"},\"potentialAction\":[{\"@type\":\"SearchAction\",\"target\":{\"@type\":\"EntryPoint\",\"urlTemplate\":\"https:\/\/www.eikholt.no\/?s={search_term_string}\"},\"query-input\":{\"@type\":\"PropertyValueSpecification\",\"valueRequired\":true,\"valueName\":\"search_term_string\"}}],\"inLanguage\":\"sv-SE\"},{\"@type\":\"Organization\",\"@id\":\"https:\/\/www.eikholt.no\/#organization\",\"name\":\"Eikholt\",\"url\":\"https:\/\/www.eikholt.no\/\",\"logo\":{\"@type\":\"ImageObject\",\"inLanguage\":\"sv-SE\",\"@id\":\"https:\/\/www.eikholt.no\/#\/schema\/logo\/image\/\",\"url\":\"https:\/\/www.eikholt.no\/app\/uploads\/2024\/04\/cropped-Logo-Eikholt-ny.jpg\",\"contentUrl\":\"https:\/\/www.eikholt.no\/app\/uploads\/2024\/04\/cropped-Logo-Eikholt-ny.jpg\",\"width\":419,\"height\":209,\"caption\":\"Eikholt\"},\"image\":{\"@id\":\"https:\/\/www.eikholt.no\/#\/schema\/logo\/image\/\"},\"sameAs\":[\"https:\/\/www.facebook.com\/eikholt.kompetansesenter\"]}]}<\/script>\n<!-- \/ Yoast SEO plugin. -->","yoast_head_json":{"title":"R\u00e4ttigheter - Eikholt","description":"L\u00e4s om r\u00e4ttigheter i samband med NAV-anpassningskurser p\u00e5 Eikholt. Har du fr\u00e5gor om ers\u00e4ttning f\u00f6r resekostnader? T\u00e4cks kostnader f\u00f6r f\u00f6ljeslagare och anh\u00f6riga?","robots":{"index":"index","follow":"follow","max-snippet":"max-snippet:-1","max-image-preview":"max-image-preview:large","max-video-preview":"max-video-preview:-1"},"canonical":"https:\/\/www.eikholt.no\/sv\/rattigheter\/","og_locale":"sv_SE","og_type":"article","og_title":"Rettigheter - Eikholt","og_description":"Les om rettigheter knyttet til NAV-tilpasningskurs ved Eikholt. Har du sp\u00f8rsm\u00e5l om refusjon av reiseutgifter? Dekkes kostnader for ledsager og p\u00e5r\u00f8rende?","og_url":"https:\/\/www.eikholt.no\/sv\/rattigheter\/","og_site_name":"Eikholt","article_publisher":"https:\/\/www.facebook.com\/eikholt.kompetansesenter","article_modified_time":"2026-03-03T14:10:02+00:00","twitter_card":"summary_large_image","twitter_misc":{"Est. reading time":"5 minutes"},"schema":{"@context":"https:\/\/schema.org","@graph":[{"@type":"WebPage","@id":"https:\/\/www.eikholt.no\/rettigheter\/","url":"https:\/\/www.eikholt.no\/rettigheter\/","name":"R\u00e4ttigheter - Eikholt","isPartOf":{"@id":"https:\/\/www.eikholt.no\/#website"},"datePublished":"2026-03-03T14:10:01+00:00","dateModified":"2026-03-03T14:10:02+00:00","description":"L\u00e4s om r\u00e4ttigheter i samband med NAV-anpassningskurser p\u00e5 Eikholt. Har du fr\u00e5gor om ers\u00e4ttning f\u00f6r resekostnader? T\u00e4cks kostnader f\u00f6r f\u00f6ljeslagare och anh\u00f6riga?","breadcrumb":{"@id":"https:\/\/www.eikholt.no\/rettigheter\/#breadcrumb"},"inLanguage":"sv-SE","potentialAction":[{"@type":"ReadAction","target":["https:\/\/www.eikholt.no\/rettigheter\/"]}]},{"@type":"BreadcrumbList","@id":"https:\/\/www.eikholt.no\/rettigheter\/#breadcrumb","itemListElement":[{"@type":"ListItem","position":1,"name":"Forside","item":"https:\/\/www.eikholt.no\/"},{"@type":"ListItem","position":2,"name":"Rettigheter"}]},{"@type":"WebSite","@id":"https:\/\/www.eikholt.no\/#website","url":"https:\/\/www.eikholt.no\/","name":"Eikholt","description":"","publisher":{"@id":"https:\/\/www.eikholt.no\/#organization"},"potentialAction":[{"@type":"SearchAction","target":{"@type":"EntryPoint","urlTemplate":"https:\/\/www.eikholt.no\/?s={search_term_string}"},"query-input":{"@type":"PropertyValueSpecification","valueRequired":true,"valueName":"search_term_string"}}],"inLanguage":"sv-SE"},{"@type":"Organization","@id":"https:\/\/www.eikholt.no\/#organization","name":"Eikholt","url":"https:\/\/www.eikholt.no\/","logo":{"@type":"ImageObject","inLanguage":"sv-SE","@id":"https:\/\/www.eikholt.no\/#\/schema\/logo\/image\/","url":"https:\/\/www.eikholt.no\/app\/uploads\/2024\/04\/cropped-Logo-Eikholt-ny.jpg","contentUrl":"https:\/\/www.eikholt.no\/app\/uploads\/2024\/04\/cropped-Logo-Eikholt-ny.jpg","width":419,"height":209,"caption":"Eikholt"},"image":{"@id":"https:\/\/www.eikholt.no\/#\/schema\/logo\/image\/"},"sameAs":["https:\/\/www.facebook.com\/eikholt.kompetansesenter"]}]}},"_links":{"self":[{"href":"https:\/\/www.eikholt.no\/sv\/wp-json\/wp\/v2\/pages\/1047","targetHints":{"allow":["GET"]}}],"collection":[{"href":"https:\/\/www.eikholt.no\/sv\/wp-json\/wp\/v2\/pages"}],"about":[{"href":"https:\/\/www.eikholt.no\/sv\/wp-json\/wp\/v2\/types\/page"}],"author":[{"embeddable":true,"href":"https:\/\/www.eikholt.no\/sv\/wp-json\/wp\/v2\/users\/1"}],"replies":[{"embeddable":true,"href":"https:\/\/www.eikholt.no\/sv\/wp-json\/wp\/v2\/comments?post=1047"}],"version-history":[{"count":57,"href":"https:\/\/www.eikholt.no\/sv\/wp-json\/wp\/v2\/pages\/1047\/revisions"}],"predecessor-version":[{"id":5865,"href":"https:\/\/www.eikholt.no\/sv\/wp-json\/wp\/v2\/pages\/1047\/revisions\/5865"}],"wp:attachment":[{"href":"https:\/\/www.eikholt.no\/sv\/wp-json\/wp\/v2\/media?parent=1047"}],"curies":[{"name":"wp","href":"https:\/\/api.w.org\/{rel}","templated":true}]}}