{"id":1049,"date":"2023-06-23T08:07:29","date_gmt":"2023-06-23T08:07:29","guid":{"rendered":"https:\/\/www.eikholt.no\/?page_id=1049"},"modified":"2023-06-23T08:09:38","modified_gmt":"2023-06-23T08:09:38","slug":"engelska","status":"publish","type":"page","link":"https:\/\/www.eikholt.no\/sv\/engelska\/","title":{"rendered":"Engelska"},"content":{"rendered":"<p>Eikholt \u00e4r ett nationellt kompetenscentrum f\u00f6r tv\u00e4rvetenskaplig och bred kunskap och utbildning inom kombinerad syn- och h\u00f6rselneds\u00e4ttning samt d\u00f6vblindhet. Centret ligger i vackra omgivningar n\u00e4ra staden Drammen, 30 km v\u00e4ster om Oslo.<\/p>\n\n\n\n<p><strong>M\u00e5lgrupper:<\/strong><\/p>\n\n\n\n<ul class=\"wp-block-list\">\n<li>personer med kombinerad syn- och h\u00f6rselneds\u00e4ttning\/d\u00f6vblindhet<\/li>\n\n\n\n<li>yrkesverksamma<\/li>\n\n\n\n<li>n\u00e4rmaste sl\u00e4kting<\/li>\n<\/ul>\n\n\n\n<p><strong>Vi erbjuder:<\/strong><\/p>\n\n\n\n<ul class=\"wp-block-list\">\n<li>rehabilitering till yrkesliv, studier och vardagsliv<\/li>\n\n\n\n<li>utbildning f\u00f6r alternativ kommunikation<\/li>\n\n\n\n<li>optimering av syn och h\u00f6rsel<\/li>\n\n\n\n<li>forskning<\/li>\n\n\n\n<li>utbildning och anpassning till informationsteknik<\/li>\n\n\n\n<li>seminarier och tj\u00e4nster som skr\u00e4ddarsys f\u00f6r individuella behov<\/li>\n\n\n\n<li>en m\u00f6tesplats f\u00f6r brukare, familjer och professionella<\/li>\n<\/ul>\n\n\n\n<p>Eikholt Centre \u00e4r anpassat till behoven hos personer med kombinerad syn- och h\u00f6rselneds\u00e4ttning genom sin belysning, kontrast- och f\u00e4rgmedvetna design, teleslinga samt isfria och guidade naturstigar. Eikholt \u00e4r en icke-vinstdrivande institution som \u00e4gs av Eikholt Foundation och finansieras av Norges regering.<\/p>\n\n\n\n<p><a href=\"https:\/\/www.eikholt.no\/sv\/app\/uppladdningar\/2023\/06\/eikholt-english-presentatione-2017-1.pdf\/\">Eikholt - Engelsk presentation 2017<\/a><\/p>","protected":false},"excerpt":{"rendered":"<p>Eikholt \u00e4r ett nationellt kompetenscentrum f\u00f6r tv\u00e4rvetenskaplig och bred kunskap och utbildning inom kombinerad syn- och h\u00f6rselneds\u00e4ttning samt d\u00f6vblindhet. Centret \u00e4r bel\u00e4get i vackra omgivningar n\u00e4ra staden Drammen, 30 km v\u00e4ster om Oslo. M\u00e5lgrupper f\u00f6r verksamheten: Vi erbjuder: Eikholt Centre \u00e4r anpassat till behoven hos personer<\/p>","protected":false},"author":1,"featured_media":0,"parent":0,"menu_order":0,"comment_status":"closed","ping_status":"closed","template":"","meta":{"_acf_changed":false,"inline_featured_image":false,"ep_exclude_from_search":false,"footnotes":""},"class_list":["post-1049","page","type-page","status-publish","hentry"],"acf":[],"yoast_head":"<!-- This site is optimized with the Yoast SEO plugin v25.8 - https:\/\/yoast.com\/wordpress\/plugins\/seo\/ -->\n<title>English - Eikholt<\/title>\n<meta name=\"robots\" content=\"index, follow, max-snippet:-1, max-image-preview:large, max-video-preview:-1\" \/>\n<link rel=\"canonical\" href=\"https:\/\/www.eikholt.no\/sv\/engelska\/\" \/>\n<meta property=\"og:locale\" content=\"sv_SE\" \/>\n<meta property=\"og:type\" content=\"article\" \/>\n<meta property=\"og:title\" content=\"English - Eikholt\" \/>\n<meta property=\"og:description\" content=\"Eikholt is a national center of excellence in inter-disciplinary and broad-based knowledge and training in the fields of combined vision and hearing impairment and deafblindness. The Centre is situated in beautiful surroundings near the city of Drammen, 30 km west of Oslo. Target groups: We offer: Eikholt Centre is tailored to the needs of people\" \/>\n<meta property=\"og:url\" content=\"https:\/\/www.eikholt.no\/sv\/engelska\/\" \/>\n<meta property=\"og:site_name\" content=\"Eikholt\" \/>\n<meta property=\"article:publisher\" content=\"https:\/\/www.facebook.com\/eikholt.kompetansesenter\" \/>\n<meta property=\"article:modified_time\" content=\"2023-06-23T08:09:38+00:00\" \/>\n<meta name=\"twitter:card\" content=\"summary_large_image\" \/>\n<meta name=\"twitter:label1\" content=\"Est. reading time\" \/>\n\t<meta name=\"twitter:data1\" content=\"1 minute\" \/>\n<script type=\"application\/ld+json\" class=\"yoast-schema-graph\">{\"@context\":\"https:\/\/schema.org\",\"@graph\":[{\"@type\":\"WebPage\",\"@id\":\"https:\/\/www.eikholt.no\/english\/\",\"url\":\"https:\/\/www.eikholt.no\/english\/\",\"name\":\"English - Eikholt\",\"isPartOf\":{\"@id\":\"https:\/\/www.eikholt.no\/#website\"},\"datePublished\":\"2023-06-23T08:07:29+00:00\",\"dateModified\":\"2023-06-23T08:09:38+00:00\",\"breadcrumb\":{\"@id\":\"https:\/\/www.eikholt.no\/english\/#breadcrumb\"},\"inLanguage\":\"sv-SE\",\"potentialAction\":[{\"@type\":\"ReadAction\",\"target\":[\"https:\/\/www.eikholt.no\/english\/\"]}]},{\"@type\":\"BreadcrumbList\",\"@id\":\"https:\/\/www.eikholt.no\/english\/#breadcrumb\",\"itemListElement\":[{\"@type\":\"ListItem\",\"position\":1,\"name\":\"Forside\",\"item\":\"https:\/\/www.eikholt.no\/\"},{\"@type\":\"ListItem\",\"position\":2,\"name\":\"English\"}]},{\"@type\":\"WebSite\",\"@id\":\"https:\/\/www.eikholt.no\/#website\",\"url\":\"https:\/\/www.eikholt.no\/\",\"name\":\"Eikholt\",\"description\":\"\",\"publisher\":{\"@id\":\"https:\/\/www.eikholt.no\/#organization\"},\"potentialAction\":[{\"@type\":\"SearchAction\",\"target\":{\"@type\":\"EntryPoint\",\"urlTemplate\":\"https:\/\/www.eikholt.no\/?s={search_term_string}\"},\"query-input\":{\"@type\":\"PropertyValueSpecification\",\"valueRequired\":true,\"valueName\":\"search_term_string\"}}],\"inLanguage\":\"sv-SE\"},{\"@type\":\"Organization\",\"@id\":\"https:\/\/www.eikholt.no\/#organization\",\"name\":\"Eikholt\",\"url\":\"https:\/\/www.eikholt.no\/\",\"logo\":{\"@type\":\"ImageObject\",\"inLanguage\":\"sv-SE\",\"@id\":\"https:\/\/www.eikholt.no\/#\/schema\/logo\/image\/\",\"url\":\"https:\/\/www.eikholt.no\/app\/uploads\/2024\/04\/cropped-Logo-Eikholt-ny.jpg\",\"contentUrl\":\"https:\/\/www.eikholt.no\/app\/uploads\/2024\/04\/cropped-Logo-Eikholt-ny.jpg\",\"width\":419,\"height\":209,\"caption\":\"Eikholt\"},\"image\":{\"@id\":\"https:\/\/www.eikholt.no\/#\/schema\/logo\/image\/\"},\"sameAs\":[\"https:\/\/www.facebook.com\/eikholt.kompetansesenter\"]}]}<\/script>\n<!-- \/ Yoast SEO plugin. -->","yoast_head_json":{"title":"Engelska - Eikholt","robots":{"index":"index","follow":"follow","max-snippet":"max-snippet:-1","max-image-preview":"max-image-preview:large","max-video-preview":"max-video-preview:-1"},"canonical":"https:\/\/www.eikholt.no\/sv\/engelska\/","og_locale":"sv_SE","og_type":"article","og_title":"English - Eikholt","og_description":"Eikholt is a national center of excellence in inter-disciplinary and broad-based knowledge and training in the fields of combined vision and hearing impairment and deafblindness. The Centre is situated in beautiful surroundings near the city of Drammen, 30 km west of Oslo. Target groups: We offer: Eikholt Centre is tailored to the needs of people","og_url":"https:\/\/www.eikholt.no\/sv\/engelska\/","og_site_name":"Eikholt","article_publisher":"https:\/\/www.facebook.com\/eikholt.kompetansesenter","article_modified_time":"2023-06-23T08:09:38+00:00","twitter_card":"summary_large_image","twitter_misc":{"Est. reading time":"1 minute"},"schema":{"@context":"https:\/\/schema.org","@graph":[{"@type":"WebPage","@id":"https:\/\/www.eikholt.no\/english\/","url":"https:\/\/www.eikholt.no\/english\/","name":"Engelska - Eikholt","isPartOf":{"@id":"https:\/\/www.eikholt.no\/#website"},"datePublished":"2023-06-23T08:07:29+00:00","dateModified":"2023-06-23T08:09:38+00:00","breadcrumb":{"@id":"https:\/\/www.eikholt.no\/english\/#breadcrumb"},"inLanguage":"sv-SE","potentialAction":[{"@type":"ReadAction","target":["https:\/\/www.eikholt.no\/english\/"]}]},{"@type":"BreadcrumbList","@id":"https:\/\/www.eikholt.no\/english\/#breadcrumb","itemListElement":[{"@type":"ListItem","position":1,"name":"Forside","item":"https:\/\/www.eikholt.no\/"},{"@type":"ListItem","position":2,"name":"English"}]},{"@type":"WebSite","@id":"https:\/\/www.eikholt.no\/#website","url":"https:\/\/www.eikholt.no\/","name":"Eikholt","description":"","publisher":{"@id":"https:\/\/www.eikholt.no\/#organization"},"potentialAction":[{"@type":"SearchAction","target":{"@type":"EntryPoint","urlTemplate":"https:\/\/www.eikholt.no\/?s={search_term_string}"},"query-input":{"@type":"PropertyValueSpecification","valueRequired":true,"valueName":"search_term_string"}}],"inLanguage":"sv-SE"},{"@type":"Organization","@id":"https:\/\/www.eikholt.no\/#organization","name":"Eikholt","url":"https:\/\/www.eikholt.no\/","logo":{"@type":"ImageObject","inLanguage":"sv-SE","@id":"https:\/\/www.eikholt.no\/#\/schema\/logo\/image\/","url":"https:\/\/www.eikholt.no\/app\/uploads\/2024\/04\/cropped-Logo-Eikholt-ny.jpg","contentUrl":"https:\/\/www.eikholt.no\/app\/uploads\/2024\/04\/cropped-Logo-Eikholt-ny.jpg","width":419,"height":209,"caption":"Eikholt"},"image":{"@id":"https:\/\/www.eikholt.no\/#\/schema\/logo\/image\/"},"sameAs":["https:\/\/www.facebook.com\/eikholt.kompetansesenter"]}]}},"_links":{"self":[{"href":"https:\/\/www.eikholt.no\/sv\/wp-json\/wp\/v2\/pages\/1049","targetHints":{"allow":["GET"]}}],"collection":[{"href":"https:\/\/www.eikholt.no\/sv\/wp-json\/wp\/v2\/pages"}],"about":[{"href":"https:\/\/www.eikholt.no\/sv\/wp-json\/wp\/v2\/types\/page"}],"author":[{"embeddable":true,"href":"https:\/\/www.eikholt.no\/sv\/wp-json\/wp\/v2\/users\/1"}],"replies":[{"embeddable":true,"href":"https:\/\/www.eikholt.no\/sv\/wp-json\/wp\/v2\/comments?post=1049"}],"version-history":[{"count":3,"href":"https:\/\/www.eikholt.no\/sv\/wp-json\/wp\/v2\/pages\/1049\/revisions"}],"predecessor-version":[{"id":1053,"href":"https:\/\/www.eikholt.no\/sv\/wp-json\/wp\/v2\/pages\/1049\/revisions\/1053"}],"wp:attachment":[{"href":"https:\/\/www.eikholt.no\/sv\/wp-json\/wp\/v2\/media?parent=1049"}],"curies":[{"name":"wp","href":"https:\/\/api.w.org\/{rel}","templated":true}]}}