{"id":1580,"date":"2023-06-23T15:26:19","date_gmt":"2023-06-23T15:26:19","guid":{"rendered":"https:\/\/www.eikholt.no\/?page_id=1580"},"modified":"2026-02-17T08:36:38","modified_gmt":"2026-02-17T08:36:38","slug":"om-oss-vart-uppdrag","status":"publish","type":"page","link":"https:\/\/www.eikholt.no\/sv\/om-oss\/om-oss-vart-uppdrag\/","title":{"rendered":"V\u00e5ra uppdrag"},"content":{"rendered":"<div class=\"wp-block-sail-video-modal\"><button class=\"--modal-button\"><img decoding=\"async\" src=\"\/app\/teman\/eikholt\/public\/images\/wave.338e86.svg\" alt=\"finial-ikon\"\/>Video med teckenspr\u00e5k<\/button><div class=\"--modal --hidden\" role=\"dialog\" aria-label=\"dialog\" aria-modal=\"true\"><div class=\"--modal-content\"><video id=\"modalVideo\" controls src=\"https:\/\/www.eikholt.no\/app\/uploads\/2023\/06\/Eikholt-to-nasjonale-oppdrag-hvit-vegg-optimalisert-2.mp4\"><\/video><button class=\"--close-modal-button\" aria-label=\"st\u00e4ngd\"><img decoding=\"async\" src=\"\/app\/teman\/eikholt\/public\/images\/close.dbfa19.svg\" alt=\"st\u00e4ngningsikon\"\/><\/button><\/div><\/div><\/div>\n\n\n\n<p><strong>Eikholt har tv\u00e5 nationella uppdrag<\/strong>:<\/p>\n\n\n\n<h2 class=\"wp-block-heading\"><strong>1.<\/strong>Anpassningskurs f\u00f6r personer med d\u00f6vblindhet<\/h2>\n\n\n\n<p>Eikholt tilldelas ett nationellt ansvar f\u00f6r <a href=\"https:\/\/www.nav.no\/tilpasningskurs\" target=\"_blank\" rel=\"noreferrer noopener\">Kurs i NAV-anpassning<\/a> f\u00f6r personer med kombinerad syn- och h\u00f6rselneds\u00e4ttning\/d\u00f6vblindhet. Detta \u00e4r en r\u00e4ttighet enligt <a href=\"https:\/\/lovdata.no\/nav\/rundskriv\/v6-10-07acd#ref\/lov\/1997-02-28-19\/10-7\" target=\"_blank\" rel=\"noreferrer noopener\">Lagen om allm\u00e4n f\u00f6rs\u00e4kring.<\/a> R\u00e4tten till anpassade kurser g\u00e4ller \u00e4ven familjemedlemmar.&nbsp;<\/p>\n\n\n\n<p><strong>Eikholt-erbjudanden:&nbsp;<\/strong><\/p>\n\n\n\n<ul class=\"wp-block-list\">\n<li>Bed\u00f6mning och optimering av syn- och h\u00f6rselfunktion&nbsp;<\/li>\n\n\n\n<li>rehabilitering i ett livscykelperspektiv<\/li>\n\n\n\n<li>utbildning i olika former av kommunikation<\/li>\n\n\n\n<li>testning och utbildning inom ICT&nbsp;<\/li>\n\n\n\n<li>testning och utbildning i r\u00f6rlighet och orientering&nbsp;<\/li>\n\n\n\n<li>R\u00e5dgivning, v\u00e4gledning och information till anh\u00f6riga och andra tj\u00e4nsteleverant\u00f6rer&nbsp;&nbsp;<\/li>\n<\/ul>\n\n\n\n<h2 class=\"wp-block-heading\"><strong>2.Uppbyggnad av expertis och spridning av kunskap<\/strong>&nbsp;<\/h2>\n\n\n\n<p>Eikholt har ett rikst\u00e4ckande uppdrag inom National Advisory Service on Deafblindness, genom ett avtal med&nbsp;<a href=\"https:\/\/img0.custompublish.com\/getfile.php\/4104631.1320.anmilm7auuqzlt\/Avtale+Eikholt.pdf?return=www.dovblindhet.no\" target=\"_blank\" rel=\"noreferrer noopener\">Regionala h\u00e4lsov\u00e5rdsmyndigheten i Nordnorge<\/a>.Uppdraget \u00e4r att utveckla och sprida kunskap som \u00e4r av betydelse f\u00f6r personer med kombinerad syn- och h\u00f6rselneds\u00e4ttning\/d\u00f6vblindhet. M\u00e5lgruppen \u00e4r utf\u00f6rare inom v\u00e5rd- och omsorgssektorn, personer med syn- och h\u00f6rselneds\u00e4ttning, anh\u00f6riga, civilsamh\u00e4llet och andra relevanta intressenter.&nbsp;&nbsp;<\/p>\n\n\n\n<p>Eikholt utvecklar ny kunskap och kompetens genom forsknings- och utvecklingsprojekt (FoU). En viktig princip f\u00f6r v\u00e5rt FoU-arbete \u00e4r att resultaten ska vara anv\u00e4ndbara f\u00f6r m\u00e5lgrupperna och st\u00e4rka kvaliteten p\u00e5 anpassningskurser f\u00f6r d\u00f6vblinda. Det inneb\u00e4r att projektid\u00e9er utvecklas tillsammans med, eller kommer fr\u00e5n, personer som anv\u00e4nder Eikholt:s tj\u00e4nster. Vi \u00e4r en godk\u00e4nd forskningsorganisation av Norges forskningsr\u00e5d. Eikholt \u00e4r medlem i professionella n\u00e4tverk och samarbetar med anv\u00e4ndarorganisationer och relevanta professionella milj\u00f6er i Norge och internationellt. Kunskapsspridning sker genom undervisning p\u00e5 universitet och h\u00f6gskolor, webbinarier, konferenser och olika publikationer.&nbsp;<\/p>\n\n\n\n<p><strong><a href=\"https:\/\/www.dovblindhet.no\/48f2ec\/contentassets\/fd559ab3cdf14ad08d5ceb7f55100ca9\/helse-nord---eikholt.pdf\">Ramavtal Eikholt<\/a><\/strong><\/p>\n\n\n\n<p><a href=\"https:\/\/img9.custompublish.com\/getfile.php\/5358128.2419.pipmmwmkz7mqjt\/veileder-nasjonale-tjenester-i-spesialisthelsetjenesten-desember-2023.pdf?return=dovblindhet.intra.custompublish.com\"><strong>Guide till f\u00f6rordning nr 1706 fr\u00e5n december 2010<\/strong><\/a><\/p>\n\n\n\n<p><a href=\"https:\/\/www.eikholt.no\/sv\/app\/uppladdningar\/2024\/05\/prestationsavtal-eikholt-2024-pdf\/\"><strong>Prestandaavtal Eikholt<\/strong><\/a><\/p>\n\n\n\n<h3 class=\"wp-block-heading\"><strong>Eikholt - en nationell m\u00f6tesplats<\/strong><\/h3>\n\n\n\n<p>Eikholt \u00e4r en m\u00f6tesplats f\u00f6r personer med kombinerad syn- och h\u00f6rselneds\u00e4ttning\/d\u00f6vblindhet och deras anh\u00f6riga. Vi l\u00e4gger stor vikt vid att vara en bra arena som pr\u00e4glas av v\u00e5ra v\u00e4rderingar:&nbsp;<em>S\u00e4ker, kompetent och kreativ<\/em>. Genom aktiviteter och social samvaro kan personer med d\u00f6vblindhet i olika \u00e5ldrar och livssituationer dela med sig av kunskap och utbyta erfarenheter.&nbsp;<\/p>\n\n\n\n<p><strong>En Eikholt-kurs ger m\u00f6jlighet till mening, gemenskap och \u00f6kad livskvalitet.<\/strong>&nbsp;<\/p>\n\n\n\n<p>Eikholt \u00e4r ocks\u00e5 en m\u00f6tesplats f\u00f6r yrkesverksamma och forskare. En del kommer tillsammans med kursdeltagare. Andra \u00e4r h\u00e4r som en del av en utbildningsplats, praktikplats eller i samband med projekt. Vi underl\u00e4ttar ocks\u00e5 fysiska och digitala m\u00f6ten mellan yrkesverksamma vid konferenser, workshops och seminarier.&nbsp;<\/p>\n\n\n\n<h2 class=\"wp-block-heading\">\u00c5rsredovisning<\/h2>\n\n\n\n<p>H\u00e4r kan du ladda ner \u00e5rsredovisningen f\u00f6r 2024 i fullversion eller kortversion.<\/p>\n\n\n\n<p><strong><a href=\"https:\/\/www.eikholt.no\/sv\/app\/uppladdningar\/2025\/02\/arsrapport-2024-for-eikholt-pdf\/\" target=\"_blank\" rel=\"noreferrer noopener\">\u00c5rsredovisning 2024 Eikholt<\/a><\/strong><\/p>\n\n\n\n<p><strong><a href=\"https:\/\/www.eikholt.no\/sv\/app\/uppladdningar\/2025\/02\/arsrapport-2024-eikholt-kortversion-pdf\/\" target=\"_blank\" rel=\"noreferrer noopener\">\u00c5rsredovisning 2024 Eikholt - kort version<\/a><\/strong><\/p>\n\n\n\n<h2 class=\"wp-block-heading\">\u00c4r du intresserad av mer information om Eikholt?<\/h2>\n\n\n\n<p>L\u00e4s mer om<strong> <a href=\"https:\/\/www.eikholt.no\/sv\/organisation-oakwood\/\">Organisation<\/a><\/strong><\/p>\n\n\n\n<p>L\u00e4s mer om <strong><a href=\"https:\/\/www.eikholt.no\/sv\/historia\/\">Eikholt:s historia<\/a><\/strong><\/p>\n\n\n\n<p>Ladda ner appen Info Screen Go i App Store eller Google Play. Anv\u00e4nd koden&nbsp;<strong>Eikholt80<\/strong><\/p>\n\n\n\n<figure class=\"wp-block-image\"><img loading=\"lazy\" decoding=\"async\" width=\"231\" height=\"300\" src=\"https:\/\/www.eikholt.no\/app\/uploads\/2024\/03\/My_App-1-231x300.png\" alt=\"\" class=\"wp-image-2599\" srcset=\"https:\/\/www.eikholt.no\/app\/uploads\/2024\/03\/My_App-1-231x300.png 231w, https:\/\/www.eikholt.no\/app\/uploads\/2024\/03\/My_App-1-790x1024.png 790w, https:\/\/www.eikholt.no\/app\/uploads\/2024\/03\/My_App-1-768x996.png 768w, https:\/\/www.eikholt.no\/app\/uploads\/2024\/03\/My_App-1-1185x1536.png 1185w, https:\/\/www.eikholt.no\/app\/uploads\/2024\/03\/My_App-1-1580x2048.png 1580w\" sizes=\"auto, (max-width: 231px) 100vw, 231px\" \/><\/figure>","protected":false},"excerpt":{"rendered":"<p>Eikholt har to nasjonale oppdrag: 1.\u2002Tilpasningskurs for d\u00f8vblinde Eikholt er tildelt et nasjonalt ansvar for NAV tilpasningskurs for personer med kombinert syns- og h\u00f8rselsnedsettelse\/d\u00f8vblindhet. Dette er en rettighet etter lov om folketrygd. Retten til tilpasningskurs gjelder ogs\u00e5 n\u00e6rpersoner.&nbsp; Eikholt tilbyr:&nbsp; 2.\u2002Bygge kompetanse og formidle kunnskap&nbsp; Eikholt&nbsp;har et&nbsp;landsdekkende&nbsp;oppdrag&nbsp;i&nbsp;Nasjonal kompetansetjeneste for d\u00f8vblinde,&nbsp;gjennom&nbsp;en&nbsp;avtale&nbsp;med&nbsp;Helse Nord RHF.\u202f&nbsp;Oppdraget best\u00e5r av&nbsp;\u00e5 utvikle&nbsp;og&nbsp;formidle&nbsp;kunnskap&nbsp;av<\/p>","protected":false},"author":2,"featured_media":5602,"parent":682,"menu_order":0,"comment_status":"closed","ping_status":"closed","template":"","meta":{"_acf_changed":false,"inline_featured_image":false,"ep_exclude_from_search":false,"footnotes":""},"class_list":["post-1580","page","type-page","status-publish","has-post-thumbnail","hentry"],"acf":[],"yoast_head":"<!-- This site is optimized with the Yoast SEO plugin v25.8 - https:\/\/yoast.com\/wordpress\/plugins\/seo\/ -->\n<title>V\u00e5re oppdrag - Eikholt<\/title>\n<meta name=\"description\" content=\"Eikholt har to nasjonale oppdrag. Vi har et nasjonalt ansvar for NAV-tilpasningskurs for d\u00f8vblinde, og gjennom avtale med Helse Nors RHF skal vi utvikle\u00a0og\u00a0formidle\u00a0kunnskap . Les om oppdragene v\u00e5re her:\" \/>\n<meta name=\"robots\" content=\"index, follow, max-snippet:-1, max-image-preview:large, max-video-preview:-1\" \/>\n<link rel=\"canonical\" href=\"https:\/\/www.eikholt.no\/sv\/om-oss\/om-oss-vart-uppdrag\/\" \/>\n<meta property=\"og:locale\" content=\"sv_SE\" \/>\n<meta property=\"og:type\" content=\"article\" \/>\n<meta property=\"og:title\" content=\"V\u00e5re oppdrag - Eikholt\" \/>\n<meta property=\"og:description\" content=\"Eikholt har to nasjonale oppdrag. Vi har et nasjonalt ansvar for NAV-tilpasningskurs for d\u00f8vblinde, og gjennom avtale med Helse Nors RHF skal vi utvikle\u00a0og\u00a0formidle\u00a0kunnskap . Les om oppdragene v\u00e5re her:\" \/>\n<meta property=\"og:url\" content=\"https:\/\/www.eikholt.no\/sv\/om-oss\/om-oss-vart-uppdrag\/\" \/>\n<meta property=\"og:site_name\" content=\"Eikholt\" \/>\n<meta property=\"article:publisher\" content=\"https:\/\/www.facebook.com\/eikholt.kompetansesenter\" \/>\n<meta property=\"article:modified_time\" content=\"2026-02-17T08:36:38+00:00\" \/>\n<meta property=\"og:image\" content=\"https:\/\/www.eikholt.no\/app\/uploads\/2025\/12\/Utendors-utsikt-benk-ved-adm.-MD-tolk-NMFS-tegnsprak-3-1024x687.jpg\" \/>\n\t<meta property=\"og:image:width\" content=\"1024\" \/>\n\t<meta property=\"og:image:height\" content=\"687\" \/>\n\t<meta property=\"og:image:type\" content=\"image\/jpeg\" \/>\n<meta name=\"twitter:card\" content=\"summary_large_image\" \/>\n<meta name=\"twitter:label1\" content=\"Est. reading time\" \/>\n\t<meta name=\"twitter:data1\" content=\"3 minutes\" \/>\n<script type=\"application\/ld+json\" class=\"yoast-schema-graph\">{\"@context\":\"https:\/\/schema.org\",\"@graph\":[{\"@type\":\"WebPage\",\"@id\":\"https:\/\/www.eikholt.no\/om-oss\/om-oss-vare-oppdrag\/\",\"url\":\"https:\/\/www.eikholt.no\/om-oss\/om-oss-vare-oppdrag\/\",\"name\":\"V\u00e5re oppdrag - Eikholt\",\"isPartOf\":{\"@id\":\"https:\/\/www.eikholt.no\/#website\"},\"primaryImageOfPage\":{\"@id\":\"https:\/\/www.eikholt.no\/om-oss\/om-oss-vare-oppdrag\/#primaryimage\"},\"image\":{\"@id\":\"https:\/\/www.eikholt.no\/om-oss\/om-oss-vare-oppdrag\/#primaryimage\"},\"thumbnailUrl\":\"https:\/\/www.eikholt.no\/app\/uploads\/2025\/12\/Utendors-utsikt-benk-ved-adm.-MD-tolk-NMFS-tegnsprak-3.jpg\",\"datePublished\":\"2023-06-23T15:26:19+00:00\",\"dateModified\":\"2026-02-17T08:36:38+00:00\",\"description\":\"Eikholt har to nasjonale oppdrag. Vi har et nasjonalt ansvar for NAV-tilpasningskurs for d\u00f8vblinde, og gjennom avtale med Helse Nors RHF skal vi utvikle\u00a0og\u00a0formidle\u00a0kunnskap . Les om oppdragene v\u00e5re her:\",\"breadcrumb\":{\"@id\":\"https:\/\/www.eikholt.no\/om-oss\/om-oss-vare-oppdrag\/#breadcrumb\"},\"inLanguage\":\"sv-SE\",\"potentialAction\":[{\"@type\":\"ReadAction\",\"target\":[\"https:\/\/www.eikholt.no\/om-oss\/om-oss-vare-oppdrag\/\"]}]},{\"@type\":\"ImageObject\",\"inLanguage\":\"sv-SE\",\"@id\":\"https:\/\/www.eikholt.no\/om-oss\/om-oss-vare-oppdrag\/#primaryimage\",\"url\":\"https:\/\/www.eikholt.no\/app\/uploads\/2025\/12\/Utendors-utsikt-benk-ved-adm.-MD-tolk-NMFS-tegnsprak-3.jpg\",\"contentUrl\":\"https:\/\/www.eikholt.no\/app\/uploads\/2025\/12\/Utendors-utsikt-benk-ved-adm.-MD-tolk-NMFS-tegnsprak-3.jpg\",\"width\":2400,\"height\":1609,\"caption\":\"To personer sitter p\u00e5 en benk. i bakgrunnen bygninger, plen og tr\u00e6r.\"},{\"@type\":\"BreadcrumbList\",\"@id\":\"https:\/\/www.eikholt.no\/om-oss\/om-oss-vare-oppdrag\/#breadcrumb\",\"itemListElement\":[{\"@type\":\"ListItem\",\"position\":1,\"name\":\"Forside\",\"item\":\"https:\/\/www.eikholt.no\/\"},{\"@type\":\"ListItem\",\"position\":2,\"name\":\"Om oss\",\"item\":\"https:\/\/www.eikholt.no\/om-oss\/\"},{\"@type\":\"ListItem\",\"position\":3,\"name\":\"V\u00e5re oppdrag\"}]},{\"@type\":\"WebSite\",\"@id\":\"https:\/\/www.eikholt.no\/#website\",\"url\":\"https:\/\/www.eikholt.no\/\",\"name\":\"Eikholt\",\"description\":\"\",\"publisher\":{\"@id\":\"https:\/\/www.eikholt.no\/#organization\"},\"potentialAction\":[{\"@type\":\"SearchAction\",\"target\":{\"@type\":\"EntryPoint\",\"urlTemplate\":\"https:\/\/www.eikholt.no\/?s={search_term_string}\"},\"query-input\":{\"@type\":\"PropertyValueSpecification\",\"valueRequired\":true,\"valueName\":\"search_term_string\"}}],\"inLanguage\":\"sv-SE\"},{\"@type\":\"Organization\",\"@id\":\"https:\/\/www.eikholt.no\/#organization\",\"name\":\"Eikholt\",\"url\":\"https:\/\/www.eikholt.no\/\",\"logo\":{\"@type\":\"ImageObject\",\"inLanguage\":\"sv-SE\",\"@id\":\"https:\/\/www.eikholt.no\/#\/schema\/logo\/image\/\",\"url\":\"https:\/\/www.eikholt.no\/app\/uploads\/2024\/04\/cropped-Logo-Eikholt-ny.jpg\",\"contentUrl\":\"https:\/\/www.eikholt.no\/app\/uploads\/2024\/04\/cropped-Logo-Eikholt-ny.jpg\",\"width\":419,\"height\":209,\"caption\":\"Eikholt\"},\"image\":{\"@id\":\"https:\/\/www.eikholt.no\/#\/schema\/logo\/image\/\"},\"sameAs\":[\"https:\/\/www.facebook.com\/eikholt.kompetansesenter\"]}]}<\/script>\n<!-- \/ Yoast SEO plugin. -->","yoast_head_json":{"title":"V\u00e5ra uppdrag - Eikholt","description":"Eikholt har tv\u00e5 nationella uppdrag. Vi har ett nationellt ansvar f\u00f6r NAV:s anpassningskurser f\u00f6r d\u00f6vblinda, och genom ett avtal med Helse Nors RHF ska vi utveckla och sprida kunskap. L\u00e4s mer om v\u00e5ra uppdrag h\u00e4r:","robots":{"index":"index","follow":"follow","max-snippet":"max-snippet:-1","max-image-preview":"max-image-preview:large","max-video-preview":"max-video-preview:-1"},"canonical":"https:\/\/www.eikholt.no\/sv\/om-oss\/om-oss-vart-uppdrag\/","og_locale":"sv_SE","og_type":"article","og_title":"V\u00e5re oppdrag - Eikholt","og_description":"Eikholt har to nasjonale oppdrag. Vi har et nasjonalt ansvar for NAV-tilpasningskurs for d\u00f8vblinde, og gjennom avtale med Helse Nors RHF skal vi utvikle\u00a0og\u00a0formidle\u00a0kunnskap . Les om oppdragene v\u00e5re her:","og_url":"https:\/\/www.eikholt.no\/sv\/om-oss\/om-oss-vart-uppdrag\/","og_site_name":"Eikholt","article_publisher":"https:\/\/www.facebook.com\/eikholt.kompetansesenter","article_modified_time":"2026-02-17T08:36:38+00:00","og_image":[{"width":1024,"height":687,"url":"https:\/\/www.eikholt.no\/app\/uploads\/2025\/12\/Utendors-utsikt-benk-ved-adm.-MD-tolk-NMFS-tegnsprak-3-1024x687.jpg","type":"image\/jpeg"}],"twitter_card":"summary_large_image","twitter_misc":{"Est. reading time":"3 minutes"},"schema":{"@context":"https:\/\/schema.org","@graph":[{"@type":"WebPage","@id":"https:\/\/www.eikholt.no\/om-oss\/om-oss-vare-oppdrag\/","url":"https:\/\/www.eikholt.no\/om-oss\/om-oss-vare-oppdrag\/","name":"V\u00e5ra uppdrag - Eikholt","isPartOf":{"@id":"https:\/\/www.eikholt.no\/#website"},"primaryImageOfPage":{"@id":"https:\/\/www.eikholt.no\/om-oss\/om-oss-vare-oppdrag\/#primaryimage"},"image":{"@id":"https:\/\/www.eikholt.no\/om-oss\/om-oss-vare-oppdrag\/#primaryimage"},"thumbnailUrl":"https:\/\/www.eikholt.no\/app\/uploads\/2025\/12\/Utendors-utsikt-benk-ved-adm.-MD-tolk-NMFS-tegnsprak-3.jpg","datePublished":"2023-06-23T15:26:19+00:00","dateModified":"2026-02-17T08:36:38+00:00","description":"Eikholt har tv\u00e5 nationella uppdrag. Vi har ett nationellt ansvar f\u00f6r NAV:s anpassningskurser f\u00f6r d\u00f6vblinda, och genom ett avtal med Helse Nors RHF ska vi utveckla och sprida kunskap. L\u00e4s mer om v\u00e5ra uppdrag h\u00e4r:","breadcrumb":{"@id":"https:\/\/www.eikholt.no\/om-oss\/om-oss-vare-oppdrag\/#breadcrumb"},"inLanguage":"sv-SE","potentialAction":[{"@type":"ReadAction","target":["https:\/\/www.eikholt.no\/om-oss\/om-oss-vare-oppdrag\/"]}]},{"@type":"ImageObject","inLanguage":"sv-SE","@id":"https:\/\/www.eikholt.no\/om-oss\/om-oss-vare-oppdrag\/#primaryimage","url":"https:\/\/www.eikholt.no\/app\/uploads\/2025\/12\/Utendors-utsikt-benk-ved-adm.-MD-tolk-NMFS-tegnsprak-3.jpg","contentUrl":"https:\/\/www.eikholt.no\/app\/uploads\/2025\/12\/Utendors-utsikt-benk-ved-adm.-MD-tolk-NMFS-tegnsprak-3.jpg","width":2400,"height":1609,"caption":"To personer sitter p\u00e5 en benk. i bakgrunnen bygninger, plen og tr\u00e6r."},{"@type":"BreadcrumbList","@id":"https:\/\/www.eikholt.no\/om-oss\/om-oss-vare-oppdrag\/#breadcrumb","itemListElement":[{"@type":"ListItem","position":1,"name":"Forside","item":"https:\/\/www.eikholt.no\/"},{"@type":"ListItem","position":2,"name":"Om oss","item":"https:\/\/www.eikholt.no\/om-oss\/"},{"@type":"ListItem","position":3,"name":"V\u00e5re oppdrag"}]},{"@type":"WebSite","@id":"https:\/\/www.eikholt.no\/#website","url":"https:\/\/www.eikholt.no\/","name":"Eikholt","description":"","publisher":{"@id":"https:\/\/www.eikholt.no\/#organization"},"potentialAction":[{"@type":"SearchAction","target":{"@type":"EntryPoint","urlTemplate":"https:\/\/www.eikholt.no\/?s={search_term_string}"},"query-input":{"@type":"PropertyValueSpecification","valueRequired":true,"valueName":"search_term_string"}}],"inLanguage":"sv-SE"},{"@type":"Organization","@id":"https:\/\/www.eikholt.no\/#organization","name":"Eikholt","url":"https:\/\/www.eikholt.no\/","logo":{"@type":"ImageObject","inLanguage":"sv-SE","@id":"https:\/\/www.eikholt.no\/#\/schema\/logo\/image\/","url":"https:\/\/www.eikholt.no\/app\/uploads\/2024\/04\/cropped-Logo-Eikholt-ny.jpg","contentUrl":"https:\/\/www.eikholt.no\/app\/uploads\/2024\/04\/cropped-Logo-Eikholt-ny.jpg","width":419,"height":209,"caption":"Eikholt"},"image":{"@id":"https:\/\/www.eikholt.no\/#\/schema\/logo\/image\/"},"sameAs":["https:\/\/www.facebook.com\/eikholt.kompetansesenter"]}]}},"_links":{"self":[{"href":"https:\/\/www.eikholt.no\/sv\/wp-json\/wp\/v2\/pages\/1580","targetHints":{"allow":["GET"]}}],"collection":[{"href":"https:\/\/www.eikholt.no\/sv\/wp-json\/wp\/v2\/pages"}],"about":[{"href":"https:\/\/www.eikholt.no\/sv\/wp-json\/wp\/v2\/types\/page"}],"author":[{"embeddable":true,"href":"https:\/\/www.eikholt.no\/sv\/wp-json\/wp\/v2\/users\/2"}],"replies":[{"embeddable":true,"href":"https:\/\/www.eikholt.no\/sv\/wp-json\/wp\/v2\/comments?post=1580"}],"version-history":[{"count":31,"href":"https:\/\/www.eikholt.no\/sv\/wp-json\/wp\/v2\/pages\/1580\/revisions"}],"predecessor-version":[{"id":5816,"href":"https:\/\/www.eikholt.no\/sv\/wp-json\/wp\/v2\/pages\/1580\/revisions\/5816"}],"up":[{"embeddable":true,"href":"https:\/\/www.eikholt.no\/sv\/wp-json\/wp\/v2\/pages\/682"}],"wp:featuredmedia":[{"embeddable":true,"href":"https:\/\/www.eikholt.no\/sv\/wp-json\/wp\/v2\/media\/5602"}],"wp:attachment":[{"href":"https:\/\/www.eikholt.no\/sv\/wp-json\/wp\/v2\/media?parent=1580"}],"curies":[{"name":"wp","href":"https:\/\/api.w.org\/{rel}","templated":true}]}}