{"id":1653,"date":"2023-06-26T11:22:01","date_gmt":"2023-06-26T11:22:01","guid":{"rendered":"https:\/\/www.eikholt.no\/?page_id=1653"},"modified":"2023-06-26T11:24:14","modified_gmt":"2023-06-26T11:24:14","slug":"bra-resultat-fran-arets-anvandarundersokning","status":"publish","type":"page","link":"https:\/\/www.eikholt.no\/sv\/bra-resultat-fran-arets-anvandarundersokning\/","title":{"rendered":"Bra resultat fr\u00e5n \u00e5rets anv\u00e4ndarunders\u00f6kning"},"content":{"rendered":"<figure class=\"wp-block-image size-large\"><img loading=\"lazy\" decoding=\"async\" width=\"1024\" height=\"478\" src=\"https:\/\/www.eikholt.no\/app\/uploads\/2023\/06\/BIlde-av-en-tenkende-figur-scaled-1-1024x478.jpeg\" alt=\"\" class=\"wp-image-1655\" srcset=\"https:\/\/www.eikholt.no\/app\/uploads\/2023\/06\/BIlde-av-en-tenkende-figur-scaled-1-1024x478.jpeg 1024w, https:\/\/www.eikholt.no\/app\/uploads\/2023\/06\/BIlde-av-en-tenkende-figur-scaled-1-300x140.jpeg 300w, https:\/\/www.eikholt.no\/app\/uploads\/2023\/06\/BIlde-av-en-tenkende-figur-scaled-1-768x359.jpeg 768w, https:\/\/www.eikholt.no\/app\/uploads\/2023\/06\/BIlde-av-en-tenkende-figur-scaled-1-1536x717.jpeg 1536w, https:\/\/www.eikholt.no\/app\/uploads\/2023\/06\/BIlde-av-en-tenkende-figur-scaled-1-2048x956.jpeg 2048w\" sizes=\"auto, (max-width: 1024px) 100vw, 1024px\" \/><\/figure>\n\n\n\n<p>Syftet med anv\u00e4ndarunders\u00f6kningen \u00e4r att kartl\u00e4gga kvaliteten p\u00e5 de tj\u00e4nster som tillhandah\u00e5lls anv\u00e4ndarna, ryktet och hur n\u00f6jda anv\u00e4ndarna \u00e4r med Eikholt i allm\u00e4nhet. Datainsamlingen genomf\u00f6rdes huvudsakligen online, men vissa intervjuer genomf\u00f6rdes ocks\u00e5 via telefon.<\/p>\n\n\n\n<p>Inom de allra flesta omr\u00e5den forts\u00e4tter \u00e5rets unders\u00f6kning att visa p\u00e5 en mycket h\u00f6g grad av n\u00f6jdhet. 88% av de svarande \u00e4r antingen mycket n\u00f6jda eller ganska n\u00f6jda med Eikholt. 71% \u00e4r mycket n\u00f6jda. Dessa resultat \u00e4r n\u00e4stan of\u00f6r\u00e4ndrade j\u00e4mf\u00f6rt med vad som m\u00e4ttes 2020.<\/p>\n\n\n\n<h2 class=\"wp-block-heading\">Vad tycker anv\u00e4ndarna \u00e4r viktigast om Eikholt?<\/h2>\n\n\n\n<p>Viljan att rekommendera Eikholt \u00e4r h\u00f6g och resultaten visar att s\u00e5 m\u00e5nga som 92% s\u00e4ger att det \u00e4r antingen mycket troligt eller ganska troligt att de skulle rekommendera Eikholt till andra.<strong>.&nbsp;<\/strong>Att tj\u00e4nsterna \u00e4r personligt anpassade \u00e4r det viktigaste sk\u00e4let till att v\u00e4lja Eikholt, f\u00f6ljt av att medarbetarna upplevs som kompetenta och att man tr\u00e4ffar m\u00e4nniskor i samma situation som en sj\u00e4lv.<\/p>\n\n\n\n<p>Anv\u00e4ndarna \u00e4r mycket n\u00f6jda med kvaliteten p\u00e5 de tj\u00e4nster de f\u00e5r p\u00e5 Eikholt. Personalens bem\u00f6tande lyfts fram som en viktig faktor, liksom den information som ges f\u00f6re, under och efter kurserna.<\/p>\n\n\n\n<p>Generellt sett \u00e4r man mycket n\u00f6jd med anl\u00e4ggningen. Det finns en h\u00f6g grad av tillfredsst\u00e4llelse med centrets l\u00e4ge, kurslokaler, utomhusomr\u00e5den och boende. Mest n\u00f6jda \u00e4r man med maten och hur trygg man k\u00e4nner sig p\u00e5 Eikholt. Mycket gl\u00e4djande svarade 100% av de tillfr\u00e5gade att de var n\u00f6jda eller mycket n\u00f6jda med detta.<\/p>\n\n\n\n<h2 class=\"wp-block-heading\">Finns det n\u00e5got som Eikholt kan g\u00f6ra b\u00e4ttre?<\/h2>\n\n\n\n<p>Ett av syftena med unders\u00f6kningen \u00e4r ocks\u00e5 att identifiera omr\u00e5den d\u00e4r vi kan bli b\u00e4ttre. Vi har f\u00e5tt mycket konstruktiv feedback fr\u00e5n dem som svarat p\u00e5 enk\u00e4ten, och h\u00e4r \u00e4r n\u00e5gra fr\u00e5gor som vi s\u00e4rskilt f\u00f6ljer upp:<\/p>\n\n\n\n<ul class=\"wp-block-list\">\n<li>Ventilation: \u00c5terkoppling om d\u00e5lig luftkvalitet i framf\u00f6r allt Ragnhild Kaatas Hus. Det har nu bytts ut och p\u00e5b\u00f6rjats i april 2023. Systemet \u00e4r uppdimensionerat. Det finns ocks\u00e5 en ny v\u00e4rmepump inne i rummet.<\/li>\n\n\n\n<li>G\u00e5ngstigar: G\u00e5ngv\u00e4garna mot AV-kliniken och byggnad 1 kommer att f\u00f6rb\u00e4ttras f\u00f6re sommaren 2023.<\/li>\n\n\n\n<li>Ljud och slingor: Har tidvis fungerat d\u00e5ligt, nya tr\u00e5dl\u00f6sa bordsmikrofoner till Ragnhild Kaatas Hus och nya Stallen har best\u00e4llts. F\u00f6rst\u00e4rkare till slingorna \u00e4r utbytta.<\/li>\n\n\n\n<li>Kursutbud: Vi har f\u00e5tt in m\u00e5nga bra f\u00f6rslag och \u00f6nskem\u00e5l. Dessa tas med i planeringen av nya kurser.<\/li>\n\n\n\n<li>Erbjudanden f\u00f6r yngre anv\u00e4ndare: Under 2024 kommer \u00e4ven en gruppkurs f\u00f6r unga vuxna att anordnas.<\/li>\n<\/ul>\n\n\n\n<p>Vi \u00e4r mycket glada \u00f6ver att s\u00e5 m\u00e5nga m\u00e4nniskor har tagit sig tid att ge oss feedback. Detta ger oss v\u00e4rdefull information f\u00f6r att uppr\u00e4tth\u00e5lla och vidareutveckla bra tj\u00e4nster, och att Eikholt har god kvalitet och standard.<\/p>","protected":false},"excerpt":{"rendered":"<p>M\u00e5let med brukerunders\u00f8kelsen er \u00e5 kartlegge kvalitet p\u00e5 tjenester gitt til brukere, omd\u00f8mme og hvor forn\u00f8yde brukerne er med Eikholt generelt. Datainnsamlingen ble hovedsakelig gjennomf\u00f8rt p\u00e5 web, men noen intervjuer ble ogs\u00e5 gjennomf\u00f8rt p\u00e5 telefon. P\u00e5 de aller fleste omr\u00e5dende viser \u00e5rets unders\u00f8kelse fortsatt sv\u00e6rt h\u00f8y tilfredshet. 88% av de som har svart, er enten<\/p>","protected":false},"author":1,"featured_media":0,"parent":0,"menu_order":0,"comment_status":"closed","ping_status":"closed","template":"","meta":{"_acf_changed":false,"inline_featured_image":false,"ep_exclude_from_search":false,"footnotes":""},"class_list":["post-1653","page","type-page","status-publish","hentry"],"acf":[],"yoast_head":"<!-- This site is optimized with the Yoast SEO plugin v25.8 - https:\/\/yoast.com\/wordpress\/plugins\/seo\/ -->\n<title>Gode resultater fra \u00e5rets brukerunders\u00f8kelse - Eikholt<\/title>\n<meta name=\"robots\" content=\"index, follow, max-snippet:-1, max-image-preview:large, max-video-preview:-1\" \/>\n<link rel=\"canonical\" href=\"https:\/\/www.eikholt.no\/sv\/bra-resultat-fran-arets-anvandarundersokning\/\" \/>\n<meta property=\"og:locale\" content=\"sv_SE\" \/>\n<meta property=\"og:type\" content=\"article\" \/>\n<meta property=\"og:title\" content=\"Gode resultater fra \u00e5rets brukerunders\u00f8kelse - Eikholt\" \/>\n<meta property=\"og:description\" content=\"M\u00e5let med brukerunders\u00f8kelsen er \u00e5 kartlegge kvalitet p\u00e5 tjenester gitt til brukere, omd\u00f8mme og hvor forn\u00f8yde brukerne er med Eikholt generelt. Datainnsamlingen ble hovedsakelig gjennomf\u00f8rt p\u00e5 web, men noen intervjuer ble ogs\u00e5 gjennomf\u00f8rt p\u00e5 telefon. P\u00e5 de aller fleste omr\u00e5dende viser \u00e5rets unders\u00f8kelse fortsatt sv\u00e6rt h\u00f8y tilfredshet. 88% av de som har svart, er enten\" \/>\n<meta property=\"og:url\" content=\"https:\/\/www.eikholt.no\/sv\/bra-resultat-fran-arets-anvandarundersokning\/\" \/>\n<meta property=\"og:site_name\" content=\"Eikholt\" \/>\n<meta property=\"article:publisher\" content=\"https:\/\/www.facebook.com\/eikholt.kompetansesenter\" \/>\n<meta property=\"article:modified_time\" content=\"2023-06-26T11:24:14+00:00\" \/>\n<meta property=\"og:image\" content=\"https:\/\/www.eikholt.no\/app\/uploads\/2023\/06\/BIlde-av-en-tenkende-figur-scaled-1-1024x478.jpeg\" \/>\n<meta name=\"twitter:card\" content=\"summary_large_image\" \/>\n<meta name=\"twitter:label1\" content=\"Est. reading time\" \/>\n\t<meta name=\"twitter:data1\" content=\"2 minutes\" \/>\n<script type=\"application\/ld+json\" class=\"yoast-schema-graph\">{\"@context\":\"https:\/\/schema.org\",\"@graph\":[{\"@type\":\"WebPage\",\"@id\":\"https:\/\/www.eikholt.no\/gode-resultater-fra-arets-brukerundersokelse\/\",\"url\":\"https:\/\/www.eikholt.no\/gode-resultater-fra-arets-brukerundersokelse\/\",\"name\":\"Gode resultater fra \u00e5rets brukerunders\u00f8kelse - Eikholt\",\"isPartOf\":{\"@id\":\"https:\/\/www.eikholt.no\/#website\"},\"primaryImageOfPage\":{\"@id\":\"https:\/\/www.eikholt.no\/gode-resultater-fra-arets-brukerundersokelse\/#primaryimage\"},\"image\":{\"@id\":\"https:\/\/www.eikholt.no\/gode-resultater-fra-arets-brukerundersokelse\/#primaryimage\"},\"thumbnailUrl\":\"https:\/\/www.eikholt.no\/app\/uploads\/2023\/06\/BIlde-av-en-tenkende-figur-scaled-1-1024x478.jpeg\",\"datePublished\":\"2023-06-26T11:22:01+00:00\",\"dateModified\":\"2023-06-26T11:24:14+00:00\",\"breadcrumb\":{\"@id\":\"https:\/\/www.eikholt.no\/gode-resultater-fra-arets-brukerundersokelse\/#breadcrumb\"},\"inLanguage\":\"sv-SE\",\"potentialAction\":[{\"@type\":\"ReadAction\",\"target\":[\"https:\/\/www.eikholt.no\/gode-resultater-fra-arets-brukerundersokelse\/\"]}]},{\"@type\":\"ImageObject\",\"inLanguage\":\"sv-SE\",\"@id\":\"https:\/\/www.eikholt.no\/gode-resultater-fra-arets-brukerundersokelse\/#primaryimage\",\"url\":\"https:\/\/www.eikholt.no\/app\/uploads\/2023\/06\/BIlde-av-en-tenkende-figur-scaled-1-1024x478.jpeg\",\"contentUrl\":\"https:\/\/www.eikholt.no\/app\/uploads\/2023\/06\/BIlde-av-en-tenkende-figur-scaled-1-1024x478.jpeg\"},{\"@type\":\"BreadcrumbList\",\"@id\":\"https:\/\/www.eikholt.no\/gode-resultater-fra-arets-brukerundersokelse\/#breadcrumb\",\"itemListElement\":[{\"@type\":\"ListItem\",\"position\":1,\"name\":\"Forside\",\"item\":\"https:\/\/www.eikholt.no\/\"},{\"@type\":\"ListItem\",\"position\":2,\"name\":\"Gode resultater fra \u00e5rets brukerunders\u00f8kelse\"}]},{\"@type\":\"WebSite\",\"@id\":\"https:\/\/www.eikholt.no\/#website\",\"url\":\"https:\/\/www.eikholt.no\/\",\"name\":\"Eikholt\",\"description\":\"\",\"publisher\":{\"@id\":\"https:\/\/www.eikholt.no\/#organization\"},\"potentialAction\":[{\"@type\":\"SearchAction\",\"target\":{\"@type\":\"EntryPoint\",\"urlTemplate\":\"https:\/\/www.eikholt.no\/?s={search_term_string}\"},\"query-input\":{\"@type\":\"PropertyValueSpecification\",\"valueRequired\":true,\"valueName\":\"search_term_string\"}}],\"inLanguage\":\"sv-SE\"},{\"@type\":\"Organization\",\"@id\":\"https:\/\/www.eikholt.no\/#organization\",\"name\":\"Eikholt\",\"url\":\"https:\/\/www.eikholt.no\/\",\"logo\":{\"@type\":\"ImageObject\",\"inLanguage\":\"sv-SE\",\"@id\":\"https:\/\/www.eikholt.no\/#\/schema\/logo\/image\/\",\"url\":\"https:\/\/www.eikholt.no\/app\/uploads\/2024\/04\/cropped-Logo-Eikholt-ny.jpg\",\"contentUrl\":\"https:\/\/www.eikholt.no\/app\/uploads\/2024\/04\/cropped-Logo-Eikholt-ny.jpg\",\"width\":419,\"height\":209,\"caption\":\"Eikholt\"},\"image\":{\"@id\":\"https:\/\/www.eikholt.no\/#\/schema\/logo\/image\/\"},\"sameAs\":[\"https:\/\/www.facebook.com\/eikholt.kompetansesenter\"]}]}<\/script>\n<!-- \/ Yoast SEO plugin. -->","yoast_head_json":{"title":"Bra resultat fr\u00e5n \u00e5rets anv\u00e4ndarunders\u00f6kning - Eikholt","robots":{"index":"index","follow":"follow","max-snippet":"max-snippet:-1","max-image-preview":"max-image-preview:large","max-video-preview":"max-video-preview:-1"},"canonical":"https:\/\/www.eikholt.no\/sv\/bra-resultat-fran-arets-anvandarundersokning\/","og_locale":"sv_SE","og_type":"article","og_title":"Gode resultater fra \u00e5rets brukerunders\u00f8kelse - Eikholt","og_description":"M\u00e5let med brukerunders\u00f8kelsen er \u00e5 kartlegge kvalitet p\u00e5 tjenester gitt til brukere, omd\u00f8mme og hvor forn\u00f8yde brukerne er med Eikholt generelt. Datainnsamlingen ble hovedsakelig gjennomf\u00f8rt p\u00e5 web, men noen intervjuer ble ogs\u00e5 gjennomf\u00f8rt p\u00e5 telefon. P\u00e5 de aller fleste omr\u00e5dende viser \u00e5rets unders\u00f8kelse fortsatt sv\u00e6rt h\u00f8y tilfredshet. 88% av de som har svart, er enten","og_url":"https:\/\/www.eikholt.no\/sv\/bra-resultat-fran-arets-anvandarundersokning\/","og_site_name":"Eikholt","article_publisher":"https:\/\/www.facebook.com\/eikholt.kompetansesenter","article_modified_time":"2023-06-26T11:24:14+00:00","og_image":[{"url":"https:\/\/www.eikholt.no\/app\/uploads\/2023\/06\/BIlde-av-en-tenkende-figur-scaled-1-1024x478.jpeg","type":"","width":"","height":""}],"twitter_card":"summary_large_image","twitter_misc":{"Est. reading time":"2 minutes"},"schema":{"@context":"https:\/\/schema.org","@graph":[{"@type":"WebPage","@id":"https:\/\/www.eikholt.no\/gode-resultater-fra-arets-brukerundersokelse\/","url":"https:\/\/www.eikholt.no\/gode-resultater-fra-arets-brukerundersokelse\/","name":"Bra resultat fr\u00e5n \u00e5rets anv\u00e4ndarunders\u00f6kning - Eikholt","isPartOf":{"@id":"https:\/\/www.eikholt.no\/#website"},"primaryImageOfPage":{"@id":"https:\/\/www.eikholt.no\/gode-resultater-fra-arets-brukerundersokelse\/#primaryimage"},"image":{"@id":"https:\/\/www.eikholt.no\/gode-resultater-fra-arets-brukerundersokelse\/#primaryimage"},"thumbnailUrl":"https:\/\/www.eikholt.no\/app\/uploads\/2023\/06\/BIlde-av-en-tenkende-figur-scaled-1-1024x478.jpeg","datePublished":"2023-06-26T11:22:01+00:00","dateModified":"2023-06-26T11:24:14+00:00","breadcrumb":{"@id":"https:\/\/www.eikholt.no\/gode-resultater-fra-arets-brukerundersokelse\/#breadcrumb"},"inLanguage":"sv-SE","potentialAction":[{"@type":"ReadAction","target":["https:\/\/www.eikholt.no\/gode-resultater-fra-arets-brukerundersokelse\/"]}]},{"@type":"ImageObject","inLanguage":"sv-SE","@id":"https:\/\/www.eikholt.no\/gode-resultater-fra-arets-brukerundersokelse\/#primaryimage","url":"https:\/\/www.eikholt.no\/app\/uploads\/2023\/06\/BIlde-av-en-tenkende-figur-scaled-1-1024x478.jpeg","contentUrl":"https:\/\/www.eikholt.no\/app\/uploads\/2023\/06\/BIlde-av-en-tenkende-figur-scaled-1-1024x478.jpeg"},{"@type":"BreadcrumbList","@id":"https:\/\/www.eikholt.no\/gode-resultater-fra-arets-brukerundersokelse\/#breadcrumb","itemListElement":[{"@type":"ListItem","position":1,"name":"Forside","item":"https:\/\/www.eikholt.no\/"},{"@type":"ListItem","position":2,"name":"Gode resultater fra \u00e5rets brukerunders\u00f8kelse"}]},{"@type":"WebSite","@id":"https:\/\/www.eikholt.no\/#website","url":"https:\/\/www.eikholt.no\/","name":"Eikholt","description":"","publisher":{"@id":"https:\/\/www.eikholt.no\/#organization"},"potentialAction":[{"@type":"SearchAction","target":{"@type":"EntryPoint","urlTemplate":"https:\/\/www.eikholt.no\/?s={search_term_string}"},"query-input":{"@type":"PropertyValueSpecification","valueRequired":true,"valueName":"search_term_string"}}],"inLanguage":"sv-SE"},{"@type":"Organization","@id":"https:\/\/www.eikholt.no\/#organization","name":"Eikholt","url":"https:\/\/www.eikholt.no\/","logo":{"@type":"ImageObject","inLanguage":"sv-SE","@id":"https:\/\/www.eikholt.no\/#\/schema\/logo\/image\/","url":"https:\/\/www.eikholt.no\/app\/uploads\/2024\/04\/cropped-Logo-Eikholt-ny.jpg","contentUrl":"https:\/\/www.eikholt.no\/app\/uploads\/2024\/04\/cropped-Logo-Eikholt-ny.jpg","width":419,"height":209,"caption":"Eikholt"},"image":{"@id":"https:\/\/www.eikholt.no\/#\/schema\/logo\/image\/"},"sameAs":["https:\/\/www.facebook.com\/eikholt.kompetansesenter"]}]}},"_links":{"self":[{"href":"https:\/\/www.eikholt.no\/sv\/wp-json\/wp\/v2\/pages\/1653","targetHints":{"allow":["GET"]}}],"collection":[{"href":"https:\/\/www.eikholt.no\/sv\/wp-json\/wp\/v2\/pages"}],"about":[{"href":"https:\/\/www.eikholt.no\/sv\/wp-json\/wp\/v2\/types\/page"}],"author":[{"embeddable":true,"href":"https:\/\/www.eikholt.no\/sv\/wp-json\/wp\/v2\/users\/1"}],"replies":[{"embeddable":true,"href":"https:\/\/www.eikholt.no\/sv\/wp-json\/wp\/v2\/comments?post=1653"}],"version-history":[{"count":5,"href":"https:\/\/www.eikholt.no\/sv\/wp-json\/wp\/v2\/pages\/1653\/revisions"}],"predecessor-version":[{"id":1662,"href":"https:\/\/www.eikholt.no\/sv\/wp-json\/wp\/v2\/pages\/1653\/revisions\/1662"}],"wp:attachment":[{"href":"https:\/\/www.eikholt.no\/sv\/wp-json\/wp\/v2\/media?parent=1653"}],"curies":[{"name":"wp","href":"https:\/\/api.w.org\/{rel}","templated":true}]}}