{"id":2060,"date":"2025-09-30T08:47:35","date_gmt":"2025-09-30T08:47:35","guid":{"rendered":"https:\/\/www.eikholt.no\/?page_id=2060"},"modified":"2025-10-03T06:09:44","modified_gmt":"2025-10-03T06:09:44","slug":"kurskatalog-2026","status":"publish","type":"page","link":"https:\/\/www.eikholt.no\/sv\/kurskatalog-2026\/","title":{"rendered":"Kurskatalog 2026"},"content":{"rendered":"<h2 class=\"wp-block-heading\">Vad \u00e4r Eikholt?<\/h2>\n\n\n\n<p>Eikholt \u00e4r ett nationellt resurscentrum f\u00f6r personer med kombinerad syn- och h\u00f6rselneds\u00e4ttning\/d\u00f6vblindhet. Vi erbjuder kurser b\u00e5de i grupp och individuellt, och vi \u00e4r ocks\u00e5 en m\u00f6tesplats som fr\u00e4mjar trygghet, kompetens och kreativitet.<\/p>\n\n\n\n<p><strong>S\u00e4ker, kompetent, kreativ - v\u00e4lkommen till Eikholt-kursen<\/strong>!<\/p>\n\n\n\n<figure class=\"wp-block-image size-full\"><img loading=\"lazy\" decoding=\"async\" width=\"971\" height=\"986\" src=\"https:\/\/www.eikholt.no\/app\/uploads\/2025\/09\/Karianne-forside-Kurskatalog-2026-1.jpg\" alt=\"\" class=\"wp-image-5143\" srcset=\"https:\/\/www.eikholt.no\/app\/uploads\/2025\/09\/Karianne-forside-Kurskatalog-2026-1.jpg 971w, https:\/\/www.eikholt.no\/app\/uploads\/2025\/09\/Karianne-forside-Kurskatalog-2026-1-295x300.jpg 295w, https:\/\/www.eikholt.no\/app\/uploads\/2025\/09\/Karianne-forside-Kurskatalog-2026-1-768x780.jpg 768w, https:\/\/www.eikholt.no\/app\/uploads\/2025\/09\/Karianne-forside-Kurskatalog-2026-1-12x12.jpg 12w, https:\/\/www.eikholt.no\/app\/uploads\/2025\/09\/Karianne-forside-Kurskatalog-2026-1-24x24.jpg 24w, https:\/\/www.eikholt.no\/app\/uploads\/2025\/09\/Karianne-forside-Kurskatalog-2026-1-48x48.jpg 48w, https:\/\/www.eikholt.no\/app\/uploads\/2025\/09\/Karianne-forside-Kurskatalog-2026-1-96x96.jpg 96w\" sizes=\"auto, (max-width: 971px) 100vw, 971px\" \/><\/figure>\n\n\n\n<p><\/p>\n\n\n\n<h2 class=\"wp-block-heading\">Kurser f\u00f6r vem?<\/h2>\n\n\n\n<p>Denna katalog beskriver gruppkurser f\u00f6r personer med kombinerad syn- och h\u00f6rselneds\u00e4ttning\/d\u00f6vblindhet, deras anh\u00f6riga och professionella.<\/p>\n\n\n\n<h2 class=\"wp-block-heading\">Vad inneh\u00e5ller kurskatalogen?<\/h2>\n\n\n\n<p>Kurskatalogen f\u00f6r 2026 ger en \u00f6verblick \u00f6ver de gruppkurser som arrangeras p\u00e5 Eikholt. Kurserna \u00e4r till f\u00f6r att ge professionell p\u00e5fyllning, st\u00f6d i vardagen och m\u00f6jlighet att tr\u00e4ffa andra i liknande livssituationer. M\u00e5nga upplever att det uppst\u00e5r goda samtal, stark gemenskap och varaktiga v\u00e4nskaper. <\/p>\n\n\n\n<p>Det \u00e4r detta som g\u00f6r Eikholt-kurserna s\u00e5 speciella.<\/p>\n\n\n\n<h2 class=\"wp-block-heading\">Hur f\u00e5r jag tag p\u00e5 kurskatalogen?<\/h2>\n\n\n\n<p>Katalogen skickas automatiskt till alla som har g\u00e5tt en kurs hos oss under de senaste fem \u00e5ren. Om du har angett att du vill ha material fr\u00e5n oss i punkt f\u00e5r du \u00e4ven kurskatalogen i punkt. <\/p>\n\n\n\n<h3 class=\"wp-block-heading\">Ladda ner kurskatalogen<\/h3>\n\n\n\n<p>Du kan ocks\u00e5 ladda ner kurskatalogen f\u00f6r 2026 h\u00e4r:<\/p>\n\n\n\n<ul class=\"wp-block-list\">\n<li><strong>Ladda ner denna sida <\/strong><a href=\"https:\/\/www.eikholt.no\/sv\/app\/uppladdningar\/2025\/09\/eikholt-kurskatalog-2026-1.docx\/\" target=\"_blank\" rel=\"noreferrer noopener\"><strong>Kurskatalog i word-format<\/strong> <\/a>(\u00f6ppnas i ett nytt f\u00f6nster)<\/li>\n\n\n\n<li><strong>Ladda ner denna sida <a href=\"https:\/\/www.eikholt.no\/sv\/app\/uppladdningar\/2025\/09\/eikholt-kurskatalog-2026-1.pdf\/\" target=\"_blank\" rel=\"noreferrer noopener\">Kurskatalog i PDF-format utan bilder <\/a><\/strong>(\u00f6ppnas i ett nytt f\u00f6nster)<\/li>\n\n\n\n<li><strong>Ladda ner denna sida <a href=\"https:\/\/www.eikholt.no\/sv\/app\/uppladdningar\/2025\/10\/eikholt-kurskatalog-2026-pdf\/\" target=\"_blank\" rel=\"noreferrer noopener\">Kurskatalog i PDF-format med bilder<\/a> <\/strong>(\u00f6ppnas i ett nytt f\u00f6nster)<\/li>\n<\/ul>\n\n\n\n<h2 class=\"wp-block-heading\">Har du inte f\u00e5tt kurskatalogen?<\/h2>\n\n\n\n<figure class=\"wp-block-image size-large\"><img loading=\"lazy\" decoding=\"async\" width=\"768\" height=\"1024\" src=\"https:\/\/www.eikholt.no\/app\/uploads\/2025\/09\/Linus-og-Ludvig-jobber-med-a-pakke-kurskatalog-i-hostferien-1-768x1024.jpg\" alt=\"Tv\u00e5 pojkar sitter med en katalog och ett kuvert i handen. P\u00e5 ett bord ligger h\u00f6gar med kuvert.\" class=\"wp-image-5115\" style=\"aspect-ratio:4\/3;object-fit:cover\" srcset=\"https:\/\/www.eikholt.no\/app\/uploads\/2025\/09\/Linus-og-Ludvig-jobber-med-a-pakke-kurskatalog-i-hostferien-1-768x1024.jpg 768w, https:\/\/www.eikholt.no\/app\/uploads\/2025\/09\/Linus-og-Ludvig-jobber-med-a-pakke-kurskatalog-i-hostferien-1-225x300.jpg 225w, https:\/\/www.eikholt.no\/app\/uploads\/2025\/09\/Linus-og-Ludvig-jobber-med-a-pakke-kurskatalog-i-hostferien-1-1152x1536.jpg 1152w, https:\/\/www.eikholt.no\/app\/uploads\/2025\/09\/Linus-og-Ludvig-jobber-med-a-pakke-kurskatalog-i-hostferien-1-1536x2048.jpg 1536w, https:\/\/www.eikholt.no\/app\/uploads\/2025\/09\/Linus-og-Ludvig-jobber-med-a-pakke-kurskatalog-i-hostferien-1-9x12.jpg 9w, https:\/\/www.eikholt.no\/app\/uploads\/2025\/09\/Linus-og-Ludvig-jobber-med-a-pakke-kurskatalog-i-hostferien-1-scaled.jpg 1920w\" sizes=\"auto, (max-width: 768px) 100vw, 768px\" \/><figcaption class=\"wp-element-caption\">Foto: Linus och Ludvig packar kataloger f\u00f6r utskick<\/figcaption><\/figure>\n\n\n\n<p>Om du inte har f\u00e5tt katalogen i mitten av oktober ber vi dig kontakta oss. Ange vilken version du vill ha (tryckt katalog med bilder, vanlig text, PDF eller punkt) och kom ih\u00e5g att ange din postadress.<\/p>\n\n\n\n<ul class=\"wp-block-list\">\n<li>E-post: <a href=\"mailto:post@eikholt.no\"><strong>post@eikholt.no<\/strong><\/a><\/li>\n\n\n\n<li>Telefon eller SMS:&nbsp;<a href=\"http:\/\/45%2061%2044%2004\/\"><strong>45 61 44 04<\/strong><\/a><\/li>\n<\/ul>\n\n\n\n<h2 class=\"wp-block-heading\">Vill du ans\u00f6ka till en kurs?<\/h2>\n\n\n\n<p>Ans\u00f6k till en gruppkurs:&nbsp;<a href=\"https:\/\/www.eikholt.no\/sv\/kurs\/\"><strong>gruppkurs&nbsp;<\/strong><\/a><\/p>\n\n\n\n<p>Ans\u00f6k om en individuell kurs:&nbsp;<strong><a href=\"https:\/\/www.eikholt.no\/sv\/ansokningsformular-for-enskilda-kurser\/\" target=\"_blank\" rel=\"noreferrer noopener\">F\u00f6rfr\u00e5gan individuell kurs<\/a>Jag \u00f6nskar dig en trevlig semester.&nbsp;<\/strong><\/p>\n\n\n\n<h2 class=\"wp-block-heading\">Vill du veta mer om Eikholt?<\/h2>\n\n\n\n<p>Du kan ladda ner appen <em>G\u00e5 till infosk\u00e4rmen <\/em>i <em>App Store<\/em> eller <em>Google Play.<\/em><\/p>\n\n\n\n<p>Anv\u00e4nd koden&nbsp;<strong>Eikholt80<\/strong><\/p>\n\n\n\n<figure class=\"wp-block-image\"><img loading=\"lazy\" decoding=\"async\" width=\"231\" height=\"300\" src=\"https:\/\/www.eikholt.no\/app\/uploads\/2024\/03\/My_App-1-231x300.png\" alt=\"\" class=\"wp-image-2599\" srcset=\"https:\/\/www.eikholt.no\/app\/uploads\/2024\/03\/My_App-1-231x300.png 231w, https:\/\/www.eikholt.no\/app\/uploads\/2024\/03\/My_App-1-790x1024.png 790w, https:\/\/www.eikholt.no\/app\/uploads\/2024\/03\/My_App-1-768x996.png 768w, https:\/\/www.eikholt.no\/app\/uploads\/2024\/03\/My_App-1-1185x1536.png 1185w, https:\/\/www.eikholt.no\/app\/uploads\/2024\/03\/My_App-1-1580x2048.png 1580w\" sizes=\"auto, (max-width: 231px) 100vw, 231px\" \/><\/figure>\n\n\n\n<p><\/p>","protected":false},"excerpt":{"rendered":"<p>Hva er Eikholt? Eikholt er et nasjonalt ressurssenter for personer med kombinert syns- og h\u00f8rselsnedsettelse\/d\u00f8vblindhet. Vi tilbyr kurs b\u00e5de i grupper og individuelt, og er ogs\u00e5 en m\u00f8teplass som fremmer trygghet, kompetanse og skaperglede. Trygg, Kompetent, Skapende \u2013 velkommen til kurs p\u00e5 Eikholt! Kurs for hvem? Denne katalogen beskriver gruppekurs for deg med kombinert syns-<\/p>","protected":false},"author":2,"featured_media":0,"parent":0,"menu_order":0,"comment_status":"closed","ping_status":"closed","template":"","meta":{"_acf_changed":false,"inline_featured_image":false,"ep_exclude_from_search":false,"footnotes":""},"class_list":["post-2060","page","type-page","status-publish","hentry"],"acf":[],"yoast_head":"<!-- This site is optimized with the Yoast SEO plugin v25.8 - https:\/\/yoast.com\/wordpress\/plugins\/seo\/ -->\n<title>Kurskatalog 2026 - Eikholt<\/title>\n<meta name=\"description\" content=\"Kurskatalogen fra Eikholt beskriver gruppekurs for personer med kombinert syns- og h\u00f8rselsnedsettelse\/d\u00f8vblindhet, og deres n\u00e6rpersoner. Last ned kurskatalogen her, eller bestill i \u00f8nsket format ved \u00e5 ta kontakt med oss.\" \/>\n<meta name=\"robots\" content=\"index, follow, max-snippet:-1, max-image-preview:large, max-video-preview:-1\" \/>\n<link rel=\"canonical\" href=\"https:\/\/www.eikholt.no\/sv\/kurskatalog-2026\/\" \/>\n<meta property=\"og:locale\" content=\"sv_SE\" \/>\n<meta property=\"og:type\" content=\"article\" \/>\n<meta property=\"og:title\" content=\"Kurskatalog 2026 - Eikholt\" \/>\n<meta property=\"og:description\" content=\"Kurskatalogen fra Eikholt beskriver gruppekurs for personer med kombinert syns- og h\u00f8rselsnedsettelse\/d\u00f8vblindhet, og deres n\u00e6rpersoner. Last ned kurskatalogen her, eller bestill i \u00f8nsket format ved \u00e5 ta kontakt med oss.\" \/>\n<meta property=\"og:url\" content=\"https:\/\/www.eikholt.no\/sv\/kurskatalog-2026\/\" \/>\n<meta property=\"og:site_name\" content=\"Eikholt\" \/>\n<meta property=\"article:publisher\" content=\"https:\/\/www.facebook.com\/eikholt.kompetansesenter\" \/>\n<meta property=\"article:modified_time\" content=\"2025-10-03T06:09:44+00:00\" \/>\n<meta property=\"og:image\" content=\"https:\/\/www.eikholt.no\/app\/uploads\/2025\/09\/Karianne-forside-Kurskatalog-2026-1.jpg\" \/>\n\t<meta property=\"og:image:width\" content=\"971\" \/>\n\t<meta property=\"og:image:height\" content=\"986\" \/>\n\t<meta property=\"og:image:type\" content=\"image\/jpeg\" \/>\n<meta name=\"twitter:card\" content=\"summary_large_image\" \/>\n<meta name=\"twitter:label1\" content=\"Est. reading time\" \/>\n\t<meta name=\"twitter:data1\" content=\"3 minutes\" \/>\n<script type=\"application\/ld+json\" class=\"yoast-schema-graph\">{\"@context\":\"https:\/\/schema.org\",\"@graph\":[{\"@type\":\"WebPage\",\"@id\":\"https:\/\/www.eikholt.no\/kurskatalog-2026\/\",\"url\":\"https:\/\/www.eikholt.no\/kurskatalog-2026\/\",\"name\":\"Kurskatalog 2026 - Eikholt\",\"isPartOf\":{\"@id\":\"https:\/\/www.eikholt.no\/#website\"},\"primaryImageOfPage\":{\"@id\":\"https:\/\/www.eikholt.no\/kurskatalog-2026\/#primaryimage\"},\"image\":{\"@id\":\"https:\/\/www.eikholt.no\/kurskatalog-2026\/#primaryimage\"},\"thumbnailUrl\":\"https:\/\/www.eikholt.no\/app\/uploads\/2025\/09\/Karianne-forside-Kurskatalog-2026-1.jpg\",\"datePublished\":\"2025-09-30T08:47:35+00:00\",\"dateModified\":\"2025-10-03T06:09:44+00:00\",\"description\":\"Kurskatalogen fra Eikholt beskriver gruppekurs for personer med kombinert syns- og h\u00f8rselsnedsettelse\/d\u00f8vblindhet, og deres n\u00e6rpersoner. Last ned kurskatalogen her, eller bestill i \u00f8nsket format ved \u00e5 ta kontakt med oss.\",\"breadcrumb\":{\"@id\":\"https:\/\/www.eikholt.no\/kurskatalog-2026\/#breadcrumb\"},\"inLanguage\":\"sv-SE\",\"potentialAction\":[{\"@type\":\"ReadAction\",\"target\":[\"https:\/\/www.eikholt.no\/kurskatalog-2026\/\"]}]},{\"@type\":\"ImageObject\",\"inLanguage\":\"sv-SE\",\"@id\":\"https:\/\/www.eikholt.no\/kurskatalog-2026\/#primaryimage\",\"url\":\"https:\/\/www.eikholt.no\/app\/uploads\/2025\/09\/Karianne-forside-Kurskatalog-2026-1.jpg\",\"contentUrl\":\"https:\/\/www.eikholt.no\/app\/uploads\/2025\/09\/Karianne-forside-Kurskatalog-2026-1.jpg\"},{\"@type\":\"BreadcrumbList\",\"@id\":\"https:\/\/www.eikholt.no\/kurskatalog-2026\/#breadcrumb\",\"itemListElement\":[{\"@type\":\"ListItem\",\"position\":1,\"name\":\"Forside\",\"item\":\"https:\/\/www.eikholt.no\/\"},{\"@type\":\"ListItem\",\"position\":2,\"name\":\"Kurskatalog 2026\"}]},{\"@type\":\"WebSite\",\"@id\":\"https:\/\/www.eikholt.no\/#website\",\"url\":\"https:\/\/www.eikholt.no\/\",\"name\":\"Eikholt\",\"description\":\"\",\"publisher\":{\"@id\":\"https:\/\/www.eikholt.no\/#organization\"},\"potentialAction\":[{\"@type\":\"SearchAction\",\"target\":{\"@type\":\"EntryPoint\",\"urlTemplate\":\"https:\/\/www.eikholt.no\/?s={search_term_string}\"},\"query-input\":{\"@type\":\"PropertyValueSpecification\",\"valueRequired\":true,\"valueName\":\"search_term_string\"}}],\"inLanguage\":\"sv-SE\"},{\"@type\":\"Organization\",\"@id\":\"https:\/\/www.eikholt.no\/#organization\",\"name\":\"Eikholt\",\"url\":\"https:\/\/www.eikholt.no\/\",\"logo\":{\"@type\":\"ImageObject\",\"inLanguage\":\"sv-SE\",\"@id\":\"https:\/\/www.eikholt.no\/#\/schema\/logo\/image\/\",\"url\":\"https:\/\/www.eikholt.no\/app\/uploads\/2024\/04\/cropped-Logo-Eikholt-ny.jpg\",\"contentUrl\":\"https:\/\/www.eikholt.no\/app\/uploads\/2024\/04\/cropped-Logo-Eikholt-ny.jpg\",\"width\":419,\"height\":209,\"caption\":\"Eikholt\"},\"image\":{\"@id\":\"https:\/\/www.eikholt.no\/#\/schema\/logo\/image\/\"},\"sameAs\":[\"https:\/\/www.facebook.com\/eikholt.kompetansesenter\"]}]}<\/script>\n<!-- \/ Yoast SEO plugin. -->","yoast_head_json":{"title":"Kurskatalog 2026 - Eikholt","description":"Kurskatalogen fr\u00e5n Eikholt beskriver gruppkurser f\u00f6r personer med kombinerad syn- och h\u00f6rselneds\u00e4ttning\/d\u00f6vblindhet och deras anh\u00f6riga. Ladda ner kurskatalogen h\u00e4r, eller best\u00e4ll i \u00f6nskat format genom att kontakta oss.","robots":{"index":"index","follow":"follow","max-snippet":"max-snippet:-1","max-image-preview":"max-image-preview:large","max-video-preview":"max-video-preview:-1"},"canonical":"https:\/\/www.eikholt.no\/sv\/kurskatalog-2026\/","og_locale":"sv_SE","og_type":"article","og_title":"Kurskatalog 2026 - Eikholt","og_description":"Kurskatalogen fra Eikholt beskriver gruppekurs for personer med kombinert syns- og h\u00f8rselsnedsettelse\/d\u00f8vblindhet, og deres n\u00e6rpersoner. Last ned kurskatalogen her, eller bestill i \u00f8nsket format ved \u00e5 ta kontakt med oss.","og_url":"https:\/\/www.eikholt.no\/sv\/kurskatalog-2026\/","og_site_name":"Eikholt","article_publisher":"https:\/\/www.facebook.com\/eikholt.kompetansesenter","article_modified_time":"2025-10-03T06:09:44+00:00","og_image":[{"width":971,"height":986,"url":"https:\/\/www.eikholt.no\/app\/uploads\/2025\/09\/Karianne-forside-Kurskatalog-2026-1.jpg","type":"image\/jpeg"}],"twitter_card":"summary_large_image","twitter_misc":{"Est. reading time":"3 minutes"},"schema":{"@context":"https:\/\/schema.org","@graph":[{"@type":"WebPage","@id":"https:\/\/www.eikholt.no\/kurskatalog-2026\/","url":"https:\/\/www.eikholt.no\/kurskatalog-2026\/","name":"Kurskatalog 2026 - Eikholt","isPartOf":{"@id":"https:\/\/www.eikholt.no\/#website"},"primaryImageOfPage":{"@id":"https:\/\/www.eikholt.no\/kurskatalog-2026\/#primaryimage"},"image":{"@id":"https:\/\/www.eikholt.no\/kurskatalog-2026\/#primaryimage"},"thumbnailUrl":"https:\/\/www.eikholt.no\/app\/uploads\/2025\/09\/Karianne-forside-Kurskatalog-2026-1.jpg","datePublished":"2025-09-30T08:47:35+00:00","dateModified":"2025-10-03T06:09:44+00:00","description":"Kurskatalogen fr\u00e5n Eikholt beskriver gruppkurser f\u00f6r personer med kombinerad syn- och h\u00f6rselneds\u00e4ttning\/d\u00f6vblindhet och deras anh\u00f6riga. Ladda ner kurskatalogen h\u00e4r, eller best\u00e4ll i \u00f6nskat format genom att kontakta oss.","breadcrumb":{"@id":"https:\/\/www.eikholt.no\/kurskatalog-2026\/#breadcrumb"},"inLanguage":"sv-SE","potentialAction":[{"@type":"ReadAction","target":["https:\/\/www.eikholt.no\/kurskatalog-2026\/"]}]},{"@type":"ImageObject","inLanguage":"sv-SE","@id":"https:\/\/www.eikholt.no\/kurskatalog-2026\/#primaryimage","url":"https:\/\/www.eikholt.no\/app\/uploads\/2025\/09\/Karianne-forside-Kurskatalog-2026-1.jpg","contentUrl":"https:\/\/www.eikholt.no\/app\/uploads\/2025\/09\/Karianne-forside-Kurskatalog-2026-1.jpg"},{"@type":"BreadcrumbList","@id":"https:\/\/www.eikholt.no\/kurskatalog-2026\/#breadcrumb","itemListElement":[{"@type":"ListItem","position":1,"name":"Forside","item":"https:\/\/www.eikholt.no\/"},{"@type":"ListItem","position":2,"name":"Kurskatalog 2026"}]},{"@type":"WebSite","@id":"https:\/\/www.eikholt.no\/#website","url":"https:\/\/www.eikholt.no\/","name":"Eikholt","description":"","publisher":{"@id":"https:\/\/www.eikholt.no\/#organization"},"potentialAction":[{"@type":"SearchAction","target":{"@type":"EntryPoint","urlTemplate":"https:\/\/www.eikholt.no\/?s={search_term_string}"},"query-input":{"@type":"PropertyValueSpecification","valueRequired":true,"valueName":"search_term_string"}}],"inLanguage":"sv-SE"},{"@type":"Organization","@id":"https:\/\/www.eikholt.no\/#organization","name":"Eikholt","url":"https:\/\/www.eikholt.no\/","logo":{"@type":"ImageObject","inLanguage":"sv-SE","@id":"https:\/\/www.eikholt.no\/#\/schema\/logo\/image\/","url":"https:\/\/www.eikholt.no\/app\/uploads\/2024\/04\/cropped-Logo-Eikholt-ny.jpg","contentUrl":"https:\/\/www.eikholt.no\/app\/uploads\/2024\/04\/cropped-Logo-Eikholt-ny.jpg","width":419,"height":209,"caption":"Eikholt"},"image":{"@id":"https:\/\/www.eikholt.no\/#\/schema\/logo\/image\/"},"sameAs":["https:\/\/www.facebook.com\/eikholt.kompetansesenter"]}]}},"_links":{"self":[{"href":"https:\/\/www.eikholt.no\/sv\/wp-json\/wp\/v2\/pages\/2060","targetHints":{"allow":["GET"]}}],"collection":[{"href":"https:\/\/www.eikholt.no\/sv\/wp-json\/wp\/v2\/pages"}],"about":[{"href":"https:\/\/www.eikholt.no\/sv\/wp-json\/wp\/v2\/types\/page"}],"author":[{"embeddable":true,"href":"https:\/\/www.eikholt.no\/sv\/wp-json\/wp\/v2\/users\/2"}],"replies":[{"embeddable":true,"href":"https:\/\/www.eikholt.no\/sv\/wp-json\/wp\/v2\/comments?post=2060"}],"version-history":[{"count":31,"href":"https:\/\/www.eikholt.no\/sv\/wp-json\/wp\/v2\/pages\/2060\/revisions"}],"predecessor-version":[{"id":5193,"href":"https:\/\/www.eikholt.no\/sv\/wp-json\/wp\/v2\/pages\/2060\/revisions\/5193"}],"wp:attachment":[{"href":"https:\/\/www.eikholt.no\/sv\/wp-json\/wp\/v2\/media?parent=2060"}],"curies":[{"name":"wp","href":"https:\/\/api.w.org\/{rel}","templated":true}]}}