{"id":4308,"date":"2025-02-21T12:52:51","date_gmt":"2025-02-21T12:52:51","guid":{"rendered":"https:\/\/www.eikholt.no\/?page_id=4308"},"modified":"2025-06-19T08:28:53","modified_gmt":"2025-06-19T08:28:53","slug":"eikholt-har-en-app-med-information-for-dig-som-reser-till-eikholt","status":"publish","type":"page","link":"https:\/\/www.eikholt.no\/sv\/eikholt-har-en-app-med-information-for-dig-som-reser-till-eikholt\/","title":{"rendered":"App med information f\u00f6r dig som reser till Eikholt"},"content":{"rendered":"<p>\u00c4r du kursdeltagare, v\u00e5rdare, tolk eller kursledare? I appen hittar du allt du beh\u00f6ver veta f\u00f6r att komma till Eikholt och vara med oss.<\/p>\n\n\n\n<p>Alla gruppkurser har en egen sida (kanal) med information. L\u00e4s programmet f\u00f6r kursen, ta del av anteckningar fr\u00e5n kursledaren n\u00e4r du kommer hem fr\u00e5n kursen och mycket, mycket mer.<\/p>\n\n\n\n<figure class=\"wp-block-image size-large\"><img loading=\"lazy\" decoding=\"async\" width=\"1024\" height=\"939\" src=\"https:\/\/www.eikholt.no\/app\/uploads\/2025\/02\/IMG_0742-1-1024x939.jpg\" alt=\"\" class=\"wp-image-4316\" srcset=\"https:\/\/www.eikholt.no\/app\/uploads\/2025\/02\/IMG_0742-1-1024x939.jpg 1024w, https:\/\/www.eikholt.no\/app\/uploads\/2025\/02\/IMG_0742-1-300x275.jpg 300w, https:\/\/www.eikholt.no\/app\/uploads\/2025\/02\/IMG_0742-1-768x704.jpg 768w, https:\/\/www.eikholt.no\/app\/uploads\/2025\/02\/IMG_0742-1.jpg 1158w\" sizes=\"auto, (max-width: 1024px) 100vw, 1024px\" \/><figcaption class=\"wp-element-caption\">Bild av \u00f6ppningsbild i appen vid delning av kod <strong>Eikholt80<\/strong> l\u00e4ggs till<\/figcaption><\/figure>\n\n\n\n<h2 class=\"wp-block-heading\">S\u00e5 h\u00e4r hittar du appen<\/h2>\n\n\n\n<p>H\u00e4r f\u00f6ljer en steg-f\u00f6r-steg-guide om hur du skaffar appen:<\/p>\n\n\n\n<ul class=\"wp-block-list\">\n<li>Ladda ner appen fr\u00e5n <a href=\"https:\/\/nor01.safelinks.protection.outlook.com\/?url=https%3A%2F%2Fapps.apple.com%2Fno%2Fapp%2Fpintomind-go%2Fid1212861981%3Fl%3Dnb&amp;data=05%7C02%7Ctanja.teigum%40eikholt.no%7C376e5859e9544e55751a08dd12d53763%7Cac2ebaea36bf4ff6a815261051bcd014%7C0%7C0%7C638687429142606400%7CUnknown%7CTWFpbGZsb3d8eyJFbXB0eU1hcGkiOnRydWUsIlYiOiIwLjAuMDAwMCIsIlAiOiJXaW4zMiIsIkFOIjoiTWFpbCIsIldUIjoyfQ%3D%3D%7C0%7C%7C%7C&amp;sdata=QIW%2BxjiQNUEMEwjd%2BBunPnLRgSFlpjDbQ4UmoWquOd8%3D&amp;reserved=0\" target=\"_blank\" rel=\"noreferrer noopener\">App Store<\/a> <\/li>\n\n\n\n<li>Ladda ner appen fr\u00e5n <a href=\"https:\/\/nor01.safelinks.protection.outlook.com\/?url=https%3A%2F%2Fplay.google.com%2Fstore%2Fapps%2Fdetails%3Fid%3Dno.favo.infoskjermen.remote&amp;data=05%7C02%7Ctanja.teigum%40eikholt.no%7C376e5859e9544e55751a08dd12d53763%7Cac2ebaea36bf4ff6a815261051bcd014%7C0%7C0%7C638687429142625820%7CUnknown%7CTWFpbGZsb3d8eyJFbXB0eU1hcGkiOnRydWUsIlYiOiIwLjAuMDAwMCIsIlAiOiJXaW4zMiIsIkFOIjoiTWFpbCIsIldUIjoyfQ%3D%3D%7C0%7C%7C%7C&amp;sdata=6U7EXK5xnLIsiqmbQRRnpjG3YYPBk73zsideWEOb7iQ%3D&amp;reserved=0\" target=\"_blank\" rel=\"noreferrer noopener\">Google Play<\/a> .&nbsp;<\/li>\n\n\n\n<li>Anv\u00e4nd kameran p\u00e5 din telefon och skanna QR-koden f\u00f6r att ladda ner appen:&nbsp;&nbsp;<\/li>\n<\/ul>\n\n\n\n<div class=\"wp-block-columns is-layout-flex wp-container-core-columns-is-layout-9d6595d7 wp-block-columns-is-layout-flex\">\n<div class=\"wp-block-column is-layout-flow wp-block-column-is-layout-flow\">\n<figure class=\"wp-block-image size-large is-resized\"><img loading=\"lazy\" decoding=\"async\" width=\"790\" height=\"1024\" src=\"https:\/\/www.eikholt.no\/app\/uploads\/2024\/03\/My_App-1-790x1024.png\" alt=\"Skanna denna QR-kod f\u00f6r att hitta appen\" class=\"wp-image-2599\" style=\"width:185px;height:auto\" srcset=\"https:\/\/www.eikholt.no\/app\/uploads\/2024\/03\/My_App-1-790x1024.png 790w, https:\/\/www.eikholt.no\/app\/uploads\/2024\/03\/My_App-1-231x300.png 231w, https:\/\/www.eikholt.no\/app\/uploads\/2024\/03\/My_App-1-768x996.png 768w, https:\/\/www.eikholt.no\/app\/uploads\/2024\/03\/My_App-1-1185x1536.png 1185w, https:\/\/www.eikholt.no\/app\/uploads\/2024\/03\/My_App-1-1580x2048.png 1580w\" sizes=\"auto, (max-width: 790px) 100vw, 790px\" \/><\/figure>\n<\/div>\n<\/div>\n\n\n\n<h2 class=\"wp-block-heading\">Anv\u00e4nd appens infosk\u00e4rm g\u00e5 till<\/h2>\n\n\n\n<p>\u00d6ppna appen, anv\u00e4nd + -tecknet och l\u00e4gg till den sida (kanal) du vill anv\u00e4nda med de delningskoder som du hittar nedan.<\/p>\n\n\n\n<ul class=\"wp-block-list\">\n<li>Jag \u00f6nskar dig en trevlig semester.<strong>Eikholt80<\/strong>&nbsp;\u00e4r delningskoden till sidan med information om att komma till oss och delta i kurser hos oss<\/li>\n\n\n\n<li><strong>Tolk<\/strong> \u00e4r delningskoden f\u00f6r dig som tolk\/ledsagare<\/li>\n\n\n\n<li>Alla gruppkurser har en egen sida. Kursarrang\u00f6ren kommer att ge dig sidans delningskod innan du g\u00e5r p\u00e5 kurs.<\/li>\n<\/ul>\n\n\n\n<h2 class=\"wp-block-heading\">Ta bort kanal i appen<\/h2>\n\n\n\n<p>Om du inte l\u00e4ngre vill se en sida\/kanal i appen kan du g\u00f6ra f\u00f6ljande:<\/p>\n\n\n\n<ul class=\"wp-block-list\">\n<li>\u00d6ppna appen<\/li>\n\n\n\n<li>Bl\u00e4ddra till den sida\/kanal som du vill ta bort<\/li>\n\n\n\n<li>V\u00e4lj \"mer...\" och ta bort<\/li>\n<\/ul>\n\n\n\n<h2 class=\"wp-block-heading\">Vill du inte anv\u00e4nda v\u00e5r app?<\/h2>\n\n\n\n<p>Det \u00e4r helt okej. Du f\u00e5r den information du \u00e4r van vid. <\/p>\n\n\n\n<h2 class=\"wp-block-heading\">Vill du f\u00e5 information fr\u00e5n Eikholt?<\/h2>\n\n\n\n<p>F\u00f6r att kunna g\u00f6ra detta beh\u00f6ver vi ditt samtycke. Du kan ge detta h\u00e4r: <a href=\"https:\/\/www.eikholt.no\/sv\/vill-du-fa-information-fran-eikholt\/\"><strong>Vill du f\u00e5 information fr\u00e5n Eikholt?<\/strong><\/a><\/p>\n\n\n\n<h2 class=\"wp-block-heading\">\u00c4r du os\u00e4ker p\u00e5 n\u00e5got?<\/h2>\n\n\n\n<p>Vi \u00e4r glada att kunna hj\u00e4lpa dig! Ta kontakt med oss. Du hittar kontaktinformation i den h\u00e4r l\u00e4nken: <a href=\"https:\/\/www.eikholt.no\/sv\/kontakta-oss\/\"><strong>Kontakta oss - Eikholt<\/strong><\/a><\/p>\n\n\n\n<p><\/p>","protected":false},"excerpt":{"rendered":"<p>\u00c4r du kursdeltagare, v\u00e5rdare, tolk eller kursledare? I appen hittar du allt du beh\u00f6ver veta om att komma till Eikholt och vara med oss. Alla gruppkurser har en egen sida (kanal) med information. L\u00e4s programmet f\u00f6r kursen, ta del av anteckningar fr\u00e5n kursledaren n\u00e4r du kommer hem fr\u00e5n kursen och mycket, mycket mer. Det \u00e4r s\u00e5 h\u00e4r du hittar<\/p>","protected":false},"author":2,"featured_media":4312,"parent":0,"menu_order":0,"comment_status":"closed","ping_status":"closed","template":"","meta":{"_acf_changed":false,"inline_featured_image":false,"ep_exclude_from_search":false,"footnotes":""},"class_list":["post-4308","page","type-page","status-publish","has-post-thumbnail","hentry"],"acf":[],"yoast_head":"<!-- This site is optimized with the Yoast SEO plugin v25.8 - https:\/\/yoast.com\/wordpress\/plugins\/seo\/ -->\n<title>App med informasjon til deg som skal til Eikholt<\/title>\n<meta name=\"description\" content=\"Er du kursdeltaker,\u00a0n\u00e6rperson, tolk eller kursl\u00e6rer? I appen finner du det du trenger \u00e5 vite, om \u00e5 komme til og oss og v\u00e6re hos oss. Les mer her:\" \/>\n<meta name=\"robots\" content=\"index, follow, max-snippet:-1, max-image-preview:large, max-video-preview:-1\" \/>\n<link rel=\"canonical\" href=\"https:\/\/www.eikholt.no\/sv\/eikholt-har-en-app-med-information-for-dig-som-reser-till-eikholt\/\" \/>\n<meta property=\"og:locale\" content=\"sv_SE\" \/>\n<meta property=\"og:type\" content=\"article\" \/>\n<meta property=\"og:title\" content=\"App med informasjon til deg som skal til Eikholt\" \/>\n<meta property=\"og:description\" content=\"Er du kursdeltaker,\u00a0n\u00e6rperson, tolk eller kursl\u00e6rer? I appen finner du det du trenger \u00e5 vite, om \u00e5 komme til og oss og v\u00e6re hos oss. Les mer her:\" \/>\n<meta property=\"og:url\" content=\"https:\/\/www.eikholt.no\/sv\/eikholt-har-en-app-med-information-for-dig-som-reser-till-eikholt\/\" \/>\n<meta property=\"og:site_name\" content=\"Eikholt\" \/>\n<meta property=\"article:publisher\" content=\"https:\/\/www.facebook.com\/eikholt.kompetansesenter\" \/>\n<meta property=\"article:modified_time\" content=\"2025-06-19T08:28:53+00:00\" \/>\n<meta property=\"og:image\" content=\"https:\/\/www.eikholt.no\/app\/uploads\/2025\/02\/IMG_0742.jpg\" \/>\n\t<meta property=\"og:image:width\" content=\"1158\" \/>\n\t<meta property=\"og:image:height\" content=\"1062\" \/>\n\t<meta property=\"og:image:type\" content=\"image\/jpeg\" \/>\n<meta name=\"twitter:card\" content=\"summary_large_image\" \/>\n<meta name=\"twitter:label1\" content=\"Est. reading time\" \/>\n\t<meta name=\"twitter:data1\" content=\"3 minutes\" \/>\n<script type=\"application\/ld+json\" class=\"yoast-schema-graph\">{\"@context\":\"https:\/\/schema.org\",\"@graph\":[{\"@type\":\"WebPage\",\"@id\":\"https:\/\/www.eikholt.no\/eikholt-har-app-med-informasjon-til-deg-som-skal-til-eikholt\/\",\"url\":\"https:\/\/www.eikholt.no\/eikholt-har-app-med-informasjon-til-deg-som-skal-til-eikholt\/\",\"name\":\"App med informasjon til deg som skal til Eikholt\",\"isPartOf\":{\"@id\":\"https:\/\/www.eikholt.no\/#website\"},\"primaryImageOfPage\":{\"@id\":\"https:\/\/www.eikholt.no\/eikholt-har-app-med-informasjon-til-deg-som-skal-til-eikholt\/#primaryimage\"},\"image\":{\"@id\":\"https:\/\/www.eikholt.no\/eikholt-har-app-med-informasjon-til-deg-som-skal-til-eikholt\/#primaryimage\"},\"thumbnailUrl\":\"https:\/\/www.eikholt.no\/app\/uploads\/2025\/02\/IMG_0742.jpg\",\"datePublished\":\"2025-02-21T12:52:51+00:00\",\"dateModified\":\"2025-06-19T08:28:53+00:00\",\"description\":\"Er du kursdeltaker,\u00a0n\u00e6rperson, tolk eller kursl\u00e6rer? I appen finner du det du trenger \u00e5 vite, om \u00e5 komme til og oss og v\u00e6re hos oss. Les mer her:\",\"breadcrumb\":{\"@id\":\"https:\/\/www.eikholt.no\/eikholt-har-app-med-informasjon-til-deg-som-skal-til-eikholt\/#breadcrumb\"},\"inLanguage\":\"sv-SE\",\"potentialAction\":[{\"@type\":\"ReadAction\",\"target\":[\"https:\/\/www.eikholt.no\/eikholt-har-app-med-informasjon-til-deg-som-skal-til-eikholt\/\"]}]},{\"@type\":\"ImageObject\",\"inLanguage\":\"sv-SE\",\"@id\":\"https:\/\/www.eikholt.no\/eikholt-har-app-med-informasjon-til-deg-som-skal-til-eikholt\/#primaryimage\",\"url\":\"https:\/\/www.eikholt.no\/app\/uploads\/2025\/02\/IMG_0742.jpg\",\"contentUrl\":\"https:\/\/www.eikholt.no\/app\/uploads\/2025\/02\/IMG_0742.jpg\",\"width\":1158,\"height\":1062,\"caption\":\"Illustrasjon av to mennesker med teksten Velkommen til Eikholt - generell informasjon og ikoner for funksjoner under\"},{\"@type\":\"BreadcrumbList\",\"@id\":\"https:\/\/www.eikholt.no\/eikholt-har-app-med-informasjon-til-deg-som-skal-til-eikholt\/#breadcrumb\",\"itemListElement\":[{\"@type\":\"ListItem\",\"position\":1,\"name\":\"Forside\",\"item\":\"https:\/\/www.eikholt.no\/\"},{\"@type\":\"ListItem\",\"position\":2,\"name\":\"App med informasjon til deg som skal til Eikholt\"}]},{\"@type\":\"WebSite\",\"@id\":\"https:\/\/www.eikholt.no\/#website\",\"url\":\"https:\/\/www.eikholt.no\/\",\"name\":\"Eikholt\",\"description\":\"\",\"publisher\":{\"@id\":\"https:\/\/www.eikholt.no\/#organization\"},\"potentialAction\":[{\"@type\":\"SearchAction\",\"target\":{\"@type\":\"EntryPoint\",\"urlTemplate\":\"https:\/\/www.eikholt.no\/?s={search_term_string}\"},\"query-input\":{\"@type\":\"PropertyValueSpecification\",\"valueRequired\":true,\"valueName\":\"search_term_string\"}}],\"inLanguage\":\"sv-SE\"},{\"@type\":\"Organization\",\"@id\":\"https:\/\/www.eikholt.no\/#organization\",\"name\":\"Eikholt\",\"url\":\"https:\/\/www.eikholt.no\/\",\"logo\":{\"@type\":\"ImageObject\",\"inLanguage\":\"sv-SE\",\"@id\":\"https:\/\/www.eikholt.no\/#\/schema\/logo\/image\/\",\"url\":\"https:\/\/www.eikholt.no\/app\/uploads\/2024\/04\/cropped-Logo-Eikholt-ny.jpg\",\"contentUrl\":\"https:\/\/www.eikholt.no\/app\/uploads\/2024\/04\/cropped-Logo-Eikholt-ny.jpg\",\"width\":419,\"height\":209,\"caption\":\"Eikholt\"},\"image\":{\"@id\":\"https:\/\/www.eikholt.no\/#\/schema\/logo\/image\/\"},\"sameAs\":[\"https:\/\/www.facebook.com\/eikholt.kompetansesenter\"]}]}<\/script>\n<!-- \/ Yoast SEO plugin. -->","yoast_head_json":{"title":"App med information f\u00f6r dig som reser till Eikholt","description":"\u00c4r du kursdeltagare, v\u00e5rdare, tolk eller kursledare? I appen hittar du allt du beh\u00f6ver veta om att komma till oss och vara hos oss. L\u00e4s mer h\u00e4r:","robots":{"index":"index","follow":"follow","max-snippet":"max-snippet:-1","max-image-preview":"max-image-preview:large","max-video-preview":"max-video-preview:-1"},"canonical":"https:\/\/www.eikholt.no\/sv\/eikholt-har-en-app-med-information-for-dig-som-reser-till-eikholt\/","og_locale":"sv_SE","og_type":"article","og_title":"App med informasjon til deg som skal til Eikholt","og_description":"Er du kursdeltaker,\u00a0n\u00e6rperson, tolk eller kursl\u00e6rer? I appen finner du det du trenger \u00e5 vite, om \u00e5 komme til og oss og v\u00e6re hos oss. Les mer her:","og_url":"https:\/\/www.eikholt.no\/sv\/eikholt-har-en-app-med-information-for-dig-som-reser-till-eikholt\/","og_site_name":"Eikholt","article_publisher":"https:\/\/www.facebook.com\/eikholt.kompetansesenter","article_modified_time":"2025-06-19T08:28:53+00:00","og_image":[{"width":1158,"height":1062,"url":"https:\/\/www.eikholt.no\/app\/uploads\/2025\/02\/IMG_0742.jpg","type":"image\/jpeg"}],"twitter_card":"summary_large_image","twitter_misc":{"Est. reading time":"3 minutes"},"schema":{"@context":"https:\/\/schema.org","@graph":[{"@type":"WebPage","@id":"https:\/\/www.eikholt.no\/eikholt-har-app-med-informasjon-til-deg-som-skal-til-eikholt\/","url":"https:\/\/www.eikholt.no\/eikholt-har-app-med-informasjon-til-deg-som-skal-til-eikholt\/","name":"App med information f\u00f6r dig som reser till Eikholt","isPartOf":{"@id":"https:\/\/www.eikholt.no\/#website"},"primaryImageOfPage":{"@id":"https:\/\/www.eikholt.no\/eikholt-har-app-med-informasjon-til-deg-som-skal-til-eikholt\/#primaryimage"},"image":{"@id":"https:\/\/www.eikholt.no\/eikholt-har-app-med-informasjon-til-deg-som-skal-til-eikholt\/#primaryimage"},"thumbnailUrl":"https:\/\/www.eikholt.no\/app\/uploads\/2025\/02\/IMG_0742.jpg","datePublished":"2025-02-21T12:52:51+00:00","dateModified":"2025-06-19T08:28:53+00:00","description":"\u00c4r du kursdeltagare, v\u00e5rdare, tolk eller kursledare? I appen hittar du allt du beh\u00f6ver veta om att komma till oss och vara hos oss. L\u00e4s mer h\u00e4r:","breadcrumb":{"@id":"https:\/\/www.eikholt.no\/eikholt-har-app-med-informasjon-til-deg-som-skal-til-eikholt\/#breadcrumb"},"inLanguage":"sv-SE","potentialAction":[{"@type":"ReadAction","target":["https:\/\/www.eikholt.no\/eikholt-har-app-med-informasjon-til-deg-som-skal-til-eikholt\/"]}]},{"@type":"ImageObject","inLanguage":"sv-SE","@id":"https:\/\/www.eikholt.no\/eikholt-har-app-med-informasjon-til-deg-som-skal-til-eikholt\/#primaryimage","url":"https:\/\/www.eikholt.no\/app\/uploads\/2025\/02\/IMG_0742.jpg","contentUrl":"https:\/\/www.eikholt.no\/app\/uploads\/2025\/02\/IMG_0742.jpg","width":1158,"height":1062,"caption":"Illustrasjon av to mennesker med teksten Velkommen til Eikholt - generell informasjon og ikoner for funksjoner under"},{"@type":"BreadcrumbList","@id":"https:\/\/www.eikholt.no\/eikholt-har-app-med-informasjon-til-deg-som-skal-til-eikholt\/#breadcrumb","itemListElement":[{"@type":"ListItem","position":1,"name":"Forside","item":"https:\/\/www.eikholt.no\/"},{"@type":"ListItem","position":2,"name":"App med informasjon til deg som skal til Eikholt"}]},{"@type":"WebSite","@id":"https:\/\/www.eikholt.no\/#website","url":"https:\/\/www.eikholt.no\/","name":"Eikholt","description":"","publisher":{"@id":"https:\/\/www.eikholt.no\/#organization"},"potentialAction":[{"@type":"SearchAction","target":{"@type":"EntryPoint","urlTemplate":"https:\/\/www.eikholt.no\/?s={search_term_string}"},"query-input":{"@type":"PropertyValueSpecification","valueRequired":true,"valueName":"search_term_string"}}],"inLanguage":"sv-SE"},{"@type":"Organization","@id":"https:\/\/www.eikholt.no\/#organization","name":"Eikholt","url":"https:\/\/www.eikholt.no\/","logo":{"@type":"ImageObject","inLanguage":"sv-SE","@id":"https:\/\/www.eikholt.no\/#\/schema\/logo\/image\/","url":"https:\/\/www.eikholt.no\/app\/uploads\/2024\/04\/cropped-Logo-Eikholt-ny.jpg","contentUrl":"https:\/\/www.eikholt.no\/app\/uploads\/2024\/04\/cropped-Logo-Eikholt-ny.jpg","width":419,"height":209,"caption":"Eikholt"},"image":{"@id":"https:\/\/www.eikholt.no\/#\/schema\/logo\/image\/"},"sameAs":["https:\/\/www.facebook.com\/eikholt.kompetansesenter"]}]}},"_links":{"self":[{"href":"https:\/\/www.eikholt.no\/sv\/wp-json\/wp\/v2\/pages\/4308","targetHints":{"allow":["GET"]}}],"collection":[{"href":"https:\/\/www.eikholt.no\/sv\/wp-json\/wp\/v2\/pages"}],"about":[{"href":"https:\/\/www.eikholt.no\/sv\/wp-json\/wp\/v2\/types\/page"}],"author":[{"embeddable":true,"href":"https:\/\/www.eikholt.no\/sv\/wp-json\/wp\/v2\/users\/2"}],"replies":[{"embeddable":true,"href":"https:\/\/www.eikholt.no\/sv\/wp-json\/wp\/v2\/comments?post=4308"}],"version-history":[{"count":10,"href":"https:\/\/www.eikholt.no\/sv\/wp-json\/wp\/v2\/pages\/4308\/revisions"}],"predecessor-version":[{"id":4786,"href":"https:\/\/www.eikholt.no\/sv\/wp-json\/wp\/v2\/pages\/4308\/revisions\/4786"}],"wp:featuredmedia":[{"embeddable":true,"href":"https:\/\/www.eikholt.no\/sv\/wp-json\/wp\/v2\/media\/4312"}],"wp:attachment":[{"href":"https:\/\/www.eikholt.no\/sv\/wp-json\/wp\/v2\/media?parent=4308"}],"curies":[{"name":"wp","href":"https:\/\/api.w.org\/{rel}","templated":true}]}}