{"id":464,"date":"2023-05-05T08:55:08","date_gmt":"2023-05-05T08:55:08","guid":{"rendered":"https:\/\/www.eikholt.no\/?page_id=464"},"modified":"2025-11-12T11:03:11","modified_gmt":"2025-11-12T11:03:11","slug":"sekretesspolicy","status":"publish","type":"page","link":"https:\/\/www.eikholt.no\/sv\/sekretesspolicy\/","title":{"rendered":"Integritetspolicy"},"content":{"rendered":"<p><\/p>\n\n\n\n<h3 class=\"wp-block-heading\">1. Vem \u00e4r personuppgiftsansvarig?<\/h3>\n\n\n\n<p>Eikholt Nationellt resurscentrum f\u00f6r d\u00f6vblindhet, genom VD, \u00e4r personuppgiftsansvarig f\u00f6r bolagets behandling av personuppgifter. Det dagliga ansvaret f\u00f6r patientuppgifterna har delegerats till avdelningschefen. Delegeringen omfattar endast arbetsuppgifterna och inte ansvaret. Detta uttalande inneh\u00e5ller information om hur vi behandlar personuppgifter (18 \u00a7 personuppgiftslagen).<\/p>\n\n\n\n<h3 class=\"wp-block-heading\"><br>2. Vad \u00e4r syftet?<\/h3>\n\n\n\n<p>Syftet med att lagra patientuppgifter \u00e4r att tillhandah\u00e5lla korrekt och effektiv v\u00e5rd och tj\u00e4nster till v\u00e5ra anv\u00e4ndare. Vi \u00e4r enligt lag skyldiga att beh\u00e5lla viss information, medan du kan f\u00f6rse oss med annan information frivilligt f\u00f6r att kommunicera med oss p\u00e5 ett mer effektivt s\u00e4tt.<\/p>\n\n\n\n<h3 class=\"wp-block-heading\">3. Vilken \u00e4r den r\u00e4ttsliga grunden?<\/h3>\n\n\n\n<p>Personuppgiftslagen med f\u00f6rordningar \u00e4r den allm\u00e4nna lag som inneh\u00e5ller regler f\u00f6r hur insamlade personuppgifter behandlas, hur de skyddas, vem som har tillg\u00e5ng till uppgifterna, om de l\u00e4mnas ut till andra och hur den enskilde som uppgifterna \u00e4r registrerade om kan ut\u00f6va sin r\u00e4tt till t.ex. tillg\u00e5ng. Grunden f\u00f6r behandling av personuppgifter regleras i 6-1 \u00a7 lagen om specialistsjukv\u00e5rd, 10-7 \u00a7 lagen om allm\u00e4n f\u00f6rs\u00e4kring, 8 kap. 39-47 \u00a7\u00a7 lagen om h\u00e4lso- och sjukv\u00e5rdspersonal, patientjournallagen och lagen om h\u00e4lsoregister. ECIT \u00e4r v\u00e5r driftsleverant\u00f6r f\u00f6r IT. Carasent \u00e4r v\u00e5r leverant\u00f6r av elektroniska patientdatasystem. V\u00e5r webbplatsleverant\u00f6r \u00e4r Sail. Samarbetet med dessa leverant\u00f6rer regleras av personuppgiftsbitr\u00e4desavtal. Alla personuppgifter lagras p\u00e5 v\u00e5ra egna servrar.<br><\/p>\n\n\n\n<h3 class=\"wp-block-heading\">4. Vilka personuppgifter behandlas?<\/h3>\n\n\n\n<p><em>Lagstadgad information<\/em><\/p>\n\n\n\n<ul class=\"wp-block-list\">\n<li>Personuppgifter, inklusive nationellt identitetsnummer f\u00f6r s\u00e4ker identifiering<\/li>\n\n\n\n<li>Adress, telefonnummer<\/li>\n\n\n\n<li>F\u00f6rmyndare eller den som samtycker f\u00f6r din r\u00e4kning<\/li>\n\n\n\n<li>Inspelning av v\u00e5ra unders\u00f6kningar och bed\u00f6mningar<\/li>\n\n\n\n<li>Relevanta bilder och\/eller filmer<\/li>\n\n\n\n<li>Relevanta diagnoser i f\u00f6rh\u00e5llande till de tj\u00e4nster vi kommer att utf\u00f6ra<\/li>\n\n\n\n<li>Information om risken f\u00f6r infektion<\/li>\n\n\n\n<li>Utskrivningssammanfattningar, remisser och andra dokument som skickas till oss av annan v\u00e5rdpersonal<br><br><em>Frivillig information<\/em><\/li>\n\n\n\n<li>Ytterligare kontaktinformation s\u00e5som mobiltelefonnummer, e-postadress etc.<\/li>\n\n\n\n<li>Sl\u00e4ktingar med kontaktinformation<br><\/li>\n<\/ul>\n\n\n\n<h3 class=\"wp-block-heading\">5. Var kommer uppgifterna ifr\u00e5n?<\/h3>\n\n\n\n<p>Informationen kommer fr\u00e5n dig som anv\u00e4ndare direkt eller erh\u00e5lls fr\u00e5n h\u00e4nvisningar som skickas till oss. Vi \u00e4r inte kopplade till folkbokf\u00f6ringen och lagrar endast de adresser som du l\u00e4mnar till oss.<\/p>\n\n\n\n<h3 class=\"wp-block-heading\"><br>6. \u00c4r det frivilligt att l\u00e4mna informationen?<\/h3>\n\n\n\n<p>Vi \u00e4r enligt lag skyldiga att lagra de lagstadgade uppgifter som anges ovan. De frivilliga uppgifterna kommer att g\u00f6ra v\u00e5r kommunikation med dig enklare och effektivare. Men det \u00e4r frivilligt.<\/p>\n\n\n\n<h2 class=\"wp-block-heading\"><br>7. L\u00e4mnas informationen ut till tredje part?<\/h2>\n\n\n\n<p class=\"has-large-font-size\"><em>F\u00f6ljande tredje parter kan ta emot information:<\/em><\/p>\n\n\n\n<ul class=\"wp-block-list\">\n<li>NAV f\u00e5r information i form av ans\u00f6kningar om hj\u00e4lpmedel och kurser. Denna m\u00e5ste undertecknas av dig innan den skickas och inneh\u00e5ller personuppgifter, kontaktuppgifter, diagnos samt information om dina behov och v\u00e5r bed\u00f6mning.<\/li>\n\n\n\n<li>Den remitterande l\u00e4karen eller annan v\u00e5rdpersonal kommer - p\u00e5 beg\u00e4ran eller n\u00e4r vi ser att det finns behov av det - att f\u00e5 en epikris, dvs. en sammanfattning av v\u00e5ra journaler som \u00e4r begr\u00e4nsad till det aktuella fallet. I vissa fall \u00e4r det ocks\u00e5 n\u00f6dv\u00e4ndigt att dela information med andra som ing\u00e5r i ditt behandlingsteam. Det kan vara en fysioterapeut, arbetsterapeut eller medicinsk specialist.<\/li>\n\n\n\n<li class=\"has-medium-font-size\">I vissa fall vill vi anv\u00e4nda bilder eller filmer i samband med utbildning eller kurser f\u00f6r annan v\u00e5rdpersonal. Detta \u00e4r frivilligt, och i s\u00e5dana fall inh\u00e4mtar vi alltid f\u00f6rst ett skriftligt samtycke fr\u00e5n dig och anonymiserar bilderna.<\/li>\n<\/ul>\n\n\n\n<p class=\"has-large-font-size\"><em>Frivillig information<\/em><\/p>\n\n\n\n<ul class=\"wp-block-list\">\n<li>Ytterligare kontaktinformation s\u00e5som mobiltelefonnummer, e-postadress etc.<\/li>\n\n\n\n<li>Sl\u00e4ktingar med kontaktinformation<\/li>\n<\/ul>\n\n\n\n<h3 class=\"wp-block-heading\"><br>8. Hur raderas och arkiveras uppgifterna?<\/h3>\n\n\n\n<p>Enligt regelverket f\u00f6r medicinska journaler m\u00e5ste information lagras i minst 10 \u00e5r efter det senaste till\u00e4gget till den medicinska journalen. Vissa hj\u00e4lpmedelsrekvisitioner \u00e4r giltiga i 10 \u00e5r och kan f\u00f6rnyas efter det. D\u00f6vblindhet \u00e4r en progressiv sjukdom. Det inneb\u00e4r att vi har ansvar f\u00f6r att f\u00f6lja upp brukarna under hela deras liv. Vi till\u00e4mpar d\u00e4rf\u00f6r radering av uppgifterna vid d\u00f6dsfall eller om brukaren uttrycker en \u00f6nskan om att bli raderad. Alla personuppgifter lagras p\u00e5 v\u00e5r server i enlighet med g\u00e4llande regelverk. En del av den \u00e4ldsta informationen lagras i en lokal databas som \u00e4r s\u00e4kert l\u00e5st med mycket begr\u00e4nsad \u00e5tkomst. Denna databas \u00e4r inte ansluten till n\u00e5got n\u00e4tverk eller internet.<\/p>\n\n\n\n<h2 class=\"wp-block-heading\"><br>9. Vilka r\u00e4ttigheter har den registrerade och vilket lands lagstiftning g\u00e4ller?<\/h2>\n\n\n\n<p>Du kan beg\u00e4ra r\u00e4ttelse eller radering av de frivilliga personuppgifterna. Bland de lagstadgade personuppgifterna kan du beg\u00e4ra att ofullst\u00e4ndig eller felaktig information r\u00e4ttas eller raderas.<br>Du har r\u00e4tt att f\u00e5 tillg\u00e5ng till din egen journal s\u00e5 l\u00e4nge det inte \u00e4r sannolikt att informationen kan skada dig. Du kan ocks\u00e5 kr\u00e4va att informationen l\u00e4mnas ut.<br>Detta uttalande kan inte begr\u00e4nsa r\u00e4ttigheter eller skyldigheter som f\u00f6ljer av norsk lag. Relevanta lagar och f\u00f6rordningar \u00e4r lagen om h\u00e4lso- och sjukv\u00e5rdspersonal, lagen om patient- och anv\u00e4ndarr\u00e4ttigheter, arkivf\u00f6reskrifterna och journalf\u00f6reskrifterna.<\/p>\n\n\n\n<h3 class=\"wp-block-heading\"><br>10. Hur skyddas uppgifterna?<\/h3>\n\n\n\n<p>Endast anst\u00e4llda p\u00e5 Eikholt Nationellt resurscentrum f\u00f6r d\u00f6vblindhet och v\u00e5ra personuppgiftsbitr\u00e4den har tillg\u00e5ng till informationen. Det finns ocks\u00e5 rutiner f\u00f6r att s\u00e4kerst\u00e4lla att endast relevant personal har tillg\u00e5ng till k\u00e4nslig information. Alla anst\u00e4llda har undertecknat ett sekretessavtal.<\/p>\n\n\n\n<h3 class=\"wp-block-heading\"><br>11. Kontaktuppgifter till oss.<\/h3>\n\n\n\n<p>E-post: post@eikholt.no.<br>Telefon: 45 61 44 04 45 61 44 04<br>Postadress: Helen Kellers vei 3 Helen Kellers vei 3, 3031 Drammen<\/p>\n\n\n\n<p><\/p>\n\n\n\n<p><\/p>","protected":false},"excerpt":{"rendered":"<p>1. Vem \u00e4r personuppgiftsansvarig? Eikholt Nationellt resurscentrum f\u00f6r d\u00f6vblindhet, representerat av VD, \u00e4r personuppgiftsansvarig f\u00f6r organisationens behandling av personuppgifter. Det dagliga ansvaret f\u00f6r patientuppgifter har delegerats till avdelningschefen. Delegeringen omfattar endast arbetsuppgifterna och inte ansvaret. Detta uttalande inneh\u00e5ller information om hur vi behandlar personuppgifter (18 \u00a7 personuppgiftslagen). 2 Vad \u00e4r syftet? Syftet med att lagra patientinformation \u00e4r<\/p>","protected":false},"author":1,"featured_media":0,"parent":0,"menu_order":0,"comment_status":"closed","ping_status":"closed","template":"","meta":{"_acf_changed":false,"inline_featured_image":false,"ep_exclude_from_search":false,"footnotes":""},"class_list":["post-464","page","type-page","status-publish","hentry"],"acf":[],"yoast_head":"<!-- This site is optimized with the Yoast SEO plugin v25.8 - https:\/\/yoast.com\/wordpress\/plugins\/seo\/ -->\n<title>Personvernerkl\u00e6ring - Eikholt<\/title>\n<meta name=\"description\" content=\"Eikholt nasjonalt ressurssenter for d\u00f8vblinde, ved administrerende direkt\u00f8r, er behandlingsansvarlig for virksomhetens behandling av personopplysninger. Les mer her:\" \/>\n<meta name=\"robots\" content=\"index, follow, max-snippet:-1, max-image-preview:large, max-video-preview:-1\" \/>\n<link rel=\"canonical\" href=\"https:\/\/www.eikholt.no\/sv\/sekretesspolicy\/\" \/>\n<meta property=\"og:locale\" content=\"sv_SE\" \/>\n<meta property=\"og:type\" content=\"article\" \/>\n<meta property=\"og:title\" content=\"Personvernerkl\u00e6ring - Eikholt\" \/>\n<meta property=\"og:description\" content=\"Eikholt nasjonalt ressurssenter for d\u00f8vblinde, ved administrerende direkt\u00f8r, er behandlingsansvarlig for virksomhetens behandling av personopplysninger. Les mer her:\" \/>\n<meta property=\"og:url\" content=\"https:\/\/www.eikholt.no\/sv\/sekretesspolicy\/\" \/>\n<meta property=\"og:site_name\" content=\"Eikholt\" \/>\n<meta property=\"article:publisher\" content=\"https:\/\/www.facebook.com\/eikholt.kompetansesenter\" \/>\n<meta property=\"article:modified_time\" content=\"2025-11-12T11:03:11+00:00\" \/>\n<meta name=\"twitter:card\" content=\"summary_large_image\" \/>\n<meta name=\"twitter:label1\" content=\"Est. reading time\" \/>\n\t<meta name=\"twitter:data1\" content=\"5 minutes\" \/>\n<script type=\"application\/ld+json\" class=\"yoast-schema-graph\">{\"@context\":\"https:\/\/schema.org\",\"@graph\":[{\"@type\":\"WebPage\",\"@id\":\"https:\/\/www.eikholt.no\/personvernerklaering\/\",\"url\":\"https:\/\/www.eikholt.no\/personvernerklaering\/\",\"name\":\"Personvernerkl\u00e6ring - Eikholt\",\"isPartOf\":{\"@id\":\"https:\/\/www.eikholt.no\/#website\"},\"datePublished\":\"2023-05-05T08:55:08+00:00\",\"dateModified\":\"2025-11-12T11:03:11+00:00\",\"description\":\"Eikholt nasjonalt ressurssenter for d\u00f8vblinde, ved administrerende direkt\u00f8r, er behandlingsansvarlig for virksomhetens behandling av personopplysninger. Les mer her:\",\"breadcrumb\":{\"@id\":\"https:\/\/www.eikholt.no\/personvernerklaering\/#breadcrumb\"},\"inLanguage\":\"sv-SE\",\"potentialAction\":[{\"@type\":\"ReadAction\",\"target\":[\"https:\/\/www.eikholt.no\/personvernerklaering\/\"]}]},{\"@type\":\"BreadcrumbList\",\"@id\":\"https:\/\/www.eikholt.no\/personvernerklaering\/#breadcrumb\",\"itemListElement\":[{\"@type\":\"ListItem\",\"position\":1,\"name\":\"Forside\",\"item\":\"https:\/\/www.eikholt.no\/\"},{\"@type\":\"ListItem\",\"position\":2,\"name\":\"Personvernerkl\u00e6ring\"}]},{\"@type\":\"WebSite\",\"@id\":\"https:\/\/www.eikholt.no\/#website\",\"url\":\"https:\/\/www.eikholt.no\/\",\"name\":\"Eikholt\",\"description\":\"\",\"publisher\":{\"@id\":\"https:\/\/www.eikholt.no\/#organization\"},\"potentialAction\":[{\"@type\":\"SearchAction\",\"target\":{\"@type\":\"EntryPoint\",\"urlTemplate\":\"https:\/\/www.eikholt.no\/?s={search_term_string}\"},\"query-input\":{\"@type\":\"PropertyValueSpecification\",\"valueRequired\":true,\"valueName\":\"search_term_string\"}}],\"inLanguage\":\"sv-SE\"},{\"@type\":\"Organization\",\"@id\":\"https:\/\/www.eikholt.no\/#organization\",\"name\":\"Eikholt\",\"url\":\"https:\/\/www.eikholt.no\/\",\"logo\":{\"@type\":\"ImageObject\",\"inLanguage\":\"sv-SE\",\"@id\":\"https:\/\/www.eikholt.no\/#\/schema\/logo\/image\/\",\"url\":\"https:\/\/www.eikholt.no\/app\/uploads\/2024\/04\/cropped-Logo-Eikholt-ny.jpg\",\"contentUrl\":\"https:\/\/www.eikholt.no\/app\/uploads\/2024\/04\/cropped-Logo-Eikholt-ny.jpg\",\"width\":419,\"height\":209,\"caption\":\"Eikholt\"},\"image\":{\"@id\":\"https:\/\/www.eikholt.no\/#\/schema\/logo\/image\/\"},\"sameAs\":[\"https:\/\/www.facebook.com\/eikholt.kompetansesenter\"]}]}<\/script>\n<!-- \/ Yoast SEO plugin. -->","yoast_head_json":{"title":"Integritetspolicy - Eikholt","description":"Eikholt Nationellt resurscentrum f\u00f6r d\u00f6vblindhet, genom VD, \u00e4r personuppgiftsansvarig f\u00f6r bolagets behandling av personuppgifter. L\u00e4s mer om detta h\u00e4r:","robots":{"index":"index","follow":"follow","max-snippet":"max-snippet:-1","max-image-preview":"max-image-preview:large","max-video-preview":"max-video-preview:-1"},"canonical":"https:\/\/www.eikholt.no\/sv\/sekretesspolicy\/","og_locale":"sv_SE","og_type":"article","og_title":"Personvernerkl\u00e6ring - Eikholt","og_description":"Eikholt nasjonalt ressurssenter for d\u00f8vblinde, ved administrerende direkt\u00f8r, er behandlingsansvarlig for virksomhetens behandling av personopplysninger. Les mer her:","og_url":"https:\/\/www.eikholt.no\/sv\/sekretesspolicy\/","og_site_name":"Eikholt","article_publisher":"https:\/\/www.facebook.com\/eikholt.kompetansesenter","article_modified_time":"2025-11-12T11:03:11+00:00","twitter_card":"summary_large_image","twitter_misc":{"Est. reading time":"5 minutes"},"schema":{"@context":"https:\/\/schema.org","@graph":[{"@type":"WebPage","@id":"https:\/\/www.eikholt.no\/personvernerklaering\/","url":"https:\/\/www.eikholt.no\/personvernerklaering\/","name":"Integritetspolicy - Eikholt","isPartOf":{"@id":"https:\/\/www.eikholt.no\/#website"},"datePublished":"2023-05-05T08:55:08+00:00","dateModified":"2025-11-12T11:03:11+00:00","description":"Eikholt Nationellt resurscentrum f\u00f6r d\u00f6vblindhet, genom VD, \u00e4r personuppgiftsansvarig f\u00f6r bolagets behandling av personuppgifter. L\u00e4s mer om detta h\u00e4r:","breadcrumb":{"@id":"https:\/\/www.eikholt.no\/personvernerklaering\/#breadcrumb"},"inLanguage":"sv-SE","potentialAction":[{"@type":"ReadAction","target":["https:\/\/www.eikholt.no\/personvernerklaering\/"]}]},{"@type":"BreadcrumbList","@id":"https:\/\/www.eikholt.no\/personvernerklaering\/#breadcrumb","itemListElement":[{"@type":"ListItem","position":1,"name":"Forside","item":"https:\/\/www.eikholt.no\/"},{"@type":"ListItem","position":2,"name":"Personvernerkl\u00e6ring"}]},{"@type":"WebSite","@id":"https:\/\/www.eikholt.no\/#website","url":"https:\/\/www.eikholt.no\/","name":"Eikholt","description":"","publisher":{"@id":"https:\/\/www.eikholt.no\/#organization"},"potentialAction":[{"@type":"SearchAction","target":{"@type":"EntryPoint","urlTemplate":"https:\/\/www.eikholt.no\/?s={search_term_string}"},"query-input":{"@type":"PropertyValueSpecification","valueRequired":true,"valueName":"search_term_string"}}],"inLanguage":"sv-SE"},{"@type":"Organization","@id":"https:\/\/www.eikholt.no\/#organization","name":"Eikholt","url":"https:\/\/www.eikholt.no\/","logo":{"@type":"ImageObject","inLanguage":"sv-SE","@id":"https:\/\/www.eikholt.no\/#\/schema\/logo\/image\/","url":"https:\/\/www.eikholt.no\/app\/uploads\/2024\/04\/cropped-Logo-Eikholt-ny.jpg","contentUrl":"https:\/\/www.eikholt.no\/app\/uploads\/2024\/04\/cropped-Logo-Eikholt-ny.jpg","width":419,"height":209,"caption":"Eikholt"},"image":{"@id":"https:\/\/www.eikholt.no\/#\/schema\/logo\/image\/"},"sameAs":["https:\/\/www.facebook.com\/eikholt.kompetansesenter"]}]}},"_links":{"self":[{"href":"https:\/\/www.eikholt.no\/sv\/wp-json\/wp\/v2\/pages\/464","targetHints":{"allow":["GET"]}}],"collection":[{"href":"https:\/\/www.eikholt.no\/sv\/wp-json\/wp\/v2\/pages"}],"about":[{"href":"https:\/\/www.eikholt.no\/sv\/wp-json\/wp\/v2\/types\/page"}],"author":[{"embeddable":true,"href":"https:\/\/www.eikholt.no\/sv\/wp-json\/wp\/v2\/users\/1"}],"replies":[{"embeddable":true,"href":"https:\/\/www.eikholt.no\/sv\/wp-json\/wp\/v2\/comments?post=464"}],"version-history":[{"count":15,"href":"https:\/\/www.eikholt.no\/sv\/wp-json\/wp\/v2\/pages\/464\/revisions"}],"predecessor-version":[{"id":5453,"href":"https:\/\/www.eikholt.no\/sv\/wp-json\/wp\/v2\/pages\/464\/revisions\/5453"}],"wp:attachment":[{"href":"https:\/\/www.eikholt.no\/sv\/wp-json\/wp\/v2\/media?parent=464"}],"curies":[{"name":"wp","href":"https:\/\/api.w.org\/{rel}","templated":true}]}}