{"id":497,"date":"2023-05-12T09:53:55","date_gmt":"2023-05-12T09:53:55","guid":{"rendered":"https:\/\/www.eikholt.no\/?page_id=497"},"modified":"2025-11-26T07:43:55","modified_gmt":"2025-11-26T07:43:55","slug":"provning-av-ektra","status":"publish","type":"page","link":"https:\/\/www.eikholt.no\/sv\/provning-av-ektra\/","title":{"rendered":"Om Eikholt-testet"},"content":{"rendered":"<figure class=\"wp-block-image size-large --accessibility-hide\"><img loading=\"lazy\" decoding=\"async\" width=\"1024\" height=\"576\" src=\"https:\/\/www.eikholt.no\/app\/uploads\/2023\/02\/image1-1024x576.jpg\" alt=\"Bild av Eikholt. Hus, tr\u00e4dg\u00e5rd och tr\u00e4d.\" class=\"wp-image-335\" srcset=\"https:\/\/www.eikholt.no\/app\/uploads\/2023\/02\/image1-1024x576.jpg 1024w, https:\/\/www.eikholt.no\/app\/uploads\/2023\/02\/image1-300x169.jpg 300w, https:\/\/www.eikholt.no\/app\/uploads\/2023\/02\/image1-768x432.jpg 768w, https:\/\/www.eikholt.no\/app\/uploads\/2023\/02\/image1.jpg 1408w\" sizes=\"auto, (max-width: 1024px) 100vw, 1024px\" \/><\/figure>\n\n\n\n<h2 class=\"wp-block-heading\">Vad \u00e4r Eikholt-testet?<\/h2>\n\n\n\n<ul class=\"wp-block-list\">\n<li>Eikholt-testet \u00e4r ett audiovisuellt test av talf\u00f6rst\u00e5else som ger yrkesverksamma ett bra verktyg f\u00f6r att kartl\u00e4gga funktionell syn- och h\u00f6rself\u00f6rm\u00e5ga<\/li>\n\n\n\n<li>Talf\u00f6rst\u00e5else \u00e4r ett audiovisuellt fenomen. I korthet inneb\u00e4r det att vad och hur mycket vi uppfattar i kommunikationen med andra \u00e4r ett resultat av samspelet mellan syn och h\u00f6rsel.<\/li>\n\n\n\n<li>P\u00e5 Eikholt upplever vi att m\u00e5nga personer med kombinerade sensoriska funktionsneds\u00e4ttningar har nekats n\u00f6dv\u00e4ndiga och l\u00e4mpliga tj\u00e4nster eller hj\u00e4lpmedel eftersom de antingen har sett eller h\u00f6rt \"f\u00f6r bra\". Denna bed\u00f6mning baseras ofta p\u00e5 kliniska syn- och h\u00f6rseltester som saknar relevans f\u00f6r personens faktiska utmaningar.<\/li>\n\n\n\n<li>Vi beh\u00f6ver bra funktionella h\u00f6rseltester som beskriver och kvantifierar en persons faktiska f\u00f6rm\u00e5ga att fungera i sociala situationer. I korthet inneb\u00e4r det att f\u00f6ruts\u00e4ttningarna f\u00f6r testet ska vara s\u00e5 n\u00e4ra en verklig lyssningssituation som m\u00f6jligt. P\u00e5 s\u00e5 s\u00e4tt kommer resultaten att ge tillf\u00f6rlitlig information om den faktiska funktionen och ge en mer omfattande funktionell kartl\u00e4ggning. <\/li>\n\n\n\n<li>Eikholt har under en l\u00e4ngre tid arbetat med att ta fram ett nytt, toppmodernt audiovisuellt talf\u00f6rst\u00e5elsetest som har god ljud- och bildkvalitet, omfattande satsmaterial framtaget i samarbete med lingvister och som kan genomf\u00f6ras utan komplicerad eller dyr specialutrustning. Se l\u00e4nkarna l\u00e4ngst ned p\u00e5 denna sida f\u00f6r mer information, inklusive tekniska data.<\/li>\n<\/ul>\n\n\n\n<h2 class=\"wp-block-heading\">Vem anv\u00e4nder Eikholt-testet?<\/h2>\n\n\n\n<p>Testet lanserades p\u00e5 Eikholt-konferensen den 23 augusti 2023 och anv\u00e4nds idag av audiografer, audiopedagoger, specialpedagoger med flera, b\u00e5de inom privat och offentlig sektor. Under h\u00f6sten och vintern 2024\/2025 kommer testet att finnas tillg\u00e4ngligt hos ett antal h\u00f6rcentraler och privata \u00f6ron-, n\u00e4s- och halsspecialister.<\/p>\n\n\n\n<h2 class=\"wp-block-heading\"><strong>Vill du anv\u00e4nda Eikholt-testet?<\/strong><\/h2>\n\n\n\n<p>Eikholt-testet \u00e4r tillg\u00e4ngligt f\u00f6r alla som arbetar med syn, h\u00f6rsel och kommunikation. Det finns i olika versioner beroende p\u00e5 dina behov och hur testet ska anv\u00e4ndas. V\u00e4nligen kontakta Rolf Mj\u00f8nes via e-post; <a href=\"mailto:rolf.mjones@eikholt.no\">rolf.mjones@eikholt.no<\/a><\/p>\n\n\n\n<h2 class=\"wp-block-heading\">Vad <strong>Kostar licensen n\u00e5got?<\/strong><\/h2>\n\n\n\n<p>Tillg\u00e5ng till Eikholt-testet \u00e4r baserad p\u00e5 en licens fr\u00e5n Eikholt. <strong>Testet \u00e4r gratis att f\u00e5<\/strong>En avgift kommer dock att tas ut f\u00f6r att t\u00e4cka Eikholt:s kostnader i samband med installation och utbildning (under perioden 2025-2026 t\u00e4cks detta av projektmedel). <\/p>\n\n\n\n<p>F\u00f6r mer information, v\u00e4nligen kontakta projektledare Rolf Mj\u00f8nes via e-post; <a href=\"mailto:rolf.mjones@eikholt.no\"><strong>rolf.mjones@eikholt.no<\/strong><\/a><\/p>\n\n\n\n<figure class=\"wp-block-image size-large\"><img loading=\"lazy\" decoding=\"async\" width=\"1024\" height=\"504\" src=\"https:\/\/www.eikholt.no\/app\/uploads\/2023\/06\/EAVT-IMG2-1024x504.png\" alt=\"\" class=\"wp-image-947\" srcset=\"https:\/\/www.eikholt.no\/app\/uploads\/2023\/06\/EAVT-IMG2-1024x504.png 1024w, https:\/\/www.eikholt.no\/app\/uploads\/2023\/06\/EAVT-IMG2-300x148.png 300w, https:\/\/www.eikholt.no\/app\/uploads\/2023\/06\/EAVT-IMG2-768x378.png 768w, https:\/\/www.eikholt.no\/app\/uploads\/2023\/06\/EAVT-IMG2-1536x756.png 1536w, https:\/\/www.eikholt.no\/app\/uploads\/2023\/06\/EAVT-IMG2-2048x1008.png 2048w\" sizes=\"auto, (max-width: 1024px) 100vw, 1024px\" \/><\/figure>\n\n\n\n<figure class=\"wp-block-image size-large\"><img loading=\"lazy\" decoding=\"async\" width=\"1024\" height=\"575\" src=\"https:\/\/www.eikholt.no\/app\/uploads\/2023\/06\/P1000851-scaled-1-1024x575.jpg\" alt=\"\" class=\"wp-image-948\" srcset=\"https:\/\/www.eikholt.no\/app\/uploads\/2023\/06\/P1000851-scaled-1-1024x575.jpg 1024w, https:\/\/www.eikholt.no\/app\/uploads\/2023\/06\/P1000851-scaled-1-300x168.jpg 300w, https:\/\/www.eikholt.no\/app\/uploads\/2023\/06\/P1000851-scaled-1-768x431.jpg 768w, https:\/\/www.eikholt.no\/app\/uploads\/2023\/06\/P1000851-scaled-1-1536x862.jpg 1536w, https:\/\/www.eikholt.no\/app\/uploads\/2023\/06\/P1000851-scaled-1-2048x1150.jpg 2048w\" sizes=\"auto, (max-width: 1024px) 100vw, 1024px\" \/><\/figure>\n\n\n\n<figure class=\"wp-block-image size-large\"><img loading=\"lazy\" decoding=\"async\" width=\"1024\" height=\"567\" src=\"https:\/\/www.eikholt.no\/app\/uploads\/2023\/06\/EAVT-IMG1-1024x567.png\" alt=\"\" class=\"wp-image-949\" srcset=\"https:\/\/www.eikholt.no\/app\/uploads\/2023\/06\/EAVT-IMG1-1024x567.png 1024w, https:\/\/www.eikholt.no\/app\/uploads\/2023\/06\/EAVT-IMG1-300x166.png 300w, https:\/\/www.eikholt.no\/app\/uploads\/2023\/06\/EAVT-IMG1-768x425.png 768w, https:\/\/www.eikholt.no\/app\/uploads\/2023\/06\/EAVT-IMG1-1536x851.png 1536w, https:\/\/www.eikholt.no\/app\/uploads\/2023\/06\/EAVT-IMG1-2048x1134.png 2048w\" sizes=\"auto, (max-width: 1024px) 100vw, 1024px\" \/><\/figure>\n\n\n\n<p><\/p>\n\n\n\n<h1 class=\"wp-block-heading\"><strong>Senaste nytt:<\/strong><\/h1>\n\n\n\n<h2 class=\"wp-block-heading\">Vill du bidra till forskningen?<\/h2>\n\n\n\n<p><strong>19. September 2025:<\/strong> Vi rekryterar f\u00f6r n\u00e4rvarande till ett forskningsprojekt som syftar till att ta fram normdata f\u00f6r Eikholt-testet. Vi beh\u00f6ver deltagare med normal syn och h\u00f6rsel, som fysiskt kan delta i Eikholt. <br><br><strong><a href=\"https:\/\/www.eikholt.no\/sv\/provning-av-ektra\/o-du-vill-bidra-till-forskningen-vid-eikholt-testet\/\">Klicka h\u00e4r f\u00f6r mer information<\/a>.<\/strong><\/p>\n\n\n\n<h2 class=\"wp-block-heading\">6 studenter som unders\u00f6ker Eikholt-testet<\/h2>\n\n\n\n<p><strong>1. 1 september 2025:<\/strong> Under h\u00f6sten och v\u00e5ren bedriver totalt sex studenter forskning kring Eikholt-testet p\u00e5 kandidat- eller masterniv\u00e5 vid NTNU, UIO och USN. Projekten \u00e4r b\u00e5de kvantitativa och kvalitativa och data fr\u00e5n dessa studier kommer att hj\u00e4lpa till att kvalitetss\u00e4kra testet och bidra till den framtida utvecklingen av nya funktioner och b\u00e4ttre normdata. Dessa projekt kommer att publiceras under sommaren 2026. <\/p>\n\n\n\n<p><\/p>\n\n\n\n<h2 class=\"wp-block-heading\">Ytterligare validering av Eikholt-testet vid NTNU<\/h2>\n\n\n\n<p><mark style=\"background-color:rgba(0, 0, 0, 0)\" class=\"has-inline-color has-black-color\"><strong>2 december 2024:<\/strong> Eikholt-testet har redan validerats vid Universitetet i Oslo (ISP)<\/mark>. <mark style=\"background-color:rgba(0, 0, 0, 0)\" class=\"has-inline-color has-black-color\">Denna vinter <\/mark>tv\u00e5 studenter p\u00e5 audiografiprogrammet vid NTNU b\u00f6rjar samla in data med hj\u00e4lp av Eikholt-testet. Studenterna kommer att samla in data om den \u00e4ldre gruppen (70+), vilket kommer att resultera i \u00e4nnu b\u00e4ttre normdata f\u00f6r testet.<\/p>\n\n\n\n<h2 class=\"wp-block-heading\">Projektmedel f\u00f6r att sprida testet<\/h2>\n\n\n\n<p><mark style=\"background-color:rgba(0, 0, 0, 0)\" class=\"has-inline-color has-black-color\"><strong>18 november 2024: <\/strong><\/mark>Under h\u00f6sten 2024 meddelade DAM Foundation att projektet \"Nationell spridning av kombinerat syn- och h\u00f6rseltest\" kommer att erh\u00e5lla finansiering f\u00f6r projektperioden h\u00f6sten 2024 - vintern 2026. Detta inneb\u00e4r att tr\u00f6skeln f\u00f6r att f\u00e5 Eikholt-testet kommer att bli \u00e4nnu l\u00e4gre och att mottagarna inte beh\u00f6ver betala f\u00f6r att f\u00e5 testet eller f\u00f6r installation av utrustning och n\u00f6dv\u00e4ndig personalutbildning. Projektet fr\u00e4mjades av HLF, som \u00e4r den ansvariga s\u00f6kande organisationen. L\u00e4s mer om projektet p\u00e5 <a href=\"https:\/\/dam.no\/prosjekter\/nasjonal-spredning-av-kombinert-syn-og-horselstest\/\">DAM-stiftelsens webbplats<\/a>.<\/p>\n\n\n\n<h2 class=\"wp-block-heading has-large-font-size\">Eikholt-testet version 2.0 kommer att lanseras under h\u00f6sten 2024:<\/h2>\n\n\n\n<p><strong><mark style=\"background-color:rgba(0, 0, 0, 0)\" class=\"has-inline-color has-black-color\">20 augusti 2024:<\/mark> <\/strong>I h\u00f6st g\u00f6r vi den uppdaterade och validerade versionen av Eikholt-testet tillg\u00e4nglig. F\u00f6rutom nya listor baserade p\u00e5 normdata fr\u00e5n ISP p\u00e5 UIO inneh\u00e5ller testet en rad nya funktioner och f\u00f6rb\u00e4ttringar som kommer att g\u00f6ra testprocessen \u00e4nnu mer effektiv och anv\u00e4ndarv\u00e4nlig.<\/p>\n\n\n\n<p><strong>Rapportfunktion<\/strong>.<\/p>\n\n\n\n<p>Nu kan du generera en detaljerad rapport baserad p\u00e5 de senaste testresultaten, inklusive en f\u00f6rklarande text som beskriver patientens grad av audiovisuell f\u00f6rst\u00e4rkning j\u00e4mf\u00f6rt med normalbefolkningen. Rapporten inneh\u00e5ller flera informationsrika element som hj\u00e4lper dig att tolka resultaten fr\u00e5n de olika testf\u00f6rh\u00e5llandena. <\/p>\n\n\n\n<figure class=\"wp-block-image size-large\"><img loading=\"lazy\" decoding=\"async\" width=\"1024\" height=\"736\" src=\"https:\/\/www.eikholt.no\/app\/uploads\/2024\/08\/image-1-1024x736.png\" alt=\"En sk\u00e4rmdump av en audiovisuell testrapport, med stapeldiagram och en text som beskriver resultatet\" class=\"wp-image-3276\" srcset=\"https:\/\/www.eikholt.no\/app\/uploads\/2024\/08\/image-1-1024x736.png 1024w, https:\/\/www.eikholt.no\/app\/uploads\/2024\/08\/image-1-300x216.png 300w, https:\/\/www.eikholt.no\/app\/uploads\/2024\/08\/image-1-768x552.png 768w, https:\/\/www.eikholt.no\/app\/uploads\/2024\/08\/image-1-1536x1104.png 1536w, https:\/\/www.eikholt.no\/app\/uploads\/2024\/08\/image-1.png 1637w\" sizes=\"auto, (max-width: 1024px) 100vw, 1024px\" \/><\/figure>\n\n\n\n<p>Version 2.0 av testet kommer att g\u00f6ras tillg\u00e4nglig f\u00f6r alla tidigare mottagare av testet och alla nya mottagare kommer automatiskt att f\u00e5 den senaste versionen. <\/p>\n\n\n\n<p>H\u00e5ll dig uppdaterad om alla nya funktioner och f\u00f6rb\u00e4ttringar p\u00e5 <strong><a href=\"https:\/\/eavt-versjonslogg.netlify.app\">Eikholt testversion logg<\/a>.<\/strong><\/p>\n\n\n\n<p><\/p>","protected":false},"excerpt":{"rendered":"<p>Hva er Eikholt-testen? Hvem bruker Eikholt-testen? Testen ble lansert p\u00e5 Eikholt-konferansen den 23 august 2023 og er i dag tatt i bruk av audiografer, audiopedagoger, spesialpedagoger og andre, b\u00e5de innenfor privat og offentlig sektor. Testen blir i l\u00f8pet av h\u00f8sten og vinteren 2024\/2025 tilgjengelig ved en rekke h\u00f8resentraler og private \u00d8re-Nese-Hals avtalespesialister. \u00d8nsker du \u00e5<\/p>","protected":false},"author":1,"featured_media":949,"parent":0,"menu_order":0,"comment_status":"closed","ping_status":"closed","template":"templates\/eikholt-test.blade.php","meta":{"_acf_changed":false,"inline_featured_image":false,"ep_exclude_from_search":false,"footnotes":""},"class_list":["post-497","page","type-page","status-publish","has-post-thumbnail","hentry"],"acf":[],"yoast_head":"<!-- This site is optimized with the Yoast SEO plugin v25.8 - https:\/\/yoast.com\/wordpress\/plugins\/seo\/ -->\n<title>Om Eikholt-testen<\/title>\n<meta name=\"description\" content=\"Les om Eikholt-testen, en audiovisuell test av taleforst\u00e5else. Eikholt-testen er tilgjengelig for alle som arbeider med syn, h\u00f8rsel og kommunikasjon.\" \/>\n<meta name=\"robots\" content=\"index, follow, max-snippet:-1, max-image-preview:large, max-video-preview:-1\" \/>\n<link rel=\"canonical\" href=\"https:\/\/www.eikholt.no\/sv\/provning-av-ektra\/\" \/>\n<meta property=\"og:locale\" content=\"sv_SE\" \/>\n<meta property=\"og:type\" content=\"article\" \/>\n<meta property=\"og:title\" content=\"Om Eikholt-testen\" \/>\n<meta property=\"og:description\" content=\"Les om Eikholt-testen, en audiovisuell test av taleforst\u00e5else. Eikholt-testen er tilgjengelig for alle som arbeider med syn, h\u00f8rsel og kommunikasjon.\" \/>\n<meta property=\"og:url\" content=\"https:\/\/www.eikholt.no\/sv\/provning-av-ektra\/\" \/>\n<meta property=\"og:site_name\" content=\"Eikholt\" \/>\n<meta property=\"article:publisher\" content=\"https:\/\/www.facebook.com\/eikholt.kompetansesenter\" \/>\n<meta property=\"article:modified_time\" content=\"2025-11-26T07:43:55+00:00\" \/>\n<meta property=\"og:image\" content=\"https:\/\/www.eikholt.no\/app\/uploads\/2023\/06\/EAVT-IMG1-1024x567.png\" \/>\n\t<meta property=\"og:image:width\" content=\"1024\" \/>\n\t<meta property=\"og:image:height\" content=\"567\" \/>\n\t<meta property=\"og:image:type\" content=\"image\/png\" \/>\n<meta name=\"twitter:card\" content=\"summary_large_image\" \/>\n<meta name=\"twitter:label1\" content=\"Est. reading time\" \/>\n\t<meta name=\"twitter:data1\" content=\"6 minutes\" \/>\n<script type=\"application\/ld+json\" class=\"yoast-schema-graph\">{\"@context\":\"https:\/\/schema.org\",\"@graph\":[{\"@type\":\"WebPage\",\"@id\":\"https:\/\/www.eikholt.no\/eikholt-testen\/\",\"url\":\"https:\/\/www.eikholt.no\/eikholt-testen\/\",\"name\":\"Om Eikholt-testen\",\"isPartOf\":{\"@id\":\"https:\/\/www.eikholt.no\/#website\"},\"primaryImageOfPage\":{\"@id\":\"https:\/\/www.eikholt.no\/eikholt-testen\/#primaryimage\"},\"image\":{\"@id\":\"https:\/\/www.eikholt.no\/eikholt-testen\/#primaryimage\"},\"thumbnailUrl\":\"https:\/\/www.eikholt.no\/app\/uploads\/2023\/06\/EAVT-IMG1.png\",\"datePublished\":\"2023-05-12T09:53:55+00:00\",\"dateModified\":\"2025-11-26T07:43:55+00:00\",\"description\":\"Les om Eikholt-testen, en audiovisuell test av taleforst\u00e5else. Eikholt-testen er tilgjengelig for alle som arbeider med syn, h\u00f8rsel og kommunikasjon.\",\"breadcrumb\":{\"@id\":\"https:\/\/www.eikholt.no\/eikholt-testen\/#breadcrumb\"},\"inLanguage\":\"sv-SE\",\"potentialAction\":[{\"@type\":\"ReadAction\",\"target\":[\"https:\/\/www.eikholt.no\/eikholt-testen\/\"]}]},{\"@type\":\"ImageObject\",\"inLanguage\":\"sv-SE\",\"@id\":\"https:\/\/www.eikholt.no\/eikholt-testen\/#primaryimage\",\"url\":\"https:\/\/www.eikholt.no\/app\/uploads\/2023\/06\/EAVT-IMG1.png\",\"contentUrl\":\"https:\/\/www.eikholt.no\/app\/uploads\/2023\/06\/EAVT-IMG1.png\",\"width\":2842,\"height\":1574,\"caption\":\"Et skjermbilde med tekst og bilde. I bakgrunnen en person.\"},{\"@type\":\"BreadcrumbList\",\"@id\":\"https:\/\/www.eikholt.no\/eikholt-testen\/#breadcrumb\",\"itemListElement\":[{\"@type\":\"ListItem\",\"position\":1,\"name\":\"Forside\",\"item\":\"https:\/\/www.eikholt.no\/\"},{\"@type\":\"ListItem\",\"position\":2,\"name\":\"Om Eikholt-testen\"}]},{\"@type\":\"WebSite\",\"@id\":\"https:\/\/www.eikholt.no\/#website\",\"url\":\"https:\/\/www.eikholt.no\/\",\"name\":\"Eikholt\",\"description\":\"\",\"publisher\":{\"@id\":\"https:\/\/www.eikholt.no\/#organization\"},\"potentialAction\":[{\"@type\":\"SearchAction\",\"target\":{\"@type\":\"EntryPoint\",\"urlTemplate\":\"https:\/\/www.eikholt.no\/?s={search_term_string}\"},\"query-input\":{\"@type\":\"PropertyValueSpecification\",\"valueRequired\":true,\"valueName\":\"search_term_string\"}}],\"inLanguage\":\"sv-SE\"},{\"@type\":\"Organization\",\"@id\":\"https:\/\/www.eikholt.no\/#organization\",\"name\":\"Eikholt\",\"url\":\"https:\/\/www.eikholt.no\/\",\"logo\":{\"@type\":\"ImageObject\",\"inLanguage\":\"sv-SE\",\"@id\":\"https:\/\/www.eikholt.no\/#\/schema\/logo\/image\/\",\"url\":\"https:\/\/www.eikholt.no\/app\/uploads\/2024\/04\/cropped-Logo-Eikholt-ny.jpg\",\"contentUrl\":\"https:\/\/www.eikholt.no\/app\/uploads\/2024\/04\/cropped-Logo-Eikholt-ny.jpg\",\"width\":419,\"height\":209,\"caption\":\"Eikholt\"},\"image\":{\"@id\":\"https:\/\/www.eikholt.no\/#\/schema\/logo\/image\/\"},\"sameAs\":[\"https:\/\/www.facebook.com\/eikholt.kompetansesenter\"]}]}<\/script>\n<!-- \/ Yoast SEO plugin. -->","yoast_head_json":{"title":"Om Eikholt-testet","description":"L\u00e4s om Eikholt-testet, ett audiovisuellt test av talf\u00f6rst\u00e5else. Eikholt-testet \u00e4r tillg\u00e4ngligt f\u00f6r alla som arbetar med syn, h\u00f6rsel och kommunikation.","robots":{"index":"index","follow":"follow","max-snippet":"max-snippet:-1","max-image-preview":"max-image-preview:large","max-video-preview":"max-video-preview:-1"},"canonical":"https:\/\/www.eikholt.no\/sv\/provning-av-ektra\/","og_locale":"sv_SE","og_type":"article","og_title":"Om Eikholt-testen","og_description":"Les om Eikholt-testen, en audiovisuell test av taleforst\u00e5else. Eikholt-testen er tilgjengelig for alle som arbeider med syn, h\u00f8rsel og kommunikasjon.","og_url":"https:\/\/www.eikholt.no\/sv\/provning-av-ektra\/","og_site_name":"Eikholt","article_publisher":"https:\/\/www.facebook.com\/eikholt.kompetansesenter","article_modified_time":"2025-11-26T07:43:55+00:00","og_image":[{"width":1024,"height":567,"url":"https:\/\/www.eikholt.no\/app\/uploads\/2023\/06\/EAVT-IMG1-1024x567.png","type":"image\/png"}],"twitter_card":"summary_large_image","twitter_misc":{"Est. reading time":"6 minutes"},"schema":{"@context":"https:\/\/schema.org","@graph":[{"@type":"WebPage","@id":"https:\/\/www.eikholt.no\/eikholt-testen\/","url":"https:\/\/www.eikholt.no\/eikholt-testen\/","name":"Om Eikholt-testet","isPartOf":{"@id":"https:\/\/www.eikholt.no\/#website"},"primaryImageOfPage":{"@id":"https:\/\/www.eikholt.no\/eikholt-testen\/#primaryimage"},"image":{"@id":"https:\/\/www.eikholt.no\/eikholt-testen\/#primaryimage"},"thumbnailUrl":"https:\/\/www.eikholt.no\/app\/uploads\/2023\/06\/EAVT-IMG1.png","datePublished":"2023-05-12T09:53:55+00:00","dateModified":"2025-11-26T07:43:55+00:00","description":"L\u00e4s om Eikholt-testet, ett audiovisuellt test av talf\u00f6rst\u00e5else. Eikholt-testet \u00e4r tillg\u00e4ngligt f\u00f6r alla som arbetar med syn, h\u00f6rsel och kommunikation.","breadcrumb":{"@id":"https:\/\/www.eikholt.no\/eikholt-testen\/#breadcrumb"},"inLanguage":"sv-SE","potentialAction":[{"@type":"ReadAction","target":["https:\/\/www.eikholt.no\/eikholt-testen\/"]}]},{"@type":"ImageObject","inLanguage":"sv-SE","@id":"https:\/\/www.eikholt.no\/eikholt-testen\/#primaryimage","url":"https:\/\/www.eikholt.no\/app\/uploads\/2023\/06\/EAVT-IMG1.png","contentUrl":"https:\/\/www.eikholt.no\/app\/uploads\/2023\/06\/EAVT-IMG1.png","width":2842,"height":1574,"caption":"Et skjermbilde med tekst og bilde. I bakgrunnen en person."},{"@type":"BreadcrumbList","@id":"https:\/\/www.eikholt.no\/eikholt-testen\/#breadcrumb","itemListElement":[{"@type":"ListItem","position":1,"name":"Forside","item":"https:\/\/www.eikholt.no\/"},{"@type":"ListItem","position":2,"name":"Om Eikholt-testen"}]},{"@type":"WebSite","@id":"https:\/\/www.eikholt.no\/#website","url":"https:\/\/www.eikholt.no\/","name":"Eikholt","description":"","publisher":{"@id":"https:\/\/www.eikholt.no\/#organization"},"potentialAction":[{"@type":"SearchAction","target":{"@type":"EntryPoint","urlTemplate":"https:\/\/www.eikholt.no\/?s={search_term_string}"},"query-input":{"@type":"PropertyValueSpecification","valueRequired":true,"valueName":"search_term_string"}}],"inLanguage":"sv-SE"},{"@type":"Organization","@id":"https:\/\/www.eikholt.no\/#organization","name":"Eikholt","url":"https:\/\/www.eikholt.no\/","logo":{"@type":"ImageObject","inLanguage":"sv-SE","@id":"https:\/\/www.eikholt.no\/#\/schema\/logo\/image\/","url":"https:\/\/www.eikholt.no\/app\/uploads\/2024\/04\/cropped-Logo-Eikholt-ny.jpg","contentUrl":"https:\/\/www.eikholt.no\/app\/uploads\/2024\/04\/cropped-Logo-Eikholt-ny.jpg","width":419,"height":209,"caption":"Eikholt"},"image":{"@id":"https:\/\/www.eikholt.no\/#\/schema\/logo\/image\/"},"sameAs":["https:\/\/www.facebook.com\/eikholt.kompetansesenter"]}]}},"_links":{"self":[{"href":"https:\/\/www.eikholt.no\/sv\/wp-json\/wp\/v2\/pages\/497","targetHints":{"allow":["GET"]}}],"collection":[{"href":"https:\/\/www.eikholt.no\/sv\/wp-json\/wp\/v2\/pages"}],"about":[{"href":"https:\/\/www.eikholt.no\/sv\/wp-json\/wp\/v2\/types\/page"}],"author":[{"embeddable":true,"href":"https:\/\/www.eikholt.no\/sv\/wp-json\/wp\/v2\/users\/1"}],"replies":[{"embeddable":true,"href":"https:\/\/www.eikholt.no\/sv\/wp-json\/wp\/v2\/comments?post=497"}],"version-history":[{"count":49,"href":"https:\/\/www.eikholt.no\/sv\/wp-json\/wp\/v2\/pages\/497\/revisions"}],"predecessor-version":[{"id":5502,"href":"https:\/\/www.eikholt.no\/sv\/wp-json\/wp\/v2\/pages\/497\/revisions\/5502"}],"wp:featuredmedia":[{"embeddable":true,"href":"https:\/\/www.eikholt.no\/sv\/wp-json\/wp\/v2\/media\/949"}],"wp:attachment":[{"href":"https:\/\/www.eikholt.no\/sv\/wp-json\/wp\/v2\/media?parent=497"}],"curies":[{"name":"wp","href":"https:\/\/api.w.org\/{rel}","templated":true}]}}