{"id":5050,"date":"2025-09-19T09:53:29","date_gmt":"2025-09-19T09:53:29","guid":{"rendered":"https:\/\/www.eikholt.no\/?page_id=5050"},"modified":"2025-10-08T11:57:37","modified_gmt":"2025-10-08T11:57:37","slug":"o-du-vill-bidra-till-forskningen-vid-eikholt-testet","status":"publish","type":"page","link":"https:\/\/www.eikholt.no\/sv\/provning-av-ektra\/o-du-vill-bidra-till-forskningen-vid-eikholt-testet\/","title":{"rendered":"Vill du bidra till forskning om Eikholt-testet?"},"content":{"rendered":"<p><\/p>\n\n\n\n<h2 class=\"wp-block-heading\"><strong>Normala data f\u00f6r nytt audiovisuellt test: \"EIKHOLT-TESTET\"<\/strong><\/h2>\n\n\n\n<p>Den h\u00e4r informationen v\u00e4nder sig till dig som vill delta i en forskningsstudie som syftar till att kvalitetss\u00e4kra ett nytt audiovisuellt test av talf\u00f6rst\u00e5else.<\/p>\n\n\n\n<p><strong>Syftet med programmet<\/strong><\/p>\n\n\n\n<p>Syftet med studien \u00e4r att samla in testresultat fr\u00e5n personer med normal syn och h\u00f6rsel.<\/p>\n\n\n\n<p>Data kommer att anv\u00e4ndas f\u00f6r att ta fram normalv\u00e4rden f\u00f6r testet. &nbsp;<\/p>\n\n\n\n<p><strong>Vem \u00e4r ansvarig f\u00f6r projektet?<\/strong><\/p>\n\n\n\n<p>Projektledare \u00e4r Rolf Mj\u00f8nes (audiograf) fr\u00e5n Eikholt nationellt resurscenter f\u00f6r d\u00f6vblinda i Drammen.<\/p>\n\n\n\n<p><strong>Vad inneb\u00e4r deltagande?<\/strong><\/p>\n\n\n\n<p>Deltagandet \u00e4r frivilligt. Om du deltar f\u00e5r du m\u00f6jlighet att testas med det nya Eikholt-testet, och resultaten fr\u00e5n detta test kommer att anv\u00e4ndas f\u00f6r att f\u00f6rb\u00e4ttra testets kvalitet och relevans f\u00f6r klinisk anv\u00e4ndning. <\/p>\n\n\n\n<p>Testet inneb\u00e4r att du tittar p\u00e5 en sk\u00e4rm d\u00e4r fyra personer turas om att s\u00e4ga korta meningar. Du uppmanas att upprepa meningarna och f\u00e5r po\u00e4ng f\u00f6r hur v\u00e4l du f\u00f6rst\u00e5r orden. Olika grader av buller kommer att l\u00e4ggas till. Testet tar upp till 60 minuter och inkluderar ett snabbt h\u00f6rseltest med ren tonaudiometri (test med h\u00f6rlurar och ljudsignaler).<\/p>\n\n\n\n<figure class=\"wp-block-image\"><img loading=\"lazy\" decoding=\"async\" width=\"650\" height=\"460\" src=\"https:\/\/www.eikholt.no\/app\/uploads\/2025\/10\/eavt_resized_1.png\" alt=\"en man sitter framf\u00f6r en b\u00e4rbar dator, i bakgrunden en kvinna som tittar p\u00e5 en TV-sk\u00e4rm\" class=\"wp-image-5206\" srcset=\"https:\/\/www.eikholt.no\/app\/uploads\/2025\/10\/eavt_resized_1.png 650w, https:\/\/www.eikholt.no\/app\/uploads\/2025\/10\/eavt_resized_1-300x212.png 300w, https:\/\/www.eikholt.no\/app\/uploads\/2025\/10\/eavt_resized_1-18x12.png 18w\" sizes=\"auto, (max-width: 650px) 100vw, 650px\" \/><\/figure>\n\n\n\n<p><strong>\u00c4r jag anonym?<\/strong><\/p>\n\n\n\n<p>Du \u00e4r anonym under hela unders\u00f6kningen. Ingen identifierande information kommer att samlas in. Ingen personligt k\u00e4nslig information kommer att lagras, endast enkla demografiska data (\u00e5lder och k\u00f6n). Individuella resultat kommer inte att publiceras eller delas med andra.<\/p>\n\n\n\n<p>Alla deltagare f\u00e5r ett presentkort till ett v\u00e4rde av 200,-<\/p>\n\n\n\n<p><strong>Praktisk information:<\/strong><\/p>\n\n\n\n<p>Testningen sker p\u00e5 Eikholt-centret f\u00f6r d\u00f6vblinda. Vi finns i Drammen, n\u00e4rmare best\u00e4mt p\u00e5 Konnerud. <a href=\"https:\/\/maps.app.goo.gl\/MqBWARDmsKa6wbd78\">Se karta<\/a>. Du kan ta dig till oss med bil (gratis parkering) eller buss nr 24 (n\u00e4rmaste h\u00e5llplats \u00e4r \"Kirkelunden\" ca 3 minuters promenad). <\/p>\n\n\n\n<p>Testningen kommer att ske individuellt. Om du vill delta kommer du att kontaktas f\u00f6r att komma \u00f6verens om en tid. Det g\u00e5r bra att komma b\u00e5de dagtid och kv\u00e4llstid. Testning kommer att \u00e4ga rum fr\u00e5n oktober 2025 till april 2026.<\/p>\n\n\n\n<p>Testet tar upp till 1 timme och det kommer att finnas pauser l\u00e4ngs v\u00e4gen.<\/p>\n\n\n\n<h3 class=\"wp-block-heading\">Vanliga fr\u00e5gor och svar:<\/h3>\n\n\n\n<p><strong>M\u00e5ste jag ha god h\u00f6rsel f\u00f6r att g\u00f6ra testet?<\/strong><br>Denna studie rekryterar deltagare med normal h\u00f6rsel, men vad som \u00e4r \"normalt\" f\u00f6r\u00e4ndras med \u00e5ldern. Alla deltagare kommer att testas med standard ren ton audiometri (piptestet) innan testningen p\u00e5b\u00f6rjas. Kontakta oss g\u00e4rna om du \u00e4r os\u00e4ker.<\/p>\n\n\n\n<p><strong>Kan jag anv\u00e4nda glas\u00f6gon under testet?<\/strong><br>R\u00e4tt glas\u00f6gon. Du ska anv\u00e4nda de glas\u00f6gon som du normalt skulle anv\u00e4nda i en normal samtalssituation.<\/p>\n\n\n\n<p><strong>Var ska jag tr\u00e4ffas?<br><\/strong>V\u00e4nligen kom till receptionen i huvudbyggnaden (\u00e4ven kallad \"Stua\"). Det \u00e4r den stora gula byggnaden vid Eika, h\u00e5ll utkik efter skjutd\u00f6rren i glas. Se \u00e4ven <a href=\"https:\/\/www.eikholt.no\/sv\/app\/uppladdningar\/2025\/10\/utendors-eikholt-valkommen-i-mottagningshuset-5-jpg\/\">bild av huvudentr\u00e9n h\u00e4r<\/a>. <\/p>\n\n\n\n<h3 class=\"wp-block-heading\"><strong>Intresserad?<\/strong><\/h3>\n\n\n\n<p>F\u00f6r mer information eller f\u00f6r att anm\u00e4la ditt intresse, v\u00e4nligen kontakta projektledaren via e-post: <a href=\"mailto:rolf.mjones@eikholt.no\"><strong>rolf.mjones@eikholt.no<\/strong><\/a><\/p>\n\n\n\n<p>F\u00f6r mer information om sj\u00e4lva Eikholt-testet, se <a href=\"https:\/\/www.eikholt.no\/sv\/provning-av-ektra\/\">testets egen webbplats. <\/a><\/p>\n\n\n\n<p>V\u00e4lkommen till Eikholt!<\/p>\n\n\n\n<figure class=\"wp-block-image size-large\"><img loading=\"lazy\" decoding=\"async\" width=\"1024\" height=\"682\" src=\"https:\/\/www.eikholt.no\/app\/uploads\/2025\/09\/Utendors-Eikholt-hagen-mot-stua-folk-pa-terrassen-ledelinje-1-1024x682.jpg\" alt=\"Bild fr\u00e5n utomhusomr\u00e5det vid Eikholt, som visar &quot;Stua&quot; - en byggnad p\u00e5 f\u00f6rsta v\u00e5ningen med terrass. I f\u00f6rgrunden ser vi g\u00e5ngstigar, ledstr\u00e5k och en flaggst\u00e5ng.\" class=\"wp-image-5057\" srcset=\"https:\/\/www.eikholt.no\/app\/uploads\/2025\/09\/Utendors-Eikholt-hagen-mot-stua-folk-pa-terrassen-ledelinje-1-1024x682.jpg 1024w, https:\/\/www.eikholt.no\/app\/uploads\/2025\/09\/Utendors-Eikholt-hagen-mot-stua-folk-pa-terrassen-ledelinje-1-300x200.jpg 300w, https:\/\/www.eikholt.no\/app\/uploads\/2025\/09\/Utendors-Eikholt-hagen-mot-stua-folk-pa-terrassen-ledelinje-1-768x511.jpg 768w, https:\/\/www.eikholt.no\/app\/uploads\/2025\/09\/Utendors-Eikholt-hagen-mot-stua-folk-pa-terrassen-ledelinje-1-18x12.jpg 18w, https:\/\/www.eikholt.no\/app\/uploads\/2025\/09\/Utendors-Eikholt-hagen-mot-stua-folk-pa-terrassen-ledelinje-1.jpg 1080w\" sizes=\"auto, (max-width: 1024px) 100vw, 1024px\" \/><\/figure>","protected":false},"excerpt":{"rendered":"<p>Normaldata for ny audiovisuell test: \u00abEIKHOLT-TESTEN\u00bb Denne informasjonen er til deg som \u00f8nsker \u00e5 delta i et forskningsstudie hvor form\u00e5let er \u00e5 kvalitetssikre en ny audiovisuell test av taleforst\u00e5else. Form\u00e5l Form\u00e5let med studien er \u00e5 hente inn testresultater fra personer med normal syn og h\u00f8rsel. Data skal brukes til \u00e5 utvikle normalverdier for testen. &nbsp;<\/p>","protected":false},"author":9,"featured_media":5051,"parent":497,"menu_order":0,"comment_status":"closed","ping_status":"closed","template":"templates\/eikholt-test.blade.php","meta":{"_acf_changed":false,"inline_featured_image":false,"ep_exclude_from_search":false,"footnotes":""},"class_list":["post-5050","page","type-page","status-publish","has-post-thumbnail","hentry"],"acf":[],"yoast_head":"<!-- This site is optimized with the Yoast SEO plugin v25.8 - https:\/\/yoast.com\/wordpress\/plugins\/seo\/ -->\n<title>\u00d8nsker du \u00e5 bidra til forskning p\u00e5 Eikholt-testen? - Eikholt<\/title>\n<meta name=\"robots\" content=\"index, follow, max-snippet:-1, max-image-preview:large, max-video-preview:-1\" \/>\n<link rel=\"canonical\" href=\"https:\/\/www.eikholt.no\/sv\/provning-av-ektra\/o-du-vill-bidra-till-forskningen-vid-eikholt-testet\/\" \/>\n<meta property=\"og:locale\" content=\"sv_SE\" \/>\n<meta property=\"og:type\" content=\"article\" \/>\n<meta property=\"og:title\" content=\"\u00d8nsker du \u00e5 bidra til forskning p\u00e5 Eikholt-testen? - Eikholt\" \/>\n<meta property=\"og:description\" content=\"Normaldata for ny audiovisuell test: \u00abEIKHOLT-TESTEN\u00bb Denne informasjonen er til deg som \u00f8nsker \u00e5 delta i et forskningsstudie hvor form\u00e5let er \u00e5 kvalitetssikre en ny audiovisuell test av taleforst\u00e5else. Form\u00e5l Form\u00e5let med studien er \u00e5 hente inn testresultater fra personer med normal syn og h\u00f8rsel. Data skal brukes til \u00e5 utvikle normalverdier for testen. &nbsp;\" \/>\n<meta property=\"og:url\" content=\"https:\/\/www.eikholt.no\/sv\/provning-av-ektra\/o-du-vill-bidra-till-forskningen-vid-eikholt-testet\/\" \/>\n<meta property=\"og:site_name\" content=\"Eikholt\" \/>\n<meta property=\"article:publisher\" content=\"https:\/\/www.facebook.com\/eikholt.kompetansesenter\" \/>\n<meta property=\"article:modified_time\" content=\"2025-10-08T11:57:37+00:00\" \/>\n<meta property=\"og:image\" content=\"https:\/\/www.eikholt.no\/app\/uploads\/2025\/09\/EAVT-august_3-scaled.jpg\" \/>\n\t<meta property=\"og:image:width\" content=\"2560\" \/>\n\t<meta property=\"og:image:height\" content=\"1813\" \/>\n\t<meta property=\"og:image:type\" content=\"image\/jpeg\" \/>\n<meta name=\"twitter:card\" content=\"summary_large_image\" \/>\n<meta name=\"twitter:label1\" content=\"Est. reading time\" \/>\n\t<meta name=\"twitter:data1\" content=\"3 minutes\" \/>\n<script type=\"application\/ld+json\" class=\"yoast-schema-graph\">{\"@context\":\"https:\/\/schema.org\",\"@graph\":[{\"@type\":\"WebPage\",\"@id\":\"https:\/\/www.eikholt.no\/eikholt-testen\/onsker-du-a-bidra-til-forskning-pa-eikholt-testen\/\",\"url\":\"https:\/\/www.eikholt.no\/eikholt-testen\/onsker-du-a-bidra-til-forskning-pa-eikholt-testen\/\",\"name\":\"\u00d8nsker du \u00e5 bidra til forskning p\u00e5 Eikholt-testen? - Eikholt\",\"isPartOf\":{\"@id\":\"https:\/\/www.eikholt.no\/#website\"},\"primaryImageOfPage\":{\"@id\":\"https:\/\/www.eikholt.no\/eikholt-testen\/onsker-du-a-bidra-til-forskning-pa-eikholt-testen\/#primaryimage\"},\"image\":{\"@id\":\"https:\/\/www.eikholt.no\/eikholt-testen\/onsker-du-a-bidra-til-forskning-pa-eikholt-testen\/#primaryimage\"},\"thumbnailUrl\":\"https:\/\/www.eikholt.no\/app\/uploads\/2025\/09\/EAVT-august_3-scaled.jpg\",\"datePublished\":\"2025-09-19T09:53:29+00:00\",\"dateModified\":\"2025-10-08T11:57:37+00:00\",\"breadcrumb\":{\"@id\":\"https:\/\/www.eikholt.no\/eikholt-testen\/onsker-du-a-bidra-til-forskning-pa-eikholt-testen\/#breadcrumb\"},\"inLanguage\":\"sv-SE\",\"potentialAction\":[{\"@type\":\"ReadAction\",\"target\":[\"https:\/\/www.eikholt.no\/eikholt-testen\/onsker-du-a-bidra-til-forskning-pa-eikholt-testen\/\"]}]},{\"@type\":\"ImageObject\",\"inLanguage\":\"sv-SE\",\"@id\":\"https:\/\/www.eikholt.no\/eikholt-testen\/onsker-du-a-bidra-til-forskning-pa-eikholt-testen\/#primaryimage\",\"url\":\"https:\/\/www.eikholt.no\/app\/uploads\/2025\/09\/EAVT-august_3-scaled.jpg\",\"contentUrl\":\"https:\/\/www.eikholt.no\/app\/uploads\/2025\/09\/EAVT-august_3-scaled.jpg\",\"width\":2560,\"height\":1813,\"caption\":\"Bilde av to personer i et test-rom, en mann sitter foran en PC og en kvinne ser p\u00e5 en TV-skjerm\"},{\"@type\":\"BreadcrumbList\",\"@id\":\"https:\/\/www.eikholt.no\/eikholt-testen\/onsker-du-a-bidra-til-forskning-pa-eikholt-testen\/#breadcrumb\",\"itemListElement\":[{\"@type\":\"ListItem\",\"position\":1,\"name\":\"Forside\",\"item\":\"https:\/\/www.eikholt.no\/\"},{\"@type\":\"ListItem\",\"position\":2,\"name\":\"Om Eikholt-testen\",\"item\":\"https:\/\/www.eikholt.no\/eikholt-testen\/\"},{\"@type\":\"ListItem\",\"position\":3,\"name\":\"\u00d8nsker du \u00e5 bidra til forskning p\u00e5 Eikholt-testen?\"}]},{\"@type\":\"WebSite\",\"@id\":\"https:\/\/www.eikholt.no\/#website\",\"url\":\"https:\/\/www.eikholt.no\/\",\"name\":\"Eikholt\",\"description\":\"\",\"publisher\":{\"@id\":\"https:\/\/www.eikholt.no\/#organization\"},\"potentialAction\":[{\"@type\":\"SearchAction\",\"target\":{\"@type\":\"EntryPoint\",\"urlTemplate\":\"https:\/\/www.eikholt.no\/?s={search_term_string}\"},\"query-input\":{\"@type\":\"PropertyValueSpecification\",\"valueRequired\":true,\"valueName\":\"search_term_string\"}}],\"inLanguage\":\"sv-SE\"},{\"@type\":\"Organization\",\"@id\":\"https:\/\/www.eikholt.no\/#organization\",\"name\":\"Eikholt\",\"url\":\"https:\/\/www.eikholt.no\/\",\"logo\":{\"@type\":\"ImageObject\",\"inLanguage\":\"sv-SE\",\"@id\":\"https:\/\/www.eikholt.no\/#\/schema\/logo\/image\/\",\"url\":\"https:\/\/www.eikholt.no\/app\/uploads\/2024\/04\/cropped-Logo-Eikholt-ny.jpg\",\"contentUrl\":\"https:\/\/www.eikholt.no\/app\/uploads\/2024\/04\/cropped-Logo-Eikholt-ny.jpg\",\"width\":419,\"height\":209,\"caption\":\"Eikholt\"},\"image\":{\"@id\":\"https:\/\/www.eikholt.no\/#\/schema\/logo\/image\/\"},\"sameAs\":[\"https:\/\/www.facebook.com\/eikholt.kompetansesenter\"]}]}<\/script>\n<!-- \/ Yoast SEO plugin. -->","yoast_head_json":{"title":"Vill du bidra till forskningen kring Eikholt-testet? - Eikholt","robots":{"index":"index","follow":"follow","max-snippet":"max-snippet:-1","max-image-preview":"max-image-preview:large","max-video-preview":"max-video-preview:-1"},"canonical":"https:\/\/www.eikholt.no\/sv\/provning-av-ektra\/o-du-vill-bidra-till-forskningen-vid-eikholt-testet\/","og_locale":"sv_SE","og_type":"article","og_title":"\u00d8nsker du \u00e5 bidra til forskning p\u00e5 Eikholt-testen? - Eikholt","og_description":"Normaldata for ny audiovisuell test: \u00abEIKHOLT-TESTEN\u00bb Denne informasjonen er til deg som \u00f8nsker \u00e5 delta i et forskningsstudie hvor form\u00e5let er \u00e5 kvalitetssikre en ny audiovisuell test av taleforst\u00e5else. Form\u00e5l Form\u00e5let med studien er \u00e5 hente inn testresultater fra personer med normal syn og h\u00f8rsel. Data skal brukes til \u00e5 utvikle normalverdier for testen. &nbsp;","og_url":"https:\/\/www.eikholt.no\/sv\/provning-av-ektra\/o-du-vill-bidra-till-forskningen-vid-eikholt-testet\/","og_site_name":"Eikholt","article_publisher":"https:\/\/www.facebook.com\/eikholt.kompetansesenter","article_modified_time":"2025-10-08T11:57:37+00:00","og_image":[{"width":2560,"height":1813,"url":"https:\/\/www.eikholt.no\/app\/uploads\/2025\/09\/EAVT-august_3-scaled.jpg","type":"image\/jpeg"}],"twitter_card":"summary_large_image","twitter_misc":{"Est. reading time":"3 minutes"},"schema":{"@context":"https:\/\/schema.org","@graph":[{"@type":"WebPage","@id":"https:\/\/www.eikholt.no\/eikholt-testen\/onsker-du-a-bidra-til-forskning-pa-eikholt-testen\/","url":"https:\/\/www.eikholt.no\/eikholt-testen\/onsker-du-a-bidra-til-forskning-pa-eikholt-testen\/","name":"Vill du bidra till forskningen kring Eikholt-testet? - Eikholt","isPartOf":{"@id":"https:\/\/www.eikholt.no\/#website"},"primaryImageOfPage":{"@id":"https:\/\/www.eikholt.no\/eikholt-testen\/onsker-du-a-bidra-til-forskning-pa-eikholt-testen\/#primaryimage"},"image":{"@id":"https:\/\/www.eikholt.no\/eikholt-testen\/onsker-du-a-bidra-til-forskning-pa-eikholt-testen\/#primaryimage"},"thumbnailUrl":"https:\/\/www.eikholt.no\/app\/uploads\/2025\/09\/EAVT-august_3-scaled.jpg","datePublished":"2025-09-19T09:53:29+00:00","dateModified":"2025-10-08T11:57:37+00:00","breadcrumb":{"@id":"https:\/\/www.eikholt.no\/eikholt-testen\/onsker-du-a-bidra-til-forskning-pa-eikholt-testen\/#breadcrumb"},"inLanguage":"sv-SE","potentialAction":[{"@type":"ReadAction","target":["https:\/\/www.eikholt.no\/eikholt-testen\/onsker-du-a-bidra-til-forskning-pa-eikholt-testen\/"]}]},{"@type":"ImageObject","inLanguage":"sv-SE","@id":"https:\/\/www.eikholt.no\/eikholt-testen\/onsker-du-a-bidra-til-forskning-pa-eikholt-testen\/#primaryimage","url":"https:\/\/www.eikholt.no\/app\/uploads\/2025\/09\/EAVT-august_3-scaled.jpg","contentUrl":"https:\/\/www.eikholt.no\/app\/uploads\/2025\/09\/EAVT-august_3-scaled.jpg","width":2560,"height":1813,"caption":"Bilde av to personer i et test-rom, en mann sitter foran en PC og en kvinne ser p\u00e5 en TV-skjerm"},{"@type":"BreadcrumbList","@id":"https:\/\/www.eikholt.no\/eikholt-testen\/onsker-du-a-bidra-til-forskning-pa-eikholt-testen\/#breadcrumb","itemListElement":[{"@type":"ListItem","position":1,"name":"Forside","item":"https:\/\/www.eikholt.no\/"},{"@type":"ListItem","position":2,"name":"Om Eikholt-testen","item":"https:\/\/www.eikholt.no\/eikholt-testen\/"},{"@type":"ListItem","position":3,"name":"\u00d8nsker du \u00e5 bidra til forskning p\u00e5 Eikholt-testen?"}]},{"@type":"WebSite","@id":"https:\/\/www.eikholt.no\/#website","url":"https:\/\/www.eikholt.no\/","name":"Eikholt","description":"","publisher":{"@id":"https:\/\/www.eikholt.no\/#organization"},"potentialAction":[{"@type":"SearchAction","target":{"@type":"EntryPoint","urlTemplate":"https:\/\/www.eikholt.no\/?s={search_term_string}"},"query-input":{"@type":"PropertyValueSpecification","valueRequired":true,"valueName":"search_term_string"}}],"inLanguage":"sv-SE"},{"@type":"Organization","@id":"https:\/\/www.eikholt.no\/#organization","name":"Eikholt","url":"https:\/\/www.eikholt.no\/","logo":{"@type":"ImageObject","inLanguage":"sv-SE","@id":"https:\/\/www.eikholt.no\/#\/schema\/logo\/image\/","url":"https:\/\/www.eikholt.no\/app\/uploads\/2024\/04\/cropped-Logo-Eikholt-ny.jpg","contentUrl":"https:\/\/www.eikholt.no\/app\/uploads\/2024\/04\/cropped-Logo-Eikholt-ny.jpg","width":419,"height":209,"caption":"Eikholt"},"image":{"@id":"https:\/\/www.eikholt.no\/#\/schema\/logo\/image\/"},"sameAs":["https:\/\/www.facebook.com\/eikholt.kompetansesenter"]}]}},"_links":{"self":[{"href":"https:\/\/www.eikholt.no\/sv\/wp-json\/wp\/v2\/pages\/5050","targetHints":{"allow":["GET"]}}],"collection":[{"href":"https:\/\/www.eikholt.no\/sv\/wp-json\/wp\/v2\/pages"}],"about":[{"href":"https:\/\/www.eikholt.no\/sv\/wp-json\/wp\/v2\/types\/page"}],"author":[{"embeddable":true,"href":"https:\/\/www.eikholt.no\/sv\/wp-json\/wp\/v2\/users\/9"}],"replies":[{"embeddable":true,"href":"https:\/\/www.eikholt.no\/sv\/wp-json\/wp\/v2\/comments?post=5050"}],"version-history":[{"count":13,"href":"https:\/\/www.eikholt.no\/sv\/wp-json\/wp\/v2\/pages\/5050\/revisions"}],"predecessor-version":[{"id":5208,"href":"https:\/\/www.eikholt.no\/sv\/wp-json\/wp\/v2\/pages\/5050\/revisions\/5208"}],"up":[{"embeddable":true,"href":"https:\/\/www.eikholt.no\/sv\/wp-json\/wp\/v2\/pages\/497"}],"wp:featuredmedia":[{"embeddable":true,"href":"https:\/\/www.eikholt.no\/sv\/wp-json\/wp\/v2\/media\/5051"}],"wp:attachment":[{"href":"https:\/\/www.eikholt.no\/sv\/wp-json\/wp\/v2\/media?parent=5050"}],"curies":[{"name":"wp","href":"https:\/\/api.w.org\/{rel}","templated":true}]}}