{"id":5521,"date":"2025-12-04T07:26:40","date_gmt":"2025-12-04T07:26:40","guid":{"rendered":"https:\/\/www.eikholt.no\/"},"modified":"2025-12-12T09:15:23","modified_gmt":"2025-12-12T09:15:23","slug":"haptik-pocketutgava","status":"publish","type":"page","link":"https:\/\/www.eikholt.no\/sv\/haptik-pocketutgava\/","title":{"rendered":"Haptik: Pocket Edition"},"content":{"rendered":"<h2 class=\"wp-block-heading\">Haptik: Pocket Edition<\/h2>\n\n\n\n<p><strong>Haptik: Pocket Edition<\/strong> \u00e4r en app f\u00f6r att l\u00e4ra sig standardiserade haptiska signaler. Appen \u00e4r utformad f\u00f6r personer med syn- och h\u00f6rselneds\u00e4ttningar, blinda, deras n\u00e4tverk och yrkesverksamma som vill anv\u00e4nda signalerna.<\/p>\n\n\n\n<figure class=\"wp-block-image size-large is-style-default\"><img loading=\"lazy\" decoding=\"async\" width=\"1024\" height=\"576\" src=\"https:\/\/www.eikholt.no\/app\/uploads\/2025\/12\/haptics_icon_02-1024x576.png\" alt=\"Bild p\u00e5 en telefon med m\u00e5nga appar och Haptics Pocket Edition-ikonen.\" class=\"wp-image-5526\" srcset=\"https:\/\/www.eikholt.no\/app\/uploads\/2025\/12\/haptics_icon_02-1024x576.png 1024w, https:\/\/www.eikholt.no\/app\/uploads\/2025\/12\/haptics_icon_02-300x169.png 300w, https:\/\/www.eikholt.no\/app\/uploads\/2025\/12\/haptics_icon_02-768x432.png 768w, https:\/\/www.eikholt.no\/app\/uploads\/2025\/12\/haptics_icon_02-1536x864.png 1536w, https:\/\/www.eikholt.no\/app\/uploads\/2025\/12\/haptics_icon_02-18x10.png 18w, https:\/\/www.eikholt.no\/app\/uploads\/2025\/12\/haptics_icon_02.png 1920w\" sizes=\"auto, (max-width: 1024px) 100vw, 1024px\" \/><\/figure>\n\n\n\n<p>Appen inneh\u00e5ller mer \u00e4n 140 signaler. Den finns tillg\u00e4nglig p\u00e5 norska och engelska. Varje signal har en beskrivning med bild, text och video. I appen kan du skapa favoritlistor. Listorna kan ocks\u00e5 delas med andra. Det finns ocks\u00e5 inst\u00e4llningar f\u00f6r att v\u00e4lja h\u00f6g kontrast, och textstorleken i appen f\u00f6ljer den inst\u00e4llning du har p\u00e5 den telefon eller surfplatta du anv\u00e4nder. <\/p>\n\n\n\n<h2 class=\"wp-block-heading\">Var hittar jag appen Haptics:Pocket Edition?<\/h2>\n\n\n\n<p>Appen kan laddas ner fr\u00e5n Google Play och App Store:<\/p>\n\n\n\n<p>\ud83d\udcf2Ladda ner appen fr\u00e5n&nbsp;<strong><a href=\"https:\/\/apps.apple.com\/us\/app\/haptics-pocket-edition\/id6755103527\" target=\"_blank\" rel=\"noreferrer noopener\">App Store<\/a><\/strong><\/p>\n\n\n\n<p>\ud83e\udd16Ladda ner appen fr\u00e5n&nbsp;<strong><a href=\"https:\/\/play.google.com\/store\/apps\/details?id=no.eikholt.hapticspocketedition\">Google <\/a><a href=\"https:\/\/play.google.com\/store\/apps\/details?id=no.eikholt.hapticspocketedition\" target=\"_blank\" rel=\"noreferrer noopener\">Spela<\/a><\/strong><\/p>\n\n\n\n<p>I l\u00e4nken nedan hittar du appen som en webbversion om du inte vill anv\u00e4nda appen:<\/p>\n\n\n\n<div class=\"wp-block-sail-buttons left\">\n<a class=\"wp-block-sail-button filled teal\" href=\"https:\/\/haptics.eikholt.no\/no\/dictionary\" target=\"_blank\" rel=\"noreferrer noopener\"><span>Haptik: Pocketutg\u00e5va Webbutg\u00e5va<\/span><\/a>\n<\/div>\n\n\n\n<h2 class=\"wp-block-heading\">Vad \u00e4r haptiska signaler?<\/h2>\n\n\n\n<p>Haptiska signaler \u00e4r en metod f\u00f6r att f\u00f6rmedla information genom ber\u00f6ring, vanligtvis p\u00e5 \u00f6vre delen av ryggen eller \u00f6verarmen. Haptiska signaler kan komplettera talat spr\u00e5k eller teckenspr\u00e5k. De kan anv\u00e4ndas f\u00f6r att f\u00e5 information om omgivningar, h\u00e4ndelser, sinnesst\u00e4mningar, personer med mera. <\/p>\n\n\n\n<h2 class=\"wp-block-heading\">Vill du l\u00e4ra dig mer om haptiska signaler?<\/h2>\n\n\n\n<p><strong>Vill du ha kurser?<\/strong>\u00a0Du hittar formul\u00e4ret h\u00e4r:<strong>\u00a0<a href=\"https:\/\/www.eikholt.no\/sv\/ansokningsformular-for-enskilda-kurser\/\" target=\"_blank\" rel=\"noreferrer noopener\">F\u00f6rfr\u00e5gan individuell kurs<\/a>Jag \u00f6nskar dig en trevlig semester.\u00a0<\/strong><\/p>\n\n\n\n<p><strong>Har du n\u00e5gra fr\u00e5gor?<\/strong>\u00a0Du hittar kontaktinformation h\u00e4r:\u00a0\u00a0<strong><a href=\"https:\/\/www.eikholt.no\/sv\/kontakta-oss\/\" target=\"_blank\" rel=\"noreferrer noopener\">Kontakta oss<\/a>\u00a0\u00a0<\/strong><\/p>\n\n\n\n<h2 class=\"wp-block-heading\">L\u00e4s om projekt med Haptic Signalling och ladda ner guider<\/h2>\n\n\n\n<p>L\u00e4s mer om projektet <a href=\"https:\/\/www.eikholt.no\/sv\/kunskapsvalvet\/rorlighet-och-orientering\/\" target=\"_blank\" rel=\"noreferrer noopener\"><strong>Haptisk kommunikation och ledarhundar<\/strong><\/a><\/p>\n\n\n\n<p>Ladda ner guiden till <a href=\"https:\/\/www.eikholt.no\/sv\/app\/uppladdningar\/2024\/06\/haptisk-kommunikation-och-ledarhund-ny-design-pdf\/\"><strong>Haptisk <\/strong><\/a><a href=\"https:\/\/www.eikholt.no\/sv\/app\/uppladdningar\/2024\/06\/haptisk-kommunikation-och-ledarhund-ny-design-pdf\/\" target=\"_blank\" rel=\"noreferrer noopener\"><strong>Kommunikation <\/strong><\/a><a href=\"https:\/\/www.eikholt.no\/sv\/app\/uppladdningar\/2024\/06\/haptisk-kommunikation-och-ledarhund-ny-design-pdf\/\"><strong>och ledarhund<\/strong><\/a><\/p>\n\n\n\n<p>L\u00e4s mer om projektet <a href=\"https:\/\/www.eikholt.no\/sv\/kunskapsvalvet\/granslos-sportgladje\/\" target=\"_blank\" rel=\"noreferrer noopener\"><strong>Gr\u00e4nsl\u00f6s sportgl\u00e4dje<\/strong><\/a><\/p>\n\n\n\n<p>Ladda ner guiden med <a href=\"https:\/\/www.eikholt.no\/sv\/app\/uppladdningar\/2024\/04\/granslos-sport-gladje-guide-pdf\/\" target=\"_blank\" rel=\"noreferrer noopener\"><strong>Haptiska signaler f\u00f6r anv\u00e4ndning vid fotbollsmatcher<\/strong><\/a><\/p>\n\n\n\n<p><\/p>","protected":false},"excerpt":{"rendered":"<p>Haptics: Pocket Edition Haptics: Pocket Edition er en app for \u00e5 l\u00e6re standardiserte haptiske signaler. Appen er utviklet for personer med syns- og h\u00f8rselsnedsettelse, blinde, deres nettverk og fagpersoner som \u00f8nsker og ta signalene i bruk. Appen inneholder mer enn 140 signaler. Den er tilgjengelig p\u00e5 norsk og engelsk. Hvert signal har beskrivelse med bilde,<\/p>","protected":false},"author":8,"featured_media":5537,"parent":0,"menu_order":0,"comment_status":"closed","ping_status":"closed","template":"","meta":{"_acf_changed":false,"inline_featured_image":false,"ep_exclude_from_search":false,"footnotes":""},"class_list":["post-5521","page","type-page","status-publish","has-post-thumbnail","hentry"],"acf":[],"yoast_head":"<!-- This site is optimized with the Yoast SEO plugin v25.8 - https:\/\/yoast.com\/wordpress\/plugins\/seo\/ -->\n<title>Haptics: Pocket Edition - Eikholt<\/title>\n<meta name=\"description\" content=\"Haptics: Pocket Edition er en app for \u00e5 l\u00e6re standardiserte haptiske signaler. Appen er utviklet for personer med syns- og h\u00f8rselsnedsettelse, blinde, deres nettverk og fagpersoner som \u00f8nsker og ta signalene i bruk.\" \/>\n<meta name=\"robots\" content=\"index, follow, max-snippet:-1, max-image-preview:large, max-video-preview:-1\" \/>\n<link rel=\"canonical\" href=\"https:\/\/www.eikholt.no\/sv\/haptik-pocketutgava\/\" \/>\n<meta property=\"og:locale\" content=\"sv_SE\" \/>\n<meta property=\"og:type\" content=\"article\" \/>\n<meta property=\"og:title\" content=\"Haptics: Pocket Edition - Eikholt\" \/>\n<meta property=\"og:description\" content=\"Haptics: Pocket Edition er en app for \u00e5 l\u00e6re standardiserte haptiske signaler. Appen er utviklet for personer med syns- og h\u00f8rselsnedsettelse, blinde, deres nettverk og fagpersoner som \u00f8nsker og ta signalene i bruk.\" \/>\n<meta property=\"og:url\" content=\"https:\/\/www.eikholt.no\/sv\/haptik-pocketutgava\/\" \/>\n<meta property=\"og:site_name\" content=\"Eikholt\" \/>\n<meta property=\"article:publisher\" content=\"https:\/\/www.facebook.com\/eikholt.kompetansesenter\" \/>\n<meta property=\"article:modified_time\" content=\"2025-12-12T09:15:23+00:00\" \/>\n<meta property=\"og:image\" content=\"https:\/\/www.eikholt.no\/app\/uploads\/2025\/12\/haptics_icon.png\" \/>\n\t<meta property=\"og:image:width\" content=\"1920\" \/>\n\t<meta property=\"og:image:height\" content=\"1080\" \/>\n\t<meta property=\"og:image:type\" content=\"image\/png\" \/>\n<meta name=\"twitter:card\" content=\"summary_large_image\" \/>\n<meta name=\"twitter:label1\" content=\"Est. reading time\" \/>\n\t<meta name=\"twitter:data1\" content=\"2 minutes\" \/>\n<script type=\"application\/ld+json\" class=\"yoast-schema-graph\">{\"@context\":\"https:\/\/schema.org\",\"@graph\":[{\"@type\":\"WebPage\",\"@id\":\"https:\/\/www.eikholt.no\/haptics-pocket-edition\/\",\"url\":\"https:\/\/www.eikholt.no\/haptics-pocket-edition\/\",\"name\":\"Haptics: Pocket Edition - Eikholt\",\"isPartOf\":{\"@id\":\"https:\/\/www.eikholt.no\/#website\"},\"primaryImageOfPage\":{\"@id\":\"https:\/\/www.eikholt.no\/haptics-pocket-edition\/#primaryimage\"},\"image\":{\"@id\":\"https:\/\/www.eikholt.no\/haptics-pocket-edition\/#primaryimage\"},\"thumbnailUrl\":\"https:\/\/www.eikholt.no\/app\/uploads\/2025\/12\/haptics_icon.png\",\"datePublished\":\"2025-12-04T07:26:40+00:00\",\"dateModified\":\"2025-12-12T09:15:23+00:00\",\"description\":\"Haptics: Pocket Edition er en app for \u00e5 l\u00e6re standardiserte haptiske signaler. Appen er utviklet for personer med syns- og h\u00f8rselsnedsettelse, blinde, deres nettverk og fagpersoner som \u00f8nsker og ta signalene i bruk.\",\"breadcrumb\":{\"@id\":\"https:\/\/www.eikholt.no\/haptics-pocket-edition\/#breadcrumb\"},\"inLanguage\":\"sv-SE\",\"potentialAction\":[{\"@type\":\"ReadAction\",\"target\":[\"https:\/\/www.eikholt.no\/haptics-pocket-edition\/\"]}]},{\"@type\":\"ImageObject\",\"inLanguage\":\"sv-SE\",\"@id\":\"https:\/\/www.eikholt.no\/haptics-pocket-edition\/#primaryimage\",\"url\":\"https:\/\/www.eikholt.no\/app\/uploads\/2025\/12\/haptics_icon.png\",\"contentUrl\":\"https:\/\/www.eikholt.no\/app\/uploads\/2025\/12\/haptics_icon.png\",\"width\":1920,\"height\":1080,\"caption\":\"Ikon av en persons rygg, med en h\u00e5nd som utf\u00f8rer tegn p\u00e5 ryggen\"},{\"@type\":\"BreadcrumbList\",\"@id\":\"https:\/\/www.eikholt.no\/haptics-pocket-edition\/#breadcrumb\",\"itemListElement\":[{\"@type\":\"ListItem\",\"position\":1,\"name\":\"Forside\",\"item\":\"https:\/\/www.eikholt.no\/\"},{\"@type\":\"ListItem\",\"position\":2,\"name\":\"Haptics: Pocket Edition\"}]},{\"@type\":\"WebSite\",\"@id\":\"https:\/\/www.eikholt.no\/#website\",\"url\":\"https:\/\/www.eikholt.no\/\",\"name\":\"Eikholt\",\"description\":\"\",\"publisher\":{\"@id\":\"https:\/\/www.eikholt.no\/#organization\"},\"potentialAction\":[{\"@type\":\"SearchAction\",\"target\":{\"@type\":\"EntryPoint\",\"urlTemplate\":\"https:\/\/www.eikholt.no\/?s={search_term_string}\"},\"query-input\":{\"@type\":\"PropertyValueSpecification\",\"valueRequired\":true,\"valueName\":\"search_term_string\"}}],\"inLanguage\":\"sv-SE\"},{\"@type\":\"Organization\",\"@id\":\"https:\/\/www.eikholt.no\/#organization\",\"name\":\"Eikholt\",\"url\":\"https:\/\/www.eikholt.no\/\",\"logo\":{\"@type\":\"ImageObject\",\"inLanguage\":\"sv-SE\",\"@id\":\"https:\/\/www.eikholt.no\/#\/schema\/logo\/image\/\",\"url\":\"https:\/\/www.eikholt.no\/app\/uploads\/2024\/04\/cropped-Logo-Eikholt-ny.jpg\",\"contentUrl\":\"https:\/\/www.eikholt.no\/app\/uploads\/2024\/04\/cropped-Logo-Eikholt-ny.jpg\",\"width\":419,\"height\":209,\"caption\":\"Eikholt\"},\"image\":{\"@id\":\"https:\/\/www.eikholt.no\/#\/schema\/logo\/image\/\"},\"sameAs\":[\"https:\/\/www.facebook.com\/eikholt.kompetansesenter\"]}]}<\/script>\n<!-- \/ Yoast SEO plugin. -->","yoast_head_json":{"title":"Haptik: Pocket Edition - Eikholt","description":"Haptics: Pocket Edition \u00e4r en app f\u00f6r att l\u00e4ra sig standardiserade haptiska signaler. Appen \u00e4r utformad f\u00f6r personer med syn- och h\u00f6rselneds\u00e4ttning, blinda, deras n\u00e4tverk och yrkesverksamma som vill anv\u00e4nda signalerna.","robots":{"index":"index","follow":"follow","max-snippet":"max-snippet:-1","max-image-preview":"max-image-preview:large","max-video-preview":"max-video-preview:-1"},"canonical":"https:\/\/www.eikholt.no\/sv\/haptik-pocketutgava\/","og_locale":"sv_SE","og_type":"article","og_title":"Haptics: Pocket Edition - Eikholt","og_description":"Haptics: Pocket Edition er en app for \u00e5 l\u00e6re standardiserte haptiske signaler. Appen er utviklet for personer med syns- og h\u00f8rselsnedsettelse, blinde, deres nettverk og fagpersoner som \u00f8nsker og ta signalene i bruk.","og_url":"https:\/\/www.eikholt.no\/sv\/haptik-pocketutgava\/","og_site_name":"Eikholt","article_publisher":"https:\/\/www.facebook.com\/eikholt.kompetansesenter","article_modified_time":"2025-12-12T09:15:23+00:00","og_image":[{"width":1920,"height":1080,"url":"https:\/\/www.eikholt.no\/app\/uploads\/2025\/12\/haptics_icon.png","type":"image\/png"}],"twitter_card":"summary_large_image","twitter_misc":{"Est. reading time":"2 minutes"},"schema":{"@context":"https:\/\/schema.org","@graph":[{"@type":"WebPage","@id":"https:\/\/www.eikholt.no\/haptics-pocket-edition\/","url":"https:\/\/www.eikholt.no\/haptics-pocket-edition\/","name":"Haptik: Pocket Edition - Eikholt","isPartOf":{"@id":"https:\/\/www.eikholt.no\/#website"},"primaryImageOfPage":{"@id":"https:\/\/www.eikholt.no\/haptics-pocket-edition\/#primaryimage"},"image":{"@id":"https:\/\/www.eikholt.no\/haptics-pocket-edition\/#primaryimage"},"thumbnailUrl":"https:\/\/www.eikholt.no\/app\/uploads\/2025\/12\/haptics_icon.png","datePublished":"2025-12-04T07:26:40+00:00","dateModified":"2025-12-12T09:15:23+00:00","description":"Haptics: Pocket Edition \u00e4r en app f\u00f6r att l\u00e4ra sig standardiserade haptiska signaler. Appen \u00e4r utformad f\u00f6r personer med syn- och h\u00f6rselneds\u00e4ttning, blinda, deras n\u00e4tverk och yrkesverksamma som vill anv\u00e4nda signalerna.","breadcrumb":{"@id":"https:\/\/www.eikholt.no\/haptics-pocket-edition\/#breadcrumb"},"inLanguage":"sv-SE","potentialAction":[{"@type":"ReadAction","target":["https:\/\/www.eikholt.no\/haptics-pocket-edition\/"]}]},{"@type":"ImageObject","inLanguage":"sv-SE","@id":"https:\/\/www.eikholt.no\/haptics-pocket-edition\/#primaryimage","url":"https:\/\/www.eikholt.no\/app\/uploads\/2025\/12\/haptics_icon.png","contentUrl":"https:\/\/www.eikholt.no\/app\/uploads\/2025\/12\/haptics_icon.png","width":1920,"height":1080,"caption":"Ikon av en persons rygg, med en h\u00e5nd som utf\u00f8rer tegn p\u00e5 ryggen"},{"@type":"BreadcrumbList","@id":"https:\/\/www.eikholt.no\/haptics-pocket-edition\/#breadcrumb","itemListElement":[{"@type":"ListItem","position":1,"name":"Forside","item":"https:\/\/www.eikholt.no\/"},{"@type":"ListItem","position":2,"name":"Haptics: Pocket Edition"}]},{"@type":"WebSite","@id":"https:\/\/www.eikholt.no\/#website","url":"https:\/\/www.eikholt.no\/","name":"Eikholt","description":"","publisher":{"@id":"https:\/\/www.eikholt.no\/#organization"},"potentialAction":[{"@type":"SearchAction","target":{"@type":"EntryPoint","urlTemplate":"https:\/\/www.eikholt.no\/?s={search_term_string}"},"query-input":{"@type":"PropertyValueSpecification","valueRequired":true,"valueName":"search_term_string"}}],"inLanguage":"sv-SE"},{"@type":"Organization","@id":"https:\/\/www.eikholt.no\/#organization","name":"Eikholt","url":"https:\/\/www.eikholt.no\/","logo":{"@type":"ImageObject","inLanguage":"sv-SE","@id":"https:\/\/www.eikholt.no\/#\/schema\/logo\/image\/","url":"https:\/\/www.eikholt.no\/app\/uploads\/2024\/04\/cropped-Logo-Eikholt-ny.jpg","contentUrl":"https:\/\/www.eikholt.no\/app\/uploads\/2024\/04\/cropped-Logo-Eikholt-ny.jpg","width":419,"height":209,"caption":"Eikholt"},"image":{"@id":"https:\/\/www.eikholt.no\/#\/schema\/logo\/image\/"},"sameAs":["https:\/\/www.facebook.com\/eikholt.kompetansesenter"]}]}},"_links":{"self":[{"href":"https:\/\/www.eikholt.no\/sv\/wp-json\/wp\/v2\/pages\/5521","targetHints":{"allow":["GET"]}}],"collection":[{"href":"https:\/\/www.eikholt.no\/sv\/wp-json\/wp\/v2\/pages"}],"about":[{"href":"https:\/\/www.eikholt.no\/sv\/wp-json\/wp\/v2\/types\/page"}],"author":[{"embeddable":true,"href":"https:\/\/www.eikholt.no\/sv\/wp-json\/wp\/v2\/users\/8"}],"replies":[{"embeddable":true,"href":"https:\/\/www.eikholt.no\/sv\/wp-json\/wp\/v2\/comments?post=5521"}],"version-history":[{"count":18,"href":"https:\/\/www.eikholt.no\/sv\/wp-json\/wp\/v2\/pages\/5521\/revisions"}],"predecessor-version":[{"id":5572,"href":"https:\/\/www.eikholt.no\/sv\/wp-json\/wp\/v2\/pages\/5521\/revisions\/5572"}],"wp:featuredmedia":[{"embeddable":true,"href":"https:\/\/www.eikholt.no\/sv\/wp-json\/wp\/v2\/media\/5537"}],"wp:attachment":[{"href":"https:\/\/www.eikholt.no\/sv\/wp-json\/wp\/v2\/media?parent=5521"}],"curies":[{"name":"wp","href":"https:\/\/api.w.org\/{rel}","templated":true}]}}