{"id":5655,"date":"2026-03-30T09:34:19","date_gmt":"2026-03-30T09:34:19","guid":{"rendered":"https:\/\/www.eikholt.no\/"},"modified":"2026-03-30T10:40:44","modified_gmt":"2026-03-30T10:40:44","slug":"kursrom-borlaug-3-beskrivning","status":"publish","type":"page","link":"https:\/\/www.eikholt.no\/sv\/kursrom-borlaug-3-beskrivning\/","title":{"rendered":"Kursrom Borlaug 3 - Beskrivning"},"content":{"rendered":"<p>M\u00f6tesrum med tv\u00e5 ing\u00e5ngsd\u00f6rrar. Mellan d\u00f6rrarna, tre f\u00f6nster med persienner. Du st\u00e5r i v\u00e4nster d\u00f6rr p\u00e5 v\u00e4g in i rummet. M\u00f6tesrummet har ett ovalt bord, fem stolar p\u00e5 varje l\u00e5ngsida och en p\u00e5 varje kortsida. Totalt 12 stolar. P\u00e5 bordet n\u00e4ra h\u00f6ger kort\u00e4nde, kablar f\u00f6r anslutning till sk\u00e4rm och en peksk\u00e4rm f\u00f6r att koppla rummet till videom\u00f6ten.<\/p>\n\n\n\n<p>Tv\u00e5 sk\u00e4rmar f\u00f6r videosamtal p\u00e5 den h\u00f6gra kortv\u00e4ggen. Ett sk\u00e5p under och tv\u00e5 h\u00f6gtalare p\u00e5 golvet. En p\u00e5 vardera sidan om sk\u00e4rmarna.&nbsp;<\/p>\n\n\n\n<p>Det finns kameror i taket i h\u00f6ger och v\u00e4nster \u00e4nde av tavlan. Kamerorna \u00e4r p\u00e5slagna f\u00f6r distansundervisning. Det finns fyra f\u00f6nster rakt fram och ett f\u00f6nster p\u00e5 den v\u00e4nstra kortv\u00e4ggen. Under f\u00f6nstren finns v\u00e4rmeelement och uttag. F\u00f6nstren har gardiner och persienner som styrs med fj\u00e4rrkontroll.<\/p>\n\n\n\n<p>Ett bord bak d\u00f6rren, cirka en meter h\u00f6gt. P\u00e5 bordet st\u00e5r en liten soptunna f\u00f6r k\u00e4llsortering. \u00d6ver bordet h\u00e4nger en klocka. Till h\u00f6ger om bordet, en whiteboardtavla p\u00e5 hjul.<\/p>\n\n\n\n<p>Helt\u00e4ckningsmatta t\u00e4cker hela golvet. Lokalen har god akustik och h\u00f6rselslinga. Kan riggas med bordsmikrofoner.&nbsp;<\/p>\n\n\n\n<p>Rummet anv\u00e4nds f\u00f6r m\u00f6ten, individuella kurser and gruppkurser.&nbsp;&nbsp;<\/p>\n\n\n\n<figure class=\"wp-block-image size-large\"><img loading=\"lazy\" decoding=\"async\" width=\"1024\" height=\"1024\" src=\"https:\/\/www.eikholt.no\/app\/uploads\/2024\/06\/Moterom-Borlaug-3-1024x1024.jpg\" alt=\"Bild: Kursrom Borlaug 3\" class=\"wp-image-3147\" srcset=\"https:\/\/www.eikholt.no\/app\/uploads\/2024\/06\/Moterom-Borlaug-3-1024x1024.jpg 1024w, https:\/\/www.eikholt.no\/app\/uploads\/2024\/06\/Moterom-Borlaug-3-300x300.jpg 300w, https:\/\/www.eikholt.no\/app\/uploads\/2024\/06\/Moterom-Borlaug-3-150x150.jpg 150w, https:\/\/www.eikholt.no\/app\/uploads\/2024\/06\/Moterom-Borlaug-3-768x768.jpg 768w, https:\/\/www.eikholt.no\/app\/uploads\/2024\/06\/Moterom-Borlaug-3-1536x1536.jpg 1536w, https:\/\/www.eikholt.no\/app\/uploads\/2024\/06\/Moterom-Borlaug-3-2048x2048.jpg 2048w, https:\/\/www.eikholt.no\/app\/uploads\/2024\/06\/Moterom-Borlaug-3-24x24.jpg 24w, https:\/\/www.eikholt.no\/app\/uploads\/2024\/06\/Moterom-Borlaug-3-48x48.jpg 48w, https:\/\/www.eikholt.no\/app\/uploads\/2024\/06\/Moterom-Borlaug-3-96x96.jpg 96w\" sizes=\"auto, (max-width: 1024px) 100vw, 1024px\" \/><figcaption class=\"wp-element-caption\">Bild: Kursrum Borlaug 3 taget fr\u00e5n v\u00e4nster kortv\u00e4gg<\/figcaption><\/figure>\n\n\n\n<figure class=\"wp-block-image size-large\"><img loading=\"lazy\" decoding=\"async\" width=\"768\" height=\"1024\" src=\"https:\/\/www.eikholt.no\/app\/uploads\/2026\/03\/IMG_4317-1-768x1024.jpg\" alt=\"Bild: Kursrom Borlaug 3\" class=\"wp-image-5954\" srcset=\"https:\/\/www.eikholt.no\/app\/uploads\/2026\/03\/IMG_4317-1-768x1024.jpg 768w, https:\/\/www.eikholt.no\/app\/uploads\/2026\/03\/IMG_4317-1-225x300.jpg 225w, https:\/\/www.eikholt.no\/app\/uploads\/2026\/03\/IMG_4317-1-1152x1536.jpg 1152w, https:\/\/www.eikholt.no\/app\/uploads\/2026\/03\/IMG_4317-1-1536x2048.jpg 1536w, https:\/\/www.eikholt.no\/app\/uploads\/2026\/03\/IMG_4317-1-9x12.jpg 9w, https:\/\/www.eikholt.no\/app\/uploads\/2026\/03\/IMG_4317-1-scaled.jpg 1920w\" sizes=\"auto, (max-width: 768px) 100vw, 768px\" \/><figcaption class=\"wp-element-caption\">Bild: Kursrum Borlaug 3 taget fr\u00e5n h\u00f6ger kortsida<\/figcaption><\/figure>\n\n\n\n<h2 class=\"wp-block-heading\">QR-kod vid d\u00f6rren<\/h2>\n\n\n\n<p>Till h\u00f6ger om d\u00f6rren till Borlaug 3 h\u00e4nger en QR-kod. Den kan skannas av alla med mobil eller surfplatta. QR-koden tar dig till denna sida, d\u00e4r du f\u00e5r beskrivningen uppl\u00e4st och ser bild p\u00e5 rummet. Smart \u2013 och tillg\u00e4nglig, inte sant!<\/p>\n\n\n\n<h2 class=\"wp-block-heading\">Vem \u00e4r detta till f\u00f6r?<\/h2>\n\n\n\n<p>Eikholt \u00e4r f\u00f6r personer med kombinerad syn- och h\u00f6rselneds\u00e4ttning. En detaljerad rumsbeskrivning kan vara en trygghet f\u00f6r m\u00e5nga, en n\u00f6dv\u00e4ndighet f\u00f6r vissa och praktisk f\u00f6r andra. F\u00f6r oss handlar det om tillg\u00e4nglighet - alla ska kunna f\u00f6rbereda sig och veta vad de kan f\u00f6rv\u00e4nta sig.<\/p>\n\n\n\n<h2 class=\"wp-block-heading\">Har du n\u00e5gra fr\u00e5gor?<\/h2>\n\n\n\n<p>Kontakta John Ulriksen via e-post: <a href=\"mailto:John.ulriksen@eikholt.no\" target=\"_blank\" rel=\"noreferrer noopener\">John.ulriksen@eikholt.no<\/a><\/p>\n\n\n\n<p><\/p>","protected":false},"excerpt":{"rendered":"<p>M\u00f8terom med to inngangsd\u00f8rer.&nbsp;Mellom d\u00f8rene, tre vinduer med lameller.&nbsp;Du st\u00e5r i&nbsp;venstre&nbsp;d\u00f8r p\u00e5 vei inn i rommet.&nbsp;M\u00f8terommet har&nbsp;et ovalt bord,&nbsp;fem stoler p\u00e5 hver langside og en p\u00e5 hver kortside.&nbsp;I alt 12 stoler.&nbsp;P\u00e5 bordet n\u00e6r h\u00f8yre kortende, kabler for tilkobling til skjerm og et touch-panel for \u00e5 koble rommet til videom\u00f8ter. To skjermer&nbsp;for videosamtaler p\u00e5&nbsp;h\u00f8yre&nbsp;kortvegg.&nbsp;Et skap under&nbsp;og<\/p>","protected":false},"author":8,"featured_media":0,"parent":0,"menu_order":0,"comment_status":"closed","ping_status":"closed","template":"","meta":{"_acf_changed":false,"inline_featured_image":false,"ep_exclude_from_search":false,"footnotes":""},"class_list":["post-5655","page","type-page","status-publish","hentry"],"acf":[],"yoast_head":"<!-- This site is optimized with the Yoast SEO plugin v25.8 - https:\/\/yoast.com\/wordpress\/plugins\/seo\/ -->\n<title>Kursrom Borlaug 3 - Beskrivelse - Eikholt<\/title>\n<meta name=\"description\" content=\"Her finner du en detaljert beskrivelse og bilde av kursrommet som kalles Borlaug 3 p\u00e5 Eikholt. Rombeskrivelsen er slik rommet vanligvis ser ut.\" \/>\n<meta name=\"robots\" content=\"index, follow, max-snippet:-1, max-image-preview:large, max-video-preview:-1\" \/>\n<link rel=\"canonical\" href=\"https:\/\/www.eikholt.no\/sv\/kursrom-borlaug-3-beskrivning\/\" \/>\n<meta property=\"og:locale\" content=\"sv_SE\" \/>\n<meta property=\"og:type\" content=\"article\" \/>\n<meta property=\"og:title\" content=\"Kursrom Borlaug 3 - Beskrivelse - Eikholt\" \/>\n<meta property=\"og:description\" content=\"Her finner du en detaljert beskrivelse og bilde av kursrommet som kalles Borlaug 3 p\u00e5 Eikholt. Rombeskrivelsen er slik rommet vanligvis ser ut.\" \/>\n<meta property=\"og:url\" content=\"https:\/\/www.eikholt.no\/sv\/kursrom-borlaug-3-beskrivning\/\" \/>\n<meta property=\"og:site_name\" content=\"Eikholt\" \/>\n<meta property=\"article:publisher\" content=\"https:\/\/www.facebook.com\/eikholt.kompetansesenter\" \/>\n<meta property=\"article:modified_time\" content=\"2026-03-30T10:40:44+00:00\" \/>\n<meta property=\"og:image\" content=\"https:\/\/www.eikholt.no\/app\/uploads\/2024\/06\/Moterom-Borlaug-3-scaled.jpg\" \/>\n\t<meta property=\"og:image:width\" content=\"2560\" \/>\n\t<meta property=\"og:image:height\" content=\"2560\" \/>\n\t<meta property=\"og:image:type\" content=\"image\/jpeg\" \/>\n<meta name=\"twitter:card\" content=\"summary_large_image\" \/>\n<meta name=\"twitter:label1\" content=\"Est. reading time\" \/>\n\t<meta name=\"twitter:data1\" content=\"2 minutes\" \/>\n<script type=\"application\/ld+json\" class=\"yoast-schema-graph\">{\"@context\":\"https:\/\/schema.org\",\"@graph\":[{\"@type\":\"WebPage\",\"@id\":\"https:\/\/www.eikholt.no\/kursrom-borlaug-3-beskrivelse\/\",\"url\":\"https:\/\/www.eikholt.no\/kursrom-borlaug-3-beskrivelse\/\",\"name\":\"Kursrom Borlaug 3 - Beskrivelse - Eikholt\",\"isPartOf\":{\"@id\":\"https:\/\/www.eikholt.no\/#website\"},\"primaryImageOfPage\":{\"@id\":\"https:\/\/www.eikholt.no\/kursrom-borlaug-3-beskrivelse\/#primaryimage\"},\"image\":{\"@id\":\"https:\/\/www.eikholt.no\/kursrom-borlaug-3-beskrivelse\/#primaryimage\"},\"thumbnailUrl\":\"https:\/\/www.eikholt.no\/app\/uploads\/2024\/06\/Moterom-Borlaug-3-1024x1024.jpg\",\"datePublished\":\"2026-03-30T09:34:19+00:00\",\"dateModified\":\"2026-03-30T10:40:44+00:00\",\"description\":\"Her finner du en detaljert beskrivelse og bilde av kursrommet som kalles Borlaug 3 p\u00e5 Eikholt. Rombeskrivelsen er slik rommet vanligvis ser ut.\",\"breadcrumb\":{\"@id\":\"https:\/\/www.eikholt.no\/kursrom-borlaug-3-beskrivelse\/#breadcrumb\"},\"inLanguage\":\"sv-SE\",\"potentialAction\":[{\"@type\":\"ReadAction\",\"target\":[\"https:\/\/www.eikholt.no\/kursrom-borlaug-3-beskrivelse\/\"]}]},{\"@type\":\"ImageObject\",\"inLanguage\":\"sv-SE\",\"@id\":\"https:\/\/www.eikholt.no\/kursrom-borlaug-3-beskrivelse\/#primaryimage\",\"url\":\"https:\/\/www.eikholt.no\/app\/uploads\/2024\/06\/Moterom-Borlaug-3-1024x1024.jpg\",\"contentUrl\":\"https:\/\/www.eikholt.no\/app\/uploads\/2024\/06\/Moterom-Borlaug-3-1024x1024.jpg\"},{\"@type\":\"BreadcrumbList\",\"@id\":\"https:\/\/www.eikholt.no\/kursrom-borlaug-3-beskrivelse\/#breadcrumb\",\"itemListElement\":[{\"@type\":\"ListItem\",\"position\":1,\"name\":\"Forside\",\"item\":\"https:\/\/www.eikholt.no\/\"},{\"@type\":\"ListItem\",\"position\":2,\"name\":\"Kursrom Borlaug 3 &#8211; Beskrivelse\"}]},{\"@type\":\"WebSite\",\"@id\":\"https:\/\/www.eikholt.no\/#website\",\"url\":\"https:\/\/www.eikholt.no\/\",\"name\":\"Eikholt\",\"description\":\"\",\"publisher\":{\"@id\":\"https:\/\/www.eikholt.no\/#organization\"},\"potentialAction\":[{\"@type\":\"SearchAction\",\"target\":{\"@type\":\"EntryPoint\",\"urlTemplate\":\"https:\/\/www.eikholt.no\/?s={search_term_string}\"},\"query-input\":{\"@type\":\"PropertyValueSpecification\",\"valueRequired\":true,\"valueName\":\"search_term_string\"}}],\"inLanguage\":\"sv-SE\"},{\"@type\":\"Organization\",\"@id\":\"https:\/\/www.eikholt.no\/#organization\",\"name\":\"Eikholt\",\"url\":\"https:\/\/www.eikholt.no\/\",\"logo\":{\"@type\":\"ImageObject\",\"inLanguage\":\"sv-SE\",\"@id\":\"https:\/\/www.eikholt.no\/#\/schema\/logo\/image\/\",\"url\":\"https:\/\/www.eikholt.no\/app\/uploads\/2024\/04\/cropped-Logo-Eikholt-ny.jpg\",\"contentUrl\":\"https:\/\/www.eikholt.no\/app\/uploads\/2024\/04\/cropped-Logo-Eikholt-ny.jpg\",\"width\":419,\"height\":209,\"caption\":\"Eikholt\"},\"image\":{\"@id\":\"https:\/\/www.eikholt.no\/#\/schema\/logo\/image\/\"},\"sameAs\":[\"https:\/\/www.facebook.com\/eikholt.kompetansesenter\"]}]}<\/script>\n<!-- \/ Yoast SEO plugin. -->","yoast_head_json":{"title":"Kursrom Borlaug 3 - Beskrivning - Eikholt","description":"H\u00e4r hittar du en detaljerad beskrivning och bild av kursrummet som heter Borlaug 3 p\u00e5 Eikholt. Rumsbeskrivningen \u00e4r hur rummet brukar se ut.","robots":{"index":"index","follow":"follow","max-snippet":"max-snippet:-1","max-image-preview":"max-image-preview:large","max-video-preview":"max-video-preview:-1"},"canonical":"https:\/\/www.eikholt.no\/sv\/kursrom-borlaug-3-beskrivning\/","og_locale":"sv_SE","og_type":"article","og_title":"Kursrom Borlaug 3 - Beskrivelse - Eikholt","og_description":"Her finner du en detaljert beskrivelse og bilde av kursrommet som kalles Borlaug 3 p\u00e5 Eikholt. Rombeskrivelsen er slik rommet vanligvis ser ut.","og_url":"https:\/\/www.eikholt.no\/sv\/kursrom-borlaug-3-beskrivning\/","og_site_name":"Eikholt","article_publisher":"https:\/\/www.facebook.com\/eikholt.kompetansesenter","article_modified_time":"2026-03-30T10:40:44+00:00","og_image":[{"width":2560,"height":2560,"url":"https:\/\/www.eikholt.no\/app\/uploads\/2024\/06\/Moterom-Borlaug-3-scaled.jpg","type":"image\/jpeg"}],"twitter_card":"summary_large_image","twitter_misc":{"Est. reading time":"2 minutes"},"schema":{"@context":"https:\/\/schema.org","@graph":[{"@type":"WebPage","@id":"https:\/\/www.eikholt.no\/kursrom-borlaug-3-beskrivelse\/","url":"https:\/\/www.eikholt.no\/kursrom-borlaug-3-beskrivelse\/","name":"Kursrom Borlaug 3 - Beskrivning - Eikholt","isPartOf":{"@id":"https:\/\/www.eikholt.no\/#website"},"primaryImageOfPage":{"@id":"https:\/\/www.eikholt.no\/kursrom-borlaug-3-beskrivelse\/#primaryimage"},"image":{"@id":"https:\/\/www.eikholt.no\/kursrom-borlaug-3-beskrivelse\/#primaryimage"},"thumbnailUrl":"https:\/\/www.eikholt.no\/app\/uploads\/2024\/06\/Moterom-Borlaug-3-1024x1024.jpg","datePublished":"2026-03-30T09:34:19+00:00","dateModified":"2026-03-30T10:40:44+00:00","description":"H\u00e4r hittar du en detaljerad beskrivning och bild av kursrummet som heter Borlaug 3 p\u00e5 Eikholt. Rumsbeskrivningen \u00e4r hur rummet brukar se ut.","breadcrumb":{"@id":"https:\/\/www.eikholt.no\/kursrom-borlaug-3-beskrivelse\/#breadcrumb"},"inLanguage":"sv-SE","potentialAction":[{"@type":"ReadAction","target":["https:\/\/www.eikholt.no\/kursrom-borlaug-3-beskrivelse\/"]}]},{"@type":"ImageObject","inLanguage":"sv-SE","@id":"https:\/\/www.eikholt.no\/kursrom-borlaug-3-beskrivelse\/#primaryimage","url":"https:\/\/www.eikholt.no\/app\/uploads\/2024\/06\/Moterom-Borlaug-3-1024x1024.jpg","contentUrl":"https:\/\/www.eikholt.no\/app\/uploads\/2024\/06\/Moterom-Borlaug-3-1024x1024.jpg"},{"@type":"BreadcrumbList","@id":"https:\/\/www.eikholt.no\/kursrom-borlaug-3-beskrivelse\/#breadcrumb","itemListElement":[{"@type":"ListItem","position":1,"name":"Forside","item":"https:\/\/www.eikholt.no\/"},{"@type":"ListItem","position":2,"name":"Kursrom Borlaug 3 &#8211; Beskrivelse"}]},{"@type":"WebSite","@id":"https:\/\/www.eikholt.no\/#website","url":"https:\/\/www.eikholt.no\/","name":"Eikholt","description":"","publisher":{"@id":"https:\/\/www.eikholt.no\/#organization"},"potentialAction":[{"@type":"SearchAction","target":{"@type":"EntryPoint","urlTemplate":"https:\/\/www.eikholt.no\/?s={search_term_string}"},"query-input":{"@type":"PropertyValueSpecification","valueRequired":true,"valueName":"search_term_string"}}],"inLanguage":"sv-SE"},{"@type":"Organization","@id":"https:\/\/www.eikholt.no\/#organization","name":"Eikholt","url":"https:\/\/www.eikholt.no\/","logo":{"@type":"ImageObject","inLanguage":"sv-SE","@id":"https:\/\/www.eikholt.no\/#\/schema\/logo\/image\/","url":"https:\/\/www.eikholt.no\/app\/uploads\/2024\/04\/cropped-Logo-Eikholt-ny.jpg","contentUrl":"https:\/\/www.eikholt.no\/app\/uploads\/2024\/04\/cropped-Logo-Eikholt-ny.jpg","width":419,"height":209,"caption":"Eikholt"},"image":{"@id":"https:\/\/www.eikholt.no\/#\/schema\/logo\/image\/"},"sameAs":["https:\/\/www.facebook.com\/eikholt.kompetansesenter"]}]}},"_links":{"self":[{"href":"https:\/\/www.eikholt.no\/sv\/wp-json\/wp\/v2\/pages\/5655","targetHints":{"allow":["GET"]}}],"collection":[{"href":"https:\/\/www.eikholt.no\/sv\/wp-json\/wp\/v2\/pages"}],"about":[{"href":"https:\/\/www.eikholt.no\/sv\/wp-json\/wp\/v2\/types\/page"}],"author":[{"embeddable":true,"href":"https:\/\/www.eikholt.no\/sv\/wp-json\/wp\/v2\/users\/8"}],"replies":[{"embeddable":true,"href":"https:\/\/www.eikholt.no\/sv\/wp-json\/wp\/v2\/comments?post=5655"}],"version-history":[{"count":28,"href":"https:\/\/www.eikholt.no\/sv\/wp-json\/wp\/v2\/pages\/5655\/revisions"}],"predecessor-version":[{"id":5981,"href":"https:\/\/www.eikholt.no\/sv\/wp-json\/wp\/v2\/pages\/5655\/revisions\/5981"}],"wp:attachment":[{"href":"https:\/\/www.eikholt.no\/sv\/wp-json\/wp\/v2\/media?parent=5655"}],"curies":[{"name":"wp","href":"https:\/\/api.w.org\/{rel}","templated":true}]}}