{"id":5774,"date":"2026-02-16T12:34:20","date_gmt":"2026-02-16T12:34:20","guid":{"rendered":"https:\/\/www.eikholt.no\/?page_id=5774"},"modified":"2026-02-16T12:34:20","modified_gmt":"2026-02-16T12:34:20","slug":"anpassningskurser-for-personer-med-dovblindhet","status":"publish","type":"page","link":"https:\/\/www.eikholt.no\/sv\/anpassningskurser-for-personer-med-dovblindhet\/","title":{"rendered":"Anpassningskurser f\u00f6r personer med d\u00f6vblindhet"},"content":{"rendered":"<p>Anpassningskurser f\u00f6r personer med d\u00f6vblindhet \u00e4r en viktig resurs f\u00f6r att st\u00e4rka deras f\u00f6rm\u00e5ga att klara sig i vardagslivet och arbetslivet. I Norge har personer med d\u00f6vblindhet r\u00e4tt till s\u00e5dana kurser enligt folketrygdlagen, \u00a7 10-7. R\u00e4tten kan \u00e4ven omfatta n\u00e4ra kontakter\/anh\u00f6riga.<\/p>\n\n\n\n<p>Anpassningskurser kan ges b\u00e5de som gruppkurser och individuella kurser. Kurserna kan h\u00e5llas p\u00e5 Eikholt, som har det nationella ansvaret f\u00f6r anpassningskurser, i brukarens hem eller p\u00e5 arbets- eller studieplatsen. Anpassningskurser ges till barn, ungdomar, vuxna och \u00e4ldre i ett livsl\u00e5ngt perspektiv.<\/p>\n\n\n\n<h2 class=\"wp-block-heading\">Vem kan dra nytta av kurser i kundanpassning?<\/h2>\n\n\n\n<h3 class=\"wp-block-heading\">Definition av d\u00f6vblindhet<\/h3>\n\n\n\n<p>Den nordiska definitionen av d\u00f6vblindhet avg\u00f6r vem som kan f\u00e5 ta del av anpassningskurser. D\u00f6vblindhet definieras som: <\/p>\n\n\n\n<p><strong>\"En kombinerad syn- och h\u00f6rselneds\u00e4ttning av s\u00e5dan sv\u00e5righetsgrad att de nedsatta sinnena knappast kan kompensera f\u00f6r varandra. Detta g\u00f6r d\u00f6vblindhet till en separat funktionsneds\u00e4ttning.\"<\/strong><\/p>\n\n\n\n<p>L\u00e4s mer om d\u00f6vblindhet h\u00e4r: <a href=\"https:\/\/www.eikholt.no\/sv\/kunskapsvalvet\/dovblindhet-definition\/\"><strong>D\u00f6vblindhet, nordisk definition<\/strong><\/a><\/p>\n\n\n\n<p>L\u00e4s mer om anpassningskurser p\u00e5 NAV:s webbplats: <a href=\"https:\/\/www.nav.no\/tilpasningskurs\"><strong>Anpassningskurs - nav.no<\/strong><\/a><\/p>\n\n\n\n<h2 class=\"wp-block-heading\">Ta kontakt med oss!<\/h2>\n\n\n\n<p>Om du \u00e4r os\u00e4ker p\u00e5 om du kan dra nytta av Eikholt:s anpassningskurser \u00e4r vi ett resurscenter med l\u00e5g tr\u00f6skel. Du beh\u00f6ver ingen remiss f\u00f6r att kontakta oss. <\/p>\n\n\n\n<p>Skicka e-post till senior counsellor och socialarbetare\u00a0<strong><a href=\"mailto:victoria.falen@eikholt.no\">victoria.falen@eikholt.no<\/a> <\/strong>eller kontakta v\u00e5r v\u00e4xel: <a href=\"https:\/\/www.eikholt.no\/sv\/kontakta-oss\/\"><strong>Kontakta oss - Eikholt<\/strong><\/a>.<\/p>\n\n\n\n<p>Tillsammans ska vi ta reda p\u00e5 om Eikholt \u00e4r r\u00e4tt plats f\u00f6r dig!<\/p>\n\n\n\n<p><\/p>\n\n\n\n<p><\/p>\n\n\n\n<p><\/p>","protected":false},"excerpt":{"rendered":"<p>Tilpasningskurs for personer med d\u00f8vblindhet er en viktig ressurs for \u00e5 styrke evnen til \u00e5 klare seg i dagliglivet og arbeidslivet. I Norge har personer med d\u00f8vblindhet rett til slike kurs etter Lov om Folketrygd, \u00a7 10-7. Rettigheten kan ogs\u00e5 omfatte n\u00e6rpersoner\/p\u00e5r\u00f8rende. Tilpasningskursene kan gis b\u00e5de som gruppekurs og individuelle kurs. Kursene kan holdes p\u00e5<\/p>","protected":false},"author":8,"featured_media":5776,"parent":0,"menu_order":0,"comment_status":"closed","ping_status":"closed","template":"","meta":{"_acf_changed":false,"inline_featured_image":false,"ep_exclude_from_search":false,"footnotes":""},"class_list":["post-5774","page","type-page","status-publish","has-post-thumbnail","hentry"],"acf":[],"yoast_head":"<!-- This site is optimized with the Yoast SEO plugin v25.8 - https:\/\/yoast.com\/wordpress\/plugins\/seo\/ -->\n<title>Tilpasningskurs for personer med d\u00f8vblindhet - Eikholt<\/title>\n<meta name=\"description\" content=\"Eikholt leverer tilpasningskurs i hele landet til personer med d\u00f8vblindhet, en rettighet etter Lov om Folketrygd, \u00a7 10-7. Les om rettigheten og ta kontakt med oss.\" \/>\n<meta name=\"robots\" content=\"index, follow, max-snippet:-1, max-image-preview:large, max-video-preview:-1\" \/>\n<link rel=\"canonical\" href=\"https:\/\/www.eikholt.no\/sv\/anpassningskurser-for-personer-med-dovblindhet\/\" \/>\n<meta property=\"og:locale\" content=\"sv_SE\" \/>\n<meta property=\"og:type\" content=\"article\" \/>\n<meta property=\"og:title\" content=\"Tilpasningskurs for personer med d\u00f8vblindhet - Eikholt\" \/>\n<meta property=\"og:description\" content=\"Eikholt leverer tilpasningskurs i hele landet til personer med d\u00f8vblindhet, en rettighet etter Lov om Folketrygd, \u00a7 10-7. Les om rettigheten og ta kontakt med oss.\" \/>\n<meta property=\"og:url\" content=\"https:\/\/www.eikholt.no\/sv\/anpassningskurser-for-personer-med-dovblindhet\/\" \/>\n<meta property=\"og:site_name\" content=\"Eikholt\" \/>\n<meta property=\"article:publisher\" content=\"https:\/\/www.facebook.com\/eikholt.kompetansesenter\" \/>\n<meta property=\"og:image\" content=\"https:\/\/www.eikholt.no\/app\/uploads\/2026\/02\/Utendors-horselsvurdering-1024x681.jpg\" \/>\n\t<meta property=\"og:image:width\" content=\"1024\" \/>\n\t<meta property=\"og:image:height\" content=\"681\" \/>\n\t<meta property=\"og:image:type\" content=\"image\/jpeg\" \/>\n<meta name=\"twitter:card\" content=\"summary_large_image\" \/>\n<meta name=\"twitter:label1\" content=\"Est. reading time\" \/>\n\t<meta name=\"twitter:data1\" content=\"2 minutes\" \/>\n<script type=\"application\/ld+json\" class=\"yoast-schema-graph\">{\"@context\":\"https:\/\/schema.org\",\"@graph\":[{\"@type\":\"WebPage\",\"@id\":\"https:\/\/www.eikholt.no\/tilpasningskurs-for-personer-med-dovblindhet\/\",\"url\":\"https:\/\/www.eikholt.no\/tilpasningskurs-for-personer-med-dovblindhet\/\",\"name\":\"Tilpasningskurs for personer med d\u00f8vblindhet - Eikholt\",\"isPartOf\":{\"@id\":\"https:\/\/www.eikholt.no\/#website\"},\"primaryImageOfPage\":{\"@id\":\"https:\/\/www.eikholt.no\/tilpasningskurs-for-personer-med-dovblindhet\/#primaryimage\"},\"image\":{\"@id\":\"https:\/\/www.eikholt.no\/tilpasningskurs-for-personer-med-dovblindhet\/#primaryimage\"},\"thumbnailUrl\":\"https:\/\/www.eikholt.no\/app\/uploads\/2026\/02\/Utendors-horselsvurdering.jpg\",\"datePublished\":\"2026-02-16T12:34:20+00:00\",\"description\":\"Eikholt leverer tilpasningskurs i hele landet til personer med d\u00f8vblindhet, en rettighet etter Lov om Folketrygd, \u00a7 10-7. Les om rettigheten og ta kontakt med oss.\",\"breadcrumb\":{\"@id\":\"https:\/\/www.eikholt.no\/tilpasningskurs-for-personer-med-dovblindhet\/#breadcrumb\"},\"inLanguage\":\"sv-SE\",\"potentialAction\":[{\"@type\":\"ReadAction\",\"target\":[\"https:\/\/www.eikholt.no\/tilpasningskurs-for-personer-med-dovblindhet\/\"]}]},{\"@type\":\"ImageObject\",\"inLanguage\":\"sv-SE\",\"@id\":\"https:\/\/www.eikholt.no\/tilpasningskurs-for-personer-med-dovblindhet\/#primaryimage\",\"url\":\"https:\/\/www.eikholt.no\/app\/uploads\/2026\/02\/Utendors-horselsvurdering.jpg\",\"contentUrl\":\"https:\/\/www.eikholt.no\/app\/uploads\/2026\/02\/Utendors-horselsvurdering.jpg\",\"width\":2400,\"height\":1597,\"caption\":\"To personer st\u00e5r ute p\u00e5 en bro. En person har p\u00e5 en rogerpenn, den andre personen hatt briller og h\u00f8rapparat.\"},{\"@type\":\"BreadcrumbList\",\"@id\":\"https:\/\/www.eikholt.no\/tilpasningskurs-for-personer-med-dovblindhet\/#breadcrumb\",\"itemListElement\":[{\"@type\":\"ListItem\",\"position\":1,\"name\":\"Forside\",\"item\":\"https:\/\/www.eikholt.no\/\"},{\"@type\":\"ListItem\",\"position\":2,\"name\":\"Tilpasningskurs for personer med d\u00f8vblindhet\"}]},{\"@type\":\"WebSite\",\"@id\":\"https:\/\/www.eikholt.no\/#website\",\"url\":\"https:\/\/www.eikholt.no\/\",\"name\":\"Eikholt\",\"description\":\"\",\"publisher\":{\"@id\":\"https:\/\/www.eikholt.no\/#organization\"},\"potentialAction\":[{\"@type\":\"SearchAction\",\"target\":{\"@type\":\"EntryPoint\",\"urlTemplate\":\"https:\/\/www.eikholt.no\/?s={search_term_string}\"},\"query-input\":{\"@type\":\"PropertyValueSpecification\",\"valueRequired\":true,\"valueName\":\"search_term_string\"}}],\"inLanguage\":\"sv-SE\"},{\"@type\":\"Organization\",\"@id\":\"https:\/\/www.eikholt.no\/#organization\",\"name\":\"Eikholt\",\"url\":\"https:\/\/www.eikholt.no\/\",\"logo\":{\"@type\":\"ImageObject\",\"inLanguage\":\"sv-SE\",\"@id\":\"https:\/\/www.eikholt.no\/#\/schema\/logo\/image\/\",\"url\":\"https:\/\/www.eikholt.no\/app\/uploads\/2024\/04\/cropped-Logo-Eikholt-ny.jpg\",\"contentUrl\":\"https:\/\/www.eikholt.no\/app\/uploads\/2024\/04\/cropped-Logo-Eikholt-ny.jpg\",\"width\":419,\"height\":209,\"caption\":\"Eikholt\"},\"image\":{\"@id\":\"https:\/\/www.eikholt.no\/#\/schema\/logo\/image\/\"},\"sameAs\":[\"https:\/\/www.facebook.com\/eikholt.kompetansesenter\"]}]}<\/script>\n<!-- \/ Yoast SEO plugin. -->","yoast_head_json":{"title":"Anpassningskurs f\u00f6r personer med d\u00f6vblindhet - Eikholt","description":"Eikholt levererar anpassningskurser i hela landet till personer med d\u00f6vblindhet, en r\u00e4ttighet enligt lagen om allm\u00e4n f\u00f6rs\u00e4kring, \u00a7 10-7. L\u00e4s mer om r\u00e4ttigheten och kontakta oss.","robots":{"index":"index","follow":"follow","max-snippet":"max-snippet:-1","max-image-preview":"max-image-preview:large","max-video-preview":"max-video-preview:-1"},"canonical":"https:\/\/www.eikholt.no\/sv\/anpassningskurser-for-personer-med-dovblindhet\/","og_locale":"sv_SE","og_type":"article","og_title":"Tilpasningskurs for personer med d\u00f8vblindhet - Eikholt","og_description":"Eikholt leverer tilpasningskurs i hele landet til personer med d\u00f8vblindhet, en rettighet etter Lov om Folketrygd, \u00a7 10-7. Les om rettigheten og ta kontakt med oss.","og_url":"https:\/\/www.eikholt.no\/sv\/anpassningskurser-for-personer-med-dovblindhet\/","og_site_name":"Eikholt","article_publisher":"https:\/\/www.facebook.com\/eikholt.kompetansesenter","og_image":[{"width":1024,"height":681,"url":"https:\/\/www.eikholt.no\/app\/uploads\/2026\/02\/Utendors-horselsvurdering-1024x681.jpg","type":"image\/jpeg"}],"twitter_card":"summary_large_image","twitter_misc":{"Est. reading time":"2 minutes"},"schema":{"@context":"https:\/\/schema.org","@graph":[{"@type":"WebPage","@id":"https:\/\/www.eikholt.no\/tilpasningskurs-for-personer-med-dovblindhet\/","url":"https:\/\/www.eikholt.no\/tilpasningskurs-for-personer-med-dovblindhet\/","name":"Anpassningskurs f\u00f6r personer med d\u00f6vblindhet - Eikholt","isPartOf":{"@id":"https:\/\/www.eikholt.no\/#website"},"primaryImageOfPage":{"@id":"https:\/\/www.eikholt.no\/tilpasningskurs-for-personer-med-dovblindhet\/#primaryimage"},"image":{"@id":"https:\/\/www.eikholt.no\/tilpasningskurs-for-personer-med-dovblindhet\/#primaryimage"},"thumbnailUrl":"https:\/\/www.eikholt.no\/app\/uploads\/2026\/02\/Utendors-horselsvurdering.jpg","datePublished":"2026-02-16T12:34:20+00:00","description":"Eikholt levererar anpassningskurser i hela landet till personer med d\u00f6vblindhet, en r\u00e4ttighet enligt lagen om allm\u00e4n f\u00f6rs\u00e4kring, \u00a7 10-7. L\u00e4s mer om r\u00e4ttigheten och kontakta oss.","breadcrumb":{"@id":"https:\/\/www.eikholt.no\/tilpasningskurs-for-personer-med-dovblindhet\/#breadcrumb"},"inLanguage":"sv-SE","potentialAction":[{"@type":"ReadAction","target":["https:\/\/www.eikholt.no\/tilpasningskurs-for-personer-med-dovblindhet\/"]}]},{"@type":"ImageObject","inLanguage":"sv-SE","@id":"https:\/\/www.eikholt.no\/tilpasningskurs-for-personer-med-dovblindhet\/#primaryimage","url":"https:\/\/www.eikholt.no\/app\/uploads\/2026\/02\/Utendors-horselsvurdering.jpg","contentUrl":"https:\/\/www.eikholt.no\/app\/uploads\/2026\/02\/Utendors-horselsvurdering.jpg","width":2400,"height":1597,"caption":"To personer st\u00e5r ute p\u00e5 en bro. En person har p\u00e5 en rogerpenn, den andre personen hatt briller og h\u00f8rapparat."},{"@type":"BreadcrumbList","@id":"https:\/\/www.eikholt.no\/tilpasningskurs-for-personer-med-dovblindhet\/#breadcrumb","itemListElement":[{"@type":"ListItem","position":1,"name":"Forside","item":"https:\/\/www.eikholt.no\/"},{"@type":"ListItem","position":2,"name":"Tilpasningskurs for personer med d\u00f8vblindhet"}]},{"@type":"WebSite","@id":"https:\/\/www.eikholt.no\/#website","url":"https:\/\/www.eikholt.no\/","name":"Eikholt","description":"","publisher":{"@id":"https:\/\/www.eikholt.no\/#organization"},"potentialAction":[{"@type":"SearchAction","target":{"@type":"EntryPoint","urlTemplate":"https:\/\/www.eikholt.no\/?s={search_term_string}"},"query-input":{"@type":"PropertyValueSpecification","valueRequired":true,"valueName":"search_term_string"}}],"inLanguage":"sv-SE"},{"@type":"Organization","@id":"https:\/\/www.eikholt.no\/#organization","name":"Eikholt","url":"https:\/\/www.eikholt.no\/","logo":{"@type":"ImageObject","inLanguage":"sv-SE","@id":"https:\/\/www.eikholt.no\/#\/schema\/logo\/image\/","url":"https:\/\/www.eikholt.no\/app\/uploads\/2024\/04\/cropped-Logo-Eikholt-ny.jpg","contentUrl":"https:\/\/www.eikholt.no\/app\/uploads\/2024\/04\/cropped-Logo-Eikholt-ny.jpg","width":419,"height":209,"caption":"Eikholt"},"image":{"@id":"https:\/\/www.eikholt.no\/#\/schema\/logo\/image\/"},"sameAs":["https:\/\/www.facebook.com\/eikholt.kompetansesenter"]}]}},"_links":{"self":[{"href":"https:\/\/www.eikholt.no\/sv\/wp-json\/wp\/v2\/pages\/5774","targetHints":{"allow":["GET"]}}],"collection":[{"href":"https:\/\/www.eikholt.no\/sv\/wp-json\/wp\/v2\/pages"}],"about":[{"href":"https:\/\/www.eikholt.no\/sv\/wp-json\/wp\/v2\/types\/page"}],"author":[{"embeddable":true,"href":"https:\/\/www.eikholt.no\/sv\/wp-json\/wp\/v2\/users\/8"}],"replies":[{"embeddable":true,"href":"https:\/\/www.eikholt.no\/sv\/wp-json\/wp\/v2\/comments?post=5774"}],"version-history":[{"count":9,"href":"https:\/\/www.eikholt.no\/sv\/wp-json\/wp\/v2\/pages\/5774\/revisions"}],"predecessor-version":[{"id":5785,"href":"https:\/\/www.eikholt.no\/sv\/wp-json\/wp\/v2\/pages\/5774\/revisions\/5785"}],"wp:featuredmedia":[{"embeddable":true,"href":"https:\/\/www.eikholt.no\/sv\/wp-json\/wp\/v2\/media\/5776"}],"wp:attachment":[{"href":"https:\/\/www.eikholt.no\/sv\/wp-json\/wp\/v2\/media?parent=5774"}],"curies":[{"name":"wp","href":"https:\/\/api.w.org\/{rel}","templated":true}]}}