{"id":5833,"date":"2026-02-26T11:38:18","date_gmt":"2026-02-26T11:38:18","guid":{"rendered":"https:\/\/www.eikholt.no\/?page_id=5833"},"modified":"2026-03-30T10:11:14","modified_gmt":"2026-03-30T10:11:14","slug":"synpunkter-pa-gruppkurs","status":"publish","type":"page","link":"https:\/\/www.eikholt.no\/sv\/synpunkter-pa-gruppkurs\/","title":{"rendered":"Input f\u00f6r gruppkurser"},"content":{"rendered":"<p>Vi vill utveckla gruppkurser som \u00e4r relevanta och anv\u00e4ndbara f\u00f6r personer med d\u00f6vblindhet, v\u00e5rdgivare och yrkesverksamma. Dina f\u00f6rslag p\u00e5 \u00e4mnen och kurser hj\u00e4lper oss att utveckla gruppkurserna.<\/p>\n\n\n\n<p><\/p>","protected":false},"excerpt":{"rendered":"<p>Vi vill utveckla gruppkurser som \u00e4r relevanta och anv\u00e4ndbara f\u00f6r personer med d\u00f6vblindhet, v\u00e5rdgivare och yrkesverksamma. Dina f\u00f6rslag p\u00e5 \u00e4mnen och kurser hj\u00e4lper oss att utveckla gruppkurserna.<\/p>","protected":false},"author":1,"featured_media":0,"parent":0,"menu_order":0,"comment_status":"closed","ping_status":"closed","template":"templates\/course-feedback.blade.php","meta":{"_acf_changed":false,"inline_featured_image":false,"ep_exclude_from_search":false,"footnotes":""},"class_list":["post-5833","page","type-page","status-publish","hentry"],"acf":[],"yoast_head":"<!-- This site is optimized with the Yoast SEO plugin v25.8 - https:\/\/yoast.com\/wordpress\/plugins\/seo\/ -->\n<title>Innspill til gruppekurs - Eikholt %<\/title>\n<meta name=\"description\" content=\"Vi \u00f8nsker \u00e5 utvikle gruppekurs som er relevante og nyttige for personer med d\u00f8vblindhet, n\u00e6rpersoner og fagpersoner. Her kan du komme med forslag til tema og kurs:\" \/>\n<meta name=\"robots\" content=\"index, follow, max-snippet:-1, max-image-preview:large, max-video-preview:-1\" \/>\n<link rel=\"canonical\" href=\"https:\/\/www.eikholt.no\/sv\/synpunkter-pa-gruppkurs\/\" \/>\n<meta property=\"og:locale\" content=\"sv_SE\" \/>\n<meta property=\"og:type\" content=\"article\" \/>\n<meta property=\"og:title\" content=\"Innspill til gruppekurs - Eikholt %\" \/>\n<meta property=\"og:description\" content=\"Vi \u00f8nsker \u00e5 utvikle gruppekurs som er relevante og nyttige for personer med d\u00f8vblindhet, n\u00e6rpersoner og fagpersoner. Her kan du komme med forslag til tema og kurs:\" \/>\n<meta property=\"og:url\" content=\"https:\/\/www.eikholt.no\/sv\/synpunkter-pa-gruppkurs\/\" \/>\n<meta property=\"og:site_name\" content=\"Eikholt\" \/>\n<meta property=\"article:publisher\" content=\"https:\/\/www.facebook.com\/eikholt.kompetansesenter\" \/>\n<meta property=\"article:modified_time\" content=\"2026-03-30T10:11:14+00:00\" \/>\n<meta name=\"twitter:card\" content=\"summary_large_image\" \/>\n<meta name=\"twitter:label1\" content=\"Est. reading time\" \/>\n\t<meta name=\"twitter:data1\" content=\"1 minute\" \/>\n<script type=\"application\/ld+json\" class=\"yoast-schema-graph\">{\"@context\":\"https:\/\/schema.org\",\"@graph\":[{\"@type\":\"WebPage\",\"@id\":\"https:\/\/www.eikholt.no\/innspill-til-gruppekurs\/\",\"url\":\"https:\/\/www.eikholt.no\/innspill-til-gruppekurs\/\",\"name\":\"Innspill til gruppekurs - Eikholt %\",\"isPartOf\":{\"@id\":\"https:\/\/www.eikholt.no\/#website\"},\"datePublished\":\"2026-02-26T11:38:18+00:00\",\"dateModified\":\"2026-03-30T10:11:14+00:00\",\"description\":\"Vi \u00f8nsker \u00e5 utvikle gruppekurs som er relevante og nyttige for personer med d\u00f8vblindhet, n\u00e6rpersoner og fagpersoner. Her kan du komme med forslag til tema og kurs:\",\"breadcrumb\":{\"@id\":\"https:\/\/www.eikholt.no\/innspill-til-gruppekurs\/#breadcrumb\"},\"inLanguage\":\"sv-SE\",\"potentialAction\":[{\"@type\":\"ReadAction\",\"target\":[\"https:\/\/www.eikholt.no\/innspill-til-gruppekurs\/\"]}]},{\"@type\":\"BreadcrumbList\",\"@id\":\"https:\/\/www.eikholt.no\/innspill-til-gruppekurs\/#breadcrumb\",\"itemListElement\":[{\"@type\":\"ListItem\",\"position\":1,\"name\":\"Forside\",\"item\":\"https:\/\/www.eikholt.no\/\"},{\"@type\":\"ListItem\",\"position\":2,\"name\":\"Innspill til gruppekurs\"}]},{\"@type\":\"WebSite\",\"@id\":\"https:\/\/www.eikholt.no\/#website\",\"url\":\"https:\/\/www.eikholt.no\/\",\"name\":\"Eikholt\",\"description\":\"\",\"publisher\":{\"@id\":\"https:\/\/www.eikholt.no\/#organization\"},\"potentialAction\":[{\"@type\":\"SearchAction\",\"target\":{\"@type\":\"EntryPoint\",\"urlTemplate\":\"https:\/\/www.eikholt.no\/?s={search_term_string}\"},\"query-input\":{\"@type\":\"PropertyValueSpecification\",\"valueRequired\":true,\"valueName\":\"search_term_string\"}}],\"inLanguage\":\"sv-SE\"},{\"@type\":\"Organization\",\"@id\":\"https:\/\/www.eikholt.no\/#organization\",\"name\":\"Eikholt\",\"url\":\"https:\/\/www.eikholt.no\/\",\"logo\":{\"@type\":\"ImageObject\",\"inLanguage\":\"sv-SE\",\"@id\":\"https:\/\/www.eikholt.no\/#\/schema\/logo\/image\/\",\"url\":\"https:\/\/www.eikholt.no\/app\/uploads\/2024\/04\/cropped-Logo-Eikholt-ny.jpg\",\"contentUrl\":\"https:\/\/www.eikholt.no\/app\/uploads\/2024\/04\/cropped-Logo-Eikholt-ny.jpg\",\"width\":419,\"height\":209,\"caption\":\"Eikholt\"},\"image\":{\"@id\":\"https:\/\/www.eikholt.no\/#\/schema\/logo\/image\/\"},\"sameAs\":[\"https:\/\/www.facebook.com\/eikholt.kompetansesenter\"]}]}<\/script>\n<!-- \/ Yoast SEO plugin. -->","yoast_head_json":{"title":"Inspel till gruppkurs - Eikholt %","description":"Vi vill utveckla gruppkurser som \u00e4r relevanta och anv\u00e4ndbara f\u00f6r personer med d\u00f6vblindhet, n\u00e4rst\u00e5ende och yrkesverksamma. H\u00e4r kan du ge f\u00f6rslag p\u00e5 teman och kurser:","robots":{"index":"index","follow":"follow","max-snippet":"max-snippet:-1","max-image-preview":"max-image-preview:large","max-video-preview":"max-video-preview:-1"},"canonical":"https:\/\/www.eikholt.no\/sv\/synpunkter-pa-gruppkurs\/","og_locale":"sv_SE","og_type":"article","og_title":"Innspill til gruppekurs - Eikholt %","og_description":"Vi \u00f8nsker \u00e5 utvikle gruppekurs som er relevante og nyttige for personer med d\u00f8vblindhet, n\u00e6rpersoner og fagpersoner. Her kan du komme med forslag til tema og kurs:","og_url":"https:\/\/www.eikholt.no\/sv\/synpunkter-pa-gruppkurs\/","og_site_name":"Eikholt","article_publisher":"https:\/\/www.facebook.com\/eikholt.kompetansesenter","article_modified_time":"2026-03-30T10:11:14+00:00","twitter_card":"summary_large_image","twitter_misc":{"Est. reading time":"1 minute"},"schema":{"@context":"https:\/\/schema.org","@graph":[{"@type":"WebPage","@id":"https:\/\/www.eikholt.no\/innspill-til-gruppekurs\/","url":"https:\/\/www.eikholt.no\/innspill-til-gruppekurs\/","name":"Inspel till gruppkurs - Eikholt %","isPartOf":{"@id":"https:\/\/www.eikholt.no\/#website"},"datePublished":"2026-02-26T11:38:18+00:00","dateModified":"2026-03-30T10:11:14+00:00","description":"Vi vill utveckla gruppkurser som \u00e4r relevanta och anv\u00e4ndbara f\u00f6r personer med d\u00f6vblindhet, n\u00e4rst\u00e5ende och yrkesverksamma. H\u00e4r kan du ge f\u00f6rslag p\u00e5 teman och kurser:","breadcrumb":{"@id":"https:\/\/www.eikholt.no\/innspill-til-gruppekurs\/#breadcrumb"},"inLanguage":"sv-SE","potentialAction":[{"@type":"ReadAction","target":["https:\/\/www.eikholt.no\/innspill-til-gruppekurs\/"]}]},{"@type":"BreadcrumbList","@id":"https:\/\/www.eikholt.no\/innspill-til-gruppekurs\/#breadcrumb","itemListElement":[{"@type":"ListItem","position":1,"name":"Forside","item":"https:\/\/www.eikholt.no\/"},{"@type":"ListItem","position":2,"name":"Innspill til gruppekurs"}]},{"@type":"WebSite","@id":"https:\/\/www.eikholt.no\/#website","url":"https:\/\/www.eikholt.no\/","name":"Eikholt","description":"","publisher":{"@id":"https:\/\/www.eikholt.no\/#organization"},"potentialAction":[{"@type":"SearchAction","target":{"@type":"EntryPoint","urlTemplate":"https:\/\/www.eikholt.no\/?s={search_term_string}"},"query-input":{"@type":"PropertyValueSpecification","valueRequired":true,"valueName":"search_term_string"}}],"inLanguage":"sv-SE"},{"@type":"Organization","@id":"https:\/\/www.eikholt.no\/#organization","name":"Eikholt","url":"https:\/\/www.eikholt.no\/","logo":{"@type":"ImageObject","inLanguage":"sv-SE","@id":"https:\/\/www.eikholt.no\/#\/schema\/logo\/image\/","url":"https:\/\/www.eikholt.no\/app\/uploads\/2024\/04\/cropped-Logo-Eikholt-ny.jpg","contentUrl":"https:\/\/www.eikholt.no\/app\/uploads\/2024\/04\/cropped-Logo-Eikholt-ny.jpg","width":419,"height":209,"caption":"Eikholt"},"image":{"@id":"https:\/\/www.eikholt.no\/#\/schema\/logo\/image\/"},"sameAs":["https:\/\/www.facebook.com\/eikholt.kompetansesenter"]}]}},"_links":{"self":[{"href":"https:\/\/www.eikholt.no\/sv\/wp-json\/wp\/v2\/pages\/5833","targetHints":{"allow":["GET"]}}],"collection":[{"href":"https:\/\/www.eikholt.no\/sv\/wp-json\/wp\/v2\/pages"}],"about":[{"href":"https:\/\/www.eikholt.no\/sv\/wp-json\/wp\/v2\/types\/page"}],"author":[{"embeddable":true,"href":"https:\/\/www.eikholt.no\/sv\/wp-json\/wp\/v2\/users\/1"}],"replies":[{"embeddable":true,"href":"https:\/\/www.eikholt.no\/sv\/wp-json\/wp\/v2\/comments?post=5833"}],"version-history":[{"count":4,"href":"https:\/\/www.eikholt.no\/sv\/wp-json\/wp\/v2\/pages\/5833\/revisions"}],"predecessor-version":[{"id":5979,"href":"https:\/\/www.eikholt.no\/sv\/wp-json\/wp\/v2\/pages\/5833\/revisions\/5979"}],"wp:attachment":[{"href":"https:\/\/www.eikholt.no\/sv\/wp-json\/wp\/v2\/media?parent=5833"}],"curies":[{"name":"wp","href":"https:\/\/api.w.org\/{rel}","templated":true}]}}