{"id":682,"date":"2023-06-21T10:02:33","date_gmt":"2023-06-21T10:02:33","guid":{"rendered":"https:\/\/www.eikholt.no\/?page_id=682"},"modified":"2025-06-25T12:15:10","modified_gmt":"2025-06-25T12:15:10","slug":"om-oss","status":"publish","type":"page","link":"https:\/\/www.eikholt.no\/sv\/om-oss\/","title":{"rendered":"Om oss"},"content":{"rendered":"<div class=\"wp-block-sail-video-modal\"><button class=\"--modal-button\"><img decoding=\"async\" src=\"\/app\/teman\/eikholt\/public\/images\/wave.338e86.svg\" alt=\"finial-ikon\"\/>Video med teckenspr\u00e5k<\/button><div class=\"--modal --hidden\" role=\"dialog\" aria-label=\"dialog\" aria-modal=\"true\"><div class=\"--modal-content\"><video id=\"modalVideo\" controls src=\"https:\/\/www.eikholt.no\/app\/uploads\/2023\/06\/Om_oss_optimalisert-2.mp4\"><\/video><button class=\"--close-modal-button\" aria-label=\"st\u00e4ngd\"><img decoding=\"async\" src=\"\/app\/teman\/eikholt\/public\/images\/close.dbfa19.svg\" alt=\"st\u00e4ngningsikon\"\/><\/button><\/div><\/div><\/div>\n\n\n\n<p>Vi har l\u00e5ng erfarenhet av att arbeta med personer med kombinerad syn- och h\u00f6rselneds\u00e4ttning, och vi vet att detta kan inneb\u00e4ra stora utmaningar f\u00f6r anv\u00e4ndarna. D\u00e4rf\u00f6r har vi ett n\u00e4ra samarbete med anv\u00e4ndarna och deras v\u00e5rdgivare f\u00f6r att g\u00f6ra vardagen med kombinerad syn- och h\u00f6rselneds\u00e4ttning s\u00e5 bekv\u00e4m som m\u00f6jligt.&nbsp;<\/p>\n\n\n\n<p>P\u00e5 Eikholt tror vi p\u00e5 att se m\u00f6jligheter snarare \u00e4n begr\u00e4nsningar. Vi vill att v\u00e5ra g\u00e4ster ska k\u00e4nna sig hemma och inkluderade i en milj\u00f6 som \u00e4r inriktad p\u00e5 att st\u00e4rka dem och deras f\u00f6rm\u00e5ga att leva ett meningsfullt och sj\u00e4lvst\u00e4ndigt liv.<\/p>\n\n\n\n<p>Vi erbjuder ett brett utbud av tj\u00e4nster, bland annat habilitering, rehabilitering, r\u00e5dgivning, kurser och utbildning. V\u00e5rt m\u00e5l \u00e4r att ge alla v\u00e5ra g\u00e4ster en trygg och omt\u00e4nksam atmosf\u00e4r som hj\u00e4lper dem att utvecklas och f\u00f6rb\u00e4ttra sin livskvalitet.&nbsp;<\/p>\n\n\n\n<p>F\u00f6rutom att vara ett resurscenter f\u00f6r anv\u00e4ndare \u00e4r Eikholt ett kompetenscenter med bred kunskap om syn- och h\u00f6rselneds\u00e4ttning\/d\u00f6vblindhet. Vi arbetar kontinuerligt med kompetensutveckling, forskning och spridning. P\u00e5 Eikholt ser vi potentialen i varje individ och vi delar med oss och utvecklar ny kunskap och utforskar nya m\u00f6jligheter.<br><br>V\u00e5ra kurser och tj\u00e4nster \u00e4r kostnadsfria f\u00f6r anv\u00e4ndare och deras v\u00e5rdare. NAV t\u00e4cker ocks\u00e5 resekostnader och kostnaden f\u00f6r en f\u00f6ljeslagare vid behov.&nbsp;<\/p>\n\n\n\n<p>Vi ger g\u00e4rna r\u00e5d, v\u00e4gledning, undervisning och f\u00f6rel\u00e4sningar till yrkesmilj\u00f6er och yrkesutbildningar i hela landet.&nbsp;<\/p>\n\n\n\n<p>Kontakta oss idag f\u00f6r att se vad vi kan g\u00f6ra f\u00f6r dig.<\/p>\n\n\n\n<p><\/p>","protected":false},"excerpt":{"rendered":"<p>Vi har l\u00e5ng erfarenhet av att arbeta med kombinerad syn- och h\u00f6rselneds\u00e4ttning, och vi vet att det kan inneb\u00e4ra stora utmaningar f\u00f6r anv\u00e4ndarna. D\u00e4rf\u00f6r har vi ett n\u00e4ra samarbete med anv\u00e4ndarna och deras v\u00e5rdgivare f\u00f6r att g\u00f6ra vardagen med kombinerad syn- och h\u00f6rselneds\u00e4ttning s\u00e5 bekv\u00e4m som m\u00f6jligt.  P\u00e5 Eikholt tror vi p\u00e5 att se m\u00f6jligheter snarare \u00e4n<\/p>","protected":false},"author":1,"featured_media":0,"parent":0,"menu_order":0,"comment_status":"closed","ping_status":"closed","template":"templates\/about-us.blade.php","meta":{"_acf_changed":false,"inline_featured_image":false,"ep_exclude_from_search":false,"footnotes":""},"class_list":["post-682","page","type-page","status-publish","hentry"],"acf":[],"yoast_head":"<!-- This site is optimized with the Yoast SEO plugin v25.8 - https:\/\/yoast.com\/wordpress\/plugins\/seo\/ -->\n<title>Om oss - Eikholt<\/title>\n<meta name=\"description\" content=\"Eikholt er et nasjonalt ressurssenter for personer med kombinert syns- og h\u00f8rselsnedsettelse\/d\u00f8vblindhet, og inng\u00e5r i Nasjonal kompetansetjeneste for d\u00f8vblinde.\" \/>\n<meta name=\"robots\" content=\"index, follow, max-snippet:-1, max-image-preview:large, max-video-preview:-1\" \/>\n<link rel=\"canonical\" href=\"https:\/\/www.eikholt.no\/sv\/om-oss\/\" \/>\n<meta property=\"og:locale\" content=\"sv_SE\" \/>\n<meta property=\"og:type\" content=\"article\" \/>\n<meta property=\"og:title\" content=\"Om oss - Eikholt\" \/>\n<meta property=\"og:description\" content=\"Eikholt er et nasjonalt ressurssenter for personer med kombinert syns- og h\u00f8rselsnedsettelse\/d\u00f8vblindhet, og inng\u00e5r i Nasjonal kompetansetjeneste for d\u00f8vblinde.\" \/>\n<meta property=\"og:url\" content=\"https:\/\/www.eikholt.no\/sv\/om-oss\/\" \/>\n<meta property=\"og:site_name\" content=\"Eikholt\" \/>\n<meta property=\"article:publisher\" content=\"https:\/\/www.facebook.com\/eikholt.kompetansesenter\" \/>\n<meta property=\"article:modified_time\" content=\"2025-06-25T12:15:10+00:00\" \/>\n<meta name=\"twitter:card\" content=\"summary_large_image\" \/>\n<meta name=\"twitter:label1\" content=\"Est. reading time\" \/>\n\t<meta name=\"twitter:data1\" content=\"2 minutes\" \/>\n<script type=\"application\/ld+json\" class=\"yoast-schema-graph\">{\"@context\":\"https:\/\/schema.org\",\"@graph\":[{\"@type\":\"WebPage\",\"@id\":\"https:\/\/www.eikholt.no\/om-oss\/\",\"url\":\"https:\/\/www.eikholt.no\/om-oss\/\",\"name\":\"Om oss - Eikholt\",\"isPartOf\":{\"@id\":\"https:\/\/www.eikholt.no\/#website\"},\"datePublished\":\"2023-06-21T10:02:33+00:00\",\"dateModified\":\"2025-06-25T12:15:10+00:00\",\"description\":\"Eikholt er et nasjonalt ressurssenter for personer med kombinert syns- og h\u00f8rselsnedsettelse\/d\u00f8vblindhet, og inng\u00e5r i Nasjonal kompetansetjeneste for d\u00f8vblinde.\",\"breadcrumb\":{\"@id\":\"https:\/\/www.eikholt.no\/om-oss\/#breadcrumb\"},\"inLanguage\":\"sv-SE\",\"potentialAction\":[{\"@type\":\"ReadAction\",\"target\":[\"https:\/\/www.eikholt.no\/om-oss\/\"]}]},{\"@type\":\"BreadcrumbList\",\"@id\":\"https:\/\/www.eikholt.no\/om-oss\/#breadcrumb\",\"itemListElement\":[{\"@type\":\"ListItem\",\"position\":1,\"name\":\"Forside\",\"item\":\"https:\/\/www.eikholt.no\/\"},{\"@type\":\"ListItem\",\"position\":2,\"name\":\"Om oss\"}]},{\"@type\":\"WebSite\",\"@id\":\"https:\/\/www.eikholt.no\/#website\",\"url\":\"https:\/\/www.eikholt.no\/\",\"name\":\"Eikholt\",\"description\":\"\",\"publisher\":{\"@id\":\"https:\/\/www.eikholt.no\/#organization\"},\"potentialAction\":[{\"@type\":\"SearchAction\",\"target\":{\"@type\":\"EntryPoint\",\"urlTemplate\":\"https:\/\/www.eikholt.no\/?s={search_term_string}\"},\"query-input\":{\"@type\":\"PropertyValueSpecification\",\"valueRequired\":true,\"valueName\":\"search_term_string\"}}],\"inLanguage\":\"sv-SE\"},{\"@type\":\"Organization\",\"@id\":\"https:\/\/www.eikholt.no\/#organization\",\"name\":\"Eikholt\",\"url\":\"https:\/\/www.eikholt.no\/\",\"logo\":{\"@type\":\"ImageObject\",\"inLanguage\":\"sv-SE\",\"@id\":\"https:\/\/www.eikholt.no\/#\/schema\/logo\/image\/\",\"url\":\"https:\/\/www.eikholt.no\/app\/uploads\/2024\/04\/cropped-Logo-Eikholt-ny.jpg\",\"contentUrl\":\"https:\/\/www.eikholt.no\/app\/uploads\/2024\/04\/cropped-Logo-Eikholt-ny.jpg\",\"width\":419,\"height\":209,\"caption\":\"Eikholt\"},\"image\":{\"@id\":\"https:\/\/www.eikholt.no\/#\/schema\/logo\/image\/\"},\"sameAs\":[\"https:\/\/www.facebook.com\/eikholt.kompetansesenter\"]}]}<\/script>\n<!-- \/ Yoast SEO plugin. -->","yoast_head_json":{"title":"Om oss - Eikholt","description":"Eikholt \u00e4r ett nationellt resurscenter f\u00f6r personer med kombinerad syn- och h\u00f6rselneds\u00e4ttning\/d\u00f6vblindhet och \u00e4r en del av den norska nationella r\u00e5dgivningsenheten f\u00f6r d\u00f6vblindhet.","robots":{"index":"index","follow":"follow","max-snippet":"max-snippet:-1","max-image-preview":"max-image-preview:large","max-video-preview":"max-video-preview:-1"},"canonical":"https:\/\/www.eikholt.no\/sv\/om-oss\/","og_locale":"sv_SE","og_type":"article","og_title":"Om oss - Eikholt","og_description":"Eikholt er et nasjonalt ressurssenter for personer med kombinert syns- og h\u00f8rselsnedsettelse\/d\u00f8vblindhet, og inng\u00e5r i Nasjonal kompetansetjeneste for d\u00f8vblinde.","og_url":"https:\/\/www.eikholt.no\/sv\/om-oss\/","og_site_name":"Eikholt","article_publisher":"https:\/\/www.facebook.com\/eikholt.kompetansesenter","article_modified_time":"2025-06-25T12:15:10+00:00","twitter_card":"summary_large_image","twitter_misc":{"Est. reading time":"2 minutes"},"schema":{"@context":"https:\/\/schema.org","@graph":[{"@type":"WebPage","@id":"https:\/\/www.eikholt.no\/om-oss\/","url":"https:\/\/www.eikholt.no\/om-oss\/","name":"Om oss - Eikholt","isPartOf":{"@id":"https:\/\/www.eikholt.no\/#website"},"datePublished":"2023-06-21T10:02:33+00:00","dateModified":"2025-06-25T12:15:10+00:00","description":"Eikholt \u00e4r ett nationellt resurscenter f\u00f6r personer med kombinerad syn- och h\u00f6rselneds\u00e4ttning\/d\u00f6vblindhet och \u00e4r en del av den norska nationella r\u00e5dgivningsenheten f\u00f6r d\u00f6vblindhet.","breadcrumb":{"@id":"https:\/\/www.eikholt.no\/om-oss\/#breadcrumb"},"inLanguage":"sv-SE","potentialAction":[{"@type":"ReadAction","target":["https:\/\/www.eikholt.no\/om-oss\/"]}]},{"@type":"BreadcrumbList","@id":"https:\/\/www.eikholt.no\/om-oss\/#breadcrumb","itemListElement":[{"@type":"ListItem","position":1,"name":"Forside","item":"https:\/\/www.eikholt.no\/"},{"@type":"ListItem","position":2,"name":"Om oss"}]},{"@type":"WebSite","@id":"https:\/\/www.eikholt.no\/#website","url":"https:\/\/www.eikholt.no\/","name":"Eikholt","description":"","publisher":{"@id":"https:\/\/www.eikholt.no\/#organization"},"potentialAction":[{"@type":"SearchAction","target":{"@type":"EntryPoint","urlTemplate":"https:\/\/www.eikholt.no\/?s={search_term_string}"},"query-input":{"@type":"PropertyValueSpecification","valueRequired":true,"valueName":"search_term_string"}}],"inLanguage":"sv-SE"},{"@type":"Organization","@id":"https:\/\/www.eikholt.no\/#organization","name":"Eikholt","url":"https:\/\/www.eikholt.no\/","logo":{"@type":"ImageObject","inLanguage":"sv-SE","@id":"https:\/\/www.eikholt.no\/#\/schema\/logo\/image\/","url":"https:\/\/www.eikholt.no\/app\/uploads\/2024\/04\/cropped-Logo-Eikholt-ny.jpg","contentUrl":"https:\/\/www.eikholt.no\/app\/uploads\/2024\/04\/cropped-Logo-Eikholt-ny.jpg","width":419,"height":209,"caption":"Eikholt"},"image":{"@id":"https:\/\/www.eikholt.no\/#\/schema\/logo\/image\/"},"sameAs":["https:\/\/www.facebook.com\/eikholt.kompetansesenter"]}]}},"_links":{"self":[{"href":"https:\/\/www.eikholt.no\/sv\/wp-json\/wp\/v2\/pages\/682","targetHints":{"allow":["GET"]}}],"collection":[{"href":"https:\/\/www.eikholt.no\/sv\/wp-json\/wp\/v2\/pages"}],"about":[{"href":"https:\/\/www.eikholt.no\/sv\/wp-json\/wp\/v2\/types\/page"}],"author":[{"embeddable":true,"href":"https:\/\/www.eikholt.no\/sv\/wp-json\/wp\/v2\/users\/1"}],"replies":[{"embeddable":true,"href":"https:\/\/www.eikholt.no\/sv\/wp-json\/wp\/v2\/comments?post=682"}],"version-history":[{"count":21,"href":"https:\/\/www.eikholt.no\/sv\/wp-json\/wp\/v2\/pages\/682\/revisions"}],"predecessor-version":[{"id":4825,"href":"https:\/\/www.eikholt.no\/sv\/wp-json\/wp\/v2\/pages\/682\/revisions\/4825"}],"wp:attachment":[{"href":"https:\/\/www.eikholt.no\/sv\/wp-json\/wp\/v2\/media?parent=682"}],"curies":[{"name":"wp","href":"https:\/\/api.w.org\/{rel}","templated":true}]}}